
{"id":38571,"date":"2020-08-08T12:32:06","date_gmt":"2020-08-08T10:32:06","guid":{"rendered":"https:\/\/tierpark-bern.ch\/baerenpark\/"},"modified":"2026-03-16T13:12:01","modified_gmt":"2026-03-16T12:12:01","slug":"bearpark","status":"publish","type":"page","link":"https:\/\/tierpark-bern.ch\/en\/bearpark\/","title":{"rendered":"BearPark"},"content":{"rendered":"<div class=\"wpb-content-wrapper\"><p>[vc_row][vc_column][vc_column_text css=&#8221;&#8221;]<\/p>\n<h1>BearPark<\/h1>\n<p>The Bernese bears are at home in the BearPark in the middle of the city. The &#8220;Mutzen&#8221; live exclusively in the park on the slopes of the River Aare, with a view of Bern&#8217;s UNESCO-listed Old Town. The 5,000 square metre area stretches from the former bear pit down to the banks of the Aare and can be experienced without any obstacles. This is because the &#8220;B\u00e4reB\u00e4hnli&#8221; creates a fast wheelchair-friendly connection between the banks of the Aare and the upper part of the park. The panoramic inclined lift can be used free of charge. It&#8217;s a unique experience to glide through the park past the bears&#8217; noses!<\/p>\n<h2 data-prosemirror-content-type=\"node\" data-prosemirror-node-name=\"paragraph\" data-prosemirror-node-block=\"true\" data-pm-slice=\"1 1 []\"><strong data-prosemirror-content-type=\"mark\" data-prosemirror-mark-name=\"strong\">The bears scent the spring breeze<\/strong><\/h2>\n<p data-prosemirror-content-type=\"node\" data-prosemirror-node-name=\"paragraph\" data-prosemirror-node-block=\"true\">With longer days the hibernation of the bears in the BearPark is coming to an end. Bj\u00f6rk, Finn and Ursina are beginning to appear outside their winter den nearly daily.<\/p>\n<p data-prosemirror-content-type=\"node\" data-prosemirror-node-name=\"paragraph\" data-prosemirror-node-block=\"true\">They explore the area, eat some grass and sniff at each other or are playing together. Their appetite is still small, and they still live on their reserves of last autumn.<\/p>\n<p>[\/vc_column_text][\/vc_column][\/vc_row][vc_row css=&#8221;.vc_custom_1633095162534{margin-right: 0px !important;margin-left: 0px !important;padding-top: 35px !important;padding-right: 30px !important;padding-bottom: 35px !important;padding-left: 30px !important;background-color: #e5efee !important;}&#8221; el_class=&#8221;baerenpark-main-section&#8221;][vc_column css=&#8221;.vc_custom_1633523136983{padding-top: 0px !important;}&#8221; el_class=&#8221;zoo-wrapper&#8221;][vc_row_inner equal_height=&#8221;yes&#8221; gap=&#8221;30&#8243;][vc_column_inner width=&#8221;1\/3&#8243; css=&#8221;.vc_custom_1629893838254{padding-top: 0px !important;padding-right: 0px !important;padding-bottom: 0px !important;padding-left: 0px !important;background-color: #41572b !important;}&#8221;][vc_single_image image=&#8221;22312&#8243; img_size=&#8221;540 x 320&#8243; alignment=&#8221;center&#8221; onclick=&#8221;custom_link&#8221; link=&#8221;https:\/\/tierpark-bern.ch\/en\/bearpark\/opening-hours\/&#8221;][vc_column_text css=&#8221;.vc_custom_1677862140851{padding-right: 30px !important;padding-left: 30px !important;}&#8221;]<\/p>\n<div class=\"zoo-news-section\">\n<h2>Opening hours<\/h2>\n<ul class=\"list-group list-group-flush mb-3\">\n<li class=\"list-group-item\">Open 365 days a year around the clock<\/li>\n<\/ul>\n<p class=\"mb-0\">Presence time of the animal keepers: Every day from 08.00 to 17.00 hours<\/p>\n<\/div>\n<p>[\/vc_column_text][vc_btn title=&#8221;To the opening hours&#8221; style=&#8221;flat&#8221; shape=&#8221;square&#8221; color=&#8221;white&#8221; size=&#8221;lg&#8221; i_align=&#8221;right&#8221; i_icon_fontawesome=&#8221;fas fa-arrow-right&#8221; css=&#8221;.vc_custom_1678101295801{padding-right: 30px !important;padding-left: 30px !important;}&#8221; add_icon=&#8221;true&#8221; link=&#8221;url:https%3A%2F%2Ftierpark-bern.ch%2Fen%2Fbearpark%2Fopening-hours%2F&#8221; el_class=&#8221;btn-zoo-barenpark&#8221;][\/vc_column_inner][vc_column_inner width=&#8221;1\/3&#8243; css=&#8221;.vc_custom_1629893850947{padding-top: 0px !important;padding-right: 0px !important;padding-bottom: 0px !important;padding-left: 0px !important;background-color: #41572b !important;}&#8221;][vc_single_image image=&#8221;22321&#8243; img_size=&#8221;540 x 320&#8243; alignment=&#8221;center&#8221; onclick=&#8221;custom_link&#8221; link=&#8221;https:\/\/tierpark-bern.ch\/en\/bearpark\/getting-here\/&#8221;][vc_column_text css=&#8221;.vc_custom_1676039674390{padding-right: 30px !important;padding-left: 30px !important;}&#8221;]<\/p>\n<div class=\"zoo-news-section\">\n<h2>Getting here<\/h2>\n<p>Public transport: From Bern railway station, take bus no. 12 in the direction of Zentrum Paul Klee and get off at the BearPark stop.<\/p>\n<p>Address: Grosser Muristalden 4, 3006 Bern<\/p>\n<\/div>\n<p>[\/vc_column_text][vc_btn title=&#8221;Plan your journey&#8221; style=&#8221;flat&#8221; shape=&#8221;square&#8221; color=&#8221;white&#8221; size=&#8221;lg&#8221; i_align=&#8221;right&#8221; i_icon_fontawesome=&#8221;fas fa-arrow-right&#8221; css=&#8221;.vc_custom_1675968476837{padding-right: 30px !important;padding-left: 30px !important;}&#8221; add_icon=&#8221;true&#8221; link=&#8221;url:https%3A%2F%2Ftierpark-bern.ch%2Fen%2Fbearpark%2Fgetting-here%2F&#8221; el_class=&#8221;btn-zoo-barenpark&#8221;][\/vc_column_inner][vc_column_inner width=&#8221;1\/3&#8243; css=&#8221;.vc_custom_1629982924775{padding-top: 0px !important;padding-right: 0px !important;padding-bottom: 0px !important;padding-left: 0px !important;background-color: #41572b !important;}&#8221;][vc_single_image image=&#8221;22340&#8243; img_size=&#8221;540 x 320&#8243; alignment=&#8221;center&#8221; onclick=&#8221;custom_link&#8221; link=&#8221;https:\/\/tierpark-bern.ch\/en\/zoo-experiences\/&#8221;][vc_column_text css=&#8221;.vc_custom_1675765426131{padding-right: 30px !important;padding-left: 30px !important;}&#8221;]<\/p>\n<div class=\"zoo-news-section\">\n<h2>Experiences in the BearPark<\/h2>\n<p>Make your visit to the BearPark something very special! Our diverse range of activities offers lots of animal fun for young and old.<\/p>\n<\/div>\n<p>[\/vc_column_text][vc_btn title=&#8221;To the experiences&#8221; style=&#8221;flat&#8221; shape=&#8221;square&#8221; color=&#8221;white&#8221; size=&#8221;lg&#8221; i_align=&#8221;right&#8221; i_icon_fontawesome=&#8221;fas fa-arrow-right&#8221; css=&#8221;.vc_custom_1675968494765{padding-right: 30px !important;padding-left: 30px !important;}&#8221; add_icon=&#8221;true&#8221; link=&#8221;url:https%3A%2F%2Ftierpark-bern.ch%2Fen%2Fzoo-experiences%2F&#8221; el_class=&#8221;btn-zoo-barenpark&#8221;][\/vc_column_inner][\/vc_row_inner][vc_row_inner equal_height=&#8221;yes&#8221; gap=&#8221;30&#8243;][vc_column_inner width=&#8221;1\/3&#8243; css=&#8221;.vc_custom_1629893838254{padding-top: 0px !important;padding-right: 0px !important;padding-bottom: 0px !important;padding-left: 0px !important;background-color: #41572b !important;}&#8221;][vc_single_image image=&#8221;22219&#8243; img_size=&#8221;540 x 320&#8243; alignment=&#8221;center&#8221; onclick=&#8221;custom_link&#8221; link=&#8221;https:\/\/tierpark-bern.ch\/en\/events\/&#8221;][vc_column_text css=&#8221;.vc_custom_1675765861249{padding-right: 30px !important;padding-left: 30px !important;}&#8221;]<\/p>\n<div class=\"zoo-news-section\">\n<h2>Events<\/h2>\n<p>There is always something going on at the zoo. Here we inform you about upcoming public events.<\/p>\n<\/div>\n<p>[\/vc_column_text][vc_btn title=&#8221;To the events&#8221; style=&#8221;flat&#8221; shape=&#8221;square&#8221; color=&#8221;white&#8221; size=&#8221;lg&#8221; i_align=&#8221;right&#8221; i_icon_fontawesome=&#8221;fas fa-arrow-right&#8221; css=&#8221;.vc_custom_1675968530407{padding-right: 30px !important;padding-left: 30px !important;}&#8221; add_icon=&#8221;true&#8221; link=&#8221;url:https%3A%2F%2Ftierpark-bern.ch%2Fen%2Fevents%2F&#8221; el_class=&#8221;btn-zoo-barenpark&#8221;][\/vc_column_inner][vc_column_inner width=&#8221;1\/3&#8243; css=&#8221;.vc_custom_1629893850947{padding-top: 0px !important;padding-right: 0px !important;padding-bottom: 0px !important;padding-left: 0px !important;background-color: #41572b !important;}&#8221;][vc_single_image image=&#8221;43501&#8243; img_size=&#8221;540 x 320&#8243; alignment=&#8221;center&#8221; onclick=&#8221;custom_link&#8221; link=&#8221;https:\/\/tierpark-bern.ch\/en\/faq\/#baerenpark&#8221;][vc_column_text css=&#8221;.vc_custom_1675765890788{padding-right: 30px !important;padding-left: 30px !important;}&#8221;]<\/p>\n<div class=\"zoo-news-section\">\n<h2>FAQ<\/h2>\n<p>Here you will find questions and answers about your visit to the BearPark Bern. Get an overview!<\/p>\n<\/div>\n<p>[\/vc_column_text][vc_btn title=&#8221;To the questions and answers&#8221; style=&#8221;flat&#8221; shape=&#8221;square&#8221; color=&#8221;white&#8221; size=&#8221;lg&#8221; i_align=&#8221;right&#8221; i_icon_fontawesome=&#8221;fas fa-arrow-right&#8221; css=&#8221;.vc_custom_1675765952051{padding-right: 30px !important;padding-left: 30px !important;}&#8221; add_icon=&#8221;true&#8221; link=&#8221;url:https%3A%2F%2Ftierpark-bern.ch%2Fen%2Ffaq%2F%23baerenpark&#8221; el_class=&#8221;btn-zoo-barenpark&#8221;][\/vc_column_inner][vc_column_inner width=&#8221;1\/3&#8243; css=&#8221;.vc_custom_1629982924775{padding-top: 0px !important;padding-right: 0px !important;padding-bottom: 0px !important;padding-left: 0px !important;background-color: #41572b !important;}&#8221;][vc_single_image image=&#8221;22081&#8243; img_size=&#8221;540 x 320&#8243; alignment=&#8221;center&#8221; onclick=&#8221;custom_link&#8221; link=&#8221;https:\/\/tierpark-bern.ch\/en\/bearpark\/accessibility-bearpark\/&#8221;][vc_column_text css=&#8221;.vc_custom_1675765988474{padding-right: 30px !important;padding-left: 30px !important;}&#8221;]<\/p>\n<div class=\"zoo-news-section\">\n<h2>Accessibility<\/h2>\n<p>The &#8220;B\u00e4reB\u00e4hnli&#8221; provides obstacle-free access to the Aare at the BearPark. It connects the upper viewing platform with the lower Aare promenade.<\/p>\n<\/div>\n<p>[\/vc_column_text][vc_btn title=&#8221;Accessibility&#8221; style=&#8221;flat&#8221; shape=&#8221;square&#8221; color=&#8221;white&#8221; size=&#8221;lg&#8221; i_align=&#8221;right&#8221; i_icon_fontawesome=&#8221;fas fa-arrow-right&#8221; css=&#8221;.vc_custom_1675968546957{padding-right: 30px !important;padding-left: 30px !important;}&#8221; add_icon=&#8221;true&#8221; link=&#8221;url:https%3A%2F%2Ftierpark-bern.ch%2Fen%2Fbearpark%2Faccessibility-bearpark%2F&#8221; el_class=&#8221;btn-zoo-barenpark&#8221;][\/vc_column_inner][\/vc_row_inner][vc_row_inner equal_height=&#8221;yes&#8221; gap=&#8221;30&#8243;][vc_column_inner width=&#8221;1\/3&#8243; css=&#8221;.vc_custom_1629893838254{padding-top: 0px !important;padding-right: 0px !important;padding-bottom: 0px !important;padding-left: 0px !important;background-color: #41572b !important;}&#8221;][vc_single_image image=&#8221;22369&#8243; img_size=&#8221;540 x 320&#8243; alignment=&#8221;center&#8221; onclick=&#8221;custom_link&#8221; link=&#8221;https:\/\/tierpark-bern.ch\/en\/bearpark\/bern-and-bears\/&#8221;][vc_column_text css=&#8221;.vc_custom_1675766055665{padding-right: 30px !important;padding-left: 30px !important;}&#8221;]<\/p>\n<div class=\"zoo-news-section\">\n<h2>Bern and bears<\/h2>\n<p>The city of Bern has been closely associated with the bear since its foundation. Even today, the bear is present on flags, fountains and buildings.<\/p>\n<\/div>\n<p>[\/vc_column_text][vc_btn title=&#8221;To the tradition of the bears&#8221; style=&#8221;flat&#8221; shape=&#8221;square&#8221; color=&#8221;white&#8221; size=&#8221;lg&#8221; i_align=&#8221;right&#8221; i_icon_fontawesome=&#8221;fas fa-arrow-right&#8221; css=&#8221;.vc_custom_1675968652382{padding-right: 30px !important;padding-left: 30px !important;}&#8221; add_icon=&#8221;true&#8221; link=&#8221;url:https%3A%2F%2Ftierpark-bern.ch%2Fen%2Fbearpark%2Fbern-and-bears%2F&#8221; el_class=&#8221;btn-zoo-barenpark&#8221;][\/vc_column_inner][vc_column_inner width=&#8221;1\/3&#8243; css=&#8221;.vc_custom_1629893850947{padding-top: 0px !important;padding-right: 0px !important;padding-bottom: 0px !important;padding-left: 0px !important;background-color: #41572b !important;}&#8221;][vc_single_image image=&#8221;22198&#8243; img_size=&#8221;540 x 320&#8243; alignment=&#8221;center&#8221; onclick=&#8221;custom_link&#8221; link=&#8221;https:\/\/tierpark-bern.ch\/en\/bearpark\/bears\/&#8221;][vc_column_text css=&#8221;.vc_custom_1675766189125{padding-right: 30px !important;padding-left: 30px !important;}&#8221;]<\/p>\n<div class=\"zoo-news-section\">\n<h2>Our bears<\/h2>\n<p>Learn interesting facts about the biology of Europe&#8217;s largest carnivore and get to know the inhabitants of the BearPark.<\/p>\n<\/div>\n<p>[\/vc_column_text][vc_btn title=&#8221;More about our bears&#8221; style=&#8221;flat&#8221; shape=&#8221;square&#8221; color=&#8221;white&#8221; size=&#8221;lg&#8221; i_align=&#8221;right&#8221; i_icon_fontawesome=&#8221;fas fa-arrow-right&#8221; css=&#8221;.vc_custom_1675968617196{padding-right: 30px !important;padding-left: 30px !important;}&#8221; add_icon=&#8221;true&#8221; link=&#8221;url:https%3A%2F%2Ftierpark-bern.ch%2Fen%2Fbearpark%2Fbears%2F&#8221; el_class=&#8221;btn-zoo-barenpark&#8221;][\/vc_column_inner][vc_column_inner width=&#8221;1\/3&#8243; css=&#8221;.vc_custom_1629982924775{padding-top: 0px !important;padding-right: 0px !important;padding-bottom: 0px !important;padding-left: 0px !important;background-color: #41572b !important;}&#8221;][vc_single_image image=&#8221;10710&#8243; img_size=&#8221;540 x 320&#8243; alignment=&#8221;center&#8221; onclick=&#8221;custom_link&#8221; link=&#8221;https:\/\/tierpark-bern.ch\/en\/bearpark\/restaurants\/&#8221;][vc_column_text css=&#8221;.vc_custom_1675968579431{padding-right: 30px !important;padding-left: 30px !important;}&#8221;]<\/p>\n<div class=\"zoo-news-section\">\n<h2>Restaurants<\/h2>\n<p>Those who make a trip to the BearPark can look forward to many delicacies. There are several restaurants in the immediate vicinity of the BearPark.<\/p>\n<\/div>\n<p>[\/vc_column_text][vc_btn title=&#8221;More about the restaurants&#8221; style=&#8221;flat&#8221; shape=&#8221;square&#8221; color=&#8221;white&#8221; size=&#8221;lg&#8221; i_align=&#8221;right&#8221; i_icon_fontawesome=&#8221;fas fa-arrow-right&#8221; css=&#8221;.vc_custom_1675968568275{padding-right: 30px !important;padding-left: 30px !important;}&#8221; add_icon=&#8221;true&#8221; link=&#8221;url:https%3A%2F%2Ftierpark-bern.ch%2Fen%2Fbearpark%2Frestaurants%2F&#8221; el_class=&#8221;btn-zoo-barenpark&#8221;][\/vc_column_inner][\/vc_row_inner][\/vc_column][\/vc_row][vc_row][vc_column][vc_column_text css=&#8221;.vc_custom_1675766299092{margin-bottom: 0px !important;padding-top: 35px !important;}&#8221;]<\/p>\n<p style=\"text-align: center;\"><a class=\"button button--tierpark\" href=\"https:\/\/tierpark-bern.ch\/en\/visiting-the-zoo\/\">To the D\u00e4hlh\u00f6lzli Zoo<\/a><\/p>\n<p>[\/vc_column_text][\/vc_column][\/vc_row]<\/p>\n<\/div>","protected":false},"excerpt":{"rendered":"<p>The Bern BearPark is a unique recreation area at the lower end of the old town of Bern.<\/p>\n","protected":false},"author":10,"featured_media":43501,"parent":0,"menu_order":0,"comment_status":"closed","ping_status":"closed","template":"","meta":{"_acf_changed":false,"footnotes":""},"class_list":["post-38571","page","type-page","status-publish","has-post-thumbnail","hentry"],"acf":[],"yoast_head":"<title>BearPark | Tierpark Bern<\/title>\n<meta name=\"description\" content=\"The home of the Bernese bears is the city\u2019s Bern Animal Park, BearPark. A unique recreation area at the lower end of the old town of Bern.\" \/>\n<meta name=\"robots\" content=\"index, follow, max-snippet:-1, max-image-preview:large, max-video-preview:-1\" \/>\n<link rel=\"canonical\" href=\"https:\/\/tierpark-bern.ch\/en\/bearpark\/\" \/>\n<meta property=\"og:locale\" content=\"en_US\" \/>\n<meta property=\"og:type\" content=\"article\" \/>\n<meta property=\"og:title\" content=\"BearPark | Tierpark Bern\" \/>\n<meta property=\"og:description\" content=\"The home of the Bernese bears is the city\u2019s Bern Animal Park, BearPark. A unique recreation area at the lower end of the old town of Bern.\" \/>\n<meta property=\"og:url\" content=\"https:\/\/tierpark-bern.ch\/en\/bearpark\/\" \/>\n<meta property=\"og:site_name\" content=\"Tierpark Bern\" \/>\n<meta property=\"article:publisher\" content=\"https:\/\/www.facebook.com\/tierparkbern\/\" \/>\n<meta property=\"article:modified_time\" content=\"2026-03-16T12:12:01+00:00\" \/>\n<meta property=\"og:image\" content=\"https:\/\/tierpark-bern.ch\/web\/app\/uploads\/2020\/07\/bjoerk-baerenpark-56-bern-schweiz.jpg\" \/>\n\t<meta property=\"og:image:width\" content=\"1500\" \/>\n\t<meta property=\"og:image:height\" content=\"998\" \/>\n\t<meta property=\"og:image:type\" content=\"image\/jpeg\" \/>\n<script type=\"application\/ld+json\" class=\"yoast-schema-graph\">{\"@context\":\"https:\/\/schema.org\",\"@graph\":[{\"@type\":\"WebPage\",\"@id\":\"https:\/\/tierpark-bern.ch\/en\/bearpark\/\",\"url\":\"https:\/\/tierpark-bern.ch\/en\/bearpark\/\",\"name\":\"BearPark | Tierpark Bern\",\"isPartOf\":{\"@id\":\"https:\/\/tierpark-bern.ch\/en\/#website\"},\"primaryImageOfPage\":{\"@id\":\"https:\/\/tierpark-bern.ch\/en\/bearpark\/#primaryimage\"},\"image\":{\"@id\":\"https:\/\/tierpark-bern.ch\/en\/bearpark\/#primaryimage\"},\"thumbnailUrl\":\"https:\/\/tierpark-bern.ch\/web\/app\/uploads\/2020\/07\/bjoerk-baerenpark-56-bern-schweiz.jpg\",\"datePublished\":\"2020-08-08T10:32:06+00:00\",\"dateModified\":\"2026-03-16T12:12:01+00:00\",\"description\":\"The home of the Bernese bears is the city\u2019s Bern Animal Park, BearPark. A unique recreation area at the lower end of the old town of Bern.\",\"breadcrumb\":{\"@id\":\"https:\/\/tierpark-bern.ch\/en\/bearpark\/#breadcrumb\"},\"inLanguage\":\"en-US\",\"potentialAction\":[{\"@type\":\"ReadAction\",\"target\":[\"https:\/\/tierpark-bern.ch\/en\/bearpark\/\"]}]},{\"@type\":\"ImageObject\",\"inLanguage\":\"en-US\",\"@id\":\"https:\/\/tierpark-bern.ch\/en\/bearpark\/#primaryimage\",\"url\":\"https:\/\/tierpark-bern.ch\/web\/app\/uploads\/2020\/07\/bjoerk-baerenpark-56-bern-schweiz.jpg\",\"contentUrl\":\"https:\/\/tierpark-bern.ch\/web\/app\/uploads\/2020\/07\/bjoerk-baerenpark-56-bern-schweiz.jpg\",\"width\":1500,\"height\":998,\"caption\":\"\\\"Bj\u00f6rk\\\" on Elm (May 2013)\"},{\"@type\":\"BreadcrumbList\",\"@id\":\"https:\/\/tierpark-bern.ch\/en\/bearpark\/#breadcrumb\",\"itemListElement\":[{\"@type\":\"ListItem\",\"position\":1,\"name\":\"Home\",\"item\":\"https:\/\/tierpark-bern.ch\/en\/\"},{\"@type\":\"ListItem\",\"position\":2,\"name\":\"BearPark\"}]},{\"@type\":\"WebSite\",\"@id\":\"https:\/\/tierpark-bern.ch\/en\/#website\",\"url\":\"https:\/\/tierpark-bern.ch\/en\/\",\"name\":\"Tierpark Bern\",\"description\":\"\",\"publisher\":{\"@id\":\"https:\/\/tierpark-bern.ch\/en\/#organization\"},\"potentialAction\":[{\"@type\":\"SearchAction\",\"target\":{\"@type\":\"EntryPoint\",\"urlTemplate\":\"https:\/\/tierpark-bern.ch\/en\/?s={search_term_string}\"},\"query-input\":{\"@type\":\"PropertyValueSpecification\",\"valueRequired\":true,\"valueName\":\"search_term_string\"}}],\"inLanguage\":\"en-US\"},{\"@type\":\"Organization\",\"@id\":\"https:\/\/tierpark-bern.ch\/en\/#organization\",\"name\":\"Tierpark Bern | D\u00e4hlh\u00f6lzli + B\u00e4renPark\",\"alternateName\":\"Tierpark Bern\",\"url\":\"https:\/\/tierpark-bern.ch\/en\/\",\"logo\":{\"@type\":\"ImageObject\",\"inLanguage\":\"en-US\",\"@id\":\"https:\/\/tierpark-bern.ch\/en\/#\/schema\/logo\/image\/\",\"url\":\"https:\/\/tierpark-bern.ch\/web\/app\/uploads\/2024\/04\/tierpark-bern-696x696-1.jpg\",\"contentUrl\":\"https:\/\/tierpark-bern.ch\/web\/app\/uploads\/2024\/04\/tierpark-bern-696x696-1.jpg\",\"width\":696,\"height\":696,\"caption\":\"Tierpark Bern | D\u00e4hlh\u00f6lzli + B\u00e4renPark\"},\"image\":{\"@id\":\"https:\/\/tierpark-bern.ch\/en\/#\/schema\/logo\/image\/\"},\"sameAs\":[\"https:\/\/www.facebook.com\/tierparkbern\/\",\"https:\/\/x.com\/tierparkbern\",\"https:\/\/www.instagram.com\/tierparkbern\/\"]}]}<\/script>","yoast_head_json":{"title":"BearPark | Tierpark Bern","description":"The home of the Bernese bears is the city\u2019s Bern Animal Park, BearPark. A unique recreation area at the lower end of the old town of Bern.","robots":{"index":"index","follow":"follow","max-snippet":"max-snippet:-1","max-image-preview":"max-image-preview:large","max-video-preview":"max-video-preview:-1"},"canonical":"https:\/\/tierpark-bern.ch\/en\/bearpark\/","og_locale":"en_US","og_type":"article","og_title":"BearPark | Tierpark Bern","og_description":"The home of the Bernese bears is the city\u2019s Bern Animal Park, BearPark. A unique recreation area at the lower end of the old town of Bern.","og_url":"https:\/\/tierpark-bern.ch\/en\/bearpark\/","og_site_name":"Tierpark Bern","article_publisher":"https:\/\/www.facebook.com\/tierparkbern\/","article_modified_time":"2026-03-16T12:12:01+00:00","og_image":[{"width":1500,"height":998,"url":"https:\/\/tierpark-bern.ch\/web\/app\/uploads\/2020\/07\/bjoerk-baerenpark-56-bern-schweiz.jpg","type":"image\/jpeg"}],"schema":{"@context":"https:\/\/schema.org","@graph":[{"@type":"WebPage","@id":"https:\/\/tierpark-bern.ch\/en\/bearpark\/","url":"https:\/\/tierpark-bern.ch\/en\/bearpark\/","name":"BearPark | Tierpark Bern","isPartOf":{"@id":"https:\/\/tierpark-bern.ch\/en\/#website"},"primaryImageOfPage":{"@id":"https:\/\/tierpark-bern.ch\/en\/bearpark\/#primaryimage"},"image":{"@id":"https:\/\/tierpark-bern.ch\/en\/bearpark\/#primaryimage"},"thumbnailUrl":"https:\/\/tierpark-bern.ch\/web\/app\/uploads\/2020\/07\/bjoerk-baerenpark-56-bern-schweiz.jpg","datePublished":"2020-08-08T10:32:06+00:00","dateModified":"2026-03-16T12:12:01+00:00","description":"The home of the Bernese bears is the city\u2019s Bern Animal Park, BearPark. A unique recreation area at the lower end of the old town of Bern.","breadcrumb":{"@id":"https:\/\/tierpark-bern.ch\/en\/bearpark\/#breadcrumb"},"inLanguage":"en-US","potentialAction":[{"@type":"ReadAction","target":["https:\/\/tierpark-bern.ch\/en\/bearpark\/"]}]},{"@type":"ImageObject","inLanguage":"en-US","@id":"https:\/\/tierpark-bern.ch\/en\/bearpark\/#primaryimage","url":"https:\/\/tierpark-bern.ch\/web\/app\/uploads\/2020\/07\/bjoerk-baerenpark-56-bern-schweiz.jpg","contentUrl":"https:\/\/tierpark-bern.ch\/web\/app\/uploads\/2020\/07\/bjoerk-baerenpark-56-bern-schweiz.jpg","width":1500,"height":998,"caption":"\"Bj\u00f6rk\" on Elm (May 2013)"},{"@type":"BreadcrumbList","@id":"https:\/\/tierpark-bern.ch\/en\/bearpark\/#breadcrumb","itemListElement":[{"@type":"ListItem","position":1,"name":"Home","item":"https:\/\/tierpark-bern.ch\/en\/"},{"@type":"ListItem","position":2,"name":"BearPark"}]},{"@type":"WebSite","@id":"https:\/\/tierpark-bern.ch\/en\/#website","url":"https:\/\/tierpark-bern.ch\/en\/","name":"Tierpark Bern","description":"","publisher":{"@id":"https:\/\/tierpark-bern.ch\/en\/#organization"},"potentialAction":[{"@type":"SearchAction","target":{"@type":"EntryPoint","urlTemplate":"https:\/\/tierpark-bern.ch\/en\/?s={search_term_string}"},"query-input":{"@type":"PropertyValueSpecification","valueRequired":true,"valueName":"search_term_string"}}],"inLanguage":"en-US"},{"@type":"Organization","@id":"https:\/\/tierpark-bern.ch\/en\/#organization","name":"Tierpark Bern | D\u00e4hlh\u00f6lzli + B\u00e4renPark","alternateName":"Tierpark Bern","url":"https:\/\/tierpark-bern.ch\/en\/","logo":{"@type":"ImageObject","inLanguage":"en-US","@id":"https:\/\/tierpark-bern.ch\/en\/#\/schema\/logo\/image\/","url":"https:\/\/tierpark-bern.ch\/web\/app\/uploads\/2024\/04\/tierpark-bern-696x696-1.jpg","contentUrl":"https:\/\/tierpark-bern.ch\/web\/app\/uploads\/2024\/04\/tierpark-bern-696x696-1.jpg","width":696,"height":696,"caption":"Tierpark Bern | D\u00e4hlh\u00f6lzli + B\u00e4renPark"},"image":{"@id":"https:\/\/tierpark-bern.ch\/en\/#\/schema\/logo\/image\/"},"sameAs":["https:\/\/www.facebook.com\/tierparkbern\/","https:\/\/x.com\/tierparkbern","https:\/\/www.instagram.com\/tierparkbern\/"]}]}},"_links":{"self":[{"href":"https:\/\/tierpark-bern.ch\/en\/wp-json\/wp\/v2\/pages\/38571","targetHints":{"allow":["GET"]}}],"collection":[{"href":"https:\/\/tierpark-bern.ch\/en\/wp-json\/wp\/v2\/pages"}],"about":[{"href":"https:\/\/tierpark-bern.ch\/en\/wp-json\/wp\/v2\/types\/page"}],"author":[{"embeddable":true,"href":"https:\/\/tierpark-bern.ch\/en\/wp-json\/wp\/v2\/users\/10"}],"replies":[{"embeddable":true,"href":"https:\/\/tierpark-bern.ch\/en\/wp-json\/wp\/v2\/comments?post=38571"}],"version-history":[{"count":2,"href":"https:\/\/tierpark-bern.ch\/en\/wp-json\/wp\/v2\/pages\/38571\/revisions"}],"predecessor-version":[{"id":82957,"href":"https:\/\/tierpark-bern.ch\/en\/wp-json\/wp\/v2\/pages\/38571\/revisions\/82957"}],"wp:featuredmedia":[{"embeddable":true,"href":"https:\/\/tierpark-bern.ch\/en\/wp-json\/wp\/v2\/media\/43501"}],"wp:attachment":[{"href":"https:\/\/tierpark-bern.ch\/en\/wp-json\/wp\/v2\/media?parent=38571"}],"curies":[{"name":"wp","href":"https:\/\/api.w.org\/{rel}","templated":true}]}}