
{"id":38978,"date":"2020-08-05T12:56:13","date_gmt":"2020-08-05T10:56:13","guid":{"rendered":"https:\/\/tierpark-bern.ch\/zoobesuch\/anreise\/"},"modified":"2024-01-01T18:32:07","modified_gmt":"2024-01-01T17:32:07","slug":"getting-here","status":"publish","type":"page","link":"https:\/\/tierpark-bern.ch\/en\/visiting-the-zoo\/getting-here\/","title":{"rendered":"Getting to the D\u00e4hlh\u00f6lzli-Zoo"},"content":{"rendered":"<div class=\"wpb-content-wrapper\"><p>[vc_row][vc_column][vc_column_text]<\/p>\n<h1>Getting to the D\u00e4hlh\u00f6lzli-Zoo<\/h1>\n<p>As there are only a few parking spaces available in the vicinity of the zoo, it is advisable to arrive by public transport (\u00d6V).[\/vc_column_text][\/vc_column][\/vc_row][vc_row][vc_column][vc_column_text]<\/p>\n<h2>Address<\/h2>\n<p>Tierpark Bern<br \/>\nTierparkweg 1<br \/>\n3005 Bern<\/p>\n<p>Entrance D\u00e4hlh\u00f6lzli Zoo:<\/p>\n<p>Tierparkweg 3[\/vc_column_text][vc_column_text]<\/p>\n<h2>Phone<\/h2>\n<p>+41 31 321 15 15[\/vc_column_text][vc_column_text]<iframe class=\"arrival_google_map\" title=\"D\u00e4hlh\u00f6lzli-Zoo Map\" src=\"https:\/\/www.google.com\/maps\/embed?pb=!1m14!1m8!1m3!1d174360.35943553897!2d7.449519!3d46.934558!3m2!1i1024!2i768!4f13.1!3m3!1m2!1s0x0%3A0x69b60fd6f40343e8!2zQmVybiwgRMOkaGxow7ZsemxpICsgQsOkcmVuUGFyayBab28!5e0!3m2!1sen!2sch!4v1651563791398!5m2!1sen!2sch\" frameborder=\"0\" allowfullscreen=\"allowfullscreen\"><\/iframe>[\/vc_column_text][\/vc_column][\/vc_row][vc_row][vc_column][vc_column_text]<div class=\"faq-section top-20 bottom-50\"><div class=\"accordion accordion--bordered\">\n                                        <div class=\"accordion__title-block\" role=\"button\">\n                                            <span class=\"accordion__title\">Getting here by public transport<\/span>\n                                            <span class=\"accordion__close\"><\/span>\n                                        <\/div>\n                                        <div class=\"accordion__text-block\">\n                                            <p><p>Bus line 19 from the main station (near the Bern linen weavers) to the &#8216;Tierpark&#8217; stop, then turn right into Thormannstrasse. At the edge of the woods, after the three owls, you will find the first orientation map.<\/p>\n<p><a class=\"button button--tierpark\" href=\"https:\/\/www.sbb.ch\/en\/leisure-holidays\/ideas\/offer.html\/tagesausflug\/daehlhoelzli-zoo-in-bern\" target=\"_blank\" rel=\"noopener\" aria-label=\"Anreise zu Fuss planen (Google Maps)\">Plan your journey (The SBB online portal)<\/a><\/p>\n<\/p>\n                                        <\/div>\n                                      <\/div><div class=\"accordion accordion--bordered\">\n                                        <div class=\"accordion__title-block\" role=\"button\">\n                                            <span class=\"accordion__title\">Arrival by bike<\/span>\n                                            <span class=\"accordion__close\"><\/span>\n                                        <\/div>\n                                        <div class=\"accordion__text-block\">\n                                            <p><p>The zoo can be reached via various cycling and walking paths.<\/p>\n<p><a class=\"button button--tierpark\" href=\"https:\/\/www.google.com\/maps\/place\/Tierpark+Bern,+D%C3%A4hlh%C3%B6lzli+%2B+B%C3%A4renPark\/@46.9345582,7.4473305,17z\/data=!3m1!4b1!4m5!3m4!1s0x478e39d3b65b6f71:0x69b60fd6f40343e8!8m2!3d46.9345582!4d7.4495192\" target=\"_blank\" rel=\"noopener\" aria-label=\"Anreise mit dem Velo planen\">Plan your journey by bike (Google Maps)<\/a><\/p>\n<\/p>\n                                        <\/div>\n                                      <\/div><div class=\"accordion accordion--bordered\">\n                                        <div class=\"accordion__title-block\" role=\"button\">\n                                            <span class=\"accordion__title\">Arrival by car<\/span>\n                                            <span class=\"accordion__close\"><\/span>\n                                        <\/div>\n                                        <div class=\"accordion__text-block\">\n                                            <p><p>A6-exit &#8216;Bern-Ostring&#8217;: Follow the signpost &#8216;ZOO&#8217;.<\/p>\n<p><a class=\"button button--tierpark\" href=\"https:\/\/www.google.com\/maps\/place\/Tierpark+Bern,+D%C3%A4hlh%C3%B6lzli+%2B+B%C3%A4renPark\/@46.9345582,7.4473305,17z\/data=!3m1!4b1!4m5!3m4!1s0x478e39d3b65b6f71:0x69b60fd6f40343e8!8m2!3d46.9345582!4d7.4495192\" target=\"_blank\" rel=\"noopener\" aria-label=\"Anreise mit dem Auto planen\">Plan your journey by car (Google Maps)<\/a><\/p>\n<\/p>\n                                        <\/div>\n                                      <\/div><div class=\"accordion accordion--bordered\">\n                                        <div class=\"accordion__title-block\" role=\"button\">\n                                            <span class=\"accordion__title\">Arrival on foot<\/span>\n                                            <span class=\"accordion__close\"><\/span>\n                                        <\/div>\n                                        <div class=\"accordion__text-block\">\n                                            <p><p>You can walk to the zoo along the Aare from Bern main station in about 30 minutes. Take the \u201cMarzili B\u00e4hnli\u201d via the \u201cKleine Schanze\u201d or walk down to the Aare. 15 minutes later you pass the Sch\u00f6nausteg and then you see our children&#8217;s zoo.<\/p>\n<p><a class=\"button button--tierpark\" href=\"https:\/\/www.google.com\/maps\/place\/Tierpark+Bern,+D%C3%A4hlh%C3%B6lzli+%2B+B%C3%A4renPark\/@46.9345582,7.4473305,17z\/data=!3m1!4b1!4m5!3m4!1s0x478e39d3b65b6f71:0x69b60fd6f40343e8!8m2!3d46.9345582!4d7.4495192\" target=\"_blank\" rel=\"noopener\" aria-label=\"Anreise zu Fuss planen (Google Maps)\">Plan your journey on foot (Google Maps)<\/a><\/p>\n<\/p>\n                                        <\/div>\n                                      <\/div><div class=\"accordion accordion--bordered\">\n                                        <div class=\"accordion__title-block\" role=\"button\">\n                                            <span class=\"accordion__title\">Parking spaces<\/span>\n                                            <span class=\"accordion__close\"><\/span>\n                                        <\/div>\n                                        <div class=\"accordion__text-block\">\n                                            <p><p>There are only a limited number of parking spaces available around the zoo.<\/p>\n<p>Parking permits for the blue zone are available from the Bernmobil ticket machines. There is a central parking meter for the normal parking spaces.<\/p>\n<p><a class=\"link target_blank button button--tierpark\" title=\"Hier k\u00f6nnen Sie Parkkarten auch online bestellen\" href=\"https:\/\/www.bern.ch\/themen\/mobilitat-und-verkehr\/motorrad-und-auto\/parkieren\" target=\"_blank\" rel=\"noopener\">You can also order parking tickets online here<\/a><\/p>\n<\/p>\n                                        <\/div>\n                                      <\/div><div class=\"accordion accordion--bordered\">\n                                        <div class=\"accordion__title-block\" role=\"button\">\n                                            <span class=\"accordion__title\">Arrival with mobility disability<\/span>\n                                            <span class=\"accordion__close\"><\/span>\n                                        <\/div>\n                                        <div class=\"accordion__text-block\">\n                                            <p><p>There are 2 disabled parking spaces at the D\u00e4hlh\u00f6lzli Restaurant and the Tierpark bus stop area is wheelchair accessible. At the entrance, wheelchairs for visitors with mobility impairments can be borrowed free of charge at the ticket office for a deposit of CHF 50. These can be reserved for a visit to the zoo by calling +41 31 357 15 15. A wheelchair-accessible toilet is available in the zoo. Accompanying persons of mobility-impaired persons who cannot visit the Bern Animal Park without assistance are admitted free of charge. Most of the zoo is wheelchair accessible.<\/p>\n<\/p>\n                                        <\/div>\n                                      <\/div><div class=\"accordion accordion--bordered\">\n                                        <div class=\"accordion__title-block\" role=\"button\">\n                                            <span class=\"accordion__title\">Arrival for blind and visually impaired people<\/span>\n                                            <span class=\"accordion__close\"><\/span>\n                                        <\/div>\n                                        <div class=\"accordion__text-block\">\n                                            <p><p>You can reach the zoo from the main station, including the walk, in about 20 minutes. The journey time from Bern main station to the stop Bern, Tierpark is about 8 minutes. There is no need to change trains. The zoo is about 700 metres from the stop. The path via Thormannstrasse leads through a short section of forest to the Tierparkweg. Leave the Tierparkweg after about 500 metres to the right. You will come to a metal gate which must be opened by hand. After 200 metres you will reach the entrance with the ticket office. Obstacles are usually easy to recognise.<\/p>\n<\/p>\n                                        <\/div>\n                                      <\/div><\/div>[\/vc_column_text][\/vc_column][\/vc_row][vc_row][vc_column][vc_empty_space height=&#8221;12px&#8221;][vc_column_text]<\/p>\n<div class=\"zoo-link-info\">\n<div class=\"container\">\n<div class=\"row\">\n<div class=\"col-md-8 col-sm-12\">\n<div class=\"zoo-link-text-container\"><span class=\"zoo-link-text\">Would you like to plan your journey to the BearPark?<\/span><\/div>\n<\/div>\n<div class=\"col-md-4 col-sm-12 zoo-link-btn-container\"><span class=\"zoo-link-btn\"><a class=\"button button-zoo-info\" href=\"https:\/\/tierpark-bern.ch\/en\/bearpark\/getting-here\/\">To the BearPark <i class=\"fa fa-long-arrow-right\"><\/i><\/a>\u00a0<\/span><\/div>\n<\/div>\n<\/div>\n<\/div>\n<p>[\/vc_column_text][\/vc_column][\/vc_row]<\/p>\n<\/div>","protected":false},"excerpt":{"rendered":"<p>Bus line 19 from the main station (near the Bern linen weavers) to the &#8216;Tierpark&#8217; stop, then turn right into Thormannstrasse.<\/p>\n","protected":false},"author":1,"featured_media":20952,"parent":38557,"menu_order":0,"comment_status":"closed","ping_status":"closed","template":"","meta":{"_acf_changed":false,"footnotes":""},"class_list":["post-38978","page","type-page","status-publish","has-post-thumbnail","hentry"],"acf":[],"yoast_head":"<title>Getting to the D\u00e4hlh\u00f6lzli-Zoo | Tierpark Bern<\/title>\n<meta name=\"description\" content=\"Bus line 19 from the main station (near the Bern linen weavers) to the &#039;Tierpark&#039; stop, then turn right into Thormannstrasse.\" \/>\n<meta name=\"robots\" content=\"index, follow, max-snippet:-1, max-image-preview:large, max-video-preview:-1\" \/>\n<link rel=\"canonical\" href=\"https:\/\/tierpark-bern.ch\/en\/visiting-the-zoo\/getting-here\/\" \/>\n<meta property=\"og:locale\" content=\"en_US\" \/>\n<meta property=\"og:type\" content=\"article\" \/>\n<meta property=\"og:title\" content=\"Getting to the D\u00e4hlh\u00f6lzli-Zoo | Tierpark Bern\" \/>\n<meta property=\"og:description\" content=\"Bus line 19 from the main station (near the Bern linen weavers) to the &#039;Tierpark&#039; stop, then turn right into Thormannstrasse.\" \/>\n<meta property=\"og:url\" content=\"https:\/\/tierpark-bern.ch\/en\/visiting-the-zoo\/getting-here\/\" \/>\n<meta property=\"og:site_name\" content=\"Tierpark Bern\" \/>\n<meta property=\"article:publisher\" content=\"https:\/\/www.facebook.com\/tierparkbern\/\" \/>\n<meta property=\"article:modified_time\" content=\"2024-01-01T17:32:07+00:00\" \/>\n<meta property=\"og:image\" content=\"https:\/\/tierpark-bern.ch\/web\/app\/uploads\/2020\/07\/tierpark-bern-daehlhoelzli-zoo-85.jpg\" \/>\n\t<meta property=\"og:image:width\" content=\"2248\" \/>\n\t<meta property=\"og:image:height\" content=\"1500\" \/>\n\t<meta property=\"og:image:type\" content=\"image\/jpeg\" \/>\n<script type=\"application\/ld+json\" class=\"yoast-schema-graph\">{\"@context\":\"https:\/\/schema.org\",\"@graph\":[{\"@type\":\"WebPage\",\"@id\":\"https:\/\/tierpark-bern.ch\/en\/visiting-the-zoo\/getting-here\/\",\"url\":\"https:\/\/tierpark-bern.ch\/en\/visiting-the-zoo\/getting-here\/\",\"name\":\"Getting to the D\u00e4hlh\u00f6lzli-Zoo | Tierpark Bern\",\"isPartOf\":{\"@id\":\"https:\/\/tierpark-bern.ch\/en\/#website\"},\"primaryImageOfPage\":{\"@id\":\"https:\/\/tierpark-bern.ch\/en\/visiting-the-zoo\/getting-here\/#primaryimage\"},\"image\":{\"@id\":\"https:\/\/tierpark-bern.ch\/en\/visiting-the-zoo\/getting-here\/#primaryimage\"},\"thumbnailUrl\":\"https:\/\/tierpark-bern.ch\/web\/app\/uploads\/2020\/07\/tierpark-bern-daehlhoelzli-zoo-85.jpg\",\"datePublished\":\"2020-08-05T10:56:13+00:00\",\"dateModified\":\"2024-01-01T17:32:07+00:00\",\"description\":\"Bus line 19 from the main station (near the Bern linen weavers) to the 'Tierpark' stop, then turn right into Thormannstrasse.\",\"breadcrumb\":{\"@id\":\"https:\/\/tierpark-bern.ch\/en\/visiting-the-zoo\/getting-here\/#breadcrumb\"},\"inLanguage\":\"en-US\",\"potentialAction\":[{\"@type\":\"ReadAction\",\"target\":[\"https:\/\/tierpark-bern.ch\/en\/visiting-the-zoo\/getting-here\/\"]}]},{\"@type\":\"ImageObject\",\"inLanguage\":\"en-US\",\"@id\":\"https:\/\/tierpark-bern.ch\/en\/visiting-the-zoo\/getting-here\/#primaryimage\",\"url\":\"https:\/\/tierpark-bern.ch\/web\/app\/uploads\/2020\/07\/tierpark-bern-daehlhoelzli-zoo-85.jpg\",\"contentUrl\":\"https:\/\/tierpark-bern.ch\/web\/app\/uploads\/2020\/07\/tierpark-bern-daehlhoelzli-zoo-85.jpg\",\"width\":2248,\"height\":1500},{\"@type\":\"BreadcrumbList\",\"@id\":\"https:\/\/tierpark-bern.ch\/en\/visiting-the-zoo\/getting-here\/#breadcrumb\",\"itemListElement\":[{\"@type\":\"ListItem\",\"position\":1,\"name\":\"Home\",\"item\":\"https:\/\/tierpark-bern.ch\/en\/\"},{\"@type\":\"ListItem\",\"position\":2,\"name\":\"Visiting the zoo\",\"item\":\"https:\/\/tierpark-bern.ch\/en\/visiting-the-zoo\/\"},{\"@type\":\"ListItem\",\"position\":3,\"name\":\"Getting to the D\u00e4hlh\u00f6lzli-Zoo\"}]},{\"@type\":\"WebSite\",\"@id\":\"https:\/\/tierpark-bern.ch\/en\/#website\",\"url\":\"https:\/\/tierpark-bern.ch\/en\/\",\"name\":\"Tierpark Bern\",\"description\":\"\",\"publisher\":{\"@id\":\"https:\/\/tierpark-bern.ch\/en\/#organization\"},\"potentialAction\":[{\"@type\":\"SearchAction\",\"target\":{\"@type\":\"EntryPoint\",\"urlTemplate\":\"https:\/\/tierpark-bern.ch\/en\/?s={search_term_string}\"},\"query-input\":{\"@type\":\"PropertyValueSpecification\",\"valueRequired\":true,\"valueName\":\"search_term_string\"}}],\"inLanguage\":\"en-US\"},{\"@type\":\"Organization\",\"@id\":\"https:\/\/tierpark-bern.ch\/en\/#organization\",\"name\":\"Tierpark Bern | D\u00e4hlh\u00f6lzli + B\u00e4renPark\",\"alternateName\":\"Tierpark Bern\",\"url\":\"https:\/\/tierpark-bern.ch\/en\/\",\"logo\":{\"@type\":\"ImageObject\",\"inLanguage\":\"en-US\",\"@id\":\"https:\/\/tierpark-bern.ch\/en\/#\/schema\/logo\/image\/\",\"url\":\"https:\/\/tierpark-bern.ch\/web\/app\/uploads\/2024\/04\/tierpark-bern-696x696-1.jpg\",\"contentUrl\":\"https:\/\/tierpark-bern.ch\/web\/app\/uploads\/2024\/04\/tierpark-bern-696x696-1.jpg\",\"width\":696,\"height\":696,\"caption\":\"Tierpark Bern | D\u00e4hlh\u00f6lzli + B\u00e4renPark\"},\"image\":{\"@id\":\"https:\/\/tierpark-bern.ch\/en\/#\/schema\/logo\/image\/\"},\"sameAs\":[\"https:\/\/www.facebook.com\/tierparkbern\/\",\"https:\/\/x.com\/tierparkbern\",\"https:\/\/www.instagram.com\/tierparkbern\/\"]}]}<\/script>","yoast_head_json":{"title":"Getting to the D\u00e4hlh\u00f6lzli-Zoo | Tierpark Bern","description":"Bus line 19 from the main station (near the Bern linen weavers) to the 'Tierpark' stop, then turn right into Thormannstrasse.","robots":{"index":"index","follow":"follow","max-snippet":"max-snippet:-1","max-image-preview":"max-image-preview:large","max-video-preview":"max-video-preview:-1"},"canonical":"https:\/\/tierpark-bern.ch\/en\/visiting-the-zoo\/getting-here\/","og_locale":"en_US","og_type":"article","og_title":"Getting to the D\u00e4hlh\u00f6lzli-Zoo | Tierpark Bern","og_description":"Bus line 19 from the main station (near the Bern linen weavers) to the 'Tierpark' stop, then turn right into Thormannstrasse.","og_url":"https:\/\/tierpark-bern.ch\/en\/visiting-the-zoo\/getting-here\/","og_site_name":"Tierpark Bern","article_publisher":"https:\/\/www.facebook.com\/tierparkbern\/","article_modified_time":"2024-01-01T17:32:07+00:00","og_image":[{"width":2248,"height":1500,"url":"https:\/\/tierpark-bern.ch\/web\/app\/uploads\/2020\/07\/tierpark-bern-daehlhoelzli-zoo-85.jpg","type":"image\/jpeg"}],"schema":{"@context":"https:\/\/schema.org","@graph":[{"@type":"WebPage","@id":"https:\/\/tierpark-bern.ch\/en\/visiting-the-zoo\/getting-here\/","url":"https:\/\/tierpark-bern.ch\/en\/visiting-the-zoo\/getting-here\/","name":"Getting to the D\u00e4hlh\u00f6lzli-Zoo | Tierpark Bern","isPartOf":{"@id":"https:\/\/tierpark-bern.ch\/en\/#website"},"primaryImageOfPage":{"@id":"https:\/\/tierpark-bern.ch\/en\/visiting-the-zoo\/getting-here\/#primaryimage"},"image":{"@id":"https:\/\/tierpark-bern.ch\/en\/visiting-the-zoo\/getting-here\/#primaryimage"},"thumbnailUrl":"https:\/\/tierpark-bern.ch\/web\/app\/uploads\/2020\/07\/tierpark-bern-daehlhoelzli-zoo-85.jpg","datePublished":"2020-08-05T10:56:13+00:00","dateModified":"2024-01-01T17:32:07+00:00","description":"Bus line 19 from the main station (near the Bern linen weavers) to the 'Tierpark' stop, then turn right into Thormannstrasse.","breadcrumb":{"@id":"https:\/\/tierpark-bern.ch\/en\/visiting-the-zoo\/getting-here\/#breadcrumb"},"inLanguage":"en-US","potentialAction":[{"@type":"ReadAction","target":["https:\/\/tierpark-bern.ch\/en\/visiting-the-zoo\/getting-here\/"]}]},{"@type":"ImageObject","inLanguage":"en-US","@id":"https:\/\/tierpark-bern.ch\/en\/visiting-the-zoo\/getting-here\/#primaryimage","url":"https:\/\/tierpark-bern.ch\/web\/app\/uploads\/2020\/07\/tierpark-bern-daehlhoelzli-zoo-85.jpg","contentUrl":"https:\/\/tierpark-bern.ch\/web\/app\/uploads\/2020\/07\/tierpark-bern-daehlhoelzli-zoo-85.jpg","width":2248,"height":1500},{"@type":"BreadcrumbList","@id":"https:\/\/tierpark-bern.ch\/en\/visiting-the-zoo\/getting-here\/#breadcrumb","itemListElement":[{"@type":"ListItem","position":1,"name":"Home","item":"https:\/\/tierpark-bern.ch\/en\/"},{"@type":"ListItem","position":2,"name":"Visiting the zoo","item":"https:\/\/tierpark-bern.ch\/en\/visiting-the-zoo\/"},{"@type":"ListItem","position":3,"name":"Getting to the D\u00e4hlh\u00f6lzli-Zoo"}]},{"@type":"WebSite","@id":"https:\/\/tierpark-bern.ch\/en\/#website","url":"https:\/\/tierpark-bern.ch\/en\/","name":"Tierpark Bern","description":"","publisher":{"@id":"https:\/\/tierpark-bern.ch\/en\/#organization"},"potentialAction":[{"@type":"SearchAction","target":{"@type":"EntryPoint","urlTemplate":"https:\/\/tierpark-bern.ch\/en\/?s={search_term_string}"},"query-input":{"@type":"PropertyValueSpecification","valueRequired":true,"valueName":"search_term_string"}}],"inLanguage":"en-US"},{"@type":"Organization","@id":"https:\/\/tierpark-bern.ch\/en\/#organization","name":"Tierpark Bern | D\u00e4hlh\u00f6lzli + B\u00e4renPark","alternateName":"Tierpark Bern","url":"https:\/\/tierpark-bern.ch\/en\/","logo":{"@type":"ImageObject","inLanguage":"en-US","@id":"https:\/\/tierpark-bern.ch\/en\/#\/schema\/logo\/image\/","url":"https:\/\/tierpark-bern.ch\/web\/app\/uploads\/2024\/04\/tierpark-bern-696x696-1.jpg","contentUrl":"https:\/\/tierpark-bern.ch\/web\/app\/uploads\/2024\/04\/tierpark-bern-696x696-1.jpg","width":696,"height":696,"caption":"Tierpark Bern | D\u00e4hlh\u00f6lzli + B\u00e4renPark"},"image":{"@id":"https:\/\/tierpark-bern.ch\/en\/#\/schema\/logo\/image\/"},"sameAs":["https:\/\/www.facebook.com\/tierparkbern\/","https:\/\/x.com\/tierparkbern","https:\/\/www.instagram.com\/tierparkbern\/"]}]}},"_links":{"self":[{"href":"https:\/\/tierpark-bern.ch\/en\/wp-json\/wp\/v2\/pages\/38978","targetHints":{"allow":["GET"]}}],"collection":[{"href":"https:\/\/tierpark-bern.ch\/en\/wp-json\/wp\/v2\/pages"}],"about":[{"href":"https:\/\/tierpark-bern.ch\/en\/wp-json\/wp\/v2\/types\/page"}],"author":[{"embeddable":true,"href":"https:\/\/tierpark-bern.ch\/en\/wp-json\/wp\/v2\/users\/1"}],"replies":[{"embeddable":true,"href":"https:\/\/tierpark-bern.ch\/en\/wp-json\/wp\/v2\/comments?post=38978"}],"version-history":[{"count":0,"href":"https:\/\/tierpark-bern.ch\/en\/wp-json\/wp\/v2\/pages\/38978\/revisions"}],"up":[{"embeddable":true,"href":"https:\/\/tierpark-bern.ch\/en\/wp-json\/wp\/v2\/pages\/38557"}],"wp:featuredmedia":[{"embeddable":true,"href":"https:\/\/tierpark-bern.ch\/en\/wp-json\/wp\/v2\/media\/20952"}],"wp:attachment":[{"href":"https:\/\/tierpark-bern.ch\/en\/wp-json\/wp\/v2\/media?parent=38978"}],"curies":[{"name":"wp","href":"https:\/\/api.w.org\/{rel}","templated":true}]}}