
{"id":38992,"date":"2021-12-14T13:32:20","date_gmt":"2021-12-14T12:32:20","guid":{"rendered":"https:\/\/tierpark-bern.ch\/zoobesuch\/eintrittspreise\/"},"modified":"2025-10-29T11:28:27","modified_gmt":"2025-10-29T10:28:27","slug":"entrance-fees","status":"publish","type":"page","link":"https:\/\/tierpark-bern.ch\/en\/visiting-the-zoo\/entrance-fees\/","title":{"rendered":"Entrance fees"},"content":{"rendered":"<div class=\"wpb-content-wrapper\"><p>[vc_row][vc_column][vc_column_text]<\/p>\n<h1>TICKETS &amp; PRICES<\/h1>\n<p>to the D\u00e4hlh\u00f6lzli Zoo[\/vc_column_text][\/vc_column][\/vc_row][vc_row css=&#8221;.vc_custom_1639480248857{margin-right: 0px !important;margin-left: 0px !important;}&#8221;][vc_column el_class=&#8221;zoo-wrapper&#8221;][vc_row_inner equal_height=&#8221;yes&#8221; gap=&#8221;30&#8243;][vc_column_inner el_class=&#8221;tbl-eintrittspreise&#8221; width=&#8221;1\/2&#8243; css=&#8221;.vc_custom_1639482224331{padding-top: 30px !important;padding-right: 20px !important;padding-left: 20px !important;background-color: #006558 !important;}&#8221;][vc_column_text css=&#8221;.vc_custom_1675429234335{margin-bottom: 15px !important;}&#8221;]<\/p>\n<h2>Day tickets<\/h2>\n<p>[\/vc_column_text][vc_column_text]<\/p>\n<ul>\n<li><span class=\"item\">Adults (from 16 years)<\/span><br \/>\n<span class=\"item\">CHF 11.-*<\/span><\/li>\n<li><span class=\"item\">Children 6 &#8211; 15 years<\/span><br \/>\n<span class=\"item\">CHF 7.-*<\/span><\/li>\n<li><span class=\"item\">Children up to 6 years<\/span><br \/>\n<span class=\"item\">free<\/span><\/li>\n<li><span class=\"item\">Families (max. 2 adults, max. 4 children, 6 &#8211; 15 years)<\/span><br \/>\n<span class=\"item\">CHF 28.-***<\/span><\/li>\n<\/ul>\n<p>[\/vc_column_text][vc_btn title=&#8221;Read more&#8221; style=&#8221;flat&#8221; shape=&#8221;square&#8221; color=&#8221;white&#8221; size=&#8221;lg&#8221; i_align=&#8221;right&#8221; i_icon_fontawesome=&#8221;fas fa-arrow-right&#8221; add_icon=&#8221;true&#8221; link=&#8221;url:https%3A%2F%2Ftierpark-bern.ch%2Fen%2Fvisiting-the-zoo%2Fentrance-fees%2Fday-tickets%2F&#8221; el_class=&#8221;btn-zoo&#8221;][\/vc_column_inner][vc_column_inner el_class=&#8221;tbl-eintrittspreise&#8221; width=&#8221;1\/2&#8243; css=&#8221;.vc_custom_1639480485949{background-color: #006558 !important;}&#8221;][vc_column_text css=&#8221;.vc_custom_1675429321129{margin-bottom: 15px !important;}&#8221;]<\/p>\n<h2>Discount<\/h2>\n<p>[\/vc_column_text][vc_column_text]<\/p>\n<ul>\n<li><span class=\"item\">AHV\/IV pensioners, apprentices, students<\/span><br \/>\n<span class=\"item\">CHF 9.-*<\/span><\/li>\n<li><span class=\"item\">IV children 6 &#8211; 15 years<\/span><br \/>\n<span class=\"item\">CHF 6.-*<\/span><\/li>\n<li><span class=\"item\">Members Animal Park Association, adults<\/span><br \/>\n<span class=\"item\">CHF 9.-*<\/span><\/li>\n<li><span class=\"item\">Family members of Animal Park Association, children 6 &#8211; 15 years old<\/span><br \/>\n<span class=\"item\">CHF 6.-*<\/span><\/li>\n<\/ul>\n<p>[\/vc_column_text][vc_btn title=&#8221;Other Discounts&#8221; style=&#8221;flat&#8221; shape=&#8221;square&#8221; color=&#8221;white&#8221; size=&#8221;lg&#8221; i_align=&#8221;right&#8221; i_icon_fontawesome=&#8221;fas fa-arrow-right&#8221; add_icon=&#8221;true&#8221; link=&#8221;url:https%3A%2F%2Ftierpark-bern.ch%2Fen%2Fvisiting-the-zoo%2Fentrance-fees%2Fdiscounts%2F&#8221; el_class=&#8221;btn-zoo&#8221;][\/vc_column_inner][\/vc_row_inner][\/vc_column][\/vc_row][vc_row css=&#8221;.vc_custom_1639480248857{margin-right: 0px !important;margin-left: 0px !important;}&#8221;][vc_column el_class=&#8221;zoo-wrapper&#8221;][vc_row_inner equal_height=&#8221;yes&#8221; gap=&#8221;30&#8243;][vc_column_inner el_class=&#8221;tbl-eintrittspreise&#8221; width=&#8221;1\/2&#8243; css=&#8221;.vc_custom_1639482224331{padding-top: 30px !important;padding-right: 20px !important;padding-left: 20px !important;background-color: #006558 !important;}&#8221;][vc_column_text css=&#8221;.vc_custom_1650800830435{margin-bottom: 15px !important;}&#8221;]<\/p>\n<h2>Annual Passes<\/h2>\n<p>[\/vc_column_text][vc_column_text]<\/p>\n<ul>\n<li><span class=\"item\">Adults (from 16 years)<\/span><br \/>\n<span class=\"item\">CHF 80.-**<\/span><\/li>\n<li><span class=\"item\">Children 6 &#8211; 15 years<\/span><br \/>\n<span class=\"item\">CHF 45.-****<\/span><\/li>\n<li><span class=\"item\">IV children 6 &#8211; 15 years<\/span><br \/>\n<span class=\"item\">CHF 45.-****<\/span><\/li>\n<li><span class=\"item\">Families (max 2 adults, max 4 children, 6 &#8211; 15 years)<\/span><br \/>\n<span class=\"item\">CHF 140.-**<\/span><\/li>\n<li><span class=\"item\">AHV\/IV pensioners<\/span><br \/>\n<span class=\"item\">CHF 60.-**<\/span><\/li>\n<li><span class=\"item\">Apprentices, students<\/span><br \/>\n<span class=\"item\">CHF 55.-****<\/span><\/li>\n<\/ul>\n<p>[\/vc_column_text][vc_btn title=&#8221;Read more&#8221; style=&#8221;flat&#8221; shape=&#8221;square&#8221; color=&#8221;white&#8221; size=&#8221;lg&#8221; i_align=&#8221;right&#8221; i_icon_fontawesome=&#8221;fas fa-arrow-right&#8221; add_icon=&#8221;true&#8221; link=&#8221;url:https%3A%2F%2Ftierpark-bern.ch%2Fen%2Fvisiting-the-zoo%2Fentrance-fees%2Fannual-tickets%2F&#8221; el_class=&#8221;btn-zoo&#8221;][\/vc_column_inner][vc_column_inner el_class=&#8221;tbl-eintrittspreise&#8221; width=&#8221;1\/2&#8243; css=&#8221;.vc_custom_1639480485949{background-color: #006558 !important;}&#8221;][vc_column_text css=&#8221;.vc_custom_1650801049190{margin-bottom: 15px !important;}&#8221;]<\/p>\n<h2>Schools<\/h2>\n<p>[\/vc_column_text][vc_column_text]<\/p>\n<ul>\n<li><span class=\"item\">Municipal schools, children from 6 years + 1 teacher<\/span><br \/>\n<span class=\"item\">free<\/span><\/li>\n<li><span class=\"item\">Other schools, children from 6 years (1 teacher free of charge)<\/span><br \/>\n<span class=\"item\">CHF 6.-<\/span><\/li>\n<li><span class=\"item\">in initial training (1 teacher free of charge)<\/span><br \/>\n<span class=\"item\">CHF 6.-<\/span><\/li>\n<li><span class=\"item\">Accompanying person for school classes<\/span><br \/>\n<span class=\"item\">CHF 8.-<\/span><\/li>\n<\/ul>\n<p>[\/vc_column_text][vc_btn title=&#8221;Info on prices for school classes&#8221; style=&#8221;flat&#8221; shape=&#8221;square&#8221; color=&#8221;white&#8221; size=&#8221;lg&#8221; i_align=&#8221;right&#8221; i_icon_fontawesome=&#8221;fas fa-arrow-right&#8221; add_icon=&#8221;true&#8221; link=&#8221;url:https%3A%2F%2Ftierpark-bern.ch%2Fen%2Fvisiting-the-zoo%2Fentrance-fees%2Fschool-classes%2F&#8221; el_class=&#8221;btn-zoo&#8221;][\/vc_column_inner][\/vc_row_inner][\/vc_column][\/vc_row][vc_row css=&#8221;.vc_custom_1639480248857{margin-right: 0px !important;margin-left: 0px !important;}&#8221;][vc_column el_class=&#8221;zoo-wrapper&#8221;][vc_row_inner equal_height=&#8221;yes&#8221; gap=&#8221;30&#8243;][vc_column_inner el_class=&#8221;tbl-eintrittspreise&#8221; width=&#8221;1\/2&#8243; css=&#8221;.vc_custom_1639482224331{padding-top: 30px !important;padding-right: 20px !important;padding-left: 20px !important;background-color: #006558 !important;}&#8221;][vc_column_text css=&#8221;.vc_custom_1650800774936{margin-bottom: 15px !important;}&#8221;]<\/p>\n<h2>Groups<\/h2>\n<p>[\/vc_column_text][vc_column_text]<\/p>\n<ul>\n<li><span class=\"item\">Companies \/ groups (20 persons or more) per person<\/span><br \/>\n<span class=\"item\">CHF 9.-*<\/span><\/li>\n<\/ul>\n<p>[\/vc_column_text][vc_btn title=&#8221;To the group prices&#8221; style=&#8221;flat&#8221; shape=&#8221;square&#8221; color=&#8221;white&#8221; size=&#8221;lg&#8221; i_align=&#8221;right&#8221; i_icon_fontawesome=&#8221;fas fa-arrow-right&#8221; add_icon=&#8221;true&#8221; link=&#8221;url:https%3A%2F%2Ftierpark-bern.ch%2Fen%2Fvisiting-the-zoo%2Fentrance-fees%2Fgroup-prices%2F&#8221; el_class=&#8221;btn-zoo&#8221;][\/vc_column_inner][vc_column_inner el_class=&#8221;tbl-eintrittspreise&#8221; width=&#8221;1\/2&#8243; css=&#8221;.vc_custom_1640003127693{padding-top: 30px !important;padding-right: 20px !important;padding-left: 20px !important;background-color: #006558 !important;}&#8221;][vc_column_text css=&#8221;.vc_custom_1675427478267{margin-bottom: 15px !important;}&#8221;]<\/p>\n<h2>Order vouchers online<\/h2>\n<p>[\/vc_column_text][vc_column_text]Would you like to give a unique experience as a gift? Then order vouchers here for your loved ones for a trip around the world in one day at Bern Animal Park.[\/vc_column_text][vc_btn title=&#8221;Order vouchers now&#8221; style=&#8221;flat&#8221; shape=&#8221;square&#8221; color=&#8221;white&#8221; size=&#8221;lg&#8221; i_align=&#8221;right&#8221; i_icon_fontawesome=&#8221;fas fa-arrow-right&#8221; add_icon=&#8221;true&#8221; el_class=&#8221;btn-zoo&#8221; link=&#8221;url:https%3A%2F%2Fshop.e-guma.ch%2Ftierpark-bern%2Fde%2Fgutscheine|target:_blank&#8221;][\/vc_column_inner][\/vc_row_inner][\/vc_column][\/vc_row][vc_row][vc_column][vc_column_text]<strong>*Prices include a voluntary <a href=\"https:\/\/tierpark-bern.ch\/en\/support\/naturschutzfranken\/\">nature conservation franc<\/a> (* CHF 1.00 \/ ** CHF 10.00\/ *** CHF 4.00, **** CHF 5.00). Visitors who do not wish to pay this amount can inform the ticket office.<\/strong>[\/vc_column_text][vc_empty_space][vc_column_text css=&#8221;&#8221;]<\/p>\n<h3><strong>Please also note the following documents:<\/strong><\/h3>\n<p><a href=\"https:\/\/tierpark-bern.ch\/en\/datenschutzerklaerung\/\" target=\"_blank\" rel=\"noopener\">Data processing declaration (in German only)<\/a><\/p>\n<p><a href=\"https:\/\/tierpark-bern.ch\/web\/app\/uploads\/2025\/10\/2025_10_29_AGB_neuer-Claim.pdf\" target=\"_blank\" rel=\"noopener\">General Terms and Conditions for Day Tickets and Annual Passes (PDF, 131 KB, in German only)<\/a>[\/vc_column_text][vc_empty_space height=&#8221;22px&#8221;][\/vc_column][\/vc_row][vc_row][vc_column][vc_column_text]<\/p>\n<h3>The diversity at D\u00e4hlh\u00f6lzli Zoo<\/h3>\n<p>The D\u00e4hlh\u00f6lzli Zoo is home to the vast majority of our animals. In the Vivarium, at the heart of the zoo, zoo guests experience exotic animals such as marmosets, snakes, monitor lizards and crocodiles, noisy frogs and numerous birds, some of them free-flying, from the subtropics of Asia, Africa and America. In three large aquatic landscapes, visitors are immersed in the underwater world of the Amazon, reef and mangrove.<\/p>\n<p>Behind the Vivarium are the Nordic enclosures with the unique primitive musk oxen, the lively puffins (both are unique in Switzerland) and the enclosures of seals, leopards, wolves, bears and many others.<\/p>\n<p>With a day admission or an annual pass, you can enter the diversity of the D\u00e4hlh\u00f6lzli Zoo.<\/p>\n<h3>Aare riverbank and children&#8217;s zoo with native animals<\/h3>\n<p>Along the banks of the Aare are the enclosures of almost exclusively native animal species, such as those of the ibex, chamois, otter and wild boar. You can experience the animals in these enclosures around the clock, and they are free of charge, as is the children&#8217;s zoo with various farm animals.[\/vc_column_text][\/vc_column][\/vc_row][vc_row][vc_column][vc_column_text]<section class=\"section no-padding-bottom page-suggestion-container\">\n            <div class=\"container\">\n                <div class=\"row bottom-50\">\n                    <div class=\"col-12\">\n                        <div class=\"heading heading--primary heading--center\">\n                            <h2 class=\"heading__title no-margin-bottom\"><span>More Topics<\/span><\/h2>\n                        <\/div>\n                    <\/div>\n                <\/div>\n                <div class=\"row\"><div class=\"col-md-6 col-xl-4 \">\n                        <div class=\"service-content\" tabindex=\"0\" role=\"link\" onclick=\"suggestionLinkfunction(this);\" data-href=\"https:\/\/tierpark-bern.ch\/en\/visiting-the-zoo\/getting-here\/\">\n                            <img decoding=\"async\" src=\"https:\/\/tierpark-bern.ch\/web\/app\/uploads\/2020\/07\/tierpark-bern-daehlhoelzli-zoo-85-386x230.jpg\" alt=\"\"\/>\n                                <div class=\"service-desc\">\n                                    <div class=\"vcenter\">\n                                        <div class=\"titel\">Getting to the D\u00e4hlh\u00f6lzli-Zoo<\/div>\n                                    <\/div>\n                                <\/div>\n                        <\/div>\n                    <\/div><div class=\"col-md-6 col-xl-4 \">\n                        <div class=\"service-content\" tabindex=\"0\" role=\"link\" onclick=\"suggestionLinkfunction(this);\" data-href=\"https:\/\/tierpark-bern.ch\/en\/visiting-the-zoo\/opening-hours\/\">\n                            <img decoding=\"async\" src=\"https:\/\/tierpark-bern.ch\/web\/app\/uploads\/2020\/07\/leopard-rando-Tierpark-Bern-96-386x230.jpg\" alt=\"\"\/>\n                                <div class=\"service-desc\">\n                                    <div class=\"vcenter\">\n                                        <div class=\"titel\">Opening hours<\/div>\n                                    <\/div>\n                                <\/div>\n                        <\/div>\n                    <\/div><div class=\"col-md-6 col-xl-4 \">\n                        <div class=\"service-content\" tabindex=\"0\" role=\"link\" onclick=\"suggestionLinkfunction(this);\" data-href=\"https:\/\/tierpark-bern.ch\/en\/visiting-the-zoo\/accessibility-in-the-zoo\/\">\n                            <img decoding=\"async\" src=\"https:\/\/tierpark-bern.ch\/web\/app\/uploads\/2020\/07\/reptilien-tierpark-bern-20-386x230.jpg\" alt=\"\"\/>\n                                <div class=\"service-desc\">\n                                    <div class=\"vcenter\">\n                                        <div class=\"titel\">Accessibility in the zoo<\/div>\n                                    <\/div>\n                                <\/div>\n                        <\/div>\n                    <\/div><\/div>\n            <\/div>\n        <\/section>[\/vc_column_text][\/vc_column][\/vc_row]<\/p>\n<\/div>","protected":false},"excerpt":{"rendered":"<p>All the information you need about our tickets, prices and special offers can be found here.<\/p>\n","protected":false},"author":1,"featured_media":24806,"parent":38557,"menu_order":0,"comment_status":"closed","ping_status":"closed","template":"","meta":{"_acf_changed":false,"footnotes":""},"class_list":["post-38992","page","type-page","status-publish","has-post-thumbnail","hentry"],"acf":[],"yoast_head":"<title>Entrance fees | Tierpark Bern<\/title>\n<meta name=\"description\" content=\"All the information you need about our tickets, prices and special offers can be found here.\" \/>\n<meta name=\"robots\" content=\"index, follow, max-snippet:-1, max-image-preview:large, max-video-preview:-1\" \/>\n<link rel=\"canonical\" href=\"https:\/\/tierpark-bern.ch\/en\/visiting-the-zoo\/entrance-fees\/\" \/>\n<meta property=\"og:locale\" content=\"en_US\" \/>\n<meta property=\"og:type\" content=\"article\" \/>\n<meta property=\"og:title\" content=\"Entrance fees | Tierpark Bern\" \/>\n<meta property=\"og:description\" content=\"All the information you need about our tickets, prices and special offers can be found here.\" \/>\n<meta property=\"og:url\" content=\"https:\/\/tierpark-bern.ch\/en\/visiting-the-zoo\/entrance-fees\/\" \/>\n<meta property=\"og:site_name\" content=\"Tierpark Bern\" \/>\n<meta property=\"article:publisher\" content=\"https:\/\/www.facebook.com\/tierparkbern\/\" \/>\n<meta property=\"article:modified_time\" content=\"2025-10-29T10:28:27+00:00\" \/>\n<meta property=\"og:image\" content=\"https:\/\/tierpark-bern.ch\/web\/app\/uploads\/2022\/03\/Madagaskar-Taggecko.jpg\" \/>\n\t<meta property=\"og:image:width\" content=\"1500\" \/>\n\t<meta property=\"og:image:height\" content=\"998\" \/>\n\t<meta property=\"og:image:type\" content=\"image\/jpeg\" \/>\n<script type=\"application\/ld+json\" class=\"yoast-schema-graph\">{\"@context\":\"https:\/\/schema.org\",\"@graph\":[{\"@type\":\"WebPage\",\"@id\":\"https:\/\/tierpark-bern.ch\/en\/visiting-the-zoo\/entrance-fees\/\",\"url\":\"https:\/\/tierpark-bern.ch\/en\/visiting-the-zoo\/entrance-fees\/\",\"name\":\"Entrance fees | Tierpark Bern\",\"isPartOf\":{\"@id\":\"https:\/\/tierpark-bern.ch\/en\/#website\"},\"primaryImageOfPage\":{\"@id\":\"https:\/\/tierpark-bern.ch\/en\/visiting-the-zoo\/entrance-fees\/#primaryimage\"},\"image\":{\"@id\":\"https:\/\/tierpark-bern.ch\/en\/visiting-the-zoo\/entrance-fees\/#primaryimage\"},\"thumbnailUrl\":\"https:\/\/tierpark-bern.ch\/web\/app\/uploads\/2022\/03\/Madagaskar-Taggecko.jpg\",\"datePublished\":\"2021-12-14T12:32:20+00:00\",\"dateModified\":\"2025-10-29T10:28:27+00:00\",\"description\":\"All the information you need about our tickets, prices and special offers can be found here.\",\"breadcrumb\":{\"@id\":\"https:\/\/tierpark-bern.ch\/en\/visiting-the-zoo\/entrance-fees\/#breadcrumb\"},\"inLanguage\":\"en-US\",\"potentialAction\":[{\"@type\":\"ReadAction\",\"target\":[\"https:\/\/tierpark-bern.ch\/en\/visiting-the-zoo\/entrance-fees\/\"]}]},{\"@type\":\"ImageObject\",\"inLanguage\":\"en-US\",\"@id\":\"https:\/\/tierpark-bern.ch\/en\/visiting-the-zoo\/entrance-fees\/#primaryimage\",\"url\":\"https:\/\/tierpark-bern.ch\/web\/app\/uploads\/2022\/03\/Madagaskar-Taggecko.jpg\",\"contentUrl\":\"https:\/\/tierpark-bern.ch\/web\/app\/uploads\/2022\/03\/Madagaskar-Taggecko.jpg\",\"width\":1500,\"height\":998},{\"@type\":\"BreadcrumbList\",\"@id\":\"https:\/\/tierpark-bern.ch\/en\/visiting-the-zoo\/entrance-fees\/#breadcrumb\",\"itemListElement\":[{\"@type\":\"ListItem\",\"position\":1,\"name\":\"Home\",\"item\":\"https:\/\/tierpark-bern.ch\/en\/\"},{\"@type\":\"ListItem\",\"position\":2,\"name\":\"Visiting the zoo\",\"item\":\"https:\/\/tierpark-bern.ch\/en\/visiting-the-zoo\/\"},{\"@type\":\"ListItem\",\"position\":3,\"name\":\"Entrance fees\"}]},{\"@type\":\"WebSite\",\"@id\":\"https:\/\/tierpark-bern.ch\/en\/#website\",\"url\":\"https:\/\/tierpark-bern.ch\/en\/\",\"name\":\"Tierpark Bern\",\"description\":\"\",\"publisher\":{\"@id\":\"https:\/\/tierpark-bern.ch\/en\/#organization\"},\"potentialAction\":[{\"@type\":\"SearchAction\",\"target\":{\"@type\":\"EntryPoint\",\"urlTemplate\":\"https:\/\/tierpark-bern.ch\/en\/?s={search_term_string}\"},\"query-input\":{\"@type\":\"PropertyValueSpecification\",\"valueRequired\":true,\"valueName\":\"search_term_string\"}}],\"inLanguage\":\"en-US\"},{\"@type\":\"Organization\",\"@id\":\"https:\/\/tierpark-bern.ch\/en\/#organization\",\"name\":\"Tierpark Bern | D\u00e4hlh\u00f6lzli + B\u00e4renPark\",\"alternateName\":\"Tierpark Bern\",\"url\":\"https:\/\/tierpark-bern.ch\/en\/\",\"logo\":{\"@type\":\"ImageObject\",\"inLanguage\":\"en-US\",\"@id\":\"https:\/\/tierpark-bern.ch\/en\/#\/schema\/logo\/image\/\",\"url\":\"https:\/\/tierpark-bern.ch\/web\/app\/uploads\/2024\/04\/tierpark-bern-696x696-1.jpg\",\"contentUrl\":\"https:\/\/tierpark-bern.ch\/web\/app\/uploads\/2024\/04\/tierpark-bern-696x696-1.jpg\",\"width\":696,\"height\":696,\"caption\":\"Tierpark Bern | D\u00e4hlh\u00f6lzli + B\u00e4renPark\"},\"image\":{\"@id\":\"https:\/\/tierpark-bern.ch\/en\/#\/schema\/logo\/image\/\"},\"sameAs\":[\"https:\/\/www.facebook.com\/tierparkbern\/\",\"https:\/\/x.com\/tierparkbern\",\"https:\/\/www.instagram.com\/tierparkbern\/\"]}]}<\/script>","yoast_head_json":{"title":"Entrance fees | Tierpark Bern","description":"All the information you need about our tickets, prices and special offers can be found here.","robots":{"index":"index","follow":"follow","max-snippet":"max-snippet:-1","max-image-preview":"max-image-preview:large","max-video-preview":"max-video-preview:-1"},"canonical":"https:\/\/tierpark-bern.ch\/en\/visiting-the-zoo\/entrance-fees\/","og_locale":"en_US","og_type":"article","og_title":"Entrance fees | Tierpark Bern","og_description":"All the information you need about our tickets, prices and special offers can be found here.","og_url":"https:\/\/tierpark-bern.ch\/en\/visiting-the-zoo\/entrance-fees\/","og_site_name":"Tierpark Bern","article_publisher":"https:\/\/www.facebook.com\/tierparkbern\/","article_modified_time":"2025-10-29T10:28:27+00:00","og_image":[{"width":1500,"height":998,"url":"https:\/\/tierpark-bern.ch\/web\/app\/uploads\/2022\/03\/Madagaskar-Taggecko.jpg","type":"image\/jpeg"}],"schema":{"@context":"https:\/\/schema.org","@graph":[{"@type":"WebPage","@id":"https:\/\/tierpark-bern.ch\/en\/visiting-the-zoo\/entrance-fees\/","url":"https:\/\/tierpark-bern.ch\/en\/visiting-the-zoo\/entrance-fees\/","name":"Entrance fees | Tierpark Bern","isPartOf":{"@id":"https:\/\/tierpark-bern.ch\/en\/#website"},"primaryImageOfPage":{"@id":"https:\/\/tierpark-bern.ch\/en\/visiting-the-zoo\/entrance-fees\/#primaryimage"},"image":{"@id":"https:\/\/tierpark-bern.ch\/en\/visiting-the-zoo\/entrance-fees\/#primaryimage"},"thumbnailUrl":"https:\/\/tierpark-bern.ch\/web\/app\/uploads\/2022\/03\/Madagaskar-Taggecko.jpg","datePublished":"2021-12-14T12:32:20+00:00","dateModified":"2025-10-29T10:28:27+00:00","description":"All the information you need about our tickets, prices and special offers can be found here.","breadcrumb":{"@id":"https:\/\/tierpark-bern.ch\/en\/visiting-the-zoo\/entrance-fees\/#breadcrumb"},"inLanguage":"en-US","potentialAction":[{"@type":"ReadAction","target":["https:\/\/tierpark-bern.ch\/en\/visiting-the-zoo\/entrance-fees\/"]}]},{"@type":"ImageObject","inLanguage":"en-US","@id":"https:\/\/tierpark-bern.ch\/en\/visiting-the-zoo\/entrance-fees\/#primaryimage","url":"https:\/\/tierpark-bern.ch\/web\/app\/uploads\/2022\/03\/Madagaskar-Taggecko.jpg","contentUrl":"https:\/\/tierpark-bern.ch\/web\/app\/uploads\/2022\/03\/Madagaskar-Taggecko.jpg","width":1500,"height":998},{"@type":"BreadcrumbList","@id":"https:\/\/tierpark-bern.ch\/en\/visiting-the-zoo\/entrance-fees\/#breadcrumb","itemListElement":[{"@type":"ListItem","position":1,"name":"Home","item":"https:\/\/tierpark-bern.ch\/en\/"},{"@type":"ListItem","position":2,"name":"Visiting the zoo","item":"https:\/\/tierpark-bern.ch\/en\/visiting-the-zoo\/"},{"@type":"ListItem","position":3,"name":"Entrance fees"}]},{"@type":"WebSite","@id":"https:\/\/tierpark-bern.ch\/en\/#website","url":"https:\/\/tierpark-bern.ch\/en\/","name":"Tierpark Bern","description":"","publisher":{"@id":"https:\/\/tierpark-bern.ch\/en\/#organization"},"potentialAction":[{"@type":"SearchAction","target":{"@type":"EntryPoint","urlTemplate":"https:\/\/tierpark-bern.ch\/en\/?s={search_term_string}"},"query-input":{"@type":"PropertyValueSpecification","valueRequired":true,"valueName":"search_term_string"}}],"inLanguage":"en-US"},{"@type":"Organization","@id":"https:\/\/tierpark-bern.ch\/en\/#organization","name":"Tierpark Bern | D\u00e4hlh\u00f6lzli + B\u00e4renPark","alternateName":"Tierpark Bern","url":"https:\/\/tierpark-bern.ch\/en\/","logo":{"@type":"ImageObject","inLanguage":"en-US","@id":"https:\/\/tierpark-bern.ch\/en\/#\/schema\/logo\/image\/","url":"https:\/\/tierpark-bern.ch\/web\/app\/uploads\/2024\/04\/tierpark-bern-696x696-1.jpg","contentUrl":"https:\/\/tierpark-bern.ch\/web\/app\/uploads\/2024\/04\/tierpark-bern-696x696-1.jpg","width":696,"height":696,"caption":"Tierpark Bern | D\u00e4hlh\u00f6lzli + B\u00e4renPark"},"image":{"@id":"https:\/\/tierpark-bern.ch\/en\/#\/schema\/logo\/image\/"},"sameAs":["https:\/\/www.facebook.com\/tierparkbern\/","https:\/\/x.com\/tierparkbern","https:\/\/www.instagram.com\/tierparkbern\/"]}]}},"_links":{"self":[{"href":"https:\/\/tierpark-bern.ch\/en\/wp-json\/wp\/v2\/pages\/38992","targetHints":{"allow":["GET"]}}],"collection":[{"href":"https:\/\/tierpark-bern.ch\/en\/wp-json\/wp\/v2\/pages"}],"about":[{"href":"https:\/\/tierpark-bern.ch\/en\/wp-json\/wp\/v2\/types\/page"}],"author":[{"embeddable":true,"href":"https:\/\/tierpark-bern.ch\/en\/wp-json\/wp\/v2\/users\/1"}],"replies":[{"embeddable":true,"href":"https:\/\/tierpark-bern.ch\/en\/wp-json\/wp\/v2\/comments?post=38992"}],"version-history":[{"count":0,"href":"https:\/\/tierpark-bern.ch\/en\/wp-json\/wp\/v2\/pages\/38992\/revisions"}],"up":[{"embeddable":true,"href":"https:\/\/tierpark-bern.ch\/en\/wp-json\/wp\/v2\/pages\/38557"}],"wp:featuredmedia":[{"embeddable":true,"href":"https:\/\/tierpark-bern.ch\/en\/wp-json\/wp\/v2\/media\/24806"}],"wp:attachment":[{"href":"https:\/\/tierpark-bern.ch\/en\/wp-json\/wp\/v2\/media?parent=38992"}],"curies":[{"name":"wp","href":"https:\/\/api.w.org\/{rel}","templated":true}]}}