
{"id":39066,"date":"2020-08-05T12:57:46","date_gmt":"2020-08-05T10:57:46","guid":{"rendered":"https:\/\/tierpark-bern.ch\/zoobesuch\/zoo-shop\/"},"modified":"2023-02-20T18:34:34","modified_gmt":"2023-02-20T17:34:34","slug":"zoo-shop","status":"publish","type":"page","link":"https:\/\/tierpark-bern.ch\/en\/visiting-the-zoo\/zoo-shop\/","title":{"rendered":"The zoo shop"},"content":{"rendered":"<div class=\"wpb-content-wrapper\"><p>[vc_row][vc_column][vc_column_text]<\/p>\n<h1>Visit our Zoo Shop<\/h1>\n<p>[\/vc_column_text][vc_column_text]Located in the middle of the children&#8217;s zoo, wishes still come true. Marlies Gyger and her team invite you to visit the Zoo Shop. Experience the fascination of cuddly animals, figurines, games and books as well as a large selection of umbrellas, caps, backpacks, bags, T-shirts, stationery items, rubber animals, key rings, games, postcards, jewellery, magnets, wonder bags and glac\u00e9s. A journey through the diversity of the zoo that will put a sparkle in every child&#8217;s eye. Every item purchased contributes to the welfare of the zoo&#8217;s animals. The Zoo Shop team is looking forward to your visit![\/vc_column_text][\/vc_column][\/vc_row][vc_row][vc_column][vc_column_text]<\/p>\n<h2>Zoo Shop opening hours<\/h2>\n<div class=\"tbl-open-dahlholzli-container top-20 bottom-20\">\n<table class=\"tbl-open-dahlholzli\">\n<tbody>\n<tr>\n<td>11:30 to 16:30<\/td>\n<\/tr>\n<\/tbody>\n<\/table>\n<\/div>\n<p>[\/vc_column_text][vc_column_text]<\/p>\n<h2>Telephone number<\/h2>\n<p>031 351 12 84<\/p>\n<h2>Zoo Shop Address<\/h2>\n<p>Tierparkweg 1, 3005 Bern, Switzerland[\/vc_column_text][vc_column_text]<\/p>\n<div class=\"zoo-link-info\">\n<div class=\"container\">\n<div class=\"row\">\n<div class=\"col-md-8 col-sm-12\">\n<div class=\"zoo-link-text-container\"><span class=\"zoo-link-text\">The Zoo Shop is run by the Animal Park association Bern<\/span><\/div>\n<\/div>\n<div class=\"col-md-4 col-sm-12 zoo-link-btn-container\"><span class=\"zoo-link-btn\"><a class=\"button button-zoo-info\" href=\"https:\/\/tierpark-bern.ch\/en\/support\/animal-park-association\/\" target=\"_self\" rel=\"noopener\">More about the Animal Park association\u00a0<i class=\"fa fa-long-arrow-right\"><\/i><\/a><\/span><\/div>\n<\/div>\n<\/div>\n<\/div>\n<p>[\/vc_column_text][\/vc_column][\/vc_row][vc_row][vc_column][vc_column_text]<\/p>\n<div class=\"zooshop-map-container\">\n<p><iframe class=\"zooshop-map\" title=\"Zoo shop map\" src=\"https:\/\/www.google.com\/maps\/embed?pb=!1m18!1m12!1m3!1d2724.4022894384902!2d7.445777315607333!3d46.93413197914594!2m3!1f0!2f0!3f0!3m2!1i1024!2i768!4f13.1!3m3!1m2!1s0x478e39cd233b640f%3A0x767c881ca2f61cd8!2sZoo-Shop!5e0!3m2!1sen!2sin!4v1634725112805!5m2!1sen!2sin\" allowfullscreen=\"allowfullscreen\"><\/iframe><\/p>\n<\/div>\n<p>[\/vc_column_text][\/vc_column][\/vc_row]<\/p>\n<\/div>","protected":false},"excerpt":{"rendered":"<p>Are you looking for an animal present? In our zoo shop near the children&#8217;s zoo in the D\u00e4hlh\u00f6lzli you will find a large selection.<\/p>\n","protected":false},"author":1,"featured_media":22364,"parent":38557,"menu_order":0,"comment_status":"closed","ping_status":"closed","template":"","meta":{"_acf_changed":false,"footnotes":""},"class_list":["post-39066","page","type-page","status-publish","has-post-thumbnail","hentry"],"acf":[],"yoast_head":"<title>The zoo shop | Tierpark Bern<\/title>\n<meta name=\"description\" content=\"Are you looking for an animal present? In our zoo shop near the children&#039;s zoo in the D\u00e4hlh\u00f6lzli you will find a large selection.\" \/>\n<meta name=\"robots\" content=\"index, follow, max-snippet:-1, max-image-preview:large, max-video-preview:-1\" \/>\n<link rel=\"canonical\" href=\"https:\/\/tierpark-bern.ch\/en\/visiting-the-zoo\/zoo-shop\/\" \/>\n<meta property=\"og:locale\" content=\"en_US\" \/>\n<meta property=\"og:type\" content=\"article\" \/>\n<meta property=\"og:title\" content=\"The zoo shop | Tierpark Bern\" \/>\n<meta property=\"og:description\" content=\"Are you looking for an animal present? In our zoo shop near the children&#039;s zoo in the D\u00e4hlh\u00f6lzli you will find a large selection.\" \/>\n<meta property=\"og:url\" content=\"https:\/\/tierpark-bern.ch\/en\/visiting-the-zoo\/zoo-shop\/\" \/>\n<meta property=\"og:site_name\" content=\"Tierpark Bern\" \/>\n<meta property=\"article:publisher\" content=\"https:\/\/www.facebook.com\/tierparkbern\/\" \/>\n<meta property=\"article:modified_time\" content=\"2023-02-20T17:34:34+00:00\" \/>\n<meta property=\"og:image\" content=\"https:\/\/tierpark-bern.ch\/web\/app\/uploads\/2022\/02\/ZooShop-Tierpark-Bern-2.jpg\" \/>\n\t<meta property=\"og:image:width\" content=\"560\" \/>\n\t<meta property=\"og:image:height\" content=\"370\" \/>\n\t<meta property=\"og:image:type\" content=\"image\/jpeg\" \/>\n<script type=\"application\/ld+json\" class=\"yoast-schema-graph\">{\"@context\":\"https:\/\/schema.org\",\"@graph\":[{\"@type\":\"WebPage\",\"@id\":\"https:\/\/tierpark-bern.ch\/en\/visiting-the-zoo\/zoo-shop\/\",\"url\":\"https:\/\/tierpark-bern.ch\/en\/visiting-the-zoo\/zoo-shop\/\",\"name\":\"The zoo shop | Tierpark Bern\",\"isPartOf\":{\"@id\":\"https:\/\/tierpark-bern.ch\/en\/#website\"},\"primaryImageOfPage\":{\"@id\":\"https:\/\/tierpark-bern.ch\/en\/visiting-the-zoo\/zoo-shop\/#primaryimage\"},\"image\":{\"@id\":\"https:\/\/tierpark-bern.ch\/en\/visiting-the-zoo\/zoo-shop\/#primaryimage\"},\"thumbnailUrl\":\"https:\/\/tierpark-bern.ch\/web\/app\/uploads\/2022\/02\/ZooShop-Tierpark-Bern-2.jpg\",\"datePublished\":\"2020-08-05T10:57:46+00:00\",\"dateModified\":\"2023-02-20T17:34:34+00:00\",\"description\":\"Are you looking for an animal present? In our zoo shop near the children's zoo in the D\u00e4hlh\u00f6lzli you will find a large selection.\",\"breadcrumb\":{\"@id\":\"https:\/\/tierpark-bern.ch\/en\/visiting-the-zoo\/zoo-shop\/#breadcrumb\"},\"inLanguage\":\"en-US\",\"potentialAction\":[{\"@type\":\"ReadAction\",\"target\":[\"https:\/\/tierpark-bern.ch\/en\/visiting-the-zoo\/zoo-shop\/\"]}]},{\"@type\":\"ImageObject\",\"inLanguage\":\"en-US\",\"@id\":\"https:\/\/tierpark-bern.ch\/en\/visiting-the-zoo\/zoo-shop\/#primaryimage\",\"url\":\"https:\/\/tierpark-bern.ch\/web\/app\/uploads\/2022\/02\/ZooShop-Tierpark-Bern-2.jpg\",\"contentUrl\":\"https:\/\/tierpark-bern.ch\/web\/app\/uploads\/2022\/02\/ZooShop-Tierpark-Bern-2.jpg\",\"width\":560,\"height\":370},{\"@type\":\"BreadcrumbList\",\"@id\":\"https:\/\/tierpark-bern.ch\/en\/visiting-the-zoo\/zoo-shop\/#breadcrumb\",\"itemListElement\":[{\"@type\":\"ListItem\",\"position\":1,\"name\":\"Home\",\"item\":\"https:\/\/tierpark-bern.ch\/en\/\"},{\"@type\":\"ListItem\",\"position\":2,\"name\":\"Visiting the zoo\",\"item\":\"https:\/\/tierpark-bern.ch\/en\/visiting-the-zoo\/\"},{\"@type\":\"ListItem\",\"position\":3,\"name\":\"The zoo shop\"}]},{\"@type\":\"WebSite\",\"@id\":\"https:\/\/tierpark-bern.ch\/en\/#website\",\"url\":\"https:\/\/tierpark-bern.ch\/en\/\",\"name\":\"Tierpark Bern\",\"description\":\"\",\"publisher\":{\"@id\":\"https:\/\/tierpark-bern.ch\/en\/#organization\"},\"potentialAction\":[{\"@type\":\"SearchAction\",\"target\":{\"@type\":\"EntryPoint\",\"urlTemplate\":\"https:\/\/tierpark-bern.ch\/en\/?s={search_term_string}\"},\"query-input\":{\"@type\":\"PropertyValueSpecification\",\"valueRequired\":true,\"valueName\":\"search_term_string\"}}],\"inLanguage\":\"en-US\"},{\"@type\":\"Organization\",\"@id\":\"https:\/\/tierpark-bern.ch\/en\/#organization\",\"name\":\"Tierpark Bern | D\u00e4hlh\u00f6lzli + B\u00e4renPark\",\"alternateName\":\"Tierpark Bern\",\"url\":\"https:\/\/tierpark-bern.ch\/en\/\",\"logo\":{\"@type\":\"ImageObject\",\"inLanguage\":\"en-US\",\"@id\":\"https:\/\/tierpark-bern.ch\/en\/#\/schema\/logo\/image\/\",\"url\":\"https:\/\/tierpark-bern.ch\/web\/app\/uploads\/2024\/04\/tierpark-bern-696x696-1.jpg\",\"contentUrl\":\"https:\/\/tierpark-bern.ch\/web\/app\/uploads\/2024\/04\/tierpark-bern-696x696-1.jpg\",\"width\":696,\"height\":696,\"caption\":\"Tierpark Bern | D\u00e4hlh\u00f6lzli + B\u00e4renPark\"},\"image\":{\"@id\":\"https:\/\/tierpark-bern.ch\/en\/#\/schema\/logo\/image\/\"},\"sameAs\":[\"https:\/\/www.facebook.com\/tierparkbern\/\",\"https:\/\/x.com\/tierparkbern\",\"https:\/\/www.instagram.com\/tierparkbern\/\"]}]}<\/script>","yoast_head_json":{"title":"The zoo shop | Tierpark Bern","description":"Are you looking for an animal present? In our zoo shop near the children's zoo in the D\u00e4hlh\u00f6lzli you will find a large selection.","robots":{"index":"index","follow":"follow","max-snippet":"max-snippet:-1","max-image-preview":"max-image-preview:large","max-video-preview":"max-video-preview:-1"},"canonical":"https:\/\/tierpark-bern.ch\/en\/visiting-the-zoo\/zoo-shop\/","og_locale":"en_US","og_type":"article","og_title":"The zoo shop | Tierpark Bern","og_description":"Are you looking for an animal present? In our zoo shop near the children's zoo in the D\u00e4hlh\u00f6lzli you will find a large selection.","og_url":"https:\/\/tierpark-bern.ch\/en\/visiting-the-zoo\/zoo-shop\/","og_site_name":"Tierpark Bern","article_publisher":"https:\/\/www.facebook.com\/tierparkbern\/","article_modified_time":"2023-02-20T17:34:34+00:00","og_image":[{"width":560,"height":370,"url":"https:\/\/tierpark-bern.ch\/web\/app\/uploads\/2022\/02\/ZooShop-Tierpark-Bern-2.jpg","type":"image\/jpeg"}],"schema":{"@context":"https:\/\/schema.org","@graph":[{"@type":"WebPage","@id":"https:\/\/tierpark-bern.ch\/en\/visiting-the-zoo\/zoo-shop\/","url":"https:\/\/tierpark-bern.ch\/en\/visiting-the-zoo\/zoo-shop\/","name":"The zoo shop | Tierpark Bern","isPartOf":{"@id":"https:\/\/tierpark-bern.ch\/en\/#website"},"primaryImageOfPage":{"@id":"https:\/\/tierpark-bern.ch\/en\/visiting-the-zoo\/zoo-shop\/#primaryimage"},"image":{"@id":"https:\/\/tierpark-bern.ch\/en\/visiting-the-zoo\/zoo-shop\/#primaryimage"},"thumbnailUrl":"https:\/\/tierpark-bern.ch\/web\/app\/uploads\/2022\/02\/ZooShop-Tierpark-Bern-2.jpg","datePublished":"2020-08-05T10:57:46+00:00","dateModified":"2023-02-20T17:34:34+00:00","description":"Are you looking for an animal present? In our zoo shop near the children's zoo in the D\u00e4hlh\u00f6lzli you will find a large selection.","breadcrumb":{"@id":"https:\/\/tierpark-bern.ch\/en\/visiting-the-zoo\/zoo-shop\/#breadcrumb"},"inLanguage":"en-US","potentialAction":[{"@type":"ReadAction","target":["https:\/\/tierpark-bern.ch\/en\/visiting-the-zoo\/zoo-shop\/"]}]},{"@type":"ImageObject","inLanguage":"en-US","@id":"https:\/\/tierpark-bern.ch\/en\/visiting-the-zoo\/zoo-shop\/#primaryimage","url":"https:\/\/tierpark-bern.ch\/web\/app\/uploads\/2022\/02\/ZooShop-Tierpark-Bern-2.jpg","contentUrl":"https:\/\/tierpark-bern.ch\/web\/app\/uploads\/2022\/02\/ZooShop-Tierpark-Bern-2.jpg","width":560,"height":370},{"@type":"BreadcrumbList","@id":"https:\/\/tierpark-bern.ch\/en\/visiting-the-zoo\/zoo-shop\/#breadcrumb","itemListElement":[{"@type":"ListItem","position":1,"name":"Home","item":"https:\/\/tierpark-bern.ch\/en\/"},{"@type":"ListItem","position":2,"name":"Visiting the zoo","item":"https:\/\/tierpark-bern.ch\/en\/visiting-the-zoo\/"},{"@type":"ListItem","position":3,"name":"The zoo shop"}]},{"@type":"WebSite","@id":"https:\/\/tierpark-bern.ch\/en\/#website","url":"https:\/\/tierpark-bern.ch\/en\/","name":"Tierpark Bern","description":"","publisher":{"@id":"https:\/\/tierpark-bern.ch\/en\/#organization"},"potentialAction":[{"@type":"SearchAction","target":{"@type":"EntryPoint","urlTemplate":"https:\/\/tierpark-bern.ch\/en\/?s={search_term_string}"},"query-input":{"@type":"PropertyValueSpecification","valueRequired":true,"valueName":"search_term_string"}}],"inLanguage":"en-US"},{"@type":"Organization","@id":"https:\/\/tierpark-bern.ch\/en\/#organization","name":"Tierpark Bern | D\u00e4hlh\u00f6lzli + B\u00e4renPark","alternateName":"Tierpark Bern","url":"https:\/\/tierpark-bern.ch\/en\/","logo":{"@type":"ImageObject","inLanguage":"en-US","@id":"https:\/\/tierpark-bern.ch\/en\/#\/schema\/logo\/image\/","url":"https:\/\/tierpark-bern.ch\/web\/app\/uploads\/2024\/04\/tierpark-bern-696x696-1.jpg","contentUrl":"https:\/\/tierpark-bern.ch\/web\/app\/uploads\/2024\/04\/tierpark-bern-696x696-1.jpg","width":696,"height":696,"caption":"Tierpark Bern | D\u00e4hlh\u00f6lzli + B\u00e4renPark"},"image":{"@id":"https:\/\/tierpark-bern.ch\/en\/#\/schema\/logo\/image\/"},"sameAs":["https:\/\/www.facebook.com\/tierparkbern\/","https:\/\/x.com\/tierparkbern","https:\/\/www.instagram.com\/tierparkbern\/"]}]}},"_links":{"self":[{"href":"https:\/\/tierpark-bern.ch\/en\/wp-json\/wp\/v2\/pages\/39066","targetHints":{"allow":["GET"]}}],"collection":[{"href":"https:\/\/tierpark-bern.ch\/en\/wp-json\/wp\/v2\/pages"}],"about":[{"href":"https:\/\/tierpark-bern.ch\/en\/wp-json\/wp\/v2\/types\/page"}],"author":[{"embeddable":true,"href":"https:\/\/tierpark-bern.ch\/en\/wp-json\/wp\/v2\/users\/1"}],"replies":[{"embeddable":true,"href":"https:\/\/tierpark-bern.ch\/en\/wp-json\/wp\/v2\/comments?post=39066"}],"version-history":[{"count":0,"href":"https:\/\/tierpark-bern.ch\/en\/wp-json\/wp\/v2\/pages\/39066\/revisions"}],"up":[{"embeddable":true,"href":"https:\/\/tierpark-bern.ch\/en\/wp-json\/wp\/v2\/pages\/38557"}],"wp:featuredmedia":[{"embeddable":true,"href":"https:\/\/tierpark-bern.ch\/en\/wp-json\/wp\/v2\/media\/22364"}],"wp:attachment":[{"href":"https:\/\/tierpark-bern.ch\/en\/wp-json\/wp\/v2\/media?parent=39066"}],"curies":[{"name":"wp","href":"https:\/\/api.w.org\/{rel}","templated":true}]}}