
{"id":39078,"date":"2020-08-08T12:33:08","date_gmt":"2020-08-08T10:33:08","guid":{"rendered":"https:\/\/tierpark-bern.ch\/baerenpark\/anreise\/"},"modified":"2023-11-21T12:20:32","modified_gmt":"2023-11-21T11:20:32","slug":"getting-here","status":"publish","type":"page","link":"https:\/\/tierpark-bern.ch\/en\/bearpark\/getting-here\/","title":{"rendered":"Getting to the BearPark"},"content":{"rendered":"<div class=\"wpb-content-wrapper\"><p>[vc_row][vc_column][vc_column_text]<\/p>\n<h1>Journey to the BearPark<\/h1>\n<p>As there are only a few parking spaces available in the vicinity of the BearPark, it is advisable to arrive by public transport (\u00d6V).[\/vc_column_text][vc_column_text]<\/p>\n<h2>Address<\/h2>\n<p>BearPark<br \/>\nGrosser Muristalden 4<br \/>\n3006 Bern[\/vc_column_text][vc_column_text]<\/p>\n<h2>Phone<\/h2>\n<p>+41 31 321 15 25[\/vc_column_text][vc_column_text]<iframe loading=\"lazy\" style=\"border: 0;\" title=\"Google Karte B\u00e4renPark\" src=\"https:\/\/www.google.com\/maps\/embed?pb=!1m18!1m12!1m3!1d1474.9927799527393!2d7.457643035263457!3d46.94782761427886!2m3!1f0!2f0!3f0!3m2!1i1024!2i768!4f13.1!3m3!1m2!1s0x478e39853d3801c3%3A0x60a92b1de0d32ab7!2sB%C3%A4renpark!5e0!3m2!1sen!2sen!4v1634591257169!5m2!1sen!2sen\" width=\"100%\" height=\"450\" allowfullscreen=\"allowfullscreen\"><\/iframe><br \/>\n[\/vc_column_text][\/vc_column][\/vc_row][vc_row][vc_column][vc_column_text]<div class=\"faq-section top-20 bottom-50\"><div class=\"accordion accordion--bordered\">\n                                        <div class=\"accordion__title-block\" role=\"button\">\n                                            <span class=\"accordion__title\">Arrival on foot<\/span>\n                                            <span class=\"accordion__close\"><\/span>\n                                        <\/div>\n                                        <div class=\"accordion__text-block\">\n                                            <p><p>The BearPark is easily accessible through the old town or along the Aare on footpaths.<\/p>\n<p><a class=\"button button--tierpark\" href=\"https:\/\/www.google.com\/maps\/place\/B%C3%A4renpark\/@46.9412728,7.4455823,15z\/data=!4m5!3m4!1s0x478e39853d3801c3:0x60a92b1de0d32ab7!8m2!3d46.9479881!4d7.4591549\" target=\"_blank\" rel=\"noopener\" aria-label=\"Plan your journey on foot (Google Maps)\">Plan your journey on foot (Google Maps)<\/a><\/p>\n<\/p>\n                                        <\/div>\n                                      <\/div><div class=\"accordion accordion--bordered\">\n                                        <div class=\"accordion__title-block\" role=\"button\">\n                                            <span class=\"accordion__title\">Arrival by public transport<\/span>\n                                            <span class=\"accordion__close\"><\/span>\n                                        <\/div>\n                                        <div class=\"accordion__text-block\">\n                                            <p><p>From Bern main station, take bus no. 12 from BERNMOBIL, direction Zentrum Paul Klee \/ Schosshalde. The bus stop &#8220;BearPark&#8221; is right next to the BearPark.<\/p>\n<p>Bus line no. 12 with the stop &#8220;BearPark&#8221; was checked for wheelchair accessibility according to the following criteria:<\/p>\n<ul>\n<li>Ramp inclination<\/li>\n<li>Platform width<\/li>\n<li>Accessibility<\/li>\n<\/ul>\n<p>and meets the required standards, the information pillars are marked with corresponding pictograms.<\/p>\n<p><a class=\"button button--tierpark\" href=\"https:\/\/www.bernmobil.ch\/de\" target=\"_blank\" rel=\"noopener\" aria-label=\"Plan your journey with BERNMOBIL\">Plan your journey with BERNMOBIL<\/a><\/p>\n<\/p>\n                                        <\/div>\n                                      <\/div><div class=\"accordion accordion--bordered\">\n                                        <div class=\"accordion__title-block\" role=\"button\">\n                                            <span class=\"accordion__title\">Arrival by car<\/span>\n                                            <span class=\"accordion__close\"><\/span>\n                                        <\/div>\n                                        <div class=\"accordion__text-block\">\n                                            <p><p>The Wankdorf and Ostring motorway exits are the closest exits. As soon as you leave the motorway, always drive in the direction of Stadt\/B\u00e4rengraben.<\/p>\n<p><a class=\"button button--tierpark\" href=\"https:\/\/www.google.com\/maps\/place\/B%C3%A4renpark\/@46.9412728,7.4455823,15z\/data=!4m5!3m4!1s0x478e39853d3801c3:0x60a92b1de0d32ab7!8m2!3d46.9479881!4d7.4591549\" target=\"_blank\" rel=\"noopener\" aria-label=\"Plan your journey by car (Google Maps)\">Plan your journey by car (Google Maps)<\/a><\/p>\n<\/p>\n                                        <\/div>\n                                      <\/div><div class=\"accordion accordion--bordered\">\n                                        <div class=\"accordion__title-block\" role=\"button\">\n                                            <span class=\"accordion__title\">Parking spaces in the immediate vicinity<\/span>\n                                            <span class=\"accordion__close\"><\/span>\n                                        <\/div>\n                                        <div class=\"accordion__text-block\">\n                                            <p><p>Grosser Muristalden (blue zone), Aargauerstalden (blue zone), Nydeggbr\u00fccke and Kl\u00f6sterlistutz (paid parking)<\/p>\n<p>Day parking tickets for the blue zone can be purchased at the BERNMOBIL ticket machines. Parking time 4 hours for CHF 9.-, parking time 24 hours for CHF 16.-.<\/p>\n<p>A central parking meter is available for the paid parking spaces. Cost for 1 hour: CHF 2.20 (maximum 6 hours).<\/p>\n<p><a class=\"link target_blank button button--tierpark\" title=\"You can also order parking tickets online here\" href=\"https:\/\/www.bern.ch\/themen\/mobilitat-und-verkehr\/motorrad-und-auto\/parkieren\" target=\"_blank\" rel=\"noopener\">You can also order parking tickets online here<\/a><\/p>\n<\/p>\n                                        <\/div>\n                                      <\/div><\/div>[\/vc_column_text][\/vc_column][\/vc_row][vc_row][vc_column][vc_column_text]<\/p>\n<div class=\"zoo-link-info\">\n<div class=\"container\">\n<div class=\"row\">\n<div class=\"col-md-8 col-sm-12\">\n<div class=\"zoo-link-text-container\"><span class=\"zoo-link-text\">Would you like to plan your journey to the D\u00e4hlh\u00f6lzli-Zoo?<\/span><\/div>\n<\/div>\n<div class=\"col-md-4 col-sm-12 zoo-link-btn-container\"><span class=\"zoo-link-btn\"><a class=\"button button-zoo-info\" href=\"https:\/\/tierpark-bern.ch\/en\/visiting-the-zoo\/getting-here\/\">To the D\u00e4hlh\u00f6lzli\u00a0<i class=\"fa fa-long-arrow-right\"><\/i><\/a><\/span><\/div>\n<\/div>\n<\/div>\n<\/div>\n<p>[\/vc_column_text][\/vc_column][\/vc_row]<\/p>\n<\/div>","protected":false},"excerpt":{"rendered":"<p>If you catch bus number 12, direction Paul Klee Centre, you can reach the BearPark from Bern&#8217;s main station in 6 minutes.<\/p>\n","protected":false},"author":10,"featured_media":22312,"parent":38571,"menu_order":0,"comment_status":"closed","ping_status":"closed","template":"","meta":{"_acf_changed":false,"footnotes":""},"class_list":["post-39078","page","type-page","status-publish","has-post-thumbnail","hentry"],"acf":[],"yoast_head":"<title>Getting to the BearPark | Tierpark Bern<\/title>\n<meta name=\"description\" content=\"If you catch bus number 12, direction Paul Klee Centre, you can reach the BearPark from Bern&#039;s main station in 6 minutes.\" \/>\n<meta name=\"robots\" content=\"index, follow, max-snippet:-1, max-image-preview:large, max-video-preview:-1\" \/>\n<link rel=\"canonical\" href=\"https:\/\/tierpark-bern.ch\/en\/bearpark\/getting-here\/\" \/>\n<meta property=\"og:locale\" content=\"en_US\" \/>\n<meta property=\"og:type\" content=\"article\" \/>\n<meta property=\"og:title\" content=\"Getting to the BearPark | Tierpark Bern\" \/>\n<meta property=\"og:description\" content=\"If you catch bus number 12, direction Paul Klee Centre, you can reach the BearPark from Bern&#039;s main station in 6 minutes.\" \/>\n<meta property=\"og:url\" content=\"https:\/\/tierpark-bern.ch\/en\/bearpark\/getting-here\/\" \/>\n<meta property=\"og:site_name\" content=\"Tierpark Bern\" \/>\n<meta property=\"article:publisher\" content=\"https:\/\/www.facebook.com\/tierparkbern\/\" \/>\n<meta property=\"article:modified_time\" content=\"2023-11-21T11:20:32+00:00\" \/>\n<meta property=\"og:image\" content=\"https:\/\/tierpark-bern.ch\/web\/app\/uploads\/2020\/07\/finn-baerenpark-53-bern-schweiz.jpg\" \/>\n\t<meta property=\"og:image:width\" content=\"1500\" \/>\n\t<meta property=\"og:image:height\" content=\"998\" \/>\n\t<meta property=\"og:image:type\" content=\"image\/jpeg\" \/>\n<script type=\"application\/ld+json\" class=\"yoast-schema-graph\">{\"@context\":\"https:\/\/schema.org\",\"@graph\":[{\"@type\":\"WebPage\",\"@id\":\"https:\/\/tierpark-bern.ch\/en\/bearpark\/getting-here\/\",\"url\":\"https:\/\/tierpark-bern.ch\/en\/bearpark\/getting-here\/\",\"name\":\"Getting to the BearPark | Tierpark Bern\",\"isPartOf\":{\"@id\":\"https:\/\/tierpark-bern.ch\/en\/#website\"},\"primaryImageOfPage\":{\"@id\":\"https:\/\/tierpark-bern.ch\/en\/bearpark\/getting-here\/#primaryimage\"},\"image\":{\"@id\":\"https:\/\/tierpark-bern.ch\/en\/bearpark\/getting-here\/#primaryimage\"},\"thumbnailUrl\":\"https:\/\/tierpark-bern.ch\/web\/app\/uploads\/2020\/07\/finn-baerenpark-53-bern-schweiz.jpg\",\"datePublished\":\"2020-08-08T10:33:08+00:00\",\"dateModified\":\"2023-11-21T11:20:32+00:00\",\"description\":\"If you catch bus number 12, direction Paul Klee Centre, you can reach the BearPark from Bern's main station in 6 minutes.\",\"breadcrumb\":{\"@id\":\"https:\/\/tierpark-bern.ch\/en\/bearpark\/getting-here\/#breadcrumb\"},\"inLanguage\":\"en-US\",\"potentialAction\":[{\"@type\":\"ReadAction\",\"target\":[\"https:\/\/tierpark-bern.ch\/en\/bearpark\/getting-here\/\"]}]},{\"@type\":\"ImageObject\",\"inLanguage\":\"en-US\",\"@id\":\"https:\/\/tierpark-bern.ch\/en\/bearpark\/getting-here\/#primaryimage\",\"url\":\"https:\/\/tierpark-bern.ch\/web\/app\/uploads\/2020\/07\/finn-baerenpark-53-bern-schweiz.jpg\",\"contentUrl\":\"https:\/\/tierpark-bern.ch\/web\/app\/uploads\/2020\/07\/finn-baerenpark-53-bern-schweiz.jpg\",\"width\":1500,\"height\":998,\"caption\":\"\\\"Finn\\\" loves the water in the BearPark (September 2015)\"},{\"@type\":\"BreadcrumbList\",\"@id\":\"https:\/\/tierpark-bern.ch\/en\/bearpark\/getting-here\/#breadcrumb\",\"itemListElement\":[{\"@type\":\"ListItem\",\"position\":1,\"name\":\"Home\",\"item\":\"https:\/\/tierpark-bern.ch\/en\/\"},{\"@type\":\"ListItem\",\"position\":2,\"name\":\"BearPark\",\"item\":\"https:\/\/tierpark-bern.ch\/en\/bearpark\/\"},{\"@type\":\"ListItem\",\"position\":3,\"name\":\"Getting to the BearPark\"}]},{\"@type\":\"WebSite\",\"@id\":\"https:\/\/tierpark-bern.ch\/en\/#website\",\"url\":\"https:\/\/tierpark-bern.ch\/en\/\",\"name\":\"Tierpark Bern\",\"description\":\"\",\"publisher\":{\"@id\":\"https:\/\/tierpark-bern.ch\/en\/#organization\"},\"potentialAction\":[{\"@type\":\"SearchAction\",\"target\":{\"@type\":\"EntryPoint\",\"urlTemplate\":\"https:\/\/tierpark-bern.ch\/en\/?s={search_term_string}\"},\"query-input\":{\"@type\":\"PropertyValueSpecification\",\"valueRequired\":true,\"valueName\":\"search_term_string\"}}],\"inLanguage\":\"en-US\"},{\"@type\":\"Organization\",\"@id\":\"https:\/\/tierpark-bern.ch\/en\/#organization\",\"name\":\"Tierpark Bern | D\u00e4hlh\u00f6lzli + B\u00e4renPark\",\"alternateName\":\"Tierpark Bern\",\"url\":\"https:\/\/tierpark-bern.ch\/en\/\",\"logo\":{\"@type\":\"ImageObject\",\"inLanguage\":\"en-US\",\"@id\":\"https:\/\/tierpark-bern.ch\/en\/#\/schema\/logo\/image\/\",\"url\":\"https:\/\/tierpark-bern.ch\/web\/app\/uploads\/2024\/04\/tierpark-bern-696x696-1.jpg\",\"contentUrl\":\"https:\/\/tierpark-bern.ch\/web\/app\/uploads\/2024\/04\/tierpark-bern-696x696-1.jpg\",\"width\":696,\"height\":696,\"caption\":\"Tierpark Bern | D\u00e4hlh\u00f6lzli + B\u00e4renPark\"},\"image\":{\"@id\":\"https:\/\/tierpark-bern.ch\/en\/#\/schema\/logo\/image\/\"},\"sameAs\":[\"https:\/\/www.facebook.com\/tierparkbern\/\",\"https:\/\/x.com\/tierparkbern\",\"https:\/\/www.instagram.com\/tierparkbern\/\"]}]}<\/script>","yoast_head_json":{"title":"Getting to the BearPark | Tierpark Bern","description":"If you catch bus number 12, direction Paul Klee Centre, you can reach the BearPark from Bern's main station in 6 minutes.","robots":{"index":"index","follow":"follow","max-snippet":"max-snippet:-1","max-image-preview":"max-image-preview:large","max-video-preview":"max-video-preview:-1"},"canonical":"https:\/\/tierpark-bern.ch\/en\/bearpark\/getting-here\/","og_locale":"en_US","og_type":"article","og_title":"Getting to the BearPark | Tierpark Bern","og_description":"If you catch bus number 12, direction Paul Klee Centre, you can reach the BearPark from Bern's main station in 6 minutes.","og_url":"https:\/\/tierpark-bern.ch\/en\/bearpark\/getting-here\/","og_site_name":"Tierpark Bern","article_publisher":"https:\/\/www.facebook.com\/tierparkbern\/","article_modified_time":"2023-11-21T11:20:32+00:00","og_image":[{"width":1500,"height":998,"url":"https:\/\/tierpark-bern.ch\/web\/app\/uploads\/2020\/07\/finn-baerenpark-53-bern-schweiz.jpg","type":"image\/jpeg"}],"schema":{"@context":"https:\/\/schema.org","@graph":[{"@type":"WebPage","@id":"https:\/\/tierpark-bern.ch\/en\/bearpark\/getting-here\/","url":"https:\/\/tierpark-bern.ch\/en\/bearpark\/getting-here\/","name":"Getting to the BearPark | Tierpark Bern","isPartOf":{"@id":"https:\/\/tierpark-bern.ch\/en\/#website"},"primaryImageOfPage":{"@id":"https:\/\/tierpark-bern.ch\/en\/bearpark\/getting-here\/#primaryimage"},"image":{"@id":"https:\/\/tierpark-bern.ch\/en\/bearpark\/getting-here\/#primaryimage"},"thumbnailUrl":"https:\/\/tierpark-bern.ch\/web\/app\/uploads\/2020\/07\/finn-baerenpark-53-bern-schweiz.jpg","datePublished":"2020-08-08T10:33:08+00:00","dateModified":"2023-11-21T11:20:32+00:00","description":"If you catch bus number 12, direction Paul Klee Centre, you can reach the BearPark from Bern's main station in 6 minutes.","breadcrumb":{"@id":"https:\/\/tierpark-bern.ch\/en\/bearpark\/getting-here\/#breadcrumb"},"inLanguage":"en-US","potentialAction":[{"@type":"ReadAction","target":["https:\/\/tierpark-bern.ch\/en\/bearpark\/getting-here\/"]}]},{"@type":"ImageObject","inLanguage":"en-US","@id":"https:\/\/tierpark-bern.ch\/en\/bearpark\/getting-here\/#primaryimage","url":"https:\/\/tierpark-bern.ch\/web\/app\/uploads\/2020\/07\/finn-baerenpark-53-bern-schweiz.jpg","contentUrl":"https:\/\/tierpark-bern.ch\/web\/app\/uploads\/2020\/07\/finn-baerenpark-53-bern-schweiz.jpg","width":1500,"height":998,"caption":"\"Finn\" loves the water in the BearPark (September 2015)"},{"@type":"BreadcrumbList","@id":"https:\/\/tierpark-bern.ch\/en\/bearpark\/getting-here\/#breadcrumb","itemListElement":[{"@type":"ListItem","position":1,"name":"Home","item":"https:\/\/tierpark-bern.ch\/en\/"},{"@type":"ListItem","position":2,"name":"BearPark","item":"https:\/\/tierpark-bern.ch\/en\/bearpark\/"},{"@type":"ListItem","position":3,"name":"Getting to the BearPark"}]},{"@type":"WebSite","@id":"https:\/\/tierpark-bern.ch\/en\/#website","url":"https:\/\/tierpark-bern.ch\/en\/","name":"Tierpark Bern","description":"","publisher":{"@id":"https:\/\/tierpark-bern.ch\/en\/#organization"},"potentialAction":[{"@type":"SearchAction","target":{"@type":"EntryPoint","urlTemplate":"https:\/\/tierpark-bern.ch\/en\/?s={search_term_string}"},"query-input":{"@type":"PropertyValueSpecification","valueRequired":true,"valueName":"search_term_string"}}],"inLanguage":"en-US"},{"@type":"Organization","@id":"https:\/\/tierpark-bern.ch\/en\/#organization","name":"Tierpark Bern | D\u00e4hlh\u00f6lzli + B\u00e4renPark","alternateName":"Tierpark Bern","url":"https:\/\/tierpark-bern.ch\/en\/","logo":{"@type":"ImageObject","inLanguage":"en-US","@id":"https:\/\/tierpark-bern.ch\/en\/#\/schema\/logo\/image\/","url":"https:\/\/tierpark-bern.ch\/web\/app\/uploads\/2024\/04\/tierpark-bern-696x696-1.jpg","contentUrl":"https:\/\/tierpark-bern.ch\/web\/app\/uploads\/2024\/04\/tierpark-bern-696x696-1.jpg","width":696,"height":696,"caption":"Tierpark Bern | D\u00e4hlh\u00f6lzli + B\u00e4renPark"},"image":{"@id":"https:\/\/tierpark-bern.ch\/en\/#\/schema\/logo\/image\/"},"sameAs":["https:\/\/www.facebook.com\/tierparkbern\/","https:\/\/x.com\/tierparkbern","https:\/\/www.instagram.com\/tierparkbern\/"]}]}},"_links":{"self":[{"href":"https:\/\/tierpark-bern.ch\/en\/wp-json\/wp\/v2\/pages\/39078","targetHints":{"allow":["GET"]}}],"collection":[{"href":"https:\/\/tierpark-bern.ch\/en\/wp-json\/wp\/v2\/pages"}],"about":[{"href":"https:\/\/tierpark-bern.ch\/en\/wp-json\/wp\/v2\/types\/page"}],"author":[{"embeddable":true,"href":"https:\/\/tierpark-bern.ch\/en\/wp-json\/wp\/v2\/users\/10"}],"replies":[{"embeddable":true,"href":"https:\/\/tierpark-bern.ch\/en\/wp-json\/wp\/v2\/comments?post=39078"}],"version-history":[{"count":0,"href":"https:\/\/tierpark-bern.ch\/en\/wp-json\/wp\/v2\/pages\/39078\/revisions"}],"up":[{"embeddable":true,"href":"https:\/\/tierpark-bern.ch\/en\/wp-json\/wp\/v2\/pages\/38571"}],"wp:featuredmedia":[{"embeddable":true,"href":"https:\/\/tierpark-bern.ch\/en\/wp-json\/wp\/v2\/media\/22312"}],"wp:attachment":[{"href":"https:\/\/tierpark-bern.ch\/en\/wp-json\/wp\/v2\/media?parent=39078"}],"curies":[{"name":"wp","href":"https:\/\/api.w.org\/{rel}","templated":true}]}}