
{"id":39096,"date":"2022-01-17T23:41:51","date_gmt":"2022-01-17T22:41:51","guid":{"rendered":"https:\/\/tierpark-bern.ch\/baerenpark\/gastronomie\/"},"modified":"2023-02-24T14:23:22","modified_gmt":"2023-02-24T13:23:22","slug":"restaurants","status":"publish","type":"page","link":"https:\/\/tierpark-bern.ch\/en\/bearpark\/restaurants\/","title":{"rendered":"Restaurants"},"content":{"rendered":"<div class=\"wpb-content-wrapper\"><p>[vc_row][vc_column][vc_column_text]<\/p>\n<h1>Discover gastronomy in the surroundings<\/h1>\n<p>If you make a trip to the BearPark, you can look forward to many delicacies. There are several restaurants in the immediate vicinity of the BearPark.<\/p>\n<ul class=\"tiere-list-style\">\n<li><a href=\"https:\/\/albertfrida.ch\/\" target=\"_blank\" rel=\"noopener\">Albert &amp; Frida<\/a><\/li>\n<li><a href=\"https:\/\/www.altestramdepot.ch\/\" target=\"_blank\" rel=\"noopener\">Altes Tramdepot<\/a><\/li>\n<li><a href=\"https:\/\/brasseriebaerengraben.ch\/\" target=\"_blank\" rel=\"noopener\">Brasserie B\u00e4rengraben<\/a><\/li>\n<li><a href=\"https:\/\/kloesterlibern.ch\/\" target=\"_blank\" rel=\"noopener\">Kl\u00f6sterlil Weincaf\u00e9<\/a><\/li>\n<li><a href=\"https:\/\/www.rosengarten.be\/\" target=\"_blank\" rel=\"noopener\">Restaurant Rosengarten<\/a><\/li>\n<\/ul>\n<p>[\/vc_column_text][\/vc_column][\/vc_row][vc_row][vc_column][vc_column_text]<\/p>\n<h2>Your event at the BearPark<\/h2>\n<p>In the small Bear Pit you can celebrate in an extraordinary atmosphere. Whether it&#8217;s a birthday, wedding, company party or family celebration &#8211; the small bear pit is ideal for special occasions.<\/p>\n<p><a class=\"button button--primary button--tierpark\" href=\"https:\/\/tierpark-bern.ch\/en\/erlebnisse\/ihr-anlass-im-zoo\/baerenpark\/\">Book your own event at the BearPark<\/a><\/p>\n<p>[\/vc_column_text][\/vc_column][\/vc_row]<\/p>\n<\/div>","protected":false},"excerpt":{"rendered":"<p>Whether it&#8217;s a birthday, wedding, company party or family celebration &#8211; the B\u00e4rengraben is ideal for special occasions.<\/p>\n","protected":false},"author":1,"featured_media":22274,"parent":38571,"menu_order":0,"comment_status":"closed","ping_status":"closed","template":"","meta":{"_acf_changed":false,"footnotes":""},"class_list":["post-39096","page","type-page","status-publish","has-post-thumbnail","hentry"],"acf":[],"yoast_head":"<title>Restaurants | Tierpark Bern<\/title>\n<meta name=\"description\" content=\"Whether it&#039;s a birthday, wedding, company party or family celebration - the B\u00e4rengraben is ideal for special occasions.\" \/>\n<meta name=\"robots\" content=\"index, follow, max-snippet:-1, max-image-preview:large, max-video-preview:-1\" \/>\n<link rel=\"canonical\" href=\"https:\/\/tierpark-bern.ch\/en\/bearpark\/restaurants\/\" \/>\n<meta property=\"og:locale\" content=\"en_US\" \/>\n<meta property=\"og:type\" content=\"article\" \/>\n<meta property=\"og:title\" content=\"Restaurants | Tierpark Bern\" \/>\n<meta property=\"og:description\" content=\"Whether it&#039;s a birthday, wedding, company party or family celebration - the B\u00e4rengraben is ideal for special occasions.\" \/>\n<meta property=\"og:url\" content=\"https:\/\/tierpark-bern.ch\/en\/bearpark\/restaurants\/\" \/>\n<meta property=\"og:site_name\" content=\"Tierpark Bern\" \/>\n<meta property=\"article:publisher\" content=\"https:\/\/www.facebook.com\/tierparkbern\/\" \/>\n<meta property=\"article:modified_time\" content=\"2023-02-24T13:23:22+00:00\" \/>\n<meta property=\"og:image\" content=\"https:\/\/tierpark-bern.ch\/web\/app\/uploads\/2020\/07\/ursina-baerenpark-46-bern-schweiz.jpg\" \/>\n\t<meta property=\"og:image:width\" content=\"1500\" \/>\n\t<meta property=\"og:image:height\" content=\"998\" \/>\n\t<meta property=\"og:image:type\" content=\"image\/jpeg\" \/>\n<script type=\"application\/ld+json\" class=\"yoast-schema-graph\">{\"@context\":\"https:\/\/schema.org\",\"@graph\":[{\"@type\":\"WebPage\",\"@id\":\"https:\/\/tierpark-bern.ch\/en\/bearpark\/restaurants\/\",\"url\":\"https:\/\/tierpark-bern.ch\/en\/bearpark\/restaurants\/\",\"name\":\"Restaurants | Tierpark Bern\",\"isPartOf\":{\"@id\":\"https:\/\/tierpark-bern.ch\/en\/#website\"},\"primaryImageOfPage\":{\"@id\":\"https:\/\/tierpark-bern.ch\/en\/bearpark\/restaurants\/#primaryimage\"},\"image\":{\"@id\":\"https:\/\/tierpark-bern.ch\/en\/bearpark\/restaurants\/#primaryimage\"},\"thumbnailUrl\":\"https:\/\/tierpark-bern.ch\/web\/app\/uploads\/2020\/07\/ursina-baerenpark-46-bern-schweiz.jpg\",\"datePublished\":\"2022-01-17T22:41:51+00:00\",\"dateModified\":\"2023-02-24T13:23:22+00:00\",\"description\":\"Whether it's a birthday, wedding, company party or family celebration - the B\u00e4rengraben is ideal for special occasions.\",\"breadcrumb\":{\"@id\":\"https:\/\/tierpark-bern.ch\/en\/bearpark\/restaurants\/#breadcrumb\"},\"inLanguage\":\"en-US\",\"potentialAction\":[{\"@type\":\"ReadAction\",\"target\":[\"https:\/\/tierpark-bern.ch\/en\/bearpark\/restaurants\/\"]}]},{\"@type\":\"ImageObject\",\"inLanguage\":\"en-US\",\"@id\":\"https:\/\/tierpark-bern.ch\/en\/bearpark\/restaurants\/#primaryimage\",\"url\":\"https:\/\/tierpark-bern.ch\/web\/app\/uploads\/2020\/07\/ursina-baerenpark-46-bern-schweiz.jpg\",\"contentUrl\":\"https:\/\/tierpark-bern.ch\/web\/app\/uploads\/2020\/07\/ursina-baerenpark-46-bern-schweiz.jpg\",\"width\":1500,\"height\":998,\"caption\":\"\\\"Ursina\\\" climbing a tree in the BearPark (April 2018)\"},{\"@type\":\"BreadcrumbList\",\"@id\":\"https:\/\/tierpark-bern.ch\/en\/bearpark\/restaurants\/#breadcrumb\",\"itemListElement\":[{\"@type\":\"ListItem\",\"position\":1,\"name\":\"Home\",\"item\":\"https:\/\/tierpark-bern.ch\/en\/\"},{\"@type\":\"ListItem\",\"position\":2,\"name\":\"BearPark\",\"item\":\"https:\/\/tierpark-bern.ch\/en\/bearpark\/\"},{\"@type\":\"ListItem\",\"position\":3,\"name\":\"Restaurants\"}]},{\"@type\":\"WebSite\",\"@id\":\"https:\/\/tierpark-bern.ch\/en\/#website\",\"url\":\"https:\/\/tierpark-bern.ch\/en\/\",\"name\":\"Tierpark Bern\",\"description\":\"\",\"publisher\":{\"@id\":\"https:\/\/tierpark-bern.ch\/en\/#organization\"},\"potentialAction\":[{\"@type\":\"SearchAction\",\"target\":{\"@type\":\"EntryPoint\",\"urlTemplate\":\"https:\/\/tierpark-bern.ch\/en\/?s={search_term_string}\"},\"query-input\":{\"@type\":\"PropertyValueSpecification\",\"valueRequired\":true,\"valueName\":\"search_term_string\"}}],\"inLanguage\":\"en-US\"},{\"@type\":\"Organization\",\"@id\":\"https:\/\/tierpark-bern.ch\/en\/#organization\",\"name\":\"Tierpark Bern | D\u00e4hlh\u00f6lzli + B\u00e4renPark\",\"alternateName\":\"Tierpark Bern\",\"url\":\"https:\/\/tierpark-bern.ch\/en\/\",\"logo\":{\"@type\":\"ImageObject\",\"inLanguage\":\"en-US\",\"@id\":\"https:\/\/tierpark-bern.ch\/en\/#\/schema\/logo\/image\/\",\"url\":\"https:\/\/tierpark-bern.ch\/web\/app\/uploads\/2024\/04\/tierpark-bern-696x696-1.jpg\",\"contentUrl\":\"https:\/\/tierpark-bern.ch\/web\/app\/uploads\/2024\/04\/tierpark-bern-696x696-1.jpg\",\"width\":696,\"height\":696,\"caption\":\"Tierpark Bern | D\u00e4hlh\u00f6lzli + B\u00e4renPark\"},\"image\":{\"@id\":\"https:\/\/tierpark-bern.ch\/en\/#\/schema\/logo\/image\/\"},\"sameAs\":[\"https:\/\/www.facebook.com\/tierparkbern\/\",\"https:\/\/x.com\/tierparkbern\",\"https:\/\/www.instagram.com\/tierparkbern\/\"]}]}<\/script>","yoast_head_json":{"title":"Restaurants | Tierpark Bern","description":"Whether it's a birthday, wedding, company party or family celebration - the B\u00e4rengraben is ideal for special occasions.","robots":{"index":"index","follow":"follow","max-snippet":"max-snippet:-1","max-image-preview":"max-image-preview:large","max-video-preview":"max-video-preview:-1"},"canonical":"https:\/\/tierpark-bern.ch\/en\/bearpark\/restaurants\/","og_locale":"en_US","og_type":"article","og_title":"Restaurants | Tierpark Bern","og_description":"Whether it's a birthday, wedding, company party or family celebration - the B\u00e4rengraben is ideal for special occasions.","og_url":"https:\/\/tierpark-bern.ch\/en\/bearpark\/restaurants\/","og_site_name":"Tierpark Bern","article_publisher":"https:\/\/www.facebook.com\/tierparkbern\/","article_modified_time":"2023-02-24T13:23:22+00:00","og_image":[{"width":1500,"height":998,"url":"https:\/\/tierpark-bern.ch\/web\/app\/uploads\/2020\/07\/ursina-baerenpark-46-bern-schweiz.jpg","type":"image\/jpeg"}],"schema":{"@context":"https:\/\/schema.org","@graph":[{"@type":"WebPage","@id":"https:\/\/tierpark-bern.ch\/en\/bearpark\/restaurants\/","url":"https:\/\/tierpark-bern.ch\/en\/bearpark\/restaurants\/","name":"Restaurants | Tierpark Bern","isPartOf":{"@id":"https:\/\/tierpark-bern.ch\/en\/#website"},"primaryImageOfPage":{"@id":"https:\/\/tierpark-bern.ch\/en\/bearpark\/restaurants\/#primaryimage"},"image":{"@id":"https:\/\/tierpark-bern.ch\/en\/bearpark\/restaurants\/#primaryimage"},"thumbnailUrl":"https:\/\/tierpark-bern.ch\/web\/app\/uploads\/2020\/07\/ursina-baerenpark-46-bern-schweiz.jpg","datePublished":"2022-01-17T22:41:51+00:00","dateModified":"2023-02-24T13:23:22+00:00","description":"Whether it's a birthday, wedding, company party or family celebration - the B\u00e4rengraben is ideal for special occasions.","breadcrumb":{"@id":"https:\/\/tierpark-bern.ch\/en\/bearpark\/restaurants\/#breadcrumb"},"inLanguage":"en-US","potentialAction":[{"@type":"ReadAction","target":["https:\/\/tierpark-bern.ch\/en\/bearpark\/restaurants\/"]}]},{"@type":"ImageObject","inLanguage":"en-US","@id":"https:\/\/tierpark-bern.ch\/en\/bearpark\/restaurants\/#primaryimage","url":"https:\/\/tierpark-bern.ch\/web\/app\/uploads\/2020\/07\/ursina-baerenpark-46-bern-schweiz.jpg","contentUrl":"https:\/\/tierpark-bern.ch\/web\/app\/uploads\/2020\/07\/ursina-baerenpark-46-bern-schweiz.jpg","width":1500,"height":998,"caption":"\"Ursina\" climbing a tree in the BearPark (April 2018)"},{"@type":"BreadcrumbList","@id":"https:\/\/tierpark-bern.ch\/en\/bearpark\/restaurants\/#breadcrumb","itemListElement":[{"@type":"ListItem","position":1,"name":"Home","item":"https:\/\/tierpark-bern.ch\/en\/"},{"@type":"ListItem","position":2,"name":"BearPark","item":"https:\/\/tierpark-bern.ch\/en\/bearpark\/"},{"@type":"ListItem","position":3,"name":"Restaurants"}]},{"@type":"WebSite","@id":"https:\/\/tierpark-bern.ch\/en\/#website","url":"https:\/\/tierpark-bern.ch\/en\/","name":"Tierpark Bern","description":"","publisher":{"@id":"https:\/\/tierpark-bern.ch\/en\/#organization"},"potentialAction":[{"@type":"SearchAction","target":{"@type":"EntryPoint","urlTemplate":"https:\/\/tierpark-bern.ch\/en\/?s={search_term_string}"},"query-input":{"@type":"PropertyValueSpecification","valueRequired":true,"valueName":"search_term_string"}}],"inLanguage":"en-US"},{"@type":"Organization","@id":"https:\/\/tierpark-bern.ch\/en\/#organization","name":"Tierpark Bern | D\u00e4hlh\u00f6lzli + B\u00e4renPark","alternateName":"Tierpark Bern","url":"https:\/\/tierpark-bern.ch\/en\/","logo":{"@type":"ImageObject","inLanguage":"en-US","@id":"https:\/\/tierpark-bern.ch\/en\/#\/schema\/logo\/image\/","url":"https:\/\/tierpark-bern.ch\/web\/app\/uploads\/2024\/04\/tierpark-bern-696x696-1.jpg","contentUrl":"https:\/\/tierpark-bern.ch\/web\/app\/uploads\/2024\/04\/tierpark-bern-696x696-1.jpg","width":696,"height":696,"caption":"Tierpark Bern | D\u00e4hlh\u00f6lzli + B\u00e4renPark"},"image":{"@id":"https:\/\/tierpark-bern.ch\/en\/#\/schema\/logo\/image\/"},"sameAs":["https:\/\/www.facebook.com\/tierparkbern\/","https:\/\/x.com\/tierparkbern","https:\/\/www.instagram.com\/tierparkbern\/"]}]}},"_links":{"self":[{"href":"https:\/\/tierpark-bern.ch\/en\/wp-json\/wp\/v2\/pages\/39096","targetHints":{"allow":["GET"]}}],"collection":[{"href":"https:\/\/tierpark-bern.ch\/en\/wp-json\/wp\/v2\/pages"}],"about":[{"href":"https:\/\/tierpark-bern.ch\/en\/wp-json\/wp\/v2\/types\/page"}],"author":[{"embeddable":true,"href":"https:\/\/tierpark-bern.ch\/en\/wp-json\/wp\/v2\/users\/1"}],"replies":[{"embeddable":true,"href":"https:\/\/tierpark-bern.ch\/en\/wp-json\/wp\/v2\/comments?post=39096"}],"version-history":[{"count":0,"href":"https:\/\/tierpark-bern.ch\/en\/wp-json\/wp\/v2\/pages\/39096\/revisions"}],"up":[{"embeddable":true,"href":"https:\/\/tierpark-bern.ch\/en\/wp-json\/wp\/v2\/pages\/38571"}],"wp:featuredmedia":[{"embeddable":true,"href":"https:\/\/tierpark-bern.ch\/en\/wp-json\/wp\/v2\/media\/22274"}],"wp:attachment":[{"href":"https:\/\/tierpark-bern.ch\/en\/wp-json\/wp\/v2\/media?parent=39096"}],"curies":[{"name":"wp","href":"https:\/\/api.w.org\/{rel}","templated":true}]}}