
{"id":39111,"date":"2020-08-08T12:33:38","date_gmt":"2020-08-08T10:33:38","guid":{"rendered":"https:\/\/tierpark-bern.ch\/baerenpark\/sicherheitsvorschriften\/"},"modified":"2023-02-07T09:19:34","modified_gmt":"2023-02-07T08:19:34","slug":"safety-regulations-bearpark","status":"publish","type":"page","link":"https:\/\/tierpark-bern.ch\/en\/bearpark\/safety-regulations-bearpark\/","title":{"rendered":"Safety regulations BearPark"},"content":{"rendered":"<div class=\"wpb-content-wrapper\"><p>[vc_row][vc_column][vc_column_text]<\/p>\n<h1>Safety regulations in the BearPark<\/h1>\n<p>The visitors of the BearPark Bern accept the present safety regulations as well as all other rules concerning the safety of the BearPark, in particular the <a class=\"link target_blank\" title=\"B\u00e4renPark-Verordnung\" href=\"https:\/\/tierpark-bern.ch\/web\/app\/uploads\/2020\/08\/Verordnung_Baerenpark_2017.pdf\" target=\"_blank\" rel=\"noopener noreferrer\">BearPark Ordinance<\/a> of 19.12.2012. The safety regulations are binding for all visitors.<\/p>\n<p>Visitors&#8217; attention is drawn in particular to the following:<\/p>\n<ol>\n<li>The instructions of the staff are to be strictly followed. In all other respects, the provisions of the municipal Bear Park Ordinance of 19.12.2012 (as of 01.04.2017) apply.<\/li>\n<li>The BearPark is a wildlife park in the middle of the city of Bern. Visiting the BearPark is therefore at the visitor&#8217;s own responsibility and risk.<\/li>\n<li>It is strictly forbidden to climb over the safety barriers.<\/li>\n<li>Children may only enter the BearPark when accompanied by an adult. Children must be supervised by the accompanying adult at all times.<\/li>\n<li>Children must not be placed on the railings or carried on the shoulders.<\/li>\n<li>Swimming in the shore area of the BearPark is strictly prohibited.<\/li>\n<li>The Aare is a dangerous river. Visitors are strongly advised that the current is particularly strong and dangerous in the shore area of the BearPark. The water level can rise rapidly due to thunderstorms or heavy rain in the uplands.<\/li>\n<li>The river bank of the BearPark can be slippery due to wetness or frost.<\/li>\n<li>Visitors are required to notify the staff or authorities immediately in the event of an accident.<\/li>\n<\/ol>\n<p>We thank you for your understanding and wish you a pleasant stay!<br \/>\nBearPark Bern, January 2016.[\/vc_column_text][\/vc_column][\/vc_row][vc_row][vc_column][vc_column_text]<a class=\"button button--tierpark\" href=\"https:\/\/tierpark-bern.ch\/web\/app\/uploads\/2020\/08\/Verordnung_Baerenpark_2017.pdf\" target=\"_blank\" rel=\"noopener\">BearPark Ordinance<\/a>[\/vc_column_text][\/vc_column][\/vc_row]<\/p>\n<\/div>","protected":false},"excerpt":{"rendered":"<p>Upon visiting the Bern BearPark, visitors accept the present security instructions as well as any other rules ensuring the safety of the park.<\/p>\n","protected":false},"author":10,"featured_media":22149,"parent":38571,"menu_order":0,"comment_status":"closed","ping_status":"closed","template":"","meta":{"_acf_changed":false,"footnotes":""},"class_list":["post-39111","page","type-page","status-publish","has-post-thumbnail","hentry"],"acf":[],"yoast_head":"<title>Safety regulations BearPark | Tierpark Bern<\/title>\n<meta name=\"description\" content=\"Upon visiting the Bern BearPark, visitors accept the present security instructions as well as any other rules ensuring the safety of the park.\" \/>\n<meta name=\"robots\" content=\"index, follow, max-snippet:-1, max-image-preview:large, max-video-preview:-1\" \/>\n<link rel=\"canonical\" href=\"https:\/\/tierpark-bern.ch\/en\/bearpark\/safety-regulations-bearpark\/\" \/>\n<meta property=\"og:locale\" content=\"en_US\" \/>\n<meta property=\"og:type\" content=\"article\" \/>\n<meta property=\"og:title\" content=\"Safety regulations BearPark | Tierpark Bern\" \/>\n<meta property=\"og:description\" content=\"Upon visiting the Bern BearPark, visitors accept the present security instructions as well as any other rules ensuring the safety of the park.\" \/>\n<meta property=\"og:url\" content=\"https:\/\/tierpark-bern.ch\/en\/bearpark\/safety-regulations-bearpark\/\" \/>\n<meta property=\"og:site_name\" content=\"Tierpark Bern\" \/>\n<meta property=\"article:publisher\" content=\"https:\/\/www.facebook.com\/tierparkbern\/\" \/>\n<meta property=\"article:modified_time\" content=\"2023-02-07T08:19:34+00:00\" \/>\n<meta property=\"og:image\" content=\"https:\/\/tierpark-bern.ch\/web\/app\/uploads\/2020\/07\/baeren-park-22-bern-schweiz.jpg\" \/>\n\t<meta property=\"og:image:width\" content=\"1500\" \/>\n\t<meta property=\"og:image:height\" content=\"998\" \/>\n\t<meta property=\"og:image:type\" content=\"image\/jpeg\" \/>\n<script type=\"application\/ld+json\" class=\"yoast-schema-graph\">{\"@context\":\"https:\/\/schema.org\",\"@graph\":[{\"@type\":\"WebPage\",\"@id\":\"https:\/\/tierpark-bern.ch\/en\/bearpark\/safety-regulations-bearpark\/\",\"url\":\"https:\/\/tierpark-bern.ch\/en\/bearpark\/safety-regulations-bearpark\/\",\"name\":\"Safety regulations BearPark | Tierpark Bern\",\"isPartOf\":{\"@id\":\"https:\/\/tierpark-bern.ch\/en\/#website\"},\"primaryImageOfPage\":{\"@id\":\"https:\/\/tierpark-bern.ch\/en\/bearpark\/safety-regulations-bearpark\/#primaryimage\"},\"image\":{\"@id\":\"https:\/\/tierpark-bern.ch\/en\/bearpark\/safety-regulations-bearpark\/#primaryimage\"},\"thumbnailUrl\":\"https:\/\/tierpark-bern.ch\/web\/app\/uploads\/2020\/07\/baeren-park-22-bern-schweiz.jpg\",\"datePublished\":\"2020-08-08T10:33:38+00:00\",\"dateModified\":\"2023-02-07T08:19:34+00:00\",\"description\":\"Upon visiting the Bern BearPark, visitors accept the present security instructions as well as any other rules ensuring the safety of the park.\",\"breadcrumb\":{\"@id\":\"https:\/\/tierpark-bern.ch\/en\/bearpark\/safety-regulations-bearpark\/#breadcrumb\"},\"inLanguage\":\"en-US\",\"potentialAction\":[{\"@type\":\"ReadAction\",\"target\":[\"https:\/\/tierpark-bern.ch\/en\/bearpark\/safety-regulations-bearpark\/\"]}]},{\"@type\":\"ImageObject\",\"inLanguage\":\"en-US\",\"@id\":\"https:\/\/tierpark-bern.ch\/en\/bearpark\/safety-regulations-bearpark\/#primaryimage\",\"url\":\"https:\/\/tierpark-bern.ch\/web\/app\/uploads\/2020\/07\/baeren-park-22-bern-schweiz.jpg\",\"contentUrl\":\"https:\/\/tierpark-bern.ch\/web\/app\/uploads\/2020\/07\/baeren-park-22-bern-schweiz.jpg\",\"width\":1500,\"height\":998,\"caption\":\"Braunb\u00e4r schaut in die Kamera\"},{\"@type\":\"BreadcrumbList\",\"@id\":\"https:\/\/tierpark-bern.ch\/en\/bearpark\/safety-regulations-bearpark\/#breadcrumb\",\"itemListElement\":[{\"@type\":\"ListItem\",\"position\":1,\"name\":\"Home\",\"item\":\"https:\/\/tierpark-bern.ch\/en\/\"},{\"@type\":\"ListItem\",\"position\":2,\"name\":\"BearPark\",\"item\":\"https:\/\/tierpark-bern.ch\/en\/bearpark\/\"},{\"@type\":\"ListItem\",\"position\":3,\"name\":\"Safety regulations BearPark\"}]},{\"@type\":\"WebSite\",\"@id\":\"https:\/\/tierpark-bern.ch\/en\/#website\",\"url\":\"https:\/\/tierpark-bern.ch\/en\/\",\"name\":\"Tierpark Bern\",\"description\":\"\",\"publisher\":{\"@id\":\"https:\/\/tierpark-bern.ch\/en\/#organization\"},\"potentialAction\":[{\"@type\":\"SearchAction\",\"target\":{\"@type\":\"EntryPoint\",\"urlTemplate\":\"https:\/\/tierpark-bern.ch\/en\/?s={search_term_string}\"},\"query-input\":{\"@type\":\"PropertyValueSpecification\",\"valueRequired\":true,\"valueName\":\"search_term_string\"}}],\"inLanguage\":\"en-US\"},{\"@type\":\"Organization\",\"@id\":\"https:\/\/tierpark-bern.ch\/en\/#organization\",\"name\":\"Tierpark Bern | D\u00e4hlh\u00f6lzli + B\u00e4renPark\",\"alternateName\":\"Tierpark Bern\",\"url\":\"https:\/\/tierpark-bern.ch\/en\/\",\"logo\":{\"@type\":\"ImageObject\",\"inLanguage\":\"en-US\",\"@id\":\"https:\/\/tierpark-bern.ch\/en\/#\/schema\/logo\/image\/\",\"url\":\"https:\/\/tierpark-bern.ch\/web\/app\/uploads\/2024\/04\/tierpark-bern-696x696-1.jpg\",\"contentUrl\":\"https:\/\/tierpark-bern.ch\/web\/app\/uploads\/2024\/04\/tierpark-bern-696x696-1.jpg\",\"width\":696,\"height\":696,\"caption\":\"Tierpark Bern | D\u00e4hlh\u00f6lzli + B\u00e4renPark\"},\"image\":{\"@id\":\"https:\/\/tierpark-bern.ch\/en\/#\/schema\/logo\/image\/\"},\"sameAs\":[\"https:\/\/www.facebook.com\/tierparkbern\/\",\"https:\/\/x.com\/tierparkbern\",\"https:\/\/www.instagram.com\/tierparkbern\/\"]}]}<\/script>","yoast_head_json":{"title":"Safety regulations BearPark | Tierpark Bern","description":"Upon visiting the Bern BearPark, visitors accept the present security instructions as well as any other rules ensuring the safety of the park.","robots":{"index":"index","follow":"follow","max-snippet":"max-snippet:-1","max-image-preview":"max-image-preview:large","max-video-preview":"max-video-preview:-1"},"canonical":"https:\/\/tierpark-bern.ch\/en\/bearpark\/safety-regulations-bearpark\/","og_locale":"en_US","og_type":"article","og_title":"Safety regulations BearPark | Tierpark Bern","og_description":"Upon visiting the Bern BearPark, visitors accept the present security instructions as well as any other rules ensuring the safety of the park.","og_url":"https:\/\/tierpark-bern.ch\/en\/bearpark\/safety-regulations-bearpark\/","og_site_name":"Tierpark Bern","article_publisher":"https:\/\/www.facebook.com\/tierparkbern\/","article_modified_time":"2023-02-07T08:19:34+00:00","og_image":[{"width":1500,"height":998,"url":"https:\/\/tierpark-bern.ch\/web\/app\/uploads\/2020\/07\/baeren-park-22-bern-schweiz.jpg","type":"image\/jpeg"}],"schema":{"@context":"https:\/\/schema.org","@graph":[{"@type":"WebPage","@id":"https:\/\/tierpark-bern.ch\/en\/bearpark\/safety-regulations-bearpark\/","url":"https:\/\/tierpark-bern.ch\/en\/bearpark\/safety-regulations-bearpark\/","name":"Safety regulations BearPark | Tierpark Bern","isPartOf":{"@id":"https:\/\/tierpark-bern.ch\/en\/#website"},"primaryImageOfPage":{"@id":"https:\/\/tierpark-bern.ch\/en\/bearpark\/safety-regulations-bearpark\/#primaryimage"},"image":{"@id":"https:\/\/tierpark-bern.ch\/en\/bearpark\/safety-regulations-bearpark\/#primaryimage"},"thumbnailUrl":"https:\/\/tierpark-bern.ch\/web\/app\/uploads\/2020\/07\/baeren-park-22-bern-schweiz.jpg","datePublished":"2020-08-08T10:33:38+00:00","dateModified":"2023-02-07T08:19:34+00:00","description":"Upon visiting the Bern BearPark, visitors accept the present security instructions as well as any other rules ensuring the safety of the park.","breadcrumb":{"@id":"https:\/\/tierpark-bern.ch\/en\/bearpark\/safety-regulations-bearpark\/#breadcrumb"},"inLanguage":"en-US","potentialAction":[{"@type":"ReadAction","target":["https:\/\/tierpark-bern.ch\/en\/bearpark\/safety-regulations-bearpark\/"]}]},{"@type":"ImageObject","inLanguage":"en-US","@id":"https:\/\/tierpark-bern.ch\/en\/bearpark\/safety-regulations-bearpark\/#primaryimage","url":"https:\/\/tierpark-bern.ch\/web\/app\/uploads\/2020\/07\/baeren-park-22-bern-schweiz.jpg","contentUrl":"https:\/\/tierpark-bern.ch\/web\/app\/uploads\/2020\/07\/baeren-park-22-bern-schweiz.jpg","width":1500,"height":998,"caption":"Braunb\u00e4r schaut in die Kamera"},{"@type":"BreadcrumbList","@id":"https:\/\/tierpark-bern.ch\/en\/bearpark\/safety-regulations-bearpark\/#breadcrumb","itemListElement":[{"@type":"ListItem","position":1,"name":"Home","item":"https:\/\/tierpark-bern.ch\/en\/"},{"@type":"ListItem","position":2,"name":"BearPark","item":"https:\/\/tierpark-bern.ch\/en\/bearpark\/"},{"@type":"ListItem","position":3,"name":"Safety regulations BearPark"}]},{"@type":"WebSite","@id":"https:\/\/tierpark-bern.ch\/en\/#website","url":"https:\/\/tierpark-bern.ch\/en\/","name":"Tierpark Bern","description":"","publisher":{"@id":"https:\/\/tierpark-bern.ch\/en\/#organization"},"potentialAction":[{"@type":"SearchAction","target":{"@type":"EntryPoint","urlTemplate":"https:\/\/tierpark-bern.ch\/en\/?s={search_term_string}"},"query-input":{"@type":"PropertyValueSpecification","valueRequired":true,"valueName":"search_term_string"}}],"inLanguage":"en-US"},{"@type":"Organization","@id":"https:\/\/tierpark-bern.ch\/en\/#organization","name":"Tierpark Bern | D\u00e4hlh\u00f6lzli + B\u00e4renPark","alternateName":"Tierpark Bern","url":"https:\/\/tierpark-bern.ch\/en\/","logo":{"@type":"ImageObject","inLanguage":"en-US","@id":"https:\/\/tierpark-bern.ch\/en\/#\/schema\/logo\/image\/","url":"https:\/\/tierpark-bern.ch\/web\/app\/uploads\/2024\/04\/tierpark-bern-696x696-1.jpg","contentUrl":"https:\/\/tierpark-bern.ch\/web\/app\/uploads\/2024\/04\/tierpark-bern-696x696-1.jpg","width":696,"height":696,"caption":"Tierpark Bern | D\u00e4hlh\u00f6lzli + B\u00e4renPark"},"image":{"@id":"https:\/\/tierpark-bern.ch\/en\/#\/schema\/logo\/image\/"},"sameAs":["https:\/\/www.facebook.com\/tierparkbern\/","https:\/\/x.com\/tierparkbern","https:\/\/www.instagram.com\/tierparkbern\/"]}]}},"_links":{"self":[{"href":"https:\/\/tierpark-bern.ch\/en\/wp-json\/wp\/v2\/pages\/39111","targetHints":{"allow":["GET"]}}],"collection":[{"href":"https:\/\/tierpark-bern.ch\/en\/wp-json\/wp\/v2\/pages"}],"about":[{"href":"https:\/\/tierpark-bern.ch\/en\/wp-json\/wp\/v2\/types\/page"}],"author":[{"embeddable":true,"href":"https:\/\/tierpark-bern.ch\/en\/wp-json\/wp\/v2\/users\/10"}],"replies":[{"embeddable":true,"href":"https:\/\/tierpark-bern.ch\/en\/wp-json\/wp\/v2\/comments?post=39111"}],"version-history":[{"count":0,"href":"https:\/\/tierpark-bern.ch\/en\/wp-json\/wp\/v2\/pages\/39111\/revisions"}],"up":[{"embeddable":true,"href":"https:\/\/tierpark-bern.ch\/en\/wp-json\/wp\/v2\/pages\/38571"}],"wp:featuredmedia":[{"embeddable":true,"href":"https:\/\/tierpark-bern.ch\/en\/wp-json\/wp\/v2\/media\/22149"}],"wp:attachment":[{"href":"https:\/\/tierpark-bern.ch\/en\/wp-json\/wp\/v2\/media?parent=39111"}],"curies":[{"name":"wp","href":"https:\/\/api.w.org\/{rel}","templated":true}]}}