
{"id":51472,"date":"2020-09-03T15:14:03","date_gmt":"2020-09-03T13:14:03","guid":{"rendered":"https:\/\/tierpark-bern.ch\/restaurant-daehlhoelzli\/"},"modified":"2023-12-25T17:24:09","modified_gmt":"2023-12-25T16:24:09","slug":"daehlhoelzli-zoo-restaurant","status":"publish","type":"page","link":"https:\/\/tierpark-bern.ch\/en\/visiting-the-zoo\/gastronomy\/daehlhoelzli-zoo-restaurant\/","title":{"rendered":"D\u00e4hlh\u00f6lzli Zoo Restaurant"},"content":{"rendered":"<div class=\"wpb-content-wrapper\"><p>[vc_row][vc_column][vc_column_text]<\/p>\n<h1>D\u00e4hlh\u00f6lzli Zoo Restaurant<\/h1>\n<p>[\/vc_column_text][vc_message message_box_color=&#8221;sandy_brown&#8221;]From 25 December 2023, the D\u00e4hlh\u00f6lzli Zoo Restaurant will be closed for renovation work. During the winter, the Eulen Bistro will take care of your physical well-being. <a href=\"https:\/\/tierpark-bern.ch\/en\/visiting-the-zoo\/gastronomy\/eulen-bistro\/\">Read more<\/a>[\/vc_message][vc_column_text]The D\u00e4hlh\u00f6lzli Zoo Restaurant is located on the banks of the Aare, near the entrance to the zoo. Here you can treat yourself and your family in the gallery restaurant or cater for yourself in the practical self-service area.<\/p>\n<p>The D\u00e4hlh\u00f6lzli Zoo Restaurant is operated independently.[\/vc_column_text][vc_column_text]<a class=\"button button--tierpark\" href=\"https:\/\/daehlhoelzli.ch\" target=\"_blank\" rel=\"noopener\">To the website Zoo Restaurant D\u00e4hlh\u00f6lzli<\/a>[\/vc_column_text][vc_empty_space][\/vc_column][\/vc_row][vc_row][vc_column width=&#8221;1\/2&#8243;][vc_single_image image=&#8221;20977&#8243; add_caption=&#8221;yes&#8221; el_class=&#8221;article-image&#8221;][\/vc_column][vc_column width=&#8221;1\/2&#8243;][vc_single_image image=&#8221;7793&#8243; add_caption=&#8221;yes&#8221; el_class=&#8221;article-image&#8221;][\/vc_column][\/vc_row][vc_row][vc_column][vc_empty_space][\/vc_column][\/vc_row][vc_row][vc_column][vc_column_text]<\/p>\n<h2>Directions<\/h2>\n<p>[\/vc_column_text][vc_column_text]<iframe loading=\"lazy\" style=\"border: 0;\" title=\"D\u00e4hlh\u00f6lzli Zoo Restaurant map\" src=\"https:\/\/www.google.com\/maps\/embed?pb=!1m14!1m8!1m3!1d10897.683062349544!2d7.4487234!3d46.9337688!3m2!1i1024!2i768!4f13.1!3m3!1m2!1s0x0%3A0x127d72efa71b4d11!2sTierpark-Restaurant%20D%C3%A4hlh%C3%B6lzli!5e0!3m2!1sde!2sde!4v1634502153157!5m2!1sen!2sen\" width=\"100%\" height=\"450\" allowfullscreen=\"allowfullscreen\"><\/iframe>[\/vc_column_text][vc_column_text]<\/p>\n<h2>Address<\/h2>\n<p>Tierpark-Restaurant D\u00e4hlh\u00f6lzli<br \/>\nTierparkweg 2, 3005 Bern<\/p>\n<h2>Telephone number<\/h2>\n<p>+41 31 351 18 94<\/p>\n<h2>E-Mail<\/h2>\n<p>info@daehlhoelzli.ch[\/vc_column_text][\/vc_column][\/vc_row][vc_row][vc_column][vc_column_text]<section class=\"section no-padding-bottom page-suggestion-container\">\n            <div class=\"container\">\n                <div class=\"row bottom-50\">\n                    <div class=\"col-12\">\n                        <div class=\"heading heading--primary heading--center\">\n                            <h2 class=\"heading__title no-margin-bottom\"><span>More Topics<\/span><\/h2>\n                        <\/div>\n                    <\/div>\n                <\/div>\n                <div class=\"row\"><div class=\"col-md-6 col-xl-4 offset-xl-2\">\n                        <div class=\"service-content\" tabindex=\"0\" role=\"link\" onclick=\"suggestionLinkfunction(this);\" data-href=\"https:\/\/tierpark-bern.ch\/en\/erlebnisse\/ihr-anlass-im-zoo\/daehlhoelzli\/\">\n                            <img decoding=\"async\" src=\"https:\/\/tierpark-bern.ch\/web\/app\/uploads\/2021\/10\/anlass-im-Tierpark-Bern-1-2-386x230.jpg\" alt=\"\"\/>\n                                <div class=\"service-desc\">\n                                    <div class=\"vcenter\">\n                                        <div class=\"titel\">Ihr Anlass im D\u00e4hlh\u00f6lzli<\/div>\n                                    <\/div>\n                                <\/div>\n                        <\/div>\n                    <\/div><div class=\"col-md-6 col-xl-4 \">\n                        <div class=\"service-content\" tabindex=\"0\" role=\"link\" onclick=\"suggestionLinkfunction(this);\" data-href=\"https:\/\/tierpark-bern.ch\/en\/visiting-the-zoo\/gastronomy\/the-barbecue-or-grill-area\/\">\n                            <img decoding=\"async\" src=\"https:\/\/tierpark-bern.ch\/web\/app\/uploads\/2022\/02\/grillplatz-tierpark-bern-122-2-386x230.jpg\" alt=\"\"\/>\n                                <div class=\"service-desc\">\n                                    <div class=\"vcenter\">\n                                        <div class=\"titel\">The barbecue or grill area<\/div>\n                                    <\/div>\n                                <\/div>\n                        <\/div>\n                    <\/div><\/div>\n            <\/div>\n        <\/section>[\/vc_column_text][\/vc_column][\/vc_row]<\/p>\n<\/div>","protected":false},"excerpt":{"rendered":"<p>Das Tierpark-Restaurant D\u00e4hlh\u00f6lzli liegt am Ufer der Aare, in der N\u00e4he des Eingangs zum Tierpark. <\/p>\n","protected":false},"author":1,"featured_media":15632,"parent":51816,"menu_order":0,"comment_status":"closed","ping_status":"closed","template":"","meta":{"_acf_changed":false,"footnotes":""},"class_list":["post-51472","page","type-page","status-publish","has-post-thumbnail","hentry"],"acf":[],"yoast_head":"<title>D\u00e4hlh\u00f6lzli Zoo Restaurant | Tierpark Bern<\/title>\n<meta name=\"description\" content=\"Lassen Sie sich vom Tierpark-Restaurant D\u00e4hlh\u00f6lzli verw\u00f6hnen, am lauschigen Ufer der Aare, am Eingang zum Tierpark.\" \/>\n<meta name=\"robots\" content=\"index, follow, max-snippet:-1, max-image-preview:large, max-video-preview:-1\" \/>\n<link rel=\"canonical\" href=\"https:\/\/tierpark-bern.ch\/en\/visiting-the-zoo\/gastronomy\/daehlhoelzli-zoo-restaurant\/\" \/>\n<meta property=\"og:locale\" content=\"en_US\" \/>\n<meta property=\"og:type\" content=\"article\" \/>\n<meta property=\"og:title\" content=\"D\u00e4hlh\u00f6lzli Zoo Restaurant | Tierpark Bern\" \/>\n<meta property=\"og:description\" content=\"Lassen Sie sich vom Tierpark-Restaurant D\u00e4hlh\u00f6lzli verw\u00f6hnen, am lauschigen Ufer der Aare, am Eingang zum Tierpark.\" \/>\n<meta property=\"og:url\" content=\"https:\/\/tierpark-bern.ch\/en\/visiting-the-zoo\/gastronomy\/daehlhoelzli-zoo-restaurant\/\" \/>\n<meta property=\"og:site_name\" content=\"Tierpark Bern\" \/>\n<meta property=\"article:publisher\" content=\"https:\/\/www.facebook.com\/tierparkbern\/\" \/>\n<meta property=\"article:modified_time\" content=\"2023-12-25T16:24:09+00:00\" \/>\n<meta property=\"og:image\" content=\"https:\/\/tierpark-bern.ch\/web\/app\/uploads\/2020\/08\/Gastronomie-Tierpark-Bern.jpg\" \/>\n\t<meta property=\"og:image:width\" content=\"799\" \/>\n\t<meta property=\"og:image:height\" content=\"533\" \/>\n\t<meta property=\"og:image:type\" content=\"image\/jpeg\" \/>\n<script type=\"application\/ld+json\" class=\"yoast-schema-graph\">{\"@context\":\"https:\/\/schema.org\",\"@graph\":[{\"@type\":\"WebPage\",\"@id\":\"https:\/\/tierpark-bern.ch\/en\/visiting-the-zoo\/gastronomy\/daehlhoelzli-zoo-restaurant\/\",\"url\":\"https:\/\/tierpark-bern.ch\/en\/visiting-the-zoo\/gastronomy\/daehlhoelzli-zoo-restaurant\/\",\"name\":\"D\u00e4hlh\u00f6lzli Zoo Restaurant | Tierpark Bern\",\"isPartOf\":{\"@id\":\"https:\/\/tierpark-bern.ch\/en\/#website\"},\"primaryImageOfPage\":{\"@id\":\"https:\/\/tierpark-bern.ch\/en\/visiting-the-zoo\/gastronomy\/daehlhoelzli-zoo-restaurant\/#primaryimage\"},\"image\":{\"@id\":\"https:\/\/tierpark-bern.ch\/en\/visiting-the-zoo\/gastronomy\/daehlhoelzli-zoo-restaurant\/#primaryimage\"},\"thumbnailUrl\":\"https:\/\/tierpark-bern.ch\/web\/app\/uploads\/2020\/08\/Gastronomie-Tierpark-Bern.jpg\",\"datePublished\":\"2020-09-03T13:14:03+00:00\",\"dateModified\":\"2023-12-25T16:24:09+00:00\",\"description\":\"Lassen Sie sich vom Tierpark-Restaurant D\u00e4hlh\u00f6lzli verw\u00f6hnen, am lauschigen Ufer der Aare, am Eingang zum Tierpark.\",\"breadcrumb\":{\"@id\":\"https:\/\/tierpark-bern.ch\/en\/visiting-the-zoo\/gastronomy\/daehlhoelzli-zoo-restaurant\/#breadcrumb\"},\"inLanguage\":\"en-US\",\"potentialAction\":[{\"@type\":\"ReadAction\",\"target\":[\"https:\/\/tierpark-bern.ch\/en\/visiting-the-zoo\/gastronomy\/daehlhoelzli-zoo-restaurant\/\"]}]},{\"@type\":\"ImageObject\",\"inLanguage\":\"en-US\",\"@id\":\"https:\/\/tierpark-bern.ch\/en\/visiting-the-zoo\/gastronomy\/daehlhoelzli-zoo-restaurant\/#primaryimage\",\"url\":\"https:\/\/tierpark-bern.ch\/web\/app\/uploads\/2020\/08\/Gastronomie-Tierpark-Bern.jpg\",\"contentUrl\":\"https:\/\/tierpark-bern.ch\/web\/app\/uploads\/2020\/08\/Gastronomie-Tierpark-Bern.jpg\",\"width\":799,\"height\":533},{\"@type\":\"BreadcrumbList\",\"@id\":\"https:\/\/tierpark-bern.ch\/en\/visiting-the-zoo\/gastronomy\/daehlhoelzli-zoo-restaurant\/#breadcrumb\",\"itemListElement\":[{\"@type\":\"ListItem\",\"position\":1,\"name\":\"Home\",\"item\":\"https:\/\/tierpark-bern.ch\/en\/\"},{\"@type\":\"ListItem\",\"position\":2,\"name\":\"Visiting the zoo\",\"item\":\"https:\/\/tierpark-bern.ch\/en\/visiting-the-zoo\/\"},{\"@type\":\"ListItem\",\"position\":3,\"name\":\"Eat &#038; Drink\",\"item\":\"https:\/\/tierpark-bern.ch\/en\/visiting-the-zoo\/gastronomy\/\"},{\"@type\":\"ListItem\",\"position\":4,\"name\":\"D\u00e4hlh\u00f6lzli Zoo Restaurant\"}]},{\"@type\":\"WebSite\",\"@id\":\"https:\/\/tierpark-bern.ch\/en\/#website\",\"url\":\"https:\/\/tierpark-bern.ch\/en\/\",\"name\":\"Tierpark Bern\",\"description\":\"\",\"publisher\":{\"@id\":\"https:\/\/tierpark-bern.ch\/en\/#organization\"},\"potentialAction\":[{\"@type\":\"SearchAction\",\"target\":{\"@type\":\"EntryPoint\",\"urlTemplate\":\"https:\/\/tierpark-bern.ch\/en\/?s={search_term_string}\"},\"query-input\":{\"@type\":\"PropertyValueSpecification\",\"valueRequired\":true,\"valueName\":\"search_term_string\"}}],\"inLanguage\":\"en-US\"},{\"@type\":\"Organization\",\"@id\":\"https:\/\/tierpark-bern.ch\/en\/#organization\",\"name\":\"Tierpark Bern | D\u00e4hlh\u00f6lzli + B\u00e4renPark\",\"alternateName\":\"Tierpark Bern\",\"url\":\"https:\/\/tierpark-bern.ch\/en\/\",\"logo\":{\"@type\":\"ImageObject\",\"inLanguage\":\"en-US\",\"@id\":\"https:\/\/tierpark-bern.ch\/en\/#\/schema\/logo\/image\/\",\"url\":\"https:\/\/tierpark-bern.ch\/web\/app\/uploads\/2024\/04\/tierpark-bern-696x696-1.jpg\",\"contentUrl\":\"https:\/\/tierpark-bern.ch\/web\/app\/uploads\/2024\/04\/tierpark-bern-696x696-1.jpg\",\"width\":696,\"height\":696,\"caption\":\"Tierpark Bern | D\u00e4hlh\u00f6lzli + B\u00e4renPark\"},\"image\":{\"@id\":\"https:\/\/tierpark-bern.ch\/en\/#\/schema\/logo\/image\/\"},\"sameAs\":[\"https:\/\/www.facebook.com\/tierparkbern\/\",\"https:\/\/x.com\/tierparkbern\",\"https:\/\/www.instagram.com\/tierparkbern\/\"]}]}<\/script>","yoast_head_json":{"title":"D\u00e4hlh\u00f6lzli Zoo Restaurant | Tierpark Bern","description":"Lassen Sie sich vom Tierpark-Restaurant D\u00e4hlh\u00f6lzli verw\u00f6hnen, am lauschigen Ufer der Aare, am Eingang zum Tierpark.","robots":{"index":"index","follow":"follow","max-snippet":"max-snippet:-1","max-image-preview":"max-image-preview:large","max-video-preview":"max-video-preview:-1"},"canonical":"https:\/\/tierpark-bern.ch\/en\/visiting-the-zoo\/gastronomy\/daehlhoelzli-zoo-restaurant\/","og_locale":"en_US","og_type":"article","og_title":"D\u00e4hlh\u00f6lzli Zoo Restaurant | Tierpark Bern","og_description":"Lassen Sie sich vom Tierpark-Restaurant D\u00e4hlh\u00f6lzli verw\u00f6hnen, am lauschigen Ufer der Aare, am Eingang zum Tierpark.","og_url":"https:\/\/tierpark-bern.ch\/en\/visiting-the-zoo\/gastronomy\/daehlhoelzli-zoo-restaurant\/","og_site_name":"Tierpark Bern","article_publisher":"https:\/\/www.facebook.com\/tierparkbern\/","article_modified_time":"2023-12-25T16:24:09+00:00","og_image":[{"width":799,"height":533,"url":"https:\/\/tierpark-bern.ch\/web\/app\/uploads\/2020\/08\/Gastronomie-Tierpark-Bern.jpg","type":"image\/jpeg"}],"schema":{"@context":"https:\/\/schema.org","@graph":[{"@type":"WebPage","@id":"https:\/\/tierpark-bern.ch\/en\/visiting-the-zoo\/gastronomy\/daehlhoelzli-zoo-restaurant\/","url":"https:\/\/tierpark-bern.ch\/en\/visiting-the-zoo\/gastronomy\/daehlhoelzli-zoo-restaurant\/","name":"D\u00e4hlh\u00f6lzli Zoo Restaurant | Tierpark Bern","isPartOf":{"@id":"https:\/\/tierpark-bern.ch\/en\/#website"},"primaryImageOfPage":{"@id":"https:\/\/tierpark-bern.ch\/en\/visiting-the-zoo\/gastronomy\/daehlhoelzli-zoo-restaurant\/#primaryimage"},"image":{"@id":"https:\/\/tierpark-bern.ch\/en\/visiting-the-zoo\/gastronomy\/daehlhoelzli-zoo-restaurant\/#primaryimage"},"thumbnailUrl":"https:\/\/tierpark-bern.ch\/web\/app\/uploads\/2020\/08\/Gastronomie-Tierpark-Bern.jpg","datePublished":"2020-09-03T13:14:03+00:00","dateModified":"2023-12-25T16:24:09+00:00","description":"Lassen Sie sich vom Tierpark-Restaurant D\u00e4hlh\u00f6lzli verw\u00f6hnen, am lauschigen Ufer der Aare, am Eingang zum Tierpark.","breadcrumb":{"@id":"https:\/\/tierpark-bern.ch\/en\/visiting-the-zoo\/gastronomy\/daehlhoelzli-zoo-restaurant\/#breadcrumb"},"inLanguage":"en-US","potentialAction":[{"@type":"ReadAction","target":["https:\/\/tierpark-bern.ch\/en\/visiting-the-zoo\/gastronomy\/daehlhoelzli-zoo-restaurant\/"]}]},{"@type":"ImageObject","inLanguage":"en-US","@id":"https:\/\/tierpark-bern.ch\/en\/visiting-the-zoo\/gastronomy\/daehlhoelzli-zoo-restaurant\/#primaryimage","url":"https:\/\/tierpark-bern.ch\/web\/app\/uploads\/2020\/08\/Gastronomie-Tierpark-Bern.jpg","contentUrl":"https:\/\/tierpark-bern.ch\/web\/app\/uploads\/2020\/08\/Gastronomie-Tierpark-Bern.jpg","width":799,"height":533},{"@type":"BreadcrumbList","@id":"https:\/\/tierpark-bern.ch\/en\/visiting-the-zoo\/gastronomy\/daehlhoelzli-zoo-restaurant\/#breadcrumb","itemListElement":[{"@type":"ListItem","position":1,"name":"Home","item":"https:\/\/tierpark-bern.ch\/en\/"},{"@type":"ListItem","position":2,"name":"Visiting the zoo","item":"https:\/\/tierpark-bern.ch\/en\/visiting-the-zoo\/"},{"@type":"ListItem","position":3,"name":"Eat &#038; Drink","item":"https:\/\/tierpark-bern.ch\/en\/visiting-the-zoo\/gastronomy\/"},{"@type":"ListItem","position":4,"name":"D\u00e4hlh\u00f6lzli Zoo Restaurant"}]},{"@type":"WebSite","@id":"https:\/\/tierpark-bern.ch\/en\/#website","url":"https:\/\/tierpark-bern.ch\/en\/","name":"Tierpark Bern","description":"","publisher":{"@id":"https:\/\/tierpark-bern.ch\/en\/#organization"},"potentialAction":[{"@type":"SearchAction","target":{"@type":"EntryPoint","urlTemplate":"https:\/\/tierpark-bern.ch\/en\/?s={search_term_string}"},"query-input":{"@type":"PropertyValueSpecification","valueRequired":true,"valueName":"search_term_string"}}],"inLanguage":"en-US"},{"@type":"Organization","@id":"https:\/\/tierpark-bern.ch\/en\/#organization","name":"Tierpark Bern | D\u00e4hlh\u00f6lzli + B\u00e4renPark","alternateName":"Tierpark Bern","url":"https:\/\/tierpark-bern.ch\/en\/","logo":{"@type":"ImageObject","inLanguage":"en-US","@id":"https:\/\/tierpark-bern.ch\/en\/#\/schema\/logo\/image\/","url":"https:\/\/tierpark-bern.ch\/web\/app\/uploads\/2024\/04\/tierpark-bern-696x696-1.jpg","contentUrl":"https:\/\/tierpark-bern.ch\/web\/app\/uploads\/2024\/04\/tierpark-bern-696x696-1.jpg","width":696,"height":696,"caption":"Tierpark Bern | D\u00e4hlh\u00f6lzli + B\u00e4renPark"},"image":{"@id":"https:\/\/tierpark-bern.ch\/en\/#\/schema\/logo\/image\/"},"sameAs":["https:\/\/www.facebook.com\/tierparkbern\/","https:\/\/x.com\/tierparkbern","https:\/\/www.instagram.com\/tierparkbern\/"]}]}},"_links":{"self":[{"href":"https:\/\/tierpark-bern.ch\/en\/wp-json\/wp\/v2\/pages\/51472","targetHints":{"allow":["GET"]}}],"collection":[{"href":"https:\/\/tierpark-bern.ch\/en\/wp-json\/wp\/v2\/pages"}],"about":[{"href":"https:\/\/tierpark-bern.ch\/en\/wp-json\/wp\/v2\/types\/page"}],"author":[{"embeddable":true,"href":"https:\/\/tierpark-bern.ch\/en\/wp-json\/wp\/v2\/users\/1"}],"replies":[{"embeddable":true,"href":"https:\/\/tierpark-bern.ch\/en\/wp-json\/wp\/v2\/comments?post=51472"}],"version-history":[{"count":0,"href":"https:\/\/tierpark-bern.ch\/en\/wp-json\/wp\/v2\/pages\/51472\/revisions"}],"up":[{"embeddable":true,"href":"https:\/\/tierpark-bern.ch\/en\/wp-json\/wp\/v2\/pages\/51816"}],"wp:featuredmedia":[{"embeddable":true,"href":"https:\/\/tierpark-bern.ch\/en\/wp-json\/wp\/v2\/media\/15632"}],"wp:attachment":[{"href":"https:\/\/tierpark-bern.ch\/en\/wp-json\/wp\/v2\/media?parent=51472"}],"curies":[{"name":"wp","href":"https:\/\/api.w.org\/{rel}","templated":true}]}}