
{"id":51490,"date":"2021-12-06T07:27:08","date_gmt":"2021-12-06T06:27:08","guid":{"rendered":"https:\/\/tierpark-bern.ch\/visiting-the-zoo\/entrance-fees\/gruppenpreise\/"},"modified":"2023-04-04T14:53:57","modified_gmt":"2023-04-04T12:53:57","slug":"group-prices","status":"publish","type":"page","link":"https:\/\/tierpark-bern.ch\/en\/visiting-the-zoo\/entrance-fees\/group-prices\/","title":{"rendered":"Group prices"},"content":{"rendered":"<div class=\"wpb-content-wrapper\"><p>[vc_row][vc_column][vc_column_text]<\/p>\n<h1>TICKETS &amp; PRICES<\/h1>\n<h2>Group prices<\/h2>\n<p>Groups of 20 or more benefit from a discounted group rate.[\/vc_column_text][\/vc_column][\/vc_row][vc_row][vc_column width=&#8221;3\/4&#8243;][vc_column_text]<\/p>\n<table class=\"tbl-ticket-list\">\n<tbody>\n<tr>\n<th class=\"tbl-title\">Day tickets<\/th>\n<th class=\"tbl-price\">Price<\/th>\n<\/tr>\n<tr>\n<td>Companies \/ groups (20 persons or more) per person<\/td>\n<td>CHF 9.\u2013*<\/td>\n<\/tr>\n<\/tbody>\n<\/table>\n<p>[\/vc_column_text][vc_column_text]<strong>*Prices include a voluntary <a href=\"https:\/\/tierpark-bern.ch\/en\/support\/naturschutzfranken\/\">nature conservation franc<\/a> (* CHF 1.00). Visitors who do not wish to pay this amount can inform the ticket office.<\/strong>[\/vc_column_text][\/vc_column][vc_column width=&#8221;1\/4&#8243;][vc_column_text el_class=&#8221;ticket-side-wrapper&#8221;]<\/p>\n<div class=\"ticket-side-container\"><img decoding=\"async\" class=\"ticket-side-img\" src=\"https:\/\/tierpark-bern.ch\/web\/app\/uploads\/2020\/07\/luchs-tierpark-bern.jpg\" alt=\"\" \/><a href=\"https:\/\/tierpark-bern.ch\/en\/visiting-the-zoo\/entrance-fees\/day-tickets\/\"><span class=\"ticket-side-desc\"><span class=\"ticket-side-center\"><span class=\"title\">Day tickets<\/span><\/span><\/span><\/a><\/div>\n<div class=\"ticket-side-container top-20\"><img decoding=\"async\" class=\"ticket-side-img\" src=\"https:\/\/tierpark-bern.ch\/web\/app\/uploads\/2020\/07\/Totenkopfaffen-ds-Tierpark-Bern-122-1.jpg\" alt=\"\" \/><a href=\"https:\/\/tierpark-bern.ch\/en\/visiting-the-zoo\/entrance-fees\/discounts\/\"><span class=\"ticket-side-desc\"><span class=\"ticket-side-center\"><span class=\"title\">Discounts<\/span><\/span><\/span><\/a><\/div>\n<div class=\"ticket-side-container top-20\"><img decoding=\"async\" class=\"ticket-side-img\" src=\"https:\/\/tierpark-bern.ch\/web\/app\/uploads\/2021\/08\/leoparden-zusammenfuehrung-tierpark-bern.jpg\" alt=\"\" \/><a href=\"https:\/\/tierpark-bern.ch\/en\/visiting-the-zoo\/entrance-fees\/annual-tickets\/\/\"><span class=\"ticket-side-desc\"><span class=\"ticket-side-center\"><span class=\"title\">Annual tickets<\/span><\/span><\/span><\/a><\/div>\n<div class=\"ticket-side-container top-20\"><img decoding=\"async\" class=\"ticket-side-img\" src=\"https:\/\/tierpark-bern.ch\/web\/app\/uploads\/2020\/07\/Kleinkantschil-Tierpark-Bern-1.jpg\" alt=\"\" \/><a href=\"https:\/\/tierpark-bern.ch\/en\/visiting-the-zoo\/entrance-fees\/school-classes\/\"><span class=\"ticket-side-desc\"><span class=\"ticket-side-center\"><span class=\"title\">School classes<\/span><\/span><\/span><\/a><\/div>\n<p>[\/vc_column_text][\/vc_column][\/vc_row]<\/p>\n<\/div>","protected":false},"excerpt":{"rendered":"<p>Groups of 20 or more benefit from a discounted group rate.<\/p>\n","protected":false},"author":1,"featured_media":22649,"parent":38992,"menu_order":0,"comment_status":"closed","ping_status":"closed","template":"","meta":{"_acf_changed":false,"footnotes":""},"class_list":["post-51490","page","type-page","status-publish","has-post-thumbnail","hentry"],"acf":[],"yoast_head":"<title>Group prices | Tierpark Bern<\/title>\n<meta name=\"description\" content=\"Groups of 20 or more benefit from a discounted group rate.\" \/>\n<meta name=\"robots\" content=\"index, follow, max-snippet:-1, max-image-preview:large, max-video-preview:-1\" \/>\n<link rel=\"canonical\" href=\"https:\/\/tierpark-bern.ch\/en\/visiting-the-zoo\/entrance-fees\/group-prices\/\" \/>\n<meta property=\"og:locale\" content=\"en_US\" \/>\n<meta property=\"og:type\" content=\"article\" \/>\n<meta property=\"og:title\" content=\"Group prices | Tierpark Bern\" \/>\n<meta property=\"og:description\" content=\"Groups of 20 or more benefit from a discounted group rate.\" \/>\n<meta property=\"og:url\" content=\"https:\/\/tierpark-bern.ch\/en\/visiting-the-zoo\/entrance-fees\/group-prices\/\" \/>\n<meta property=\"og:site_name\" content=\"Tierpark Bern\" \/>\n<meta property=\"article:publisher\" content=\"https:\/\/www.facebook.com\/tierparkbern\/\" \/>\n<meta property=\"article:modified_time\" content=\"2023-04-04T12:53:57+00:00\" \/>\n<meta property=\"og:image\" content=\"https:\/\/tierpark-bern.ch\/web\/app\/uploads\/2022\/02\/feuersalamander-tierpark-bern-52.jpg\" \/>\n\t<meta property=\"og:image:width\" content=\"1500\" \/>\n\t<meta property=\"og:image:height\" content=\"998\" \/>\n\t<meta property=\"og:image:type\" content=\"image\/jpeg\" \/>\n<script type=\"application\/ld+json\" class=\"yoast-schema-graph\">{\"@context\":\"https:\/\/schema.org\",\"@graph\":[{\"@type\":\"WebPage\",\"@id\":\"https:\/\/tierpark-bern.ch\/en\/visiting-the-zoo\/entrance-fees\/group-prices\/\",\"url\":\"https:\/\/tierpark-bern.ch\/en\/visiting-the-zoo\/entrance-fees\/group-prices\/\",\"name\":\"Group prices | Tierpark Bern\",\"isPartOf\":{\"@id\":\"https:\/\/tierpark-bern.ch\/en\/#website\"},\"primaryImageOfPage\":{\"@id\":\"https:\/\/tierpark-bern.ch\/en\/visiting-the-zoo\/entrance-fees\/group-prices\/#primaryimage\"},\"image\":{\"@id\":\"https:\/\/tierpark-bern.ch\/en\/visiting-the-zoo\/entrance-fees\/group-prices\/#primaryimage\"},\"thumbnailUrl\":\"https:\/\/tierpark-bern.ch\/web\/app\/uploads\/2022\/02\/feuersalamander-tierpark-bern-52.jpg\",\"datePublished\":\"2021-12-06T06:27:08+00:00\",\"dateModified\":\"2023-04-04T12:53:57+00:00\",\"description\":\"Groups of 20 or more benefit from a discounted group rate.\",\"breadcrumb\":{\"@id\":\"https:\/\/tierpark-bern.ch\/en\/visiting-the-zoo\/entrance-fees\/group-prices\/#breadcrumb\"},\"inLanguage\":\"en-US\",\"potentialAction\":[{\"@type\":\"ReadAction\",\"target\":[\"https:\/\/tierpark-bern.ch\/en\/visiting-the-zoo\/entrance-fees\/group-prices\/\"]}]},{\"@type\":\"ImageObject\",\"inLanguage\":\"en-US\",\"@id\":\"https:\/\/tierpark-bern.ch\/en\/visiting-the-zoo\/entrance-fees\/group-prices\/#primaryimage\",\"url\":\"https:\/\/tierpark-bern.ch\/web\/app\/uploads\/2022\/02\/feuersalamander-tierpark-bern-52.jpg\",\"contentUrl\":\"https:\/\/tierpark-bern.ch\/web\/app\/uploads\/2022\/02\/feuersalamander-tierpark-bern-52.jpg\",\"width\":1500,\"height\":998},{\"@type\":\"BreadcrumbList\",\"@id\":\"https:\/\/tierpark-bern.ch\/en\/visiting-the-zoo\/entrance-fees\/group-prices\/#breadcrumb\",\"itemListElement\":[{\"@type\":\"ListItem\",\"position\":1,\"name\":\"Home\",\"item\":\"https:\/\/tierpark-bern.ch\/en\/\"},{\"@type\":\"ListItem\",\"position\":2,\"name\":\"Visiting the zoo\",\"item\":\"https:\/\/tierpark-bern.ch\/en\/visiting-the-zoo\/\"},{\"@type\":\"ListItem\",\"position\":3,\"name\":\"Entrance fees\",\"item\":\"https:\/\/tierpark-bern.ch\/en\/visiting-the-zoo\/entrance-fees\/\"},{\"@type\":\"ListItem\",\"position\":4,\"name\":\"Group prices\"}]},{\"@type\":\"WebSite\",\"@id\":\"https:\/\/tierpark-bern.ch\/en\/#website\",\"url\":\"https:\/\/tierpark-bern.ch\/en\/\",\"name\":\"Tierpark Bern\",\"description\":\"\",\"publisher\":{\"@id\":\"https:\/\/tierpark-bern.ch\/en\/#organization\"},\"potentialAction\":[{\"@type\":\"SearchAction\",\"target\":{\"@type\":\"EntryPoint\",\"urlTemplate\":\"https:\/\/tierpark-bern.ch\/en\/?s={search_term_string}\"},\"query-input\":{\"@type\":\"PropertyValueSpecification\",\"valueRequired\":true,\"valueName\":\"search_term_string\"}}],\"inLanguage\":\"en-US\"},{\"@type\":\"Organization\",\"@id\":\"https:\/\/tierpark-bern.ch\/en\/#organization\",\"name\":\"Tierpark Bern | D\u00e4hlh\u00f6lzli + B\u00e4renPark\",\"alternateName\":\"Tierpark Bern\",\"url\":\"https:\/\/tierpark-bern.ch\/en\/\",\"logo\":{\"@type\":\"ImageObject\",\"inLanguage\":\"en-US\",\"@id\":\"https:\/\/tierpark-bern.ch\/en\/#\/schema\/logo\/image\/\",\"url\":\"https:\/\/tierpark-bern.ch\/web\/app\/uploads\/2024\/04\/tierpark-bern-696x696-1.jpg\",\"contentUrl\":\"https:\/\/tierpark-bern.ch\/web\/app\/uploads\/2024\/04\/tierpark-bern-696x696-1.jpg\",\"width\":696,\"height\":696,\"caption\":\"Tierpark Bern | D\u00e4hlh\u00f6lzli + B\u00e4renPark\"},\"image\":{\"@id\":\"https:\/\/tierpark-bern.ch\/en\/#\/schema\/logo\/image\/\"},\"sameAs\":[\"https:\/\/www.facebook.com\/tierparkbern\/\",\"https:\/\/x.com\/tierparkbern\",\"https:\/\/www.instagram.com\/tierparkbern\/\"]}]}<\/script>","yoast_head_json":{"title":"Group prices | Tierpark Bern","description":"Groups of 20 or more benefit from a discounted group rate.","robots":{"index":"index","follow":"follow","max-snippet":"max-snippet:-1","max-image-preview":"max-image-preview:large","max-video-preview":"max-video-preview:-1"},"canonical":"https:\/\/tierpark-bern.ch\/en\/visiting-the-zoo\/entrance-fees\/group-prices\/","og_locale":"en_US","og_type":"article","og_title":"Group prices | Tierpark Bern","og_description":"Groups of 20 or more benefit from a discounted group rate.","og_url":"https:\/\/tierpark-bern.ch\/en\/visiting-the-zoo\/entrance-fees\/group-prices\/","og_site_name":"Tierpark Bern","article_publisher":"https:\/\/www.facebook.com\/tierparkbern\/","article_modified_time":"2023-04-04T12:53:57+00:00","og_image":[{"width":1500,"height":998,"url":"https:\/\/tierpark-bern.ch\/web\/app\/uploads\/2022\/02\/feuersalamander-tierpark-bern-52.jpg","type":"image\/jpeg"}],"schema":{"@context":"https:\/\/schema.org","@graph":[{"@type":"WebPage","@id":"https:\/\/tierpark-bern.ch\/en\/visiting-the-zoo\/entrance-fees\/group-prices\/","url":"https:\/\/tierpark-bern.ch\/en\/visiting-the-zoo\/entrance-fees\/group-prices\/","name":"Group prices | Tierpark Bern","isPartOf":{"@id":"https:\/\/tierpark-bern.ch\/en\/#website"},"primaryImageOfPage":{"@id":"https:\/\/tierpark-bern.ch\/en\/visiting-the-zoo\/entrance-fees\/group-prices\/#primaryimage"},"image":{"@id":"https:\/\/tierpark-bern.ch\/en\/visiting-the-zoo\/entrance-fees\/group-prices\/#primaryimage"},"thumbnailUrl":"https:\/\/tierpark-bern.ch\/web\/app\/uploads\/2022\/02\/feuersalamander-tierpark-bern-52.jpg","datePublished":"2021-12-06T06:27:08+00:00","dateModified":"2023-04-04T12:53:57+00:00","description":"Groups of 20 or more benefit from a discounted group rate.","breadcrumb":{"@id":"https:\/\/tierpark-bern.ch\/en\/visiting-the-zoo\/entrance-fees\/group-prices\/#breadcrumb"},"inLanguage":"en-US","potentialAction":[{"@type":"ReadAction","target":["https:\/\/tierpark-bern.ch\/en\/visiting-the-zoo\/entrance-fees\/group-prices\/"]}]},{"@type":"ImageObject","inLanguage":"en-US","@id":"https:\/\/tierpark-bern.ch\/en\/visiting-the-zoo\/entrance-fees\/group-prices\/#primaryimage","url":"https:\/\/tierpark-bern.ch\/web\/app\/uploads\/2022\/02\/feuersalamander-tierpark-bern-52.jpg","contentUrl":"https:\/\/tierpark-bern.ch\/web\/app\/uploads\/2022\/02\/feuersalamander-tierpark-bern-52.jpg","width":1500,"height":998},{"@type":"BreadcrumbList","@id":"https:\/\/tierpark-bern.ch\/en\/visiting-the-zoo\/entrance-fees\/group-prices\/#breadcrumb","itemListElement":[{"@type":"ListItem","position":1,"name":"Home","item":"https:\/\/tierpark-bern.ch\/en\/"},{"@type":"ListItem","position":2,"name":"Visiting the zoo","item":"https:\/\/tierpark-bern.ch\/en\/visiting-the-zoo\/"},{"@type":"ListItem","position":3,"name":"Entrance fees","item":"https:\/\/tierpark-bern.ch\/en\/visiting-the-zoo\/entrance-fees\/"},{"@type":"ListItem","position":4,"name":"Group prices"}]},{"@type":"WebSite","@id":"https:\/\/tierpark-bern.ch\/en\/#website","url":"https:\/\/tierpark-bern.ch\/en\/","name":"Tierpark Bern","description":"","publisher":{"@id":"https:\/\/tierpark-bern.ch\/en\/#organization"},"potentialAction":[{"@type":"SearchAction","target":{"@type":"EntryPoint","urlTemplate":"https:\/\/tierpark-bern.ch\/en\/?s={search_term_string}"},"query-input":{"@type":"PropertyValueSpecification","valueRequired":true,"valueName":"search_term_string"}}],"inLanguage":"en-US"},{"@type":"Organization","@id":"https:\/\/tierpark-bern.ch\/en\/#organization","name":"Tierpark Bern | D\u00e4hlh\u00f6lzli + B\u00e4renPark","alternateName":"Tierpark Bern","url":"https:\/\/tierpark-bern.ch\/en\/","logo":{"@type":"ImageObject","inLanguage":"en-US","@id":"https:\/\/tierpark-bern.ch\/en\/#\/schema\/logo\/image\/","url":"https:\/\/tierpark-bern.ch\/web\/app\/uploads\/2024\/04\/tierpark-bern-696x696-1.jpg","contentUrl":"https:\/\/tierpark-bern.ch\/web\/app\/uploads\/2024\/04\/tierpark-bern-696x696-1.jpg","width":696,"height":696,"caption":"Tierpark Bern | D\u00e4hlh\u00f6lzli + B\u00e4renPark"},"image":{"@id":"https:\/\/tierpark-bern.ch\/en\/#\/schema\/logo\/image\/"},"sameAs":["https:\/\/www.facebook.com\/tierparkbern\/","https:\/\/x.com\/tierparkbern","https:\/\/www.instagram.com\/tierparkbern\/"]}]}},"_links":{"self":[{"href":"https:\/\/tierpark-bern.ch\/en\/wp-json\/wp\/v2\/pages\/51490","targetHints":{"allow":["GET"]}}],"collection":[{"href":"https:\/\/tierpark-bern.ch\/en\/wp-json\/wp\/v2\/pages"}],"about":[{"href":"https:\/\/tierpark-bern.ch\/en\/wp-json\/wp\/v2\/types\/page"}],"author":[{"embeddable":true,"href":"https:\/\/tierpark-bern.ch\/en\/wp-json\/wp\/v2\/users\/1"}],"replies":[{"embeddable":true,"href":"https:\/\/tierpark-bern.ch\/en\/wp-json\/wp\/v2\/comments?post=51490"}],"version-history":[{"count":0,"href":"https:\/\/tierpark-bern.ch\/en\/wp-json\/wp\/v2\/pages\/51490\/revisions"}],"up":[{"embeddable":true,"href":"https:\/\/tierpark-bern.ch\/en\/wp-json\/wp\/v2\/pages\/38992"}],"wp:featuredmedia":[{"embeddable":true,"href":"https:\/\/tierpark-bern.ch\/en\/wp-json\/wp\/v2\/media\/22649"}],"wp:attachment":[{"href":"https:\/\/tierpark-bern.ch\/en\/wp-json\/wp\/v2\/media?parent=51490"}],"curies":[{"name":"wp","href":"https:\/\/api.w.org\/{rel}","templated":true}]}}