
{"id":51492,"date":"2021-12-06T07:29:57","date_gmt":"2021-12-06T06:29:57","guid":{"rendered":"https:\/\/tierpark-bern.ch\/visiting-the-zoo\/entrance-fees\/jahreskarten\/"},"modified":"2023-04-04T14:49:31","modified_gmt":"2023-04-04T12:49:31","slug":"annual-tickets","status":"publish","type":"page","link":"https:\/\/tierpark-bern.ch\/en\/visiting-the-zoo\/entrance-fees\/annual-tickets\/","title":{"rendered":"Annual tickets"},"content":{"rendered":"<div class=\"wpb-content-wrapper\"><p>[vc_row][vc_column][vc_column_text]<\/p>\n<h1>TICKETS &amp; PRICES<\/h1>\n<h2>Annual tickets<\/h2>\n<p>Children up to 5 years are free of charge.[\/vc_column_text][\/vc_column][\/vc_row][vc_row][vc_column width=&#8221;3\/4&#8243;][vc_column_text]<\/p>\n<table class=\"tbl-ticket-list\">\n<tbody>\n<tr>\n<th class=\"tbl-title\">Annual ticket<\/th>\n<th class=\"tbl-price\">Price<\/th>\n<\/tr>\n<tr>\n<td>Adults (from 16 years)<\/td>\n<td>CHF 80.\u2013**<\/td>\n<\/tr>\n<tr>\n<td>Children 6 \u2013 15 years<\/td>\n<td>CHF 45.\u2013****<\/td>\n<\/tr>\n<tr>\n<td>IV children 6 \u2013 15 years<\/td>\n<td>CHF 45.\u2013****<\/td>\n<\/tr>\n<tr>\n<td>Families (max 2 adults, max 4 children, 6 \u2013 15 years)<\/td>\n<td>CHF 140.\u2013**<\/td>\n<\/tr>\n<tr>\n<td>AHV\/IV pensioners<\/td>\n<td>CHF 60.\u2013**<\/td>\n<\/tr>\n<tr>\n<td>Apprentices, students<\/td>\n<td>CHF 55.\u2013****<\/td>\n<\/tr>\n<tr>\n<td>KulturLegi, adults<\/td>\n<td>CHF 50.\u2013<\/td>\n<\/tr>\n<tr>\n<td>KulturLegi, Families<\/td>\n<td>CHF 75.\u2013<\/td>\n<\/tr>\n<tr>\n<td>Grandparents&#8217; Annual Pass (max. 2 adults, max. 4 grandchildren, 6 &#8211; 15 years)<\/td>\n<td>CHF 150.-<\/td>\n<\/tr>\n<tr>\n<td>Annual pass for companies (admission for 3 families per day)<\/td>\n<td>CHF 690.-<\/td>\n<\/tr>\n<\/tbody>\n<\/table>\n<p>[\/vc_column_text][vc_column_text]<\/p>\n<h2>Annual tickets for Animal Park association Bern members<\/h2>\n<p>Members of the Friends receive a reduced entrance fee to the D\u00e4hlh\u00f6lzli Zoo. <a href=\"https:\/\/www.tierparkverein.ch\/mitgliedschaft\/\" target=\"_blank\" rel=\"noopener\">Are you interested in becoming a member?<\/a>[\/vc_column_text][vc_column_text]<\/p>\n<table class=\"tbl-ticket-list\">\n<tbody>\n<tr>\n<th class=\"tbl-title\">Annual ticket<\/th>\n<th class=\"tbl-price\">Price<\/th>\n<\/tr>\n<tr>\n<td>Zoo Society Members, Adults<\/td>\n<td>CHF 60.\u2013**<\/td>\n<\/tr>\n<tr>\n<td>Animal Park association Bern members children 6 &#8211; 15 years (family member)<\/td>\n<td>CHF 45.\u2013****<\/td>\n<\/tr>\n<tr>\n<td>Family (family membership of the zoo association)<\/td>\n<td>CHF 110.\u2013**<\/td>\n<\/tr>\n<\/tbody>\n<\/table>\n<p>[\/vc_column_text][vc_column_text]<strong>*Prices include a voluntary <a href=\"https:\/\/tierpark-bern.ch\/en\/support\/naturschutzfranken\/\">nature conservation franc<\/a> (* CHF 1.00 \/ ** CHF 10.00\/ *** CHF 4.00, **** CHF 5.00). Visitors who do not wish to pay this amount can inform the ticket office.<\/strong>[\/vc_column_text][vc_empty_space][vc_column_text]<\/p>\n<div class=\"zoo-link-info\">\n<div class=\"container\">\n<div class=\"row\">\n<div class=\"col-md-8 col-sm-12\">\n<div class=\"zoo-link-text-container\"><span class=\"zoo-link-text\">With the annual pass you save money and can go through the turnstile into the zoo for a whole year without waiting.<\/span><\/div>\n<\/div>\n<div class=\"col-md-4 col-sm-12 zoo-link-btn-container\"><span class=\"zoo-link-btn\"><a class=\"button button-zoo-info\" href=\"https:\/\/tierpark-bern.ch\/zoobesuch\/eintrittspreise\/jahreskarten\/anmelden\/\">Registration annual pass<i class=\"fa fa-long-arrow-right\"><\/i><\/a><\/span><\/div>\n<\/div>\n<\/div>\n<\/div>\n<p>[\/vc_column_text][vc_empty_space][vc_column_text]<\/p>\n<h2>Vouchers for Annual Passes<\/h2>\n<p>Give the gift of 365 days of unique experiences and encounters between humans and animals. <a href=\"https:\/\/shop.e-guma.ch\/tierpark-bern\/de\/gutscheine\/19300\/gutscheine-fuer-jahreskarten\" target=\"_blank\" rel=\"noopener\">Vouchers for our Annual Passes<\/a> you can order, pay and also print out straight away from the comfort of your own home.[\/vc_column_text][vc_column_text]<a class=\"button button--dahlholzli d-lg-inline-block\" href=\"https:\/\/shop.e-guma.ch\/tierpark-bern\/de\/gutscheine\/19300\/gutscheine-fuer-jahreskarten\" target=\"_blank\" rel=\"noopener\">ORDER VOUCHERS NOW<\/a>[\/vc_column_text][vc_empty_space][vc_column_text]<\/p>\n<h2>Frequently asked questions about the Annual Passes<\/h2>\n<div class=\"faq-section top-20\">\n                <div class=\"row\">\n                    <div class=\"col-12\"><div class=\"accordion accordion--bordered\">\n                                  <div class=\"accordion__title-block\" role=\"button\">\n                                      <span class=\"accordion__title\">Can I personalise the vouchers for Annual Passes?<\/span>\n                                      <span class=\"accordion__close\"><\/span>\n                                  <\/div>\n                                  <div class=\"accordion__text-block\">\n                                       <p><p>You can personalise our Annual Pass vouchers online. Give the gift of 365 days of unique experiences and encounters between humans and animals. <a href=\"https:\/\/shop.e-guma.ch\/tierpark-bern\/de\/gutscheine\/19300\/gutscheine-fuer-jahreskarten\" target=\"_blank\" rel=\"noopener\">Order vouchers for Annual Passes now<\/a><\/p>\n<\/p>\n                                  <\/div>\n                              <\/div><div class=\"accordion accordion--bordered\">\n                                  <div class=\"accordion__title-block\" role=\"button\">\n                                      <span class=\"accordion__title\">Where can I find the General Terms and Conditions for Annual Passes?<\/span>\n                                      <span class=\"accordion__close\"><\/span>\n                                  <\/div>\n                                  <div class=\"accordion__text-block\">\n                                       <div class=\"wpb-content-wrapper\"><p>[vc_row][vc_column][vc_column_text]Here you can view our terms and conditions for day tickets and annual tickets.[\/vc_column_text][\/vc_column][\/vc_row][vc_row][vc_column][vc_empty_space][vc_column_text]<a class=\"button button--tierpark\" href=\"https:\/\/tierpark-bern.ch\/web\/app\/uploads\/2020\/07\/AGB-Eintrittskarten-Tierpark-Bern.pdf\" target=\"_blank\" rel=\"noopener\">General Terms and Conditions (GTC) for Day Tickets and Annual Passes (PDF, 131 kb)<\/a>[\/vc_column_text][\/vc_column][\/vc_row]<\/p>\n<\/div>\n                                  <\/div>\n                              <\/div><div class=\"accordion accordion--bordered\">\n                                  <div class=\"accordion__title-block\" role=\"button\">\n                                      <span class=\"accordion__title\">is there a deposit for the annual pass?<\/span>\n                                      <span class=\"accordion__close\"><\/span>\n                                  <\/div>\n                                  <div class=\"accordion__text-block\">\n                                       <p><p>Our annual passes are reusable, for this reason we charge a deposit of CHF 10 per pass.<\/p>\n<\/p>\n                                  <\/div>\n                              <\/div><div class=\"accordion accordion--bordered\">\n                                  <div class=\"accordion__title-block\" role=\"button\">\n                                      <span class=\"accordion__title\">Do I get any other benefits as an annual pass holder?<\/span>\n                                      <span class=\"accordion__close\"><\/span>\n                                  <\/div>\n                                  <div class=\"accordion__text-block\">\n                                       <p><p>Bern Animal Park is a member of \u201cZoo Schweiz\u201d. Annual ticket holders of the Bern Animal Park receive a reduced admission price with the other <a href=\"https:\/\/zoos.ch\/ueber-uns-mission\/\" target=\"_blank\" rel=\"noopener\">members of \u201cZoo Schweiz\u201d.<\/a> Please show your valid Bern Animal Park annual pass.<\/p>\n<\/p>\n                                  <\/div>\n                              <\/div><\/div>\n                <\/div>\n            <\/div>[\/vc_column_text][\/vc_column][vc_column width=&#8221;1\/4&#8243;][vc_column_text el_class=&#8221;ticket-side-wrapper&#8221;]<\/p>\n<div class=\"ticket-side-container\"><img decoding=\"async\" class=\"ticket-side-img\" src=\"https:\/\/tierpark-bern.ch\/web\/app\/uploads\/2020\/07\/luchs-tierpark-bern.jpg\" alt=\"\" \/><a href=\"https:\/\/tierpark-bern.ch\/en\/visiting-the-zoo\/entrance-fees\/day-tickets\/\"><span class=\"ticket-side-desc\"><span class=\"ticket-side-center\"><span class=\"title\">Day tickets<\/span><\/span><\/span><\/a><\/div>\n<div class=\"ticket-side-container top-20\"><img decoding=\"async\" class=\"ticket-side-img\" src=\"https:\/\/tierpark-bern.ch\/web\/app\/uploads\/2020\/07\/Totenkopfaffen-ds-Tierpark-Bern-122-1.jpg\" alt=\"\" \/><a href=\"https:\/\/tierpark-bern.ch\/en\/visiting-the-zoo\/entrance-fees\/discounts\/\"><span class=\"ticket-side-desc\"><span class=\"ticket-side-center\"><span class=\"title\">Discounts<\/span><\/span><\/span><\/a><\/div>\n<div class=\"ticket-side-container top-20\"><img decoding=\"async\" class=\"ticket-side-img\" src=\"https:\/\/tierpark-bern.ch\/web\/app\/uploads\/2020\/07\/Kleinkantschil-Tierpark-Bern-1.jpg\" alt=\"\" \/><a href=\"https:\/\/tierpark-bern.ch\/en\/visiting-the-zoo\/entrance-fees\/school-classes\/\"><span class=\"ticket-side-desc\"><span class=\"ticket-side-center\"><span class=\"title\">School classes<\/span><\/span><\/span><\/a><\/div>\n<div class=\"ticket-side-container top-20\"><img decoding=\"async\" class=\"ticket-side-img\" src=\"https:\/\/tierpark-bern.ch\/web\/app\/uploads\/2020\/07\/Moschusochse-Tierpark-Bern-1.jpg\" alt=\"\" \/><a href=\"https:\/\/tierpark-bern.ch\/en\/visiting-the-zoo\/entrance-fees\/group-prices\/\"><span class=\"ticket-side-desc\"><span class=\"ticket-side-center\"><span class=\"title\">Group prices<\/span><\/span><\/span><\/a><\/div>\n<p>[\/vc_column_text][\/vc_column][\/vc_row]<\/p>\n<\/div>","protected":false},"excerpt":{"rendered":"<p>With the annual pass you save money and can go through the turnstile into the zoo for a whole year without waiting.<\/p>\n","protected":false},"author":1,"featured_media":22849,"parent":38992,"menu_order":0,"comment_status":"closed","ping_status":"closed","template":"","meta":{"_acf_changed":false,"footnotes":""},"class_list":["post-51492","page","type-page","status-publish","has-post-thumbnail","hentry"],"acf":[],"yoast_head":"<title>Annual tickets | Tierpark Bern<\/title>\n<meta name=\"description\" content=\"With the annual pass you save money and can go through the turnstile into the zoo for a whole year without waiting.\" \/>\n<meta name=\"robots\" content=\"index, follow, max-snippet:-1, max-image-preview:large, max-video-preview:-1\" \/>\n<link rel=\"canonical\" href=\"https:\/\/tierpark-bern.ch\/en\/visiting-the-zoo\/entrance-fees\/annual-tickets\/\" \/>\n<meta property=\"og:locale\" content=\"en_US\" \/>\n<meta property=\"og:type\" content=\"article\" \/>\n<meta property=\"og:title\" content=\"Annual tickets | Tierpark Bern\" \/>\n<meta property=\"og:description\" content=\"With the annual pass you save money and can go through the turnstile into the zoo for a whole year without waiting.\" \/>\n<meta property=\"og:url\" content=\"https:\/\/tierpark-bern.ch\/en\/visiting-the-zoo\/entrance-fees\/annual-tickets\/\" \/>\n<meta property=\"og:site_name\" content=\"Tierpark Bern\" \/>\n<meta property=\"article:publisher\" content=\"https:\/\/www.facebook.com\/tierparkbern\/\" \/>\n<meta property=\"article:modified_time\" content=\"2023-04-04T12:49:31+00:00\" \/>\n<meta property=\"og:image\" content=\"https:\/\/tierpark-bern.ch\/web\/app\/uploads\/2022\/02\/leopard-zusammenfuehrung-tierpark-bern-67.jpg\" \/>\n\t<meta property=\"og:image:width\" content=\"1500\" \/>\n\t<meta property=\"og:image:height\" content=\"998\" \/>\n\t<meta property=\"og:image:type\" content=\"image\/jpeg\" \/>\n<script type=\"application\/ld+json\" class=\"yoast-schema-graph\">{\"@context\":\"https:\/\/schema.org\",\"@graph\":[{\"@type\":\"WebPage\",\"@id\":\"https:\/\/tierpark-bern.ch\/en\/visiting-the-zoo\/entrance-fees\/annual-tickets\/\",\"url\":\"https:\/\/tierpark-bern.ch\/en\/visiting-the-zoo\/entrance-fees\/annual-tickets\/\",\"name\":\"Annual tickets | Tierpark Bern\",\"isPartOf\":{\"@id\":\"https:\/\/tierpark-bern.ch\/en\/#website\"},\"primaryImageOfPage\":{\"@id\":\"https:\/\/tierpark-bern.ch\/en\/visiting-the-zoo\/entrance-fees\/annual-tickets\/#primaryimage\"},\"image\":{\"@id\":\"https:\/\/tierpark-bern.ch\/en\/visiting-the-zoo\/entrance-fees\/annual-tickets\/#primaryimage\"},\"thumbnailUrl\":\"https:\/\/tierpark-bern.ch\/web\/app\/uploads\/2022\/02\/leopard-zusammenfuehrung-tierpark-bern-67.jpg\",\"datePublished\":\"2021-12-06T06:29:57+00:00\",\"dateModified\":\"2023-04-04T12:49:31+00:00\",\"description\":\"With the annual pass you save money and can go through the turnstile into the zoo for a whole year without waiting.\",\"breadcrumb\":{\"@id\":\"https:\/\/tierpark-bern.ch\/en\/visiting-the-zoo\/entrance-fees\/annual-tickets\/#breadcrumb\"},\"inLanguage\":\"en-US\",\"potentialAction\":[{\"@type\":\"ReadAction\",\"target\":[\"https:\/\/tierpark-bern.ch\/en\/visiting-the-zoo\/entrance-fees\/annual-tickets\/\"]}]},{\"@type\":\"ImageObject\",\"inLanguage\":\"en-US\",\"@id\":\"https:\/\/tierpark-bern.ch\/en\/visiting-the-zoo\/entrance-fees\/annual-tickets\/#primaryimage\",\"url\":\"https:\/\/tierpark-bern.ch\/web\/app\/uploads\/2022\/02\/leopard-zusammenfuehrung-tierpark-bern-67.jpg\",\"contentUrl\":\"https:\/\/tierpark-bern.ch\/web\/app\/uploads\/2022\/02\/leopard-zusammenfuehrung-tierpark-bern-67.jpg\",\"width\":1500,\"height\":998,\"caption\":\"Leopards Merging\"},{\"@type\":\"BreadcrumbList\",\"@id\":\"https:\/\/tierpark-bern.ch\/en\/visiting-the-zoo\/entrance-fees\/annual-tickets\/#breadcrumb\",\"itemListElement\":[{\"@type\":\"ListItem\",\"position\":1,\"name\":\"Home\",\"item\":\"https:\/\/tierpark-bern.ch\/en\/\"},{\"@type\":\"ListItem\",\"position\":2,\"name\":\"Visiting the zoo\",\"item\":\"https:\/\/tierpark-bern.ch\/en\/visiting-the-zoo\/\"},{\"@type\":\"ListItem\",\"position\":3,\"name\":\"Entrance fees\",\"item\":\"https:\/\/tierpark-bern.ch\/en\/visiting-the-zoo\/entrance-fees\/\"},{\"@type\":\"ListItem\",\"position\":4,\"name\":\"Annual tickets\"}]},{\"@type\":\"WebSite\",\"@id\":\"https:\/\/tierpark-bern.ch\/en\/#website\",\"url\":\"https:\/\/tierpark-bern.ch\/en\/\",\"name\":\"Tierpark Bern\",\"description\":\"\",\"publisher\":{\"@id\":\"https:\/\/tierpark-bern.ch\/en\/#organization\"},\"potentialAction\":[{\"@type\":\"SearchAction\",\"target\":{\"@type\":\"EntryPoint\",\"urlTemplate\":\"https:\/\/tierpark-bern.ch\/en\/?s={search_term_string}\"},\"query-input\":{\"@type\":\"PropertyValueSpecification\",\"valueRequired\":true,\"valueName\":\"search_term_string\"}}],\"inLanguage\":\"en-US\"},{\"@type\":\"Organization\",\"@id\":\"https:\/\/tierpark-bern.ch\/en\/#organization\",\"name\":\"Tierpark Bern | D\u00e4hlh\u00f6lzli + B\u00e4renPark\",\"alternateName\":\"Tierpark Bern\",\"url\":\"https:\/\/tierpark-bern.ch\/en\/\",\"logo\":{\"@type\":\"ImageObject\",\"inLanguage\":\"en-US\",\"@id\":\"https:\/\/tierpark-bern.ch\/en\/#\/schema\/logo\/image\/\",\"url\":\"https:\/\/tierpark-bern.ch\/web\/app\/uploads\/2024\/04\/tierpark-bern-696x696-1.jpg\",\"contentUrl\":\"https:\/\/tierpark-bern.ch\/web\/app\/uploads\/2024\/04\/tierpark-bern-696x696-1.jpg\",\"width\":696,\"height\":696,\"caption\":\"Tierpark Bern | D\u00e4hlh\u00f6lzli + B\u00e4renPark\"},\"image\":{\"@id\":\"https:\/\/tierpark-bern.ch\/en\/#\/schema\/logo\/image\/\"},\"sameAs\":[\"https:\/\/www.facebook.com\/tierparkbern\/\",\"https:\/\/x.com\/tierparkbern\",\"https:\/\/www.instagram.com\/tierparkbern\/\"]}]}<\/script>","yoast_head_json":{"title":"Annual tickets | Tierpark Bern","description":"With the annual pass you save money and can go through the turnstile into the zoo for a whole year without waiting.","robots":{"index":"index","follow":"follow","max-snippet":"max-snippet:-1","max-image-preview":"max-image-preview:large","max-video-preview":"max-video-preview:-1"},"canonical":"https:\/\/tierpark-bern.ch\/en\/visiting-the-zoo\/entrance-fees\/annual-tickets\/","og_locale":"en_US","og_type":"article","og_title":"Annual tickets | Tierpark Bern","og_description":"With the annual pass you save money and can go through the turnstile into the zoo for a whole year without waiting.","og_url":"https:\/\/tierpark-bern.ch\/en\/visiting-the-zoo\/entrance-fees\/annual-tickets\/","og_site_name":"Tierpark Bern","article_publisher":"https:\/\/www.facebook.com\/tierparkbern\/","article_modified_time":"2023-04-04T12:49:31+00:00","og_image":[{"width":1500,"height":998,"url":"https:\/\/tierpark-bern.ch\/web\/app\/uploads\/2022\/02\/leopard-zusammenfuehrung-tierpark-bern-67.jpg","type":"image\/jpeg"}],"schema":{"@context":"https:\/\/schema.org","@graph":[{"@type":"WebPage","@id":"https:\/\/tierpark-bern.ch\/en\/visiting-the-zoo\/entrance-fees\/annual-tickets\/","url":"https:\/\/tierpark-bern.ch\/en\/visiting-the-zoo\/entrance-fees\/annual-tickets\/","name":"Annual tickets | Tierpark Bern","isPartOf":{"@id":"https:\/\/tierpark-bern.ch\/en\/#website"},"primaryImageOfPage":{"@id":"https:\/\/tierpark-bern.ch\/en\/visiting-the-zoo\/entrance-fees\/annual-tickets\/#primaryimage"},"image":{"@id":"https:\/\/tierpark-bern.ch\/en\/visiting-the-zoo\/entrance-fees\/annual-tickets\/#primaryimage"},"thumbnailUrl":"https:\/\/tierpark-bern.ch\/web\/app\/uploads\/2022\/02\/leopard-zusammenfuehrung-tierpark-bern-67.jpg","datePublished":"2021-12-06T06:29:57+00:00","dateModified":"2023-04-04T12:49:31+00:00","description":"With the annual pass you save money and can go through the turnstile into the zoo for a whole year without waiting.","breadcrumb":{"@id":"https:\/\/tierpark-bern.ch\/en\/visiting-the-zoo\/entrance-fees\/annual-tickets\/#breadcrumb"},"inLanguage":"en-US","potentialAction":[{"@type":"ReadAction","target":["https:\/\/tierpark-bern.ch\/en\/visiting-the-zoo\/entrance-fees\/annual-tickets\/"]}]},{"@type":"ImageObject","inLanguage":"en-US","@id":"https:\/\/tierpark-bern.ch\/en\/visiting-the-zoo\/entrance-fees\/annual-tickets\/#primaryimage","url":"https:\/\/tierpark-bern.ch\/web\/app\/uploads\/2022\/02\/leopard-zusammenfuehrung-tierpark-bern-67.jpg","contentUrl":"https:\/\/tierpark-bern.ch\/web\/app\/uploads\/2022\/02\/leopard-zusammenfuehrung-tierpark-bern-67.jpg","width":1500,"height":998,"caption":"Leopards Merging"},{"@type":"BreadcrumbList","@id":"https:\/\/tierpark-bern.ch\/en\/visiting-the-zoo\/entrance-fees\/annual-tickets\/#breadcrumb","itemListElement":[{"@type":"ListItem","position":1,"name":"Home","item":"https:\/\/tierpark-bern.ch\/en\/"},{"@type":"ListItem","position":2,"name":"Visiting the zoo","item":"https:\/\/tierpark-bern.ch\/en\/visiting-the-zoo\/"},{"@type":"ListItem","position":3,"name":"Entrance fees","item":"https:\/\/tierpark-bern.ch\/en\/visiting-the-zoo\/entrance-fees\/"},{"@type":"ListItem","position":4,"name":"Annual tickets"}]},{"@type":"WebSite","@id":"https:\/\/tierpark-bern.ch\/en\/#website","url":"https:\/\/tierpark-bern.ch\/en\/","name":"Tierpark Bern","description":"","publisher":{"@id":"https:\/\/tierpark-bern.ch\/en\/#organization"},"potentialAction":[{"@type":"SearchAction","target":{"@type":"EntryPoint","urlTemplate":"https:\/\/tierpark-bern.ch\/en\/?s={search_term_string}"},"query-input":{"@type":"PropertyValueSpecification","valueRequired":true,"valueName":"search_term_string"}}],"inLanguage":"en-US"},{"@type":"Organization","@id":"https:\/\/tierpark-bern.ch\/en\/#organization","name":"Tierpark Bern | D\u00e4hlh\u00f6lzli + B\u00e4renPark","alternateName":"Tierpark Bern","url":"https:\/\/tierpark-bern.ch\/en\/","logo":{"@type":"ImageObject","inLanguage":"en-US","@id":"https:\/\/tierpark-bern.ch\/en\/#\/schema\/logo\/image\/","url":"https:\/\/tierpark-bern.ch\/web\/app\/uploads\/2024\/04\/tierpark-bern-696x696-1.jpg","contentUrl":"https:\/\/tierpark-bern.ch\/web\/app\/uploads\/2024\/04\/tierpark-bern-696x696-1.jpg","width":696,"height":696,"caption":"Tierpark Bern | D\u00e4hlh\u00f6lzli + B\u00e4renPark"},"image":{"@id":"https:\/\/tierpark-bern.ch\/en\/#\/schema\/logo\/image\/"},"sameAs":["https:\/\/www.facebook.com\/tierparkbern\/","https:\/\/x.com\/tierparkbern","https:\/\/www.instagram.com\/tierparkbern\/"]}]}},"_links":{"self":[{"href":"https:\/\/tierpark-bern.ch\/en\/wp-json\/wp\/v2\/pages\/51492","targetHints":{"allow":["GET"]}}],"collection":[{"href":"https:\/\/tierpark-bern.ch\/en\/wp-json\/wp\/v2\/pages"}],"about":[{"href":"https:\/\/tierpark-bern.ch\/en\/wp-json\/wp\/v2\/types\/page"}],"author":[{"embeddable":true,"href":"https:\/\/tierpark-bern.ch\/en\/wp-json\/wp\/v2\/users\/1"}],"replies":[{"embeddable":true,"href":"https:\/\/tierpark-bern.ch\/en\/wp-json\/wp\/v2\/comments?post=51492"}],"version-history":[{"count":0,"href":"https:\/\/tierpark-bern.ch\/en\/wp-json\/wp\/v2\/pages\/51492\/revisions"}],"up":[{"embeddable":true,"href":"https:\/\/tierpark-bern.ch\/en\/wp-json\/wp\/v2\/pages\/38992"}],"wp:featuredmedia":[{"embeddable":true,"href":"https:\/\/tierpark-bern.ch\/en\/wp-json\/wp\/v2\/media\/22849"}],"wp:attachment":[{"href":"https:\/\/tierpark-bern.ch\/en\/wp-json\/wp\/v2\/media?parent=51492"}],"curies":[{"name":"wp","href":"https:\/\/api.w.org\/{rel}","templated":true}]}}