
{"id":51497,"date":"2020-08-05T12:55:41","date_gmt":"2020-08-05T10:55:41","guid":{"rendered":"https:\/\/tierpark-bern.ch\/visiting-the-zoo\/entrance-fees\/tageskarten\/"},"modified":"2023-04-18T13:34:37","modified_gmt":"2023-04-18T11:34:37","slug":"day-tickets","status":"publish","type":"page","link":"https:\/\/tierpark-bern.ch\/en\/visiting-the-zoo\/entrance-fees\/day-tickets\/","title":{"rendered":"Day tickets"},"content":{"rendered":"<div class=\"wpb-content-wrapper\"><p>[vc_row][vc_column][vc_column_text]<\/p>\n<h1>TICKETS &amp; PRICES<\/h1>\n<p>[\/vc_column_text][vc_column_text]<\/p>\n<h2>Day tickets<\/h2>\n<p>[\/vc_column_text][\/vc_column][\/vc_row][vc_row][vc_column width=&#8221;3\/4&#8243;][vc_column_text]<\/p>\n<table class=\"tbl-ticket-list\">\n<thead>\n<tr>\n<th class=\"tbl-title\" scope=\"col\">Day tickets<\/th>\n<th class=\"tbl-price\" scope=\"col\">Price<\/th>\n<\/tr>\n<\/thead>\n<tbody>\n<tr>\n<td>Adults (from 16 years)<\/td>\n<td>CHF 11.-*<\/td>\n<\/tr>\n<tr>\n<td>Children 6 \u2013 15 years<\/td>\n<td>CHF 7.-*<\/td>\n<\/tr>\n<tr>\n<td>IV children 6 &#8211; 15 years<\/td>\n<td>CHF 6.-*<\/td>\n<\/tr>\n<tr>\n<td>Children up to 6 years<\/td>\n<td>Free<\/td>\n<\/tr>\n<tr>\n<td>Families (max. 2 adults, max. 4 children, 6 \u2013 15 years)<\/td>\n<td>CHF 28.-***<\/td>\n<\/tr>\n<tr>\n<td>Menschen im Rollstuhl inkl. Betreuungsperson<\/td>\n<td style=\"height: 24px;\">gratis<\/td>\n<\/tr>\n<tr>\n<td>People with visual impairment incl. carer<\/td>\n<td>free<\/td>\n<\/tr>\n<tr>\n<td>Residents incl. caregivers<\/td>\n<td>free<\/td>\n<\/tr>\n<tr>\n<td>Culture-Legi, adults<\/td>\n<td>CHF 10.-<\/td>\n<\/tr>\n<tr>\n<td>KulturLegi, Families<\/td>\n<td>CHF 24.-<\/td>\n<\/tr>\n<\/tbody>\n<\/table>\n<p>[\/vc_column_text][vc_column_text]<strong>*Prices include a voluntary <a href=\"https:\/\/tierpark-bern.ch\/en\/support\/naturschutzfranken\/\">nature conservation franc<\/a> (* CHF 1.00 \/ ** CHF 10.00\/ *** CHF 4.00, **** CHF 5.00). Visitors who do not wish to pay this amount can inform the ticket office.<\/strong>[\/vc_column_text][vc_empty_space][vc_column_text]<\/p>\n<h2>Order vouchers online<\/h2>\n<p>Would you like to give away a unique experience? Then order here <a href=\"https:\/\/shop.e-guma.ch\/tierpark-bern\/de\/gutscheine\" target=\"_blank\" rel=\"noopener\">Vouchers<\/a> for your loved ones for a trip around the world in one day at the Bern Animal Park.[\/vc_column_text][vc_column_text]<a class=\"button button--dahlholzli d-lg-inline-block\" href=\"https:\/\/shop.e-guma.ch\/tierpark-bern\/de\/gutscheine\" target=\"_blank\" rel=\"noopener\">ORDER VOUCHERS NOW<\/a>[\/vc_column_text][vc_empty_space][vc_column_text]<\/p>\n<h2>Frequently asked questions about the Day tickets<\/h2>\n<div class=\"faq-section top-20\">\n                <div class=\"row\">\n                    <div class=\"col-12\"><div class=\"accordion accordion--bordered\">\n                                  <div class=\"accordion__title-block\" role=\"button\">\n                                      <span class=\"accordion__title\">Can I pay cashless at the cash desk?<\/span>\n                                      <span class=\"accordion__close\"><\/span>\n                                  <\/div>\n                                  <div class=\"accordion__text-block\">\n                                       <p><p>Yes, we accept the following cards: Postcard, Maestro card, Mastercard, VISA.<\/p>\n<p>In addition, payments can be made with TWINT.<\/p>\n<\/p>\n                                  <\/div>\n                              <\/div><div class=\"accordion accordion--bordered\">\n                                  <div class=\"accordion__title-block\" role=\"button\">\n                                      <span class=\"accordion__title\">How much does zoo admission cost for care home residents?<\/span>\n                                      <span class=\"accordion__close\"><\/span>\n                                  <\/div>\n                                  <div class=\"accordion__text-block\">\n                                       <p><p>Admission to the zoo is free of charge for residents including their carers.<\/p>\n<\/p>\n                                  <\/div>\n                              <\/div><div class=\"accordion accordion--bordered\">\n                                  <div class=\"accordion__title-block\" role=\"button\">\n                                      <span class=\"accordion__title\">How much does zoo admission cost for people in wheelchairs?<\/span>\n                                      <span class=\"accordion__close\"><\/span>\n                                  <\/div>\n                                  <div class=\"accordion__text-block\">\n                                       <p><p>Zoo admission for people in wheelchairs incl. 1 carer is free of charge.<\/p>\n<\/p>\n                                  <\/div>\n                              <\/div><div class=\"accordion accordion--bordered\">\n                                  <div class=\"accordion__title-block\" role=\"button\">\n                                      <span class=\"accordion__title\">How much does the zoo admission cost for children under 6?<\/span>\n                                      <span class=\"accordion__close\"><\/span>\n                                  <\/div>\n                                  <div class=\"accordion__text-block\">\n                                       <p><p>Zoo admission for children under 6 is free.<\/p>\n<\/p>\n                                  <\/div>\n                              <\/div><\/div>\n                <\/div>\n            <\/div>[\/vc_column_text][\/vc_column][vc_column width=&#8221;1\/4&#8243;][vc_column_text el_class=&#8221;ticket-side-wrapper&#8221;]<\/p>\n<div class=\"ticket-side-container\"><img decoding=\"async\" class=\"ticket-side-img\" src=\"https:\/\/tierpark-bern.ch\/web\/app\/uploads\/2020\/07\/Totenkopfaffen-ds-Tierpark-Bern-122-1.jpg\" alt=\"\" \/><a tabindex=\"0\" href=\"https:\/\/tierpark-bern.ch\/en\/visiting-the-zoo\/entrance-fees\/discounts\/\"><span class=\"ticket-side-desc\"><span class=\"ticket-side-center\"><span class=\"title\">Discounts<\/span><\/span><\/span><\/a><\/div>\n<div class=\"ticket-side-container top-20\"><img decoding=\"async\" class=\"ticket-side-img\" src=\"https:\/\/tierpark-bern.ch\/web\/app\/uploads\/2021\/08\/leoparden-zusammenfuehrung-tierpark-bern.jpg\" alt=\"\" \/><a href=\"https:\/\/tierpark-bern.ch\/en\/visiting-the-zoo\/entrance-fees\/annual-tickets\/\"><span class=\"ticket-side-desc\"><span class=\"ticket-side-center\"><span class=\"title\">Annual tickets<\/span><\/span><\/span><\/a><\/div>\n<div class=\"ticket-side-container top-20\"><img decoding=\"async\" class=\"ticket-side-img\" src=\"https:\/\/tierpark-bern.ch\/web\/app\/uploads\/2020\/07\/Kleinkantschil-Tierpark-Bern-1.jpg\" alt=\"\" \/><a href=\"https:\/\/tierpark-bern.ch\/en\/visiting-the-zoo\/entrance-fees\/school-classes\/\"><span class=\"ticket-side-desc\"><span class=\"ticket-side-center\"><span class=\"title\">School classes<\/span><\/span><\/span><\/a><\/div>\n<div class=\"ticket-side-container top-20\"><img decoding=\"async\" class=\"ticket-side-img\" src=\"https:\/\/tierpark-bern.ch\/web\/app\/uploads\/2020\/07\/Moschusochse-Tierpark-Bern-1.jpg\" alt=\"\" \/><a href=\"https:\/\/tierpark-bern.ch\/en\/visiting-the-zoo\/entrance-fees\/group-prices\/\"><span class=\"ticket-side-desc\"><span class=\"ticket-side-center\"><span class=\"title\">Group prices<\/span><\/span><\/span><\/a><\/div>\n<p>[\/vc_column_text][\/vc_column][\/vc_row]<\/p>\n<\/div>","protected":false},"excerpt":{"rendered":"<p>All information on tickets and day passes at the Bern Animal Park.<\/p>\n","protected":false},"author":1,"featured_media":19512,"parent":38992,"menu_order":0,"comment_status":"closed","ping_status":"closed","template":"","meta":{"_acf_changed":false,"footnotes":""},"class_list":["post-51497","page","type-page","status-publish","has-post-thumbnail","hentry"],"acf":[],"yoast_head":"<title>Day tickets | Tierpark Bern<\/title>\n<meta name=\"description\" content=\"All information on tickets and day passes at the Bern Animal Park.\" \/>\n<meta name=\"robots\" content=\"index, follow, max-snippet:-1, max-image-preview:large, max-video-preview:-1\" \/>\n<link rel=\"canonical\" href=\"https:\/\/tierpark-bern.ch\/en\/visiting-the-zoo\/entrance-fees\/day-tickets\/\" \/>\n<meta property=\"og:locale\" content=\"en_US\" \/>\n<meta property=\"og:type\" content=\"article\" \/>\n<meta property=\"og:title\" content=\"Day tickets | Tierpark Bern\" \/>\n<meta property=\"og:description\" content=\"All information on tickets and day passes at the Bern Animal Park.\" \/>\n<meta property=\"og:url\" content=\"https:\/\/tierpark-bern.ch\/en\/visiting-the-zoo\/entrance-fees\/day-tickets\/\" \/>\n<meta property=\"og:site_name\" content=\"Tierpark Bern\" \/>\n<meta property=\"article:publisher\" content=\"https:\/\/www.facebook.com\/tierparkbern\/\" \/>\n<meta property=\"article:modified_time\" content=\"2023-04-18T11:34:37+00:00\" \/>\n<meta property=\"og:image\" content=\"https:\/\/tierpark-bern.ch\/web\/app\/uploads\/2020\/07\/tierpark-bern-daehlhoelzli-105.jpg\" \/>\n\t<meta property=\"og:image:width\" content=\"2247\" \/>\n\t<meta property=\"og:image:height\" content=\"1500\" \/>\n\t<meta property=\"og:image:type\" content=\"image\/jpeg\" \/>\n<script type=\"application\/ld+json\" class=\"yoast-schema-graph\">{\"@context\":\"https:\/\/schema.org\",\"@graph\":[{\"@type\":\"WebPage\",\"@id\":\"https:\/\/tierpark-bern.ch\/en\/visiting-the-zoo\/entrance-fees\/day-tickets\/\",\"url\":\"https:\/\/tierpark-bern.ch\/en\/visiting-the-zoo\/entrance-fees\/day-tickets\/\",\"name\":\"Day tickets | Tierpark Bern\",\"isPartOf\":{\"@id\":\"https:\/\/tierpark-bern.ch\/en\/#website\"},\"primaryImageOfPage\":{\"@id\":\"https:\/\/tierpark-bern.ch\/en\/visiting-the-zoo\/entrance-fees\/day-tickets\/#primaryimage\"},\"image\":{\"@id\":\"https:\/\/tierpark-bern.ch\/en\/visiting-the-zoo\/entrance-fees\/day-tickets\/#primaryimage\"},\"thumbnailUrl\":\"https:\/\/tierpark-bern.ch\/web\/app\/uploads\/2020\/07\/tierpark-bern-daehlhoelzli-105.jpg\",\"datePublished\":\"2020-08-05T10:55:41+00:00\",\"dateModified\":\"2023-04-18T11:34:37+00:00\",\"description\":\"All information on tickets and day passes at the Bern Animal Park.\",\"breadcrumb\":{\"@id\":\"https:\/\/tierpark-bern.ch\/en\/visiting-the-zoo\/entrance-fees\/day-tickets\/#breadcrumb\"},\"inLanguage\":\"en-US\",\"potentialAction\":[{\"@type\":\"ReadAction\",\"target\":[\"https:\/\/tierpark-bern.ch\/en\/visiting-the-zoo\/entrance-fees\/day-tickets\/\"]}]},{\"@type\":\"ImageObject\",\"inLanguage\":\"en-US\",\"@id\":\"https:\/\/tierpark-bern.ch\/en\/visiting-the-zoo\/entrance-fees\/day-tickets\/#primaryimage\",\"url\":\"https:\/\/tierpark-bern.ch\/web\/app\/uploads\/2020\/07\/tierpark-bern-daehlhoelzli-105.jpg\",\"contentUrl\":\"https:\/\/tierpark-bern.ch\/web\/app\/uploads\/2020\/07\/tierpark-bern-daehlhoelzli-105.jpg\",\"width\":2247,\"height\":1500},{\"@type\":\"BreadcrumbList\",\"@id\":\"https:\/\/tierpark-bern.ch\/en\/visiting-the-zoo\/entrance-fees\/day-tickets\/#breadcrumb\",\"itemListElement\":[{\"@type\":\"ListItem\",\"position\":1,\"name\":\"Home\",\"item\":\"https:\/\/tierpark-bern.ch\/en\/\"},{\"@type\":\"ListItem\",\"position\":2,\"name\":\"Visiting the zoo\",\"item\":\"https:\/\/tierpark-bern.ch\/en\/visiting-the-zoo\/\"},{\"@type\":\"ListItem\",\"position\":3,\"name\":\"Entrance fees\",\"item\":\"https:\/\/tierpark-bern.ch\/en\/visiting-the-zoo\/entrance-fees\/\"},{\"@type\":\"ListItem\",\"position\":4,\"name\":\"Day tickets\"}]},{\"@type\":\"WebSite\",\"@id\":\"https:\/\/tierpark-bern.ch\/en\/#website\",\"url\":\"https:\/\/tierpark-bern.ch\/en\/\",\"name\":\"Tierpark Bern\",\"description\":\"\",\"publisher\":{\"@id\":\"https:\/\/tierpark-bern.ch\/en\/#organization\"},\"potentialAction\":[{\"@type\":\"SearchAction\",\"target\":{\"@type\":\"EntryPoint\",\"urlTemplate\":\"https:\/\/tierpark-bern.ch\/en\/?s={search_term_string}\"},\"query-input\":{\"@type\":\"PropertyValueSpecification\",\"valueRequired\":true,\"valueName\":\"search_term_string\"}}],\"inLanguage\":\"en-US\"},{\"@type\":\"Organization\",\"@id\":\"https:\/\/tierpark-bern.ch\/en\/#organization\",\"name\":\"Tierpark Bern | D\u00e4hlh\u00f6lzli + B\u00e4renPark\",\"alternateName\":\"Tierpark Bern\",\"url\":\"https:\/\/tierpark-bern.ch\/en\/\",\"logo\":{\"@type\":\"ImageObject\",\"inLanguage\":\"en-US\",\"@id\":\"https:\/\/tierpark-bern.ch\/en\/#\/schema\/logo\/image\/\",\"url\":\"https:\/\/tierpark-bern.ch\/web\/app\/uploads\/2024\/04\/tierpark-bern-696x696-1.jpg\",\"contentUrl\":\"https:\/\/tierpark-bern.ch\/web\/app\/uploads\/2024\/04\/tierpark-bern-696x696-1.jpg\",\"width\":696,\"height\":696,\"caption\":\"Tierpark Bern | D\u00e4hlh\u00f6lzli + B\u00e4renPark\"},\"image\":{\"@id\":\"https:\/\/tierpark-bern.ch\/en\/#\/schema\/logo\/image\/\"},\"sameAs\":[\"https:\/\/www.facebook.com\/tierparkbern\/\",\"https:\/\/x.com\/tierparkbern\",\"https:\/\/www.instagram.com\/tierparkbern\/\"]}]}<\/script>","yoast_head_json":{"title":"Day tickets | Tierpark Bern","description":"All information on tickets and day passes at the Bern Animal Park.","robots":{"index":"index","follow":"follow","max-snippet":"max-snippet:-1","max-image-preview":"max-image-preview:large","max-video-preview":"max-video-preview:-1"},"canonical":"https:\/\/tierpark-bern.ch\/en\/visiting-the-zoo\/entrance-fees\/day-tickets\/","og_locale":"en_US","og_type":"article","og_title":"Day tickets | Tierpark Bern","og_description":"All information on tickets and day passes at the Bern Animal Park.","og_url":"https:\/\/tierpark-bern.ch\/en\/visiting-the-zoo\/entrance-fees\/day-tickets\/","og_site_name":"Tierpark Bern","article_publisher":"https:\/\/www.facebook.com\/tierparkbern\/","article_modified_time":"2023-04-18T11:34:37+00:00","og_image":[{"width":2247,"height":1500,"url":"https:\/\/tierpark-bern.ch\/web\/app\/uploads\/2020\/07\/tierpark-bern-daehlhoelzli-105.jpg","type":"image\/jpeg"}],"schema":{"@context":"https:\/\/schema.org","@graph":[{"@type":"WebPage","@id":"https:\/\/tierpark-bern.ch\/en\/visiting-the-zoo\/entrance-fees\/day-tickets\/","url":"https:\/\/tierpark-bern.ch\/en\/visiting-the-zoo\/entrance-fees\/day-tickets\/","name":"Day tickets | Tierpark Bern","isPartOf":{"@id":"https:\/\/tierpark-bern.ch\/en\/#website"},"primaryImageOfPage":{"@id":"https:\/\/tierpark-bern.ch\/en\/visiting-the-zoo\/entrance-fees\/day-tickets\/#primaryimage"},"image":{"@id":"https:\/\/tierpark-bern.ch\/en\/visiting-the-zoo\/entrance-fees\/day-tickets\/#primaryimage"},"thumbnailUrl":"https:\/\/tierpark-bern.ch\/web\/app\/uploads\/2020\/07\/tierpark-bern-daehlhoelzli-105.jpg","datePublished":"2020-08-05T10:55:41+00:00","dateModified":"2023-04-18T11:34:37+00:00","description":"All information on tickets and day passes at the Bern Animal Park.","breadcrumb":{"@id":"https:\/\/tierpark-bern.ch\/en\/visiting-the-zoo\/entrance-fees\/day-tickets\/#breadcrumb"},"inLanguage":"en-US","potentialAction":[{"@type":"ReadAction","target":["https:\/\/tierpark-bern.ch\/en\/visiting-the-zoo\/entrance-fees\/day-tickets\/"]}]},{"@type":"ImageObject","inLanguage":"en-US","@id":"https:\/\/tierpark-bern.ch\/en\/visiting-the-zoo\/entrance-fees\/day-tickets\/#primaryimage","url":"https:\/\/tierpark-bern.ch\/web\/app\/uploads\/2020\/07\/tierpark-bern-daehlhoelzli-105.jpg","contentUrl":"https:\/\/tierpark-bern.ch\/web\/app\/uploads\/2020\/07\/tierpark-bern-daehlhoelzli-105.jpg","width":2247,"height":1500},{"@type":"BreadcrumbList","@id":"https:\/\/tierpark-bern.ch\/en\/visiting-the-zoo\/entrance-fees\/day-tickets\/#breadcrumb","itemListElement":[{"@type":"ListItem","position":1,"name":"Home","item":"https:\/\/tierpark-bern.ch\/en\/"},{"@type":"ListItem","position":2,"name":"Visiting the zoo","item":"https:\/\/tierpark-bern.ch\/en\/visiting-the-zoo\/"},{"@type":"ListItem","position":3,"name":"Entrance fees","item":"https:\/\/tierpark-bern.ch\/en\/visiting-the-zoo\/entrance-fees\/"},{"@type":"ListItem","position":4,"name":"Day tickets"}]},{"@type":"WebSite","@id":"https:\/\/tierpark-bern.ch\/en\/#website","url":"https:\/\/tierpark-bern.ch\/en\/","name":"Tierpark Bern","description":"","publisher":{"@id":"https:\/\/tierpark-bern.ch\/en\/#organization"},"potentialAction":[{"@type":"SearchAction","target":{"@type":"EntryPoint","urlTemplate":"https:\/\/tierpark-bern.ch\/en\/?s={search_term_string}"},"query-input":{"@type":"PropertyValueSpecification","valueRequired":true,"valueName":"search_term_string"}}],"inLanguage":"en-US"},{"@type":"Organization","@id":"https:\/\/tierpark-bern.ch\/en\/#organization","name":"Tierpark Bern | D\u00e4hlh\u00f6lzli + B\u00e4renPark","alternateName":"Tierpark Bern","url":"https:\/\/tierpark-bern.ch\/en\/","logo":{"@type":"ImageObject","inLanguage":"en-US","@id":"https:\/\/tierpark-bern.ch\/en\/#\/schema\/logo\/image\/","url":"https:\/\/tierpark-bern.ch\/web\/app\/uploads\/2024\/04\/tierpark-bern-696x696-1.jpg","contentUrl":"https:\/\/tierpark-bern.ch\/web\/app\/uploads\/2024\/04\/tierpark-bern-696x696-1.jpg","width":696,"height":696,"caption":"Tierpark Bern | D\u00e4hlh\u00f6lzli + B\u00e4renPark"},"image":{"@id":"https:\/\/tierpark-bern.ch\/en\/#\/schema\/logo\/image\/"},"sameAs":["https:\/\/www.facebook.com\/tierparkbern\/","https:\/\/x.com\/tierparkbern","https:\/\/www.instagram.com\/tierparkbern\/"]}]}},"_links":{"self":[{"href":"https:\/\/tierpark-bern.ch\/en\/wp-json\/wp\/v2\/pages\/51497","targetHints":{"allow":["GET"]}}],"collection":[{"href":"https:\/\/tierpark-bern.ch\/en\/wp-json\/wp\/v2\/pages"}],"about":[{"href":"https:\/\/tierpark-bern.ch\/en\/wp-json\/wp\/v2\/types\/page"}],"author":[{"embeddable":true,"href":"https:\/\/tierpark-bern.ch\/en\/wp-json\/wp\/v2\/users\/1"}],"replies":[{"embeddable":true,"href":"https:\/\/tierpark-bern.ch\/en\/wp-json\/wp\/v2\/comments?post=51497"}],"version-history":[{"count":0,"href":"https:\/\/tierpark-bern.ch\/en\/wp-json\/wp\/v2\/pages\/51497\/revisions"}],"up":[{"embeddable":true,"href":"https:\/\/tierpark-bern.ch\/en\/wp-json\/wp\/v2\/pages\/38992"}],"wp:featuredmedia":[{"embeddable":true,"href":"https:\/\/tierpark-bern.ch\/en\/wp-json\/wp\/v2\/media\/19512"}],"wp:attachment":[{"href":"https:\/\/tierpark-bern.ch\/en\/wp-json\/wp\/v2\/media?parent=51497"}],"curies":[{"name":"wp","href":"https:\/\/api.w.org\/{rel}","templated":true}]}}