
{"id":51540,"date":"2022-11-25T15:24:36","date_gmt":"2022-11-25T14:24:36","guid":{"rendered":"https:\/\/tierpark-bern.ch\/eulen-bistro\/"},"modified":"2023-12-22T23:28:46","modified_gmt":"2023-12-22T22:28:46","slug":"eulen-bistro","status":"publish","type":"page","link":"https:\/\/tierpark-bern.ch\/en\/visiting-the-zoo\/gastronomy\/eulen-bistro\/","title":{"rendered":"Eulen Bistro"},"content":{"rendered":"<div class=\"wpb-content-wrapper\"><p>[vc_row][vc_column][vc_column_text]<\/p>\n<h1>Eulen Bistro<\/h1>\n<p>[\/vc_column_text][vc_empty_space height=&#8221;22px&#8221;][\/vc_column][\/vc_row][vc_row][vc_column width=&#8221;1\/4&#8243;][vc_empty_space][vc_single_image image=&#8221;49409&#8243; img_size=&#8221;medium&#8221;][vc_empty_space][\/vc_column][vc_column width=&#8221;3\/4&#8243;][vc_column_text]<\/p>\n<h2>Welcome to the Eulen Bistro<\/h2>\n<p>Enjoyment in the sense of culinary delight, sustainability and regionality are not empty words for the zoo. Whenever possible, the products used come from the city or the canton of Bern or are produced by the creative Mund&#8217;Art team themselves. Of course, vegetarian and vegan dishes are also part of the menu. On the sun terrace, with a view over the entire D\u00e4hlh\u00f6lzli Zoo, zoo guests can enjoy food and drink.<br \/>\n[\/vc_column_text][\/vc_column][\/vc_row][vc_row][vc_column][vc_column_text]<\/p>\n<h2>Opening hours<\/h2>\n<div class=\"tbl-open-dahlholzli-container top-20 bottom-20\">\n    <table class=\"tbl-all-species-list\">\n        <tbody>\n        <tr>\n            <td>Monday<\/td><td>10.00 - 17.30<\/td><\/tr>\n        <tr>\n            <td>Tuesday<\/td><td>10.00 - 17.30<\/td><\/tr>\n        <tr>\n            <td>Wednesday<\/td><td>10.00 - 17.30<\/td><\/tr>\n        <tr>\n            <td>Thursday<\/td><td>10.00 - 17.30<\/td><\/tr>\n        <tr>\n            <td>Friday<\/td><td>10.00 - 17.30<\/td><\/tr>\n        <tr>\n            <td>Saturday<\/td><td>10.00 - 17.30<\/td><\/tr>\n        <tr>\n            <td>Sunday<\/td><td>10.00 - 17.30<\/td><\/tr>\n        <\/tbody>\n    <\/table>\n<\/div>[\/vc_column_text][vc_empty_space height=&#8221;12px&#8221;][\/vc_column][\/vc_row][vc_row][vc_column][vc_column_text]<\/p>\n<h2>Mund&#8217;Art &#8211; our Eulen Bistro Team introduces itself<\/h2>\n<p>&#8220;Mund&#8217;Art has settled down. In our young, wild days, we were allowed to provide culinary accompaniment for weddings on the highest Alps, horse races on the most beautiful lakes, birthdays in the deepest forests or corporate events in the biggest cities in Switzerland. We were not too tired to walk service routes of several hundred metres through rough terrain, were not too shy to cook on an open fire. We were happy to realise the most unusual wishes, to create sprawling decorations when needed. We created the most delicious cocktails with mixologists, transformed factory halls into noble restaurants. Now we are a little quieter, but no less lively. We still attach great importance to regional products. We produce what we can ourselves and are looking forward to our home and to you. Because we have found our place and are settling down between wolves and ice foxes. Mund&#8217;Art has settled down.&#8221;[\/vc_column_text][\/vc_column][\/vc_row][vc_row][vc_column width=&#8221;1\/2&#8243;][vc_single_image image=&#8221;59869&#8243; img_size=&#8221;570&#215;379&#8243; add_custom_caption_class=&#8221;yes&#8221;][\/vc_column][vc_column width=&#8221;1\/2&#8243;][vc_single_image image=&#8221;55153&#8243; img_size=&#8221;570&#215;379&#8243; add_custom_caption_class=&#8221;yes&#8221; el_class=&#8221;article-image&#8221;][\/vc_column][\/vc_row][vc_row][vc_column][vc_empty_space height=&#8221;22px&#8221;][vc_column_text]<\/p>\n<h2>Your event at the zoo can now be booked as a complete package<\/h2>\n<p>Should it be a &#8220;wolverine&#8221; or &#8220;dwarf mouse&#8221; aperitif on the terrace of the Eulen Bistro , a &#8220;piranha buffet&#8221; in the Vivarium or even the &#8220;leopard 3-course&#8221; in the BearHouse? With a modular system, guests can put together their event from a wide range of culinary offerings in a suitable setting in the zoo or the BearPark. To get them in the right mood, the group can take part in an exciting and fascinating guided tour, during which they can also choose between various thematic focuses.[\/vc_column_text][vc_column_text]<\/p>\n<div class=\"zoo-link-info\">\n<div class=\"container\">\n<div class=\"row\">\n<div class=\"col-md-8 col-sm-12\">\n<div class=\"zoo-link-text-container\"><span class=\"zoo-link-text\">Would you like to celebrate in an extraordinary atmosphere and in the best animal company?<\/span><\/div>\n<\/div>\n<div class=\"col-md-4 col-sm-12 zoo-link-btn-container\"><span class=\"zoo-link-btn\"><a class=\"button button-zoo-info\" href=\"https:\/\/tierpark-bern.ch\/en\/erlebnisse\/ihr-anlass-im-zoo\/\/\" rel=\"noopener\">Plan your event now <i class=\"fa fa-long-arrow-right\"><\/i><\/a><\/span><\/div>\n<\/div>\n<\/div>\n<\/div>\n<p>[\/vc_column_text][\/vc_column][\/vc_row][vc_row][vc_column width=&#8221;1\/2&#8243;][vc_single_image image=&#8221;49796&#8243; img_size=&#8221;570&#215;379&#8243; add_caption=&#8221;yes&#8221; el_class=&#8221;article-image&#8221;][\/vc_column][vc_column width=&#8221;1\/2&#8243;][vc_single_image image=&#8221;49802&#8243; img_size=&#8221;570&#215;379&#8243; add_caption=&#8221;yes&#8221;][\/vc_column][\/vc_row][vc_row][vc_column][vc_empty_space][\/vc_column][\/vc_row][vc_row][vc_column][vc_column_text]<section class=\"section no-padding-bottom page-suggestion-container\">\n            <div class=\"container\">\n                <div class=\"row bottom-50\">\n                    <div class=\"col-12\">\n                        <div class=\"heading heading--primary heading--center\">\n                            <h2 class=\"heading__title no-margin-bottom\"><span>More Topics<\/span><\/h2>\n                        <\/div>\n                    <\/div>\n                <\/div>\n                <div class=\"row\"><div class=\"col-md-6 col-xl-4 \">\n                        <div class=\"service-content\" tabindex=\"0\" role=\"link\" onclick=\"suggestionLinkfunction(this);\" data-href=\"https:\/\/tierpark-bern.ch\/en\/visiting-the-zoo\/gastronomy\/daehlhoelzli-zoo-restaurant\/\">\n                            <img decoding=\"async\" src=\"https:\/\/tierpark-bern.ch\/web\/app\/uploads\/2020\/08\/Gastronomie-Tierpark-Bern.jpg\" alt=\"\"\/>\n                                <div class=\"service-desc\">\n                                    <div class=\"vcenter\">\n                                        <div class=\"titel\">D\u00e4hlh\u00f6lzli Zoo Restaurant<\/div>\n                                    <\/div>\n                                <\/div>\n                        <\/div>\n                    <\/div><div class=\"col-md-6 col-xl-4 \">\n                        <div class=\"service-content\" tabindex=\"0\" role=\"link\" onclick=\"suggestionLinkfunction(this);\" data-href=\"https:\/\/tierpark-bern.ch\/en\/erlebnisse\/ihr-anlass-im-zoo\/daehlhoelzli\/\">\n                            <img decoding=\"async\" src=\"https:\/\/tierpark-bern.ch\/web\/app\/uploads\/2021\/10\/anlass-im-Tierpark-Bern-1-2-386x230.jpg\" alt=\"\"\/>\n                                <div class=\"service-desc\">\n                                    <div class=\"vcenter\">\n                                        <div class=\"titel\">Ihr Anlass im D\u00e4hlh\u00f6lzli<\/div>\n                                    <\/div>\n                                <\/div>\n                        <\/div>\n                    <\/div><div class=\"col-md-6 col-xl-4 \">\n                        <div class=\"service-content\" tabindex=\"0\" role=\"link\" onclick=\"suggestionLinkfunction(this);\" data-href=\"https:\/\/tierpark-bern.ch\/en\/visiting-the-zoo\/gastronomy\/the-barbecue-or-grill-area\/\">\n                            <img decoding=\"async\" src=\"https:\/\/tierpark-bern.ch\/web\/app\/uploads\/2022\/02\/grillplatz-tierpark-bern-122-2-386x230.jpg\" alt=\"\"\/>\n                                <div class=\"service-desc\">\n                                    <div class=\"vcenter\">\n                                        <div class=\"titel\">The barbecue or grill area<\/div>\n                                    <\/div>\n                                <\/div>\n                        <\/div>\n                    <\/div><\/div>\n            <\/div>\n        <\/section>[\/vc_column_text][\/vc_column][\/vc_row]<\/p>\n<\/div>","protected":false},"excerpt":{"rendered":"<p>Enjoyment in the sense of culinary delight, sustainability and regionality are not empty words for the zoo.<\/p>\n","protected":false},"author":1,"featured_media":49719,"parent":51816,"menu_order":0,"comment_status":"closed","ping_status":"closed","template":"","meta":{"_acf_changed":false,"footnotes":""},"class_list":["post-51540","page","type-page","status-publish","has-post-thumbnail","hentry"],"acf":[],"yoast_head":"<title>Eulen Bistro | Tierpark Bern<\/title>\n<meta name=\"description\" content=\"Enjoyment in the sense of culinary delight, sustainability and regionality are not empty words for the zoo.\" \/>\n<meta name=\"robots\" content=\"index, follow, max-snippet:-1, max-image-preview:large, max-video-preview:-1\" \/>\n<link rel=\"canonical\" href=\"https:\/\/tierpark-bern.ch\/en\/visiting-the-zoo\/gastronomy\/eulen-bistro\/\" \/>\n<meta property=\"og:locale\" content=\"en_US\" \/>\n<meta property=\"og:type\" content=\"article\" \/>\n<meta property=\"og:title\" content=\"Eulen Bistro | Tierpark Bern\" \/>\n<meta property=\"og:description\" content=\"Enjoyment in the sense of culinary delight, sustainability and regionality are not empty words for the zoo.\" \/>\n<meta property=\"og:url\" content=\"https:\/\/tierpark-bern.ch\/en\/visiting-the-zoo\/gastronomy\/eulen-bistro\/\" \/>\n<meta property=\"og:site_name\" content=\"Tierpark Bern\" \/>\n<meta property=\"article:publisher\" content=\"https:\/\/www.facebook.com\/tierparkbern\/\" \/>\n<meta property=\"article:modified_time\" content=\"2023-12-22T22:28:46+00:00\" \/>\n<meta property=\"og:image\" content=\"https:\/\/tierpark-bern.ch\/web\/app\/uploads\/2020\/07\/2023_03_10_Tiere-im-Maerchen_PRM_3426.jpg\" \/>\n\t<meta property=\"og:image:width\" content=\"3000\" \/>\n\t<meta property=\"og:image:height\" content=\"2003\" \/>\n\t<meta property=\"og:image:type\" content=\"image\/jpeg\" \/>\n<script type=\"application\/ld+json\" class=\"yoast-schema-graph\">{\"@context\":\"https:\/\/schema.org\",\"@graph\":[{\"@type\":\"WebPage\",\"@id\":\"https:\/\/tierpark-bern.ch\/en\/visiting-the-zoo\/gastronomy\/eulen-bistro\/\",\"url\":\"https:\/\/tierpark-bern.ch\/en\/visiting-the-zoo\/gastronomy\/eulen-bistro\/\",\"name\":\"Eulen Bistro | Tierpark Bern\",\"isPartOf\":{\"@id\":\"https:\/\/tierpark-bern.ch\/en\/#website\"},\"primaryImageOfPage\":{\"@id\":\"https:\/\/tierpark-bern.ch\/en\/visiting-the-zoo\/gastronomy\/eulen-bistro\/#primaryimage\"},\"image\":{\"@id\":\"https:\/\/tierpark-bern.ch\/en\/visiting-the-zoo\/gastronomy\/eulen-bistro\/#primaryimage\"},\"thumbnailUrl\":\"https:\/\/tierpark-bern.ch\/web\/app\/uploads\/2020\/07\/2023_03_10_Tiere-im-Maerchen_PRM_3426.jpg\",\"datePublished\":\"2022-11-25T14:24:36+00:00\",\"dateModified\":\"2023-12-22T22:28:46+00:00\",\"description\":\"Enjoyment in the sense of culinary delight, sustainability and regionality are not empty words for the zoo.\",\"breadcrumb\":{\"@id\":\"https:\/\/tierpark-bern.ch\/en\/visiting-the-zoo\/gastronomy\/eulen-bistro\/#breadcrumb\"},\"inLanguage\":\"en-US\",\"potentialAction\":[{\"@type\":\"ReadAction\",\"target\":[\"https:\/\/tierpark-bern.ch\/en\/visiting-the-zoo\/gastronomy\/eulen-bistro\/\"]}]},{\"@type\":\"ImageObject\",\"inLanguage\":\"en-US\",\"@id\":\"https:\/\/tierpark-bern.ch\/en\/visiting-the-zoo\/gastronomy\/eulen-bistro\/#primaryimage\",\"url\":\"https:\/\/tierpark-bern.ch\/web\/app\/uploads\/2020\/07\/2023_03_10_Tiere-im-Maerchen_PRM_3426.jpg\",\"contentUrl\":\"https:\/\/tierpark-bern.ch\/web\/app\/uploads\/2020\/07\/2023_03_10_Tiere-im-Maerchen_PRM_3426.jpg\",\"width\":3000,\"height\":2003,\"caption\":\"Uhu f\u00fcr Tiere im M\u00e4rchen\"},{\"@type\":\"BreadcrumbList\",\"@id\":\"https:\/\/tierpark-bern.ch\/en\/visiting-the-zoo\/gastronomy\/eulen-bistro\/#breadcrumb\",\"itemListElement\":[{\"@type\":\"ListItem\",\"position\":1,\"name\":\"Home\",\"item\":\"https:\/\/tierpark-bern.ch\/en\/\"},{\"@type\":\"ListItem\",\"position\":2,\"name\":\"Visiting the zoo\",\"item\":\"https:\/\/tierpark-bern.ch\/en\/visiting-the-zoo\/\"},{\"@type\":\"ListItem\",\"position\":3,\"name\":\"Eat &#038; Drink\",\"item\":\"https:\/\/tierpark-bern.ch\/en\/visiting-the-zoo\/gastronomy\/\"},{\"@type\":\"ListItem\",\"position\":4,\"name\":\"Eulen Bistro\"}]},{\"@type\":\"WebSite\",\"@id\":\"https:\/\/tierpark-bern.ch\/en\/#website\",\"url\":\"https:\/\/tierpark-bern.ch\/en\/\",\"name\":\"Tierpark Bern\",\"description\":\"\",\"publisher\":{\"@id\":\"https:\/\/tierpark-bern.ch\/en\/#organization\"},\"potentialAction\":[{\"@type\":\"SearchAction\",\"target\":{\"@type\":\"EntryPoint\",\"urlTemplate\":\"https:\/\/tierpark-bern.ch\/en\/?s={search_term_string}\"},\"query-input\":{\"@type\":\"PropertyValueSpecification\",\"valueRequired\":true,\"valueName\":\"search_term_string\"}}],\"inLanguage\":\"en-US\"},{\"@type\":\"Organization\",\"@id\":\"https:\/\/tierpark-bern.ch\/en\/#organization\",\"name\":\"Tierpark Bern | D\u00e4hlh\u00f6lzli + B\u00e4renPark\",\"alternateName\":\"Tierpark Bern\",\"url\":\"https:\/\/tierpark-bern.ch\/en\/\",\"logo\":{\"@type\":\"ImageObject\",\"inLanguage\":\"en-US\",\"@id\":\"https:\/\/tierpark-bern.ch\/en\/#\/schema\/logo\/image\/\",\"url\":\"https:\/\/tierpark-bern.ch\/web\/app\/uploads\/2024\/04\/tierpark-bern-696x696-1.jpg\",\"contentUrl\":\"https:\/\/tierpark-bern.ch\/web\/app\/uploads\/2024\/04\/tierpark-bern-696x696-1.jpg\",\"width\":696,\"height\":696,\"caption\":\"Tierpark Bern | D\u00e4hlh\u00f6lzli + B\u00e4renPark\"},\"image\":{\"@id\":\"https:\/\/tierpark-bern.ch\/en\/#\/schema\/logo\/image\/\"},\"sameAs\":[\"https:\/\/www.facebook.com\/tierparkbern\/\",\"https:\/\/x.com\/tierparkbern\",\"https:\/\/www.instagram.com\/tierparkbern\/\"]}]}<\/script>","yoast_head_json":{"title":"Eulen Bistro | Tierpark Bern","description":"Enjoyment in the sense of culinary delight, sustainability and regionality are not empty words for the zoo.","robots":{"index":"index","follow":"follow","max-snippet":"max-snippet:-1","max-image-preview":"max-image-preview:large","max-video-preview":"max-video-preview:-1"},"canonical":"https:\/\/tierpark-bern.ch\/en\/visiting-the-zoo\/gastronomy\/eulen-bistro\/","og_locale":"en_US","og_type":"article","og_title":"Eulen Bistro | Tierpark Bern","og_description":"Enjoyment in the sense of culinary delight, sustainability and regionality are not empty words for the zoo.","og_url":"https:\/\/tierpark-bern.ch\/en\/visiting-the-zoo\/gastronomy\/eulen-bistro\/","og_site_name":"Tierpark Bern","article_publisher":"https:\/\/www.facebook.com\/tierparkbern\/","article_modified_time":"2023-12-22T22:28:46+00:00","og_image":[{"width":3000,"height":2003,"url":"https:\/\/tierpark-bern.ch\/web\/app\/uploads\/2020\/07\/2023_03_10_Tiere-im-Maerchen_PRM_3426.jpg","type":"image\/jpeg"}],"schema":{"@context":"https:\/\/schema.org","@graph":[{"@type":"WebPage","@id":"https:\/\/tierpark-bern.ch\/en\/visiting-the-zoo\/gastronomy\/eulen-bistro\/","url":"https:\/\/tierpark-bern.ch\/en\/visiting-the-zoo\/gastronomy\/eulen-bistro\/","name":"Eulen Bistro | Tierpark Bern","isPartOf":{"@id":"https:\/\/tierpark-bern.ch\/en\/#website"},"primaryImageOfPage":{"@id":"https:\/\/tierpark-bern.ch\/en\/visiting-the-zoo\/gastronomy\/eulen-bistro\/#primaryimage"},"image":{"@id":"https:\/\/tierpark-bern.ch\/en\/visiting-the-zoo\/gastronomy\/eulen-bistro\/#primaryimage"},"thumbnailUrl":"https:\/\/tierpark-bern.ch\/web\/app\/uploads\/2020\/07\/2023_03_10_Tiere-im-Maerchen_PRM_3426.jpg","datePublished":"2022-11-25T14:24:36+00:00","dateModified":"2023-12-22T22:28:46+00:00","description":"Enjoyment in the sense of culinary delight, sustainability and regionality are not empty words for the zoo.","breadcrumb":{"@id":"https:\/\/tierpark-bern.ch\/en\/visiting-the-zoo\/gastronomy\/eulen-bistro\/#breadcrumb"},"inLanguage":"en-US","potentialAction":[{"@type":"ReadAction","target":["https:\/\/tierpark-bern.ch\/en\/visiting-the-zoo\/gastronomy\/eulen-bistro\/"]}]},{"@type":"ImageObject","inLanguage":"en-US","@id":"https:\/\/tierpark-bern.ch\/en\/visiting-the-zoo\/gastronomy\/eulen-bistro\/#primaryimage","url":"https:\/\/tierpark-bern.ch\/web\/app\/uploads\/2020\/07\/2023_03_10_Tiere-im-Maerchen_PRM_3426.jpg","contentUrl":"https:\/\/tierpark-bern.ch\/web\/app\/uploads\/2020\/07\/2023_03_10_Tiere-im-Maerchen_PRM_3426.jpg","width":3000,"height":2003,"caption":"Uhu f\u00fcr Tiere im M\u00e4rchen"},{"@type":"BreadcrumbList","@id":"https:\/\/tierpark-bern.ch\/en\/visiting-the-zoo\/gastronomy\/eulen-bistro\/#breadcrumb","itemListElement":[{"@type":"ListItem","position":1,"name":"Home","item":"https:\/\/tierpark-bern.ch\/en\/"},{"@type":"ListItem","position":2,"name":"Visiting the zoo","item":"https:\/\/tierpark-bern.ch\/en\/visiting-the-zoo\/"},{"@type":"ListItem","position":3,"name":"Eat &#038; Drink","item":"https:\/\/tierpark-bern.ch\/en\/visiting-the-zoo\/gastronomy\/"},{"@type":"ListItem","position":4,"name":"Eulen Bistro"}]},{"@type":"WebSite","@id":"https:\/\/tierpark-bern.ch\/en\/#website","url":"https:\/\/tierpark-bern.ch\/en\/","name":"Tierpark Bern","description":"","publisher":{"@id":"https:\/\/tierpark-bern.ch\/en\/#organization"},"potentialAction":[{"@type":"SearchAction","target":{"@type":"EntryPoint","urlTemplate":"https:\/\/tierpark-bern.ch\/en\/?s={search_term_string}"},"query-input":{"@type":"PropertyValueSpecification","valueRequired":true,"valueName":"search_term_string"}}],"inLanguage":"en-US"},{"@type":"Organization","@id":"https:\/\/tierpark-bern.ch\/en\/#organization","name":"Tierpark Bern | D\u00e4hlh\u00f6lzli + B\u00e4renPark","alternateName":"Tierpark Bern","url":"https:\/\/tierpark-bern.ch\/en\/","logo":{"@type":"ImageObject","inLanguage":"en-US","@id":"https:\/\/tierpark-bern.ch\/en\/#\/schema\/logo\/image\/","url":"https:\/\/tierpark-bern.ch\/web\/app\/uploads\/2024\/04\/tierpark-bern-696x696-1.jpg","contentUrl":"https:\/\/tierpark-bern.ch\/web\/app\/uploads\/2024\/04\/tierpark-bern-696x696-1.jpg","width":696,"height":696,"caption":"Tierpark Bern | D\u00e4hlh\u00f6lzli + B\u00e4renPark"},"image":{"@id":"https:\/\/tierpark-bern.ch\/en\/#\/schema\/logo\/image\/"},"sameAs":["https:\/\/www.facebook.com\/tierparkbern\/","https:\/\/x.com\/tierparkbern","https:\/\/www.instagram.com\/tierparkbern\/"]}]}},"_links":{"self":[{"href":"https:\/\/tierpark-bern.ch\/en\/wp-json\/wp\/v2\/pages\/51540","targetHints":{"allow":["GET"]}}],"collection":[{"href":"https:\/\/tierpark-bern.ch\/en\/wp-json\/wp\/v2\/pages"}],"about":[{"href":"https:\/\/tierpark-bern.ch\/en\/wp-json\/wp\/v2\/types\/page"}],"author":[{"embeddable":true,"href":"https:\/\/tierpark-bern.ch\/en\/wp-json\/wp\/v2\/users\/1"}],"replies":[{"embeddable":true,"href":"https:\/\/tierpark-bern.ch\/en\/wp-json\/wp\/v2\/comments?post=51540"}],"version-history":[{"count":0,"href":"https:\/\/tierpark-bern.ch\/en\/wp-json\/wp\/v2\/pages\/51540\/revisions"}],"up":[{"embeddable":true,"href":"https:\/\/tierpark-bern.ch\/en\/wp-json\/wp\/v2\/pages\/51816"}],"wp:featuredmedia":[{"embeddable":true,"href":"https:\/\/tierpark-bern.ch\/en\/wp-json\/wp\/v2\/media\/49719"}],"wp:attachment":[{"href":"https:\/\/tierpark-bern.ch\/en\/wp-json\/wp\/v2\/media?parent=51540"}],"curies":[{"name":"wp","href":"https:\/\/api.w.org\/{rel}","templated":true}]}}