
{"id":51563,"date":"2021-08-02T18:38:42","date_gmt":"2021-08-02T16:38:42","guid":{"rendered":"https:\/\/tierpark-bern.ch\/zoo-erlebnisse\/"},"modified":"2023-10-27T19:26:35","modified_gmt":"2023-10-27T17:26:35","slug":"zoo-experiences","status":"publish","type":"page","link":"https:\/\/tierpark-bern.ch\/en\/zoo-experiences\/","title":{"rendered":"Zoo experiences"},"content":{"rendered":"<div class=\"wpb-content-wrapper\"><p>[vc_row][vc_column][vc_column_text]<\/p>\n<h1>Space for animal experiences &#8211; grasping diversity<\/h1>\n<p>Make your visit to the zoo or the BearPark something very special! Experience a guided tour in the BearPark, spend a night in D\u00e4hlh\u00f6lzli, look over the shoulder of the animal keeper at work, celebrate a child&#8217;s birthday in the BearPark or, as a school class, supplement and deepen your school lessons in workshops. Whether it&#8217;s scales, feathers or spines, the word &#8220;touch&#8221; is taken literally at Bern Animal Park: Experiencing with all your senses makes it easier to understand complex interrelationships and is great fun for animals.[\/vc_column_text][\/vc_column][\/vc_row][vc_row css=&#8221;.vc_custom_1644160779946{margin-right: 0px !important;margin-left: 0px !important;padding-top: 35px !important;padding-right: 30px !important;padding-bottom: 35px !important;padding-left: 30px !important;background-color: #e5efee !important;}&#8221; el_class=&#8221;zoo-erlebnisse-main-section&#8221;][vc_column css=&#8221;.vc_custom_1633524410594{padding-top: 0px !important;}&#8221; el_class=&#8221;zoo-wrapper&#8221;][vc_row_inner equal_height=&#8221;yes&#8221; gap=&#8221;30&#8243;][vc_column_inner width=&#8221;1\/2&#8243; css=&#8221;.vc_custom_1630586530980{padding-top: 0px !important;padding-right: 0px !important;padding-bottom: 0px !important;padding-left: 0px !important;background-color: #ae5e5f !important;}&#8221;][vc_single_image image=&#8221;22159&#8243; img_size=&#8221;540 x 320&#8243; alignment=&#8221;center&#8221; onclick=&#8221;custom_link&#8221; link=&#8221;https:\/\/tierpark-bern.ch\/en\/your-zoo-experience\/&#8221;][vc_column_text css=&#8221;.vc_custom_1675686162353{padding-right: 30px !important;padding-left: 30px !important;}&#8221;]<\/p>\n<div class=\"zoo-dahlholzli-section\">\n<h2>Your private experience<\/h2>\n<p>Would you like to be up close and personal when the animals are fed? Make your child&#8217;s birthday an animal experience? Or book a carriage ride for your private event? We have a variety of offers at D\u00e4hlh\u00f6lzli as well as at the BearPark for your unforgettable private experience.<\/p>\n<div><strong>Location: <\/strong>D\u00e4hlh\u00f6lzli or BearPark<\/div>\n<\/div>\n<p>[\/vc_column_text][vc_btn title=&#8221;To the private experiences&#8221; style=&#8221;flat&#8221; shape=&#8221;square&#8221; color=&#8221;white&#8221; size=&#8221;lg&#8221; align=&#8221;center&#8221; i_align=&#8221;right&#8221; i_icon_fontawesome=&#8221;fas fa-arrow-right&#8221; add_icon=&#8221;true&#8221; link=&#8221;url:https%3A%2F%2Ftierpark-bern.ch%2Fen%2Fyour-zoo-experience%2F&#8221; el_class=&#8221;btn-zoo-dahlholzli&#8221; css=&#8221;.vc_custom_1676369059182{padding-right: 30px !important;padding-left: 30px !important;}&#8221;][\/vc_column_inner][vc_column_inner width=&#8221;1\/2&#8243; css=&#8221;.vc_custom_1630586538101{padding-top: 0px !important;padding-right: 0px !important;padding-bottom: 0px !important;padding-left: 0px !important;background-color: #ae5e5f !important;}&#8221;][vc_single_image image=&#8221;25705&#8243; img_size=&#8221;540 x 320&#8243; alignment=&#8221;center&#8221; onclick=&#8221;custom_link&#8221; link=&#8221;https:\/\/tierpark-bern.ch\/en\/kinder-erlebnisse\/&#8221;][vc_column_text css=&#8221;.vc_custom_1675686256201{padding-right: 30px !important;padding-left: 30px !important;}&#8221;]<\/p>\n<div class=\"zoo-dahlholzli-section\">\n<h2>Experiences for children<\/h2>\n<p>Bern Animal Park offers young animal lovers plenty of highlights to discover the exciting animal world and even experience it up close. Watching the animals is always allowed and very welcome.<\/p>\n<div><strong>Location: <\/strong>D\u00e4hlh\u00f6lzli or BearPark<\/div>\n<\/div>\n<p>[\/vc_column_text][vc_btn title=&#8221;To the experiences for children&#8221; style=&#8221;flat&#8221; shape=&#8221;square&#8221; color=&#8221;white&#8221; size=&#8221;lg&#8221; i_align=&#8221;right&#8221; i_icon_fontawesome=&#8221;fas fa-arrow-right&#8221; add_icon=&#8221;true&#8221; link=&#8221;url:https%3A%2F%2Ftierpark-bern.ch%2Fen%2Fkinder-erlebnisse%2F&#8221; el_class=&#8221;btn-zoo-dahlholzli&#8221; css=&#8221;.vc_custom_1675977360973{padding-right: 30px !important;padding-left: 30px !important;}&#8221;][\/vc_column_inner][\/vc_row_inner][vc_row_inner equal_height=&#8221;yes&#8221; gap=&#8221;30&#8243;][vc_column_inner width=&#8221;1\/2&#8243; css=&#8221;.vc_custom_1630586547308{padding-top: 0px !important;padding-right: 0px !important;padding-bottom: 0px !important;padding-left: 0px !important;background-color: #ae5e5f !important;}&#8221;][vc_single_image image=&#8221;22360&#8243; img_size=&#8221;540 x 320&#8243; alignment=&#8221;center&#8221; onclick=&#8221;custom_link&#8221; link=&#8221;https:\/\/tierpark-bern.ch\/en\/erlebnisse\/private-fuehrung\/&#8221;][vc_column_text css=&#8221;.vc_custom_1675686352216{padding-right: 30px !important;padding-left: 30px !important;}&#8221;]<\/p>\n<div class=\"zoo-dahlholzli-section\">\n<h2>Guided tours<\/h2>\n<p>Our guided tours are fun and educational and are offered under expert guidance for adults and children. A guided tour of the D\u00e4hlh\u00f6lzli or BearPark will give you exciting background knowledge about the animals and their habitats.<\/p>\n<div><strong>Location: <\/strong>D\u00e4hlh\u00f6lzli or BearPark<\/div>\n<\/div>\n<p>[\/vc_column_text][vc_btn title=&#8221;Guided tours&#8221; style=&#8221;flat&#8221; shape=&#8221;square&#8221; color=&#8221;white&#8221; size=&#8221;lg&#8221; i_align=&#8221;right&#8221; i_icon_fontawesome=&#8221;fas fa-arrow-right&#8221; add_icon=&#8221;true&#8221; link=&#8221;url:https%3A%2F%2Ftierpark-bern.ch%2Fen%2Ferlebnisse%2Fprivate-fuehrung%2F&#8221; el_class=&#8221;btn-zoo-dahlholzli&#8221; css=&#8221;.vc_custom_1675976607895{padding-right: 30px !important;padding-left: 30px !important;}&#8221;][\/vc_column_inner][vc_column_inner width=&#8221;1\/2&#8243; css=&#8221;.vc_custom_1630586556132{padding-top: 0px !important;padding-right: 0px !important;padding-bottom: 0px !important;padding-left: 0px !important;background-color: #ae5e5f !important;}&#8221;][vc_single_image image=&#8221;19020&#8243; img_size=&#8221;540 x 320&#8243; alignment=&#8221;center&#8221; onclick=&#8221;custom_link&#8221; link=&#8221;https:\/\/tierpark-bern.ch\/en\/erlebnisse\/ihr-anlass-im-zoo\/&#8221;][vc_column_text css=&#8221;.vc_custom_1675686440631{padding-right: 30px !important;padding-left: 30px !important;}&#8221;]<\/p>\n<div class=\"zoo-dahlholzli-section\">\n<h2>Private event<\/h2>\n<p>Bern Animal Park with its vivarium, bear house, puffin hall or the pulpit by the wisents is the ideal place for an aperitif, your company event or your private celebration.<\/p>\n<div><strong>Location: <\/strong>D\u00e4hlh\u00f6lzli or BearPark<\/div>\n<\/div>\n<p>[\/vc_column_text][vc_btn title=&#8221;Private event&#8221; style=&#8221;flat&#8221; shape=&#8221;square&#8221; color=&#8221;white&#8221; size=&#8221;lg&#8221; i_align=&#8221;right&#8221; i_icon_fontawesome=&#8221;fas fa-arrow-right&#8221; add_icon=&#8221;true&#8221; link=&#8221;url:https%3A%2F%2Ftierpark-bern.ch%2Fen%2Ferlebnisse%2Fihr-anlass-im-zoo%2F&#8221; el_class=&#8221;btn-zoo-dahlholzli&#8221; css=&#8221;.vc_custom_1675976637615{padding-right: 30px !important;padding-left: 30px !important;}&#8221;][\/vc_column_inner][\/vc_row_inner][vc_row_inner equal_height=&#8221;yes&#8221; gap=&#8221;30&#8243;][vc_column_inner width=&#8221;1\/2&#8243; css=&#8221;.vc_custom_1630586570514{padding-top: 0px !important;padding-right: 0px !important;padding-bottom: 0px !important;padding-left: 0px !important;background-color: #ae5e5f !important;}&#8221;][vc_single_image image=&#8221;18999&#8243; img_size=&#8221;540 x 320&#8243; alignment=&#8221;center&#8221; onclick=&#8221;custom_link&#8221; link=&#8221;https:\/\/tierpark-bern.ch\/en\/events\/&#8221;][vc_column_text css=&#8221;.vc_custom_1675686480078{padding-right: 30px !important;padding-left: 30px !important;}&#8221;]<\/p>\n<div class=\"zoo-dahlholzli-section\">\n<h2>Events<\/h2>\n<p>Have you ever visited the zoo under the full moon? Would you like to experience the BearPark behind the scenes? Here we inform you about the various thematic guided tours and other public events at D\u00e4hlh\u00f6lzli and BearPark. We look forward to your visit.<\/p>\n<div><strong>Location: <\/strong>D\u00e4hlh\u00f6lzli or BearPark<\/div>\n<\/div>\n<p>[\/vc_column_text][vc_btn title=&#8221;To the events&#8221; style=&#8221;flat&#8221; shape=&#8221;square&#8221; color=&#8221;white&#8221; size=&#8221;lg&#8221; i_align=&#8221;right&#8221; i_icon_fontawesome=&#8221;fas fa-arrow-right&#8221; add_icon=&#8221;true&#8221; link=&#8221;url:https%3A%2F%2Ftierpark-bern.ch%2Fen%2Fevents%2F&#8221; el_class=&#8221;btn-zoo-dahlholzli&#8221; css=&#8221;.vc_custom_1675976661161{padding-right: 30px !important;padding-left: 30px !important;}&#8221;][\/vc_column_inner][vc_column_inner width=&#8221;1\/2&#8243; css=&#8221;.vc_custom_1630586577041{padding-top: 0px !important;padding-right: 0px !important;padding-bottom: 0px !important;padding-left: 0px !important;background-color: #ae5e5f !important;}&#8221;][vc_single_image image=&#8221;17663&#8243; img_size=&#8221;540 x 320&#8243; alignment=&#8221;center&#8221; onclick=&#8221;custom_link&#8221; link=&#8221;https:\/\/tierpark-bern.ch\/en\/education\/&#8221;][vc_column_text css=&#8221;.vc_custom_1675686563999{padding-right: 30px !important;padding-left: 30px !important;}&#8221;]<\/p>\n<div class=\"zoo-dahlholzli-section\">\n<h2>Schools<\/h2>\n<p>The zoo is a place where you learn even when you have no intention of learning anything! The aim of the zoo schools is to awaken understanding for animals and their environment and to provide unforgettable experiences.<\/p>\n<div><strong>Location: <\/strong>D\u00e4hlh\u00f6lzli or BearPark<\/div>\n<\/div>\n<p>[\/vc_column_text][vc_btn title=&#8221;To the schools&#8221; style=&#8221;flat&#8221; shape=&#8221;square&#8221; color=&#8221;white&#8221; size=&#8221;lg&#8221; i_align=&#8221;right&#8221; i_icon_fontawesome=&#8221;fas fa-arrow-right&#8221; add_icon=&#8221;true&#8221; link=&#8221;url:https%3A%2F%2Ftierpark-bern.ch%2Fen%2Feducation%2F&#8221; el_class=&#8221;btn-zoo-dahlholzli&#8221; css=&#8221;.vc_custom_1676369376539{padding-right: 30px !important;padding-left: 30px !important;}&#8221;][\/vc_column_inner][\/vc_row_inner][vc_row_inner equal_height=&#8221;yes&#8221; gap=&#8221;30&#8243;][vc_column_inner width=&#8221;1\/2&#8243; css=&#8221;.vc_custom_1630586570514{padding-top: 0px !important;padding-right: 0px !important;padding-bottom: 0px !important;padding-left: 0px !important;background-color: #ae5e5f !important;}&#8221;][vc_single_image image=&#8221;25683&#8243; img_size=&#8221;540 x 320&#8243; alignment=&#8221;center&#8221; onclick=&#8221;custom_link&#8221; link=&#8221;https:\/\/tierpark-bern.ch\/en\/erlebnisse\/kutschfahrten\/&#8221;][vc_column_text css=&#8221;.vc_custom_1675686626891{padding-right: 30px !important;padding-left: 30px !important;}&#8221;]<\/p>\n<div class=\"zoo-dahlholzli-section\">\n<h2>Carriage ride at D\u00e4hlh\u00f6lzli<\/h2>\n<p>Tuesday and Friday afternoons only in good weather.<\/p>\n<p><strong>When: <\/strong>There are NO carriage rides today.<\/p>\n<div><strong>Location: <\/strong>D\u00e4hlh\u00f6lzli<\/div>\n<\/div>\n<p>[\/vc_column_text][vc_btn title=&#8221;To the carriage ride&#8221; style=&#8221;flat&#8221; shape=&#8221;square&#8221; color=&#8221;white&#8221; size=&#8221;lg&#8221; i_align=&#8221;right&#8221; i_icon_fontawesome=&#8221;fas fa-arrow-right&#8221; add_icon=&#8221;true&#8221; link=&#8221;url:https%3A%2F%2Ftierpark-bern.ch%2Fen%2Ferlebnisse%2Fkutschfahrten%2F&#8221; el_class=&#8221;btn-zoo-dahlholzli&#8221; css=&#8221;.vc_custom_1675976710374{padding-right: 30px !important;padding-left: 30px !important;}&#8221;][\/vc_column_inner][vc_column_inner width=&#8221;1\/2&#8243; css=&#8221;.vc_custom_1630586577041{padding-top: 0px !important;padding-right: 0px !important;padding-bottom: 0px !important;padding-left: 0px !important;background-color: #ae5e5f !important;}&#8221;][vc_single_image image=&#8221;62911&#8243; img_size=&#8221;540 x 320&#8243; alignment=&#8221;center&#8221; onclick=&#8221;custom_link&#8221; link=&#8221;https:\/\/tierpark-bern.ch\/en\/zoo-experiences\/infomobil\/&#8221;][vc_column_text css=&#8221;.vc_custom_1698427486868{padding-right: 30px !important;padding-left: 30px !important;}&#8221;]<\/p>\n<div class=\"zoo-dahlholzli-section\">\n<h2>Our Infomobiles<\/h2>\n<p>Our Infomobil attendants look forward to your visit and have answers to almost all questions. A visit to the zoo is always worthwhile.<\/p>\n<div><strong>Location: <\/strong>D\u00e4hlh\u00f6lzli<\/div>\n<\/div>\n<p>[\/vc_column_text][vc_btn title=&#8221;To the Infomobiles (Only in German)&#8221; style=&#8221;flat&#8221; shape=&#8221;square&#8221; color=&#8221;white&#8221; size=&#8221;lg&#8221; i_align=&#8221;right&#8221; i_icon_fontawesome=&#8221;fas fa-arrow-right&#8221; add_icon=&#8221;true&#8221; link=&#8221;url:https%3A%2F%2Ftierpark-bern.ch%2Fen%2Fzoo-experiences%2Finfomobil%2F&#8221; el_class=&#8221;btn-zoo-dahlholzli&#8221; css=&#8221;.vc_custom_1698427587950{padding-right: 30px !important;padding-left: 30px !important;}&#8221;][\/vc_column_inner][\/vc_row_inner][\/vc_column][\/vc_row]<\/p>\n<\/div>","protected":false},"excerpt":{"rendered":"<p>Make your visit to the zoo or the B\u00e4renPark something special!<\/p>\n","protected":false},"author":1,"featured_media":24838,"parent":0,"menu_order":0,"comment_status":"closed","ping_status":"closed","template":"","meta":{"_acf_changed":false,"footnotes":""},"class_list":["post-51563","page","type-page","status-publish","has-post-thumbnail","hentry"],"acf":[],"yoast_head":"<title>Zoo experiences | Tierpark Bern<\/title>\n<meta name=\"description\" content=\"Make your visit to the zoo or the B\u00e4renPark something special!\" \/>\n<meta name=\"robots\" content=\"index, follow, max-snippet:-1, max-image-preview:large, max-video-preview:-1\" \/>\n<link rel=\"canonical\" href=\"https:\/\/tierpark-bern.ch\/en\/zoo-experiences\/\" \/>\n<meta property=\"og:locale\" content=\"en_US\" \/>\n<meta property=\"og:type\" content=\"article\" \/>\n<meta property=\"og:title\" content=\"Zoo experiences | Tierpark Bern\" \/>\n<meta property=\"og:description\" content=\"Make your visit to the zoo or the B\u00e4renPark something special!\" \/>\n<meta property=\"og:url\" content=\"https:\/\/tierpark-bern.ch\/en\/zoo-experiences\/\" \/>\n<meta property=\"og:site_name\" content=\"Tierpark Bern\" \/>\n<meta property=\"article:publisher\" content=\"https:\/\/www.facebook.com\/tierparkbern\/\" \/>\n<meta property=\"article:modified_time\" content=\"2023-10-27T17:26:35+00:00\" \/>\n<meta property=\"og:image\" content=\"https:\/\/tierpark-bern.ch\/web\/app\/uploads\/2020\/07\/chamaeleon-tierpark-bern.jpg\" \/>\n\t<meta property=\"og:image:width\" content=\"1500\" \/>\n\t<meta property=\"og:image:height\" content=\"998\" \/>\n\t<meta property=\"og:image:type\" content=\"image\/jpeg\" \/>\n<script type=\"application\/ld+json\" class=\"yoast-schema-graph\">{\"@context\":\"https:\/\/schema.org\",\"@graph\":[{\"@type\":\"WebPage\",\"@id\":\"https:\/\/tierpark-bern.ch\/en\/zoo-experiences\/\",\"url\":\"https:\/\/tierpark-bern.ch\/en\/zoo-experiences\/\",\"name\":\"Zoo experiences | Tierpark Bern\",\"isPartOf\":{\"@id\":\"https:\/\/tierpark-bern.ch\/en\/#website\"},\"primaryImageOfPage\":{\"@id\":\"https:\/\/tierpark-bern.ch\/en\/zoo-experiences\/#primaryimage\"},\"image\":{\"@id\":\"https:\/\/tierpark-bern.ch\/en\/zoo-experiences\/#primaryimage\"},\"thumbnailUrl\":\"https:\/\/tierpark-bern.ch\/web\/app\/uploads\/2020\/07\/chamaeleon-tierpark-bern.jpg\",\"datePublished\":\"2021-08-02T16:38:42+00:00\",\"dateModified\":\"2023-10-27T17:26:35+00:00\",\"description\":\"Make your visit to the zoo or the B\u00e4renPark something special!\",\"breadcrumb\":{\"@id\":\"https:\/\/tierpark-bern.ch\/en\/zoo-experiences\/#breadcrumb\"},\"inLanguage\":\"en-US\",\"potentialAction\":[{\"@type\":\"ReadAction\",\"target\":[\"https:\/\/tierpark-bern.ch\/en\/zoo-experiences\/\"]}]},{\"@type\":\"ImageObject\",\"inLanguage\":\"en-US\",\"@id\":\"https:\/\/tierpark-bern.ch\/en\/zoo-experiences\/#primaryimage\",\"url\":\"https:\/\/tierpark-bern.ch\/web\/app\/uploads\/2020\/07\/chamaeleon-tierpark-bern.jpg\",\"contentUrl\":\"https:\/\/tierpark-bern.ch\/web\/app\/uploads\/2020\/07\/chamaeleon-tierpark-bern.jpg\",\"width\":1500,\"height\":998,\"caption\":\"2\"},{\"@type\":\"BreadcrumbList\",\"@id\":\"https:\/\/tierpark-bern.ch\/en\/zoo-experiences\/#breadcrumb\",\"itemListElement\":[{\"@type\":\"ListItem\",\"position\":1,\"name\":\"Home\",\"item\":\"https:\/\/tierpark-bern.ch\/en\/\"},{\"@type\":\"ListItem\",\"position\":2,\"name\":\"Zoo experiences\"}]},{\"@type\":\"WebSite\",\"@id\":\"https:\/\/tierpark-bern.ch\/en\/#website\",\"url\":\"https:\/\/tierpark-bern.ch\/en\/\",\"name\":\"Tierpark Bern\",\"description\":\"\",\"publisher\":{\"@id\":\"https:\/\/tierpark-bern.ch\/en\/#organization\"},\"potentialAction\":[{\"@type\":\"SearchAction\",\"target\":{\"@type\":\"EntryPoint\",\"urlTemplate\":\"https:\/\/tierpark-bern.ch\/en\/?s={search_term_string}\"},\"query-input\":{\"@type\":\"PropertyValueSpecification\",\"valueRequired\":true,\"valueName\":\"search_term_string\"}}],\"inLanguage\":\"en-US\"},{\"@type\":\"Organization\",\"@id\":\"https:\/\/tierpark-bern.ch\/en\/#organization\",\"name\":\"Tierpark Bern | D\u00e4hlh\u00f6lzli + B\u00e4renPark\",\"alternateName\":\"Tierpark Bern\",\"url\":\"https:\/\/tierpark-bern.ch\/en\/\",\"logo\":{\"@type\":\"ImageObject\",\"inLanguage\":\"en-US\",\"@id\":\"https:\/\/tierpark-bern.ch\/en\/#\/schema\/logo\/image\/\",\"url\":\"https:\/\/tierpark-bern.ch\/web\/app\/uploads\/2024\/04\/tierpark-bern-696x696-1.jpg\",\"contentUrl\":\"https:\/\/tierpark-bern.ch\/web\/app\/uploads\/2024\/04\/tierpark-bern-696x696-1.jpg\",\"width\":696,\"height\":696,\"caption\":\"Tierpark Bern | D\u00e4hlh\u00f6lzli + B\u00e4renPark\"},\"image\":{\"@id\":\"https:\/\/tierpark-bern.ch\/en\/#\/schema\/logo\/image\/\"},\"sameAs\":[\"https:\/\/www.facebook.com\/tierparkbern\/\",\"https:\/\/x.com\/tierparkbern\",\"https:\/\/www.instagram.com\/tierparkbern\/\"]}]}<\/script>","yoast_head_json":{"title":"Zoo experiences | Tierpark Bern","description":"Make your visit to the zoo or the B\u00e4renPark something special!","robots":{"index":"index","follow":"follow","max-snippet":"max-snippet:-1","max-image-preview":"max-image-preview:large","max-video-preview":"max-video-preview:-1"},"canonical":"https:\/\/tierpark-bern.ch\/en\/zoo-experiences\/","og_locale":"en_US","og_type":"article","og_title":"Zoo experiences | Tierpark Bern","og_description":"Make your visit to the zoo or the B\u00e4renPark something special!","og_url":"https:\/\/tierpark-bern.ch\/en\/zoo-experiences\/","og_site_name":"Tierpark Bern","article_publisher":"https:\/\/www.facebook.com\/tierparkbern\/","article_modified_time":"2023-10-27T17:26:35+00:00","og_image":[{"width":1500,"height":998,"url":"https:\/\/tierpark-bern.ch\/web\/app\/uploads\/2020\/07\/chamaeleon-tierpark-bern.jpg","type":"image\/jpeg"}],"schema":{"@context":"https:\/\/schema.org","@graph":[{"@type":"WebPage","@id":"https:\/\/tierpark-bern.ch\/en\/zoo-experiences\/","url":"https:\/\/tierpark-bern.ch\/en\/zoo-experiences\/","name":"Zoo experiences | Tierpark Bern","isPartOf":{"@id":"https:\/\/tierpark-bern.ch\/en\/#website"},"primaryImageOfPage":{"@id":"https:\/\/tierpark-bern.ch\/en\/zoo-experiences\/#primaryimage"},"image":{"@id":"https:\/\/tierpark-bern.ch\/en\/zoo-experiences\/#primaryimage"},"thumbnailUrl":"https:\/\/tierpark-bern.ch\/web\/app\/uploads\/2020\/07\/chamaeleon-tierpark-bern.jpg","datePublished":"2021-08-02T16:38:42+00:00","dateModified":"2023-10-27T17:26:35+00:00","description":"Make your visit to the zoo or the B\u00e4renPark something special!","breadcrumb":{"@id":"https:\/\/tierpark-bern.ch\/en\/zoo-experiences\/#breadcrumb"},"inLanguage":"en-US","potentialAction":[{"@type":"ReadAction","target":["https:\/\/tierpark-bern.ch\/en\/zoo-experiences\/"]}]},{"@type":"ImageObject","inLanguage":"en-US","@id":"https:\/\/tierpark-bern.ch\/en\/zoo-experiences\/#primaryimage","url":"https:\/\/tierpark-bern.ch\/web\/app\/uploads\/2020\/07\/chamaeleon-tierpark-bern.jpg","contentUrl":"https:\/\/tierpark-bern.ch\/web\/app\/uploads\/2020\/07\/chamaeleon-tierpark-bern.jpg","width":1500,"height":998,"caption":"2"},{"@type":"BreadcrumbList","@id":"https:\/\/tierpark-bern.ch\/en\/zoo-experiences\/#breadcrumb","itemListElement":[{"@type":"ListItem","position":1,"name":"Home","item":"https:\/\/tierpark-bern.ch\/en\/"},{"@type":"ListItem","position":2,"name":"Zoo experiences"}]},{"@type":"WebSite","@id":"https:\/\/tierpark-bern.ch\/en\/#website","url":"https:\/\/tierpark-bern.ch\/en\/","name":"Tierpark Bern","description":"","publisher":{"@id":"https:\/\/tierpark-bern.ch\/en\/#organization"},"potentialAction":[{"@type":"SearchAction","target":{"@type":"EntryPoint","urlTemplate":"https:\/\/tierpark-bern.ch\/en\/?s={search_term_string}"},"query-input":{"@type":"PropertyValueSpecification","valueRequired":true,"valueName":"search_term_string"}}],"inLanguage":"en-US"},{"@type":"Organization","@id":"https:\/\/tierpark-bern.ch\/en\/#organization","name":"Tierpark Bern | D\u00e4hlh\u00f6lzli + B\u00e4renPark","alternateName":"Tierpark Bern","url":"https:\/\/tierpark-bern.ch\/en\/","logo":{"@type":"ImageObject","inLanguage":"en-US","@id":"https:\/\/tierpark-bern.ch\/en\/#\/schema\/logo\/image\/","url":"https:\/\/tierpark-bern.ch\/web\/app\/uploads\/2024\/04\/tierpark-bern-696x696-1.jpg","contentUrl":"https:\/\/tierpark-bern.ch\/web\/app\/uploads\/2024\/04\/tierpark-bern-696x696-1.jpg","width":696,"height":696,"caption":"Tierpark Bern | D\u00e4hlh\u00f6lzli + B\u00e4renPark"},"image":{"@id":"https:\/\/tierpark-bern.ch\/en\/#\/schema\/logo\/image\/"},"sameAs":["https:\/\/www.facebook.com\/tierparkbern\/","https:\/\/x.com\/tierparkbern","https:\/\/www.instagram.com\/tierparkbern\/"]}]}},"_links":{"self":[{"href":"https:\/\/tierpark-bern.ch\/en\/wp-json\/wp\/v2\/pages\/51563","targetHints":{"allow":["GET"]}}],"collection":[{"href":"https:\/\/tierpark-bern.ch\/en\/wp-json\/wp\/v2\/pages"}],"about":[{"href":"https:\/\/tierpark-bern.ch\/en\/wp-json\/wp\/v2\/types\/page"}],"author":[{"embeddable":true,"href":"https:\/\/tierpark-bern.ch\/en\/wp-json\/wp\/v2\/users\/1"}],"replies":[{"embeddable":true,"href":"https:\/\/tierpark-bern.ch\/en\/wp-json\/wp\/v2\/comments?post=51563"}],"version-history":[{"count":0,"href":"https:\/\/tierpark-bern.ch\/en\/wp-json\/wp\/v2\/pages\/51563\/revisions"}],"wp:featuredmedia":[{"embeddable":true,"href":"https:\/\/tierpark-bern.ch\/en\/wp-json\/wp\/v2\/media\/24838"}],"wp:attachment":[{"href":"https:\/\/tierpark-bern.ch\/en\/wp-json\/wp\/v2\/media?parent=51563"}],"curies":[{"name":"wp","href":"https:\/\/api.w.org\/{rel}","templated":true}]}}