
{"id":51569,"date":"2021-12-08T14:10:08","date_gmt":"2021-12-08T13:10:08","guid":{"rendered":"https:\/\/tierpark-bern.ch\/zoo-gemeinschaft\/"},"modified":"2023-02-06T13:42:58","modified_gmt":"2023-02-06T12:42:58","slug":"zoo-community","status":"publish","type":"page","link":"https:\/\/tierpark-bern.ch\/en\/about-us\/zoo-community\/","title":{"rendered":"Zoo Community"},"content":{"rendered":"<div class=\"wpb-content-wrapper\"><p>[vc_row][vc_column][vc_column_text]<\/p>\n<h1>Zoo Community<\/h1>\n<p>[\/vc_column_text][\/vc_column][\/vc_row][vc_row][vc_column][vc_column_text]The wild animals in the zoo are the ambassadors of their endangered relatives in nature. Through active and financial help, but also through education and research, zoos and aquariums make an important contribution to the protection of nature worldwide.<\/p>\n<p>The Bern Animal Park is a member of numerous associations. Beyond Switzerland, it is part of an international zoo and aquarium community characterised by cooperation. Among other things, the zoo associations are committed to keeping animals at the cutting edge of science, support nature conservation on site (in situ) and form a communication platform for all members to exchange information on relevant topics relating to the animal world.<\/p>\n<p>The Bern Animal Park is a member of the following associations and organisations, among others:[\/vc_column_text][\/vc_column][\/vc_row][vc_row el_class=&#8221;community-section&#8221;][vc_column width=&#8221;1\/2&#8243;][vc_row_inner css=&#8221;.vc_custom_1639642447036{padding-top: 10px !important;padding-bottom: 40px !important;}&#8221;][vc_column_inner width=&#8221;1\/4&#8243;][vc_single_image image=&#8221;17053&#8243; img_size=&#8221;full&#8221; css=&#8221;.vc_custom_1639638356214{margin-bottom: 0px !important;}&#8221;][\/vc_column_inner][vc_column_inner width=&#8221;3\/4&#8243;][vc_column_text el_class=&#8221;community-content&#8221; css=&#8221;.vc_custom_1675687338835{margin-bottom: 0px !important;}&#8221;]<strong>World Association of Zoos and Aquariums<\/strong><\/p>\n<p><a class=\"button button--tierpark\" href=\"https:\/\/www.waza.org\/\" target=\"_blank\" rel=\"noopener\">Visit website<\/a>[\/vc_column_text][\/vc_column_inner][\/vc_row_inner][\/vc_column][vc_column width=&#8221;1\/2&#8243;][vc_row_inner css=&#8221;.vc_custom_1639642467371{padding-top: 10px !important;padding-bottom: 40px !important;}&#8221;][vc_column_inner width=&#8221;1\/4&#8243;][vc_single_image image=&#8221;17056&#8243; img_size=&#8221;full&#8221; css=&#8221;.vc_custom_1639639457028{margin-bottom: 0px !important;}&#8221;][\/vc_column_inner][vc_column_inner width=&#8221;3\/4&#8243;][vc_column_text el_class=&#8221;community-content&#8221; css=&#8221;.vc_custom_1675687348229{margin-bottom: 0px !important;}&#8221;]<strong>Verband der Zoologischen G\u00e4rten e.V.<\/strong><\/p>\n<p><a class=\"button button--tierpark\" href=\"https:\/\/www.vdz-zoos.org\/\" target=\"_blank\" rel=\"noopener\">Visit website<\/a>[\/vc_column_text][\/vc_column_inner][\/vc_row_inner][\/vc_column][\/vc_row][vc_row el_class=&#8221;community-section&#8221;][vc_column width=&#8221;1\/2&#8243;][vc_row_inner css=&#8221;.vc_custom_1639642482074{padding-top: 10px !important;padding-bottom: 40px !important;}&#8221;][vc_column_inner width=&#8221;1\/4&#8243;][vc_single_image image=&#8221;17062&#8243; img_size=&#8221;full&#8221; css=&#8221;.vc_custom_1639639477185{margin-bottom: 0px !important;}&#8221;][\/vc_column_inner][vc_column_inner width=&#8221;3\/4&#8243;][vc_column_text el_class=&#8221;community-content&#8221; css=&#8221;.vc_custom_1675687357731{margin-bottom: 0px !important;}&#8221;]<strong>Zooschweiz<\/strong><\/p>\n<p><a class=\"button button--tierpark\" href=\"https:\/\/zoos.ch\/\" target=\"_blank\" rel=\"noopener\">Visit website<\/a>[\/vc_column_text][\/vc_column_inner][\/vc_row_inner][\/vc_column][vc_column width=&#8221;1\/2&#8243;][vc_row_inner css=&#8221;.vc_custom_1639642474931{padding-top: 10px !important;padding-bottom: 40px !important;}&#8221;][vc_column_inner width=&#8221;1\/4&#8243;][vc_single_image image=&#8221;17059&#8243; img_size=&#8221;full&#8221; css=&#8221;.vc_custom_1639639490718{margin-bottom: 0px !important;}&#8221;][\/vc_column_inner][vc_column_inner width=&#8221;3\/4&#8243;][vc_column_text el_class=&#8221;community-content&#8221; css=&#8221;.vc_custom_1675687368218{margin-bottom: 0px !important;}&#8221;]<strong>European Association of Zoos and Aquaria<\/strong><\/p>\n<p><a class=\"button button--tierpark\" href=\"https:\/\/www.eaza.net\/\" target=\"_blank\" rel=\"noopener\">Visit website<\/a>[\/vc_column_text][\/vc_column_inner][\/vc_row_inner][\/vc_column][\/vc_row]<\/p>\n<\/div>","protected":false},"excerpt":{"rendered":"<p>[vc_row][vc_column][vc_column_text] Zoo Community [\/vc_column_text][\/vc_column][\/vc_row][vc_row][vc_column][vc_column_text]The wild animals in the zoo are the ambassadors of their endangered relatives in nature. Through active and financial help, but also through education and research, zoos and aquariums make an important contribution to the protection of nature worldwide. The Bern Animal Park is a member of numerous associations. Beyond Switzerland, it [&hellip;]<\/p>\n","protected":false},"author":1,"featured_media":20827,"parent":51786,"menu_order":0,"comment_status":"closed","ping_status":"closed","template":"","meta":{"_acf_changed":false,"footnotes":""},"class_list":["post-51569","page","type-page","status-publish","has-post-thumbnail","hentry"],"acf":[],"yoast_head":"<title>Zoo Community | Tierpark Bern<\/title>\n<meta name=\"description\" content=\"Durch aktive und finanzielle Hilfe, aber auch durch Bildung und Forschung leisten Zoos und Aquarien einen wichtigen Beitrag zum Schutz der Natur weltweit.\" \/>\n<meta name=\"robots\" content=\"index, follow, max-snippet:-1, max-image-preview:large, max-video-preview:-1\" \/>\n<link rel=\"canonical\" href=\"https:\/\/tierpark-bern.ch\/en\/about-us\/zoo-community\/\" \/>\n<meta property=\"og:locale\" content=\"en_US\" \/>\n<meta property=\"og:type\" content=\"article\" \/>\n<meta property=\"og:title\" content=\"Zoo Community | Tierpark Bern\" \/>\n<meta property=\"og:description\" content=\"Durch aktive und finanzielle Hilfe, aber auch durch Bildung und Forschung leisten Zoos und Aquarien einen wichtigen Beitrag zum Schutz der Natur weltweit.\" \/>\n<meta property=\"og:url\" content=\"https:\/\/tierpark-bern.ch\/en\/about-us\/zoo-community\/\" \/>\n<meta property=\"og:site_name\" content=\"Tierpark Bern\" \/>\n<meta property=\"article:publisher\" content=\"https:\/\/www.facebook.com\/tierparkbern\/\" \/>\n<meta property=\"article:modified_time\" content=\"2023-02-06T12:42:58+00:00\" \/>\n<meta property=\"og:image\" content=\"https:\/\/tierpark-bern.ch\/web\/app\/uploads\/2020\/07\/tierpark-bern-daehlhoelzli-zoo-42.jpg\" \/>\n\t<meta property=\"og:image:width\" content=\"2254\" \/>\n\t<meta property=\"og:image:height\" content=\"1500\" \/>\n\t<meta property=\"og:image:type\" content=\"image\/jpeg\" \/>\n<script type=\"application\/ld+json\" class=\"yoast-schema-graph\">{\"@context\":\"https:\/\/schema.org\",\"@graph\":[{\"@type\":\"WebPage\",\"@id\":\"https:\/\/tierpark-bern.ch\/en\/about-us\/zoo-community\/\",\"url\":\"https:\/\/tierpark-bern.ch\/en\/about-us\/zoo-community\/\",\"name\":\"Zoo Community | Tierpark Bern\",\"isPartOf\":{\"@id\":\"https:\/\/tierpark-bern.ch\/en\/#website\"},\"primaryImageOfPage\":{\"@id\":\"https:\/\/tierpark-bern.ch\/en\/about-us\/zoo-community\/#primaryimage\"},\"image\":{\"@id\":\"https:\/\/tierpark-bern.ch\/en\/about-us\/zoo-community\/#primaryimage\"},\"thumbnailUrl\":\"https:\/\/tierpark-bern.ch\/web\/app\/uploads\/2020\/07\/tierpark-bern-daehlhoelzli-zoo-42.jpg\",\"datePublished\":\"2021-12-08T13:10:08+00:00\",\"dateModified\":\"2023-02-06T12:42:58+00:00\",\"description\":\"Durch aktive und finanzielle Hilfe, aber auch durch Bildung und Forschung leisten Zoos und Aquarien einen wichtigen Beitrag zum Schutz der Natur weltweit.\",\"breadcrumb\":{\"@id\":\"https:\/\/tierpark-bern.ch\/en\/about-us\/zoo-community\/#breadcrumb\"},\"inLanguage\":\"en-US\",\"potentialAction\":[{\"@type\":\"ReadAction\",\"target\":[\"https:\/\/tierpark-bern.ch\/en\/about-us\/zoo-community\/\"]}]},{\"@type\":\"ImageObject\",\"inLanguage\":\"en-US\",\"@id\":\"https:\/\/tierpark-bern.ch\/en\/about-us\/zoo-community\/#primaryimage\",\"url\":\"https:\/\/tierpark-bern.ch\/web\/app\/uploads\/2020\/07\/tierpark-bern-daehlhoelzli-zoo-42.jpg\",\"contentUrl\":\"https:\/\/tierpark-bern.ch\/web\/app\/uploads\/2020\/07\/tierpark-bern-daehlhoelzli-zoo-42.jpg\",\"width\":2254,\"height\":1500,\"caption\":\"Nahaufnahme von\"},{\"@type\":\"BreadcrumbList\",\"@id\":\"https:\/\/tierpark-bern.ch\/en\/about-us\/zoo-community\/#breadcrumb\",\"itemListElement\":[{\"@type\":\"ListItem\",\"position\":1,\"name\":\"Home\",\"item\":\"https:\/\/tierpark-bern.ch\/en\/\"},{\"@type\":\"ListItem\",\"position\":2,\"name\":\"About us\",\"item\":\"https:\/\/tierpark-bern.ch\/en\/about-us\/\"},{\"@type\":\"ListItem\",\"position\":3,\"name\":\"Zoo Community\"}]},{\"@type\":\"WebSite\",\"@id\":\"https:\/\/tierpark-bern.ch\/en\/#website\",\"url\":\"https:\/\/tierpark-bern.ch\/en\/\",\"name\":\"Tierpark Bern\",\"description\":\"\",\"publisher\":{\"@id\":\"https:\/\/tierpark-bern.ch\/en\/#organization\"},\"potentialAction\":[{\"@type\":\"SearchAction\",\"target\":{\"@type\":\"EntryPoint\",\"urlTemplate\":\"https:\/\/tierpark-bern.ch\/en\/?s={search_term_string}\"},\"query-input\":{\"@type\":\"PropertyValueSpecification\",\"valueRequired\":true,\"valueName\":\"search_term_string\"}}],\"inLanguage\":\"en-US\"},{\"@type\":\"Organization\",\"@id\":\"https:\/\/tierpark-bern.ch\/en\/#organization\",\"name\":\"Tierpark Bern | D\u00e4hlh\u00f6lzli + B\u00e4renPark\",\"alternateName\":\"Tierpark Bern\",\"url\":\"https:\/\/tierpark-bern.ch\/en\/\",\"logo\":{\"@type\":\"ImageObject\",\"inLanguage\":\"en-US\",\"@id\":\"https:\/\/tierpark-bern.ch\/en\/#\/schema\/logo\/image\/\",\"url\":\"https:\/\/tierpark-bern.ch\/web\/app\/uploads\/2024\/04\/tierpark-bern-696x696-1.jpg\",\"contentUrl\":\"https:\/\/tierpark-bern.ch\/web\/app\/uploads\/2024\/04\/tierpark-bern-696x696-1.jpg\",\"width\":696,\"height\":696,\"caption\":\"Tierpark Bern | D\u00e4hlh\u00f6lzli + B\u00e4renPark\"},\"image\":{\"@id\":\"https:\/\/tierpark-bern.ch\/en\/#\/schema\/logo\/image\/\"},\"sameAs\":[\"https:\/\/www.facebook.com\/tierparkbern\/\",\"https:\/\/x.com\/tierparkbern\",\"https:\/\/www.instagram.com\/tierparkbern\/\"]}]}<\/script>","yoast_head_json":{"title":"Zoo Community | Tierpark Bern","description":"Durch aktive und finanzielle Hilfe, aber auch durch Bildung und Forschung leisten Zoos und Aquarien einen wichtigen Beitrag zum Schutz der Natur weltweit.","robots":{"index":"index","follow":"follow","max-snippet":"max-snippet:-1","max-image-preview":"max-image-preview:large","max-video-preview":"max-video-preview:-1"},"canonical":"https:\/\/tierpark-bern.ch\/en\/about-us\/zoo-community\/","og_locale":"en_US","og_type":"article","og_title":"Zoo Community | Tierpark Bern","og_description":"Durch aktive und finanzielle Hilfe, aber auch durch Bildung und Forschung leisten Zoos und Aquarien einen wichtigen Beitrag zum Schutz der Natur weltweit.","og_url":"https:\/\/tierpark-bern.ch\/en\/about-us\/zoo-community\/","og_site_name":"Tierpark Bern","article_publisher":"https:\/\/www.facebook.com\/tierparkbern\/","article_modified_time":"2023-02-06T12:42:58+00:00","og_image":[{"width":2254,"height":1500,"url":"https:\/\/tierpark-bern.ch\/web\/app\/uploads\/2020\/07\/tierpark-bern-daehlhoelzli-zoo-42.jpg","type":"image\/jpeg"}],"schema":{"@context":"https:\/\/schema.org","@graph":[{"@type":"WebPage","@id":"https:\/\/tierpark-bern.ch\/en\/about-us\/zoo-community\/","url":"https:\/\/tierpark-bern.ch\/en\/about-us\/zoo-community\/","name":"Zoo Community | Tierpark Bern","isPartOf":{"@id":"https:\/\/tierpark-bern.ch\/en\/#website"},"primaryImageOfPage":{"@id":"https:\/\/tierpark-bern.ch\/en\/about-us\/zoo-community\/#primaryimage"},"image":{"@id":"https:\/\/tierpark-bern.ch\/en\/about-us\/zoo-community\/#primaryimage"},"thumbnailUrl":"https:\/\/tierpark-bern.ch\/web\/app\/uploads\/2020\/07\/tierpark-bern-daehlhoelzli-zoo-42.jpg","datePublished":"2021-12-08T13:10:08+00:00","dateModified":"2023-02-06T12:42:58+00:00","description":"Durch aktive und finanzielle Hilfe, aber auch durch Bildung und Forschung leisten Zoos und Aquarien einen wichtigen Beitrag zum Schutz der Natur weltweit.","breadcrumb":{"@id":"https:\/\/tierpark-bern.ch\/en\/about-us\/zoo-community\/#breadcrumb"},"inLanguage":"en-US","potentialAction":[{"@type":"ReadAction","target":["https:\/\/tierpark-bern.ch\/en\/about-us\/zoo-community\/"]}]},{"@type":"ImageObject","inLanguage":"en-US","@id":"https:\/\/tierpark-bern.ch\/en\/about-us\/zoo-community\/#primaryimage","url":"https:\/\/tierpark-bern.ch\/web\/app\/uploads\/2020\/07\/tierpark-bern-daehlhoelzli-zoo-42.jpg","contentUrl":"https:\/\/tierpark-bern.ch\/web\/app\/uploads\/2020\/07\/tierpark-bern-daehlhoelzli-zoo-42.jpg","width":2254,"height":1500,"caption":"Nahaufnahme von"},{"@type":"BreadcrumbList","@id":"https:\/\/tierpark-bern.ch\/en\/about-us\/zoo-community\/#breadcrumb","itemListElement":[{"@type":"ListItem","position":1,"name":"Home","item":"https:\/\/tierpark-bern.ch\/en\/"},{"@type":"ListItem","position":2,"name":"About us","item":"https:\/\/tierpark-bern.ch\/en\/about-us\/"},{"@type":"ListItem","position":3,"name":"Zoo Community"}]},{"@type":"WebSite","@id":"https:\/\/tierpark-bern.ch\/en\/#website","url":"https:\/\/tierpark-bern.ch\/en\/","name":"Tierpark Bern","description":"","publisher":{"@id":"https:\/\/tierpark-bern.ch\/en\/#organization"},"potentialAction":[{"@type":"SearchAction","target":{"@type":"EntryPoint","urlTemplate":"https:\/\/tierpark-bern.ch\/en\/?s={search_term_string}"},"query-input":{"@type":"PropertyValueSpecification","valueRequired":true,"valueName":"search_term_string"}}],"inLanguage":"en-US"},{"@type":"Organization","@id":"https:\/\/tierpark-bern.ch\/en\/#organization","name":"Tierpark Bern | D\u00e4hlh\u00f6lzli + B\u00e4renPark","alternateName":"Tierpark Bern","url":"https:\/\/tierpark-bern.ch\/en\/","logo":{"@type":"ImageObject","inLanguage":"en-US","@id":"https:\/\/tierpark-bern.ch\/en\/#\/schema\/logo\/image\/","url":"https:\/\/tierpark-bern.ch\/web\/app\/uploads\/2024\/04\/tierpark-bern-696x696-1.jpg","contentUrl":"https:\/\/tierpark-bern.ch\/web\/app\/uploads\/2024\/04\/tierpark-bern-696x696-1.jpg","width":696,"height":696,"caption":"Tierpark Bern | D\u00e4hlh\u00f6lzli + B\u00e4renPark"},"image":{"@id":"https:\/\/tierpark-bern.ch\/en\/#\/schema\/logo\/image\/"},"sameAs":["https:\/\/www.facebook.com\/tierparkbern\/","https:\/\/x.com\/tierparkbern","https:\/\/www.instagram.com\/tierparkbern\/"]}]}},"_links":{"self":[{"href":"https:\/\/tierpark-bern.ch\/en\/wp-json\/wp\/v2\/pages\/51569","targetHints":{"allow":["GET"]}}],"collection":[{"href":"https:\/\/tierpark-bern.ch\/en\/wp-json\/wp\/v2\/pages"}],"about":[{"href":"https:\/\/tierpark-bern.ch\/en\/wp-json\/wp\/v2\/types\/page"}],"author":[{"embeddable":true,"href":"https:\/\/tierpark-bern.ch\/en\/wp-json\/wp\/v2\/users\/1"}],"replies":[{"embeddable":true,"href":"https:\/\/tierpark-bern.ch\/en\/wp-json\/wp\/v2\/comments?post=51569"}],"version-history":[{"count":0,"href":"https:\/\/tierpark-bern.ch\/en\/wp-json\/wp\/v2\/pages\/51569\/revisions"}],"up":[{"embeddable":true,"href":"https:\/\/tierpark-bern.ch\/en\/wp-json\/wp\/v2\/pages\/51786"}],"wp:featuredmedia":[{"embeddable":true,"href":"https:\/\/tierpark-bern.ch\/en\/wp-json\/wp\/v2\/media\/20827"}],"wp:attachment":[{"href":"https:\/\/tierpark-bern.ch\/en\/wp-json\/wp\/v2\/media?parent=51569"}],"curies":[{"name":"wp","href":"https:\/\/api.w.org\/{rel}","templated":true}]}}