
{"id":51799,"date":"2020-08-19T08:20:23","date_gmt":"2020-08-19T06:20:23","guid":{"rendered":"https:\/\/tierpark-bern.ch\/about-us\/organisation\/"},"modified":"2024-02-29T08:36:53","modified_gmt":"2024-02-29T07:36:53","slug":"organisation","status":"publish","type":"page","link":"https:\/\/tierpark-bern.ch\/en\/about-us\/organisation\/","title":{"rendered":"Organisation"},"content":{"rendered":"<div class=\"wpb-content-wrapper\"><p>[vc_row][vc_column][vc_column_text]<\/p>\n<h1>Organisation of Bern Animal Park<\/h1>\n<p>The Bern Animal Park is a department of the City of Bern and belongs to the Directorate for Security, Environment and Energy. The Bern Animal Park consists of the zoo in the D\u00e4hlh\u00f6lzli Forest (affectionately known as &#8216;ds D\u00e4hlh\u00f6lzli&#8217; to Bernese people) and the BearPark in the historic centre of the city. The facilities along the Aare and the BearPark are free of charge, while the facilities in the D\u00e4hlh\u00f6lzli Zoo with most of the animal species are subject to admission.<\/p>\n<p>The operation of the zoo is mainly supported and financed by the City of Bern. When building animal facilities, we rely on the support of third parties.[\/vc_column_text][vc_column_text]<img decoding=\"async\" class=\"organisation-img alignnone wp-image-14034\" src=\"https:\/\/tierpark-bern.ch\/web\/app\/uploads\/2024\/02\/Organisation-Tierpark-Bern-2023.jpg.jpg\" alt=\"Illustration of the organization of the Bern Zoo\" \/>[\/vc_column_text][vc_empty_space][\/vc_column][\/vc_row][vc_row][vc_column][vc_column_text]<\/p>\n<div class=\"zoo-link-info\">\n<div class=\"container\">\n<div class=\"row\">\n<div class=\"col-md-8 col-sm-12\">\n<div class=\"zoo-link-text-container\"><span class=\"zoo-link-text\"> In a referendum, the voters approved the zoo regulations and thus the introduction of a special account for the zoo.<\/span><\/div>\n<\/div>\n<div class=\"col-md-4 col-sm-12 zoo-link-btn-container\"><span class=\"zoo-link-btn\"><a class=\"button button-zoo-info\" href=\"https:\/\/tierpark-bern.ch\/en\/about-us\/organisation\/tierparkregelement\/\">To the zoo regulations<i class=\"fa fa-long-arrow-right\"><\/i><\/a><\/span><\/div>\n<\/div>\n<\/div>\n<\/div>\n<p>[\/vc_column_text][\/vc_column][\/vc_row][vc_row][vc_column][vc_column_text]<\/p>\n<h2>Funding<\/h2>\n<p>The Bern Animal Park is an organisational unit of the Bern City Administration. Therefore, the accounts of the zoo can be found in the municipal financial reports.<\/p>\n<h2>Budget<\/h2>\n<p>The municipal council prepares the budget for the next calendar year by taking into account the effects of the financial plan and the economic situation. For each product and service, it is determined as precisely as possible how much is to be spent on which tasks and services and how much is to be collected. The budget of the income statement is binding. Since the City of Bern manages its accounts according to the principles of &#8220;New Public Management&#8221;, the budget is called the &#8220;product group budget&#8221;.<\/p>\n<div>\n<p><a class=\"button button--tierpark\" title=\"Budget des Tierparks Bern\" href=\"http:\/\/www.bern.ch\/themen\/stadt-recht-und-politik\/finanzen\/budget\" target=\"_blank\" rel=\"noopener noreferrer\">Budget of the Bern Animal Park<\/a><\/p>\n<\/div>\n<p>[\/vc_column_text][\/vc_column][\/vc_row][vc_row][vc_column][vc_column_text]<\/p>\n<h2>Annual reports<\/h2>\n<p>The annual report contains the municipal accounts with product group accounts, income statement, balance sheet, investment statement, evaluations, statistics, etc. The annual report of the Bern Animal Park is public, any interested person can view it.[\/vc_column_text][vc_column_text]<a class=\"button button--tierpark\" title=\"Jahresbericht\" href=\"http:\/\/www.bern.ch\/themen\/stadt-recht-und-politik\/finanzen\/rechnung-jahresbericht\" target=\"_blank\" rel=\"noopener noreferrer\">Annual Report at the City of Bern<\/a>[\/vc_column_text][\/vc_column][\/vc_row][vc_row][vc_column][vc_column_text]<\/p>\n<h2>Annual reports (in German)<\/h2>\n<p>The Bern Animal Park publishes an annual report every year in which all the important facts and figures about the Bern Animal Park are recorded.[\/vc_column_text][\/vc_column][\/vc_row][vc_row][vc_column][vc_tta_accordion shape=&#8221;square&#8221; gap=&#8221;15&#8243; c_position=&#8221;right&#8221; active_section=&#8221;-1&#8243; collapsible_all=&#8221;true&#8221; el_class=&#8221;financing-accordion&#8221;][vc_tta_section title=&#8221;2022&#8243; tab_id=&#8221;1633689068168-ae66517a-4c7d&#8221;][vc_column_text]<a class=\"color--tierpark\" href=\"https:\/\/tierpark-bern.ch\/web\/app\/uploads\/2023\/06\/Tierpark_Bern_Geschaeftsbericht_2022.pdf\" target=\"_blank\" rel=\"noopener noreferrer\"><img decoding=\"async\" class=\"pdf_file_icon\" src=\"https:\/\/tierpark-bern.ch\/web\/app\/uploads\/2020\/07\/pdf-1.png\" alt=\"pdf\" \/>Annual Report 2022<\/a>[\/vc_column_text][\/vc_tta_section][vc_tta_section title=&#8221;2021&#8243; tab_id=&#8221;1685968920949-a769d5b5-d5ca&#8221;][vc_column_text]<a class=\"color--tierpark\" href=\"https:\/\/tierpark-bern.ch\/web\/app\/uploads\/2022\/08\/Tierpark_Bern_Geschaeftsbericht_2021_def_website-2-2.pdf\" target=\"_blank\" rel=\"noopener noreferrer\"><img decoding=\"async\" class=\"pdf_file_icon\" src=\"https:\/\/tierpark-bern.ch\/web\/app\/uploads\/2020\/07\/pdf-1.png\" alt=\"pdf\" \/>Annual Report 2021<\/a>[\/vc_column_text][\/vc_tta_section][vc_tta_section title=&#8221;2020&#8243; tab_id=&#8221;1659523044822-b85127c5-a619&#8243;][vc_column_text]<a class=\"color--tierpark\" href=\"https:\/\/tierpark-bern.ch\/web\/app\/uploads\/2020\/07\/Tierpark_Bern_Geschaeftsbericht_2020_low.pdf\" target=\"_blank\" rel=\"noopener noreferrer\"><img decoding=\"async\" class=\"pdf_file_icon\" src=\"https:\/\/tierpark-bern.ch\/web\/app\/uploads\/2020\/07\/pdf-1.png\" alt=\"pdf\" \/>Annual Report 2020<\/a>[\/vc_column_text][\/vc_tta_section][vc_tta_section title=&#8221;2019&#8243; tab_id=&#8221;1641147996425-eb26e542-aee6&#8243;][vc_column_text]<a class=\"color--tierpark\" href=\"https:\/\/tierpark-bern.ch\/web\/app\/uploads\/2020\/07\/Tierpark_Bern_Geschaeftsbericht_klein_2019.pdf\" target=\"_blank\" rel=\"noopener noreferrer\"><img decoding=\"async\" class=\"pdf_file_icon\" src=\"https:\/\/tierpark-bern.ch\/web\/app\/uploads\/2020\/07\/pdf-1.png\" alt=\"pdf\" \/>Annual Report 2019<\/a>[\/vc_column_text][\/vc_tta_section][vc_tta_section title=&#8221;2018&#8243; tab_id=&#8221;1633689068181-74cbd4cf-9ccc&#8221;][vc_column_text]<a class=\"color--tierpark\" href=\"https:\/\/tierpark-bern.ch\/web\/app\/uploads\/2020\/07\/Tierpark_Bern_Geschaeftsbericht_website_2018.pdf\" target=\"_blank\" rel=\"noopener noreferrer\"><img decoding=\"async\" class=\"pdf_file_icon\" src=\"https:\/\/tierpark-bern.ch\/web\/app\/uploads\/2020\/07\/pdf-1.png\" alt=\"pdf\" \/>Annual Report 2018<\/a>[\/vc_column_text][\/vc_tta_section][vc_tta_section title=&#8221;2017&#8243; tab_id=&#8221;1633689253468-9a072617-85a2&#8243;][vc_column_text]<a class=\"color--tierpark\" href=\"https:\/\/tierpark-bern.ch\/web\/app\/uploads\/2020\/07\/Tierpark_Bern_Geschaeftsbericht_def_2017.pdf\" target=\"_blank\" rel=\"noopener noreferrer\"><img decoding=\"async\" class=\"pdf_file_icon\" src=\"https:\/\/tierpark-bern.ch\/web\/app\/uploads\/2020\/07\/pdf-1.png\" alt=\"pdf\" \/>Annual Report 2017<\/a>[\/vc_column_text][\/vc_tta_section][vc_tta_section title=&#8221;2016&#8243; tab_id=&#8221;1633689288577-4db04faf-9405&#8243;][vc_column_text]<a class=\"color--tierpark\" href=\"https:\/\/tierpark-bern.ch\/web\/app\/uploads\/2020\/07\/TierparkBern_Gesch_ftsbericht-2016_Website.pdf\" target=\"_blank\" rel=\"noopener noreferrer\"><img decoding=\"async\" class=\"pdf_file_icon\" src=\"https:\/\/tierpark-bern.ch\/web\/app\/uploads\/2020\/07\/pdf-1.png\" alt=\"pdf\" \/>Annual Report 2016<\/a>[\/vc_column_text][\/vc_tta_section][vc_tta_section title=&#8221;2015&#8243; tab_id=&#8221;1633689325380-f22427cb-1d86&#8243;][vc_column_text]<a class=\"color--tierpark\" href=\"https:\/\/tierpark-bern.ch\/web\/app\/uploads\/2020\/07\/TierparkBern_Gesch_ftsbericht-2015_Website.pdf\" target=\"_blank\" rel=\"noopener noreferrer\"><img decoding=\"async\" class=\"pdf_file_icon\" src=\"https:\/\/tierpark-bern.ch\/web\/app\/uploads\/2020\/07\/pdf-1.png\" alt=\"pdf\" \/>Annual Report 2015<\/a>[\/vc_column_text][\/vc_tta_section][\/vc_tta_accordion][\/vc_column][\/vc_row]<\/p>\n<\/div>","protected":false},"excerpt":{"rendered":"<p>Der Tierpark Bern ist eine Abteilung der Stadt Bern und geh\u00f6rt zur Direktion f\u00fcr Sicherheit, Umwelt und Energie.<\/p>\n","protected":false},"author":1,"featured_media":42885,"parent":51786,"menu_order":0,"comment_status":"closed","ping_status":"closed","template":"","meta":{"_acf_changed":false,"footnotes":""},"class_list":["post-51799","page","type-page","status-publish","has-post-thumbnail","hentry"],"acf":[],"yoast_head":"<title>Organisation | Tierpark Bern<\/title>\n<meta name=\"description\" content=\"Der Tierpark Bern ist eine Abteilung der Stadt Bern und geh\u00f6rt zur Direktion f\u00fcr Sicherheit, Umwelt und Energie.\" \/>\n<meta name=\"robots\" content=\"index, follow, max-snippet:-1, max-image-preview:large, max-video-preview:-1\" \/>\n<link rel=\"canonical\" href=\"https:\/\/tierpark-bern.ch\/en\/about-us\/organisation\/\" \/>\n<meta property=\"og:locale\" content=\"en_US\" \/>\n<meta property=\"og:type\" content=\"article\" \/>\n<meta property=\"og:title\" content=\"Organisation | Tierpark Bern\" \/>\n<meta property=\"og:description\" content=\"Der Tierpark Bern ist eine Abteilung der Stadt Bern und geh\u00f6rt zur Direktion f\u00fcr Sicherheit, Umwelt und Energie.\" \/>\n<meta property=\"og:url\" content=\"https:\/\/tierpark-bern.ch\/en\/about-us\/organisation\/\" \/>\n<meta property=\"og:site_name\" content=\"Tierpark Bern\" \/>\n<meta property=\"article:publisher\" content=\"https:\/\/www.facebook.com\/tierparkbern\/\" \/>\n<meta property=\"article:modified_time\" content=\"2024-02-29T07:36:53+00:00\" \/>\n<meta property=\"og:image\" content=\"https:\/\/tierpark-bern.ch\/web\/app\/uploads\/2022\/04\/wolf-tierpark-bern-2-2.jpg\" \/>\n\t<meta property=\"og:image:width\" content=\"1000\" \/>\n\t<meta property=\"og:image:height\" content=\"668\" \/>\n\t<meta property=\"og:image:type\" content=\"image\/jpeg\" \/>\n<script type=\"application\/ld+json\" class=\"yoast-schema-graph\">{\"@context\":\"https:\/\/schema.org\",\"@graph\":[{\"@type\":\"WebPage\",\"@id\":\"https:\/\/tierpark-bern.ch\/en\/about-us\/organisation\/\",\"url\":\"https:\/\/tierpark-bern.ch\/en\/about-us\/organisation\/\",\"name\":\"Organisation | Tierpark Bern\",\"isPartOf\":{\"@id\":\"https:\/\/tierpark-bern.ch\/en\/#website\"},\"primaryImageOfPage\":{\"@id\":\"https:\/\/tierpark-bern.ch\/en\/about-us\/organisation\/#primaryimage\"},\"image\":{\"@id\":\"https:\/\/tierpark-bern.ch\/en\/about-us\/organisation\/#primaryimage\"},\"thumbnailUrl\":\"https:\/\/tierpark-bern.ch\/web\/app\/uploads\/2022\/04\/wolf-tierpark-bern-2-2.jpg\",\"datePublished\":\"2020-08-19T06:20:23+00:00\",\"dateModified\":\"2024-02-29T07:36:53+00:00\",\"description\":\"Der Tierpark Bern ist eine Abteilung der Stadt Bern und geh\u00f6rt zur Direktion f\u00fcr Sicherheit, Umwelt und Energie.\",\"breadcrumb\":{\"@id\":\"https:\/\/tierpark-bern.ch\/en\/about-us\/organisation\/#breadcrumb\"},\"inLanguage\":\"en-US\",\"potentialAction\":[{\"@type\":\"ReadAction\",\"target\":[\"https:\/\/tierpark-bern.ch\/en\/about-us\/organisation\/\"]}]},{\"@type\":\"ImageObject\",\"inLanguage\":\"en-US\",\"@id\":\"https:\/\/tierpark-bern.ch\/en\/about-us\/organisation\/#primaryimage\",\"url\":\"https:\/\/tierpark-bern.ch\/web\/app\/uploads\/2022\/04\/wolf-tierpark-bern-2-2.jpg\",\"contentUrl\":\"https:\/\/tierpark-bern.ch\/web\/app\/uploads\/2022\/04\/wolf-tierpark-bern-2-2.jpg\",\"width\":1000,\"height\":668,\"caption\":\"Wolf steht auf einem Stein\"},{\"@type\":\"BreadcrumbList\",\"@id\":\"https:\/\/tierpark-bern.ch\/en\/about-us\/organisation\/#breadcrumb\",\"itemListElement\":[{\"@type\":\"ListItem\",\"position\":1,\"name\":\"Home\",\"item\":\"https:\/\/tierpark-bern.ch\/en\/\"},{\"@type\":\"ListItem\",\"position\":2,\"name\":\"About us\",\"item\":\"https:\/\/tierpark-bern.ch\/en\/about-us\/\"},{\"@type\":\"ListItem\",\"position\":3,\"name\":\"Organisation\"}]},{\"@type\":\"WebSite\",\"@id\":\"https:\/\/tierpark-bern.ch\/en\/#website\",\"url\":\"https:\/\/tierpark-bern.ch\/en\/\",\"name\":\"Tierpark Bern\",\"description\":\"\",\"publisher\":{\"@id\":\"https:\/\/tierpark-bern.ch\/en\/#organization\"},\"potentialAction\":[{\"@type\":\"SearchAction\",\"target\":{\"@type\":\"EntryPoint\",\"urlTemplate\":\"https:\/\/tierpark-bern.ch\/en\/?s={search_term_string}\"},\"query-input\":{\"@type\":\"PropertyValueSpecification\",\"valueRequired\":true,\"valueName\":\"search_term_string\"}}],\"inLanguage\":\"en-US\"},{\"@type\":\"Organization\",\"@id\":\"https:\/\/tierpark-bern.ch\/en\/#organization\",\"name\":\"Tierpark Bern | D\u00e4hlh\u00f6lzli + B\u00e4renPark\",\"alternateName\":\"Tierpark Bern\",\"url\":\"https:\/\/tierpark-bern.ch\/en\/\",\"logo\":{\"@type\":\"ImageObject\",\"inLanguage\":\"en-US\",\"@id\":\"https:\/\/tierpark-bern.ch\/en\/#\/schema\/logo\/image\/\",\"url\":\"https:\/\/tierpark-bern.ch\/web\/app\/uploads\/2024\/04\/tierpark-bern-696x696-1.jpg\",\"contentUrl\":\"https:\/\/tierpark-bern.ch\/web\/app\/uploads\/2024\/04\/tierpark-bern-696x696-1.jpg\",\"width\":696,\"height\":696,\"caption\":\"Tierpark Bern | D\u00e4hlh\u00f6lzli + B\u00e4renPark\"},\"image\":{\"@id\":\"https:\/\/tierpark-bern.ch\/en\/#\/schema\/logo\/image\/\"},\"sameAs\":[\"https:\/\/www.facebook.com\/tierparkbern\/\",\"https:\/\/x.com\/tierparkbern\",\"https:\/\/www.instagram.com\/tierparkbern\/\"]}]}<\/script>","yoast_head_json":{"title":"Organisation | Tierpark Bern","description":"Der Tierpark Bern ist eine Abteilung der Stadt Bern und geh\u00f6rt zur Direktion f\u00fcr Sicherheit, Umwelt und Energie.","robots":{"index":"index","follow":"follow","max-snippet":"max-snippet:-1","max-image-preview":"max-image-preview:large","max-video-preview":"max-video-preview:-1"},"canonical":"https:\/\/tierpark-bern.ch\/en\/about-us\/organisation\/","og_locale":"en_US","og_type":"article","og_title":"Organisation | Tierpark Bern","og_description":"Der Tierpark Bern ist eine Abteilung der Stadt Bern und geh\u00f6rt zur Direktion f\u00fcr Sicherheit, Umwelt und Energie.","og_url":"https:\/\/tierpark-bern.ch\/en\/about-us\/organisation\/","og_site_name":"Tierpark Bern","article_publisher":"https:\/\/www.facebook.com\/tierparkbern\/","article_modified_time":"2024-02-29T07:36:53+00:00","og_image":[{"width":1000,"height":668,"url":"https:\/\/tierpark-bern.ch\/web\/app\/uploads\/2022\/04\/wolf-tierpark-bern-2-2.jpg","type":"image\/jpeg"}],"schema":{"@context":"https:\/\/schema.org","@graph":[{"@type":"WebPage","@id":"https:\/\/tierpark-bern.ch\/en\/about-us\/organisation\/","url":"https:\/\/tierpark-bern.ch\/en\/about-us\/organisation\/","name":"Organisation | Tierpark Bern","isPartOf":{"@id":"https:\/\/tierpark-bern.ch\/en\/#website"},"primaryImageOfPage":{"@id":"https:\/\/tierpark-bern.ch\/en\/about-us\/organisation\/#primaryimage"},"image":{"@id":"https:\/\/tierpark-bern.ch\/en\/about-us\/organisation\/#primaryimage"},"thumbnailUrl":"https:\/\/tierpark-bern.ch\/web\/app\/uploads\/2022\/04\/wolf-tierpark-bern-2-2.jpg","datePublished":"2020-08-19T06:20:23+00:00","dateModified":"2024-02-29T07:36:53+00:00","description":"Der Tierpark Bern ist eine Abteilung der Stadt Bern und geh\u00f6rt zur Direktion f\u00fcr Sicherheit, Umwelt und Energie.","breadcrumb":{"@id":"https:\/\/tierpark-bern.ch\/en\/about-us\/organisation\/#breadcrumb"},"inLanguage":"en-US","potentialAction":[{"@type":"ReadAction","target":["https:\/\/tierpark-bern.ch\/en\/about-us\/organisation\/"]}]},{"@type":"ImageObject","inLanguage":"en-US","@id":"https:\/\/tierpark-bern.ch\/en\/about-us\/organisation\/#primaryimage","url":"https:\/\/tierpark-bern.ch\/web\/app\/uploads\/2022\/04\/wolf-tierpark-bern-2-2.jpg","contentUrl":"https:\/\/tierpark-bern.ch\/web\/app\/uploads\/2022\/04\/wolf-tierpark-bern-2-2.jpg","width":1000,"height":668,"caption":"Wolf steht auf einem Stein"},{"@type":"BreadcrumbList","@id":"https:\/\/tierpark-bern.ch\/en\/about-us\/organisation\/#breadcrumb","itemListElement":[{"@type":"ListItem","position":1,"name":"Home","item":"https:\/\/tierpark-bern.ch\/en\/"},{"@type":"ListItem","position":2,"name":"About us","item":"https:\/\/tierpark-bern.ch\/en\/about-us\/"},{"@type":"ListItem","position":3,"name":"Organisation"}]},{"@type":"WebSite","@id":"https:\/\/tierpark-bern.ch\/en\/#website","url":"https:\/\/tierpark-bern.ch\/en\/","name":"Tierpark Bern","description":"","publisher":{"@id":"https:\/\/tierpark-bern.ch\/en\/#organization"},"potentialAction":[{"@type":"SearchAction","target":{"@type":"EntryPoint","urlTemplate":"https:\/\/tierpark-bern.ch\/en\/?s={search_term_string}"},"query-input":{"@type":"PropertyValueSpecification","valueRequired":true,"valueName":"search_term_string"}}],"inLanguage":"en-US"},{"@type":"Organization","@id":"https:\/\/tierpark-bern.ch\/en\/#organization","name":"Tierpark Bern | D\u00e4hlh\u00f6lzli + B\u00e4renPark","alternateName":"Tierpark Bern","url":"https:\/\/tierpark-bern.ch\/en\/","logo":{"@type":"ImageObject","inLanguage":"en-US","@id":"https:\/\/tierpark-bern.ch\/en\/#\/schema\/logo\/image\/","url":"https:\/\/tierpark-bern.ch\/web\/app\/uploads\/2024\/04\/tierpark-bern-696x696-1.jpg","contentUrl":"https:\/\/tierpark-bern.ch\/web\/app\/uploads\/2024\/04\/tierpark-bern-696x696-1.jpg","width":696,"height":696,"caption":"Tierpark Bern | D\u00e4hlh\u00f6lzli + B\u00e4renPark"},"image":{"@id":"https:\/\/tierpark-bern.ch\/en\/#\/schema\/logo\/image\/"},"sameAs":["https:\/\/www.facebook.com\/tierparkbern\/","https:\/\/x.com\/tierparkbern","https:\/\/www.instagram.com\/tierparkbern\/"]}]}},"_links":{"self":[{"href":"https:\/\/tierpark-bern.ch\/en\/wp-json\/wp\/v2\/pages\/51799","targetHints":{"allow":["GET"]}}],"collection":[{"href":"https:\/\/tierpark-bern.ch\/en\/wp-json\/wp\/v2\/pages"}],"about":[{"href":"https:\/\/tierpark-bern.ch\/en\/wp-json\/wp\/v2\/types\/page"}],"author":[{"embeddable":true,"href":"https:\/\/tierpark-bern.ch\/en\/wp-json\/wp\/v2\/users\/1"}],"replies":[{"embeddable":true,"href":"https:\/\/tierpark-bern.ch\/en\/wp-json\/wp\/v2\/comments?post=51799"}],"version-history":[{"count":0,"href":"https:\/\/tierpark-bern.ch\/en\/wp-json\/wp\/v2\/pages\/51799\/revisions"}],"up":[{"embeddable":true,"href":"https:\/\/tierpark-bern.ch\/en\/wp-json\/wp\/v2\/pages\/51786"}],"wp:featuredmedia":[{"embeddable":true,"href":"https:\/\/tierpark-bern.ch\/en\/wp-json\/wp\/v2\/media\/42885"}],"wp:attachment":[{"href":"https:\/\/tierpark-bern.ch\/en\/wp-json\/wp\/v2\/media?parent=51799"}],"curies":[{"name":"wp","href":"https:\/\/api.w.org\/{rel}","templated":true}]}}