
{"id":51802,"date":"2020-08-27T10:02:53","date_gmt":"2020-08-27T08:02:53","guid":{"rendered":"https:\/\/tierpark-bern.ch\/about-us\/ansprechpartner\/"},"modified":"2023-02-07T08:23:33","modified_gmt":"2023-02-07T07:23:33","slug":"contact-person","status":"publish","type":"page","link":"https:\/\/tierpark-bern.ch\/en\/about-us\/contact-person\/","title":{"rendered":"Contact Person"},"content":{"rendered":"<div class=\"wpb-content-wrapper\"><p>[vc_row][vc_column][vc_column_text]<\/p>\n<h1>We are here for you!<\/h1>\n<p>With heart, charm and expertise, the team of the Bern Animal Park gives multifaceted space to the well-being of our animals and the well-being of our guests![\/vc_column_text][\/vc_column][\/vc_row][vc_row][vc_column][vc_column_text el_class=&#8221;partner-box&#8221;]<\/p>\n<div class=\"person-list\"><strong>Director: <span style=\"color: #006558;\">Dr. Friederike von Houwald<\/span><\/strong><\/div>\n<div class=\"person-list\"><strong>Deputy Director and Head of Projects Section: <span style=\"color: #006558;\">J\u00fcrg Hadorn<\/span><\/strong><br \/>\nTeam Projects<\/div>\n<div class=\"person-list\"><strong>Veterinarian: <span style=\"color: #006558;\">Dr. Stefan Hoby<\/span><\/strong><\/div>\n<div class=\"person-list\"><strong>Curator and Co-Head of the Animals Section: <span style=\"color: #006558;\">Meret Huwiler<\/span><\/strong><br \/>\nAnimal Care Team 1<\/div>\n<div class=\"person-list\"><strong>Curator and Co-Head of the Animals Section: <span style=\"color: #006558;\">Dina Gebhardt<\/span><\/strong><br \/>\nAnimal Care Team 2<\/div>\n<div class=\"person-list\"><strong>Head of Communication and Marketing Section: <span style=\"color: #006558;\">Dr. Doris Slezak<\/span><\/strong><br \/>\nCommunication and Marketing Team<\/div>\n<div class=\"person-list\"><strong>Head of Personnel and Finance Section: <span style=\"color: #006558;\">Manuela K\u00fcnzi<\/span><br \/>\n<\/strong>Human Resources &amp; Finance Team and Cashiering Team<\/div>\n<div class=\"person-list\"><strong>Head of Education and Experience Section: <span style=\"color: #006558;\">Cornelia Mainini<\/span><\/strong><br \/>\nEducation and Experience Team<br \/>\nVolunteer Team D\u00e4hlh\u00f6lzli<\/div>\n<div class=\"person-list\"><strong>BearPark Section Leader: <span style=\"color: #006558;\">Peter Schlup<\/span><\/strong><br \/>\nBearPark Volunteer Team<\/div>\n<p>[\/vc_column_text][vc_column_text]<a class=\"button button--primary button--tierpark\" title=\"Organigramm Tierpark Bern\" href=\"https:\/\/tierpark-bern.ch\/web\/app\/uploads\/2020\/07\/Organigramm-Tierpark-Bern-2022.pdf\" target=\"_blank\" rel=\"noopener noreferrer\">The organisation chart (PDF,\u00a0449 KB,\u00a0not accessible)<\/a>[\/vc_column_text][\/vc_column][\/vc_row][vc_row][vc_column][vc_column_text]<section class=\"section no-padding-bottom page-suggestion-container\">\n            <div class=\"container\">\n                <div class=\"row bottom-50\">\n                    <div class=\"col-12\">\n                        <div class=\"heading heading--primary heading--center\">\n                            <h2 class=\"heading__title no-margin-bottom\"><span>More Topics<\/span><\/h2>\n                        <\/div>\n                    <\/div>\n                <\/div>\n                <div class=\"row\"><div class=\"col-md-6 col-xl-4 \">\n                        <div class=\"service-content\" tabindex=\"0\" role=\"link\" onclick=\"suggestionLinkfunction(this);\" data-href=\"https:\/\/tierpark-bern.ch\/en\/about-us\/contact\/\">\n                            <img decoding=\"async\" src=\"https:\/\/tierpark-bern.ch\/web\/app\/uploads\/2020\/07\/tierpark-bern-daehlhoelzli-zoo-323-386x230.jpg\" alt=\"\"\/>\n                                <div class=\"service-desc\">\n                                    <div class=\"vcenter\">\n                                        <div class=\"titel\">Contact<\/div>\n                                    <\/div>\n                                <\/div>\n                        <\/div>\n                    <\/div><div class=\"col-md-6 col-xl-4 \">\n                        <div class=\"service-content\" tabindex=\"0\" role=\"link\" onclick=\"suggestionLinkfunction(this);\" data-href=\"https:\/\/tierpark-bern.ch\/en\/about-us\/history\/\">\n                            <img decoding=\"async\" src=\"https:\/\/tierpark-bern.ch\/web\/app\/uploads\/2020\/07\/historische-bilder-tierpark-bern-waschbaer-386x230.jpg\" alt=\"\"\/>\n                                <div class=\"service-desc\">\n                                    <div class=\"vcenter\">\n                                        <div class=\"titel\">History<\/div>\n                                    <\/div>\n                                <\/div>\n                        <\/div>\n                    <\/div><div class=\"col-md-6 col-xl-4 \">\n                        <div class=\"service-content\" tabindex=\"0\" role=\"link\" onclick=\"suggestionLinkfunction(this);\" data-href=\"https:\/\/tierpark-bern.ch\/en\/about-us\/organisation\/\">\n                            <img decoding=\"async\" src=\"https:\/\/tierpark-bern.ch\/web\/app\/uploads\/2022\/04\/wolf-tierpark-bern-2-2-386x230.jpg\" alt=\"\"\/>\n                                <div class=\"service-desc\">\n                                    <div class=\"vcenter\">\n                                        <div class=\"titel\">Organisation<\/div>\n                                    <\/div>\n                                <\/div>\n                        <\/div>\n                    <\/div><\/div>\n            <\/div>\n        <\/section>[\/vc_column_text][\/vc_column][\/vc_row]<\/p>\n<\/div>","protected":false},"excerpt":{"rendered":"<p>[vc_row][vc_column][vc_column_text] We are here for you! With heart, charm and expertise, the team of the Bern Animal Park gives multifaceted space to the well-being of our animals and the well-being of our guests![\/vc_column_text][\/vc_column][\/vc_row][vc_row][vc_column][vc_column_text el_class=&#8221;partner-box&#8221;] Director: Dr. Friederike von Houwald Deputy Director and Head of Projects Section: J\u00fcrg Hadorn Team Projects Veterinarian: Dr. Stefan Hoby Curator [&hellip;]<\/p>\n","protected":false},"author":1,"featured_media":24343,"parent":51786,"menu_order":0,"comment_status":"closed","ping_status":"closed","template":"","meta":{"_acf_changed":false,"footnotes":""},"class_list":["post-51802","page","type-page","status-publish","has-post-thumbnail","hentry"],"acf":[],"yoast_head":"<title>Contact Person | Tierpark Bern<\/title>\n<meta name=\"description\" content=\"Das Team des Tierpark Bern geben mit Herz, Charme und Expertise dem Wohl unserer Tiere und dem Wohl unserer G\u00e4ste gen\u00fcgend Raum!\" \/>\n<meta name=\"robots\" content=\"index, follow, max-snippet:-1, max-image-preview:large, max-video-preview:-1\" \/>\n<link rel=\"canonical\" href=\"https:\/\/tierpark-bern.ch\/en\/about-us\/contact-person\/\" \/>\n<meta property=\"og:locale\" content=\"en_US\" \/>\n<meta property=\"og:type\" content=\"article\" \/>\n<meta property=\"og:title\" content=\"Contact Person | Tierpark Bern\" \/>\n<meta property=\"og:description\" content=\"Das Team des Tierpark Bern geben mit Herz, Charme und Expertise dem Wohl unserer Tiere und dem Wohl unserer G\u00e4ste gen\u00fcgend Raum!\" \/>\n<meta property=\"og:url\" content=\"https:\/\/tierpark-bern.ch\/en\/about-us\/contact-person\/\" \/>\n<meta property=\"og:site_name\" content=\"Tierpark Bern\" \/>\n<meta property=\"article:publisher\" content=\"https:\/\/www.facebook.com\/tierparkbern\/\" \/>\n<meta property=\"article:modified_time\" content=\"2023-02-07T07:23:33+00:00\" \/>\n<meta property=\"og:image\" content=\"https:\/\/tierpark-bern.ch\/web\/app\/uploads\/2020\/07\/braun-bear.jpg\" \/>\n\t<meta property=\"og:image:width\" content=\"1500\" \/>\n\t<meta property=\"og:image:height\" content=\"998\" \/>\n\t<meta property=\"og:image:type\" content=\"image\/jpeg\" \/>\n<script type=\"application\/ld+json\" class=\"yoast-schema-graph\">{\"@context\":\"https:\/\/schema.org\",\"@graph\":[{\"@type\":\"WebPage\",\"@id\":\"https:\/\/tierpark-bern.ch\/en\/about-us\/contact-person\/\",\"url\":\"https:\/\/tierpark-bern.ch\/en\/about-us\/contact-person\/\",\"name\":\"Contact Person | Tierpark Bern\",\"isPartOf\":{\"@id\":\"https:\/\/tierpark-bern.ch\/en\/#website\"},\"primaryImageOfPage\":{\"@id\":\"https:\/\/tierpark-bern.ch\/en\/about-us\/contact-person\/#primaryimage\"},\"image\":{\"@id\":\"https:\/\/tierpark-bern.ch\/en\/about-us\/contact-person\/#primaryimage\"},\"thumbnailUrl\":\"https:\/\/tierpark-bern.ch\/web\/app\/uploads\/2020\/07\/braun-bear.jpg\",\"datePublished\":\"2020-08-27T08:02:53+00:00\",\"dateModified\":\"2023-02-07T07:23:33+00:00\",\"description\":\"Das Team des Tierpark Bern geben mit Herz, Charme und Expertise dem Wohl unserer Tiere und dem Wohl unserer G\u00e4ste gen\u00fcgend Raum!\",\"breadcrumb\":{\"@id\":\"https:\/\/tierpark-bern.ch\/en\/about-us\/contact-person\/#breadcrumb\"},\"inLanguage\":\"en-US\",\"potentialAction\":[{\"@type\":\"ReadAction\",\"target\":[\"https:\/\/tierpark-bern.ch\/en\/about-us\/contact-person\/\"]}]},{\"@type\":\"ImageObject\",\"inLanguage\":\"en-US\",\"@id\":\"https:\/\/tierpark-bern.ch\/en\/about-us\/contact-person\/#primaryimage\",\"url\":\"https:\/\/tierpark-bern.ch\/web\/app\/uploads\/2020\/07\/braun-bear.jpg\",\"contentUrl\":\"https:\/\/tierpark-bern.ch\/web\/app\/uploads\/2020\/07\/braun-bear.jpg\",\"width\":1500,\"height\":998},{\"@type\":\"BreadcrumbList\",\"@id\":\"https:\/\/tierpark-bern.ch\/en\/about-us\/contact-person\/#breadcrumb\",\"itemListElement\":[{\"@type\":\"ListItem\",\"position\":1,\"name\":\"Home\",\"item\":\"https:\/\/tierpark-bern.ch\/en\/\"},{\"@type\":\"ListItem\",\"position\":2,\"name\":\"About us\",\"item\":\"https:\/\/tierpark-bern.ch\/en\/about-us\/\"},{\"@type\":\"ListItem\",\"position\":3,\"name\":\"Contact Person\"}]},{\"@type\":\"WebSite\",\"@id\":\"https:\/\/tierpark-bern.ch\/en\/#website\",\"url\":\"https:\/\/tierpark-bern.ch\/en\/\",\"name\":\"Tierpark Bern\",\"description\":\"\",\"publisher\":{\"@id\":\"https:\/\/tierpark-bern.ch\/en\/#organization\"},\"potentialAction\":[{\"@type\":\"SearchAction\",\"target\":{\"@type\":\"EntryPoint\",\"urlTemplate\":\"https:\/\/tierpark-bern.ch\/en\/?s={search_term_string}\"},\"query-input\":{\"@type\":\"PropertyValueSpecification\",\"valueRequired\":true,\"valueName\":\"search_term_string\"}}],\"inLanguage\":\"en-US\"},{\"@type\":\"Organization\",\"@id\":\"https:\/\/tierpark-bern.ch\/en\/#organization\",\"name\":\"Tierpark Bern | D\u00e4hlh\u00f6lzli + B\u00e4renPark\",\"alternateName\":\"Tierpark Bern\",\"url\":\"https:\/\/tierpark-bern.ch\/en\/\",\"logo\":{\"@type\":\"ImageObject\",\"inLanguage\":\"en-US\",\"@id\":\"https:\/\/tierpark-bern.ch\/en\/#\/schema\/logo\/image\/\",\"url\":\"https:\/\/tierpark-bern.ch\/web\/app\/uploads\/2024\/04\/tierpark-bern-696x696-1.jpg\",\"contentUrl\":\"https:\/\/tierpark-bern.ch\/web\/app\/uploads\/2024\/04\/tierpark-bern-696x696-1.jpg\",\"width\":696,\"height\":696,\"caption\":\"Tierpark Bern | D\u00e4hlh\u00f6lzli + B\u00e4renPark\"},\"image\":{\"@id\":\"https:\/\/tierpark-bern.ch\/en\/#\/schema\/logo\/image\/\"},\"sameAs\":[\"https:\/\/www.facebook.com\/tierparkbern\/\",\"https:\/\/x.com\/tierparkbern\",\"https:\/\/www.instagram.com\/tierparkbern\/\"]}]}<\/script>","yoast_head_json":{"title":"Contact Person | Tierpark Bern","description":"Das Team des Tierpark Bern geben mit Herz, Charme und Expertise dem Wohl unserer Tiere und dem Wohl unserer G\u00e4ste gen\u00fcgend Raum!","robots":{"index":"index","follow":"follow","max-snippet":"max-snippet:-1","max-image-preview":"max-image-preview:large","max-video-preview":"max-video-preview:-1"},"canonical":"https:\/\/tierpark-bern.ch\/en\/about-us\/contact-person\/","og_locale":"en_US","og_type":"article","og_title":"Contact Person | Tierpark Bern","og_description":"Das Team des Tierpark Bern geben mit Herz, Charme und Expertise dem Wohl unserer Tiere und dem Wohl unserer G\u00e4ste gen\u00fcgend Raum!","og_url":"https:\/\/tierpark-bern.ch\/en\/about-us\/contact-person\/","og_site_name":"Tierpark Bern","article_publisher":"https:\/\/www.facebook.com\/tierparkbern\/","article_modified_time":"2023-02-07T07:23:33+00:00","og_image":[{"width":1500,"height":998,"url":"https:\/\/tierpark-bern.ch\/web\/app\/uploads\/2020\/07\/braun-bear.jpg","type":"image\/jpeg"}],"schema":{"@context":"https:\/\/schema.org","@graph":[{"@type":"WebPage","@id":"https:\/\/tierpark-bern.ch\/en\/about-us\/contact-person\/","url":"https:\/\/tierpark-bern.ch\/en\/about-us\/contact-person\/","name":"Contact Person | Tierpark Bern","isPartOf":{"@id":"https:\/\/tierpark-bern.ch\/en\/#website"},"primaryImageOfPage":{"@id":"https:\/\/tierpark-bern.ch\/en\/about-us\/contact-person\/#primaryimage"},"image":{"@id":"https:\/\/tierpark-bern.ch\/en\/about-us\/contact-person\/#primaryimage"},"thumbnailUrl":"https:\/\/tierpark-bern.ch\/web\/app\/uploads\/2020\/07\/braun-bear.jpg","datePublished":"2020-08-27T08:02:53+00:00","dateModified":"2023-02-07T07:23:33+00:00","description":"Das Team des Tierpark Bern geben mit Herz, Charme und Expertise dem Wohl unserer Tiere und dem Wohl unserer G\u00e4ste gen\u00fcgend Raum!","breadcrumb":{"@id":"https:\/\/tierpark-bern.ch\/en\/about-us\/contact-person\/#breadcrumb"},"inLanguage":"en-US","potentialAction":[{"@type":"ReadAction","target":["https:\/\/tierpark-bern.ch\/en\/about-us\/contact-person\/"]}]},{"@type":"ImageObject","inLanguage":"en-US","@id":"https:\/\/tierpark-bern.ch\/en\/about-us\/contact-person\/#primaryimage","url":"https:\/\/tierpark-bern.ch\/web\/app\/uploads\/2020\/07\/braun-bear.jpg","contentUrl":"https:\/\/tierpark-bern.ch\/web\/app\/uploads\/2020\/07\/braun-bear.jpg","width":1500,"height":998},{"@type":"BreadcrumbList","@id":"https:\/\/tierpark-bern.ch\/en\/about-us\/contact-person\/#breadcrumb","itemListElement":[{"@type":"ListItem","position":1,"name":"Home","item":"https:\/\/tierpark-bern.ch\/en\/"},{"@type":"ListItem","position":2,"name":"About us","item":"https:\/\/tierpark-bern.ch\/en\/about-us\/"},{"@type":"ListItem","position":3,"name":"Contact Person"}]},{"@type":"WebSite","@id":"https:\/\/tierpark-bern.ch\/en\/#website","url":"https:\/\/tierpark-bern.ch\/en\/","name":"Tierpark Bern","description":"","publisher":{"@id":"https:\/\/tierpark-bern.ch\/en\/#organization"},"potentialAction":[{"@type":"SearchAction","target":{"@type":"EntryPoint","urlTemplate":"https:\/\/tierpark-bern.ch\/en\/?s={search_term_string}"},"query-input":{"@type":"PropertyValueSpecification","valueRequired":true,"valueName":"search_term_string"}}],"inLanguage":"en-US"},{"@type":"Organization","@id":"https:\/\/tierpark-bern.ch\/en\/#organization","name":"Tierpark Bern | D\u00e4hlh\u00f6lzli + B\u00e4renPark","alternateName":"Tierpark Bern","url":"https:\/\/tierpark-bern.ch\/en\/","logo":{"@type":"ImageObject","inLanguage":"en-US","@id":"https:\/\/tierpark-bern.ch\/en\/#\/schema\/logo\/image\/","url":"https:\/\/tierpark-bern.ch\/web\/app\/uploads\/2024\/04\/tierpark-bern-696x696-1.jpg","contentUrl":"https:\/\/tierpark-bern.ch\/web\/app\/uploads\/2024\/04\/tierpark-bern-696x696-1.jpg","width":696,"height":696,"caption":"Tierpark Bern | D\u00e4hlh\u00f6lzli + B\u00e4renPark"},"image":{"@id":"https:\/\/tierpark-bern.ch\/en\/#\/schema\/logo\/image\/"},"sameAs":["https:\/\/www.facebook.com\/tierparkbern\/","https:\/\/x.com\/tierparkbern","https:\/\/www.instagram.com\/tierparkbern\/"]}]}},"_links":{"self":[{"href":"https:\/\/tierpark-bern.ch\/en\/wp-json\/wp\/v2\/pages\/51802","targetHints":{"allow":["GET"]}}],"collection":[{"href":"https:\/\/tierpark-bern.ch\/en\/wp-json\/wp\/v2\/pages"}],"about":[{"href":"https:\/\/tierpark-bern.ch\/en\/wp-json\/wp\/v2\/types\/page"}],"author":[{"embeddable":true,"href":"https:\/\/tierpark-bern.ch\/en\/wp-json\/wp\/v2\/users\/1"}],"replies":[{"embeddable":true,"href":"https:\/\/tierpark-bern.ch\/en\/wp-json\/wp\/v2\/comments?post=51802"}],"version-history":[{"count":0,"href":"https:\/\/tierpark-bern.ch\/en\/wp-json\/wp\/v2\/pages\/51802\/revisions"}],"up":[{"embeddable":true,"href":"https:\/\/tierpark-bern.ch\/en\/wp-json\/wp\/v2\/pages\/51786"}],"wp:featuredmedia":[{"embeddable":true,"href":"https:\/\/tierpark-bern.ch\/en\/wp-json\/wp\/v2\/media\/24343"}],"wp:attachment":[{"href":"https:\/\/tierpark-bern.ch\/en\/wp-json\/wp\/v2\/media?parent=51802"}],"curies":[{"name":"wp","href":"https:\/\/api.w.org\/{rel}","templated":true}]}}