
{"id":51805,"date":"2020-08-19T08:31:38","date_gmt":"2020-08-19T06:31:38","guid":{"rendered":"https:\/\/tierpark-bern.ch\/about-us\/jobs-und-ausbildung\/"},"modified":"2023-02-07T08:11:43","modified_gmt":"2023-02-07T07:11:43","slug":"jobs-and-training","status":"publish","type":"page","link":"https:\/\/tierpark-bern.ch\/en\/about-us\/jobs-and-training\/","title":{"rendered":"Jobs and Training"},"content":{"rendered":"<div class=\"wpb-content-wrapper\"><p>[vc_row][vc_column][vc_column_text]<\/p>\n<h1>JOBS AND TRAINING<\/h1>\n<p>The Directorate for Safety, Environment and Energy is committed to safety, protection and assistance, environmental protection, sustainable energy supply and is responsible for building permit procedures as well as for the Bern Animal Park (D\u00e4hlh\u00f6lzli + BearPark). At the zoo, we focus on imparting knowledge about European animals and their habitats.<\/p>\n<p>Equality and integration are important to us. The City of Bern thrives on the diversity of its employees.[\/vc_column_text][\/vc_column][\/vc_row][vc_row][vc_column][vc_column_text]<div class=\"faq-section top-20\">\n                <div class=\"row\">\n                    <div class=\"col-12\"><div class=\"accordion accordion--bordered\">\n                                  <div class=\"accordion__title-block\" role=\"button\">\n                                      <span class=\"accordion__title\">Can I also come to the zoo on Future Day?<\/span>\n                                      <span class=\"accordion__close\"><\/span>\n                                  <\/div>\n                                  <div class=\"accordion__text-block\">\n                                       <p><p>Only the children of employees have the opportunity to spend Future Day at the zoo. <a href=\"https:\/\/www.nationalerzukunftstag.ch\" target=\"_blank\" rel=\"noopener\">Click here for all offers for the National Future Day in Switzerland<\/a><\/p>\n<\/p>\n                                  <\/div>\n                              <\/div><div class=\"accordion accordion--bordered\">\n                                  <div class=\"accordion__title-block\" role=\"button\">\n                                      <span class=\"accordion__title\">Jobs at the Bern Animal Park<\/span>\n                                      <span class=\"accordion__close\"><\/span>\n                                  <\/div>\n                                  <div class=\"accordion__text-block\">\n                                       <p><p>Vacancies are advertised in the Bern Official Gazette and on the City of Bern&#8217;s job portal at www.bern.ch. Send us your application only in response to a job advertisement.<\/p>\n<p><a class=\"button button--tierpark\" href=\"https:\/\/www.bern.ch\/themen\/arbeiten-fuer-die-stadt-bern\/eine-stelle-bei-der-stadt\/stellen\" target=\"_blank\" rel=\"noopener\">Open job portal of the city of Bern<\/a><\/p>\n<\/p>\n                                  <\/div>\n                              <\/div><div class=\"accordion accordion--bordered\">\n                                  <div class=\"accordion__title-block\" role=\"button\">\n                                      <span class=\"accordion__title\">Apprenticeship as an animal keeper\/caretaker<\/span>\n                                      <span class=\"accordion__close\"><\/span>\n                                  <\/div>\n                                  <div class=\"accordion__text-block\">\n                                       <div class=\"wpb-content-wrapper\"><p>[vc_row][vc_column][vc_column_text]Please note: A prerequisite for completing an apprenticeship as an animal keeper at the Bern Animal Park is a successfully completed vocational apprenticeship, preferably in a skilled trade.<\/p>\n<p>Detailed information about the animal keeper profession can be found at <a href=\"https:\/\/www.tierpfleger.ch\" target=\"_blank\" rel=\"noopener\">www.tierpfleger.ch<\/a>[\/vc_column_text][\/vc_column][\/vc_row]<\/p>\n<\/div>\n                                  <\/div>\n                              <\/div><div class=\"accordion accordion--bordered\">\n                                  <div class=\"accordion__title-block\" role=\"button\">\n                                      <span class=\"accordion__title\">Trial apprenticeships<\/span>\n                                      <span class=\"accordion__close\"><\/span>\n                                  <\/div>\n                                  <div class=\"accordion__text-block\">\n                                       <p><p><strong>Note: The trial apprenticeships for 2024 are already fully booked.<\/strong><\/p>\n<p>A trial apprenticeship at Tierpark Bern is possible from the age of 15 and lasts 5 days, from Monday to Friday.<\/p>\n<p>We will accept your application at tierpark-bern@bern.ch.<\/p>\n<p>The trial apprenticeship is free of charge for residents of the city of Bern, otherwise it costs CHF 200.00<\/p>\n<p>For further information, please call Heidi Ott on 031 321 15 13.<\/p>\n<\/p>\n                                  <\/div>\n                              <\/div><div class=\"accordion accordion--bordered\">\n                                  <div class=\"accordion__title-block\" role=\"button\">\n                                      <span class=\"accordion__title\">Internships, temporary and holiday jobs<\/span>\n                                      <span class=\"accordion__close\"><\/span>\n                                  <\/div>\n                                  <div class=\"accordion__text-block\">\n                                       <p><p>The Bern Animal Park does not offer internships, temporary jobs or temporary jobs.<\/p>\n<\/p>\n                                  <\/div>\n                              <\/div><\/div>\n                <\/div>\n            <\/div>[\/vc_column_text][\/vc_column][\/vc_row][vc_row][vc_column][vc_column_text]<section class=\"section no-padding-bottom page-suggestion-container\">\n            <div class=\"container\">\n                <div class=\"row bottom-50\">\n                    <div class=\"col-12\">\n                        <div class=\"heading heading--primary heading--center\">\n                            <h2 class=\"heading__title no-margin-bottom\"><span>More Topics<\/span><\/h2>\n                        <\/div>\n                    <\/div>\n                <\/div>\n                <div class=\"row\"><div class=\"col-md-6 col-xl-4 \">\n                        <div class=\"service-content\" tabindex=\"0\" role=\"link\" onclick=\"suggestionLinkfunction(this);\" data-href=\"https:\/\/tierpark-bern.ch\/en\/about-us\/contact-person\/\">\n                            <img decoding=\"async\" src=\"https:\/\/tierpark-bern.ch\/web\/app\/uploads\/2020\/07\/braun-bear-386x230.jpg\" alt=\"\"\/>\n                                <div class=\"service-desc\">\n                                    <div class=\"vcenter\">\n                                        <div class=\"titel\">Contact Person<\/div>\n                                    <\/div>\n                                <\/div>\n                        <\/div>\n                    <\/div><div class=\"col-md-6 col-xl-4 \">\n                        <div class=\"service-content\" tabindex=\"0\" role=\"link\" onclick=\"suggestionLinkfunction(this);\" data-href=\"https:\/\/tierpark-bern.ch\/en\/about-us\/mission-statement\/\">\n                            <img decoding=\"async\" src=\"https:\/\/tierpark-bern.ch\/web\/app\/uploads\/2020\/07\/Anemonenfisch-2-386x230.jpg\" alt=\"\"\/>\n                                <div class=\"service-desc\">\n                                    <div class=\"vcenter\">\n                                        <div class=\"titel\">Mission statement<\/div>\n                                    <\/div>\n                                <\/div>\n                        <\/div>\n                    <\/div><div class=\"col-md-6 col-xl-4 \">\n                        <div class=\"service-content\" tabindex=\"0\" role=\"link\" onclick=\"suggestionLinkfunction(this);\" data-href=\"https:\/\/tierpark-bern.ch\/en\/about-us\/contact\/\">\n                            <img decoding=\"async\" src=\"https:\/\/tierpark-bern.ch\/web\/app\/uploads\/2020\/07\/tierpark-bern-daehlhoelzli-zoo-323-386x230.jpg\" alt=\"\"\/>\n                                <div class=\"service-desc\">\n                                    <div class=\"vcenter\">\n                                        <div class=\"titel\">Contact<\/div>\n                                    <\/div>\n                                <\/div>\n                        <\/div>\n                    <\/div><\/div>\n            <\/div>\n        <\/section>[\/vc_column_text][\/vc_column][\/vc_row]<\/p>\n<\/div>","protected":false},"excerpt":{"rendered":"<p>At the Bern Zoo, we focus on imparting knowledge about European animals and their habitats. Find out more now!<\/p>\n","protected":false},"author":1,"featured_media":22469,"parent":51786,"menu_order":0,"comment_status":"closed","ping_status":"closed","template":"","meta":{"_acf_changed":false,"footnotes":""},"class_list":["post-51805","page","type-page","status-publish","has-post-thumbnail","hentry"],"acf":[],"yoast_head":"<title>Jobs and Training | Tierpark Bern<\/title>\n<meta name=\"description\" content=\"Im Tierpark Bern vermitteln wir schwerpunktm\u00e4ssig Wissen \u00fcber europ\u00e4ische Tiere und deren Lebensr\u00e4ume. Jetzt informieren!\" \/>\n<meta name=\"robots\" content=\"index, follow, max-snippet:-1, max-image-preview:large, max-video-preview:-1\" \/>\n<link rel=\"canonical\" href=\"https:\/\/tierpark-bern.ch\/en\/about-us\/jobs-and-training\/\" \/>\n<meta property=\"og:locale\" content=\"en_US\" \/>\n<meta property=\"og:type\" content=\"article\" \/>\n<meta property=\"og:title\" content=\"Jobs and Training | Tierpark Bern\" \/>\n<meta property=\"og:description\" content=\"Im Tierpark Bern vermitteln wir schwerpunktm\u00e4ssig Wissen \u00fcber europ\u00e4ische Tiere und deren Lebensr\u00e4ume. Jetzt informieren!\" \/>\n<meta property=\"og:url\" content=\"https:\/\/tierpark-bern.ch\/en\/about-us\/jobs-and-training\/\" \/>\n<meta property=\"og:site_name\" content=\"Tierpark Bern\" \/>\n<meta property=\"article:publisher\" content=\"https:\/\/www.facebook.com\/tierparkbern\/\" \/>\n<meta property=\"article:modified_time\" content=\"2023-02-07T07:11:43+00:00\" \/>\n<meta property=\"og:image\" content=\"https:\/\/tierpark-bern.ch\/web\/app\/uploads\/2022\/02\/baerenwald-tierpark-bern-91.jpg\" \/>\n\t<meta property=\"og:image:width\" content=\"1500\" \/>\n\t<meta property=\"og:image:height\" content=\"998\" \/>\n\t<meta property=\"og:image:type\" content=\"image\/jpeg\" \/>\n<script type=\"application\/ld+json\" class=\"yoast-schema-graph\">{\"@context\":\"https:\/\/schema.org\",\"@graph\":[{\"@type\":\"WebPage\",\"@id\":\"https:\/\/tierpark-bern.ch\/en\/about-us\/jobs-and-training\/\",\"url\":\"https:\/\/tierpark-bern.ch\/en\/about-us\/jobs-and-training\/\",\"name\":\"Jobs and Training | Tierpark Bern\",\"isPartOf\":{\"@id\":\"https:\/\/tierpark-bern.ch\/en\/#website\"},\"primaryImageOfPage\":{\"@id\":\"https:\/\/tierpark-bern.ch\/en\/about-us\/jobs-and-training\/#primaryimage\"},\"image\":{\"@id\":\"https:\/\/tierpark-bern.ch\/en\/about-us\/jobs-and-training\/#primaryimage\"},\"thumbnailUrl\":\"https:\/\/tierpark-bern.ch\/web\/app\/uploads\/2022\/02\/baerenwald-tierpark-bern-91.jpg\",\"datePublished\":\"2020-08-19T06:31:38+00:00\",\"dateModified\":\"2023-02-07T07:11:43+00:00\",\"description\":\"Im Tierpark Bern vermitteln wir schwerpunktm\u00e4ssig Wissen \u00fcber europ\u00e4ische Tiere und deren Lebensr\u00e4ume. Jetzt informieren!\",\"breadcrumb\":{\"@id\":\"https:\/\/tierpark-bern.ch\/en\/about-us\/jobs-and-training\/#breadcrumb\"},\"inLanguage\":\"en-US\",\"potentialAction\":[{\"@type\":\"ReadAction\",\"target\":[\"https:\/\/tierpark-bern.ch\/en\/about-us\/jobs-and-training\/\"]}]},{\"@type\":\"ImageObject\",\"inLanguage\":\"en-US\",\"@id\":\"https:\/\/tierpark-bern.ch\/en\/about-us\/jobs-and-training\/#primaryimage\",\"url\":\"https:\/\/tierpark-bern.ch\/web\/app\/uploads\/2022\/02\/baerenwald-tierpark-bern-91.jpg\",\"contentUrl\":\"https:\/\/tierpark-bern.ch\/web\/app\/uploads\/2022\/02\/baerenwald-tierpark-bern-91.jpg\",\"width\":1500,\"height\":998},{\"@type\":\"BreadcrumbList\",\"@id\":\"https:\/\/tierpark-bern.ch\/en\/about-us\/jobs-and-training\/#breadcrumb\",\"itemListElement\":[{\"@type\":\"ListItem\",\"position\":1,\"name\":\"Home\",\"item\":\"https:\/\/tierpark-bern.ch\/en\/\"},{\"@type\":\"ListItem\",\"position\":2,\"name\":\"About us\",\"item\":\"https:\/\/tierpark-bern.ch\/en\/about-us\/\"},{\"@type\":\"ListItem\",\"position\":3,\"name\":\"Jobs and Training\"}]},{\"@type\":\"WebSite\",\"@id\":\"https:\/\/tierpark-bern.ch\/en\/#website\",\"url\":\"https:\/\/tierpark-bern.ch\/en\/\",\"name\":\"Tierpark Bern\",\"description\":\"\",\"publisher\":{\"@id\":\"https:\/\/tierpark-bern.ch\/en\/#organization\"},\"potentialAction\":[{\"@type\":\"SearchAction\",\"target\":{\"@type\":\"EntryPoint\",\"urlTemplate\":\"https:\/\/tierpark-bern.ch\/en\/?s={search_term_string}\"},\"query-input\":{\"@type\":\"PropertyValueSpecification\",\"valueRequired\":true,\"valueName\":\"search_term_string\"}}],\"inLanguage\":\"en-US\"},{\"@type\":\"Organization\",\"@id\":\"https:\/\/tierpark-bern.ch\/en\/#organization\",\"name\":\"Tierpark Bern | D\u00e4hlh\u00f6lzli + B\u00e4renPark\",\"alternateName\":\"Tierpark Bern\",\"url\":\"https:\/\/tierpark-bern.ch\/en\/\",\"logo\":{\"@type\":\"ImageObject\",\"inLanguage\":\"en-US\",\"@id\":\"https:\/\/tierpark-bern.ch\/en\/#\/schema\/logo\/image\/\",\"url\":\"https:\/\/tierpark-bern.ch\/web\/app\/uploads\/2024\/04\/tierpark-bern-696x696-1.jpg\",\"contentUrl\":\"https:\/\/tierpark-bern.ch\/web\/app\/uploads\/2024\/04\/tierpark-bern-696x696-1.jpg\",\"width\":696,\"height\":696,\"caption\":\"Tierpark Bern | D\u00e4hlh\u00f6lzli + B\u00e4renPark\"},\"image\":{\"@id\":\"https:\/\/tierpark-bern.ch\/en\/#\/schema\/logo\/image\/\"},\"sameAs\":[\"https:\/\/www.facebook.com\/tierparkbern\/\",\"https:\/\/x.com\/tierparkbern\",\"https:\/\/www.instagram.com\/tierparkbern\/\"]}]}<\/script>","yoast_head_json":{"title":"Jobs and Training | Tierpark Bern","description":"Im Tierpark Bern vermitteln wir schwerpunktm\u00e4ssig Wissen \u00fcber europ\u00e4ische Tiere und deren Lebensr\u00e4ume. Jetzt informieren!","robots":{"index":"index","follow":"follow","max-snippet":"max-snippet:-1","max-image-preview":"max-image-preview:large","max-video-preview":"max-video-preview:-1"},"canonical":"https:\/\/tierpark-bern.ch\/en\/about-us\/jobs-and-training\/","og_locale":"en_US","og_type":"article","og_title":"Jobs and Training | Tierpark Bern","og_description":"Im Tierpark Bern vermitteln wir schwerpunktm\u00e4ssig Wissen \u00fcber europ\u00e4ische Tiere und deren Lebensr\u00e4ume. Jetzt informieren!","og_url":"https:\/\/tierpark-bern.ch\/en\/about-us\/jobs-and-training\/","og_site_name":"Tierpark Bern","article_publisher":"https:\/\/www.facebook.com\/tierparkbern\/","article_modified_time":"2023-02-07T07:11:43+00:00","og_image":[{"width":1500,"height":998,"url":"https:\/\/tierpark-bern.ch\/web\/app\/uploads\/2022\/02\/baerenwald-tierpark-bern-91.jpg","type":"image\/jpeg"}],"schema":{"@context":"https:\/\/schema.org","@graph":[{"@type":"WebPage","@id":"https:\/\/tierpark-bern.ch\/en\/about-us\/jobs-and-training\/","url":"https:\/\/tierpark-bern.ch\/en\/about-us\/jobs-and-training\/","name":"Jobs and Training | Tierpark Bern","isPartOf":{"@id":"https:\/\/tierpark-bern.ch\/en\/#website"},"primaryImageOfPage":{"@id":"https:\/\/tierpark-bern.ch\/en\/about-us\/jobs-and-training\/#primaryimage"},"image":{"@id":"https:\/\/tierpark-bern.ch\/en\/about-us\/jobs-and-training\/#primaryimage"},"thumbnailUrl":"https:\/\/tierpark-bern.ch\/web\/app\/uploads\/2022\/02\/baerenwald-tierpark-bern-91.jpg","datePublished":"2020-08-19T06:31:38+00:00","dateModified":"2023-02-07T07:11:43+00:00","description":"Im Tierpark Bern vermitteln wir schwerpunktm\u00e4ssig Wissen \u00fcber europ\u00e4ische Tiere und deren Lebensr\u00e4ume. Jetzt informieren!","breadcrumb":{"@id":"https:\/\/tierpark-bern.ch\/en\/about-us\/jobs-and-training\/#breadcrumb"},"inLanguage":"en-US","potentialAction":[{"@type":"ReadAction","target":["https:\/\/tierpark-bern.ch\/en\/about-us\/jobs-and-training\/"]}]},{"@type":"ImageObject","inLanguage":"en-US","@id":"https:\/\/tierpark-bern.ch\/en\/about-us\/jobs-and-training\/#primaryimage","url":"https:\/\/tierpark-bern.ch\/web\/app\/uploads\/2022\/02\/baerenwald-tierpark-bern-91.jpg","contentUrl":"https:\/\/tierpark-bern.ch\/web\/app\/uploads\/2022\/02\/baerenwald-tierpark-bern-91.jpg","width":1500,"height":998},{"@type":"BreadcrumbList","@id":"https:\/\/tierpark-bern.ch\/en\/about-us\/jobs-and-training\/#breadcrumb","itemListElement":[{"@type":"ListItem","position":1,"name":"Home","item":"https:\/\/tierpark-bern.ch\/en\/"},{"@type":"ListItem","position":2,"name":"About us","item":"https:\/\/tierpark-bern.ch\/en\/about-us\/"},{"@type":"ListItem","position":3,"name":"Jobs and Training"}]},{"@type":"WebSite","@id":"https:\/\/tierpark-bern.ch\/en\/#website","url":"https:\/\/tierpark-bern.ch\/en\/","name":"Tierpark Bern","description":"","publisher":{"@id":"https:\/\/tierpark-bern.ch\/en\/#organization"},"potentialAction":[{"@type":"SearchAction","target":{"@type":"EntryPoint","urlTemplate":"https:\/\/tierpark-bern.ch\/en\/?s={search_term_string}"},"query-input":{"@type":"PropertyValueSpecification","valueRequired":true,"valueName":"search_term_string"}}],"inLanguage":"en-US"},{"@type":"Organization","@id":"https:\/\/tierpark-bern.ch\/en\/#organization","name":"Tierpark Bern | D\u00e4hlh\u00f6lzli + B\u00e4renPark","alternateName":"Tierpark Bern","url":"https:\/\/tierpark-bern.ch\/en\/","logo":{"@type":"ImageObject","inLanguage":"en-US","@id":"https:\/\/tierpark-bern.ch\/en\/#\/schema\/logo\/image\/","url":"https:\/\/tierpark-bern.ch\/web\/app\/uploads\/2024\/04\/tierpark-bern-696x696-1.jpg","contentUrl":"https:\/\/tierpark-bern.ch\/web\/app\/uploads\/2024\/04\/tierpark-bern-696x696-1.jpg","width":696,"height":696,"caption":"Tierpark Bern | D\u00e4hlh\u00f6lzli + B\u00e4renPark"},"image":{"@id":"https:\/\/tierpark-bern.ch\/en\/#\/schema\/logo\/image\/"},"sameAs":["https:\/\/www.facebook.com\/tierparkbern\/","https:\/\/x.com\/tierparkbern","https:\/\/www.instagram.com\/tierparkbern\/"]}]}},"_links":{"self":[{"href":"https:\/\/tierpark-bern.ch\/en\/wp-json\/wp\/v2\/pages\/51805","targetHints":{"allow":["GET"]}}],"collection":[{"href":"https:\/\/tierpark-bern.ch\/en\/wp-json\/wp\/v2\/pages"}],"about":[{"href":"https:\/\/tierpark-bern.ch\/en\/wp-json\/wp\/v2\/types\/page"}],"author":[{"embeddable":true,"href":"https:\/\/tierpark-bern.ch\/en\/wp-json\/wp\/v2\/users\/1"}],"replies":[{"embeddable":true,"href":"https:\/\/tierpark-bern.ch\/en\/wp-json\/wp\/v2\/comments?post=51805"}],"version-history":[{"count":0,"href":"https:\/\/tierpark-bern.ch\/en\/wp-json\/wp\/v2\/pages\/51805\/revisions"}],"up":[{"embeddable":true,"href":"https:\/\/tierpark-bern.ch\/en\/wp-json\/wp\/v2\/pages\/51786"}],"wp:featuredmedia":[{"embeddable":true,"href":"https:\/\/tierpark-bern.ch\/en\/wp-json\/wp\/v2\/media\/22469"}],"wp:attachment":[{"href":"https:\/\/tierpark-bern.ch\/en\/wp-json\/wp\/v2\/media?parent=51805"}],"curies":[{"name":"wp","href":"https:\/\/api.w.org\/{rel}","templated":true}]}}