
{"id":51809,"date":"2020-08-18T14:43:46","date_gmt":"2020-08-18T12:43:46","guid":{"rendered":"https:\/\/tierpark-bern.ch\/about-us\/our-commitment\/dreamnight\/"},"modified":"2024-02-12T07:03:47","modified_gmt":"2024-02-12T06:03:47","slug":"dreamnight","status":"publish","type":"page","link":"https:\/\/tierpark-bern.ch\/en\/about-us\/our-commitment\/dreamnight\/","title":{"rendered":"Dreamnight"},"content":{"rendered":"<div class=\"wpb-content-wrapper\"><p>[vc_row][vc_column][vc_column_text]<\/p>\n<h1>Dreamnight<\/h1>\n<p><strong>The idea, which began in Rotterdam Zoo in 1996 as &#8220;Dreamnight at the Zoo&#8221; for 175 children with cancer, has since spread all over the world. Today, almost 300 zoos, spread over all five continents, participate in the project and welcome more than a quarter of a million children each time.<\/strong><\/p>\n<p>The first Friday evening in June is also a special evening at the Bern Animal Park. Every year, this evening is reserved exclusively for disabled and chronically ill children, their siblings and parents.<\/p>\n<p>Especially for this evening, a programme tailored to the needs of the invited families is organised and carried out by the staff of the Education and Experience Section. An unforgettable evening for both the hosts and the guests. Numerous feedbacks show that the families particularly appreciate not being conspicuous with their child for once, but being able to discover the zoo animal world among like-minded people.<\/p>\n<p>Participation in the Dreamnight is by invitation only. If you have any questions, please contact Cornelia Mainini, Head of Education and Experience Section (Tel. +41 31 321 15 26).[\/vc_column_text][\/vc_column][\/vc_row][vc_row][vc_column][vc_column_text]<a class=\"button button--tierpark\" href=\"https:\/\/tierpark-bern.ch\/en\/event\/dreamnight\/\">More about the Dreamnight<\/a>[\/vc_column_text][\/vc_column][\/vc_row][vc_row][vc_column width=&#8221;1\/2&#8243;][vc_single_image image=&#8221;16933&#8243; img_size=&#8221;full&#8221; el_class=&#8221;article-image&#8221;][\/vc_column][vc_column width=&#8221;1\/2&#8243;][vc_single_image image=&#8221;25839&#8243; img_size=&#8221;full&#8221; el_class=&#8221;article-image&#8221;][\/vc_column][\/vc_row]<\/p>\n<\/div>","protected":false},"excerpt":{"rendered":"<p>Almost 300 zoos, spread over all five continents, participate in the project today and welcome more than a quarter of a million children each time.<\/p>\n","protected":false},"author":1,"featured_media":16933,"parent":51795,"menu_order":0,"comment_status":"closed","ping_status":"closed","template":"","meta":{"_acf_changed":false,"footnotes":""},"class_list":["post-51809","page","type-page","status-publish","has-post-thumbnail","hentry"],"acf":[],"yoast_head":"<title>Dreamnight | Tierpark Bern<\/title>\n<meta name=\"description\" content=\"Knapp 300 Zoos, verteilt auf alle f\u00fcnf Kontinente, beteiligen sich heute am Projekt und begr\u00fcssen jeweils \u00fcber eine Viertelmillion Kinder.\" \/>\n<meta name=\"robots\" content=\"index, follow, max-snippet:-1, max-image-preview:large, max-video-preview:-1\" \/>\n<link rel=\"canonical\" href=\"https:\/\/tierpark-bern.ch\/en\/about-us\/our-commitment\/dreamnight\/\" \/>\n<meta property=\"og:locale\" content=\"en_US\" \/>\n<meta property=\"og:type\" content=\"article\" \/>\n<meta property=\"og:title\" content=\"Dreamnight | Tierpark Bern\" \/>\n<meta property=\"og:description\" content=\"Knapp 300 Zoos, verteilt auf alle f\u00fcnf Kontinente, beteiligen sich heute am Projekt und begr\u00fcssen jeweils \u00fcber eine Viertelmillion Kinder.\" \/>\n<meta property=\"og:url\" content=\"https:\/\/tierpark-bern.ch\/en\/about-us\/our-commitment\/dreamnight\/\" \/>\n<meta property=\"og:site_name\" content=\"Tierpark Bern\" \/>\n<meta property=\"article:publisher\" content=\"https:\/\/www.facebook.com\/tierparkbern\/\" \/>\n<meta property=\"article:modified_time\" content=\"2024-02-12T06:03:47+00:00\" \/>\n<meta property=\"og:image\" content=\"https:\/\/tierpark-bern.ch\/web\/app\/uploads\/2021\/12\/dreamnight-tierpark-bern.jpeg\" \/>\n\t<meta property=\"og:image:width\" content=\"1280\" \/>\n\t<meta property=\"og:image:height\" content=\"853\" \/>\n\t<meta property=\"og:image:type\" content=\"image\/jpeg\" \/>\n<script type=\"application\/ld+json\" class=\"yoast-schema-graph\">{\"@context\":\"https:\/\/schema.org\",\"@graph\":[{\"@type\":\"WebPage\",\"@id\":\"https:\/\/tierpark-bern.ch\/en\/about-us\/our-commitment\/dreamnight\/\",\"url\":\"https:\/\/tierpark-bern.ch\/en\/about-us\/our-commitment\/dreamnight\/\",\"name\":\"Dreamnight | Tierpark Bern\",\"isPartOf\":{\"@id\":\"https:\/\/tierpark-bern.ch\/en\/#website\"},\"primaryImageOfPage\":{\"@id\":\"https:\/\/tierpark-bern.ch\/en\/about-us\/our-commitment\/dreamnight\/#primaryimage\"},\"image\":{\"@id\":\"https:\/\/tierpark-bern.ch\/en\/about-us\/our-commitment\/dreamnight\/#primaryimage\"},\"thumbnailUrl\":\"https:\/\/tierpark-bern.ch\/web\/app\/uploads\/2021\/12\/dreamnight-tierpark-bern.jpeg\",\"datePublished\":\"2020-08-18T12:43:46+00:00\",\"dateModified\":\"2024-02-12T06:03:47+00:00\",\"description\":\"Knapp 300 Zoos, verteilt auf alle f\u00fcnf Kontinente, beteiligen sich heute am Projekt und begr\u00fcssen jeweils \u00fcber eine Viertelmillion Kinder.\",\"breadcrumb\":{\"@id\":\"https:\/\/tierpark-bern.ch\/en\/about-us\/our-commitment\/dreamnight\/#breadcrumb\"},\"inLanguage\":\"en-US\",\"potentialAction\":[{\"@type\":\"ReadAction\",\"target\":[\"https:\/\/tierpark-bern.ch\/en\/about-us\/our-commitment\/dreamnight\/\"]}]},{\"@type\":\"ImageObject\",\"inLanguage\":\"en-US\",\"@id\":\"https:\/\/tierpark-bern.ch\/en\/about-us\/our-commitment\/dreamnight\/#primaryimage\",\"url\":\"https:\/\/tierpark-bern.ch\/web\/app\/uploads\/2021\/12\/dreamnight-tierpark-bern.jpeg\",\"contentUrl\":\"https:\/\/tierpark-bern.ch\/web\/app\/uploads\/2021\/12\/dreamnight-tierpark-bern.jpeg\",\"width\":1280,\"height\":853},{\"@type\":\"BreadcrumbList\",\"@id\":\"https:\/\/tierpark-bern.ch\/en\/about-us\/our-commitment\/dreamnight\/#breadcrumb\",\"itemListElement\":[{\"@type\":\"ListItem\",\"position\":1,\"name\":\"Home\",\"item\":\"https:\/\/tierpark-bern.ch\/en\/\"},{\"@type\":\"ListItem\",\"position\":2,\"name\":\"About us\",\"item\":\"https:\/\/tierpark-bern.ch\/en\/about-us\/\"},{\"@type\":\"ListItem\",\"position\":3,\"name\":\"Our commitment\",\"item\":\"https:\/\/tierpark-bern.ch\/en\/about-us\/our-commitment\/\"},{\"@type\":\"ListItem\",\"position\":4,\"name\":\"Dreamnight\"}]},{\"@type\":\"WebSite\",\"@id\":\"https:\/\/tierpark-bern.ch\/en\/#website\",\"url\":\"https:\/\/tierpark-bern.ch\/en\/\",\"name\":\"Tierpark Bern\",\"description\":\"\",\"publisher\":{\"@id\":\"https:\/\/tierpark-bern.ch\/en\/#organization\"},\"potentialAction\":[{\"@type\":\"SearchAction\",\"target\":{\"@type\":\"EntryPoint\",\"urlTemplate\":\"https:\/\/tierpark-bern.ch\/en\/?s={search_term_string}\"},\"query-input\":{\"@type\":\"PropertyValueSpecification\",\"valueRequired\":true,\"valueName\":\"search_term_string\"}}],\"inLanguage\":\"en-US\"},{\"@type\":\"Organization\",\"@id\":\"https:\/\/tierpark-bern.ch\/en\/#organization\",\"name\":\"Tierpark Bern | D\u00e4hlh\u00f6lzli + B\u00e4renPark\",\"alternateName\":\"Tierpark Bern\",\"url\":\"https:\/\/tierpark-bern.ch\/en\/\",\"logo\":{\"@type\":\"ImageObject\",\"inLanguage\":\"en-US\",\"@id\":\"https:\/\/tierpark-bern.ch\/en\/#\/schema\/logo\/image\/\",\"url\":\"https:\/\/tierpark-bern.ch\/web\/app\/uploads\/2024\/04\/tierpark-bern-696x696-1.jpg\",\"contentUrl\":\"https:\/\/tierpark-bern.ch\/web\/app\/uploads\/2024\/04\/tierpark-bern-696x696-1.jpg\",\"width\":696,\"height\":696,\"caption\":\"Tierpark Bern | D\u00e4hlh\u00f6lzli + B\u00e4renPark\"},\"image\":{\"@id\":\"https:\/\/tierpark-bern.ch\/en\/#\/schema\/logo\/image\/\"},\"sameAs\":[\"https:\/\/www.facebook.com\/tierparkbern\/\",\"https:\/\/x.com\/tierparkbern\",\"https:\/\/www.instagram.com\/tierparkbern\/\"]}]}<\/script>","yoast_head_json":{"title":"Dreamnight | Tierpark Bern","description":"Knapp 300 Zoos, verteilt auf alle f\u00fcnf Kontinente, beteiligen sich heute am Projekt und begr\u00fcssen jeweils \u00fcber eine Viertelmillion Kinder.","robots":{"index":"index","follow":"follow","max-snippet":"max-snippet:-1","max-image-preview":"max-image-preview:large","max-video-preview":"max-video-preview:-1"},"canonical":"https:\/\/tierpark-bern.ch\/en\/about-us\/our-commitment\/dreamnight\/","og_locale":"en_US","og_type":"article","og_title":"Dreamnight | Tierpark Bern","og_description":"Knapp 300 Zoos, verteilt auf alle f\u00fcnf Kontinente, beteiligen sich heute am Projekt und begr\u00fcssen jeweils \u00fcber eine Viertelmillion Kinder.","og_url":"https:\/\/tierpark-bern.ch\/en\/about-us\/our-commitment\/dreamnight\/","og_site_name":"Tierpark Bern","article_publisher":"https:\/\/www.facebook.com\/tierparkbern\/","article_modified_time":"2024-02-12T06:03:47+00:00","og_image":[{"width":1280,"height":853,"url":"https:\/\/tierpark-bern.ch\/web\/app\/uploads\/2021\/12\/dreamnight-tierpark-bern.jpeg","type":"image\/jpeg"}],"schema":{"@context":"https:\/\/schema.org","@graph":[{"@type":"WebPage","@id":"https:\/\/tierpark-bern.ch\/en\/about-us\/our-commitment\/dreamnight\/","url":"https:\/\/tierpark-bern.ch\/en\/about-us\/our-commitment\/dreamnight\/","name":"Dreamnight | Tierpark Bern","isPartOf":{"@id":"https:\/\/tierpark-bern.ch\/en\/#website"},"primaryImageOfPage":{"@id":"https:\/\/tierpark-bern.ch\/en\/about-us\/our-commitment\/dreamnight\/#primaryimage"},"image":{"@id":"https:\/\/tierpark-bern.ch\/en\/about-us\/our-commitment\/dreamnight\/#primaryimage"},"thumbnailUrl":"https:\/\/tierpark-bern.ch\/web\/app\/uploads\/2021\/12\/dreamnight-tierpark-bern.jpeg","datePublished":"2020-08-18T12:43:46+00:00","dateModified":"2024-02-12T06:03:47+00:00","description":"Knapp 300 Zoos, verteilt auf alle f\u00fcnf Kontinente, beteiligen sich heute am Projekt und begr\u00fcssen jeweils \u00fcber eine Viertelmillion Kinder.","breadcrumb":{"@id":"https:\/\/tierpark-bern.ch\/en\/about-us\/our-commitment\/dreamnight\/#breadcrumb"},"inLanguage":"en-US","potentialAction":[{"@type":"ReadAction","target":["https:\/\/tierpark-bern.ch\/en\/about-us\/our-commitment\/dreamnight\/"]}]},{"@type":"ImageObject","inLanguage":"en-US","@id":"https:\/\/tierpark-bern.ch\/en\/about-us\/our-commitment\/dreamnight\/#primaryimage","url":"https:\/\/tierpark-bern.ch\/web\/app\/uploads\/2021\/12\/dreamnight-tierpark-bern.jpeg","contentUrl":"https:\/\/tierpark-bern.ch\/web\/app\/uploads\/2021\/12\/dreamnight-tierpark-bern.jpeg","width":1280,"height":853},{"@type":"BreadcrumbList","@id":"https:\/\/tierpark-bern.ch\/en\/about-us\/our-commitment\/dreamnight\/#breadcrumb","itemListElement":[{"@type":"ListItem","position":1,"name":"Home","item":"https:\/\/tierpark-bern.ch\/en\/"},{"@type":"ListItem","position":2,"name":"About us","item":"https:\/\/tierpark-bern.ch\/en\/about-us\/"},{"@type":"ListItem","position":3,"name":"Our commitment","item":"https:\/\/tierpark-bern.ch\/en\/about-us\/our-commitment\/"},{"@type":"ListItem","position":4,"name":"Dreamnight"}]},{"@type":"WebSite","@id":"https:\/\/tierpark-bern.ch\/en\/#website","url":"https:\/\/tierpark-bern.ch\/en\/","name":"Tierpark Bern","description":"","publisher":{"@id":"https:\/\/tierpark-bern.ch\/en\/#organization"},"potentialAction":[{"@type":"SearchAction","target":{"@type":"EntryPoint","urlTemplate":"https:\/\/tierpark-bern.ch\/en\/?s={search_term_string}"},"query-input":{"@type":"PropertyValueSpecification","valueRequired":true,"valueName":"search_term_string"}}],"inLanguage":"en-US"},{"@type":"Organization","@id":"https:\/\/tierpark-bern.ch\/en\/#organization","name":"Tierpark Bern | D\u00e4hlh\u00f6lzli + B\u00e4renPark","alternateName":"Tierpark Bern","url":"https:\/\/tierpark-bern.ch\/en\/","logo":{"@type":"ImageObject","inLanguage":"en-US","@id":"https:\/\/tierpark-bern.ch\/en\/#\/schema\/logo\/image\/","url":"https:\/\/tierpark-bern.ch\/web\/app\/uploads\/2024\/04\/tierpark-bern-696x696-1.jpg","contentUrl":"https:\/\/tierpark-bern.ch\/web\/app\/uploads\/2024\/04\/tierpark-bern-696x696-1.jpg","width":696,"height":696,"caption":"Tierpark Bern | D\u00e4hlh\u00f6lzli + B\u00e4renPark"},"image":{"@id":"https:\/\/tierpark-bern.ch\/en\/#\/schema\/logo\/image\/"},"sameAs":["https:\/\/www.facebook.com\/tierparkbern\/","https:\/\/x.com\/tierparkbern","https:\/\/www.instagram.com\/tierparkbern\/"]}]}},"_links":{"self":[{"href":"https:\/\/tierpark-bern.ch\/en\/wp-json\/wp\/v2\/pages\/51809","targetHints":{"allow":["GET"]}}],"collection":[{"href":"https:\/\/tierpark-bern.ch\/en\/wp-json\/wp\/v2\/pages"}],"about":[{"href":"https:\/\/tierpark-bern.ch\/en\/wp-json\/wp\/v2\/types\/page"}],"author":[{"embeddable":true,"href":"https:\/\/tierpark-bern.ch\/en\/wp-json\/wp\/v2\/users\/1"}],"replies":[{"embeddable":true,"href":"https:\/\/tierpark-bern.ch\/en\/wp-json\/wp\/v2\/comments?post=51809"}],"version-history":[{"count":0,"href":"https:\/\/tierpark-bern.ch\/en\/wp-json\/wp\/v2\/pages\/51809\/revisions"}],"up":[{"embeddable":true,"href":"https:\/\/tierpark-bern.ch\/en\/wp-json\/wp\/v2\/pages\/51795"}],"wp:featuredmedia":[{"embeddable":true,"href":"https:\/\/tierpark-bern.ch\/en\/wp-json\/wp\/v2\/media\/16933"}],"wp:attachment":[{"href":"https:\/\/tierpark-bern.ch\/en\/wp-json\/wp\/v2\/media?parent=51809"}],"curies":[{"name":"wp","href":"https:\/\/api.w.org\/{rel}","templated":true}]}}