
{"id":51823,"date":"2021-08-15T23:20:11","date_gmt":"2021-08-15T21:20:11","guid":{"rendered":"https:\/\/tierpark-bern.ch\/nature-conservation-animals\/naturschutz\/"},"modified":"2023-02-20T18:02:33","modified_gmt":"2023-02-20T17:02:33","slug":"nature-conservation","status":"publish","type":"page","link":"https:\/\/tierpark-bern.ch\/en\/animals\/nature-conservation\/","title":{"rendered":"Nature conservation"},"content":{"rendered":"<div class=\"wpb-content-wrapper\"><p>[vc_row][vc_column][vc_column_text]<\/p>\n<h1>Nature conservation<\/h1>\n<p>Domestic biodiversity is decreasing drastically, Switzerland is losing a lot of species at the moment. The zoo wants to create more space for animals in nature and is thus committed to more biodiversity. The Bern Animal Park is located in the middle of nature and already includes various near-natural habitats. In the future, these habitats will be promoted in the zoo and more will be created &#8211; leading to more diversity in and around the zoo and increasing biodiversity in the urban region of Bern.\u00a0Content only available in German.[\/vc_column_text][\/vc_column][\/vc_row][vc_row][vc_column][vc_column_text]<section class=\"section no-padding-top no-padding-bottom\">\n                        <div class=\"wild-news naturschutz-news\">\n                            <div class=\"row-list col-container\"> <div class=\"list-item\">\n                         <div class=\"wild-news-section\" data-href=\"https:\/\/tierpark-bern.ch\/en\/news\/berner-kaeferprojekt\/\">\n                             <p><img decoding=\"async\" class=\"wild-news__img\" src=\" https:\/\/tierpark-bern.ch\/web\/app\/uploads\/2023\/06\/nashornkaefer_T4A7064-min-630x419.jpg\" alt=\"Nahaufnahme eines Nashornk\u00e4fers\"><\/p>\n                             <div class=\"card card-info background--tiere\">\n                                  <div class=\"card-body\">\n                                      <div class=\"d-flex flex-column h-100\">\n                                          <p class=\"card-title mb-3\">\u00abNash\u00f6rner\u00bb in Bern ausgewildert<\/p>\n                                          <p class=\"mb-0\">Das weltweit beobachtete Insektensterben ist ein grosses und besorgniserregendes Ph\u00e4nomen. F\u00fcr diesen R\u00fcckgang gibt es viele Gr\u00fcnde.<\/p>\n                                      <\/div>\n                                  <\/div>\n                                  <div class=\"card-footer\"><a class=\"button button-wild-news tiere-item__link\" aria-label=\"More about \u00abNash\u00f6rner\u00bb in Bern ausgewildert\" href=\"https:\/\/tierpark-bern.ch\/en\/news\/berner-kaeferprojekt\/\">Read more <i class=\"vc_btn3-icon fa fa-arrow-right\"><\/i> <\/a><\/div>\n                                  <\/div>\n                             <\/div>\n                         <\/div><div class=\"list-item\">\n                         <div class=\"wild-news-section\" data-href=\"https:\/\/tierpark-bern.ch\/en\/news\/mehr-raum-fuer-kleinsaeuger\/\">\n                             <p><img decoding=\"async\" class=\"wild-news__img\" src=\" https:\/\/tierpark-bern.ch\/web\/app\/uploads\/2020\/07\/Zoo-Bern-Muscardinus-avellanarius_1500X1000.jpg\" alt=\"Haselmaus sitzt im Strauch und frisst eine Brombeere\"><\/p>\n                             <div class=\"card card-info background--tiere\">\n                                  <div class=\"card-body\">\n                                      <div class=\"d-flex flex-column h-100\">\n                                          <p class=\"card-title mb-3\">Mehr Raum f\u00fcr Kleins\u00e4uger<\/p>\n                                          <p class=\"mb-0\">F\u00f6rderung und Monitoring der kleinen S\u00e4ugetiere auf dem Areal des Tierpark Bern.<\/p>\n                                      <\/div>\n                                  <\/div>\n                                  <div class=\"card-footer\"><a class=\"button button-wild-news tiere-item__link\" aria-label=\"More about Mehr Raum f\u00fcr Kleins\u00e4uger\" href=\"https:\/\/tierpark-bern.ch\/en\/news\/mehr-raum-fuer-kleinsaeuger\/\">Read more <i class=\"vc_btn3-icon fa fa-arrow-right\"><\/i> <\/a><\/div>\n                                  <\/div>\n                             <\/div>\n                         <\/div><div class=\"list-item\">\n                         <div class=\"wild-news-section\" data-href=\"https:\/\/tierpark-bern.ch\/en\/news\/sensibilisierungsprojekt-zur-foerderung-von-einheimischen-amphibien-und-reptilien\/\">\n                             <p><img decoding=\"async\" class=\"wild-news__img\" src=\" https:\/\/tierpark-bern.ch\/web\/app\/uploads\/2020\/07\/Amphibienprojekt-Tierpark-Bern-5.jpg\" alt=\"Nahaufnahme von zwei Gelbbauchunken\"><\/p>\n                             <div class=\"card card-info background--tiere\">\n                                  <div class=\"card-body\">\n                                      <div class=\"d-flex flex-column h-100\">\n                                          <p class=\"card-title mb-3\">Mehr Raum f\u00fcr einheimische Amphibien<\/p>\n                                          <p class=\"mb-0\">Der Tierpark Bern lancierte ein Sensibilisierungsprojekt zur F\u00f6rderung von einheimischen Amphibien.<\/p>\n                                      <\/div>\n                                  <\/div>\n                                  <div class=\"card-footer\"><a class=\"button button-wild-news tiere-item__link\" aria-label=\"More about Mehr Raum f\u00fcr einheimische Amphibien\" href=\"https:\/\/tierpark-bern.ch\/en\/news\/sensibilisierungsprojekt-zur-foerderung-von-einheimischen-amphibien-und-reptilien\/\">Read more <i class=\"vc_btn3-icon fa fa-arrow-right\"><\/i> <\/a><\/div>\n                                  <\/div>\n                             <\/div>\n                         <\/div><\/div>\n                    <\/div><div class=\"col-12 top-50\">\n                                    <div id=\"naturschutzloadMore\" class=\"load-more-news\">\n                                     <p class=\"button button-background--tierpark\">Show more news<\/p>\n                                    <\/div>\n                                  <\/div><\/section>[\/vc_column_text][\/vc_column][\/vc_row]<\/p>\n<\/div>","protected":false},"excerpt":{"rendered":"<p>[vc_row][vc_column][vc_column_text] Nature conservation Domestic biodiversity is decreasing drastically, Switzerland is losing a lot of species at the moment. The zoo wants to create more space for animals in nature and is thus committed to more biodiversity. The Bern Animal Park is located in the middle of nature and already includes various near-natural habitats. In the [&hellip;]<\/p>\n","protected":false},"author":1,"featured_media":16552,"parent":51820,"menu_order":0,"comment_status":"closed","ping_status":"closed","template":"","meta":{"_acf_changed":false,"footnotes":""},"class_list":["post-51823","page","type-page","status-publish","has-post-thumbnail","hentry"],"acf":[],"yoast_head":"<title>Nature conservation | Tierpark Bern<\/title>\n<meta name=\"description\" content=\"Der Tierpark will mehr Platz f\u00fcr Tiere in der Natur schaffen und engagiert sich so f\u00fcr mehr Biodiversit\u00e4t.\" \/>\n<meta name=\"robots\" content=\"index, follow, max-snippet:-1, max-image-preview:large, max-video-preview:-1\" \/>\n<link rel=\"canonical\" href=\"https:\/\/tierpark-bern.ch\/en\/animals\/nature-conservation\/\" \/>\n<meta property=\"og:locale\" content=\"en_US\" \/>\n<meta property=\"og:type\" content=\"article\" \/>\n<meta property=\"og:title\" content=\"Nature conservation | Tierpark Bern\" \/>\n<meta property=\"og:description\" content=\"Der Tierpark will mehr Platz f\u00fcr Tiere in der Natur schaffen und engagiert sich so f\u00fcr mehr Biodiversit\u00e4t.\" \/>\n<meta property=\"og:url\" content=\"https:\/\/tierpark-bern.ch\/en\/animals\/nature-conservation\/\" \/>\n<meta property=\"og:site_name\" content=\"Tierpark Bern\" \/>\n<meta property=\"article:publisher\" content=\"https:\/\/www.facebook.com\/tierparkbern\/\" \/>\n<meta property=\"article:modified_time\" content=\"2023-02-20T17:02:33+00:00\" \/>\n<meta property=\"og:image\" content=\"https:\/\/tierpark-bern.ch\/web\/app\/uploads\/2021\/08\/frosche_kroten_molche_bergmolche_peter_schlup_004_website.jpg\" \/>\n\t<meta property=\"og:image:width\" content=\"560\" \/>\n\t<meta property=\"og:image:height\" content=\"375\" \/>\n\t<meta property=\"og:image:type\" content=\"image\/jpeg\" \/>\n<script type=\"application\/ld+json\" class=\"yoast-schema-graph\">{\"@context\":\"https:\/\/schema.org\",\"@graph\":[{\"@type\":\"WebPage\",\"@id\":\"https:\/\/tierpark-bern.ch\/en\/animals\/nature-conservation\/\",\"url\":\"https:\/\/tierpark-bern.ch\/en\/animals\/nature-conservation\/\",\"name\":\"Nature conservation | Tierpark Bern\",\"isPartOf\":{\"@id\":\"https:\/\/tierpark-bern.ch\/en\/#website\"},\"primaryImageOfPage\":{\"@id\":\"https:\/\/tierpark-bern.ch\/en\/animals\/nature-conservation\/#primaryimage\"},\"image\":{\"@id\":\"https:\/\/tierpark-bern.ch\/en\/animals\/nature-conservation\/#primaryimage\"},\"thumbnailUrl\":\"https:\/\/tierpark-bern.ch\/web\/app\/uploads\/2021\/08\/frosche_kroten_molche_bergmolche_peter_schlup_004_website.jpg\",\"datePublished\":\"2021-08-15T21:20:11+00:00\",\"dateModified\":\"2023-02-20T17:02:33+00:00\",\"description\":\"Der Tierpark will mehr Platz f\u00fcr Tiere in der Natur schaffen und engagiert sich so f\u00fcr mehr Biodiversit\u00e4t.\",\"breadcrumb\":{\"@id\":\"https:\/\/tierpark-bern.ch\/en\/animals\/nature-conservation\/#breadcrumb\"},\"inLanguage\":\"en-US\",\"potentialAction\":[{\"@type\":\"ReadAction\",\"target\":[\"https:\/\/tierpark-bern.ch\/en\/animals\/nature-conservation\/\"]}]},{\"@type\":\"ImageObject\",\"inLanguage\":\"en-US\",\"@id\":\"https:\/\/tierpark-bern.ch\/en\/animals\/nature-conservation\/#primaryimage\",\"url\":\"https:\/\/tierpark-bern.ch\/web\/app\/uploads\/2021\/08\/frosche_kroten_molche_bergmolche_peter_schlup_004_website.jpg\",\"contentUrl\":\"https:\/\/tierpark-bern.ch\/web\/app\/uploads\/2021\/08\/frosche_kroten_molche_bergmolche_peter_schlup_004_website.jpg\",\"width\":560,\"height\":375,\"caption\":\"Bergmolche im Hochzeitskleid\"},{\"@type\":\"BreadcrumbList\",\"@id\":\"https:\/\/tierpark-bern.ch\/en\/animals\/nature-conservation\/#breadcrumb\",\"itemListElement\":[{\"@type\":\"ListItem\",\"position\":1,\"name\":\"Home\",\"item\":\"https:\/\/tierpark-bern.ch\/en\/\"},{\"@type\":\"ListItem\",\"position\":2,\"name\":\"Nature Conservation &#038; Animals\",\"item\":\"https:\/\/tierpark-bern.ch\/en\/animals\/\"},{\"@type\":\"ListItem\",\"position\":3,\"name\":\"Nature conservation\"}]},{\"@type\":\"WebSite\",\"@id\":\"https:\/\/tierpark-bern.ch\/en\/#website\",\"url\":\"https:\/\/tierpark-bern.ch\/en\/\",\"name\":\"Tierpark Bern\",\"description\":\"\",\"publisher\":{\"@id\":\"https:\/\/tierpark-bern.ch\/en\/#organization\"},\"potentialAction\":[{\"@type\":\"SearchAction\",\"target\":{\"@type\":\"EntryPoint\",\"urlTemplate\":\"https:\/\/tierpark-bern.ch\/en\/?s={search_term_string}\"},\"query-input\":{\"@type\":\"PropertyValueSpecification\",\"valueRequired\":true,\"valueName\":\"search_term_string\"}}],\"inLanguage\":\"en-US\"},{\"@type\":\"Organization\",\"@id\":\"https:\/\/tierpark-bern.ch\/en\/#organization\",\"name\":\"Tierpark Bern | D\u00e4hlh\u00f6lzli + B\u00e4renPark\",\"alternateName\":\"Tierpark Bern\",\"url\":\"https:\/\/tierpark-bern.ch\/en\/\",\"logo\":{\"@type\":\"ImageObject\",\"inLanguage\":\"en-US\",\"@id\":\"https:\/\/tierpark-bern.ch\/en\/#\/schema\/logo\/image\/\",\"url\":\"https:\/\/tierpark-bern.ch\/web\/app\/uploads\/2024\/04\/tierpark-bern-696x696-1.jpg\",\"contentUrl\":\"https:\/\/tierpark-bern.ch\/web\/app\/uploads\/2024\/04\/tierpark-bern-696x696-1.jpg\",\"width\":696,\"height\":696,\"caption\":\"Tierpark Bern | D\u00e4hlh\u00f6lzli + B\u00e4renPark\"},\"image\":{\"@id\":\"https:\/\/tierpark-bern.ch\/en\/#\/schema\/logo\/image\/\"},\"sameAs\":[\"https:\/\/www.facebook.com\/tierparkbern\/\",\"https:\/\/x.com\/tierparkbern\",\"https:\/\/www.instagram.com\/tierparkbern\/\"]}]}<\/script>","yoast_head_json":{"title":"Nature conservation | Tierpark Bern","description":"Der Tierpark will mehr Platz f\u00fcr Tiere in der Natur schaffen und engagiert sich so f\u00fcr mehr Biodiversit\u00e4t.","robots":{"index":"index","follow":"follow","max-snippet":"max-snippet:-1","max-image-preview":"max-image-preview:large","max-video-preview":"max-video-preview:-1"},"canonical":"https:\/\/tierpark-bern.ch\/en\/animals\/nature-conservation\/","og_locale":"en_US","og_type":"article","og_title":"Nature conservation | Tierpark Bern","og_description":"Der Tierpark will mehr Platz f\u00fcr Tiere in der Natur schaffen und engagiert sich so f\u00fcr mehr Biodiversit\u00e4t.","og_url":"https:\/\/tierpark-bern.ch\/en\/animals\/nature-conservation\/","og_site_name":"Tierpark Bern","article_publisher":"https:\/\/www.facebook.com\/tierparkbern\/","article_modified_time":"2023-02-20T17:02:33+00:00","og_image":[{"width":560,"height":375,"url":"https:\/\/tierpark-bern.ch\/web\/app\/uploads\/2021\/08\/frosche_kroten_molche_bergmolche_peter_schlup_004_website.jpg","type":"image\/jpeg"}],"schema":{"@context":"https:\/\/schema.org","@graph":[{"@type":"WebPage","@id":"https:\/\/tierpark-bern.ch\/en\/animals\/nature-conservation\/","url":"https:\/\/tierpark-bern.ch\/en\/animals\/nature-conservation\/","name":"Nature conservation | Tierpark Bern","isPartOf":{"@id":"https:\/\/tierpark-bern.ch\/en\/#website"},"primaryImageOfPage":{"@id":"https:\/\/tierpark-bern.ch\/en\/animals\/nature-conservation\/#primaryimage"},"image":{"@id":"https:\/\/tierpark-bern.ch\/en\/animals\/nature-conservation\/#primaryimage"},"thumbnailUrl":"https:\/\/tierpark-bern.ch\/web\/app\/uploads\/2021\/08\/frosche_kroten_molche_bergmolche_peter_schlup_004_website.jpg","datePublished":"2021-08-15T21:20:11+00:00","dateModified":"2023-02-20T17:02:33+00:00","description":"Der Tierpark will mehr Platz f\u00fcr Tiere in der Natur schaffen und engagiert sich so f\u00fcr mehr Biodiversit\u00e4t.","breadcrumb":{"@id":"https:\/\/tierpark-bern.ch\/en\/animals\/nature-conservation\/#breadcrumb"},"inLanguage":"en-US","potentialAction":[{"@type":"ReadAction","target":["https:\/\/tierpark-bern.ch\/en\/animals\/nature-conservation\/"]}]},{"@type":"ImageObject","inLanguage":"en-US","@id":"https:\/\/tierpark-bern.ch\/en\/animals\/nature-conservation\/#primaryimage","url":"https:\/\/tierpark-bern.ch\/web\/app\/uploads\/2021\/08\/frosche_kroten_molche_bergmolche_peter_schlup_004_website.jpg","contentUrl":"https:\/\/tierpark-bern.ch\/web\/app\/uploads\/2021\/08\/frosche_kroten_molche_bergmolche_peter_schlup_004_website.jpg","width":560,"height":375,"caption":"Bergmolche im Hochzeitskleid"},{"@type":"BreadcrumbList","@id":"https:\/\/tierpark-bern.ch\/en\/animals\/nature-conservation\/#breadcrumb","itemListElement":[{"@type":"ListItem","position":1,"name":"Home","item":"https:\/\/tierpark-bern.ch\/en\/"},{"@type":"ListItem","position":2,"name":"Nature Conservation &#038; Animals","item":"https:\/\/tierpark-bern.ch\/en\/animals\/"},{"@type":"ListItem","position":3,"name":"Nature conservation"}]},{"@type":"WebSite","@id":"https:\/\/tierpark-bern.ch\/en\/#website","url":"https:\/\/tierpark-bern.ch\/en\/","name":"Tierpark Bern","description":"","publisher":{"@id":"https:\/\/tierpark-bern.ch\/en\/#organization"},"potentialAction":[{"@type":"SearchAction","target":{"@type":"EntryPoint","urlTemplate":"https:\/\/tierpark-bern.ch\/en\/?s={search_term_string}"},"query-input":{"@type":"PropertyValueSpecification","valueRequired":true,"valueName":"search_term_string"}}],"inLanguage":"en-US"},{"@type":"Organization","@id":"https:\/\/tierpark-bern.ch\/en\/#organization","name":"Tierpark Bern | D\u00e4hlh\u00f6lzli + B\u00e4renPark","alternateName":"Tierpark Bern","url":"https:\/\/tierpark-bern.ch\/en\/","logo":{"@type":"ImageObject","inLanguage":"en-US","@id":"https:\/\/tierpark-bern.ch\/en\/#\/schema\/logo\/image\/","url":"https:\/\/tierpark-bern.ch\/web\/app\/uploads\/2024\/04\/tierpark-bern-696x696-1.jpg","contentUrl":"https:\/\/tierpark-bern.ch\/web\/app\/uploads\/2024\/04\/tierpark-bern-696x696-1.jpg","width":696,"height":696,"caption":"Tierpark Bern | D\u00e4hlh\u00f6lzli + B\u00e4renPark"},"image":{"@id":"https:\/\/tierpark-bern.ch\/en\/#\/schema\/logo\/image\/"},"sameAs":["https:\/\/www.facebook.com\/tierparkbern\/","https:\/\/x.com\/tierparkbern","https:\/\/www.instagram.com\/tierparkbern\/"]}]}},"_links":{"self":[{"href":"https:\/\/tierpark-bern.ch\/en\/wp-json\/wp\/v2\/pages\/51823","targetHints":{"allow":["GET"]}}],"collection":[{"href":"https:\/\/tierpark-bern.ch\/en\/wp-json\/wp\/v2\/pages"}],"about":[{"href":"https:\/\/tierpark-bern.ch\/en\/wp-json\/wp\/v2\/types\/page"}],"author":[{"embeddable":true,"href":"https:\/\/tierpark-bern.ch\/en\/wp-json\/wp\/v2\/users\/1"}],"replies":[{"embeddable":true,"href":"https:\/\/tierpark-bern.ch\/en\/wp-json\/wp\/v2\/comments?post=51823"}],"version-history":[{"count":0,"href":"https:\/\/tierpark-bern.ch\/en\/wp-json\/wp\/v2\/pages\/51823\/revisions"}],"up":[{"embeddable":true,"href":"https:\/\/tierpark-bern.ch\/en\/wp-json\/wp\/v2\/pages\/51820"}],"wp:featuredmedia":[{"embeddable":true,"href":"https:\/\/tierpark-bern.ch\/en\/wp-json\/wp\/v2\/media\/16552"}],"wp:attachment":[{"href":"https:\/\/tierpark-bern.ch\/en\/wp-json\/wp\/v2\/media?parent=51823"}],"curies":[{"name":"wp","href":"https:\/\/api.w.org\/{rel}","templated":true}]}}