
{"id":51843,"date":"2021-08-18T10:54:14","date_gmt":"2021-08-18T08:54:14","guid":{"rendered":"https:\/\/tierpark-bern.ch\/bearpark\/barrierefreiheit\/"},"modified":"2023-11-21T11:33:14","modified_gmt":"2023-11-21T10:33:14","slug":"accessibility-bearpark","status":"publish","type":"page","link":"https:\/\/tierpark-bern.ch\/en\/bearpark\/accessibility-bearpark\/","title":{"rendered":"Accessibility BearPark"},"content":{"rendered":"<div class=\"wpb-content-wrapper\"><p>[vc_row][vc_column][vc_column_text]<\/p>\n<h1>Without obstacles through the BearPark<\/h1>\n<p>Whether on foot, with a pram or in a wheelchair &#8211; the BearPark is barrier-free and also accessible to wheelchair users thanks to the &#8220;B\u00e4reb\u00e4hnli&#8221;, which runs down to the banks of the Aare. This free panoramic inclined lift is located at the southern end of the BearPark and connects the Cobblestone path with the Aareuferweg.[\/vc_column_text][vc_column_text]<\/p>\n<h2>Accessible events, exhibitions and experiences<\/h2>\n<p>On our website we indicate which experiences are accessible for people with disabilities. Accessible experiences bear the corresponding icons. A distinction is made between barrier-free access for people with visual, hearing or mobility impairments. In addition, experiences with easy-to-understand language and experiences especially for children are marked separately with icons.[\/vc_column_text][\/vc_column][\/vc_row][vc_row][vc_column][vc_column_text]<\/p>\n<h2>The accessibilities in detail<\/h2>\n<p>[\/vc_column_text][\/vc_column][\/vc_row][vc_row][vc_column width=&#8221;1\/2&#8243;][vc_row_inner el_class=&#8221;barrier_icon_desc&#8221;][vc_column_inner width=&#8221;1\/6&#8243;][vc_single_image image=&#8221;17005&#8243; img_size=&#8221;70X70&#8243; css=&#8221;.vc_custom_1638878441231{margin-bottom: 15px !important;}&#8221;][\/vc_column_inner][vc_column_inner width=&#8221;5\/6&#8243;][vc_column_text css=&#8221;.vc_custom_1675763777368{margin-bottom: 10px !important;}&#8221;]<\/p>\n<h3>Mobility impaired<\/h3>\n<p>Events are accessible for people with mobility impairments.[\/vc_column_text][\/vc_column_inner][\/vc_row_inner][\/vc_column][vc_column width=&#8221;1\/2&#8243;][vc_row_inner el_class=&#8221;barrier_icon_desc&#8221;][vc_column_inner width=&#8221;1\/6&#8243;][vc_single_image image=&#8221;16993&#8243; img_size=&#8221;70&#215;70&#8243; css=&#8221;.vc_custom_1638878458354{margin-bottom: 15px !important;}&#8221;][\/vc_column_inner][vc_column_inner width=&#8221;5\/6&#8243;][vc_column_text css=&#8221;.vc_custom_1675763793094{margin-bottom: 10px !important;}&#8221;]<\/p>\n<h3>Visually impaired<\/h3>\n<p>Events is suitable for blind and visually impaired people.[\/vc_column_text][\/vc_column_inner][\/vc_row_inner][\/vc_column][\/vc_row][vc_row][vc_column width=&#8221;1\/2&#8243;][vc_row_inner el_class=&#8221;barrier_icon_desc&#8221;][vc_column_inner width=&#8221;1\/6&#8243;][vc_single_image image=&#8221;17001&#8243; img_size=&#8221;70X70&#8243; css=&#8221;.vc_custom_1638878476487{margin-bottom: 15px !important;}&#8221;][\/vc_column_inner][vc_column_inner width=&#8221;5\/6&#8243;][vc_column_text css=&#8221;.vc_custom_1675763818254{margin-bottom: 10px !important;}&#8221;]<\/p>\n<h3>Hearing impaired<\/h3>\n<p>Events is suitable for people with hearing disabilities.[\/vc_column_text][\/vc_column_inner][\/vc_row_inner][\/vc_column][vc_column width=&#8221;1\/2&#8243;][vc_row_inner el_class=&#8221;barrier_icon_desc&#8221;][vc_column_inner width=&#8221;1\/6&#8243;][vc_single_image image=&#8221;17009&#8243; img_size=&#8221;70&#215;70&#8243; css=&#8221;.vc_custom_1638878491405{margin-bottom: 15px !important;}&#8221;][\/vc_column_inner][vc_column_inner width=&#8221;5\/6&#8243;][vc_column_text css=&#8221;.vc_custom_1675763837736{margin-bottom: 10px !important;}&#8221;]<\/p>\n<h3>Event for children<\/h3>\n<p>Event especially for children[\/vc_column_text][\/vc_column_inner][\/vc_row_inner][\/vc_column][\/vc_row][vc_row][vc_column width=&#8221;1\/2&#8243;][vc_row_inner el_class=&#8221;barrier_icon_desc&#8221;][vc_column_inner width=&#8221;1\/6&#8243;][vc_single_image image=&#8221;16997&#8243; img_size=&#8221;70X70&#8243; css=&#8221;.vc_custom_1638878508263{margin-bottom: 15px !important;}&#8221;][\/vc_column_inner][vc_column_inner width=&#8221;5\/6&#8243;][vc_column_text css=&#8221;.vc_custom_1675763856626{margin-bottom: 10px !important;}&#8221;]<\/p>\n<h3>Easy to understand<\/h3>\n<p>The event is particularly easy to understand.[\/vc_column_text][\/vc_column_inner][\/vc_row_inner][\/vc_column][vc_column width=&#8221;1\/2&#8243;][\/vc_column][\/vc_row][vc_row][vc_column][vc_column_text]<\/p>\n<h2>Contact access<\/h2>\n<p>Phone: <a href=\"tel:+41 31 321 15 15\" aria-label=\"0 3 1. 3 2 1. 1 5 1 5.\">+41 31 321 15 15<\/a><br \/>\nE-mail: <a href=\"mailto: tierpark-bern@bern.ch\">tierpark-bern@bern.ch<\/a>[\/vc_column_text][vc_column_text]<a class=\"button button--tierpark\" href=\"https:\/\/tierpark-bern.ch\/en\/about-us\/contact\/\" rel=\"noopener\">To the contact form<\/a>[\/vc_column_text][\/vc_column][\/vc_row][vc_row][vc_column][vc_column_text]<\/p>\n<h2>Feedback on the accessibility of the website<\/h2>\n<p>If you have noticed any deficiencies in the barrier-free access to content on our website, please fill out our feedback form. The feedback mechanism provides us with indispensable information for the further removal of barriers.[\/vc_column_text][vc_column_text]<a class=\"button button--tierpark\" href=\"https:\/\/tierpark-bern.ch\/en\/visiting-the-zoo\/accessibility-in-the-zoo\/report-barrier\/\" rel=\"noopener\">Give feedback on the website<\/a>[\/vc_column_text][\/vc_column][\/vc_row][vc_row][vc_column][vc_column_text]<\/p>\n<h2>Frequently asked questions about accessibility in the BearPark<\/h2>\n<div class=\"faq-section top-20\">\n                <div class=\"row\">\n                    <div class=\"col-12\"><div class=\"accordion accordion--bordered\">\n                                  <div class=\"accordion__title-block\" role=\"button\">\n                                      <span class=\"accordion__title\">Where are the parking spaces for people with an impairment?<\/span>\n                                      <span class=\"accordion__close\"><\/span>\n                                  <\/div>\n                                  <div class=\"accordion__text-block\">\n                                       <div class=\"wpb-content-wrapper\"><p>[vc_row][vc_column][vc_column_text]B\u00e4rengraben car park, Kl\u00f6sterlistutz 8, 3013 Bern <a href=\"https:\/\/map.bern.ch\/stadtplan\/?grundplan=stadtplan_farbig&amp;koor=2601589,1199826&amp;zoom=6&amp;hl=0&amp;layer=Sehenswuerdigkeit|Behindertenparkplatz&amp;subtheme=CatVerkehr\" target=\"_blank\" rel=\"noopener\">Open position on map.bern.ch<\/a>[\/vc_column_text][\/vc_column][\/vc_row]<\/p>\n<\/div>\n                                  <\/div>\n                              <\/div><div class=\"accordion accordion--bordered\">\n                                  <div class=\"accordion__title-block\" role=\"button\">\n                                      <span class=\"accordion__title\">Where are the accessible toilets in the BearPark?<\/span>\n                                      <span class=\"accordion__close\"><\/span>\n                                  <\/div>\n                                  <div class=\"accordion__text-block\">\n                                       <p><p>Public toilets are located in the building of the Restaurant Altes Tramdepot, Grosser Muristalden 6, 3006 Bern. These are staffed around the clock. The frosted glass doors open by motion sensor.<\/p>\n<\/p>\n                                  <\/div>\n                              <\/div><div class=\"accordion accordion--bordered\">\n                                  <div class=\"accordion__title-block\" role=\"button\">\n                                      <span class=\"accordion__title\">Is the BearPark accessible for people with an impairment?<\/span>\n                                      <span class=\"accordion__close\"><\/span>\n                                  <\/div>\n                                  <div class=\"accordion__text-block\">\n                                       <p><p>Yes, the BearPark can be experienced without obstacles. Since 2015, the &#8220;B\u00e4reb\u00e4hnli&#8221;, a wheelchair-friendly panoramic inclined lift, has been available in the BearPark. The lift can be used free of charge and provides a quick connection between the banks of the Aare and the upper part of the park. It&#8217;s a unique experience to glide through the BearPark!<\/p>\n<\/p>\n                                  <\/div>\n                              <\/div><div class=\"accordion accordion--bordered\">\n                                  <div class=\"accordion__title-block\" role=\"button\">\n                                      <span class=\"accordion__title\">Can I visit the BearPark with a walking disability or a pram without any obstacles?<\/span>\n                                      <span class=\"accordion__close\"><\/span>\n                                  <\/div>\n                                  <div class=\"accordion__text-block\">\n                                       <p><p>Yes, the &#8220;B\u00e4reb\u00e4hnli&#8221; provides obstacle-free access to the Aare at the BearPark. The inclined lift is located at the southern end of the BearPark and connects the cobblestone path with the riverside path. With the &#8220;B\u00e4reb\u00e4hnli&#8221;, people with walking difficulties and families with prams can visit the Bern BearPark without obstacles.<\/p>\n<\/p>\n                                  <\/div>\n                              <\/div><div class=\"accordion accordion--bordered\">\n                                  <div class=\"accordion__title-block\" role=\"button\">\n                                      <span class=\"accordion__title\">How much does a ride on the &#8220;B\u00e4reb\u00e4hnli&#8221; (inclined lift) cost?<\/span>\n                                      <span class=\"accordion__close\"><\/span>\n                                  <\/div>\n                                  <div class=\"accordion__text-block\">\n                                       <p><p>The panoramic inclined lift is free of charge and goes down to the banks of the Aare.<\/p>\n<\/p>\n                                  <\/div>\n                              <\/div><\/div>\n                <\/div>\n            <\/div>[\/vc_column_text][\/vc_column][\/vc_row][vc_row][vc_column][vc_empty_space][\/vc_column][\/vc_row][vc_row][vc_column][vc_column_text]<\/p>\n<div class=\"zoo-link-info\">\n<div class=\"container\">\n<div class=\"row\">\n<div class=\"col-md-8 col-sm-12\">\n<div class=\"zoo-link-text-container\"><span class=\"zoo-link-text\">Do you need information about accessibility in the zoo?<\/span><\/div>\n<\/div>\n<div class=\"col-md-4 col-sm-12 zoo-link-btn-container\"><span class=\"zoo-link-btn\"><a class=\"button button-zoo-info\" href=\"https:\/\/tierpark-bern.ch\/en\/visiting-the-zoo\/accessibility-in-the-zoo\/\">On accessibility in the zoo <i class=\"fa fa-long-arrow-right\"><\/i><\/a>\u00a0<\/span><\/div>\n<\/div>\n<\/div>\n<\/div>\n<p>[\/vc_column_text][\/vc_column][\/vc_row]<\/p>\n<\/div>","protected":false},"excerpt":{"rendered":"<p>The B\u00e4renPark is barrier-free and, thanks to the &#8220;B\u00e4reb\u00e4hnli&#8221;, also accessible for wheelchair users.<\/p>\n","protected":false},"author":10,"featured_media":22293,"parent":38571,"menu_order":0,"comment_status":"closed","ping_status":"closed","template":"","meta":{"_acf_changed":false,"footnotes":""},"class_list":["post-51843","page","type-page","status-publish","has-post-thumbnail","hentry"],"acf":[],"yoast_head":"<title>Accessibility BearPark | Tierpark Bern<\/title>\n<meta name=\"description\" content=\"The B\u00e4renPark is barrier-free and, thanks to the &quot;B\u00e4reb\u00e4hnli&quot;, also accessible for wheelchair users.\" \/>\n<meta name=\"robots\" content=\"index, follow, max-snippet:-1, max-image-preview:large, max-video-preview:-1\" \/>\n<link rel=\"canonical\" href=\"https:\/\/tierpark-bern.ch\/en\/bearpark\/accessibility-bearpark\/\" \/>\n<meta property=\"og:locale\" content=\"en_US\" \/>\n<meta property=\"og:type\" content=\"article\" \/>\n<meta property=\"og:title\" content=\"Accessibility BearPark | Tierpark Bern\" \/>\n<meta property=\"og:description\" content=\"The B\u00e4renPark is barrier-free and, thanks to the &quot;B\u00e4reb\u00e4hnli&quot;, also accessible for wheelchair users.\" \/>\n<meta property=\"og:url\" content=\"https:\/\/tierpark-bern.ch\/en\/bearpark\/accessibility-bearpark\/\" \/>\n<meta property=\"og:site_name\" content=\"Tierpark Bern\" \/>\n<meta property=\"article:publisher\" content=\"https:\/\/www.facebook.com\/tierparkbern\/\" \/>\n<meta property=\"article:modified_time\" content=\"2023-11-21T10:33:14+00:00\" \/>\n<meta property=\"og:image\" content=\"https:\/\/tierpark-bern.ch\/web\/app\/uploads\/2020\/07\/ursina-baerenpark-51-bern-schweiz.jpg\" \/>\n\t<meta property=\"og:image:width\" content=\"1500\" \/>\n\t<meta property=\"og:image:height\" content=\"998\" \/>\n\t<meta property=\"og:image:type\" content=\"image\/jpeg\" \/>\n<script type=\"application\/ld+json\" class=\"yoast-schema-graph\">{\"@context\":\"https:\/\/schema.org\",\"@graph\":[{\"@type\":\"WebPage\",\"@id\":\"https:\/\/tierpark-bern.ch\/en\/bearpark\/accessibility-bearpark\/\",\"url\":\"https:\/\/tierpark-bern.ch\/en\/bearpark\/accessibility-bearpark\/\",\"name\":\"Accessibility BearPark | Tierpark Bern\",\"isPartOf\":{\"@id\":\"https:\/\/tierpark-bern.ch\/en\/#website\"},\"primaryImageOfPage\":{\"@id\":\"https:\/\/tierpark-bern.ch\/en\/bearpark\/accessibility-bearpark\/#primaryimage\"},\"image\":{\"@id\":\"https:\/\/tierpark-bern.ch\/en\/bearpark\/accessibility-bearpark\/#primaryimage\"},\"thumbnailUrl\":\"https:\/\/tierpark-bern.ch\/web\/app\/uploads\/2020\/07\/ursina-baerenpark-51-bern-schweiz.jpg\",\"datePublished\":\"2021-08-18T08:54:14+00:00\",\"dateModified\":\"2023-11-21T10:33:14+00:00\",\"description\":\"The B\u00e4renPark is barrier-free and, thanks to the \\\"B\u00e4reb\u00e4hnli\\\", also accessible for wheelchair users.\",\"breadcrumb\":{\"@id\":\"https:\/\/tierpark-bern.ch\/en\/bearpark\/accessibility-bearpark\/#breadcrumb\"},\"inLanguage\":\"en-US\",\"potentialAction\":[{\"@type\":\"ReadAction\",\"target\":[\"https:\/\/tierpark-bern.ch\/en\/bearpark\/accessibility-bearpark\/\"]}]},{\"@type\":\"ImageObject\",\"inLanguage\":\"en-US\",\"@id\":\"https:\/\/tierpark-bern.ch\/en\/bearpark\/accessibility-bearpark\/#primaryimage\",\"url\":\"https:\/\/tierpark-bern.ch\/web\/app\/uploads\/2020\/07\/ursina-baerenpark-51-bern-schweiz.jpg\",\"contentUrl\":\"https:\/\/tierpark-bern.ch\/web\/app\/uploads\/2020\/07\/ursina-baerenpark-51-bern-schweiz.jpg\",\"width\":1500,\"height\":998,\"caption\":\"\\\"Ursina\\\" in the water (September 2015)\"},{\"@type\":\"BreadcrumbList\",\"@id\":\"https:\/\/tierpark-bern.ch\/en\/bearpark\/accessibility-bearpark\/#breadcrumb\",\"itemListElement\":[{\"@type\":\"ListItem\",\"position\":1,\"name\":\"Home\",\"item\":\"https:\/\/tierpark-bern.ch\/en\/\"},{\"@type\":\"ListItem\",\"position\":2,\"name\":\"BearPark\",\"item\":\"https:\/\/tierpark-bern.ch\/en\/bearpark\/\"},{\"@type\":\"ListItem\",\"position\":3,\"name\":\"Accessibility BearPark\"}]},{\"@type\":\"WebSite\",\"@id\":\"https:\/\/tierpark-bern.ch\/en\/#website\",\"url\":\"https:\/\/tierpark-bern.ch\/en\/\",\"name\":\"Tierpark Bern\",\"description\":\"\",\"publisher\":{\"@id\":\"https:\/\/tierpark-bern.ch\/en\/#organization\"},\"potentialAction\":[{\"@type\":\"SearchAction\",\"target\":{\"@type\":\"EntryPoint\",\"urlTemplate\":\"https:\/\/tierpark-bern.ch\/en\/?s={search_term_string}\"},\"query-input\":{\"@type\":\"PropertyValueSpecification\",\"valueRequired\":true,\"valueName\":\"search_term_string\"}}],\"inLanguage\":\"en-US\"},{\"@type\":\"Organization\",\"@id\":\"https:\/\/tierpark-bern.ch\/en\/#organization\",\"name\":\"Tierpark Bern | D\u00e4hlh\u00f6lzli + B\u00e4renPark\",\"alternateName\":\"Tierpark Bern\",\"url\":\"https:\/\/tierpark-bern.ch\/en\/\",\"logo\":{\"@type\":\"ImageObject\",\"inLanguage\":\"en-US\",\"@id\":\"https:\/\/tierpark-bern.ch\/en\/#\/schema\/logo\/image\/\",\"url\":\"https:\/\/tierpark-bern.ch\/web\/app\/uploads\/2024\/04\/tierpark-bern-696x696-1.jpg\",\"contentUrl\":\"https:\/\/tierpark-bern.ch\/web\/app\/uploads\/2024\/04\/tierpark-bern-696x696-1.jpg\",\"width\":696,\"height\":696,\"caption\":\"Tierpark Bern | D\u00e4hlh\u00f6lzli + B\u00e4renPark\"},\"image\":{\"@id\":\"https:\/\/tierpark-bern.ch\/en\/#\/schema\/logo\/image\/\"},\"sameAs\":[\"https:\/\/www.facebook.com\/tierparkbern\/\",\"https:\/\/x.com\/tierparkbern\",\"https:\/\/www.instagram.com\/tierparkbern\/\"]}]}<\/script>","yoast_head_json":{"title":"Accessibility BearPark | Tierpark Bern","description":"The B\u00e4renPark is barrier-free and, thanks to the \"B\u00e4reb\u00e4hnli\", also accessible for wheelchair users.","robots":{"index":"index","follow":"follow","max-snippet":"max-snippet:-1","max-image-preview":"max-image-preview:large","max-video-preview":"max-video-preview:-1"},"canonical":"https:\/\/tierpark-bern.ch\/en\/bearpark\/accessibility-bearpark\/","og_locale":"en_US","og_type":"article","og_title":"Accessibility BearPark | Tierpark Bern","og_description":"The B\u00e4renPark is barrier-free and, thanks to the \"B\u00e4reb\u00e4hnli\", also accessible for wheelchair users.","og_url":"https:\/\/tierpark-bern.ch\/en\/bearpark\/accessibility-bearpark\/","og_site_name":"Tierpark Bern","article_publisher":"https:\/\/www.facebook.com\/tierparkbern\/","article_modified_time":"2023-11-21T10:33:14+00:00","og_image":[{"width":1500,"height":998,"url":"https:\/\/tierpark-bern.ch\/web\/app\/uploads\/2020\/07\/ursina-baerenpark-51-bern-schweiz.jpg","type":"image\/jpeg"}],"schema":{"@context":"https:\/\/schema.org","@graph":[{"@type":"WebPage","@id":"https:\/\/tierpark-bern.ch\/en\/bearpark\/accessibility-bearpark\/","url":"https:\/\/tierpark-bern.ch\/en\/bearpark\/accessibility-bearpark\/","name":"Accessibility BearPark | Tierpark Bern","isPartOf":{"@id":"https:\/\/tierpark-bern.ch\/en\/#website"},"primaryImageOfPage":{"@id":"https:\/\/tierpark-bern.ch\/en\/bearpark\/accessibility-bearpark\/#primaryimage"},"image":{"@id":"https:\/\/tierpark-bern.ch\/en\/bearpark\/accessibility-bearpark\/#primaryimage"},"thumbnailUrl":"https:\/\/tierpark-bern.ch\/web\/app\/uploads\/2020\/07\/ursina-baerenpark-51-bern-schweiz.jpg","datePublished":"2021-08-18T08:54:14+00:00","dateModified":"2023-11-21T10:33:14+00:00","description":"The B\u00e4renPark is barrier-free and, thanks to the \"B\u00e4reb\u00e4hnli\", also accessible for wheelchair users.","breadcrumb":{"@id":"https:\/\/tierpark-bern.ch\/en\/bearpark\/accessibility-bearpark\/#breadcrumb"},"inLanguage":"en-US","potentialAction":[{"@type":"ReadAction","target":["https:\/\/tierpark-bern.ch\/en\/bearpark\/accessibility-bearpark\/"]}]},{"@type":"ImageObject","inLanguage":"en-US","@id":"https:\/\/tierpark-bern.ch\/en\/bearpark\/accessibility-bearpark\/#primaryimage","url":"https:\/\/tierpark-bern.ch\/web\/app\/uploads\/2020\/07\/ursina-baerenpark-51-bern-schweiz.jpg","contentUrl":"https:\/\/tierpark-bern.ch\/web\/app\/uploads\/2020\/07\/ursina-baerenpark-51-bern-schweiz.jpg","width":1500,"height":998,"caption":"\"Ursina\" in the water (September 2015)"},{"@type":"BreadcrumbList","@id":"https:\/\/tierpark-bern.ch\/en\/bearpark\/accessibility-bearpark\/#breadcrumb","itemListElement":[{"@type":"ListItem","position":1,"name":"Home","item":"https:\/\/tierpark-bern.ch\/en\/"},{"@type":"ListItem","position":2,"name":"BearPark","item":"https:\/\/tierpark-bern.ch\/en\/bearpark\/"},{"@type":"ListItem","position":3,"name":"Accessibility BearPark"}]},{"@type":"WebSite","@id":"https:\/\/tierpark-bern.ch\/en\/#website","url":"https:\/\/tierpark-bern.ch\/en\/","name":"Tierpark Bern","description":"","publisher":{"@id":"https:\/\/tierpark-bern.ch\/en\/#organization"},"potentialAction":[{"@type":"SearchAction","target":{"@type":"EntryPoint","urlTemplate":"https:\/\/tierpark-bern.ch\/en\/?s={search_term_string}"},"query-input":{"@type":"PropertyValueSpecification","valueRequired":true,"valueName":"search_term_string"}}],"inLanguage":"en-US"},{"@type":"Organization","@id":"https:\/\/tierpark-bern.ch\/en\/#organization","name":"Tierpark Bern | D\u00e4hlh\u00f6lzli + B\u00e4renPark","alternateName":"Tierpark Bern","url":"https:\/\/tierpark-bern.ch\/en\/","logo":{"@type":"ImageObject","inLanguage":"en-US","@id":"https:\/\/tierpark-bern.ch\/en\/#\/schema\/logo\/image\/","url":"https:\/\/tierpark-bern.ch\/web\/app\/uploads\/2024\/04\/tierpark-bern-696x696-1.jpg","contentUrl":"https:\/\/tierpark-bern.ch\/web\/app\/uploads\/2024\/04\/tierpark-bern-696x696-1.jpg","width":696,"height":696,"caption":"Tierpark Bern | D\u00e4hlh\u00f6lzli + B\u00e4renPark"},"image":{"@id":"https:\/\/tierpark-bern.ch\/en\/#\/schema\/logo\/image\/"},"sameAs":["https:\/\/www.facebook.com\/tierparkbern\/","https:\/\/x.com\/tierparkbern","https:\/\/www.instagram.com\/tierparkbern\/"]}]}},"_links":{"self":[{"href":"https:\/\/tierpark-bern.ch\/en\/wp-json\/wp\/v2\/pages\/51843","targetHints":{"allow":["GET"]}}],"collection":[{"href":"https:\/\/tierpark-bern.ch\/en\/wp-json\/wp\/v2\/pages"}],"about":[{"href":"https:\/\/tierpark-bern.ch\/en\/wp-json\/wp\/v2\/types\/page"}],"author":[{"embeddable":true,"href":"https:\/\/tierpark-bern.ch\/en\/wp-json\/wp\/v2\/users\/10"}],"replies":[{"embeddable":true,"href":"https:\/\/tierpark-bern.ch\/en\/wp-json\/wp\/v2\/comments?post=51843"}],"version-history":[{"count":0,"href":"https:\/\/tierpark-bern.ch\/en\/wp-json\/wp\/v2\/pages\/51843\/revisions"}],"up":[{"embeddable":true,"href":"https:\/\/tierpark-bern.ch\/en\/wp-json\/wp\/v2\/pages\/38571"}],"wp:featuredmedia":[{"embeddable":true,"href":"https:\/\/tierpark-bern.ch\/en\/wp-json\/wp\/v2\/media\/22293"}],"wp:attachment":[{"href":"https:\/\/tierpark-bern.ch\/en\/wp-json\/wp\/v2\/media?parent=51843"}],"curies":[{"name":"wp","href":"https:\/\/api.w.org\/{rel}","templated":true}]}}