
{"id":51866,"date":"2020-08-28T12:10:11","date_gmt":"2020-08-28T10:10:11","guid":{"rendered":"https:\/\/tierpark-bern.ch\/bearpark\/baeren\/"},"modified":"2023-04-18T13:45:04","modified_gmt":"2023-04-18T11:45:04","slug":"bears","status":"publish","type":"page","link":"https:\/\/tierpark-bern.ch\/en\/bearpark\/bears\/","title":{"rendered":"Our bears in the BearPark"},"content":{"rendered":"<div class=\"wpb-content-wrapper\"><p>[vc_row][vc_column][vc_column_text]<\/p>\n<h1>Our bears in the BearPark<\/h1>\n<p>Brown bears are the largest land predators currently living in Europe. Learn interesting facts about their biology and get to know the inhabitants of the BearPark.[\/vc_column_text][\/vc_column][\/vc_row][vc_row][vc_column][vc_column_text]<\/p>\n<h2>Bj\u00f6rk<\/h2>\n<p>&#8220;Bj\u00f6rk&#8221; (Swedish for birch) was born on 19.12.2000 at Skandinavisk Dyrepark Kolind in Denmark. On 6 May 2004, she came to Bern Animal Park, D\u00e4hlh\u00f6lzli, together with her sister &#8220;Barba&#8221;; &#8220;Barba&#8221; moved to the Wildnispark Zurich &#8211; Langenberg on 10.01.2008, and &#8220;Finn&#8221; from Helsinki came to Bern Animal Park as a replacement. Together with &#8220;Finn&#8221;, &#8220;Bj\u00f6rk&#8221; moved to the BearPark at the beginning of October 2009. &#8220;Bj\u00f6rk&#8221; is the mother of &#8220;Ursina&#8221; and &#8220;Berna&#8221;.[\/vc_column_text][\/vc_column][\/vc_row][vc_row][vc_column width=&#8221;1\/2&#8243;][vc_single_image image=&#8221;22321&#8243; img_size=&#8221;570&#215;379&#8243; add_caption=&#8221;yes&#8221;][\/vc_column][vc_column width=&#8221;1\/2&#8243;][vc_single_image image=&#8221;43501&#8243; img_size=&#8221;570&#215;379&#8243; add_caption=&#8221;yes&#8221;][\/vc_column][\/vc_row][vc_row][vc_column][vc_column_text]<\/p>\n<h2>Finn<\/h2>\n<p>&#8220;Finn&#8221; was born on 15.01.2006 in Helsinki Zoo, Finland. On 17.03.2008 he came to Bern Animal Park, where he got on very well with &#8220;Bj\u00f6rk&#8221; from the very beginning. &#8220;Finn&#8221; loves to bathe. He is the father of &#8220;Ursina&#8221; and &#8220;Berna&#8221;.[\/vc_column_text][\/vc_column][\/vc_row][vc_row][vc_column width=&#8221;1\/2&#8243;][vc_single_image image=&#8221;22312&#8243; img_size=&#8221;570&#215;379&#8243; add_caption=&#8221;yes&#8221;][\/vc_column][vc_column width=&#8221;1\/2&#8243;][vc_single_image image=&#8221;22316&#8243; img_size=&#8221;570&#215;379&#8243; add_caption=&#8221;yes&#8221;][\/vc_column][\/vc_row][vc_row][vc_column][vc_column_text]<\/p>\n<h2>Ursina<\/h2>\n<p>&#8220;Ursina&#8221; is the twin sister of &#8220;Berna&#8221;. Both were born in December 2009 in a winter den in the BearPark. Her mother is &#8220;Bj\u00f6rk&#8221; and her father is &#8220;Finn&#8221;. &#8220;Ursina&#8221; lives together with father &#8220;Finn&#8221; and mother &#8220;Bj\u00f6rk&#8221; in the BearPark. She loves to play with &#8220;Finn&#8221; and bathing is also one of her favourite activities.[\/vc_column_text][\/vc_column][\/vc_row][vc_row][vc_column width=&#8221;1\/2&#8243;][vc_single_image image=&#8221;22274&#8243; img_size=&#8221;570&#215;379&#8243; add_caption=&#8221;yes&#8221;][\/vc_column][vc_column width=&#8221;1\/2&#8243;][vc_single_image image=&#8221;22293&#8243; img_size=&#8221;570&#215;379&#8243; add_caption=&#8221;yes&#8221;][\/vc_column][\/vc_row][vc_row][vc_column][vc_column_text]<\/p>\n<h2>Berna<\/h2>\n<p>&#8220;Berna&#8221; is the twin sister of &#8220;Ursina&#8221;. Born to &#8220;Bj\u00f6rk&#8221; and &#8220;Finn&#8221; in a winter den in the BearPark in December 2009, &#8220;Berna&#8221; left the BearPark on 22 July 2013: After increasing conflicts with her mother &#8220;Bj\u00f6rk&#8221;, the responsible persons decided to remove &#8220;Berna&#8221; from the group. She now lives in a new, animal-friendly facility at Dobric Zoo (Bulgaria). Bern Animal Park accompanied the construction of the bear enclosure there.[\/vc_column_text][\/vc_column][\/vc_row][vc_row][vc_column width=&#8221;1\/2&#8243;][vc_single_image image=&#8221;51870&#8243; img_size=&#8221;570&#215;379&#8243; add_caption=&#8221;yes&#8221;][\/vc_column][vc_column width=&#8221;1\/2&#8243;][vc_single_image image=&#8221;22340&#8243; img_size=&#8221;570&#215;379&#8243; add_caption=&#8221;yes&#8221;][\/vc_column][\/vc_row][vc_row][vc_column][vc_empty_space][\/vc_column][\/vc_row][vc_row][vc_column][vc_column_text]<\/p>\n<div class=\"zoo-link-info\">\n<div class=\"container\">\n<div class=\"row\">\n<div class=\"col-md-8 col-sm-12\">\n<div class=\"zoo-link-text-container\"><span class=\"zoo-link-text\">Would you like to plan your event at the BearPark?<\/span><\/div>\n<\/div>\n<div class=\"col-md-4 col-sm-12 zoo-link-btn-container\"><span class=\"zoo-link-btn\"><a class=\"button button-zoo-info\" href=\"https:\/\/tierpark-bern.ch\/en\/erlebnisse\/ihr-anlass-im-zoo\/baerenpark\/\">On the occasion at the BearPark\u00a0<i class=\"fa fa-long-arrow-right\"><\/i><\/a><\/span><\/div>\n<\/div>\n<\/div>\n<\/div>\n<p>[\/vc_column_text][\/vc_column][\/vc_row][vc_row][vc_column][vc_empty_space][\/vc_column][\/vc_row][vc_row][vc_column][vc_column_text]<\/p>\n<h2 style=\"text-align: center;\"><strong>OTHER TOPICS<\/strong><\/h2>\n<p>[\/vc_column_text][\/vc_column][\/vc_row][vc_row css=&#8221;.vc_custom_1643956279482{margin-right: 0px !important;margin-left: 0px !important;padding-top: 35px !important;padding-right: 30px !important;padding-bottom: 35px !important;padding-left: 30px !important;background-color: #e5efee !important;}&#8221; el_class=&#8221;baeren-main-section&#8221;][vc_column css=&#8221;.vc_custom_1633590045645{padding-top: 0px !important;}&#8221; el_class=&#8221;zoo-wrapper&#8221;][vc_row_inner equal_height=&#8221;yes&#8221; gap=&#8221;30&#8243;][vc_column_inner width=&#8221;1\/2&#8243; css=&#8221;.vc_custom_1629893838254{padding-top: 0px !important;padding-right: 0px !important;padding-bottom: 0px !important;padding-left: 0px !important;background-color: #41572b !important;}&#8221;][vc_single_image image=&#8221;10651&#8243; img_size=&#8221;540 x 320&#8243; alignment=&#8221;center&#8221; onclick=&#8221;custom_link&#8221; link=&#8221;https:\/\/tierpark-bern.ch\/en\/bearpark\/bears\/biology-of-the-brown-bear\/&#8221;][vc_column_text css=&#8221;.vc_custom_1675772533744{padding-right: 30px !important;padding-left: 30px !important;}&#8221;]<\/p>\n<div class=\"zoo-news-section\">\n<h2>Biology of the brown bear<\/h2>\n<p>Body length 170-220 cm, weight 100-340 kg, coat colour from light brown to almost black. Cubs wear a light collar.<\/p>\n<\/div>\n<p>[\/vc_column_text][vc_btn title=&#8221;More about the biology of the brown bear&#8221; style=&#8221;flat&#8221; shape=&#8221;square&#8221; color=&#8221;white&#8221; size=&#8221;lg&#8221; i_align=&#8221;right&#8221; i_icon_fontawesome=&#8221;&#8221; add_icon=&#8221;true&#8221; link=&#8221;url:https%3A%2F%2Ftierpark-bern.ch%2Fen%2Fbearpark%2Fbears%2Fbiology-of-the-brown-bear%2F&#8221; el_class=&#8221;btn-zoo-barenpark&#8221; css=&#8221;.vc_custom_1676913855430{padding-right: 30px !important;padding-left: 30px !important;}&#8221;][\/vc_column_inner][vc_column_inner width=&#8221;1\/2&#8243; css=&#8221;.vc_custom_1629893850947{padding-top: 0px !important;padding-right: 0px !important;padding-bottom: 0px !important;padding-left: 0px !important;background-color: #41572b !important;}&#8221;][vc_single_image image=&#8221;20330&#8243; img_size=&#8221;540 x 320&#8243; alignment=&#8221;center&#8221; onclick=&#8221;custom_link&#8221; link=&#8221;https:\/\/tierpark-bern.ch\/en\/animals\/facilities\/wolf-bear-forest\/&#8221;][vc_column_text css=&#8221;.vc_custom_1675772587828{padding-right: 30px !important;padding-left: 30px !important;}&#8221;]<\/p>\n<div class=\"zoo-news-section\">\n<h2>Our bears at D\u00e4hlh\u00f6lzli<\/h2>\n<p>By the way, we also keep bears at D\u00e4hlh\u00f6lzli Zoo. The two Ussuri brown bears live there together with the wolves in the Bern Bear Forest.<\/p>\n<\/div>\n<p>[\/vc_column_text][vc_btn title=&#8221;More about the bears at D\u00e4hlh\u00f6lzli&#8221; style=&#8221;flat&#8221; shape=&#8221;square&#8221; color=&#8221;white&#8221; size=&#8221;lg&#8221; i_align=&#8221;right&#8221; i_icon_fontawesome=&#8221;&#8221; add_icon=&#8221;true&#8221; link=&#8221;url:https%3A%2F%2Ftierpark-bern.ch%2Fen%2Fanimals%2Ffacilities%2Fwolf-bear-forest%2F&#8221; el_class=&#8221;btn-zoo-barenpark&#8221; css=&#8221;.vc_custom_1676913875048{padding-right: 30px !important;padding-left: 30px !important;}&#8221;][\/vc_column_inner][\/vc_row_inner][\/vc_column][\/vc_row]<\/p>\n<\/div>","protected":false},"excerpt":{"rendered":"<p>Learn interesting facts about their biology and get to know the inhabitants of the BearPark.<\/p>\n","protected":false},"author":10,"featured_media":51867,"parent":38571,"menu_order":0,"comment_status":"closed","ping_status":"closed","template":"","meta":{"_acf_changed":false,"footnotes":""},"class_list":["post-51866","page","type-page","status-publish","has-post-thumbnail","hentry"],"acf":[],"yoast_head":"<title>Our bears in the BearPark | Tierpark Bern<\/title>\n<meta name=\"description\" content=\"Learn interesting facts about their biology and get to know the inhabitants of the BearPark.\" \/>\n<meta name=\"robots\" content=\"index, follow, max-snippet:-1, max-image-preview:large, max-video-preview:-1\" \/>\n<link rel=\"canonical\" href=\"https:\/\/tierpark-bern.ch\/en\/bearpark\/bears\/\" \/>\n<meta property=\"og:locale\" content=\"en_US\" \/>\n<meta property=\"og:type\" content=\"article\" \/>\n<meta property=\"og:title\" content=\"Our bears in the BearPark | Tierpark Bern\" \/>\n<meta property=\"og:description\" content=\"Learn interesting facts about their biology and get to know the inhabitants of the BearPark.\" \/>\n<meta property=\"og:url\" content=\"https:\/\/tierpark-bern.ch\/en\/bearpark\/bears\/\" \/>\n<meta property=\"og:site_name\" content=\"Tierpark Bern\" \/>\n<meta property=\"article:publisher\" content=\"https:\/\/www.facebook.com\/tierparkbern\/\" \/>\n<meta property=\"article:modified_time\" content=\"2023-04-18T11:45:04+00:00\" \/>\n<meta property=\"og:image\" content=\"https:\/\/tierpark-bern.ch\/web\/app\/uploads\/2020\/07\/ursina-baerenpark-50-bern-schweiz.jpg\" \/>\n\t<meta property=\"og:image:width\" content=\"1500\" \/>\n\t<meta property=\"og:image:height\" content=\"998\" \/>\n\t<meta property=\"og:image:type\" content=\"image\/jpeg\" \/>\n<script type=\"application\/ld+json\" class=\"yoast-schema-graph\">{\"@context\":\"https:\/\/schema.org\",\"@graph\":[{\"@type\":\"WebPage\",\"@id\":\"https:\/\/tierpark-bern.ch\/en\/bearpark\/bears\/\",\"url\":\"https:\/\/tierpark-bern.ch\/en\/bearpark\/bears\/\",\"name\":\"Our bears in the BearPark | Tierpark Bern\",\"isPartOf\":{\"@id\":\"https:\/\/tierpark-bern.ch\/en\/#website\"},\"primaryImageOfPage\":{\"@id\":\"https:\/\/tierpark-bern.ch\/en\/bearpark\/bears\/#primaryimage\"},\"image\":{\"@id\":\"https:\/\/tierpark-bern.ch\/en\/bearpark\/bears\/#primaryimage\"},\"thumbnailUrl\":\"https:\/\/tierpark-bern.ch\/web\/app\/uploads\/2020\/07\/ursina-baerenpark-50-bern-schweiz.jpg\",\"datePublished\":\"2020-08-28T10:10:11+00:00\",\"dateModified\":\"2023-04-18T11:45:04+00:00\",\"description\":\"Learn interesting facts about their biology and get to know the inhabitants of the BearPark.\",\"breadcrumb\":{\"@id\":\"https:\/\/tierpark-bern.ch\/en\/bearpark\/bears\/#breadcrumb\"},\"inLanguage\":\"en-US\",\"potentialAction\":[{\"@type\":\"ReadAction\",\"target\":[\"https:\/\/tierpark-bern.ch\/en\/bearpark\/bears\/\"]}]},{\"@type\":\"ImageObject\",\"inLanguage\":\"en-US\",\"@id\":\"https:\/\/tierpark-bern.ch\/en\/bearpark\/bears\/#primaryimage\",\"url\":\"https:\/\/tierpark-bern.ch\/web\/app\/uploads\/2020\/07\/ursina-baerenpark-50-bern-schweiz.jpg\",\"contentUrl\":\"https:\/\/tierpark-bern.ch\/web\/app\/uploads\/2020\/07\/ursina-baerenpark-50-bern-schweiz.jpg\",\"width\":1500,\"height\":998},{\"@type\":\"BreadcrumbList\",\"@id\":\"https:\/\/tierpark-bern.ch\/en\/bearpark\/bears\/#breadcrumb\",\"itemListElement\":[{\"@type\":\"ListItem\",\"position\":1,\"name\":\"Home\",\"item\":\"https:\/\/tierpark-bern.ch\/en\/\"},{\"@type\":\"ListItem\",\"position\":2,\"name\":\"BearPark\",\"item\":\"https:\/\/tierpark-bern.ch\/en\/bearpark\/\"},{\"@type\":\"ListItem\",\"position\":3,\"name\":\"Our bears in the BearPark\"}]},{\"@type\":\"WebSite\",\"@id\":\"https:\/\/tierpark-bern.ch\/en\/#website\",\"url\":\"https:\/\/tierpark-bern.ch\/en\/\",\"name\":\"Tierpark Bern\",\"description\":\"\",\"publisher\":{\"@id\":\"https:\/\/tierpark-bern.ch\/en\/#organization\"},\"potentialAction\":[{\"@type\":\"SearchAction\",\"target\":{\"@type\":\"EntryPoint\",\"urlTemplate\":\"https:\/\/tierpark-bern.ch\/en\/?s={search_term_string}\"},\"query-input\":{\"@type\":\"PropertyValueSpecification\",\"valueRequired\":true,\"valueName\":\"search_term_string\"}}],\"inLanguage\":\"en-US\"},{\"@type\":\"Organization\",\"@id\":\"https:\/\/tierpark-bern.ch\/en\/#organization\",\"name\":\"Tierpark Bern | D\u00e4hlh\u00f6lzli + B\u00e4renPark\",\"alternateName\":\"Tierpark Bern\",\"url\":\"https:\/\/tierpark-bern.ch\/en\/\",\"logo\":{\"@type\":\"ImageObject\",\"inLanguage\":\"en-US\",\"@id\":\"https:\/\/tierpark-bern.ch\/en\/#\/schema\/logo\/image\/\",\"url\":\"https:\/\/tierpark-bern.ch\/web\/app\/uploads\/2024\/04\/tierpark-bern-696x696-1.jpg\",\"contentUrl\":\"https:\/\/tierpark-bern.ch\/web\/app\/uploads\/2024\/04\/tierpark-bern-696x696-1.jpg\",\"width\":696,\"height\":696,\"caption\":\"Tierpark Bern | D\u00e4hlh\u00f6lzli + B\u00e4renPark\"},\"image\":{\"@id\":\"https:\/\/tierpark-bern.ch\/en\/#\/schema\/logo\/image\/\"},\"sameAs\":[\"https:\/\/www.facebook.com\/tierparkbern\/\",\"https:\/\/x.com\/tierparkbern\",\"https:\/\/www.instagram.com\/tierparkbern\/\"]}]}<\/script>","yoast_head_json":{"title":"Our bears in the BearPark | Tierpark Bern","description":"Learn interesting facts about their biology and get to know the inhabitants of the BearPark.","robots":{"index":"index","follow":"follow","max-snippet":"max-snippet:-1","max-image-preview":"max-image-preview:large","max-video-preview":"max-video-preview:-1"},"canonical":"https:\/\/tierpark-bern.ch\/en\/bearpark\/bears\/","og_locale":"en_US","og_type":"article","og_title":"Our bears in the BearPark | Tierpark Bern","og_description":"Learn interesting facts about their biology and get to know the inhabitants of the BearPark.","og_url":"https:\/\/tierpark-bern.ch\/en\/bearpark\/bears\/","og_site_name":"Tierpark Bern","article_publisher":"https:\/\/www.facebook.com\/tierparkbern\/","article_modified_time":"2023-04-18T11:45:04+00:00","og_image":[{"width":1500,"height":998,"url":"https:\/\/tierpark-bern.ch\/web\/app\/uploads\/2020\/07\/ursina-baerenpark-50-bern-schweiz.jpg","type":"image\/jpeg"}],"schema":{"@context":"https:\/\/schema.org","@graph":[{"@type":"WebPage","@id":"https:\/\/tierpark-bern.ch\/en\/bearpark\/bears\/","url":"https:\/\/tierpark-bern.ch\/en\/bearpark\/bears\/","name":"Our bears in the BearPark | Tierpark Bern","isPartOf":{"@id":"https:\/\/tierpark-bern.ch\/en\/#website"},"primaryImageOfPage":{"@id":"https:\/\/tierpark-bern.ch\/en\/bearpark\/bears\/#primaryimage"},"image":{"@id":"https:\/\/tierpark-bern.ch\/en\/bearpark\/bears\/#primaryimage"},"thumbnailUrl":"https:\/\/tierpark-bern.ch\/web\/app\/uploads\/2020\/07\/ursina-baerenpark-50-bern-schweiz.jpg","datePublished":"2020-08-28T10:10:11+00:00","dateModified":"2023-04-18T11:45:04+00:00","description":"Learn interesting facts about their biology and get to know the inhabitants of the BearPark.","breadcrumb":{"@id":"https:\/\/tierpark-bern.ch\/en\/bearpark\/bears\/#breadcrumb"},"inLanguage":"en-US","potentialAction":[{"@type":"ReadAction","target":["https:\/\/tierpark-bern.ch\/en\/bearpark\/bears\/"]}]},{"@type":"ImageObject","inLanguage":"en-US","@id":"https:\/\/tierpark-bern.ch\/en\/bearpark\/bears\/#primaryimage","url":"https:\/\/tierpark-bern.ch\/web\/app\/uploads\/2020\/07\/ursina-baerenpark-50-bern-schweiz.jpg","contentUrl":"https:\/\/tierpark-bern.ch\/web\/app\/uploads\/2020\/07\/ursina-baerenpark-50-bern-schweiz.jpg","width":1500,"height":998},{"@type":"BreadcrumbList","@id":"https:\/\/tierpark-bern.ch\/en\/bearpark\/bears\/#breadcrumb","itemListElement":[{"@type":"ListItem","position":1,"name":"Home","item":"https:\/\/tierpark-bern.ch\/en\/"},{"@type":"ListItem","position":2,"name":"BearPark","item":"https:\/\/tierpark-bern.ch\/en\/bearpark\/"},{"@type":"ListItem","position":3,"name":"Our bears in the BearPark"}]},{"@type":"WebSite","@id":"https:\/\/tierpark-bern.ch\/en\/#website","url":"https:\/\/tierpark-bern.ch\/en\/","name":"Tierpark Bern","description":"","publisher":{"@id":"https:\/\/tierpark-bern.ch\/en\/#organization"},"potentialAction":[{"@type":"SearchAction","target":{"@type":"EntryPoint","urlTemplate":"https:\/\/tierpark-bern.ch\/en\/?s={search_term_string}"},"query-input":{"@type":"PropertyValueSpecification","valueRequired":true,"valueName":"search_term_string"}}],"inLanguage":"en-US"},{"@type":"Organization","@id":"https:\/\/tierpark-bern.ch\/en\/#organization","name":"Tierpark Bern | D\u00e4hlh\u00f6lzli + B\u00e4renPark","alternateName":"Tierpark Bern","url":"https:\/\/tierpark-bern.ch\/en\/","logo":{"@type":"ImageObject","inLanguage":"en-US","@id":"https:\/\/tierpark-bern.ch\/en\/#\/schema\/logo\/image\/","url":"https:\/\/tierpark-bern.ch\/web\/app\/uploads\/2024\/04\/tierpark-bern-696x696-1.jpg","contentUrl":"https:\/\/tierpark-bern.ch\/web\/app\/uploads\/2024\/04\/tierpark-bern-696x696-1.jpg","width":696,"height":696,"caption":"Tierpark Bern | D\u00e4hlh\u00f6lzli + B\u00e4renPark"},"image":{"@id":"https:\/\/tierpark-bern.ch\/en\/#\/schema\/logo\/image\/"},"sameAs":["https:\/\/www.facebook.com\/tierparkbern\/","https:\/\/x.com\/tierparkbern","https:\/\/www.instagram.com\/tierparkbern\/"]}]}},"_links":{"self":[{"href":"https:\/\/tierpark-bern.ch\/en\/wp-json\/wp\/v2\/pages\/51866","targetHints":{"allow":["GET"]}}],"collection":[{"href":"https:\/\/tierpark-bern.ch\/en\/wp-json\/wp\/v2\/pages"}],"about":[{"href":"https:\/\/tierpark-bern.ch\/en\/wp-json\/wp\/v2\/types\/page"}],"author":[{"embeddable":true,"href":"https:\/\/tierpark-bern.ch\/en\/wp-json\/wp\/v2\/users\/10"}],"replies":[{"embeddable":true,"href":"https:\/\/tierpark-bern.ch\/en\/wp-json\/wp\/v2\/comments?post=51866"}],"version-history":[{"count":0,"href":"https:\/\/tierpark-bern.ch\/en\/wp-json\/wp\/v2\/pages\/51866\/revisions"}],"up":[{"embeddable":true,"href":"https:\/\/tierpark-bern.ch\/en\/wp-json\/wp\/v2\/pages\/38571"}],"wp:featuredmedia":[{"embeddable":true,"href":"https:\/\/tierpark-bern.ch\/en\/wp-json\/wp\/v2\/media\/51867"}],"wp:attachment":[{"href":"https:\/\/tierpark-bern.ch\/en\/wp-json\/wp\/v2\/media?parent=51866"}],"curies":[{"name":"wp","href":"https:\/\/api.w.org\/{rel}","templated":true}]}}