
{"id":51876,"date":"2020-08-28T12:42:23","date_gmt":"2020-08-28T10:42:23","guid":{"rendered":"https:\/\/tierpark-bern.ch\/bearpark\/bears\/braunbaer-biologie\/"},"modified":"2023-02-07T13:56:06","modified_gmt":"2023-02-07T12:56:06","slug":"biology-of-the-brown-bear","status":"publish","type":"page","link":"https:\/\/tierpark-bern.ch\/en\/bearpark\/bears\/biology-of-the-brown-bear\/","title":{"rendered":"Biology of the brown bear"},"content":{"rendered":"<div class=\"wpb-content-wrapper\"><p>[vc_row][vc_column][vc_column_text]<\/p>\n<h1>Biology of the brown bear<\/h1>\n<p>[\/vc_column_text][\/vc_column][\/vc_row][vc_row][vc_column][vc_column_text]<\/p>\n<h2>Features<\/h2>\n<p>Body length 170-220 cm, weight 100-340 kg, coat colour from light brown to almost black. Young animals wear a light collar. Dentition with powerful canines, but unlike other carnivores, the molars have broad, flat crowns as an adaptation to the mainly vegetable diet. Stocky legs, the feet bear 5 claws which cannot be retracted into sheaths as in cats. The bear is a sole walker; it also climbs and swims well.<\/p>\n<p>Originally, brown bears inhabited almost all of Europe, as well as North America and northern and central Asia. Today, we still find remnants of the brown bear in Europe in the Pyrenees and the Abruzzi, in the Austrian-Slovenian Alps and in the Balkans. Larger populations still live in the Carpathians, Scandinavia and western Russia.<\/p>\n<h2>Distribution<\/h2>\n<p>In our latitudes, the bear lives mainly in the forest up to the timberline. Without human influence, the Swiss Plateau would have been dominated by mixed beech forest for over 3000 years. In its clearings and edges, where a rich herb layer with berry bushes develops and oak asserts itself next to the dominant beech, the bear collects beech nuts, acorns and berries.<\/p>\n<h2>Daily and seasonal activity rhythm<\/h2>\n<p>The brown bear is diurnal and nocturnal, mainly nocturnal depending on the threat situation and disturbances. As an adaptation to the winter food shortage (mainly herbivores), the brown bear hibernates between October and March in our latitudes. The hibernation is triggered by a lack of food, shorter daylight hours and cold temperatures. In human care, brown bears only go into hibernation if they can eat the necessary fat reserves in late summer and autumn thanks to intensive feeding. Another condition is a sufficiently large and structured enclosure with winter dens.<\/p>\n<h2>Food<\/h2>\n<p>The brown bear is a typical omnivore, but mainly a vegetarian: it eats berries, roots, fruits, buds, seeds and grass. Besides that, it feeds on insects and their larvae, and it loves honey from wild bees. Occasionally it can strike prey, now and then it attacks unprotected grazing animals such as sheep and cattle, and it does not disdain the carcasses of fallen game either.<\/p>\n<h2>Reproduction, social life<\/h2>\n<p>Outside the breeding season (mating May-June), brown bears live solitary lives in fixed but not exclusively used haunts. After a gestation period of 7-8 months, the female bear gives birth to 2-3 cubs of about 300 grams each in a den she has dug herself. The cubs are blind at birth, open their eyes only after about 4 weeks and are suckled for 4 months. The female bear leads her cubs for two to three years; during this time she strictly avoids males. From the mother, the cubs learn all the skills necessary for survival. After this time, the cubs roam around until sexual maturity. At the age of 3-4 years they become sexually mature. A female can give birth up to 10 times. The brown bear can live 30 years in care.[\/vc_column_text][\/vc_column][\/vc_row][vc_row][vc_column][vc_column_text]<section class=\"section no-padding-bottom page-suggestion-container\">\n            <div class=\"container\">\n                <div class=\"row bottom-50\">\n                    <div class=\"col-12\">\n                        <div class=\"heading heading--primary heading--center\">\n                            <h2 class=\"heading__title no-margin-bottom\"><span>More Topics<\/span><\/h2>\n                        <\/div>\n                    <\/div>\n                <\/div>\n                <div class=\"row\"><div class=\"col-md-6 col-xl-4 \">\n                        <div class=\"service-content\" tabindex=\"0\" role=\"link\" onclick=\"suggestionLinkfunction(this);\" data-href=\"https:\/\/tierpark-bern.ch\/en\/bearpark\/bears\/\">\n                            <img decoding=\"async\" src=\"https:\/\/tierpark-bern.ch\/web\/app\/uploads\/2020\/07\/ursina-baerenpark-50-bern-schweiz-386x230.jpg\" alt=\"\"\/>\n                                <div class=\"service-desc\">\n                                    <div class=\"vcenter\">\n                                        <div class=\"titel\">Our bears in the BearPark<\/div>\n                                    <\/div>\n                                <\/div>\n                        <\/div>\n                    <\/div><div class=\"col-md-6 col-xl-4 \">\n                        <div class=\"service-content\" tabindex=\"0\" role=\"link\" onclick=\"suggestionLinkfunction(this);\" data-href=\"https:\/\/tierpark-bern.ch\/en\/bearpark\/bern-and-bears\/\">\n                            <img decoding=\"async\" src=\"https:\/\/tierpark-bern.ch\/web\/app\/uploads\/2020\/07\/ursina-baerenpark-51-bern-schweiz-386x230.jpg\" alt=\"\"\/>\n                                <div class=\"service-desc\">\n                                    <div class=\"vcenter\">\n                                        <div class=\"titel\">Bern and bears<\/div>\n                                    <\/div>\n                                <\/div>\n                        <\/div>\n                    <\/div><div class=\"col-md-6 col-xl-4 \">\n                        <div class=\"service-content\" tabindex=\"0\" role=\"link\" onclick=\"suggestionLinkfunction(this);\" data-href=\"https:\/\/tierpark-bern.ch\/en\/bearpark\/getting-here\/\">\n                            <img decoding=\"async\" src=\"https:\/\/tierpark-bern.ch\/web\/app\/uploads\/2020\/07\/finn-baerenpark-53-bern-schweiz-386x230.jpg\" alt=\"\"\/>\n                                <div class=\"service-desc\">\n                                    <div class=\"vcenter\">\n                                        <div class=\"titel\">Getting to the BearPark<\/div>\n                                    <\/div>\n                                <\/div>\n                        <\/div>\n                    <\/div><\/div>\n            <\/div>\n        <\/section>[\/vc_column_text][\/vc_column][\/vc_row]<\/p>\n<\/div>","protected":false},"excerpt":{"rendered":"<p>[vc_row][vc_column][vc_column_text] Biology of the brown bear [\/vc_column_text][\/vc_column][\/vc_row][vc_row][vc_column][vc_column_text] Features Body length 170-220 cm, weight 100-340 kg, coat colour from light brown to almost black. Young animals wear a light collar. Dentition with powerful canines, but unlike other carnivores, the molars have broad, flat crowns as an adaptation to the mainly vegetable diet. Stocky legs, the feet [&hellip;]<\/p>\n","protected":false},"author":10,"featured_media":22242,"parent":51866,"menu_order":0,"comment_status":"closed","ping_status":"closed","template":"","meta":{"_acf_changed":false,"footnotes":""},"class_list":["post-51876","page","type-page","status-publish","has-post-thumbnail","hentry"],"acf":[],"yoast_head":"<title>Biology of the brown bear | Tierpark Bern<\/title>\n<meta name=\"description\" content=\"Der Braunb\u00e4r ist tag- und nachtaktiv, je nach Bedrohungslage und St\u00f6rungen vornehmlich nachtaktiv.\" \/>\n<meta name=\"robots\" content=\"index, follow, max-snippet:-1, max-image-preview:large, max-video-preview:-1\" \/>\n<link rel=\"canonical\" href=\"https:\/\/tierpark-bern.ch\/en\/bearpark\/bears\/biology-of-the-brown-bear\/\" \/>\n<meta property=\"og:locale\" content=\"en_US\" \/>\n<meta property=\"og:type\" content=\"article\" \/>\n<meta property=\"og:title\" content=\"Biology of the brown bear | Tierpark Bern\" \/>\n<meta property=\"og:description\" content=\"Der Braunb\u00e4r ist tag- und nachtaktiv, je nach Bedrohungslage und St\u00f6rungen vornehmlich nachtaktiv.\" \/>\n<meta property=\"og:url\" content=\"https:\/\/tierpark-bern.ch\/en\/bearpark\/bears\/biology-of-the-brown-bear\/\" \/>\n<meta property=\"og:site_name\" content=\"Tierpark Bern\" \/>\n<meta property=\"article:publisher\" content=\"https:\/\/www.facebook.com\/tierparkbern\/\" \/>\n<meta property=\"article:modified_time\" content=\"2023-02-07T12:56:06+00:00\" \/>\n<meta property=\"og:image\" content=\"https:\/\/tierpark-bern.ch\/web\/app\/uploads\/2020\/07\/baeren-park-44-bern-schweiz.jpg\" \/>\n\t<meta property=\"og:image:width\" content=\"1500\" \/>\n\t<meta property=\"og:image:height\" content=\"998\" \/>\n\t<meta property=\"og:image:type\" content=\"image\/jpeg\" \/>\n<script type=\"application\/ld+json\" class=\"yoast-schema-graph\">{\"@context\":\"https:\/\/schema.org\",\"@graph\":[{\"@type\":\"WebPage\",\"@id\":\"https:\/\/tierpark-bern.ch\/en\/bearpark\/bears\/biology-of-the-brown-bear\/\",\"url\":\"https:\/\/tierpark-bern.ch\/en\/bearpark\/bears\/biology-of-the-brown-bear\/\",\"name\":\"Biology of the brown bear | Tierpark Bern\",\"isPartOf\":{\"@id\":\"https:\/\/tierpark-bern.ch\/en\/#website\"},\"primaryImageOfPage\":{\"@id\":\"https:\/\/tierpark-bern.ch\/en\/bearpark\/bears\/biology-of-the-brown-bear\/#primaryimage\"},\"image\":{\"@id\":\"https:\/\/tierpark-bern.ch\/en\/bearpark\/bears\/biology-of-the-brown-bear\/#primaryimage\"},\"thumbnailUrl\":\"https:\/\/tierpark-bern.ch\/web\/app\/uploads\/2020\/07\/baeren-park-44-bern-schweiz.jpg\",\"datePublished\":\"2020-08-28T10:42:23+00:00\",\"dateModified\":\"2023-02-07T12:56:06+00:00\",\"description\":\"Der Braunb\u00e4r ist tag- und nachtaktiv, je nach Bedrohungslage und St\u00f6rungen vornehmlich nachtaktiv.\",\"breadcrumb\":{\"@id\":\"https:\/\/tierpark-bern.ch\/en\/bearpark\/bears\/biology-of-the-brown-bear\/#breadcrumb\"},\"inLanguage\":\"en-US\",\"potentialAction\":[{\"@type\":\"ReadAction\",\"target\":[\"https:\/\/tierpark-bern.ch\/en\/bearpark\/bears\/biology-of-the-brown-bear\/\"]}]},{\"@type\":\"ImageObject\",\"inLanguage\":\"en-US\",\"@id\":\"https:\/\/tierpark-bern.ch\/en\/bearpark\/bears\/biology-of-the-brown-bear\/#primaryimage\",\"url\":\"https:\/\/tierpark-bern.ch\/web\/app\/uploads\/2020\/07\/baeren-park-44-bern-schweiz.jpg\",\"contentUrl\":\"https:\/\/tierpark-bern.ch\/web\/app\/uploads\/2020\/07\/baeren-park-44-bern-schweiz.jpg\",\"width\":1500,\"height\":998},{\"@type\":\"BreadcrumbList\",\"@id\":\"https:\/\/tierpark-bern.ch\/en\/bearpark\/bears\/biology-of-the-brown-bear\/#breadcrumb\",\"itemListElement\":[{\"@type\":\"ListItem\",\"position\":1,\"name\":\"Home\",\"item\":\"https:\/\/tierpark-bern.ch\/en\/\"},{\"@type\":\"ListItem\",\"position\":2,\"name\":\"BearPark\",\"item\":\"https:\/\/tierpark-bern.ch\/en\/bearpark\/\"},{\"@type\":\"ListItem\",\"position\":3,\"name\":\"Our bears in the BearPark\",\"item\":\"https:\/\/tierpark-bern.ch\/en\/bearpark\/bears\/\"},{\"@type\":\"ListItem\",\"position\":4,\"name\":\"Biology of the brown bear\"}]},{\"@type\":\"WebSite\",\"@id\":\"https:\/\/tierpark-bern.ch\/en\/#website\",\"url\":\"https:\/\/tierpark-bern.ch\/en\/\",\"name\":\"Tierpark Bern\",\"description\":\"\",\"publisher\":{\"@id\":\"https:\/\/tierpark-bern.ch\/en\/#organization\"},\"potentialAction\":[{\"@type\":\"SearchAction\",\"target\":{\"@type\":\"EntryPoint\",\"urlTemplate\":\"https:\/\/tierpark-bern.ch\/en\/?s={search_term_string}\"},\"query-input\":{\"@type\":\"PropertyValueSpecification\",\"valueRequired\":true,\"valueName\":\"search_term_string\"}}],\"inLanguage\":\"en-US\"},{\"@type\":\"Organization\",\"@id\":\"https:\/\/tierpark-bern.ch\/en\/#organization\",\"name\":\"Tierpark Bern | D\u00e4hlh\u00f6lzli + B\u00e4renPark\",\"alternateName\":\"Tierpark Bern\",\"url\":\"https:\/\/tierpark-bern.ch\/en\/\",\"logo\":{\"@type\":\"ImageObject\",\"inLanguage\":\"en-US\",\"@id\":\"https:\/\/tierpark-bern.ch\/en\/#\/schema\/logo\/image\/\",\"url\":\"https:\/\/tierpark-bern.ch\/web\/app\/uploads\/2024\/04\/tierpark-bern-696x696-1.jpg\",\"contentUrl\":\"https:\/\/tierpark-bern.ch\/web\/app\/uploads\/2024\/04\/tierpark-bern-696x696-1.jpg\",\"width\":696,\"height\":696,\"caption\":\"Tierpark Bern | D\u00e4hlh\u00f6lzli + B\u00e4renPark\"},\"image\":{\"@id\":\"https:\/\/tierpark-bern.ch\/en\/#\/schema\/logo\/image\/\"},\"sameAs\":[\"https:\/\/www.facebook.com\/tierparkbern\/\",\"https:\/\/x.com\/tierparkbern\",\"https:\/\/www.instagram.com\/tierparkbern\/\"]}]}<\/script>","yoast_head_json":{"title":"Biology of the brown bear | Tierpark Bern","description":"Der Braunb\u00e4r ist tag- und nachtaktiv, je nach Bedrohungslage und St\u00f6rungen vornehmlich nachtaktiv.","robots":{"index":"index","follow":"follow","max-snippet":"max-snippet:-1","max-image-preview":"max-image-preview:large","max-video-preview":"max-video-preview:-1"},"canonical":"https:\/\/tierpark-bern.ch\/en\/bearpark\/bears\/biology-of-the-brown-bear\/","og_locale":"en_US","og_type":"article","og_title":"Biology of the brown bear | Tierpark Bern","og_description":"Der Braunb\u00e4r ist tag- und nachtaktiv, je nach Bedrohungslage und St\u00f6rungen vornehmlich nachtaktiv.","og_url":"https:\/\/tierpark-bern.ch\/en\/bearpark\/bears\/biology-of-the-brown-bear\/","og_site_name":"Tierpark Bern","article_publisher":"https:\/\/www.facebook.com\/tierparkbern\/","article_modified_time":"2023-02-07T12:56:06+00:00","og_image":[{"width":1500,"height":998,"url":"https:\/\/tierpark-bern.ch\/web\/app\/uploads\/2020\/07\/baeren-park-44-bern-schweiz.jpg","type":"image\/jpeg"}],"schema":{"@context":"https:\/\/schema.org","@graph":[{"@type":"WebPage","@id":"https:\/\/tierpark-bern.ch\/en\/bearpark\/bears\/biology-of-the-brown-bear\/","url":"https:\/\/tierpark-bern.ch\/en\/bearpark\/bears\/biology-of-the-brown-bear\/","name":"Biology of the brown bear | Tierpark Bern","isPartOf":{"@id":"https:\/\/tierpark-bern.ch\/en\/#website"},"primaryImageOfPage":{"@id":"https:\/\/tierpark-bern.ch\/en\/bearpark\/bears\/biology-of-the-brown-bear\/#primaryimage"},"image":{"@id":"https:\/\/tierpark-bern.ch\/en\/bearpark\/bears\/biology-of-the-brown-bear\/#primaryimage"},"thumbnailUrl":"https:\/\/tierpark-bern.ch\/web\/app\/uploads\/2020\/07\/baeren-park-44-bern-schweiz.jpg","datePublished":"2020-08-28T10:42:23+00:00","dateModified":"2023-02-07T12:56:06+00:00","description":"Der Braunb\u00e4r ist tag- und nachtaktiv, je nach Bedrohungslage und St\u00f6rungen vornehmlich nachtaktiv.","breadcrumb":{"@id":"https:\/\/tierpark-bern.ch\/en\/bearpark\/bears\/biology-of-the-brown-bear\/#breadcrumb"},"inLanguage":"en-US","potentialAction":[{"@type":"ReadAction","target":["https:\/\/tierpark-bern.ch\/en\/bearpark\/bears\/biology-of-the-brown-bear\/"]}]},{"@type":"ImageObject","inLanguage":"en-US","@id":"https:\/\/tierpark-bern.ch\/en\/bearpark\/bears\/biology-of-the-brown-bear\/#primaryimage","url":"https:\/\/tierpark-bern.ch\/web\/app\/uploads\/2020\/07\/baeren-park-44-bern-schweiz.jpg","contentUrl":"https:\/\/tierpark-bern.ch\/web\/app\/uploads\/2020\/07\/baeren-park-44-bern-schweiz.jpg","width":1500,"height":998},{"@type":"BreadcrumbList","@id":"https:\/\/tierpark-bern.ch\/en\/bearpark\/bears\/biology-of-the-brown-bear\/#breadcrumb","itemListElement":[{"@type":"ListItem","position":1,"name":"Home","item":"https:\/\/tierpark-bern.ch\/en\/"},{"@type":"ListItem","position":2,"name":"BearPark","item":"https:\/\/tierpark-bern.ch\/en\/bearpark\/"},{"@type":"ListItem","position":3,"name":"Our bears in the BearPark","item":"https:\/\/tierpark-bern.ch\/en\/bearpark\/bears\/"},{"@type":"ListItem","position":4,"name":"Biology of the brown bear"}]},{"@type":"WebSite","@id":"https:\/\/tierpark-bern.ch\/en\/#website","url":"https:\/\/tierpark-bern.ch\/en\/","name":"Tierpark Bern","description":"","publisher":{"@id":"https:\/\/tierpark-bern.ch\/en\/#organization"},"potentialAction":[{"@type":"SearchAction","target":{"@type":"EntryPoint","urlTemplate":"https:\/\/tierpark-bern.ch\/en\/?s={search_term_string}"},"query-input":{"@type":"PropertyValueSpecification","valueRequired":true,"valueName":"search_term_string"}}],"inLanguage":"en-US"},{"@type":"Organization","@id":"https:\/\/tierpark-bern.ch\/en\/#organization","name":"Tierpark Bern | D\u00e4hlh\u00f6lzli + B\u00e4renPark","alternateName":"Tierpark Bern","url":"https:\/\/tierpark-bern.ch\/en\/","logo":{"@type":"ImageObject","inLanguage":"en-US","@id":"https:\/\/tierpark-bern.ch\/en\/#\/schema\/logo\/image\/","url":"https:\/\/tierpark-bern.ch\/web\/app\/uploads\/2024\/04\/tierpark-bern-696x696-1.jpg","contentUrl":"https:\/\/tierpark-bern.ch\/web\/app\/uploads\/2024\/04\/tierpark-bern-696x696-1.jpg","width":696,"height":696,"caption":"Tierpark Bern | D\u00e4hlh\u00f6lzli + B\u00e4renPark"},"image":{"@id":"https:\/\/tierpark-bern.ch\/en\/#\/schema\/logo\/image\/"},"sameAs":["https:\/\/www.facebook.com\/tierparkbern\/","https:\/\/x.com\/tierparkbern","https:\/\/www.instagram.com\/tierparkbern\/"]}]}},"_links":{"self":[{"href":"https:\/\/tierpark-bern.ch\/en\/wp-json\/wp\/v2\/pages\/51876","targetHints":{"allow":["GET"]}}],"collection":[{"href":"https:\/\/tierpark-bern.ch\/en\/wp-json\/wp\/v2\/pages"}],"about":[{"href":"https:\/\/tierpark-bern.ch\/en\/wp-json\/wp\/v2\/types\/page"}],"author":[{"embeddable":true,"href":"https:\/\/tierpark-bern.ch\/en\/wp-json\/wp\/v2\/users\/10"}],"replies":[{"embeddable":true,"href":"https:\/\/tierpark-bern.ch\/en\/wp-json\/wp\/v2\/comments?post=51876"}],"version-history":[{"count":0,"href":"https:\/\/tierpark-bern.ch\/en\/wp-json\/wp\/v2\/pages\/51876\/revisions"}],"up":[{"embeddable":true,"href":"https:\/\/tierpark-bern.ch\/en\/wp-json\/wp\/v2\/pages\/51866"}],"wp:featuredmedia":[{"embeddable":true,"href":"https:\/\/tierpark-bern.ch\/en\/wp-json\/wp\/v2\/media\/22242"}],"wp:attachment":[{"href":"https:\/\/tierpark-bern.ch\/en\/wp-json\/wp\/v2\/media?parent=51876"}],"curies":[{"name":"wp","href":"https:\/\/api.w.org\/{rel}","templated":true}]}}