
{"id":51940,"date":"2020-08-20T09:48:05","date_gmt":"2020-08-20T07:48:05","guid":{"rendered":"https:\/\/tierpark-bern.ch\/bildung\/"},"modified":"2024-03-11T14:36:36","modified_gmt":"2024-03-11T13:36:36","slug":"education","status":"publish","type":"page","link":"https:\/\/tierpark-bern.ch\/en\/education\/","title":{"rendered":"Schools"},"content":{"rendered":"<div class=\"wpb-content-wrapper\"><p>[vc_row][vc_column][vc_column_text css=&#8221;.vc_custom_1710164192076{margin-bottom: 10px !important;}&#8221;]<\/p>\n<h1>Schools<\/h1>\n<p>[\/vc_column_text][vc_message message_box_color=&#8221;sandy_brown&#8221;]<strong>NO reservation is necessary for a visit with your class without booking an offer.<\/strong>[\/vc_message][vc_column_text]D\u00e4hlh\u00f6lzli, a place where you learn even when you have no intention of learning anything! The aim of the zoo schools is to awaken an understanding for animals and their environment and to provide unforgettable experiences; this for pre-school and school children as well as for adults. We offer a rich palette of observation and information opportunities about the fascinating world of animals for all.[\/vc_column_text][\/vc_column][\/vc_row][vc_row][vc_column][vc_column_text]<div class=\"row bottom-30\">\n             <div class=\"col-lg-6 col-sm-12\"><input type=\"hidden\" id=\"zoo-type\" name=\"zoo-type\" value=\"kinder\">\n                            <input type=\"hidden\" id=\"icon-type\" name=\"icon-type\" value=\"\">\n                            <input type=\"hidden\" id=\"ctype\" name=\"ctype\" value=\"kinder\"><ul class=\"filter-panel tours-filter justify-content-start\">\n                      <li class=\"filter-panel__item all__item tours-zoo-type\" role=\"link\" data-zootype=\"\" tabindex=\"0\"><span>Alle<\/span><\/li><li class=\"filter-panel__item filter-tour-location daehlhoelzli__item education-zoo-type\" role=\"link\" data-zootype=\"D\u00e4hlh\u00f6lzli\" tabindex=\"0\"><img loading=\"lazy\" decoding=\"async\" class=\"filter-animal-icon\" src=\"https:\/\/tierpark-bern.ch\/web\/app\/themes\/tierpark-bern\/assets\/images\/monkey.svg\" alt=\"\" width=\"30\" height=\"30\"><span>D\u00e4hlh\u00f6lzli<\/span>\n                                                            <\/li><li class=\"filter-panel__item filter-tour-location barenpark__item education-zoo-type\" role=\"link\" data-zootype=\"B\u00e4renPark\" tabindex=\"0\"><img loading=\"lazy\" decoding=\"async\" class=\"filter-animal-icon\" src=\"https:\/\/tierpark-bern.ch\/web\/app\/themes\/tierpark-bern\/assets\/images\/bear-dark.svg\" alt=\"\" width=\"30\" height=\"30\"><span>B\u00e4renPark<\/span>\n                                                            <\/li><\/ul><\/div>\n        <\/div>\n        <div id=\"loader\" class=\"loader hidden\"><\/div>[\/vc_column_text][\/vc_column][\/vc_row][vc_row][vc_column][vc_column_text]<div class=\"row-list education-html\"><div class=\"list-item bottom-30\">\n                        <div class=\"tours-item\" onclick=\"tourlinkfunction(this);\" data-href=\"https:\/\/tierpark-bern.ch\/en\/education\/education-for-sustainable-development\/\">\n                            <div class=\"education-item__img\">\n                            <img decoding=\"async\" class=\"img--bg\" src=\"https:\/\/tierpark-bern.ch\/web\/app\/uploads\/2020\/07\/tierpark-bern-daehlhoelzli-zoo-236-540x320.jpg\" alt=\"\"\/><\/div>\n                            <div class=\"tours-item__body tours-item__body-zoo-erlebnisse education-body\">\n                            <div class=\"tours-item__body-contain\">\n                                <h2 class=\"education-item__title\">Education for sustainable development<\/h2>\n                                <p class=\"tours-item__content\">Learn about the demands and habitats of the animals.<\/p><div><span class=\"tour-location-details\">Location: <\/span>D\u00e4hlh\u00f6lzli oder B\u00e4renPark<\/div><\/div><div class=\"tours-item-footer\"><a class=\"vc_general vc_btn3 vc_btn3-size-lg vc_btn3-shape-square vc_btn3-style-flat vc_btn3-icon-right vc_btn3-color-white education-item__link\" href=\"https:\/\/tierpark-bern.ch\/en\/education\/education-for-sustainable-development\/\" aria-label=\"More about Education for sustainable development\">Read more <i class=\"vc_btn3-icon fa fa-arrow-right\"><\/i><\/a><\/div>\n\n                            <\/div>\n                        <\/div>\n                    <\/div><div class=\"list-item bottom-30\">\n                        <div class=\"tours-item\" onclick=\"tourlinkfunction(this);\" data-href=\"https:\/\/tierpark-bern.ch\/en\/education\/schulkurse-workshops\/\">\n                            <div class=\"education-item__img\">\n                            <img decoding=\"async\" class=\"img--bg\" src=\"https:\/\/tierpark-bern.ch\/web\/app\/uploads\/2022\/02\/schulkurs-tierpark-bern-3-540x320.jpg\" alt=\"\"\/><\/div>\n                            <div class=\"tours-item__body tours-item__body-zoo-erlebnisse education-body\">\n                            <div class=\"tours-item__body-contain\">\n                                <h2 class=\"education-item__title\">The schools<\/h2>\n                                <p class=\"tours-item__content\">The aim of the schools is to create an understanding for animals and their environment and to provide unforgettable experiences.<\/p><div><span class=\"tour-location-details\">Location: <\/span>D\u00e4hlh\u00f6lzli oder B\u00e4renPark<\/div><\/div><div class=\"tours-item-footer\"><a class=\"vc_general vc_btn3 vc_btn3-size-lg vc_btn3-shape-square vc_btn3-style-flat vc_btn3-icon-right vc_btn3-color-white education-item__link\" href=\"https:\/\/tierpark-bern.ch\/en\/education\/schulkurse-workshops\/\" aria-label=\"More about The schools\">Read more <i class=\"vc_btn3-icon fa fa-arrow-right\"><\/i><\/a><\/div>\n\n                            <\/div>\n                        <\/div>\n                    <\/div><div class=\"list-item bottom-30\">\n                        <div class=\"tours-item\" onclick=\"tourlinkfunction(this);\" data-href=\"https:\/\/tierpark-bern.ch\/en\/education\/kindergarten\/\">\n                            <div class=\"education-item__img\">\n                            <img decoding=\"async\" class=\"img--bg\" src=\"https:\/\/tierpark-bern.ch\/web\/app\/uploads\/2020\/08\/Zoop\u00e4dagogik-Kindergarten.png\" alt=\"\"\/><\/div>\n                            <div class=\"tours-item__body tours-item__body-zoo-erlebnisse education-body\">\n                            <div class=\"tours-item__body-contain\">\n                                <h2 class=\"education-item__title\">Kindergarten<\/h2>\n                                <p class=\"tours-item__content\">For kindergartens, we offer courses specially designed for this age, depending on the developmental situation.<\/p><div><span class=\"tour-location-details\">Location: <\/span>D\u00e4hlh\u00f6lzli<\/div><\/div><div class=\"tours-item-footer\"><a class=\"vc_general vc_btn3 vc_btn3-size-lg vc_btn3-shape-square vc_btn3-style-flat vc_btn3-icon-right vc_btn3-color-white education-item__link\" href=\"https:\/\/tierpark-bern.ch\/en\/education\/kindergarten\/\" aria-label=\"More about Kindergarten\">Read more <i class=\"vc_btn3-icon fa fa-arrow-right\"><\/i><\/a><\/div>\n\n                            <\/div>\n                        <\/div>\n                    <\/div><div class=\"list-item bottom-30\">\n                        <div class=\"tours-item\" onclick=\"tourlinkfunction(this);\" data-href=\"https:\/\/tierpark-bern.ch\/en\/education\/primar-und-sekundarschule\/\">\n                            <div class=\"education-item__img\">\n                            <img decoding=\"async\" class=\"img--bg\" src=\"https:\/\/tierpark-bern.ch\/web\/app\/uploads\/2020\/08\/Zoop\u00e4dagogik-Kindergarten-Primar-Sekundarschule.png\" alt=\"\"\/><\/div>\n                            <div class=\"tours-item__body tours-item__body-zoo-erlebnisse education-body\">\n                            <div class=\"tours-item__body-contain\">\n                                <h2 class=\"education-item__title\">Primary and secondary school<\/h2>\n                                <p class=\"tours-item__content\">The school courses and workshops are intended to complement and deepen the school lessons.<\/p><div><span class=\"tour-location-details\">Location: <\/span>D\u00e4hlh\u00f6lzli<\/div><\/div><div class=\"tours-item-footer\"><a class=\"vc_general vc_btn3 vc_btn3-size-lg vc_btn3-shape-square vc_btn3-style-flat vc_btn3-icon-right vc_btn3-color-white education-item__link\" href=\"https:\/\/tierpark-bern.ch\/en\/education\/primar-und-sekundarschule\/\" aria-label=\"More about Primary and secondary school\">Read more <i class=\"vc_btn3-icon fa fa-arrow-right\"><\/i><\/a><\/div>\n\n                            <\/div>\n                        <\/div>\n                    <\/div><div class=\"list-item bottom-30\">\n                        <div class=\"tours-item\" onclick=\"tourlinkfunction(this);\" data-href=\"https:\/\/tierpark-bern.ch\/en\/education\/gymnasien\/\">\n                            <div class=\"education-item__img\">\n                            <img decoding=\"async\" class=\"img--bg\" src=\"https:\/\/tierpark-bern.ch\/web\/app\/uploads\/2020\/08\/Zoop\u00e4dagogik-Gymnasien.png\" alt=\"\"\/><\/div>\n                            <div class=\"tours-item__body tours-item__body-zoo-erlebnisse education-body\">\n                            <div class=\"tours-item__body-contain\">\n                                <h2 class=\"education-item__title\">Grammar schools<\/h2>\n                                <p class=\"tours-item__content\">The Bern Zoo is suitable for deepening and illustrating acquired knowledge and is a place for developing, testing and illustrating concepts.<\/p><div><span class=\"tour-location-details\">Location: <\/span>D\u00e4hlh\u00f6lzli oder B\u00e4renPark<\/div><\/div><div class=\"tours-item-footer\"><a class=\"vc_general vc_btn3 vc_btn3-size-lg vc_btn3-shape-square vc_btn3-style-flat vc_btn3-icon-right vc_btn3-color-white education-item__link\" href=\"https:\/\/tierpark-bern.ch\/en\/education\/gymnasien\/\" aria-label=\"More about Grammar schools\">Read more <i class=\"vc_btn3-icon fa fa-arrow-right\"><\/i><\/a><\/div>\n\n                            <\/div>\n                        <\/div>\n                    <\/div><div class=\"list-item bottom-30\">\n                        <div class=\"tours-item\" onclick=\"tourlinkfunction(this);\" data-href=\"https:\/\/tierpark-bern.ch\/en\/education\/themenkisten\/\">\n                            <div class=\"education-item__img\">\n                            <img decoding=\"async\" class=\"img--bg\" src=\"https:\/\/tierpark-bern.ch\/web\/app\/uploads\/2020\/08\/Zoop\u00e4dagogik-Themenkiste-Tierpark-Bern.jpg\" alt=\"\"\/><\/div>\n                            <div class=\"tours-item__body tours-item__body-zoo-erlebnisse education-body\">\n                            <div class=\"tours-item__body-contain\">\n                                <h2 class=\"education-item__title\">Theme boxes<\/h2>\n                                <p class=\"tours-item__content\">We offer thematic boxes with thematic materials on reptiles, fish, birds, bears and other topics as teaching aids.<\/p><div><span class=\"tour-location-details\">Location: <\/span>D\u00e4hlh\u00f6lzli<\/div><\/div><div class=\"tours-item-footer\"><a class=\"vc_general vc_btn3 vc_btn3-size-lg vc_btn3-shape-square vc_btn3-style-flat vc_btn3-icon-right vc_btn3-color-white education-item__link\" href=\"https:\/\/tierpark-bern.ch\/en\/education\/themenkisten\/\" aria-label=\"More about Theme boxes\">Read more <i class=\"vc_btn3-icon fa fa-arrow-right\"><\/i><\/a><\/div>\n\n                            <\/div>\n                        <\/div>\n                    <\/div><div class=\"list-item bottom-30\">\n                        <div class=\"tours-item\" onclick=\"tourlinkfunction(this);\" data-href=\"https:\/\/tierpark-bern.ch\/en\/education\/lehrkraft-weiterbildung\/\">\n                            <div class=\"education-item__img\">\n                            <img decoding=\"async\" class=\"img--bg\" src=\"https:\/\/tierpark-bern.ch\/web\/app\/uploads\/2020\/07\/tierpark-bern-daehlhoelzli-zoo-287-540x320.jpg\" alt=\"Nahaufnahme von einem Persischen Leoparden\"\/><\/div>\n                            <div class=\"tours-item__body tours-item__body-zoo-erlebnisse education-body\">\n                            <div class=\"tours-item__body-contain\">\n                                <h2 class=\"education-item__title\">Teacher further education<\/h2>\n                                <p class=\"tours-item__content\">Together with the Bern University of Teacher Education, we run training and further education courses. College events are also part of our offer.<\/p><div><span class=\"tour-location-details\">Location: <\/span>D\u00e4hlh\u00f6lzli oder B\u00e4renPark<\/div><\/div><div class=\"tours-item-footer\"><a class=\"vc_general vc_btn3 vc_btn3-size-lg vc_btn3-shape-square vc_btn3-style-flat vc_btn3-icon-right vc_btn3-color-white education-item__link\" href=\"https:\/\/tierpark-bern.ch\/en\/education\/lehrkraft-weiterbildung\/\" aria-label=\"More about Teacher further education\">Read more <i class=\"vc_btn3-icon fa fa-arrow-right\"><\/i><\/a><\/div>\n\n                            <\/div>\n                        <\/div>\n                    <\/div><div class=\"list-item bottom-30\">\n                        <div class=\"tours-item\" onclick=\"tourlinkfunction(this);\" data-href=\"https:\/\/tierpark-bern.ch\/en\/about-us\/contact\/\">\n                            <div class=\"education-item__img\">\n                            <img decoding=\"async\" class=\"img--bg\" src=\"https:\/\/tierpark-bern.ch\/web\/app\/uploads\/2020\/07\/tierpark-bern-daehlhoelzli-zoo-162-540x320.jpg\" alt=\"Nahaufnahme von eine Panthercham\u00e4leon\"\/><\/div>\n                            <div class=\"tours-item__body tours-item__body-zoo-erlebnisse education-body\">\n                            <div class=\"tours-item__body-contain\">\n                                <h2 class=\"education-item__title\">Contact<\/h2>\n                                <p class=\"tours-item__content\">Would you like to send us an e-mail? Please use our contact form. We look forward to receiving your message!<\/p><div><span class=\"tour-location-details\">Location: <\/span>D\u00e4hlh\u00f6lzli oder B\u00e4renPark<\/div><\/div><div class=\"tours-item-footer\"><a class=\"vc_general vc_btn3 vc_btn3-size-lg vc_btn3-shape-square vc_btn3-style-flat vc_btn3-icon-right vc_btn3-color-white education-item__link\" href=\"https:\/\/tierpark-bern.ch\/en\/about-us\/contact\/\" aria-label=\"More about Contact\">Read more <i class=\"vc_btn3-icon fa fa-arrow-right\"><\/i><\/a><\/div>\n\n                            <\/div>\n                        <\/div>\n                    <\/div><\/div>[\/vc_column_text][\/vc_column][\/vc_row]<\/p>\n<\/div>","protected":false},"excerpt":{"rendered":"<p>The D\u00e4hlh\u00f6lzli, a place where you can learn even if you don&#8217;t intend to learn anything!<\/p>\n","protected":false},"author":1,"featured_media":17665,"parent":0,"menu_order":0,"comment_status":"closed","ping_status":"closed","template":"","meta":{"_acf_changed":false,"footnotes":""},"class_list":["post-51940","page","type-page","status-publish","has-post-thumbnail","hentry"],"acf":[],"yoast_head":"<title>Schools | Tierpark Bern<\/title>\n<meta name=\"description\" content=\"The D\u00e4hlh\u00f6lzli, a place where you can learn even if you don&#039;t intend to learn anything!\" \/>\n<meta name=\"robots\" content=\"index, follow, max-snippet:-1, max-image-preview:large, max-video-preview:-1\" \/>\n<link rel=\"canonical\" href=\"https:\/\/tierpark-bern.ch\/en\/education\/\" \/>\n<meta property=\"og:locale\" content=\"en_US\" \/>\n<meta property=\"og:type\" content=\"article\" \/>\n<meta property=\"og:title\" content=\"Schools | Tierpark Bern\" \/>\n<meta property=\"og:description\" content=\"The D\u00e4hlh\u00f6lzli, a place where you can learn even if you don&#039;t intend to learn anything!\" \/>\n<meta property=\"og:url\" content=\"https:\/\/tierpark-bern.ch\/en\/education\/\" \/>\n<meta property=\"og:site_name\" content=\"Tierpark Bern\" \/>\n<meta property=\"article:publisher\" content=\"https:\/\/www.facebook.com\/tierparkbern\/\" \/>\n<meta property=\"article:modified_time\" content=\"2024-03-11T13:36:36+00:00\" \/>\n<meta property=\"og:image\" content=\"https:\/\/tierpark-bern.ch\/web\/app\/uploads\/2022\/02\/schulkurs-tierpark-bern-4.jpg\" \/>\n\t<meta property=\"og:image:width\" content=\"1500\" \/>\n\t<meta property=\"og:image:height\" content=\"1125\" \/>\n\t<meta property=\"og:image:type\" content=\"image\/jpeg\" \/>\n<script type=\"application\/ld+json\" class=\"yoast-schema-graph\">{\"@context\":\"https:\/\/schema.org\",\"@graph\":[{\"@type\":\"WebPage\",\"@id\":\"https:\/\/tierpark-bern.ch\/en\/education\/\",\"url\":\"https:\/\/tierpark-bern.ch\/en\/education\/\",\"name\":\"Schools | Tierpark Bern\",\"isPartOf\":{\"@id\":\"https:\/\/tierpark-bern.ch\/en\/#website\"},\"primaryImageOfPage\":{\"@id\":\"https:\/\/tierpark-bern.ch\/en\/education\/#primaryimage\"},\"image\":{\"@id\":\"https:\/\/tierpark-bern.ch\/en\/education\/#primaryimage\"},\"thumbnailUrl\":\"https:\/\/tierpark-bern.ch\/web\/app\/uploads\/2022\/02\/schulkurs-tierpark-bern-4.jpg\",\"datePublished\":\"2020-08-20T07:48:05+00:00\",\"dateModified\":\"2024-03-11T13:36:36+00:00\",\"description\":\"The D\u00e4hlh\u00f6lzli, a place where you can learn even if you don't intend to learn anything!\",\"breadcrumb\":{\"@id\":\"https:\/\/tierpark-bern.ch\/en\/education\/#breadcrumb\"},\"inLanguage\":\"en-US\",\"potentialAction\":[{\"@type\":\"ReadAction\",\"target\":[\"https:\/\/tierpark-bern.ch\/en\/education\/\"]}]},{\"@type\":\"ImageObject\",\"inLanguage\":\"en-US\",\"@id\":\"https:\/\/tierpark-bern.ch\/en\/education\/#primaryimage\",\"url\":\"https:\/\/tierpark-bern.ch\/web\/app\/uploads\/2022\/02\/schulkurs-tierpark-bern-4.jpg\",\"contentUrl\":\"https:\/\/tierpark-bern.ch\/web\/app\/uploads\/2022\/02\/schulkurs-tierpark-bern-4.jpg\",\"width\":1500,\"height\":1125,\"caption\":\"In den Workshops bearbeiten die Sch\u00fcler*innen auch selbst\u00e4ndige Aufgaben.\"},{\"@type\":\"BreadcrumbList\",\"@id\":\"https:\/\/tierpark-bern.ch\/en\/education\/#breadcrumb\",\"itemListElement\":[{\"@type\":\"ListItem\",\"position\":1,\"name\":\"Home\",\"item\":\"https:\/\/tierpark-bern.ch\/en\/\"},{\"@type\":\"ListItem\",\"position\":2,\"name\":\"Schools\"}]},{\"@type\":\"WebSite\",\"@id\":\"https:\/\/tierpark-bern.ch\/en\/#website\",\"url\":\"https:\/\/tierpark-bern.ch\/en\/\",\"name\":\"Tierpark Bern\",\"description\":\"\",\"publisher\":{\"@id\":\"https:\/\/tierpark-bern.ch\/en\/#organization\"},\"potentialAction\":[{\"@type\":\"SearchAction\",\"target\":{\"@type\":\"EntryPoint\",\"urlTemplate\":\"https:\/\/tierpark-bern.ch\/en\/?s={search_term_string}\"},\"query-input\":{\"@type\":\"PropertyValueSpecification\",\"valueRequired\":true,\"valueName\":\"search_term_string\"}}],\"inLanguage\":\"en-US\"},{\"@type\":\"Organization\",\"@id\":\"https:\/\/tierpark-bern.ch\/en\/#organization\",\"name\":\"Tierpark Bern | D\u00e4hlh\u00f6lzli + B\u00e4renPark\",\"alternateName\":\"Tierpark Bern\",\"url\":\"https:\/\/tierpark-bern.ch\/en\/\",\"logo\":{\"@type\":\"ImageObject\",\"inLanguage\":\"en-US\",\"@id\":\"https:\/\/tierpark-bern.ch\/en\/#\/schema\/logo\/image\/\",\"url\":\"https:\/\/tierpark-bern.ch\/web\/app\/uploads\/2024\/04\/tierpark-bern-696x696-1.jpg\",\"contentUrl\":\"https:\/\/tierpark-bern.ch\/web\/app\/uploads\/2024\/04\/tierpark-bern-696x696-1.jpg\",\"width\":696,\"height\":696,\"caption\":\"Tierpark Bern | D\u00e4hlh\u00f6lzli + B\u00e4renPark\"},\"image\":{\"@id\":\"https:\/\/tierpark-bern.ch\/en\/#\/schema\/logo\/image\/\"},\"sameAs\":[\"https:\/\/www.facebook.com\/tierparkbern\/\",\"https:\/\/x.com\/tierparkbern\",\"https:\/\/www.instagram.com\/tierparkbern\/\"]}]}<\/script>","yoast_head_json":{"title":"Schools | Tierpark Bern","description":"The D\u00e4hlh\u00f6lzli, a place where you can learn even if you don't intend to learn anything!","robots":{"index":"index","follow":"follow","max-snippet":"max-snippet:-1","max-image-preview":"max-image-preview:large","max-video-preview":"max-video-preview:-1"},"canonical":"https:\/\/tierpark-bern.ch\/en\/education\/","og_locale":"en_US","og_type":"article","og_title":"Schools | Tierpark Bern","og_description":"The D\u00e4hlh\u00f6lzli, a place where you can learn even if you don't intend to learn anything!","og_url":"https:\/\/tierpark-bern.ch\/en\/education\/","og_site_name":"Tierpark Bern","article_publisher":"https:\/\/www.facebook.com\/tierparkbern\/","article_modified_time":"2024-03-11T13:36:36+00:00","og_image":[{"width":1500,"height":1125,"url":"https:\/\/tierpark-bern.ch\/web\/app\/uploads\/2022\/02\/schulkurs-tierpark-bern-4.jpg","type":"image\/jpeg"}],"schema":{"@context":"https:\/\/schema.org","@graph":[{"@type":"WebPage","@id":"https:\/\/tierpark-bern.ch\/en\/education\/","url":"https:\/\/tierpark-bern.ch\/en\/education\/","name":"Schools | Tierpark Bern","isPartOf":{"@id":"https:\/\/tierpark-bern.ch\/en\/#website"},"primaryImageOfPage":{"@id":"https:\/\/tierpark-bern.ch\/en\/education\/#primaryimage"},"image":{"@id":"https:\/\/tierpark-bern.ch\/en\/education\/#primaryimage"},"thumbnailUrl":"https:\/\/tierpark-bern.ch\/web\/app\/uploads\/2022\/02\/schulkurs-tierpark-bern-4.jpg","datePublished":"2020-08-20T07:48:05+00:00","dateModified":"2024-03-11T13:36:36+00:00","description":"The D\u00e4hlh\u00f6lzli, a place where you can learn even if you don't intend to learn anything!","breadcrumb":{"@id":"https:\/\/tierpark-bern.ch\/en\/education\/#breadcrumb"},"inLanguage":"en-US","potentialAction":[{"@type":"ReadAction","target":["https:\/\/tierpark-bern.ch\/en\/education\/"]}]},{"@type":"ImageObject","inLanguage":"en-US","@id":"https:\/\/tierpark-bern.ch\/en\/education\/#primaryimage","url":"https:\/\/tierpark-bern.ch\/web\/app\/uploads\/2022\/02\/schulkurs-tierpark-bern-4.jpg","contentUrl":"https:\/\/tierpark-bern.ch\/web\/app\/uploads\/2022\/02\/schulkurs-tierpark-bern-4.jpg","width":1500,"height":1125,"caption":"In den Workshops bearbeiten die Sch\u00fcler*innen auch selbst\u00e4ndige Aufgaben."},{"@type":"BreadcrumbList","@id":"https:\/\/tierpark-bern.ch\/en\/education\/#breadcrumb","itemListElement":[{"@type":"ListItem","position":1,"name":"Home","item":"https:\/\/tierpark-bern.ch\/en\/"},{"@type":"ListItem","position":2,"name":"Schools"}]},{"@type":"WebSite","@id":"https:\/\/tierpark-bern.ch\/en\/#website","url":"https:\/\/tierpark-bern.ch\/en\/","name":"Tierpark Bern","description":"","publisher":{"@id":"https:\/\/tierpark-bern.ch\/en\/#organization"},"potentialAction":[{"@type":"SearchAction","target":{"@type":"EntryPoint","urlTemplate":"https:\/\/tierpark-bern.ch\/en\/?s={search_term_string}"},"query-input":{"@type":"PropertyValueSpecification","valueRequired":true,"valueName":"search_term_string"}}],"inLanguage":"en-US"},{"@type":"Organization","@id":"https:\/\/tierpark-bern.ch\/en\/#organization","name":"Tierpark Bern | D\u00e4hlh\u00f6lzli + B\u00e4renPark","alternateName":"Tierpark Bern","url":"https:\/\/tierpark-bern.ch\/en\/","logo":{"@type":"ImageObject","inLanguage":"en-US","@id":"https:\/\/tierpark-bern.ch\/en\/#\/schema\/logo\/image\/","url":"https:\/\/tierpark-bern.ch\/web\/app\/uploads\/2024\/04\/tierpark-bern-696x696-1.jpg","contentUrl":"https:\/\/tierpark-bern.ch\/web\/app\/uploads\/2024\/04\/tierpark-bern-696x696-1.jpg","width":696,"height":696,"caption":"Tierpark Bern | D\u00e4hlh\u00f6lzli + B\u00e4renPark"},"image":{"@id":"https:\/\/tierpark-bern.ch\/en\/#\/schema\/logo\/image\/"},"sameAs":["https:\/\/www.facebook.com\/tierparkbern\/","https:\/\/x.com\/tierparkbern","https:\/\/www.instagram.com\/tierparkbern\/"]}]}},"_links":{"self":[{"href":"https:\/\/tierpark-bern.ch\/en\/wp-json\/wp\/v2\/pages\/51940","targetHints":{"allow":["GET"]}}],"collection":[{"href":"https:\/\/tierpark-bern.ch\/en\/wp-json\/wp\/v2\/pages"}],"about":[{"href":"https:\/\/tierpark-bern.ch\/en\/wp-json\/wp\/v2\/types\/page"}],"author":[{"embeddable":true,"href":"https:\/\/tierpark-bern.ch\/en\/wp-json\/wp\/v2\/users\/1"}],"replies":[{"embeddable":true,"href":"https:\/\/tierpark-bern.ch\/en\/wp-json\/wp\/v2\/comments?post=51940"}],"version-history":[{"count":0,"href":"https:\/\/tierpark-bern.ch\/en\/wp-json\/wp\/v2\/pages\/51940\/revisions"}],"wp:featuredmedia":[{"embeddable":true,"href":"https:\/\/tierpark-bern.ch\/en\/wp-json\/wp\/v2\/media\/17665"}],"wp:attachment":[{"href":"https:\/\/tierpark-bern.ch\/en\/wp-json\/wp\/v2\/media?parent=51940"}],"curies":[{"name":"wp","href":"https:\/\/api.w.org\/{rel}","templated":true}]}}