
{"id":51957,"date":"2021-12-02T21:29:03","date_gmt":"2021-12-02T20:29:03","guid":{"rendered":"https:\/\/tierpark-bern.ch\/bildung\/bildung-fuer-nachhaltige-entwicklung\/"},"modified":"2023-04-18T13:37:29","modified_gmt":"2023-04-18T11:37:29","slug":"education-for-sustainable-development","status":"publish","type":"page","link":"https:\/\/tierpark-bern.ch\/en\/education\/education-for-sustainable-development\/","title":{"rendered":"Education for sustainable development"},"content":{"rendered":"<div class=\"wpb-content-wrapper\"><p>[vc_row][vc_column][vc_column_text]<\/p>\n<h1>Education for sustainable development<\/h1>\n<p>Education for Sustainable Development (ESD) makes learning possible in the sense of sustainable development and is geared towards acquiring competences that are necessary for participation in ecologically, socially and economically sustainable development.<\/p>\n<p>The most important goal of ESD is to enable learners to participate actively and self-determinedly in shaping the present and the future.<\/p>\n<p>ESD is not a new subject, but ties in with many current topics that are established in schools and anchored in the curriculum. ESD is based on a holistic, systemic understanding of the world and addresses interrelationships, interdependencies, but also limits in the field of tension between the environment, the economy, society and the individual.[\/vc_column_text][\/vc_column][\/vc_row][vc_row][vc_column][vc_column_text]<\/p>\n<h2>The zoo as an ESD learning site<\/h2>\n<p>Such interrelationships and dependencies can be demonstrated and experienced in an exemplary way at the Bern Animal Park. In various school and extracurricular activities, we offer children direct emotional encounters that encourage discovery and phenomenon-oriented learning. The aim is to sensitise children and encourage them to stand up for endangered habitats and animal species. In doing so, we focus on the interrelationships in nature in the sense that we only understand what we know, we only appreciate what we understand, we only love what we appreciate and we only protect what we love.<\/p>\n<p>First and foremost is the direct experience of animals, which is intended to trigger fascination through amazement and thus inspire the corresponding appreciation. Next comes &#8220;touching&#8221;, i.e. with suitable visual material to touch and compare, the children understand why something has developed in the course of evolution in the way we encounter it today. In all our activities, we want to avoid the admonishing finger, but concentrate on the emotional level.[\/vc_column_text][vc_column_text]<\/p>\n<h2>School offers<\/h2>\n<p>In our wide range of possible school course topics, there are various offers that are closely linked to ESD.<\/p>\n<p>Our workshop &#8220;Experience, understand and promote diversity&#8221; is specifically geared towards ESD. In the Biodiversity Workshop, which we offer together with the Botanical Garden, the Pro Natura Centre Eichholz and Stadtgr\u00fcn Bern, 5th and 6th grade pupils from the city of Bern can get to know diversity on four dates spread throughout the year. Are you interested? Then we look forward to hearing from you.<\/p>\n<h2>Extracurricular activities<\/h2>\n<p>Our goal is to develop and offer a level-appropriate programme for children between the ages of 3 and 16:<\/p>\n<p>We take the youngest children (from 3 years to kindergarten entry) in <a href=\"https:\/\/tierpark-bern.ch\/en\/erlebnisse\/bildung-im-vorschulalter\/\">\u00abdi chline D\u00e4hlh\u00f6lzli Forscher\u00bb<\/a> on a sustainable journey through the D\u00e4hlh\u00f6lzli.<\/p>\n<p>Pupils from 9 to 11 years of age can get to know the zoo and its animals in the traditional <a href=\"https:\/\/tierpark-bern.ch\/erlebnisse\/uhu-klub\/\">Uhu Klub<\/a> for two years.<\/p>\n<p>Weitere Angebote f\u00fcr Kinder zwischen 6 bis 9 Jahre und f\u00fcr Jugendliche ab 12 Jahren sind am Entstehen.[\/vc_column_text][\/vc_column][\/vc_row][vc_row][vc_column width=&#8221;1\/2&#8243;][vc_single_image image=&#8221;25090&#8243; img_size=&#8221;570&#215;379&#8243; add_caption=&#8221;yes&#8221;][\/vc_column][vc_column width=&#8221;1\/2&#8243;][vc_single_image image=&#8221;25097&#8243; img_size=&#8221;570&#215;379&#8243; add_caption=&#8221;yes&#8221;][\/vc_column][\/vc_row][vc_row][vc_column][vc_column_text]<a class=\"button button--tierpark-dark\" href=\"https:\/\/www.eda.admin.ch\/agenda2030\/en\/home\/agenda-2030\/die-17-ziele-fuer-eine-nachhaltige-entwicklung.html\" target=\"_blank\" rel=\"noopener\">More on the 17 Sustainable Development Goals<\/a>[\/vc_column_text][\/vc_column][\/vc_row][vc_row][vc_column][vc_column_text]<section class=\"section no-padding-bottom page-suggestion-container\">\n            <div class=\"container\">\n                <div class=\"row bottom-50\">\n                    <div class=\"col-12\">\n                        <div class=\"heading heading--primary heading--center\">\n                            <h2 class=\"heading__title no-margin-bottom\"><span>More Topics<\/span><\/h2>\n                        <\/div>\n                    <\/div>\n                <\/div>\n                <div class=\"row\"><div class=\"col-md-6 col-xl-4 \">\n                        <div class=\"service-content\" tabindex=\"0\" role=\"link\" onclick=\"suggestionLinkfunction(this);\" data-href=\"https:\/\/tierpark-bern.ch\/en\/education\/schulkurse-workshops\/\">\n                            <img decoding=\"async\" src=\"https:\/\/tierpark-bern.ch\/web\/app\/uploads\/2022\/02\/schulkurs-tierpark-bern-386x230.jpg\" alt=\"\"\/>\n                                <div class=\"service-desc\">\n                                    <div class=\"vcenter\">\n                                        <div class=\"titel\">Erlebnisse f\u00fcr Schulen<\/div>\n                                    <\/div>\n                                <\/div>\n                        <\/div>\n                    <\/div><div class=\"col-md-6 col-xl-4 \">\n                        <div class=\"service-content\" tabindex=\"0\" role=\"link\" onclick=\"suggestionLinkfunction(this);\" data-href=\"https:\/\/tierpark-bern.ch\/en\/education\/primar-und-sekundarschule\/\">\n                            <img decoding=\"async\" src=\"https:\/\/tierpark-bern.ch\/web\/app\/uploads\/2020\/08\/Zoop\u00e4dagogik-Kindergarten-Primar-Sekundarschule-386x230.png\" alt=\"\"\/>\n                                <div class=\"service-desc\">\n                                    <div class=\"vcenter\">\n                                        <div class=\"titel\">Primar und Sekundarschule<\/div>\n                                    <\/div>\n                                <\/div>\n                        <\/div>\n                    <\/div><div class=\"col-md-6 col-xl-4 \">\n                        <div class=\"service-content\" tabindex=\"0\" role=\"link\" onclick=\"suggestionLinkfunction(this);\" data-href=\"https:\/\/tierpark-bern.ch\/en\/education\/gymnasien\/\">\n                            <img decoding=\"async\" src=\"https:\/\/tierpark-bern.ch\/web\/app\/uploads\/2020\/08\/Zoop\u00e4dagogik-Gymnasien-386x230.png\" alt=\"\"\/>\n                                <div class=\"service-desc\">\n                                    <div class=\"vcenter\">\n                                        <div class=\"titel\">Gymnasien<\/div>\n                                    <\/div>\n                                <\/div>\n                        <\/div>\n                    <\/div><\/div>\n            <\/div>\n        <\/section>[\/vc_column_text][\/vc_column][\/vc_row]<\/p>\n<\/div>","protected":false},"excerpt":{"rendered":"<p>The most important goal is to enable learners to participate actively and self-determinedly in shaping the present and the future.<\/p>\n","protected":false},"author":1,"featured_media":0,"parent":51940,"menu_order":0,"comment_status":"closed","ping_status":"closed","template":"","meta":{"_acf_changed":false,"footnotes":""},"class_list":["post-51957","page","type-page","status-publish","hentry"],"acf":[],"yoast_head":"<title>Education for sustainable development | Tierpark Bern<\/title>\n<meta name=\"description\" content=\"The most important goal is to enable learners to participate actively and self-determinedly in shaping the present and the future.\" \/>\n<meta name=\"robots\" content=\"index, follow, max-snippet:-1, max-image-preview:large, max-video-preview:-1\" \/>\n<link rel=\"canonical\" href=\"https:\/\/tierpark-bern.ch\/en\/education\/education-for-sustainable-development\/\" \/>\n<meta property=\"og:locale\" content=\"en_US\" \/>\n<meta property=\"og:type\" content=\"article\" \/>\n<meta property=\"og:title\" content=\"Education for sustainable development | Tierpark Bern\" \/>\n<meta property=\"og:description\" content=\"The most important goal is to enable learners to participate actively and self-determinedly in shaping the present and the future.\" \/>\n<meta property=\"og:url\" content=\"https:\/\/tierpark-bern.ch\/en\/education\/education-for-sustainable-development\/\" \/>\n<meta property=\"og:site_name\" content=\"Tierpark Bern\" \/>\n<meta property=\"article:publisher\" content=\"https:\/\/www.facebook.com\/tierparkbern\/\" \/>\n<meta property=\"article:modified_time\" content=\"2023-04-18T11:37:29+00:00\" \/>\n<script type=\"application\/ld+json\" class=\"yoast-schema-graph\">{\"@context\":\"https:\/\/schema.org\",\"@graph\":[{\"@type\":\"WebPage\",\"@id\":\"https:\/\/tierpark-bern.ch\/en\/education\/education-for-sustainable-development\/\",\"url\":\"https:\/\/tierpark-bern.ch\/en\/education\/education-for-sustainable-development\/\",\"name\":\"Education for sustainable development | Tierpark Bern\",\"isPartOf\":{\"@id\":\"https:\/\/tierpark-bern.ch\/en\/#website\"},\"datePublished\":\"2021-12-02T20:29:03+00:00\",\"dateModified\":\"2023-04-18T11:37:29+00:00\",\"description\":\"The most important goal is to enable learners to participate actively and self-determinedly in shaping the present and the future.\",\"breadcrumb\":{\"@id\":\"https:\/\/tierpark-bern.ch\/en\/education\/education-for-sustainable-development\/#breadcrumb\"},\"inLanguage\":\"en-US\",\"potentialAction\":[{\"@type\":\"ReadAction\",\"target\":[\"https:\/\/tierpark-bern.ch\/en\/education\/education-for-sustainable-development\/\"]}]},{\"@type\":\"BreadcrumbList\",\"@id\":\"https:\/\/tierpark-bern.ch\/en\/education\/education-for-sustainable-development\/#breadcrumb\",\"itemListElement\":[{\"@type\":\"ListItem\",\"position\":1,\"name\":\"Home\",\"item\":\"https:\/\/tierpark-bern.ch\/en\/\"},{\"@type\":\"ListItem\",\"position\":2,\"name\":\"Schools\",\"item\":\"https:\/\/tierpark-bern.ch\/en\/education\/\"},{\"@type\":\"ListItem\",\"position\":3,\"name\":\"Education for sustainable development\"}]},{\"@type\":\"WebSite\",\"@id\":\"https:\/\/tierpark-bern.ch\/en\/#website\",\"url\":\"https:\/\/tierpark-bern.ch\/en\/\",\"name\":\"Tierpark Bern\",\"description\":\"\",\"publisher\":{\"@id\":\"https:\/\/tierpark-bern.ch\/en\/#organization\"},\"potentialAction\":[{\"@type\":\"SearchAction\",\"target\":{\"@type\":\"EntryPoint\",\"urlTemplate\":\"https:\/\/tierpark-bern.ch\/en\/?s={search_term_string}\"},\"query-input\":{\"@type\":\"PropertyValueSpecification\",\"valueRequired\":true,\"valueName\":\"search_term_string\"}}],\"inLanguage\":\"en-US\"},{\"@type\":\"Organization\",\"@id\":\"https:\/\/tierpark-bern.ch\/en\/#organization\",\"name\":\"Tierpark Bern | D\u00e4hlh\u00f6lzli + B\u00e4renPark\",\"alternateName\":\"Tierpark Bern\",\"url\":\"https:\/\/tierpark-bern.ch\/en\/\",\"logo\":{\"@type\":\"ImageObject\",\"inLanguage\":\"en-US\",\"@id\":\"https:\/\/tierpark-bern.ch\/en\/#\/schema\/logo\/image\/\",\"url\":\"https:\/\/tierpark-bern.ch\/web\/app\/uploads\/2024\/04\/tierpark-bern-696x696-1.jpg\",\"contentUrl\":\"https:\/\/tierpark-bern.ch\/web\/app\/uploads\/2024\/04\/tierpark-bern-696x696-1.jpg\",\"width\":696,\"height\":696,\"caption\":\"Tierpark Bern | D\u00e4hlh\u00f6lzli + B\u00e4renPark\"},\"image\":{\"@id\":\"https:\/\/tierpark-bern.ch\/en\/#\/schema\/logo\/image\/\"},\"sameAs\":[\"https:\/\/www.facebook.com\/tierparkbern\/\",\"https:\/\/x.com\/tierparkbern\",\"https:\/\/www.instagram.com\/tierparkbern\/\"]}]}<\/script>","yoast_head_json":{"title":"Education for sustainable development | Tierpark Bern","description":"The most important goal is to enable learners to participate actively and self-determinedly in shaping the present and the future.","robots":{"index":"index","follow":"follow","max-snippet":"max-snippet:-1","max-image-preview":"max-image-preview:large","max-video-preview":"max-video-preview:-1"},"canonical":"https:\/\/tierpark-bern.ch\/en\/education\/education-for-sustainable-development\/","og_locale":"en_US","og_type":"article","og_title":"Education for sustainable development | Tierpark Bern","og_description":"The most important goal is to enable learners to participate actively and self-determinedly in shaping the present and the future.","og_url":"https:\/\/tierpark-bern.ch\/en\/education\/education-for-sustainable-development\/","og_site_name":"Tierpark Bern","article_publisher":"https:\/\/www.facebook.com\/tierparkbern\/","article_modified_time":"2023-04-18T11:37:29+00:00","schema":{"@context":"https:\/\/schema.org","@graph":[{"@type":"WebPage","@id":"https:\/\/tierpark-bern.ch\/en\/education\/education-for-sustainable-development\/","url":"https:\/\/tierpark-bern.ch\/en\/education\/education-for-sustainable-development\/","name":"Education for sustainable development | Tierpark Bern","isPartOf":{"@id":"https:\/\/tierpark-bern.ch\/en\/#website"},"datePublished":"2021-12-02T20:29:03+00:00","dateModified":"2023-04-18T11:37:29+00:00","description":"The most important goal is to enable learners to participate actively and self-determinedly in shaping the present and the future.","breadcrumb":{"@id":"https:\/\/tierpark-bern.ch\/en\/education\/education-for-sustainable-development\/#breadcrumb"},"inLanguage":"en-US","potentialAction":[{"@type":"ReadAction","target":["https:\/\/tierpark-bern.ch\/en\/education\/education-for-sustainable-development\/"]}]},{"@type":"BreadcrumbList","@id":"https:\/\/tierpark-bern.ch\/en\/education\/education-for-sustainable-development\/#breadcrumb","itemListElement":[{"@type":"ListItem","position":1,"name":"Home","item":"https:\/\/tierpark-bern.ch\/en\/"},{"@type":"ListItem","position":2,"name":"Schools","item":"https:\/\/tierpark-bern.ch\/en\/education\/"},{"@type":"ListItem","position":3,"name":"Education for sustainable development"}]},{"@type":"WebSite","@id":"https:\/\/tierpark-bern.ch\/en\/#website","url":"https:\/\/tierpark-bern.ch\/en\/","name":"Tierpark Bern","description":"","publisher":{"@id":"https:\/\/tierpark-bern.ch\/en\/#organization"},"potentialAction":[{"@type":"SearchAction","target":{"@type":"EntryPoint","urlTemplate":"https:\/\/tierpark-bern.ch\/en\/?s={search_term_string}"},"query-input":{"@type":"PropertyValueSpecification","valueRequired":true,"valueName":"search_term_string"}}],"inLanguage":"en-US"},{"@type":"Organization","@id":"https:\/\/tierpark-bern.ch\/en\/#organization","name":"Tierpark Bern | D\u00e4hlh\u00f6lzli + B\u00e4renPark","alternateName":"Tierpark Bern","url":"https:\/\/tierpark-bern.ch\/en\/","logo":{"@type":"ImageObject","inLanguage":"en-US","@id":"https:\/\/tierpark-bern.ch\/en\/#\/schema\/logo\/image\/","url":"https:\/\/tierpark-bern.ch\/web\/app\/uploads\/2024\/04\/tierpark-bern-696x696-1.jpg","contentUrl":"https:\/\/tierpark-bern.ch\/web\/app\/uploads\/2024\/04\/tierpark-bern-696x696-1.jpg","width":696,"height":696,"caption":"Tierpark Bern | D\u00e4hlh\u00f6lzli + B\u00e4renPark"},"image":{"@id":"https:\/\/tierpark-bern.ch\/en\/#\/schema\/logo\/image\/"},"sameAs":["https:\/\/www.facebook.com\/tierparkbern\/","https:\/\/x.com\/tierparkbern","https:\/\/www.instagram.com\/tierparkbern\/"]}]}},"_links":{"self":[{"href":"https:\/\/tierpark-bern.ch\/en\/wp-json\/wp\/v2\/pages\/51957","targetHints":{"allow":["GET"]}}],"collection":[{"href":"https:\/\/tierpark-bern.ch\/en\/wp-json\/wp\/v2\/pages"}],"about":[{"href":"https:\/\/tierpark-bern.ch\/en\/wp-json\/wp\/v2\/types\/page"}],"author":[{"embeddable":true,"href":"https:\/\/tierpark-bern.ch\/en\/wp-json\/wp\/v2\/users\/1"}],"replies":[{"embeddable":true,"href":"https:\/\/tierpark-bern.ch\/en\/wp-json\/wp\/v2\/comments?post=51957"}],"version-history":[{"count":0,"href":"https:\/\/tierpark-bern.ch\/en\/wp-json\/wp\/v2\/pages\/51957\/revisions"}],"up":[{"embeddable":true,"href":"https:\/\/tierpark-bern.ch\/en\/wp-json\/wp\/v2\/pages\/51940"}],"wp:attachment":[{"href":"https:\/\/tierpark-bern.ch\/en\/wp-json\/wp\/v2\/media?parent=51957"}],"curies":[{"name":"wp","href":"https:\/\/api.w.org\/{rel}","templated":true}]}}