
{"id":51964,"date":"2020-08-20T09:56:50","date_gmt":"2020-08-20T07:56:50","guid":{"rendered":"https:\/\/tierpark-bern.ch\/bildung\/gymnasien\/"},"modified":"2023-11-21T12:02:52","modified_gmt":"2023-11-21T11:02:52","slug":"gymnasien","status":"publish","type":"page","link":"https:\/\/tierpark-bern.ch\/en\/education\/gymnasien\/","title":{"rendered":"Gymnasien"},"content":{"rendered":"<div class=\"wpb-content-wrapper\"><p>[vc_row][vc_column][vc_column_text]<\/p>\n<h1>Gymnasien<\/h1>\n<p>Der Tierpark Bern ist ein spezieller Lernort, welcher eine Vielzahl von originalen Erlebnissen erm\u00f6glicht. Er eignet sich zur Vertiefung und Illustration von angeeigneten Wissen, ist ein Ort zum Erarbeiten, Pr\u00fcfen und Illustrieren von Konzepten (konstruktivistische Lernmethoden) und dem Aufbau von \u00fcberfachlichen Kompetenzen.[\/vc_column_text][vc_column_text]<\/p>\n<h2>Themen<\/h2>\n<p>Themen aus dem kantonalen Lehrplan, die sich besonders f\u00fcr einen Besuch im D\u00e4hlh\u00f6lzli eignen:<\/p>\n<ul>\n<li>\u00d6kologie<\/li>\n<li>Evolution<\/li>\n<li>Systematik<\/li>\n<li>Verhalten<\/li>\n<\/ul>\n<p>Aber auch gesellschaftliche Themen wie die Legitimation von Zoos und \u00e4hnliches bieten wir als spannende und stufengerechte Themen an.[\/vc_column_text][vc_column_text]<\/p>\n<h2>Kurse<\/h2>\n<p>Die Kurse beinhalten Abschnitte, in welchen die Sch\u00fcler und Sch\u00fclerinnen selbst\u00e4ndig arbeiten oder Auftr\u00e4ge besprochen werden, angereichert mit kurzen Theorieinputs. Die erarbeiteten Inhalte werden mit Arbeitsbl\u00e4ttern dokumentiert. Die Nutzung der umfangreichen Materialsammlung des Tierparks, Besuche in nicht\u00f6ffentlich zug\u00e4ngliche Bereiche des Tierparks oder spezielle Beobachtungen unter Mithilfe der Sektion Bildung und Erlebnis erg\u00e4nzen das Lernerlebnis.<\/p>\n<p>M\u00f6gliche Themen:<\/p>\n<ul>\n<li>Mit Darwin auf Exkursion im Tierpark Bern (Evolution, Systematik)<\/li>\n<li>Gene, Wisente und Menschen (Natur- und Artenschutz)<\/li>\n<li>Beobachten &#8211; Auswerten \u2013 Verstehen (Verhalten)<\/li>\n<li>Zoo wozu (Ethik der Zootierhaltung, Rolle der Zoos in einer modernen Gesellschaft)<\/li>\n<li>Familien, Gattungen und Arten sind mehr als Schubladen (Zoologische Systematik)<\/li>\n<\/ul>\n<p>Weitere Themen sind in Absprache mit der Sektion Bildung und Erlebnis m\u00f6glich.<\/p>\n<h3>Voraussetzung<\/h3>\n<p>Das Thema wird \/ wurde im Unterricht eingef\u00fchrt und bearbeitet.<\/p>\n<h3>Dauer<\/h3>\n<p>2-3 Stunden<\/p>\n<h3>Kosten<\/h3>\n<p>CHF 120.- plus <a href=\"https:\/\/tierpark-bern.ch\/en\/visiting-the-zoo\/entrance-fees\/\">Eintritte<\/a>*, 1 Lehrperson gratis<\/p>\n<p>* f\u00fcr Quartas der Gymnasien Kirchenfeld und Neufeld ist der Eintritt gratis[\/vc_column_text][vc_empty_space][vc_column_text]<\/p>\n<h2>Rundg\u00e4nge<\/h2>\n<p>Die oben aufgelisteten Themen k\u00f6nnen auch in komprimierter Form eines gef\u00fchrten Rundgangs gebucht werden. Sie eignen sich f\u00fcr einen begleiteten Besuch im Tierpark, ohne dass das Thema im Unterricht behandelt wird. Die Themen k\u00f6nnen bei der Buchung abgemacht werden.<\/p>\n<h3>Dauer<\/h3>\n<p>1 bis 1.5 Stunden<\/p>\n<h3>Kosten<\/h3>\n<p>CHF 120.- plus <a href=\"https:\/\/tierpark-bern.ch\/en\/visiting-the-zoo\/entrance-fees\/\">Eintritte<\/a>*, 1 Lehrperson gratis<\/p>\n<p>* f\u00fcr Quartas der Gymnasien Kirchenfeld und Neufeld ist der Eintritt gratis[\/vc_column_text][vc_column_text]<\/p>\n<h2>Maturarbeiten<\/h2>\n<p>Wir betreuen auch Maturarbeiten zu unterschiedlichen Themen. Dabei stehen normalerweise Verhaltensbeobachtungen im Vordergrund. Grunds\u00e4tzlich sind auch andere Themen m\u00f6glich, sofern sie den \u00abnormalen\u00bb Ablauf im Tierpark nicht beeintr\u00e4chtigen.[\/vc_column_text][\/vc_column][\/vc_row][vc_row][vc_column][vc_column_text]<\/p>\n<h2>Kontakt<\/h2>\n<p>Sie erreichen uns in der Regel von Montag bis Freitag zwischen 9.00 und 16.00 Uhr unter +41 31 321 15 26. In den Schulferienwochen kann es vereinzelt zu Abweichungen der Pr\u00e4senzzeiten kommen.[\/vc_column_text][vc_column_text]<\/p>\n<h2>Regeln f\u00fcr Schulklassen<\/h2>\n<p>F\u00fcr den selbst\u00e4ndigen Besuch beachten Sie bitte die <a href=\"https:\/\/tierpark-bern.ch\/web\/app\/uploads\/2021\/12\/VerhaltensregelnFlyer2011.pdf\" target=\"_blank\" rel=\"noopener\">Regeln f\u00fcr Schulklassen (PDF, 655 KB, nicht barrierefrei).<\/a>[\/vc_column_text][vc_column_text]<section class=\"section no-padding-bottom page-suggestion-container\">\n            <div class=\"container\">\n                <div class=\"row bottom-50\">\n                    <div class=\"col-12\">\n                        <div class=\"heading heading--primary heading--center\">\n                            <h2 class=\"heading__title no-margin-bottom\"><span>More Topics<\/span><\/h2>\n                        <\/div>\n                    <\/div>\n                <\/div>\n                <div class=\"row\"><div class=\"col-md-6 col-xl-4 \">\n                        <div class=\"service-content\" tabindex=\"0\" role=\"link\" onclick=\"suggestionLinkfunction(this);\" data-href=\"https:\/\/tierpark-bern.ch\/en\/education\/schulkurse-workshops\/\">\n                            <img decoding=\"async\" src=\"https:\/\/tierpark-bern.ch\/web\/app\/uploads\/2022\/02\/schulkurs-tierpark-bern-386x230.jpg\" alt=\"\"\/>\n                                <div class=\"service-desc\">\n                                    <div class=\"vcenter\">\n                                        <div class=\"titel\">Erlebnisse f\u00fcr Schulen<\/div>\n                                    <\/div>\n                                <\/div>\n                        <\/div>\n                    <\/div><div class=\"col-md-6 col-xl-4 \">\n                        <div class=\"service-content\" tabindex=\"0\" role=\"link\" onclick=\"suggestionLinkfunction(this);\" data-href=\"https:\/\/tierpark-bern.ch\/en\/education\/primar-und-sekundarschule\/\">\n                            <img decoding=\"async\" src=\"https:\/\/tierpark-bern.ch\/web\/app\/uploads\/2020\/08\/Zoop\u00e4dagogik-Kindergarten-Primar-Sekundarschule-386x230.png\" alt=\"\"\/>\n                                <div class=\"service-desc\">\n                                    <div class=\"vcenter\">\n                                        <div class=\"titel\">Primar und Sekundarschule<\/div>\n                                    <\/div>\n                                <\/div>\n                        <\/div>\n                    <\/div><div class=\"col-md-6 col-xl-4 \">\n                        <div class=\"service-content\" tabindex=\"0\" role=\"link\" onclick=\"suggestionLinkfunction(this);\" data-href=\"https:\/\/tierpark-bern.ch\/en\/education\/kindergarten\/\">\n                            <img decoding=\"async\" src=\"https:\/\/tierpark-bern.ch\/web\/app\/uploads\/2020\/08\/Zoop\u00e4dagogik-Kindergarten-386x230.png\" alt=\"\"\/>\n                                <div class=\"service-desc\">\n                                    <div class=\"vcenter\">\n                                        <div class=\"titel\">Kindergarten<\/div>\n                                    <\/div>\n                                <\/div>\n                        <\/div>\n                    <\/div><\/div>\n            <\/div>\n        <\/section>[\/vc_column_text][\/vc_column][\/vc_row]<\/p>\n<\/div>","protected":false},"excerpt":{"rendered":"<p>[vc_row][vc_column][vc_column_text] Gymnasien Der Tierpark Bern ist ein spezieller Lernort, welcher eine Vielzahl von originalen Erlebnissen erm\u00f6glicht. Er eignet sich zur Vertiefung und Illustration von angeeigneten Wissen, ist ein Ort zum Erarbeiten, Pr\u00fcfen und Illustrieren von Konzepten (konstruktivistische Lernmethoden) und dem Aufbau von \u00fcberfachlichen Kompetenzen.[\/vc_column_text][vc_column_text] Themen Themen aus dem kantonalen Lehrplan, die sich besonders f\u00fcr einen [&hellip;]<\/p>\n","protected":false},"author":1,"featured_media":15996,"parent":51940,"menu_order":0,"comment_status":"closed","ping_status":"closed","template":"","meta":{"_acf_changed":false,"footnotes":""},"class_list":["post-51964","page","type-page","status-publish","has-post-thumbnail","hentry"],"acf":[],"yoast_head":"<title>Gymnasien | Tierpark Bern<\/title>\n<meta name=\"description\" content=\"Der Tierpark Bern ist ein spezieller Lernort, welcher eine Vielzahl von originalen Erlebnissen erm\u00f6glicht.\" \/>\n<meta name=\"robots\" content=\"index, follow, max-snippet:-1, max-image-preview:large, max-video-preview:-1\" \/>\n<link rel=\"canonical\" href=\"https:\/\/tierpark-bern.ch\/en\/education\/gymnasien\/\" \/>\n<meta property=\"og:locale\" content=\"en_US\" \/>\n<meta property=\"og:type\" content=\"article\" \/>\n<meta property=\"og:title\" content=\"Gymnasien | Tierpark Bern\" \/>\n<meta property=\"og:description\" content=\"Der Tierpark Bern ist ein spezieller Lernort, welcher eine Vielzahl von originalen Erlebnissen erm\u00f6glicht.\" \/>\n<meta property=\"og:url\" content=\"https:\/\/tierpark-bern.ch\/en\/education\/gymnasien\/\" \/>\n<meta property=\"og:site_name\" content=\"Tierpark Bern\" \/>\n<meta property=\"article:publisher\" content=\"https:\/\/www.facebook.com\/tierparkbern\/\" \/>\n<meta property=\"article:modified_time\" content=\"2023-11-21T11:02:52+00:00\" \/>\n<meta property=\"og:image\" content=\"https:\/\/tierpark-bern.ch\/web\/app\/uploads\/2020\/08\/Zoop\u00e4dagogik-Gymnasien.png\" \/>\n\t<meta property=\"og:image:width\" content=\"570\" \/>\n\t<meta property=\"og:image:height\" content=\"293\" \/>\n\t<meta property=\"og:image:type\" content=\"image\/png\" \/>\n<script type=\"application\/ld+json\" class=\"yoast-schema-graph\">{\"@context\":\"https:\/\/schema.org\",\"@graph\":[{\"@type\":\"WebPage\",\"@id\":\"https:\/\/tierpark-bern.ch\/en\/education\/gymnasien\/\",\"url\":\"https:\/\/tierpark-bern.ch\/en\/education\/gymnasien\/\",\"name\":\"Gymnasien | Tierpark Bern\",\"isPartOf\":{\"@id\":\"https:\/\/tierpark-bern.ch\/en\/#website\"},\"primaryImageOfPage\":{\"@id\":\"https:\/\/tierpark-bern.ch\/en\/education\/gymnasien\/#primaryimage\"},\"image\":{\"@id\":\"https:\/\/tierpark-bern.ch\/en\/education\/gymnasien\/#primaryimage\"},\"thumbnailUrl\":\"https:\/\/tierpark-bern.ch\/web\/app\/uploads\/2020\/08\/Zoop\u00e4dagogik-Gymnasien.png\",\"datePublished\":\"2020-08-20T07:56:50+00:00\",\"dateModified\":\"2023-11-21T11:02:52+00:00\",\"description\":\"Der Tierpark Bern ist ein spezieller Lernort, welcher eine Vielzahl von originalen Erlebnissen erm\u00f6glicht.\",\"breadcrumb\":{\"@id\":\"https:\/\/tierpark-bern.ch\/en\/education\/gymnasien\/#breadcrumb\"},\"inLanguage\":\"en-US\",\"potentialAction\":[{\"@type\":\"ReadAction\",\"target\":[\"https:\/\/tierpark-bern.ch\/en\/education\/gymnasien\/\"]}]},{\"@type\":\"ImageObject\",\"inLanguage\":\"en-US\",\"@id\":\"https:\/\/tierpark-bern.ch\/en\/education\/gymnasien\/#primaryimage\",\"url\":\"https:\/\/tierpark-bern.ch\/web\/app\/uploads\/2020\/08\/Zoop\u00e4dagogik-Gymnasien.png\",\"contentUrl\":\"https:\/\/tierpark-bern.ch\/web\/app\/uploads\/2020\/08\/Zoop\u00e4dagogik-Gymnasien.png\",\"width\":570,\"height\":293},{\"@type\":\"BreadcrumbList\",\"@id\":\"https:\/\/tierpark-bern.ch\/en\/education\/gymnasien\/#breadcrumb\",\"itemListElement\":[{\"@type\":\"ListItem\",\"position\":1,\"name\":\"Home\",\"item\":\"https:\/\/tierpark-bern.ch\/en\/\"},{\"@type\":\"ListItem\",\"position\":2,\"name\":\"Schools\",\"item\":\"https:\/\/tierpark-bern.ch\/en\/education\/\"},{\"@type\":\"ListItem\",\"position\":3,\"name\":\"Gymnasien\"}]},{\"@type\":\"WebSite\",\"@id\":\"https:\/\/tierpark-bern.ch\/en\/#website\",\"url\":\"https:\/\/tierpark-bern.ch\/en\/\",\"name\":\"Tierpark Bern\",\"description\":\"\",\"publisher\":{\"@id\":\"https:\/\/tierpark-bern.ch\/en\/#organization\"},\"potentialAction\":[{\"@type\":\"SearchAction\",\"target\":{\"@type\":\"EntryPoint\",\"urlTemplate\":\"https:\/\/tierpark-bern.ch\/en\/?s={search_term_string}\"},\"query-input\":{\"@type\":\"PropertyValueSpecification\",\"valueRequired\":true,\"valueName\":\"search_term_string\"}}],\"inLanguage\":\"en-US\"},{\"@type\":\"Organization\",\"@id\":\"https:\/\/tierpark-bern.ch\/en\/#organization\",\"name\":\"Tierpark Bern | D\u00e4hlh\u00f6lzli + B\u00e4renPark\",\"alternateName\":\"Tierpark Bern\",\"url\":\"https:\/\/tierpark-bern.ch\/en\/\",\"logo\":{\"@type\":\"ImageObject\",\"inLanguage\":\"en-US\",\"@id\":\"https:\/\/tierpark-bern.ch\/en\/#\/schema\/logo\/image\/\",\"url\":\"https:\/\/tierpark-bern.ch\/web\/app\/uploads\/2024\/04\/tierpark-bern-696x696-1.jpg\",\"contentUrl\":\"https:\/\/tierpark-bern.ch\/web\/app\/uploads\/2024\/04\/tierpark-bern-696x696-1.jpg\",\"width\":696,\"height\":696,\"caption\":\"Tierpark Bern | D\u00e4hlh\u00f6lzli + B\u00e4renPark\"},\"image\":{\"@id\":\"https:\/\/tierpark-bern.ch\/en\/#\/schema\/logo\/image\/\"},\"sameAs\":[\"https:\/\/www.facebook.com\/tierparkbern\/\",\"https:\/\/x.com\/tierparkbern\",\"https:\/\/www.instagram.com\/tierparkbern\/\"]}]}<\/script>","yoast_head_json":{"title":"Gymnasien | Tierpark Bern","description":"Der Tierpark Bern ist ein spezieller Lernort, welcher eine Vielzahl von originalen Erlebnissen erm\u00f6glicht.","robots":{"index":"index","follow":"follow","max-snippet":"max-snippet:-1","max-image-preview":"max-image-preview:large","max-video-preview":"max-video-preview:-1"},"canonical":"https:\/\/tierpark-bern.ch\/en\/education\/gymnasien\/","og_locale":"en_US","og_type":"article","og_title":"Gymnasien | Tierpark Bern","og_description":"Der Tierpark Bern ist ein spezieller Lernort, welcher eine Vielzahl von originalen Erlebnissen erm\u00f6glicht.","og_url":"https:\/\/tierpark-bern.ch\/en\/education\/gymnasien\/","og_site_name":"Tierpark Bern","article_publisher":"https:\/\/www.facebook.com\/tierparkbern\/","article_modified_time":"2023-11-21T11:02:52+00:00","og_image":[{"width":570,"height":293,"url":"https:\/\/tierpark-bern.ch\/web\/app\/uploads\/2020\/08\/Zoop\u00e4dagogik-Gymnasien.png","type":"image\/png"}],"schema":{"@context":"https:\/\/schema.org","@graph":[{"@type":"WebPage","@id":"https:\/\/tierpark-bern.ch\/en\/education\/gymnasien\/","url":"https:\/\/tierpark-bern.ch\/en\/education\/gymnasien\/","name":"Gymnasien | Tierpark Bern","isPartOf":{"@id":"https:\/\/tierpark-bern.ch\/en\/#website"},"primaryImageOfPage":{"@id":"https:\/\/tierpark-bern.ch\/en\/education\/gymnasien\/#primaryimage"},"image":{"@id":"https:\/\/tierpark-bern.ch\/en\/education\/gymnasien\/#primaryimage"},"thumbnailUrl":"https:\/\/tierpark-bern.ch\/web\/app\/uploads\/2020\/08\/Zoop\u00e4dagogik-Gymnasien.png","datePublished":"2020-08-20T07:56:50+00:00","dateModified":"2023-11-21T11:02:52+00:00","description":"Der Tierpark Bern ist ein spezieller Lernort, welcher eine Vielzahl von originalen Erlebnissen erm\u00f6glicht.","breadcrumb":{"@id":"https:\/\/tierpark-bern.ch\/en\/education\/gymnasien\/#breadcrumb"},"inLanguage":"en-US","potentialAction":[{"@type":"ReadAction","target":["https:\/\/tierpark-bern.ch\/en\/education\/gymnasien\/"]}]},{"@type":"ImageObject","inLanguage":"en-US","@id":"https:\/\/tierpark-bern.ch\/en\/education\/gymnasien\/#primaryimage","url":"https:\/\/tierpark-bern.ch\/web\/app\/uploads\/2020\/08\/Zoop\u00e4dagogik-Gymnasien.png","contentUrl":"https:\/\/tierpark-bern.ch\/web\/app\/uploads\/2020\/08\/Zoop\u00e4dagogik-Gymnasien.png","width":570,"height":293},{"@type":"BreadcrumbList","@id":"https:\/\/tierpark-bern.ch\/en\/education\/gymnasien\/#breadcrumb","itemListElement":[{"@type":"ListItem","position":1,"name":"Home","item":"https:\/\/tierpark-bern.ch\/en\/"},{"@type":"ListItem","position":2,"name":"Schools","item":"https:\/\/tierpark-bern.ch\/en\/education\/"},{"@type":"ListItem","position":3,"name":"Gymnasien"}]},{"@type":"WebSite","@id":"https:\/\/tierpark-bern.ch\/en\/#website","url":"https:\/\/tierpark-bern.ch\/en\/","name":"Tierpark Bern","description":"","publisher":{"@id":"https:\/\/tierpark-bern.ch\/en\/#organization"},"potentialAction":[{"@type":"SearchAction","target":{"@type":"EntryPoint","urlTemplate":"https:\/\/tierpark-bern.ch\/en\/?s={search_term_string}"},"query-input":{"@type":"PropertyValueSpecification","valueRequired":true,"valueName":"search_term_string"}}],"inLanguage":"en-US"},{"@type":"Organization","@id":"https:\/\/tierpark-bern.ch\/en\/#organization","name":"Tierpark Bern | D\u00e4hlh\u00f6lzli + B\u00e4renPark","alternateName":"Tierpark Bern","url":"https:\/\/tierpark-bern.ch\/en\/","logo":{"@type":"ImageObject","inLanguage":"en-US","@id":"https:\/\/tierpark-bern.ch\/en\/#\/schema\/logo\/image\/","url":"https:\/\/tierpark-bern.ch\/web\/app\/uploads\/2024\/04\/tierpark-bern-696x696-1.jpg","contentUrl":"https:\/\/tierpark-bern.ch\/web\/app\/uploads\/2024\/04\/tierpark-bern-696x696-1.jpg","width":696,"height":696,"caption":"Tierpark Bern | D\u00e4hlh\u00f6lzli + B\u00e4renPark"},"image":{"@id":"https:\/\/tierpark-bern.ch\/en\/#\/schema\/logo\/image\/"},"sameAs":["https:\/\/www.facebook.com\/tierparkbern\/","https:\/\/x.com\/tierparkbern","https:\/\/www.instagram.com\/tierparkbern\/"]}]}},"_links":{"self":[{"href":"https:\/\/tierpark-bern.ch\/en\/wp-json\/wp\/v2\/pages\/51964","targetHints":{"allow":["GET"]}}],"collection":[{"href":"https:\/\/tierpark-bern.ch\/en\/wp-json\/wp\/v2\/pages"}],"about":[{"href":"https:\/\/tierpark-bern.ch\/en\/wp-json\/wp\/v2\/types\/page"}],"author":[{"embeddable":true,"href":"https:\/\/tierpark-bern.ch\/en\/wp-json\/wp\/v2\/users\/1"}],"replies":[{"embeddable":true,"href":"https:\/\/tierpark-bern.ch\/en\/wp-json\/wp\/v2\/comments?post=51964"}],"version-history":[{"count":0,"href":"https:\/\/tierpark-bern.ch\/en\/wp-json\/wp\/v2\/pages\/51964\/revisions"}],"up":[{"embeddable":true,"href":"https:\/\/tierpark-bern.ch\/en\/wp-json\/wp\/v2\/pages\/51940"}],"wp:featuredmedia":[{"embeddable":true,"href":"https:\/\/tierpark-bern.ch\/en\/wp-json\/wp\/v2\/media\/15996"}],"wp:attachment":[{"href":"https:\/\/tierpark-bern.ch\/en\/wp-json\/wp\/v2\/media?parent=51964"}],"curies":[{"name":"wp","href":"https:\/\/api.w.org\/{rel}","templated":true}]}}