
{"id":51966,"date":"2020-08-20T09:51:34","date_gmt":"2020-08-20T07:51:34","guid":{"rendered":"https:\/\/tierpark-bern.ch\/bildung\/kindergarten\/"},"modified":"2023-11-21T12:06:08","modified_gmt":"2023-11-21T11:06:08","slug":"kindergarten","status":"publish","type":"page","link":"https:\/\/tierpark-bern.ch\/en\/education\/kindergarten\/","title":{"rendered":"Kindergarten"},"content":{"rendered":"<div class=\"wpb-content-wrapper\"><p>[vc_row][vc_column][vc_column_text]<\/p>\n<h1>1. Zyklus: Kindergarten<\/h1>\n<p>Spielen ist eine wichtige Lernform im Zyklus 1. Das Spiel erm\u00f6glicht den Kindern, eigene Lernwege zu entdecken und zu verfolgen. Spielen f\u00f6rdert die Ausdauer, regt zum \u00dcben und Vertiefen an und bietet angemessene Herausforderungen und Handlungsm\u00f6glichkeiten.<\/p>\n<h2>Schulrundgang<\/h2>\n<p>F\u00fcr Kinderg\u00e4rten bieten wir speziell auf dieses Alter konzipierte Schulrundg\u00e4nge an. Sie beinhalten Spiele und Bewegungsintervalle zwischen den thematischen Bl\u00f6cken. In Absprache mit der Sektion Bildung und Erlebnis sind je nach Entwicklungssituation der Kinder und Zusammensetzung der Klassen auch die Kurse f\u00fcr den <a href=\"https:\/\/tierpark-bern.ch\/zoopaedagogik\/primar-und-sekundarschule\/\">1. Zyklus: 1.\/2. Klasse<\/a> m\u00f6glich.<\/p>\n<h3>M\u00f6gliche Themen<\/h3>\n<p>NMG 2: Tiere, Pflanzen und Lebensr\u00e4ume erkunden und erhalten<\/p>\n<ul>\n<li>B\u00e4r (NMG 2.1)<\/li>\n<li>Einheimische Waldtiere (NMG 2.1)<\/li>\n<li>Wildschweine (NMG 2.1)<\/li>\n<li>Tiere im Winter (NMG 2.2)<\/li>\n<\/ul>\n<h3>Voraussetzung<\/h3>\n<p>Das Thema wird \/ wurde im Kindergarten eingef\u00fchrt und bearbeitet.<\/p>\n<h3>Dauer<\/h3>\n<p>eine Stunde<\/p>\n<h3>Kosten<\/h3>\n<p>CHF 120.- plus <a href=\"https:\/\/tierpark-bern.ch\/en\/visiting-the-zoo\/entrance-fees\/\">Eintritte f\u00fcr Kinder ab 6 Jahren<\/a>, 1 Lehrperson gratis[\/vc_column_text][vc_empty_space height=&#8221;12px&#8221;][\/vc_column][\/vc_row][vc_row][vc_column][vc_column_text]<\/p>\n<h2>Kontakt<\/h2>\n<p>Sie erreichen uns in der Regel von Montag bis Freitag zwischen 9.00 und 16.00 Uhr unter +41 31 321 15 26. In den Schulferienwochen kann es vereinzelt zu Abweichungen der Pr\u00e4senzzeiten kommen.[\/vc_column_text][\/vc_column][\/vc_row][vc_row][vc_column][vc_column_text]<section class=\"section no-padding-bottom page-suggestion-container\">\n            <div class=\"container\">\n                <div class=\"row bottom-50\">\n                    <div class=\"col-12\">\n                        <div class=\"heading heading--primary heading--center\">\n                            <h2 class=\"heading__title no-margin-bottom\"><span>More Topics<\/span><\/h2>\n                        <\/div>\n                    <\/div>\n                <\/div>\n                <div class=\"row\"><div class=\"col-md-6 col-xl-4 \">\n                        <div class=\"service-content\" tabindex=\"0\" role=\"link\" onclick=\"suggestionLinkfunction(this);\" data-href=\"https:\/\/tierpark-bern.ch\/en\/education\/schulkurse-workshops\/\">\n                            <img decoding=\"async\" src=\"https:\/\/tierpark-bern.ch\/web\/app\/uploads\/2022\/02\/schulkurs-tierpark-bern-386x230.jpg\" alt=\"\"\/>\n                                <div class=\"service-desc\">\n                                    <div class=\"vcenter\">\n                                        <div class=\"titel\">Erlebnisse f\u00fcr Schulen<\/div>\n                                    <\/div>\n                                <\/div>\n                        <\/div>\n                    <\/div><div class=\"col-md-6 col-xl-4 \">\n                        <div class=\"service-content\" tabindex=\"0\" role=\"link\" onclick=\"suggestionLinkfunction(this);\" data-href=\"https:\/\/tierpark-bern.ch\/en\/education\/primar-und-sekundarschule\/\">\n                            <img decoding=\"async\" src=\"https:\/\/tierpark-bern.ch\/web\/app\/uploads\/2020\/08\/Zoop\u00e4dagogik-Kindergarten-Primar-Sekundarschule-386x230.png\" alt=\"\"\/>\n                                <div class=\"service-desc\">\n                                    <div class=\"vcenter\">\n                                        <div class=\"titel\">Primar und Sekundarschule<\/div>\n                                    <\/div>\n                                <\/div>\n                        <\/div>\n                    <\/div><div class=\"col-md-6 col-xl-4 \">\n                        <div class=\"service-content\" tabindex=\"0\" role=\"link\" onclick=\"suggestionLinkfunction(this);\" data-href=\"https:\/\/tierpark-bern.ch\/en\/education\/gymnasien\/\">\n                            <img decoding=\"async\" src=\"https:\/\/tierpark-bern.ch\/web\/app\/uploads\/2020\/08\/Zoop\u00e4dagogik-Gymnasien-386x230.png\" alt=\"\"\/>\n                                <div class=\"service-desc\">\n                                    <div class=\"vcenter\">\n                                        <div class=\"titel\">Gymnasien<\/div>\n                                    <\/div>\n                                <\/div>\n                        <\/div>\n                    <\/div><\/div>\n            <\/div>\n        <\/section>[\/vc_column_text][\/vc_column][\/vc_row]<\/p>\n<\/div>","protected":false},"excerpt":{"rendered":"<p>[vc_row][vc_column][vc_column_text] 1. Zyklus: Kindergarten Spielen ist eine wichtige Lernform im Zyklus 1. Das Spiel erm\u00f6glicht den Kindern, eigene Lernwege zu entdecken und zu verfolgen. Spielen f\u00f6rdert die Ausdauer, regt zum \u00dcben und Vertiefen an und bietet angemessene Herausforderungen und Handlungsm\u00f6glichkeiten. Schulrundgang F\u00fcr Kinderg\u00e4rten bieten wir speziell auf dieses Alter konzipierte Schulrundg\u00e4nge an. Sie beinhalten Spiele [&hellip;]<\/p>\n","protected":false},"author":1,"featured_media":15992,"parent":51940,"menu_order":0,"comment_status":"closed","ping_status":"closed","template":"","meta":{"_acf_changed":false,"footnotes":""},"class_list":["post-51966","page","type-page","status-publish","has-post-thumbnail","hentry"],"acf":[],"yoast_head":"<title>Kindergarten | Tierpark Bern<\/title>\n<meta name=\"description\" content=\"Spielen ist eine wichtige Lernform im Zyklus 1. Das Spiel erm\u00f6glicht den Kindern, eigene Lernwege zu entdecken und zu verfolgen.\" \/>\n<meta name=\"robots\" content=\"index, follow, max-snippet:-1, max-image-preview:large, max-video-preview:-1\" \/>\n<link rel=\"canonical\" href=\"https:\/\/tierpark-bern.ch\/en\/education\/kindergarten\/\" \/>\n<meta property=\"og:locale\" content=\"en_US\" \/>\n<meta property=\"og:type\" content=\"article\" \/>\n<meta property=\"og:title\" content=\"Kindergarten | Tierpark Bern\" \/>\n<meta property=\"og:description\" content=\"Spielen ist eine wichtige Lernform im Zyklus 1. Das Spiel erm\u00f6glicht den Kindern, eigene Lernwege zu entdecken und zu verfolgen.\" \/>\n<meta property=\"og:url\" content=\"https:\/\/tierpark-bern.ch\/en\/education\/kindergarten\/\" \/>\n<meta property=\"og:site_name\" content=\"Tierpark Bern\" \/>\n<meta property=\"article:publisher\" content=\"https:\/\/www.facebook.com\/tierparkbern\/\" \/>\n<meta property=\"article:modified_time\" content=\"2023-11-21T11:06:08+00:00\" \/>\n<meta property=\"og:image\" content=\"https:\/\/tierpark-bern.ch\/web\/app\/uploads\/2020\/08\/Zoop\u00e4dagogik-Kindergarten.png\" \/>\n\t<meta property=\"og:image:width\" content=\"560\" \/>\n\t<meta property=\"og:image:height\" content=\"370\" \/>\n\t<meta property=\"og:image:type\" content=\"image\/png\" \/>\n<script type=\"application\/ld+json\" class=\"yoast-schema-graph\">{\"@context\":\"https:\/\/schema.org\",\"@graph\":[{\"@type\":\"WebPage\",\"@id\":\"https:\/\/tierpark-bern.ch\/en\/education\/kindergarten\/\",\"url\":\"https:\/\/tierpark-bern.ch\/en\/education\/kindergarten\/\",\"name\":\"Kindergarten | Tierpark Bern\",\"isPartOf\":{\"@id\":\"https:\/\/tierpark-bern.ch\/en\/#website\"},\"primaryImageOfPage\":{\"@id\":\"https:\/\/tierpark-bern.ch\/en\/education\/kindergarten\/#primaryimage\"},\"image\":{\"@id\":\"https:\/\/tierpark-bern.ch\/en\/education\/kindergarten\/#primaryimage\"},\"thumbnailUrl\":\"https:\/\/tierpark-bern.ch\/web\/app\/uploads\/2020\/08\/Zoop\u00e4dagogik-Kindergarten.png\",\"datePublished\":\"2020-08-20T07:51:34+00:00\",\"dateModified\":\"2023-11-21T11:06:08+00:00\",\"description\":\"Spielen ist eine wichtige Lernform im Zyklus 1. Das Spiel erm\u00f6glicht den Kindern, eigene Lernwege zu entdecken und zu verfolgen.\",\"breadcrumb\":{\"@id\":\"https:\/\/tierpark-bern.ch\/en\/education\/kindergarten\/#breadcrumb\"},\"inLanguage\":\"en-US\",\"potentialAction\":[{\"@type\":\"ReadAction\",\"target\":[\"https:\/\/tierpark-bern.ch\/en\/education\/kindergarten\/\"]}]},{\"@type\":\"ImageObject\",\"inLanguage\":\"en-US\",\"@id\":\"https:\/\/tierpark-bern.ch\/en\/education\/kindergarten\/#primaryimage\",\"url\":\"https:\/\/tierpark-bern.ch\/web\/app\/uploads\/2020\/08\/Zoop\u00e4dagogik-Kindergarten.png\",\"contentUrl\":\"https:\/\/tierpark-bern.ch\/web\/app\/uploads\/2020\/08\/Zoop\u00e4dagogik-Kindergarten.png\",\"width\":560,\"height\":370},{\"@type\":\"BreadcrumbList\",\"@id\":\"https:\/\/tierpark-bern.ch\/en\/education\/kindergarten\/#breadcrumb\",\"itemListElement\":[{\"@type\":\"ListItem\",\"position\":1,\"name\":\"Home\",\"item\":\"https:\/\/tierpark-bern.ch\/en\/\"},{\"@type\":\"ListItem\",\"position\":2,\"name\":\"Schools\",\"item\":\"https:\/\/tierpark-bern.ch\/en\/education\/\"},{\"@type\":\"ListItem\",\"position\":3,\"name\":\"Kindergarten\"}]},{\"@type\":\"WebSite\",\"@id\":\"https:\/\/tierpark-bern.ch\/en\/#website\",\"url\":\"https:\/\/tierpark-bern.ch\/en\/\",\"name\":\"Tierpark Bern\",\"description\":\"\",\"publisher\":{\"@id\":\"https:\/\/tierpark-bern.ch\/en\/#organization\"},\"potentialAction\":[{\"@type\":\"SearchAction\",\"target\":{\"@type\":\"EntryPoint\",\"urlTemplate\":\"https:\/\/tierpark-bern.ch\/en\/?s={search_term_string}\"},\"query-input\":{\"@type\":\"PropertyValueSpecification\",\"valueRequired\":true,\"valueName\":\"search_term_string\"}}],\"inLanguage\":\"en-US\"},{\"@type\":\"Organization\",\"@id\":\"https:\/\/tierpark-bern.ch\/en\/#organization\",\"name\":\"Tierpark Bern | D\u00e4hlh\u00f6lzli + B\u00e4renPark\",\"alternateName\":\"Tierpark Bern\",\"url\":\"https:\/\/tierpark-bern.ch\/en\/\",\"logo\":{\"@type\":\"ImageObject\",\"inLanguage\":\"en-US\",\"@id\":\"https:\/\/tierpark-bern.ch\/en\/#\/schema\/logo\/image\/\",\"url\":\"https:\/\/tierpark-bern.ch\/web\/app\/uploads\/2024\/04\/tierpark-bern-696x696-1.jpg\",\"contentUrl\":\"https:\/\/tierpark-bern.ch\/web\/app\/uploads\/2024\/04\/tierpark-bern-696x696-1.jpg\",\"width\":696,\"height\":696,\"caption\":\"Tierpark Bern | D\u00e4hlh\u00f6lzli + B\u00e4renPark\"},\"image\":{\"@id\":\"https:\/\/tierpark-bern.ch\/en\/#\/schema\/logo\/image\/\"},\"sameAs\":[\"https:\/\/www.facebook.com\/tierparkbern\/\",\"https:\/\/x.com\/tierparkbern\",\"https:\/\/www.instagram.com\/tierparkbern\/\"]}]}<\/script>","yoast_head_json":{"title":"Kindergarten | Tierpark Bern","description":"Spielen ist eine wichtige Lernform im Zyklus 1. Das Spiel erm\u00f6glicht den Kindern, eigene Lernwege zu entdecken und zu verfolgen.","robots":{"index":"index","follow":"follow","max-snippet":"max-snippet:-1","max-image-preview":"max-image-preview:large","max-video-preview":"max-video-preview:-1"},"canonical":"https:\/\/tierpark-bern.ch\/en\/education\/kindergarten\/","og_locale":"en_US","og_type":"article","og_title":"Kindergarten | Tierpark Bern","og_description":"Spielen ist eine wichtige Lernform im Zyklus 1. Das Spiel erm\u00f6glicht den Kindern, eigene Lernwege zu entdecken und zu verfolgen.","og_url":"https:\/\/tierpark-bern.ch\/en\/education\/kindergarten\/","og_site_name":"Tierpark Bern","article_publisher":"https:\/\/www.facebook.com\/tierparkbern\/","article_modified_time":"2023-11-21T11:06:08+00:00","og_image":[{"width":560,"height":370,"url":"https:\/\/tierpark-bern.ch\/web\/app\/uploads\/2020\/08\/Zoop\u00e4dagogik-Kindergarten.png","type":"image\/png"}],"schema":{"@context":"https:\/\/schema.org","@graph":[{"@type":"WebPage","@id":"https:\/\/tierpark-bern.ch\/en\/education\/kindergarten\/","url":"https:\/\/tierpark-bern.ch\/en\/education\/kindergarten\/","name":"Kindergarten | Tierpark Bern","isPartOf":{"@id":"https:\/\/tierpark-bern.ch\/en\/#website"},"primaryImageOfPage":{"@id":"https:\/\/tierpark-bern.ch\/en\/education\/kindergarten\/#primaryimage"},"image":{"@id":"https:\/\/tierpark-bern.ch\/en\/education\/kindergarten\/#primaryimage"},"thumbnailUrl":"https:\/\/tierpark-bern.ch\/web\/app\/uploads\/2020\/08\/Zoop\u00e4dagogik-Kindergarten.png","datePublished":"2020-08-20T07:51:34+00:00","dateModified":"2023-11-21T11:06:08+00:00","description":"Spielen ist eine wichtige Lernform im Zyklus 1. Das Spiel erm\u00f6glicht den Kindern, eigene Lernwege zu entdecken und zu verfolgen.","breadcrumb":{"@id":"https:\/\/tierpark-bern.ch\/en\/education\/kindergarten\/#breadcrumb"},"inLanguage":"en-US","potentialAction":[{"@type":"ReadAction","target":["https:\/\/tierpark-bern.ch\/en\/education\/kindergarten\/"]}]},{"@type":"ImageObject","inLanguage":"en-US","@id":"https:\/\/tierpark-bern.ch\/en\/education\/kindergarten\/#primaryimage","url":"https:\/\/tierpark-bern.ch\/web\/app\/uploads\/2020\/08\/Zoop\u00e4dagogik-Kindergarten.png","contentUrl":"https:\/\/tierpark-bern.ch\/web\/app\/uploads\/2020\/08\/Zoop\u00e4dagogik-Kindergarten.png","width":560,"height":370},{"@type":"BreadcrumbList","@id":"https:\/\/tierpark-bern.ch\/en\/education\/kindergarten\/#breadcrumb","itemListElement":[{"@type":"ListItem","position":1,"name":"Home","item":"https:\/\/tierpark-bern.ch\/en\/"},{"@type":"ListItem","position":2,"name":"Schools","item":"https:\/\/tierpark-bern.ch\/en\/education\/"},{"@type":"ListItem","position":3,"name":"Kindergarten"}]},{"@type":"WebSite","@id":"https:\/\/tierpark-bern.ch\/en\/#website","url":"https:\/\/tierpark-bern.ch\/en\/","name":"Tierpark Bern","description":"","publisher":{"@id":"https:\/\/tierpark-bern.ch\/en\/#organization"},"potentialAction":[{"@type":"SearchAction","target":{"@type":"EntryPoint","urlTemplate":"https:\/\/tierpark-bern.ch\/en\/?s={search_term_string}"},"query-input":{"@type":"PropertyValueSpecification","valueRequired":true,"valueName":"search_term_string"}}],"inLanguage":"en-US"},{"@type":"Organization","@id":"https:\/\/tierpark-bern.ch\/en\/#organization","name":"Tierpark Bern | D\u00e4hlh\u00f6lzli + B\u00e4renPark","alternateName":"Tierpark Bern","url":"https:\/\/tierpark-bern.ch\/en\/","logo":{"@type":"ImageObject","inLanguage":"en-US","@id":"https:\/\/tierpark-bern.ch\/en\/#\/schema\/logo\/image\/","url":"https:\/\/tierpark-bern.ch\/web\/app\/uploads\/2024\/04\/tierpark-bern-696x696-1.jpg","contentUrl":"https:\/\/tierpark-bern.ch\/web\/app\/uploads\/2024\/04\/tierpark-bern-696x696-1.jpg","width":696,"height":696,"caption":"Tierpark Bern | D\u00e4hlh\u00f6lzli + B\u00e4renPark"},"image":{"@id":"https:\/\/tierpark-bern.ch\/en\/#\/schema\/logo\/image\/"},"sameAs":["https:\/\/www.facebook.com\/tierparkbern\/","https:\/\/x.com\/tierparkbern","https:\/\/www.instagram.com\/tierparkbern\/"]}]}},"_links":{"self":[{"href":"https:\/\/tierpark-bern.ch\/en\/wp-json\/wp\/v2\/pages\/51966","targetHints":{"allow":["GET"]}}],"collection":[{"href":"https:\/\/tierpark-bern.ch\/en\/wp-json\/wp\/v2\/pages"}],"about":[{"href":"https:\/\/tierpark-bern.ch\/en\/wp-json\/wp\/v2\/types\/page"}],"author":[{"embeddable":true,"href":"https:\/\/tierpark-bern.ch\/en\/wp-json\/wp\/v2\/users\/1"}],"replies":[{"embeddable":true,"href":"https:\/\/tierpark-bern.ch\/en\/wp-json\/wp\/v2\/comments?post=51966"}],"version-history":[{"count":0,"href":"https:\/\/tierpark-bern.ch\/en\/wp-json\/wp\/v2\/pages\/51966\/revisions"}],"up":[{"embeddable":true,"href":"https:\/\/tierpark-bern.ch\/en\/wp-json\/wp\/v2\/pages\/51940"}],"wp:featuredmedia":[{"embeddable":true,"href":"https:\/\/tierpark-bern.ch\/en\/wp-json\/wp\/v2\/media\/15992"}],"wp:attachment":[{"href":"https:\/\/tierpark-bern.ch\/en\/wp-json\/wp\/v2\/media?parent=51966"}],"curies":[{"name":"wp","href":"https:\/\/api.w.org\/{rel}","templated":true}]}}