
{"id":51969,"date":"2020-07-30T15:29:14","date_gmt":"2020-07-30T13:29:14","guid":{"rendered":"https:\/\/tierpark-bern.ch\/bildung\/themenkisten\/"},"modified":"2023-11-21T12:23:27","modified_gmt":"2023-11-21T11:23:27","slug":"themenkisten","status":"publish","type":"page","link":"https:\/\/tierpark-bern.ch\/en\/education\/themenkisten\/","title":{"rendered":"Themenkisten"},"content":{"rendered":"<div class=\"wpb-content-wrapper\"><p>[vc_row][vc_column][vc_column_text]<\/p>\n<h1>Themenkisten &#8211; Unterrichtsmaterial<\/h1>\n<p>Um die \u00abFaszination Tier\u00bb mit all ihren Facetten an Kinder und Jugendliche weiterzugeben, gibt es wohl kaum etwas Nachhaltigeres und Eindr\u00fccklicheres als ein Besuch im Tierpark. Wenn dies eine Lehrkraft noch mit einem unserer Angebote wie Schulkursen oder F\u00fchrungen kombiniert, haben wir tolle M\u00f6glichkeiten, der n\u00e4chsten Generation mittels Erleb\u00adnissen mit Tieren etwas Bleibendes mitzu\u00adgeben.\u00a0Oft fehlt den Lehrkr\u00e4ften im dichten Lehrplan die n\u00f6tige Zeit oder auch das Budget, um einen Tagesausflug in den Tierpark zu planen. F\u00fcr diesen Fall \u00abbesu\u00adchen\u00bb wir die Sch\u00fcler und Sch\u00fclerinnen in\u00a0ihren Klassenzimmern. Nicht pers\u00f6nlich, aber in Form unserer \u00abThemenkisten\u00bb.[\/vc_column_text][\/vc_column][\/vc_row][vc_row][vc_column width=&#8221;1\/2&#8243;][vc_single_image image=&#8221;17667&#8243; img_size=&#8221;570&#215;379&#8243; add_caption=&#8221;yes&#8221;][\/vc_column][\/vc_row][vc_row][vc_column][vc_column_text]<\/p>\n<h2>12 Themen in 14 Kisten<\/h2>\n<p>Die Vielfalt des Tierpark Bern widerspiegelt\u00ad sich auch bei den Themenkisten: Von den Alpentieren, \u00fcber den B\u00e4r, den Papa\u00adgeitauchern, die V\u00f6gel bis hin zum Wolf werden zw\u00f6lf verschiedene Themen abgehandelt. Die Kisten sind vollgepackt mit Materialien wie Sch\u00e4deln, Fellst\u00fccken oder Federn, mit Fach\u00ad und Kinderb\u00fcchern, Spielen, R\u00e4tseln und Unterrichtsunterla\u00adgen. All diese Materialien und Fachinfor\u00admationen k\u00f6nnen im Unterricht eingesetzt werden. Gerade Sch\u00e4del, Felle, Federn und andere tierische Materialien sind \u00e4us\u00adserst beliebt, da es f\u00fcr Lehrkr\u00e4fte oft schwierig ist, solche zu beschaffen oder irgendwo auszuleihen.[\/vc_column_text][vc_column_text]<\/p>\n<h2>Unsere Themenkisten<\/h2>\n<div class=\"tier-news-container bottom-30\">\n<table class=\"tier-news-list\">\n<tbody>\n<tr>\n<td class=\"tier-news-date\"><strong><a class=\"link\" href=\"https:\/\/tierpark-bern.ch\/bildung\/themenkisten\/alpentiere\/\" rel=\"noopener noreferrer\">Alpentiere<\/a><\/strong><\/td>\n<\/tr>\n<tr>\n<td class=\"tier-news-date\"><strong><a class=\"link\" href=\"https:\/\/tierpark-bern.ch\/bildung\/themenkisten\/artenschutz-und-zoo\/\" rel=\"noopener noreferrer\">Artenschutz und Zoo<\/a><\/strong><\/td>\n<\/tr>\n<tr>\n<td class=\"tier-news-date\"><strong><a class=\"link\" href=\"https:\/\/tierpark-bern.ch\/bildung\/themenkisten\/baeren-1\/\" rel=\"noopener noreferrer\">B\u00e4ren 1<\/a><\/strong><\/td>\n<\/tr>\n<tr>\n<td class=\"tier-news-date\"><strong><a class=\"link\" href=\"https:\/\/tierpark-bern.ch\/bildung\/themenkisten\/baeren-2\/\" rel=\"noopener noreferrer\">B\u00e4ren 2<\/a><\/strong><\/td>\n<\/tr>\n<tr>\n<td class=\"tier-news-date\"><strong><a class=\"link\" href=\"https:\/\/tierpark-bern.ch\/bildung\/themenkisten\/baeren-3\/\" rel=\"noopener noreferrer\">B\u00e4ren 3<\/a><\/strong><\/td>\n<\/tr>\n<tr>\n<td class=\"tier-news-date\"><strong><a class=\"link\" href=\"https:\/\/tierpark-bern.ch\/bildung\/themenkisten\/biber-und-fischotter\/\" rel=\"noopener noreferrer\">Biber und Fischotter<\/a><\/strong><\/td>\n<\/tr>\n<tr>\n<td class=\"tier-news-date\"><strong><a class=\"link\" href=\"https:\/\/tierpark-bern.ch\/bildung\/themenkisten\/fische\/\" rel=\"noopener noreferrer\">Fische<\/a><\/strong><\/td>\n<\/tr>\n<tr>\n<td class=\"tier-news-date\"><strong><a class=\"link\" href=\"https:\/\/tierpark-bern.ch\/bildung\/themenkisten\/heim-und-nutztiere\/\" rel=\"noopener noreferrer\">Heim- und Nutztiere<\/a><\/strong><\/td>\n<\/tr>\n<tr>\n<td class=\"tier-news-date\"><strong><a class=\"link\" href=\"https:\/\/tierpark-bern.ch\/bildung\/themenkisten\/luchs-und-wolf\/\" rel=\"noopener noreferrer\">Luchs und Wolf<\/a><\/strong><\/td>\n<\/tr>\n<tr>\n<td class=\"tier-news-date\"><strong><a class=\"link\" href=\"https:\/\/tierpark-bern.ch\/bildung\/themenkisten\/papageitaucher-und-pinguin\/\" rel=\"noopener noreferrer\">Papageitaucher und Pinguin<\/a><\/strong><\/td>\n<\/tr>\n<tr>\n<td class=\"tier-news-date\"><strong><a class=\"link\" href=\"https:\/\/tierpark-bern.ch\/bildung\/themenkisten\/reptilien\/\" rel=\"noopener noreferrer\">Reptilien<\/a><\/strong><\/td>\n<\/tr>\n<tr>\n<td class=\"tier-news-date\"><strong><a class=\"link\" href=\"https:\/\/tierpark-bern.ch\/bildung\/themenkisten\/tiere-im-kalten-norden\/\" rel=\"noopener noreferrer\">Tiere im kalten Norden<\/a><\/strong><\/td>\n<\/tr>\n<tr>\n<td class=\"tier-news-date\"><strong><a class=\"link\" href=\"https:\/\/tierpark-bern.ch\/bildung\/themenkisten\/voegel\/\" rel=\"noopener noreferrer\">V\u00f6gel<\/a><\/strong><\/td>\n<\/tr>\n<tr>\n<td class=\"tier-news-date\"><strong><a class=\"link\" href=\"https:\/\/tierpark-bern.ch\/bildung\/themenkisten\/vogeltasche\/\" rel=\"noopener noreferrer\">Vogeltasche<\/a><\/strong><\/td>\n<\/tr>\n<tr>\n<td class=\"tier-news-date\"><strong><a class=\"link\" href=\"https:\/\/tierpark-bern.ch\/bildung\/themenkisten\/waldtiere\/\" rel=\"noopener noreferrer\">Waldtiere<\/a><\/strong><\/td>\n<\/tr>\n<\/tbody>\n<\/table>\n<\/div>\n<p>[\/vc_column_text][vc_column_text]<\/p>\n<h2>Abholort<\/h2>\n<p>an der Kasse des Vivariums<\/p>\n<h2>Kosten<\/h2>\n<p>CHF 30.- f\u00fcr die Dauer von 3 Wochen.<\/p>\n<h2>Depotgeb\u00fchr<\/h2>\n<p>CHF 100.-, wird bei rechtzeitigem und vollst\u00e4ndigem Zur\u00fcckbringen vollumf\u00e4nglich zur\u00fcckerstattet.<\/p>\n<h2>Reservation<\/h2>\n<p>Die Reservation der Themenkisten ist nur telefonisch unter +41 31 321 15 26 m\u00f6glich. Verf\u00fcgbarkeit der einzelnen Themenkisten siehe untenstehender Belegungsplan.<\/p>\n<h2>Hinweis<\/h2>\n<p>Die Kisten sind recht schwer und der Transport mit dem \u00f6ffentlichen Verkehr ist nur eingeschr\u00e4nkt ratsam (z.B. mit Sackwagen o.\u00e4.). Es empfiehlt sich daher, die Kisten mit einem PW abzuholen.[\/vc_column_text][\/vc_column][\/vc_row]<\/p>\n<\/div>","protected":false},"excerpt":{"rendered":"<p>Die Themenkiste beinhaltet spannende Tiermaterialien zu unterschiedlichen Tierarten.<\/p>\n","protected":false},"author":1,"featured_media":17667,"parent":51940,"menu_order":0,"comment_status":"closed","ping_status":"closed","template":"","meta":{"_acf_changed":false,"footnotes":""},"class_list":["post-51969","page","type-page","status-publish","has-post-thumbnail","hentry"],"acf":[],"yoast_head":"<title>Themenkisten | Tierpark Bern<\/title>\n<meta name=\"description\" content=\"Die Themenkisten beinhalten spannende Tiermaterialien zu unterschiedlichen Tierarten aus dem Tierpark Bern.\" \/>\n<meta name=\"robots\" content=\"index, follow, max-snippet:-1, max-image-preview:large, max-video-preview:-1\" \/>\n<link rel=\"canonical\" href=\"https:\/\/tierpark-bern.ch\/en\/education\/themenkisten\/\" \/>\n<meta property=\"og:locale\" content=\"en_US\" \/>\n<meta property=\"og:type\" content=\"article\" \/>\n<meta property=\"og:title\" content=\"Themenkisten | Tierpark Bern\" \/>\n<meta property=\"og:description\" content=\"Die Themenkisten beinhalten spannende Tiermaterialien zu unterschiedlichen Tierarten aus dem Tierpark Bern.\" \/>\n<meta property=\"og:url\" content=\"https:\/\/tierpark-bern.ch\/en\/education\/themenkisten\/\" \/>\n<meta property=\"og:site_name\" content=\"Tierpark Bern\" \/>\n<meta property=\"article:publisher\" content=\"https:\/\/www.facebook.com\/tierparkbern\/\" \/>\n<meta property=\"article:modified_time\" content=\"2023-11-21T11:23:27+00:00\" \/>\n<meta property=\"og:image\" content=\"https:\/\/tierpark-bern.ch\/web\/app\/uploads\/2022\/02\/themenkisten-tierpark-bern-schule.jpg\" \/>\n\t<meta property=\"og:image:width\" content=\"739\" \/>\n\t<meta property=\"og:image:height\" content=\"448\" \/>\n\t<meta property=\"og:image:type\" content=\"image\/jpeg\" \/>\n<script type=\"application\/ld+json\" class=\"yoast-schema-graph\">{\"@context\":\"https:\/\/schema.org\",\"@graph\":[{\"@type\":\"WebPage\",\"@id\":\"https:\/\/tierpark-bern.ch\/en\/education\/themenkisten\/\",\"url\":\"https:\/\/tierpark-bern.ch\/en\/education\/themenkisten\/\",\"name\":\"Themenkisten | Tierpark Bern\",\"isPartOf\":{\"@id\":\"https:\/\/tierpark-bern.ch\/en\/#website\"},\"primaryImageOfPage\":{\"@id\":\"https:\/\/tierpark-bern.ch\/en\/education\/themenkisten\/#primaryimage\"},\"image\":{\"@id\":\"https:\/\/tierpark-bern.ch\/en\/education\/themenkisten\/#primaryimage\"},\"thumbnailUrl\":\"https:\/\/tierpark-bern.ch\/web\/app\/uploads\/2022\/02\/themenkisten-tierpark-bern-schule.jpg\",\"datePublished\":\"2020-07-30T13:29:14+00:00\",\"dateModified\":\"2023-11-21T11:23:27+00:00\",\"description\":\"Die Themenkisten beinhalten spannende Tiermaterialien zu unterschiedlichen Tierarten aus dem Tierpark Bern.\",\"breadcrumb\":{\"@id\":\"https:\/\/tierpark-bern.ch\/en\/education\/themenkisten\/#breadcrumb\"},\"inLanguage\":\"en-US\",\"potentialAction\":[{\"@type\":\"ReadAction\",\"target\":[\"https:\/\/tierpark-bern.ch\/en\/education\/themenkisten\/\"]}]},{\"@type\":\"ImageObject\",\"inLanguage\":\"en-US\",\"@id\":\"https:\/\/tierpark-bern.ch\/en\/education\/themenkisten\/#primaryimage\",\"url\":\"https:\/\/tierpark-bern.ch\/web\/app\/uploads\/2022\/02\/themenkisten-tierpark-bern-schule.jpg\",\"contentUrl\":\"https:\/\/tierpark-bern.ch\/web\/app\/uploads\/2022\/02\/themenkisten-tierpark-bern-schule.jpg\",\"width\":739,\"height\":448,\"caption\":\"Vier von zw\u00f6lf Themen \u2013 vielf\u00e4ltig wie der Tierpark\"},{\"@type\":\"BreadcrumbList\",\"@id\":\"https:\/\/tierpark-bern.ch\/en\/education\/themenkisten\/#breadcrumb\",\"itemListElement\":[{\"@type\":\"ListItem\",\"position\":1,\"name\":\"Home\",\"item\":\"https:\/\/tierpark-bern.ch\/en\/\"},{\"@type\":\"ListItem\",\"position\":2,\"name\":\"Schools\",\"item\":\"https:\/\/tierpark-bern.ch\/en\/education\/\"},{\"@type\":\"ListItem\",\"position\":3,\"name\":\"Themenkisten\"}]},{\"@type\":\"WebSite\",\"@id\":\"https:\/\/tierpark-bern.ch\/en\/#website\",\"url\":\"https:\/\/tierpark-bern.ch\/en\/\",\"name\":\"Tierpark Bern\",\"description\":\"\",\"publisher\":{\"@id\":\"https:\/\/tierpark-bern.ch\/en\/#organization\"},\"potentialAction\":[{\"@type\":\"SearchAction\",\"target\":{\"@type\":\"EntryPoint\",\"urlTemplate\":\"https:\/\/tierpark-bern.ch\/en\/?s={search_term_string}\"},\"query-input\":{\"@type\":\"PropertyValueSpecification\",\"valueRequired\":true,\"valueName\":\"search_term_string\"}}],\"inLanguage\":\"en-US\"},{\"@type\":\"Organization\",\"@id\":\"https:\/\/tierpark-bern.ch\/en\/#organization\",\"name\":\"Tierpark Bern | D\u00e4hlh\u00f6lzli + B\u00e4renPark\",\"alternateName\":\"Tierpark Bern\",\"url\":\"https:\/\/tierpark-bern.ch\/en\/\",\"logo\":{\"@type\":\"ImageObject\",\"inLanguage\":\"en-US\",\"@id\":\"https:\/\/tierpark-bern.ch\/en\/#\/schema\/logo\/image\/\",\"url\":\"https:\/\/tierpark-bern.ch\/web\/app\/uploads\/2024\/04\/tierpark-bern-696x696-1.jpg\",\"contentUrl\":\"https:\/\/tierpark-bern.ch\/web\/app\/uploads\/2024\/04\/tierpark-bern-696x696-1.jpg\",\"width\":696,\"height\":696,\"caption\":\"Tierpark Bern | D\u00e4hlh\u00f6lzli + B\u00e4renPark\"},\"image\":{\"@id\":\"https:\/\/tierpark-bern.ch\/en\/#\/schema\/logo\/image\/\"},\"sameAs\":[\"https:\/\/www.facebook.com\/tierparkbern\/\",\"https:\/\/x.com\/tierparkbern\",\"https:\/\/www.instagram.com\/tierparkbern\/\"]}]}<\/script>","yoast_head_json":{"title":"Themenkisten | Tierpark Bern","description":"Die Themenkisten beinhalten spannende Tiermaterialien zu unterschiedlichen Tierarten aus dem Tierpark Bern.","robots":{"index":"index","follow":"follow","max-snippet":"max-snippet:-1","max-image-preview":"max-image-preview:large","max-video-preview":"max-video-preview:-1"},"canonical":"https:\/\/tierpark-bern.ch\/en\/education\/themenkisten\/","og_locale":"en_US","og_type":"article","og_title":"Themenkisten | Tierpark Bern","og_description":"Die Themenkisten beinhalten spannende Tiermaterialien zu unterschiedlichen Tierarten aus dem Tierpark Bern.","og_url":"https:\/\/tierpark-bern.ch\/en\/education\/themenkisten\/","og_site_name":"Tierpark Bern","article_publisher":"https:\/\/www.facebook.com\/tierparkbern\/","article_modified_time":"2023-11-21T11:23:27+00:00","og_image":[{"width":739,"height":448,"url":"https:\/\/tierpark-bern.ch\/web\/app\/uploads\/2022\/02\/themenkisten-tierpark-bern-schule.jpg","type":"image\/jpeg"}],"schema":{"@context":"https:\/\/schema.org","@graph":[{"@type":"WebPage","@id":"https:\/\/tierpark-bern.ch\/en\/education\/themenkisten\/","url":"https:\/\/tierpark-bern.ch\/en\/education\/themenkisten\/","name":"Themenkisten | Tierpark Bern","isPartOf":{"@id":"https:\/\/tierpark-bern.ch\/en\/#website"},"primaryImageOfPage":{"@id":"https:\/\/tierpark-bern.ch\/en\/education\/themenkisten\/#primaryimage"},"image":{"@id":"https:\/\/tierpark-bern.ch\/en\/education\/themenkisten\/#primaryimage"},"thumbnailUrl":"https:\/\/tierpark-bern.ch\/web\/app\/uploads\/2022\/02\/themenkisten-tierpark-bern-schule.jpg","datePublished":"2020-07-30T13:29:14+00:00","dateModified":"2023-11-21T11:23:27+00:00","description":"Die Themenkisten beinhalten spannende Tiermaterialien zu unterschiedlichen Tierarten aus dem Tierpark Bern.","breadcrumb":{"@id":"https:\/\/tierpark-bern.ch\/en\/education\/themenkisten\/#breadcrumb"},"inLanguage":"en-US","potentialAction":[{"@type":"ReadAction","target":["https:\/\/tierpark-bern.ch\/en\/education\/themenkisten\/"]}]},{"@type":"ImageObject","inLanguage":"en-US","@id":"https:\/\/tierpark-bern.ch\/en\/education\/themenkisten\/#primaryimage","url":"https:\/\/tierpark-bern.ch\/web\/app\/uploads\/2022\/02\/themenkisten-tierpark-bern-schule.jpg","contentUrl":"https:\/\/tierpark-bern.ch\/web\/app\/uploads\/2022\/02\/themenkisten-tierpark-bern-schule.jpg","width":739,"height":448,"caption":"Vier von zw\u00f6lf Themen \u2013 vielf\u00e4ltig wie der Tierpark"},{"@type":"BreadcrumbList","@id":"https:\/\/tierpark-bern.ch\/en\/education\/themenkisten\/#breadcrumb","itemListElement":[{"@type":"ListItem","position":1,"name":"Home","item":"https:\/\/tierpark-bern.ch\/en\/"},{"@type":"ListItem","position":2,"name":"Schools","item":"https:\/\/tierpark-bern.ch\/en\/education\/"},{"@type":"ListItem","position":3,"name":"Themenkisten"}]},{"@type":"WebSite","@id":"https:\/\/tierpark-bern.ch\/en\/#website","url":"https:\/\/tierpark-bern.ch\/en\/","name":"Tierpark Bern","description":"","publisher":{"@id":"https:\/\/tierpark-bern.ch\/en\/#organization"},"potentialAction":[{"@type":"SearchAction","target":{"@type":"EntryPoint","urlTemplate":"https:\/\/tierpark-bern.ch\/en\/?s={search_term_string}"},"query-input":{"@type":"PropertyValueSpecification","valueRequired":true,"valueName":"search_term_string"}}],"inLanguage":"en-US"},{"@type":"Organization","@id":"https:\/\/tierpark-bern.ch\/en\/#organization","name":"Tierpark Bern | D\u00e4hlh\u00f6lzli + B\u00e4renPark","alternateName":"Tierpark Bern","url":"https:\/\/tierpark-bern.ch\/en\/","logo":{"@type":"ImageObject","inLanguage":"en-US","@id":"https:\/\/tierpark-bern.ch\/en\/#\/schema\/logo\/image\/","url":"https:\/\/tierpark-bern.ch\/web\/app\/uploads\/2024\/04\/tierpark-bern-696x696-1.jpg","contentUrl":"https:\/\/tierpark-bern.ch\/web\/app\/uploads\/2024\/04\/tierpark-bern-696x696-1.jpg","width":696,"height":696,"caption":"Tierpark Bern | D\u00e4hlh\u00f6lzli + B\u00e4renPark"},"image":{"@id":"https:\/\/tierpark-bern.ch\/en\/#\/schema\/logo\/image\/"},"sameAs":["https:\/\/www.facebook.com\/tierparkbern\/","https:\/\/x.com\/tierparkbern","https:\/\/www.instagram.com\/tierparkbern\/"]}]}},"_links":{"self":[{"href":"https:\/\/tierpark-bern.ch\/en\/wp-json\/wp\/v2\/pages\/51969","targetHints":{"allow":["GET"]}}],"collection":[{"href":"https:\/\/tierpark-bern.ch\/en\/wp-json\/wp\/v2\/pages"}],"about":[{"href":"https:\/\/tierpark-bern.ch\/en\/wp-json\/wp\/v2\/types\/page"}],"author":[{"embeddable":true,"href":"https:\/\/tierpark-bern.ch\/en\/wp-json\/wp\/v2\/users\/1"}],"replies":[{"embeddable":true,"href":"https:\/\/tierpark-bern.ch\/en\/wp-json\/wp\/v2\/comments?post=51969"}],"version-history":[{"count":0,"href":"https:\/\/tierpark-bern.ch\/en\/wp-json\/wp\/v2\/pages\/51969\/revisions"}],"up":[{"embeddable":true,"href":"https:\/\/tierpark-bern.ch\/en\/wp-json\/wp\/v2\/pages\/51940"}],"wp:featuredmedia":[{"embeddable":true,"href":"https:\/\/tierpark-bern.ch\/en\/wp-json\/wp\/v2\/media\/17667"}],"wp:attachment":[{"href":"https:\/\/tierpark-bern.ch\/en\/wp-json\/wp\/v2\/media?parent=51969"}],"curies":[{"name":"wp","href":"https:\/\/api.w.org\/{rel}","templated":true}]}}