
{"id":52233,"date":"2022-02-21T23:37:52","date_gmt":"2022-02-21T22:37:52","guid":{"rendered":"https:\/\/tierpark-bern.ch\/support\/partner\/"},"modified":"2024-04-10T16:17:26","modified_gmt":"2024-04-10T14:17:26","slug":"partner","status":"publish","type":"page","link":"https:\/\/tierpark-bern.ch\/en\/support\/partner\/","title":{"rendered":"Bern Animal Park Partner"},"content":{"rendered":"<div class=\"wpb-content-wrapper\"><p>[vc_row][vc_column][vc_column_text]<\/p>\n<h1>Bern Animal Park Partner<\/h1>\n<p>Our partners support us in our mission to inspire people for the colourful animal world and to make a sustainable contribution to species conservation &#8211; thank you very much for the good cooperation.[\/vc_column_text][\/vc_column][\/vc_row][vc_row][vc_column][vc_empty_space][\/vc_column][\/vc_row][vc_row][vc_column][vc_column_text]<\/p>\n<h2>Conveyor<\/h2>\n<p>[\/vc_column_text][\/vc_column][\/vc_row][vc_row el_class=&#8221;community-section&#8221;][vc_column width=&#8221;1\/4&#8243; el_class=&#8221;partner-container&#8221;][vc_row_inner css=&#8221;.vc_custom_1639642474931{padding-top: 10px !important;padding-bottom: 40px !important;}&#8221; el_class=&#8221;partner-logo-section&#8221;][vc_column_inner][vc_single_image image=&#8221;26179&#8243; img_size=&#8221;medium&#8221; onclick=&#8221;custom_link&#8221; img_link_target=&#8221;_blank&#8221;][\/vc_column_inner][\/vc_row_inner][\/vc_column][vc_column width=&#8221;1\/4&#8243; el_class=&#8221;partner-container&#8221;][vc_row_inner css=&#8221;.vc_custom_1639642482074{padding-top: 10px !important;padding-bottom: 40px !important;}&#8221; el_class=&#8221;partner-logo-section&#8221;][vc_column_inner][vc_single_image image=&#8221;26173&#8243; img_size=&#8221;medium&#8221; onclick=&#8221;custom_link&#8221; img_link_target=&#8221;_blank&#8221;][\/vc_column_inner][\/vc_row_inner][\/vc_column][vc_column width=&#8221;1\/4&#8243; el_class=&#8221;partner-container&#8221;][vc_row_inner css=&#8221;.vc_custom_1639642482074{padding-top: 10px !important;padding-bottom: 40px !important;}&#8221; el_class=&#8221;partner-logo-section&#8221;][vc_column_inner][vc_single_image image=&#8221;26177&#8243; img_size=&#8221;medium&#8221; onclick=&#8221;custom_link&#8221; img_link_target=&#8221;_blank&#8221;][\/vc_column_inner][\/vc_row_inner][\/vc_column][vc_column width=&#8221;1\/4&#8243; el_class=&#8221;partner-container&#8221;][vc_row_inner css=&#8221;.vc_custom_1639642482074{padding-top: 10px !important;padding-bottom: 40px !important;}&#8221; el_class=&#8221;partner-logo-section&#8221;][vc_column_inner][vc_single_image image=&#8221;26175&#8243; img_size=&#8221;medium&#8221; onclick=&#8221;custom_link&#8221; img_link_target=&#8221;_blank&#8221;][\/vc_column_inner][\/vc_row_inner][\/vc_column][\/vc_row][vc_row][vc_column][vc_empty_space][\/vc_column][\/vc_row][vc_row][vc_column][vc_column_text]<\/p>\n<h2>Platform for cooperation<\/h2>\n<p>[\/vc_column_text][\/vc_column][\/vc_row][vc_row el_class=&#8221;community-section&#8221;][vc_column width=&#8221;1\/4&#8243; el_class=&#8221;partner-container&#8221;][vc_row_inner css=&#8221;.vc_custom_1639642482074{padding-top: 10px !important;padding-bottom: 40px !important;}&#8221; el_class=&#8221;partner-logo-section&#8221;][vc_column_inner][vc_single_image image=&#8221;26201&#8243; img_size=&#8221;medium&#8221; onclick=&#8221;custom_link&#8221; img_link_target=&#8221;_blank&#8221; link=&#8221;https:\/\/www.wwf-be.ch&#8221;][\/vc_column_inner][\/vc_row_inner][\/vc_column][vc_column width=&#8221;1\/4&#8243; el_class=&#8221;partner-container&#8221;][vc_row_inner css=&#8221;.vc_custom_1639642482074{padding-top: 10px !important;padding-bottom: 40px !important;}&#8221; el_class=&#8221;partner-logo-section&#8221;][vc_column_inner][vc_single_image image=&#8221;26203&#8243; img_size=&#8221;medium&#8221; onclick=&#8221;custom_link&#8221; img_link_target=&#8221;_blank&#8221; link=&#8221;https:\/\/kora.ch\/&#8221;][\/vc_column_inner][\/vc_row_inner][\/vc_column][vc_column width=&#8221;1\/4&#8243; el_class=&#8221;partner-container&#8221;][vc_row_inner css=&#8221;.vc_custom_1639642482074{padding-top: 10px !important;padding-bottom: 40px !important;}&#8221; el_class=&#8221;partner-logo-section&#8221;][vc_column_inner][vc_single_image image=&#8221;26209&#8243; img_size=&#8221;medium&#8221; onclick=&#8221;custom_link&#8221; img_link_target=&#8221;_blank&#8221; link=&#8221;https:\/\/www.gantrisch.ch&#8221;][\/vc_column_inner][\/vc_row_inner][\/vc_column][vc_column width=&#8221;1\/4&#8243; el_class=&#8221;partner-container&#8221;][vc_row_inner css=&#8221;.vc_custom_1639642482074{padding-top: 10px !important;padding-bottom: 40px !important;}&#8221; el_class=&#8221;partner-logo-section&#8221;][vc_column_inner][vc_single_image image=&#8221;26211&#8243; img_size=&#8221;medium&#8221; onclick=&#8221;custom_link&#8221; img_link_target=&#8221;_blank&#8221; link=&#8221;https:\/\/www.nmbe.ch&#8221;][\/vc_column_inner][\/vc_row_inner][\/vc_column][\/vc_row][vc_row el_class=&#8221;community-section&#8221;][vc_column width=&#8221;1\/4&#8243; el_class=&#8221;partner-container&#8221;][vc_row_inner css=&#8221;.vc_custom_1639642482074{padding-top: 10px !important;padding-bottom: 40px !important;}&#8221; el_class=&#8221;partner-logo-section&#8221;][vc_column_inner][vc_single_image image=&#8221;26213&#8243; img_size=&#8221;medium&#8221; onclick=&#8221;custom_link&#8221; img_link_target=&#8221;_blank&#8221; link=&#8221;https:\/\/www.boga.unibe.ch&#8221;][\/vc_column_inner][\/vc_row_inner][\/vc_column][vc_column width=&#8221;1\/4&#8243; el_class=&#8221;partner-container&#8221;][vc_row_inner css=&#8221;.vc_custom_1639642482074{padding-top: 10px !important;padding-bottom: 40px !important;}&#8221; el_class=&#8221;partner-logo-section&#8221;][vc_column_inner][vc_single_image image=&#8221;26215&#8243; img_size=&#8221;medium&#8221; onclick=&#8221;custom_link&#8221; img_link_target=&#8221;_blank&#8221; link=&#8221;https:\/\/www.bern.ch\/politik-und-verwaltung\/stadtverwaltung\/tvs\/stadtgrun-bern&#8221;][\/vc_column_inner][\/vc_row_inner][\/vc_column][vc_column width=&#8221;1\/4&#8243; el_class=&#8221;partner-container&#8221;][vc_row_inner css=&#8221;.vc_custom_1639642482074{padding-top: 10px !important;padding-bottom: 40px !important;}&#8221; el_class=&#8221;partner-logo-section&#8221;][vc_column_inner][vc_single_image image=&#8221;26217&#8243; img_size=&#8221;medium&#8221; onclick=&#8221;custom_link&#8221; img_link_target=&#8221;_blank&#8221; link=&#8221;https:\/\/www.pronatura-be.ch&#8221;][\/vc_column_inner][\/vc_row_inner][\/vc_column][vc_column width=&#8221;1\/4&#8243; el_class=&#8221;partner-container&#8221;][vc_row_inner css=&#8221;.vc_custom_1639642482074{padding-top: 10px !important;padding-bottom: 40px !important;}&#8221; el_class=&#8221;partner-logo-section&#8221;][vc_column_inner][vc_single_image image=&#8221;26219&#8243; img_size=&#8221;medium&#8221; onclick=&#8221;custom_link&#8221; img_link_target=&#8221;_blank&#8221; link=&#8221;http:\/\/www.karch.ch&#8221;][\/vc_column_inner][\/vc_row_inner][\/vc_column][\/vc_row][vc_row el_class=&#8221;community-section&#8221;][vc_column width=&#8221;1\/4&#8243; el_class=&#8221;partner-container&#8221;][vc_row_inner css=&#8221;.vc_custom_1639642482074{padding-top: 10px !important;padding-bottom: 40px !important;}&#8221; el_class=&#8221;partner-logo-section&#8221;][vc_column_inner][vc_single_image image=&#8221;26221&#8243; img_size=&#8221;medium&#8221; onclick=&#8221;custom_link&#8221; img_link_target=&#8221;_blank&#8221; link=&#8221;https:\/\/www.phbern.ch&#8221;][\/vc_column_inner][\/vc_row_inner][\/vc_column][vc_column width=&#8221;1\/4&#8243; el_class=&#8221;partner-container&#8221;][vc_row_inner css=&#8221;.vc_custom_1639642482074{padding-top: 10px !important;padding-bottom: 40px !important;}&#8221; el_class=&#8221;partner-logo-section&#8221;][vc_column_inner][vc_single_image image=&#8221;26237&#8243; img_size=&#8221;medium&#8221; onclick=&#8221;custom_link&#8221; img_link_target=&#8221;_blank&#8221; link=&#8221;https:\/\/www.vetsuisse.ch&#8221;][\/vc_column_inner][\/vc_row_inner][\/vc_column][\/vc_row][vc_row][vc_column][vc_empty_space][\/vc_column][\/vc_row][vc_row][vc_column][vc_column_text]<\/p>\n<h2>Marketing Partner<\/h2>\n<p>[\/vc_column_text][\/vc_column][\/vc_row][vc_row el_class=&#8221;community-section&#8221;][vc_column width=&#8221;1\/4&#8243; el_class=&#8221;partner-container&#8221;][vc_row_inner css=&#8221;.vc_custom_1639642482074{padding-top: 10px !important;padding-bottom: 40px !important;}&#8221; el_class=&#8221;partner-logo-section&#8221;][vc_column_inner][vc_single_image image=&#8221;26185&#8243; img_size=&#8221;medium&#8221; onclick=&#8221;custom_link&#8221; img_link_target=&#8221;_blank&#8221;][\/vc_column_inner][\/vc_row_inner][\/vc_column][vc_column width=&#8221;1\/4&#8243; el_class=&#8221;partner-container&#8221;][vc_row_inner css=&#8221;.vc_custom_1639642482074{padding-top: 10px !important;padding-bottom: 40px !important;}&#8221; el_class=&#8221;partner-logo-section&#8221;][vc_column_inner][vc_single_image image=&#8221;26187&#8243; img_size=&#8221;medium&#8221; onclick=&#8221;custom_link&#8221; img_link_target=&#8221;_blank&#8221;][\/vc_column_inner][\/vc_row_inner][\/vc_column][vc_column width=&#8221;1\/4&#8243;][\/vc_column][vc_column width=&#8221;1\/4&#8243;][\/vc_column][\/vc_row][vc_row][vc_column][vc_column_text]<section class=\"section no-padding-bottom page-suggestion-container\">\n            <div class=\"container\">\n                <div class=\"row bottom-50\">\n                    <div class=\"col-12\">\n                        <div class=\"heading heading--primary heading--center\">\n                            <h2 class=\"heading__title no-margin-bottom\"><span>More Topics<\/span><\/h2>\n                        <\/div>\n                    <\/div>\n                <\/div>\n                <div class=\"row\"><div class=\"col-md-6 col-xl-4 offset-xl-2\">\n                        <div class=\"service-content\" tabindex=\"0\" role=\"link\" onclick=\"suggestionLinkfunction(this);\" data-href=\"https:\/\/tierpark-bern.ch\/en\/about-us\/organisation\/\">\n                            <img decoding=\"async\" src=\"https:\/\/tierpark-bern.ch\/web\/app\/uploads\/2022\/04\/wolf-tierpark-bern-2-2-386x230.jpg\" alt=\"\"\/>\n                                <div class=\"service-desc\">\n                                    <div class=\"vcenter\">\n                                        <div class=\"titel\">Organisation<\/div>\n                                    <\/div>\n                                <\/div>\n                        <\/div>\n                    <\/div><div class=\"col-md-6 col-xl-4 \">\n                        <div class=\"service-content\" tabindex=\"0\" role=\"link\" onclick=\"suggestionLinkfunction(this);\" data-href=\"https:\/\/tierpark-bern.ch\/en\/about-us\/contact-person\/\">\n                            <img decoding=\"async\" src=\"https:\/\/tierpark-bern.ch\/web\/app\/uploads\/2020\/07\/braun-bear-386x230.jpg\" alt=\"\"\/>\n                                <div class=\"service-desc\">\n                                    <div class=\"vcenter\">\n                                        <div class=\"titel\">Contact Person<\/div>\n                                    <\/div>\n                                <\/div>\n                        <\/div>\n                    <\/div><\/div>\n            <\/div>\n        <\/section>[\/vc_column_text][\/vc_column][\/vc_row]<\/p>\n<\/div>","protected":false},"excerpt":{"rendered":"<p>Our partners support us in our mission to inspire people for the colourful animal world and to make a sustainable contribution to species conservation<\/p>\n","protected":false},"author":1,"featured_media":25006,"parent":52226,"menu_order":0,"comment_status":"closed","ping_status":"closed","template":"","meta":{"_acf_changed":false,"footnotes":""},"class_list":["post-52233","page","type-page","status-publish","has-post-thumbnail","hentry"],"acf":[],"yoast_head":"<title>Bern Animal Park Partner | Tierpark Bern<\/title>\n<meta name=\"description\" content=\"Unsere Partner unterst\u00fctzen uns bei unserer Mission, Menschen f\u00fcr die bunte Tierwelt zu begeistern und einen nachhaltigen Beitrag zum Artenschutz zu leisten.\" \/>\n<meta name=\"robots\" content=\"index, follow, max-snippet:-1, max-image-preview:large, max-video-preview:-1\" \/>\n<link rel=\"canonical\" href=\"https:\/\/tierpark-bern.ch\/en\/support\/partner\/\" \/>\n<meta property=\"og:locale\" content=\"en_US\" \/>\n<meta property=\"og:type\" content=\"article\" \/>\n<meta property=\"og:title\" content=\"Bern Animal Park Partner | Tierpark Bern\" \/>\n<meta property=\"og:description\" content=\"Unsere Partner unterst\u00fctzen uns bei unserer Mission, Menschen f\u00fcr die bunte Tierwelt zu begeistern und einen nachhaltigen Beitrag zum Artenschutz zu leisten.\" \/>\n<meta property=\"og:url\" content=\"https:\/\/tierpark-bern.ch\/en\/support\/partner\/\" \/>\n<meta property=\"og:site_name\" content=\"Tierpark Bern\" \/>\n<meta property=\"article:publisher\" content=\"https:\/\/www.facebook.com\/tierparkbern\/\" \/>\n<meta property=\"article:modified_time\" content=\"2024-04-10T14:17:26+00:00\" \/>\n<meta property=\"og:image\" content=\"https:\/\/tierpark-bern.ch\/web\/app\/uploads\/2020\/07\/fisch-tierpark-bern-3.jpg\" \/>\n\t<meta property=\"og:image:width\" content=\"1500\" \/>\n\t<meta property=\"og:image:height\" content=\"998\" \/>\n\t<meta property=\"og:image:type\" content=\"image\/jpeg\" \/>\n<script type=\"application\/ld+json\" class=\"yoast-schema-graph\">{\"@context\":\"https:\/\/schema.org\",\"@graph\":[{\"@type\":\"WebPage\",\"@id\":\"https:\/\/tierpark-bern.ch\/en\/support\/partner\/\",\"url\":\"https:\/\/tierpark-bern.ch\/en\/support\/partner\/\",\"name\":\"Bern Animal Park Partner | Tierpark Bern\",\"isPartOf\":{\"@id\":\"https:\/\/tierpark-bern.ch\/en\/#website\"},\"primaryImageOfPage\":{\"@id\":\"https:\/\/tierpark-bern.ch\/en\/support\/partner\/#primaryimage\"},\"image\":{\"@id\":\"https:\/\/tierpark-bern.ch\/en\/support\/partner\/#primaryimage\"},\"thumbnailUrl\":\"https:\/\/tierpark-bern.ch\/web\/app\/uploads\/2020\/07\/fisch-tierpark-bern-3.jpg\",\"datePublished\":\"2022-02-21T22:37:52+00:00\",\"dateModified\":\"2024-04-10T14:17:26+00:00\",\"description\":\"Unsere Partner unterst\u00fctzen uns bei unserer Mission, Menschen f\u00fcr die bunte Tierwelt zu begeistern und einen nachhaltigen Beitrag zum Artenschutz zu leisten.\",\"breadcrumb\":{\"@id\":\"https:\/\/tierpark-bern.ch\/en\/support\/partner\/#breadcrumb\"},\"inLanguage\":\"en-US\",\"potentialAction\":[{\"@type\":\"ReadAction\",\"target\":[\"https:\/\/tierpark-bern.ch\/en\/support\/partner\/\"]}]},{\"@type\":\"ImageObject\",\"inLanguage\":\"en-US\",\"@id\":\"https:\/\/tierpark-bern.ch\/en\/support\/partner\/#primaryimage\",\"url\":\"https:\/\/tierpark-bern.ch\/web\/app\/uploads\/2020\/07\/fisch-tierpark-bern-3.jpg\",\"contentUrl\":\"https:\/\/tierpark-bern.ch\/web\/app\/uploads\/2020\/07\/fisch-tierpark-bern-3.jpg\",\"width\":1500,\"height\":998,\"caption\":\"4\"},{\"@type\":\"BreadcrumbList\",\"@id\":\"https:\/\/tierpark-bern.ch\/en\/support\/partner\/#breadcrumb\",\"itemListElement\":[{\"@type\":\"ListItem\",\"position\":1,\"name\":\"Home\",\"item\":\"https:\/\/tierpark-bern.ch\/en\/\"},{\"@type\":\"ListItem\",\"position\":2,\"name\":\"Support\",\"item\":\"https:\/\/tierpark-bern.ch\/en\/support\/\"},{\"@type\":\"ListItem\",\"position\":3,\"name\":\"Bern Animal Park Partner\"}]},{\"@type\":\"WebSite\",\"@id\":\"https:\/\/tierpark-bern.ch\/en\/#website\",\"url\":\"https:\/\/tierpark-bern.ch\/en\/\",\"name\":\"Tierpark Bern\",\"description\":\"\",\"publisher\":{\"@id\":\"https:\/\/tierpark-bern.ch\/en\/#organization\"},\"potentialAction\":[{\"@type\":\"SearchAction\",\"target\":{\"@type\":\"EntryPoint\",\"urlTemplate\":\"https:\/\/tierpark-bern.ch\/en\/?s={search_term_string}\"},\"query-input\":{\"@type\":\"PropertyValueSpecification\",\"valueRequired\":true,\"valueName\":\"search_term_string\"}}],\"inLanguage\":\"en-US\"},{\"@type\":\"Organization\",\"@id\":\"https:\/\/tierpark-bern.ch\/en\/#organization\",\"name\":\"Tierpark Bern | D\u00e4hlh\u00f6lzli + B\u00e4renPark\",\"alternateName\":\"Tierpark Bern\",\"url\":\"https:\/\/tierpark-bern.ch\/en\/\",\"logo\":{\"@type\":\"ImageObject\",\"inLanguage\":\"en-US\",\"@id\":\"https:\/\/tierpark-bern.ch\/en\/#\/schema\/logo\/image\/\",\"url\":\"https:\/\/tierpark-bern.ch\/web\/app\/uploads\/2024\/04\/tierpark-bern-696x696-1.jpg\",\"contentUrl\":\"https:\/\/tierpark-bern.ch\/web\/app\/uploads\/2024\/04\/tierpark-bern-696x696-1.jpg\",\"width\":696,\"height\":696,\"caption\":\"Tierpark Bern | D\u00e4hlh\u00f6lzli + B\u00e4renPark\"},\"image\":{\"@id\":\"https:\/\/tierpark-bern.ch\/en\/#\/schema\/logo\/image\/\"},\"sameAs\":[\"https:\/\/www.facebook.com\/tierparkbern\/\",\"https:\/\/x.com\/tierparkbern\",\"https:\/\/www.instagram.com\/tierparkbern\/\"]}]}<\/script>","yoast_head_json":{"title":"Bern Animal Park Partner | Tierpark Bern","description":"Unsere Partner unterst\u00fctzen uns bei unserer Mission, Menschen f\u00fcr die bunte Tierwelt zu begeistern und einen nachhaltigen Beitrag zum Artenschutz zu leisten.","robots":{"index":"index","follow":"follow","max-snippet":"max-snippet:-1","max-image-preview":"max-image-preview:large","max-video-preview":"max-video-preview:-1"},"canonical":"https:\/\/tierpark-bern.ch\/en\/support\/partner\/","og_locale":"en_US","og_type":"article","og_title":"Bern Animal Park Partner | Tierpark Bern","og_description":"Unsere Partner unterst\u00fctzen uns bei unserer Mission, Menschen f\u00fcr die bunte Tierwelt zu begeistern und einen nachhaltigen Beitrag zum Artenschutz zu leisten.","og_url":"https:\/\/tierpark-bern.ch\/en\/support\/partner\/","og_site_name":"Tierpark Bern","article_publisher":"https:\/\/www.facebook.com\/tierparkbern\/","article_modified_time":"2024-04-10T14:17:26+00:00","og_image":[{"width":1500,"height":998,"url":"https:\/\/tierpark-bern.ch\/web\/app\/uploads\/2020\/07\/fisch-tierpark-bern-3.jpg","type":"image\/jpeg"}],"schema":{"@context":"https:\/\/schema.org","@graph":[{"@type":"WebPage","@id":"https:\/\/tierpark-bern.ch\/en\/support\/partner\/","url":"https:\/\/tierpark-bern.ch\/en\/support\/partner\/","name":"Bern Animal Park Partner | Tierpark Bern","isPartOf":{"@id":"https:\/\/tierpark-bern.ch\/en\/#website"},"primaryImageOfPage":{"@id":"https:\/\/tierpark-bern.ch\/en\/support\/partner\/#primaryimage"},"image":{"@id":"https:\/\/tierpark-bern.ch\/en\/support\/partner\/#primaryimage"},"thumbnailUrl":"https:\/\/tierpark-bern.ch\/web\/app\/uploads\/2020\/07\/fisch-tierpark-bern-3.jpg","datePublished":"2022-02-21T22:37:52+00:00","dateModified":"2024-04-10T14:17:26+00:00","description":"Unsere Partner unterst\u00fctzen uns bei unserer Mission, Menschen f\u00fcr die bunte Tierwelt zu begeistern und einen nachhaltigen Beitrag zum Artenschutz zu leisten.","breadcrumb":{"@id":"https:\/\/tierpark-bern.ch\/en\/support\/partner\/#breadcrumb"},"inLanguage":"en-US","potentialAction":[{"@type":"ReadAction","target":["https:\/\/tierpark-bern.ch\/en\/support\/partner\/"]}]},{"@type":"ImageObject","inLanguage":"en-US","@id":"https:\/\/tierpark-bern.ch\/en\/support\/partner\/#primaryimage","url":"https:\/\/tierpark-bern.ch\/web\/app\/uploads\/2020\/07\/fisch-tierpark-bern-3.jpg","contentUrl":"https:\/\/tierpark-bern.ch\/web\/app\/uploads\/2020\/07\/fisch-tierpark-bern-3.jpg","width":1500,"height":998,"caption":"4"},{"@type":"BreadcrumbList","@id":"https:\/\/tierpark-bern.ch\/en\/support\/partner\/#breadcrumb","itemListElement":[{"@type":"ListItem","position":1,"name":"Home","item":"https:\/\/tierpark-bern.ch\/en\/"},{"@type":"ListItem","position":2,"name":"Support","item":"https:\/\/tierpark-bern.ch\/en\/support\/"},{"@type":"ListItem","position":3,"name":"Bern Animal Park Partner"}]},{"@type":"WebSite","@id":"https:\/\/tierpark-bern.ch\/en\/#website","url":"https:\/\/tierpark-bern.ch\/en\/","name":"Tierpark Bern","description":"","publisher":{"@id":"https:\/\/tierpark-bern.ch\/en\/#organization"},"potentialAction":[{"@type":"SearchAction","target":{"@type":"EntryPoint","urlTemplate":"https:\/\/tierpark-bern.ch\/en\/?s={search_term_string}"},"query-input":{"@type":"PropertyValueSpecification","valueRequired":true,"valueName":"search_term_string"}}],"inLanguage":"en-US"},{"@type":"Organization","@id":"https:\/\/tierpark-bern.ch\/en\/#organization","name":"Tierpark Bern | D\u00e4hlh\u00f6lzli + B\u00e4renPark","alternateName":"Tierpark Bern","url":"https:\/\/tierpark-bern.ch\/en\/","logo":{"@type":"ImageObject","inLanguage":"en-US","@id":"https:\/\/tierpark-bern.ch\/en\/#\/schema\/logo\/image\/","url":"https:\/\/tierpark-bern.ch\/web\/app\/uploads\/2024\/04\/tierpark-bern-696x696-1.jpg","contentUrl":"https:\/\/tierpark-bern.ch\/web\/app\/uploads\/2024\/04\/tierpark-bern-696x696-1.jpg","width":696,"height":696,"caption":"Tierpark Bern | D\u00e4hlh\u00f6lzli + B\u00e4renPark"},"image":{"@id":"https:\/\/tierpark-bern.ch\/en\/#\/schema\/logo\/image\/"},"sameAs":["https:\/\/www.facebook.com\/tierparkbern\/","https:\/\/x.com\/tierparkbern","https:\/\/www.instagram.com\/tierparkbern\/"]}]}},"_links":{"self":[{"href":"https:\/\/tierpark-bern.ch\/en\/wp-json\/wp\/v2\/pages\/52233","targetHints":{"allow":["GET"]}}],"collection":[{"href":"https:\/\/tierpark-bern.ch\/en\/wp-json\/wp\/v2\/pages"}],"about":[{"href":"https:\/\/tierpark-bern.ch\/en\/wp-json\/wp\/v2\/types\/page"}],"author":[{"embeddable":true,"href":"https:\/\/tierpark-bern.ch\/en\/wp-json\/wp\/v2\/users\/1"}],"replies":[{"embeddable":true,"href":"https:\/\/tierpark-bern.ch\/en\/wp-json\/wp\/v2\/comments?post=52233"}],"version-history":[{"count":0,"href":"https:\/\/tierpark-bern.ch\/en\/wp-json\/wp\/v2\/pages\/52233\/revisions"}],"up":[{"embeddable":true,"href":"https:\/\/tierpark-bern.ch\/en\/wp-json\/wp\/v2\/pages\/52226"}],"wp:featuredmedia":[{"embeddable":true,"href":"https:\/\/tierpark-bern.ch\/en\/wp-json\/wp\/v2\/media\/25006"}],"wp:attachment":[{"href":"https:\/\/tierpark-bern.ch\/en\/wp-json\/wp\/v2\/media?parent=52233"}],"curies":[{"name":"wp","href":"https:\/\/api.w.org\/{rel}","templated":true}]}}