
{"id":52279,"date":"2021-09-03T00:40:20","date_gmt":"2021-09-02T22:40:20","guid":{"rendered":"https:\/\/tierpark-bern.ch\/animals\/facilities\/einheimische-amphibien-reptilien\/"},"modified":"2023-04-18T13:17:13","modified_gmt":"2023-04-18T11:17:13","slug":"native-amphibians-reptiles","status":"publish","type":"page","link":"https:\/\/tierpark-bern.ch\/en\/animals\/facilities\/native-amphibians-reptiles\/","title":{"rendered":"Native Amphibians &#038; Reptiles"},"content":{"rendered":"<div class=\"wpb-content-wrapper\"><p>[vc_row][vc_column][vc_column_text]<\/p>\n<h1>Native Amphibians &amp; Reptiles<\/h1>\n<p>Native biodiversity is declining drastically, Switzerland is losing a great many species at the moment. As part of the City of Bern&#8217;s theme year \u00ab<a href=\"https:\/\/tierpark-bern.ch\/news\/natur-braucht-stadt-im-tierpark-bern\/\">Nature Needs a City<\/a>\u00bb in 2021, the zoo also got involved: in the terrariums with native amphibians and reptiles, visitors experience how fascinating and at the same time endangered these species are. They also learn what they can do in their own gardens to promote these and other species.<br \/>\nThe outdoor terrariums are opposite the gopher enclosure, while the European pond turtle is in the pond in front of the B\u00e4renHaus. The common fire salamander is also a native amphibian, but lives in the puffin hall.<\/p>\n<p>In Switzerland, the adder is mainly found in the eastern Alpine region.<\/p>\n<p>[\/vc_column_text][\/vc_column][\/vc_row][vc_row][vc_column width=&#8221;1\/2&#8243;][vc_single_image image=&#8221;21620&#8243; add_caption=&#8221;yes&#8221;][\/vc_column][vc_column width=&#8221;1\/2&#8243;][vc_single_image image=&#8221;20499&#8243; add_caption=&#8221;yes&#8221;][\/vc_column][\/vc_row][vc_row][vc_column width=&#8221;1\/2&#8243;][vc_single_image image=&#8221;26031&#8243; equal_height_img_class=&#8221;yes&#8221; add_custom_caption_class=&#8221;yes&#8221;][vc_column_text]Threaded newt[\/vc_column_text][\/vc_column][vc_column width=&#8221;1\/2&#8243;][vc_single_image image=&#8221;26025&#8243; equal_height_img_class=&#8221;yes&#8221; add_custom_caption_class=&#8221;yes&#8221;][vc_column_text]Yellow-bellied toad[\/vc_column_text][\/vc_column][\/vc_row][vc_row][vc_column width=&#8221;1\/2&#8243;][vc_column_text]<\/p>\n<div class=\"tbl-species-list-container\">\n<h2>Native amphibians and reptiles<\/h2>\n<table class=\"tbl-all-species-list\">\n<tbody>\n<tr>\n<td style=\"width: 97.7528%;\"><strong><a href=\"https:\/\/tierpark-bern.ch\/en\/tierlexikon\/aeskulapnatter\/\"> \u00c4skulapnatter <\/a><\/strong><\/td>\n<\/tr>\n<tr>\n<td style=\"width: 97.7528%;\"><a href=\"https:\/\/tierpark-bern.ch\/en\/tierlexikon\/aspisviper\/\"><strong> Aspisviper <\/strong><\/a><\/td>\n<\/tr>\n<tr>\n<td style=\"width: 97.7528%;\"><a href=\"https:\/\/tierpark-bern.ch\/en\/tierlexikon\/europaeische-sumpfschildkroete\/\"><strong>Europ\u00e4ische Sumpfschildkr\u00f6te<\/strong><\/a><\/td>\n<\/tr>\n<tr>\n<td style=\"width: 97.7528%;\"><a href=\"https:\/\/tierpark-bern.ch\/en\/tierlexikon\/ringelnatter\/\"><strong> Ringelnatter <\/strong><\/a><\/td>\n<\/tr>\n<tr>\n<td style=\"width: 97.7528%;\"><a href=\"https:\/\/tierpark-bern.ch\/en\/tierlexikon\/bergmolch\/\"><strong>Bergmolch<\/strong><\/a><\/td>\n<\/tr>\n<tr>\n<td style=\"width: 97.7528%;\"><a href=\"https:\/\/tierpark-bern.ch\/en\/tierlexikon\/fadenmolch\/\"><strong>Fadenmolch<\/strong><\/a><\/td>\n<\/tr>\n<tr>\n<td style=\"width: 97.7528%;\"><a href=\"https:\/\/tierpark-bern.ch\/en\/tierlexikon\/erdkroete\/\"><strong>Erdkr\u00f6te<\/strong><\/a><\/td>\n<\/tr>\n<tr>\n<td style=\"width: 97.7528%;\"><a href=\"https:\/\/tierpark-bern.ch\/en\/tierlexikon\/kreuzkroete\/\"><strong>Kreuzkr\u00f6te<\/strong><\/a><\/td>\n<\/tr>\n<tr>\n<td style=\"width: 97.7528%;\"><a href=\"https:\/\/tierpark-bern.ch\/en\/tierlexikon\/gelbbauchunke\/\"><strong>Gelbbauchunke<\/strong><\/a><\/td>\n<\/tr>\n<tr>\n<td style=\"width: 97.7528%;\"><a href=\"https:\/\/tierpark-bern.ch\/en\/tierlexikon\/grasfrosch\/\"><strong>Grasfrosch<\/strong><\/a><\/td>\n<\/tr>\n<\/tbody>\n<\/table>\n<\/div>\n<p>[\/vc_column_text][\/vc_column][\/vc_row]<\/p>\n<\/div>","protected":false},"excerpt":{"rendered":"<p>Native biodiversity is declining drastically, Switzerland is losing a great many species at the moment.<\/p>\n","protected":false},"author":1,"featured_media":52280,"parent":52250,"menu_order":0,"comment_status":"closed","ping_status":"closed","template":"","meta":{"_acf_changed":false,"footnotes":""},"class_list":["post-52279","page","type-page","status-publish","has-post-thumbnail","hentry"],"acf":[],"yoast_head":"<title>Native Amphibians &amp; Reptiles | Tierpark Bern<\/title>\n<meta name=\"description\" content=\"Die einheimische Biodiversit\u00e4t nimmt drastisch ab, die Schweiz verliert im Moment sehr viele Arten.\" \/>\n<meta name=\"robots\" content=\"index, follow, max-snippet:-1, max-image-preview:large, max-video-preview:-1\" \/>\n<link rel=\"canonical\" href=\"https:\/\/tierpark-bern.ch\/en\/animals\/facilities\/native-amphibians-reptiles\/\" \/>\n<meta property=\"og:locale\" content=\"en_US\" \/>\n<meta property=\"og:type\" content=\"article\" \/>\n<meta property=\"og:title\" content=\"Native Amphibians &amp; Reptiles | Tierpark Bern\" \/>\n<meta property=\"og:description\" content=\"Die einheimische Biodiversit\u00e4t nimmt drastisch ab, die Schweiz verliert im Moment sehr viele Arten.\" \/>\n<meta property=\"og:url\" content=\"https:\/\/tierpark-bern.ch\/en\/animals\/facilities\/native-amphibians-reptiles\/\" \/>\n<meta property=\"og:site_name\" content=\"Tierpark Bern\" \/>\n<meta property=\"article:publisher\" content=\"https:\/\/www.facebook.com\/tierparkbern\/\" \/>\n<meta property=\"article:modified_time\" content=\"2023-04-18T11:17:13+00:00\" \/>\n<meta property=\"og:image\" content=\"https:\/\/tierpark-bern.ch\/web\/app\/uploads\/2020\/07\/sumpfschildkroete-auswilderung-tierpark-bern-2.jpg\" \/>\n\t<meta property=\"og:image:width\" content=\"2258\" \/>\n\t<meta property=\"og:image:height\" content=\"1494\" \/>\n\t<meta property=\"og:image:type\" content=\"image\/jpeg\" \/>\n<script type=\"application\/ld+json\" class=\"yoast-schema-graph\">{\"@context\":\"https:\/\/schema.org\",\"@graph\":[{\"@type\":\"WebPage\",\"@id\":\"https:\/\/tierpark-bern.ch\/en\/animals\/facilities\/native-amphibians-reptiles\/\",\"url\":\"https:\/\/tierpark-bern.ch\/en\/animals\/facilities\/native-amphibians-reptiles\/\",\"name\":\"Native Amphibians & Reptiles | Tierpark Bern\",\"isPartOf\":{\"@id\":\"https:\/\/tierpark-bern.ch\/en\/#website\"},\"primaryImageOfPage\":{\"@id\":\"https:\/\/tierpark-bern.ch\/en\/animals\/facilities\/native-amphibians-reptiles\/#primaryimage\"},\"image\":{\"@id\":\"https:\/\/tierpark-bern.ch\/en\/animals\/facilities\/native-amphibians-reptiles\/#primaryimage\"},\"thumbnailUrl\":\"https:\/\/tierpark-bern.ch\/web\/app\/uploads\/2020\/07\/sumpfschildkroete-auswilderung-tierpark-bern-2.jpg\",\"datePublished\":\"2021-09-02T22:40:20+00:00\",\"dateModified\":\"2023-04-18T11:17:13+00:00\",\"description\":\"Die einheimische Biodiversit\u00e4t nimmt drastisch ab, die Schweiz verliert im Moment sehr viele Arten.\",\"breadcrumb\":{\"@id\":\"https:\/\/tierpark-bern.ch\/en\/animals\/facilities\/native-amphibians-reptiles\/#breadcrumb\"},\"inLanguage\":\"en-US\",\"potentialAction\":[{\"@type\":\"ReadAction\",\"target\":[\"https:\/\/tierpark-bern.ch\/en\/animals\/facilities\/native-amphibians-reptiles\/\"]}]},{\"@type\":\"ImageObject\",\"inLanguage\":\"en-US\",\"@id\":\"https:\/\/tierpark-bern.ch\/en\/animals\/facilities\/native-amphibians-reptiles\/#primaryimage\",\"url\":\"https:\/\/tierpark-bern.ch\/web\/app\/uploads\/2020\/07\/sumpfschildkroete-auswilderung-tierpark-bern-2.jpg\",\"contentUrl\":\"https:\/\/tierpark-bern.ch\/web\/app\/uploads\/2020\/07\/sumpfschildkroete-auswilderung-tierpark-bern-2.jpg\",\"width\":2258,\"height\":1494},{\"@type\":\"BreadcrumbList\",\"@id\":\"https:\/\/tierpark-bern.ch\/en\/animals\/facilities\/native-amphibians-reptiles\/#breadcrumb\",\"itemListElement\":[{\"@type\":\"ListItem\",\"position\":1,\"name\":\"Home\",\"item\":\"https:\/\/tierpark-bern.ch\/en\/\"},{\"@type\":\"ListItem\",\"position\":2,\"name\":\"Nature Conservation &#038; Animals\",\"item\":\"https:\/\/tierpark-bern.ch\/en\/animals\/\"},{\"@type\":\"ListItem\",\"position\":3,\"name\":\"Facilities\",\"item\":\"https:\/\/tierpark-bern.ch\/en\/animals\/facilities\/\"},{\"@type\":\"ListItem\",\"position\":4,\"name\":\"Native Amphibians &#038; Reptiles\"}]},{\"@type\":\"WebSite\",\"@id\":\"https:\/\/tierpark-bern.ch\/en\/#website\",\"url\":\"https:\/\/tierpark-bern.ch\/en\/\",\"name\":\"Tierpark Bern\",\"description\":\"\",\"publisher\":{\"@id\":\"https:\/\/tierpark-bern.ch\/en\/#organization\"},\"potentialAction\":[{\"@type\":\"SearchAction\",\"target\":{\"@type\":\"EntryPoint\",\"urlTemplate\":\"https:\/\/tierpark-bern.ch\/en\/?s={search_term_string}\"},\"query-input\":{\"@type\":\"PropertyValueSpecification\",\"valueRequired\":true,\"valueName\":\"search_term_string\"}}],\"inLanguage\":\"en-US\"},{\"@type\":\"Organization\",\"@id\":\"https:\/\/tierpark-bern.ch\/en\/#organization\",\"name\":\"Tierpark Bern | D\u00e4hlh\u00f6lzli + B\u00e4renPark\",\"alternateName\":\"Tierpark Bern\",\"url\":\"https:\/\/tierpark-bern.ch\/en\/\",\"logo\":{\"@type\":\"ImageObject\",\"inLanguage\":\"en-US\",\"@id\":\"https:\/\/tierpark-bern.ch\/en\/#\/schema\/logo\/image\/\",\"url\":\"https:\/\/tierpark-bern.ch\/web\/app\/uploads\/2024\/04\/tierpark-bern-696x696-1.jpg\",\"contentUrl\":\"https:\/\/tierpark-bern.ch\/web\/app\/uploads\/2024\/04\/tierpark-bern-696x696-1.jpg\",\"width\":696,\"height\":696,\"caption\":\"Tierpark Bern | D\u00e4hlh\u00f6lzli + B\u00e4renPark\"},\"image\":{\"@id\":\"https:\/\/tierpark-bern.ch\/en\/#\/schema\/logo\/image\/\"},\"sameAs\":[\"https:\/\/www.facebook.com\/tierparkbern\/\",\"https:\/\/x.com\/tierparkbern\",\"https:\/\/www.instagram.com\/tierparkbern\/\"]}]}<\/script>","yoast_head_json":{"title":"Native Amphibians & Reptiles | Tierpark Bern","description":"Die einheimische Biodiversit\u00e4t nimmt drastisch ab, die Schweiz verliert im Moment sehr viele Arten.","robots":{"index":"index","follow":"follow","max-snippet":"max-snippet:-1","max-image-preview":"max-image-preview:large","max-video-preview":"max-video-preview:-1"},"canonical":"https:\/\/tierpark-bern.ch\/en\/animals\/facilities\/native-amphibians-reptiles\/","og_locale":"en_US","og_type":"article","og_title":"Native Amphibians & Reptiles | Tierpark Bern","og_description":"Die einheimische Biodiversit\u00e4t nimmt drastisch ab, die Schweiz verliert im Moment sehr viele Arten.","og_url":"https:\/\/tierpark-bern.ch\/en\/animals\/facilities\/native-amphibians-reptiles\/","og_site_name":"Tierpark Bern","article_publisher":"https:\/\/www.facebook.com\/tierparkbern\/","article_modified_time":"2023-04-18T11:17:13+00:00","og_image":[{"width":2258,"height":1494,"url":"https:\/\/tierpark-bern.ch\/web\/app\/uploads\/2020\/07\/sumpfschildkroete-auswilderung-tierpark-bern-2.jpg","type":"image\/jpeg"}],"schema":{"@context":"https:\/\/schema.org","@graph":[{"@type":"WebPage","@id":"https:\/\/tierpark-bern.ch\/en\/animals\/facilities\/native-amphibians-reptiles\/","url":"https:\/\/tierpark-bern.ch\/en\/animals\/facilities\/native-amphibians-reptiles\/","name":"Native Amphibians & Reptiles | Tierpark Bern","isPartOf":{"@id":"https:\/\/tierpark-bern.ch\/en\/#website"},"primaryImageOfPage":{"@id":"https:\/\/tierpark-bern.ch\/en\/animals\/facilities\/native-amphibians-reptiles\/#primaryimage"},"image":{"@id":"https:\/\/tierpark-bern.ch\/en\/animals\/facilities\/native-amphibians-reptiles\/#primaryimage"},"thumbnailUrl":"https:\/\/tierpark-bern.ch\/web\/app\/uploads\/2020\/07\/sumpfschildkroete-auswilderung-tierpark-bern-2.jpg","datePublished":"2021-09-02T22:40:20+00:00","dateModified":"2023-04-18T11:17:13+00:00","description":"Die einheimische Biodiversit\u00e4t nimmt drastisch ab, die Schweiz verliert im Moment sehr viele Arten.","breadcrumb":{"@id":"https:\/\/tierpark-bern.ch\/en\/animals\/facilities\/native-amphibians-reptiles\/#breadcrumb"},"inLanguage":"en-US","potentialAction":[{"@type":"ReadAction","target":["https:\/\/tierpark-bern.ch\/en\/animals\/facilities\/native-amphibians-reptiles\/"]}]},{"@type":"ImageObject","inLanguage":"en-US","@id":"https:\/\/tierpark-bern.ch\/en\/animals\/facilities\/native-amphibians-reptiles\/#primaryimage","url":"https:\/\/tierpark-bern.ch\/web\/app\/uploads\/2020\/07\/sumpfschildkroete-auswilderung-tierpark-bern-2.jpg","contentUrl":"https:\/\/tierpark-bern.ch\/web\/app\/uploads\/2020\/07\/sumpfschildkroete-auswilderung-tierpark-bern-2.jpg","width":2258,"height":1494},{"@type":"BreadcrumbList","@id":"https:\/\/tierpark-bern.ch\/en\/animals\/facilities\/native-amphibians-reptiles\/#breadcrumb","itemListElement":[{"@type":"ListItem","position":1,"name":"Home","item":"https:\/\/tierpark-bern.ch\/en\/"},{"@type":"ListItem","position":2,"name":"Nature Conservation &#038; Animals","item":"https:\/\/tierpark-bern.ch\/en\/animals\/"},{"@type":"ListItem","position":3,"name":"Facilities","item":"https:\/\/tierpark-bern.ch\/en\/animals\/facilities\/"},{"@type":"ListItem","position":4,"name":"Native Amphibians &#038; Reptiles"}]},{"@type":"WebSite","@id":"https:\/\/tierpark-bern.ch\/en\/#website","url":"https:\/\/tierpark-bern.ch\/en\/","name":"Tierpark Bern","description":"","publisher":{"@id":"https:\/\/tierpark-bern.ch\/en\/#organization"},"potentialAction":[{"@type":"SearchAction","target":{"@type":"EntryPoint","urlTemplate":"https:\/\/tierpark-bern.ch\/en\/?s={search_term_string}"},"query-input":{"@type":"PropertyValueSpecification","valueRequired":true,"valueName":"search_term_string"}}],"inLanguage":"en-US"},{"@type":"Organization","@id":"https:\/\/tierpark-bern.ch\/en\/#organization","name":"Tierpark Bern | D\u00e4hlh\u00f6lzli + B\u00e4renPark","alternateName":"Tierpark Bern","url":"https:\/\/tierpark-bern.ch\/en\/","logo":{"@type":"ImageObject","inLanguage":"en-US","@id":"https:\/\/tierpark-bern.ch\/en\/#\/schema\/logo\/image\/","url":"https:\/\/tierpark-bern.ch\/web\/app\/uploads\/2024\/04\/tierpark-bern-696x696-1.jpg","contentUrl":"https:\/\/tierpark-bern.ch\/web\/app\/uploads\/2024\/04\/tierpark-bern-696x696-1.jpg","width":696,"height":696,"caption":"Tierpark Bern | D\u00e4hlh\u00f6lzli + B\u00e4renPark"},"image":{"@id":"https:\/\/tierpark-bern.ch\/en\/#\/schema\/logo\/image\/"},"sameAs":["https:\/\/www.facebook.com\/tierparkbern\/","https:\/\/x.com\/tierparkbern","https:\/\/www.instagram.com\/tierparkbern\/"]}]}},"_links":{"self":[{"href":"https:\/\/tierpark-bern.ch\/en\/wp-json\/wp\/v2\/pages\/52279","targetHints":{"allow":["GET"]}}],"collection":[{"href":"https:\/\/tierpark-bern.ch\/en\/wp-json\/wp\/v2\/pages"}],"about":[{"href":"https:\/\/tierpark-bern.ch\/en\/wp-json\/wp\/v2\/types\/page"}],"author":[{"embeddable":true,"href":"https:\/\/tierpark-bern.ch\/en\/wp-json\/wp\/v2\/users\/1"}],"replies":[{"embeddable":true,"href":"https:\/\/tierpark-bern.ch\/en\/wp-json\/wp\/v2\/comments?post=52279"}],"version-history":[{"count":0,"href":"https:\/\/tierpark-bern.ch\/en\/wp-json\/wp\/v2\/pages\/52279\/revisions"}],"up":[{"embeddable":true,"href":"https:\/\/tierpark-bern.ch\/en\/wp-json\/wp\/v2\/pages\/52250"}],"wp:featuredmedia":[{"embeddable":true,"href":"https:\/\/tierpark-bern.ch\/en\/wp-json\/wp\/v2\/media\/52280"}],"wp:attachment":[{"href":"https:\/\/tierpark-bern.ch\/en\/wp-json\/wp\/v2\/media?parent=52279"}],"curies":[{"name":"wp","href":"https:\/\/api.w.org\/{rel}","templated":true}]}}