
{"id":52288,"date":"2021-09-03T00:37:08","date_gmt":"2021-09-02T22:37:08","guid":{"rendered":"https:\/\/tierpark-bern.ch\/animals\/facilities\/seehundeanlage\/"},"modified":"2024-04-24T09:13:52","modified_gmt":"2024-04-24T07:13:52","slug":"seal-facility","status":"publish","type":"page","link":"https:\/\/tierpark-bern.ch\/en\/animals\/facilities\/seal-facility\/","title":{"rendered":"Seal facility"},"content":{"rendered":"<div class=\"wpb-content-wrapper\"><p>[vc_row][vc_column][vc_column_text]<\/p>\n<h1>Seal facility<\/h1>\n<p>The seal facility was built in 2003 and, with over 2000 cubic metres of water, is one of the largest seal facilities in Europe. When our seals swim through the facility, they cover a distance of about 100 metres from the separable rearing pool to the 4-metre-deep plunge pool. From the vivarium, you can experience the seals with a unique view while they chase the fish during feeding.[\/vc_column_text][\/vc_column][\/vc_row][vc_row][vc_column width=&#8221;1\/2&#8243;][vc_single_image image=&#8221;23043&#8243; img_size=&#8221;570&#215;379&#8243; add_caption=&#8221;yes&#8221;][\/vc_column][vc_column width=&#8221;1\/2&#8243;][vc_single_image image=&#8221;23035&#8243; img_size=&#8221;570&#215;379&#8243; add_caption=&#8221;yes&#8221;][\/vc_column][\/vc_row][vc_row][vc_column width=&#8221;1\/2&#8243;][vc_column_text]<\/p>\n<div class=\"tbl-species-list-container\">\n<h2>Animals in the facility<\/h2>\n<table class=\"tbl-all-species-list\">\n<tbody>\n<tr>\n<td><a href=\"https:\/\/tierpark-bern.ch\/en\/tierlexikon\/seehund\/\"><strong>Seehunde<\/strong><\/a><\/td>\n<\/tr>\n<\/tbody>\n<\/table>\n<\/div>\n<p>[\/vc_column_text][\/vc_column][\/vc_row]<\/p>\n<\/div>","protected":false},"excerpt":{"rendered":"<p>The seals live in one of the largest enclosures in Europe at the Bern Zoo.<\/p>\n","protected":false},"author":1,"featured_media":20645,"parent":52250,"menu_order":0,"comment_status":"closed","ping_status":"closed","template":"","meta":{"_acf_changed":false,"footnotes":""},"class_list":["post-52288","page","type-page","status-publish","has-post-thumbnail","hentry"],"acf":[],"yoast_head":"<title>Seal facility | Tierpark Bern<\/title>\n<meta name=\"description\" content=\"Die Seehunde leben im Tierpark Bern in einer der gr\u00f6ssten Anlagen Europas.\" \/>\n<meta name=\"robots\" content=\"index, follow, max-snippet:-1, max-image-preview:large, max-video-preview:-1\" \/>\n<link rel=\"canonical\" href=\"https:\/\/tierpark-bern.ch\/en\/animals\/facilities\/seal-facility\/\" \/>\n<meta property=\"og:locale\" content=\"en_US\" \/>\n<meta property=\"og:type\" content=\"article\" \/>\n<meta property=\"og:title\" content=\"Seal facility | Tierpark Bern\" \/>\n<meta property=\"og:description\" content=\"Die Seehunde leben im Tierpark Bern in einer der gr\u00f6ssten Anlagen Europas.\" \/>\n<meta property=\"og:url\" content=\"https:\/\/tierpark-bern.ch\/en\/animals\/facilities\/seal-facility\/\" \/>\n<meta property=\"og:site_name\" content=\"Tierpark Bern\" \/>\n<meta property=\"article:publisher\" content=\"https:\/\/www.facebook.com\/tierparkbern\/\" \/>\n<meta property=\"article:modified_time\" content=\"2024-04-24T07:13:52+00:00\" \/>\n<meta property=\"og:image\" content=\"https:\/\/tierpark-bern.ch\/web\/app\/uploads\/2020\/07\/tierpark-bern-daehlhoelzli-zoo-164.jpg\" \/>\n\t<meta property=\"og:image:width\" content=\"2258\" \/>\n\t<meta property=\"og:image:height\" content=\"1386\" \/>\n\t<meta property=\"og:image:type\" content=\"image\/jpeg\" \/>\n<script type=\"application\/ld+json\" class=\"yoast-schema-graph\">{\"@context\":\"https:\/\/schema.org\",\"@graph\":[{\"@type\":\"WebPage\",\"@id\":\"https:\/\/tierpark-bern.ch\/en\/animals\/facilities\/seal-facility\/\",\"url\":\"https:\/\/tierpark-bern.ch\/en\/animals\/facilities\/seal-facility\/\",\"name\":\"Seal facility | Tierpark Bern\",\"isPartOf\":{\"@id\":\"https:\/\/tierpark-bern.ch\/en\/#website\"},\"primaryImageOfPage\":{\"@id\":\"https:\/\/tierpark-bern.ch\/en\/animals\/facilities\/seal-facility\/#primaryimage\"},\"image\":{\"@id\":\"https:\/\/tierpark-bern.ch\/en\/animals\/facilities\/seal-facility\/#primaryimage\"},\"thumbnailUrl\":\"https:\/\/tierpark-bern.ch\/web\/app\/uploads\/2020\/07\/tierpark-bern-daehlhoelzli-zoo-164.jpg\",\"datePublished\":\"2021-09-02T22:37:08+00:00\",\"dateModified\":\"2024-04-24T07:13:52+00:00\",\"description\":\"Die Seehunde leben im Tierpark Bern in einer der gr\u00f6ssten Anlagen Europas.\",\"breadcrumb\":{\"@id\":\"https:\/\/tierpark-bern.ch\/en\/animals\/facilities\/seal-facility\/#breadcrumb\"},\"inLanguage\":\"en-US\",\"potentialAction\":[{\"@type\":\"ReadAction\",\"target\":[\"https:\/\/tierpark-bern.ch\/en\/animals\/facilities\/seal-facility\/\"]}]},{\"@type\":\"ImageObject\",\"inLanguage\":\"en-US\",\"@id\":\"https:\/\/tierpark-bern.ch\/en\/animals\/facilities\/seal-facility\/#primaryimage\",\"url\":\"https:\/\/tierpark-bern.ch\/web\/app\/uploads\/2020\/07\/tierpark-bern-daehlhoelzli-zoo-164.jpg\",\"contentUrl\":\"https:\/\/tierpark-bern.ch\/web\/app\/uploads\/2020\/07\/tierpark-bern-daehlhoelzli-zoo-164.jpg\",\"width\":2258,\"height\":1386},{\"@type\":\"BreadcrumbList\",\"@id\":\"https:\/\/tierpark-bern.ch\/en\/animals\/facilities\/seal-facility\/#breadcrumb\",\"itemListElement\":[{\"@type\":\"ListItem\",\"position\":1,\"name\":\"Home\",\"item\":\"https:\/\/tierpark-bern.ch\/en\/\"},{\"@type\":\"ListItem\",\"position\":2,\"name\":\"Nature Conservation &#038; Animals\",\"item\":\"https:\/\/tierpark-bern.ch\/en\/animals\/\"},{\"@type\":\"ListItem\",\"position\":3,\"name\":\"Facilities\",\"item\":\"https:\/\/tierpark-bern.ch\/en\/animals\/facilities\/\"},{\"@type\":\"ListItem\",\"position\":4,\"name\":\"Seal facility\"}]},{\"@type\":\"WebSite\",\"@id\":\"https:\/\/tierpark-bern.ch\/en\/#website\",\"url\":\"https:\/\/tierpark-bern.ch\/en\/\",\"name\":\"Tierpark Bern\",\"description\":\"\",\"publisher\":{\"@id\":\"https:\/\/tierpark-bern.ch\/en\/#organization\"},\"potentialAction\":[{\"@type\":\"SearchAction\",\"target\":{\"@type\":\"EntryPoint\",\"urlTemplate\":\"https:\/\/tierpark-bern.ch\/en\/?s={search_term_string}\"},\"query-input\":{\"@type\":\"PropertyValueSpecification\",\"valueRequired\":true,\"valueName\":\"search_term_string\"}}],\"inLanguage\":\"en-US\"},{\"@type\":\"Organization\",\"@id\":\"https:\/\/tierpark-bern.ch\/en\/#organization\",\"name\":\"Tierpark Bern | D\u00e4hlh\u00f6lzli + B\u00e4renPark\",\"alternateName\":\"Tierpark Bern\",\"url\":\"https:\/\/tierpark-bern.ch\/en\/\",\"logo\":{\"@type\":\"ImageObject\",\"inLanguage\":\"en-US\",\"@id\":\"https:\/\/tierpark-bern.ch\/en\/#\/schema\/logo\/image\/\",\"url\":\"https:\/\/tierpark-bern.ch\/web\/app\/uploads\/2024\/04\/tierpark-bern-696x696-1.jpg\",\"contentUrl\":\"https:\/\/tierpark-bern.ch\/web\/app\/uploads\/2024\/04\/tierpark-bern-696x696-1.jpg\",\"width\":696,\"height\":696,\"caption\":\"Tierpark Bern | D\u00e4hlh\u00f6lzli + B\u00e4renPark\"},\"image\":{\"@id\":\"https:\/\/tierpark-bern.ch\/en\/#\/schema\/logo\/image\/\"},\"sameAs\":[\"https:\/\/www.facebook.com\/tierparkbern\/\",\"https:\/\/x.com\/tierparkbern\",\"https:\/\/www.instagram.com\/tierparkbern\/\"]}]}<\/script>","yoast_head_json":{"title":"Seal facility | Tierpark Bern","description":"Die Seehunde leben im Tierpark Bern in einer der gr\u00f6ssten Anlagen Europas.","robots":{"index":"index","follow":"follow","max-snippet":"max-snippet:-1","max-image-preview":"max-image-preview:large","max-video-preview":"max-video-preview:-1"},"canonical":"https:\/\/tierpark-bern.ch\/en\/animals\/facilities\/seal-facility\/","og_locale":"en_US","og_type":"article","og_title":"Seal facility | Tierpark Bern","og_description":"Die Seehunde leben im Tierpark Bern in einer der gr\u00f6ssten Anlagen Europas.","og_url":"https:\/\/tierpark-bern.ch\/en\/animals\/facilities\/seal-facility\/","og_site_name":"Tierpark Bern","article_publisher":"https:\/\/www.facebook.com\/tierparkbern\/","article_modified_time":"2024-04-24T07:13:52+00:00","og_image":[{"width":2258,"height":1386,"url":"https:\/\/tierpark-bern.ch\/web\/app\/uploads\/2020\/07\/tierpark-bern-daehlhoelzli-zoo-164.jpg","type":"image\/jpeg"}],"schema":{"@context":"https:\/\/schema.org","@graph":[{"@type":"WebPage","@id":"https:\/\/tierpark-bern.ch\/en\/animals\/facilities\/seal-facility\/","url":"https:\/\/tierpark-bern.ch\/en\/animals\/facilities\/seal-facility\/","name":"Seal facility | Tierpark Bern","isPartOf":{"@id":"https:\/\/tierpark-bern.ch\/en\/#website"},"primaryImageOfPage":{"@id":"https:\/\/tierpark-bern.ch\/en\/animals\/facilities\/seal-facility\/#primaryimage"},"image":{"@id":"https:\/\/tierpark-bern.ch\/en\/animals\/facilities\/seal-facility\/#primaryimage"},"thumbnailUrl":"https:\/\/tierpark-bern.ch\/web\/app\/uploads\/2020\/07\/tierpark-bern-daehlhoelzli-zoo-164.jpg","datePublished":"2021-09-02T22:37:08+00:00","dateModified":"2024-04-24T07:13:52+00:00","description":"Die Seehunde leben im Tierpark Bern in einer der gr\u00f6ssten Anlagen Europas.","breadcrumb":{"@id":"https:\/\/tierpark-bern.ch\/en\/animals\/facilities\/seal-facility\/#breadcrumb"},"inLanguage":"en-US","potentialAction":[{"@type":"ReadAction","target":["https:\/\/tierpark-bern.ch\/en\/animals\/facilities\/seal-facility\/"]}]},{"@type":"ImageObject","inLanguage":"en-US","@id":"https:\/\/tierpark-bern.ch\/en\/animals\/facilities\/seal-facility\/#primaryimage","url":"https:\/\/tierpark-bern.ch\/web\/app\/uploads\/2020\/07\/tierpark-bern-daehlhoelzli-zoo-164.jpg","contentUrl":"https:\/\/tierpark-bern.ch\/web\/app\/uploads\/2020\/07\/tierpark-bern-daehlhoelzli-zoo-164.jpg","width":2258,"height":1386},{"@type":"BreadcrumbList","@id":"https:\/\/tierpark-bern.ch\/en\/animals\/facilities\/seal-facility\/#breadcrumb","itemListElement":[{"@type":"ListItem","position":1,"name":"Home","item":"https:\/\/tierpark-bern.ch\/en\/"},{"@type":"ListItem","position":2,"name":"Nature Conservation &#038; Animals","item":"https:\/\/tierpark-bern.ch\/en\/animals\/"},{"@type":"ListItem","position":3,"name":"Facilities","item":"https:\/\/tierpark-bern.ch\/en\/animals\/facilities\/"},{"@type":"ListItem","position":4,"name":"Seal facility"}]},{"@type":"WebSite","@id":"https:\/\/tierpark-bern.ch\/en\/#website","url":"https:\/\/tierpark-bern.ch\/en\/","name":"Tierpark Bern","description":"","publisher":{"@id":"https:\/\/tierpark-bern.ch\/en\/#organization"},"potentialAction":[{"@type":"SearchAction","target":{"@type":"EntryPoint","urlTemplate":"https:\/\/tierpark-bern.ch\/en\/?s={search_term_string}"},"query-input":{"@type":"PropertyValueSpecification","valueRequired":true,"valueName":"search_term_string"}}],"inLanguage":"en-US"},{"@type":"Organization","@id":"https:\/\/tierpark-bern.ch\/en\/#organization","name":"Tierpark Bern | D\u00e4hlh\u00f6lzli + B\u00e4renPark","alternateName":"Tierpark Bern","url":"https:\/\/tierpark-bern.ch\/en\/","logo":{"@type":"ImageObject","inLanguage":"en-US","@id":"https:\/\/tierpark-bern.ch\/en\/#\/schema\/logo\/image\/","url":"https:\/\/tierpark-bern.ch\/web\/app\/uploads\/2024\/04\/tierpark-bern-696x696-1.jpg","contentUrl":"https:\/\/tierpark-bern.ch\/web\/app\/uploads\/2024\/04\/tierpark-bern-696x696-1.jpg","width":696,"height":696,"caption":"Tierpark Bern | D\u00e4hlh\u00f6lzli + B\u00e4renPark"},"image":{"@id":"https:\/\/tierpark-bern.ch\/en\/#\/schema\/logo\/image\/"},"sameAs":["https:\/\/www.facebook.com\/tierparkbern\/","https:\/\/x.com\/tierparkbern","https:\/\/www.instagram.com\/tierparkbern\/"]}]}},"_links":{"self":[{"href":"https:\/\/tierpark-bern.ch\/en\/wp-json\/wp\/v2\/pages\/52288","targetHints":{"allow":["GET"]}}],"collection":[{"href":"https:\/\/tierpark-bern.ch\/en\/wp-json\/wp\/v2\/pages"}],"about":[{"href":"https:\/\/tierpark-bern.ch\/en\/wp-json\/wp\/v2\/types\/page"}],"author":[{"embeddable":true,"href":"https:\/\/tierpark-bern.ch\/en\/wp-json\/wp\/v2\/users\/1"}],"replies":[{"embeddable":true,"href":"https:\/\/tierpark-bern.ch\/en\/wp-json\/wp\/v2\/comments?post=52288"}],"version-history":[{"count":0,"href":"https:\/\/tierpark-bern.ch\/en\/wp-json\/wp\/v2\/pages\/52288\/revisions"}],"up":[{"embeddable":true,"href":"https:\/\/tierpark-bern.ch\/en\/wp-json\/wp\/v2\/pages\/52250"}],"wp:featuredmedia":[{"embeddable":true,"href":"https:\/\/tierpark-bern.ch\/en\/wp-json\/wp\/v2\/media\/20645"}],"wp:attachment":[{"href":"https:\/\/tierpark-bern.ch\/en\/wp-json\/wp\/v2\/media?parent=52288"}],"curies":[{"name":"wp","href":"https:\/\/api.w.org\/{rel}","templated":true}]}}