
{"id":52297,"date":"2021-08-16T08:21:41","date_gmt":"2021-08-16T06:21:41","guid":{"rendered":"https:\/\/tierpark-bern.ch\/animals\/facilities\/projekte\/"},"modified":"2023-10-26T23:25:15","modified_gmt":"2023-10-26T21:25:15","slug":"projects","status":"publish","type":"page","link":"https:\/\/tierpark-bern.ch\/en\/animals\/facilities\/projects\/","title":{"rendered":"Projects"},"content":{"rendered":"<div class=\"wpb-content-wrapper\"><p>[vc_row][vc_column][vc_column_text]<\/p>\n<h1>Projects (Only in German)<\/h1>\n<p>[\/vc_column_text][\/vc_column][\/vc_row][vc_row][vc_column][vc_column_text]<\/p>\n<h2>Planned projects<\/h2>\n<p>Here we will inform you shortly about the next planned project in the zoo.[\/vc_column_text][vc_column_text][\/vc_column_text][\/vc_column][\/vc_row][vc_row][vc_column][vc_column_text]<\/p>\n<h2>Past projects<\/h2>\n<p>Since the introduction of the special account for the zoo in 2015, new facilities have been financed exclusively by third-party funds. The zoo would like to thank all supporters on behalf of its animals and guests for their large and small donations.[\/vc_column_text][vc_column_text]<section class=\"section no-padding-top no-padding-bottom\">\n                        <div class=\"wild-news \">\n                            <div class=\"row-list col-container\"> <div class=\"list-item\">\n                         <div class=\"wild-news-section\" data-href=\"https:\/\/tierpark-bern.ch\/en\/news\/farbige-neulinge-im-tierpark-bern\/\">\n                             <p><img decoding=\"async\" class=\"wild-news__img\" src=\" https:\/\/tierpark-bern.ch\/web\/app\/uploads\/2024\/06\/Bienenfresser_Juni_2024_foto_Slezak-7942-630x419.jpg\" alt=\"Vier Bienenfresser, die in einer Reihe auf einem Ast sitzen und in dieselbe Richtung blicken.\"><\/p>\n                             <div class=\"card card-info \">\n                                  <div class=\"card-body\">\n                                      <div class=\"d-flex flex-column h-100\">\n                                          <p class=\"card-title mb-3\">Farbige Neulinge im Tierpark Bern<\/p>\n                                          <p class=\"mb-0\">Ende Mai 2024 sind 12 farbenfrohe Bienenfresser (Merops apiaster) in ihre neue Anlage im Tierpark Bern eingezogen.<\/p>\n                                      <\/div>\n                                  <\/div>\n                                  <div class=\"card-footer\"><a class=\"button button-wild-news \" aria-label=\"More about Farbige Neulinge im Tierpark Bern\" href=\"https:\/\/tierpark-bern.ch\/en\/news\/farbige-neulinge-im-tierpark-bern\/\">Read more <i class=\"vc_btn3-icon fa fa-arrow-right\"><\/i> <\/a><\/div>\n                                  <\/div>\n                             <\/div>\n                         <\/div><div class=\"list-item\">\n                         <div class=\"wild-news-section\" data-href=\"https:\/\/tierpark-bern.ch\/en\/news\/exuma-wirtelschwanzleguananlage\/\">\n                             <p><img decoding=\"async\" class=\"wild-news__img\" src=\" https:\/\/tierpark-bern.ch\/web\/app\/uploads\/2023\/06\/2Exuma-Anlage-Bern-Baustelle--630x419.jpeg\" alt=\"Exuma Anlage in Bau\"><\/p>\n                             <div class=\"card card-info \">\n                                  <div class=\"card-body\">\n                                      <div class=\"d-flex flex-column h-100\">\n                                          <p class=\"card-title mb-3\">Exuma-Wirtelschwanzleguan-Anlage<\/p>\n                                          <p class=\"mb-0\">Nachdem uns die beiden betagten Nashornleguane altersbedingt verlassen haben, wird ihre ehemalige Anlage derzeit umgebaut.<\/p>\n                                      <\/div>\n                                  <\/div>\n                                  <div class=\"card-footer\"><a class=\"button button-wild-news \" aria-label=\"More about Exuma-Wirtelschwanzleguan-Anlage\" href=\"https:\/\/tierpark-bern.ch\/en\/news\/exuma-wirtelschwanzleguananlage\/\">Read more <i class=\"vc_btn3-icon fa fa-arrow-right\"><\/i> <\/a><\/div>\n                                  <\/div>\n                             <\/div>\n                         <\/div><div class=\"list-item\">\n                         <div class=\"wild-news-section\" data-href=\"https:\/\/tierpark-bern.ch\/en\/news\/raum-fuer-genuss-das-neue-eulen-bistro-im-tierpark-bern\/\">\n                             <p><img decoding=\"async\" class=\"wild-news__img\" src=\" https:\/\/tierpark-bern.ch\/web\/app\/uploads\/2020\/07\/eulen-bistro-mund-art-2.jpg\" alt=\"\"><\/p>\n                             <div class=\"card card-info \">\n                                  <div class=\"card-body\">\n                                      <div class=\"d-flex flex-column h-100\">\n                                          <p class=\"card-title mb-3\">Raum f\u00fcr Genuss &#8211; Das neue Eulen Bistro im Tierpark<\/p>\n                                          <p class=\"mb-0\">Nach einer f\u00fcnfmonatigen Umbauzeit ist das Eulen Bistro im D\u00e4hlh\u00f6lzli-Zoo ab heute, 12. April 2022 wieder ge\u00f6ffnet.<\/p>\n                                      <\/div>\n                                  <\/div>\n                                  <div class=\"card-footer\"><a class=\"button button-wild-news \" aria-label=\"More about Raum f\u00fcr Genuss &#8211; Das neue Eulen Bistro im Tierpark\" href=\"https:\/\/tierpark-bern.ch\/en\/news\/raum-fuer-genuss-das-neue-eulen-bistro-im-tierpark-bern\/\">Read more <i class=\"vc_btn3-icon fa fa-arrow-right\"><\/i> <\/a><\/div>\n                                  <\/div>\n                             <\/div>\n                         <\/div><div class=\"list-item\">\n                         <div class=\"wild-news-section\" data-href=\"https:\/\/tierpark-bern.ch\/en\/news\/der-koenig-der-alpen-erhaelt-ein-neues-koenigreich\/\">\n                             <p><img decoding=\"async\" class=\"wild-news__img\" src=\" https:\/\/tierpark-bern.ch\/web\/app\/uploads\/2020\/05\/aarealpen-bern-eroeffnung.jpeg\" alt=\"\"><\/p>\n                             <div class=\"card card-info \">\n                                  <div class=\"card-body\">\n                                      <div class=\"d-flex flex-column h-100\">\n                                          <p class=\"card-title mb-3\">Der K\u00f6nig der Alpen erh\u00e4lt ein neues K\u00f6nigreich<\/p>\n                                          <p class=\"mb-0\">Wir bedanken bei unseren grossen und kleinen G\u00f6nnerinnen und G\u00f6nnern f\u00fcr ihre Unterst\u00fctzung, ohne welche die Anlage nicht m\u00f6glich gewesen w\u00e4re.<\/p>\n                                      <\/div>\n                                  <\/div>\n                                  <div class=\"card-footer\"><a class=\"button button-wild-news \" aria-label=\"More about Der K\u00f6nig der Alpen erh\u00e4lt ein neues K\u00f6nigreich\" href=\"https:\/\/tierpark-bern.ch\/en\/news\/der-koenig-der-alpen-erhaelt-ein-neues-koenigreich\/\">Read more <i class=\"vc_btn3-icon fa fa-arrow-right\"><\/i> <\/a><\/div>\n                                  <\/div>\n                             <\/div>\n                         <\/div><div class=\"list-item\">\n                         <div class=\"wild-news-section\" data-href=\"https:\/\/tierpark-bern.ch\/en\/news\/zwergseidenaeffchen-fuer-den-dschungel-von-bern\/\">\n                             <p><img decoding=\"async\" class=\"wild-news__img\" src=\" https:\/\/tierpark-bern.ch\/web\/app\/uploads\/2022\/02\/Zwergseidenaffen-73.jpg\" alt=\"1\"><\/p>\n                             <div class=\"card card-info \">\n                                  <div class=\"card-body\">\n                                      <div class=\"d-flex flex-column h-100\">\n                                          <p class=\"card-title mb-3\">Zwergseiden\u00e4ffchen ziehen in den Dschungel von Bern ein<\/p>\n                                          <p class=\"mb-0\">Unsere neue Anlage f\u00fcr die kleinsten Affen der Welt ist fertig. Ein riesengrosses Dankesch\u00f6n an die zahlreichen Spenderinnen und Spender!<\/p>\n                                      <\/div>\n                                  <\/div>\n                                  <div class=\"card-footer\"><a class=\"button button-wild-news \" aria-label=\"More about Zwergseiden\u00e4ffchen ziehen in den Dschungel von Bern ein\" href=\"https:\/\/tierpark-bern.ch\/en\/news\/zwergseidenaeffchen-fuer-den-dschungel-von-bern\/\">Read more <i class=\"vc_btn3-icon fa fa-arrow-right\"><\/i> <\/a><\/div>\n                                  <\/div>\n                             <\/div>\n                         <\/div><div class=\"list-item\">\n                         <div class=\"wild-news-section\" data-href=\"https:\/\/tierpark-bern.ch\/en\/news\/mehr-platz-fuer-die-berner-krokodile\/\">\n                             <p><img decoding=\"async\" class=\"wild-news__img\" src=\" https:\/\/tierpark-bern.ch\/web\/app\/uploads\/2020\/07\/Stumpfkrokodil-rando-Tierpark-Bern-87.jpg\" alt=\"\"><\/p>\n                             <div class=\"card card-info \">\n                                  <div class=\"card-body\">\n                                      <div class=\"d-flex flex-column h-100\">\n                                          <p class=\"card-title mb-3\">Mehr Platz f\u00fcr die Berner Stumpfkrokodile<\/p>\n                                          <p class=\"mb-0\">Die neue Krokodilwelt in Bern wurde nach nur sechs Monaten Bauzeit fertiggestellt und am 17. Oktober 2017 er\u00f6ffnet.<\/p>\n                                      <\/div>\n                                  <\/div>\n                                  <div class=\"card-footer\"><a class=\"button button-wild-news \" aria-label=\"More about Mehr Platz f\u00fcr die Berner Stumpfkrokodile\" href=\"https:\/\/tierpark-bern.ch\/en\/news\/mehr-platz-fuer-die-berner-krokodile\/\">Read more <i class=\"vc_btn3-icon fa fa-arrow-right\"><\/i> <\/a><\/div>\n                                  <\/div>\n                             <\/div>\n                         <\/div><div class=\"list-item\">\n                         <div class=\"wild-news-section\" data-href=\"https:\/\/tierpark-bern.ch\/en\/news\/neubau-der-uhu-und-schneeeulen-voliere\/\">\n                             <p><img decoding=\"async\" class=\"wild-news__img\" src=\" https:\/\/tierpark-bern.ch\/web\/app\/uploads\/2022\/03\/uhu-tierpark-bern.jpg\" alt=\"\"><\/p>\n                             <div class=\"card card-info \">\n                                  <div class=\"card-body\">\n                                      <div class=\"d-flex flex-column h-100\">\n                                          <p class=\"card-title mb-3\">Neubau der Uhu- und Schneeeulen-Voliere<\/p>\n                                          <p class=\"mb-0\">Ein weiteres Pioniervorhaben im Tierpark Bern ist fertiggestellt: \u201eMehr Platz f\u00fcr Uhu und Schneeeule\u201c in einer grossen, begehbaren Voliere.<\/p>\n                                      <\/div>\n                                  <\/div>\n                                  <div class=\"card-footer\"><a class=\"button button-wild-news \" aria-label=\"More about Neubau der Uhu- und Schneeeulen-Voliere\" href=\"https:\/\/tierpark-bern.ch\/en\/news\/neubau-der-uhu-und-schneeeulen-voliere\/\">Read more <i class=\"vc_btn3-icon fa fa-arrow-right\"><\/i> <\/a><\/div>\n                                  <\/div>\n                             <\/div>\n                         <\/div><\/div>\n                    <\/div><\/section>[\/vc_column_text][\/vc_column][\/vc_row]<\/p>\n<\/div>","protected":false},"excerpt":{"rendered":"<p>[vc_row][vc_column][vc_column_text] Projects (Only in German) [\/vc_column_text][\/vc_column][\/vc_row][vc_row][vc_column][vc_column_text] Planned projects Here we will inform you shortly about the next planned project in the zoo.[\/vc_column_text][vc_column_text][\/vc_column_text][\/vc_column][\/vc_row][vc_row][vc_column][vc_column_text] Past projects Since the introduction of the special account for the zoo in 2015, new facilities have been financed exclusively by third-party funds. The zoo would like to thank all supporters on behalf [&hellip;]<\/p>\n","protected":false},"author":1,"featured_media":24747,"parent":52250,"menu_order":0,"comment_status":"closed","ping_status":"closed","template":"","meta":{"_acf_changed":false,"footnotes":""},"class_list":["post-52297","page","type-page","status-publish","has-post-thumbnail","hentry"],"acf":[],"yoast_head":"<title>Projects | Tierpark Bern<\/title>\n<meta name=\"description\" content=\"Der Tierpark dankt allen Unterst\u00fctzerinnen und Unterst\u00fctzern im Namen seiner Tiere und seiner G\u00e4ste f\u00fcr ihre grossen und kleinen Spenden.\" \/>\n<meta name=\"robots\" content=\"index, follow, max-snippet:-1, max-image-preview:large, max-video-preview:-1\" \/>\n<link rel=\"canonical\" href=\"https:\/\/tierpark-bern.ch\/en\/animals\/facilities\/projects\/\" \/>\n<meta property=\"og:locale\" content=\"en_US\" \/>\n<meta property=\"og:type\" content=\"article\" \/>\n<meta property=\"og:title\" content=\"Projects | Tierpark Bern\" \/>\n<meta property=\"og:description\" content=\"Der Tierpark dankt allen Unterst\u00fctzerinnen und Unterst\u00fctzern im Namen seiner Tiere und seiner G\u00e4ste f\u00fcr ihre grossen und kleinen Spenden.\" \/>\n<meta property=\"og:url\" content=\"https:\/\/tierpark-bern.ch\/en\/animals\/facilities\/projects\/\" \/>\n<meta property=\"og:site_name\" content=\"Tierpark Bern\" \/>\n<meta property=\"article:publisher\" content=\"https:\/\/www.facebook.com\/tierparkbern\/\" \/>\n<meta property=\"article:modified_time\" content=\"2023-10-26T21:25:15+00:00\" \/>\n<meta property=\"og:image\" content=\"https:\/\/tierpark-bern.ch\/web\/app\/uploads\/2020\/07\/AareAlpen-3.jpg\" \/>\n\t<meta property=\"og:image:width\" content=\"1500\" \/>\n\t<meta property=\"og:image:height\" content=\"998\" \/>\n\t<meta property=\"og:image:type\" content=\"image\/jpeg\" \/>\n<script type=\"application\/ld+json\" class=\"yoast-schema-graph\">{\"@context\":\"https:\/\/schema.org\",\"@graph\":[{\"@type\":\"WebPage\",\"@id\":\"https:\/\/tierpark-bern.ch\/en\/animals\/facilities\/projects\/\",\"url\":\"https:\/\/tierpark-bern.ch\/en\/animals\/facilities\/projects\/\",\"name\":\"Projects | Tierpark Bern\",\"isPartOf\":{\"@id\":\"https:\/\/tierpark-bern.ch\/en\/#website\"},\"primaryImageOfPage\":{\"@id\":\"https:\/\/tierpark-bern.ch\/en\/animals\/facilities\/projects\/#primaryimage\"},\"image\":{\"@id\":\"https:\/\/tierpark-bern.ch\/en\/animals\/facilities\/projects\/#primaryimage\"},\"thumbnailUrl\":\"https:\/\/tierpark-bern.ch\/web\/app\/uploads\/2020\/07\/AareAlpen-3.jpg\",\"datePublished\":\"2021-08-16T06:21:41+00:00\",\"dateModified\":\"2023-10-26T21:25:15+00:00\",\"description\":\"Der Tierpark dankt allen Unterst\u00fctzerinnen und Unterst\u00fctzern im Namen seiner Tiere und seiner G\u00e4ste f\u00fcr ihre grossen und kleinen Spenden.\",\"breadcrumb\":{\"@id\":\"https:\/\/tierpark-bern.ch\/en\/animals\/facilities\/projects\/#breadcrumb\"},\"inLanguage\":\"en-US\",\"potentialAction\":[{\"@type\":\"ReadAction\",\"target\":[\"https:\/\/tierpark-bern.ch\/en\/animals\/facilities\/projects\/\"]}]},{\"@type\":\"ImageObject\",\"inLanguage\":\"en-US\",\"@id\":\"https:\/\/tierpark-bern.ch\/en\/animals\/facilities\/projects\/#primaryimage\",\"url\":\"https:\/\/tierpark-bern.ch\/web\/app\/uploads\/2020\/07\/AareAlpen-3.jpg\",\"contentUrl\":\"https:\/\/tierpark-bern.ch\/web\/app\/uploads\/2020\/07\/AareAlpen-3.jpg\",\"width\":1500,\"height\":998,\"caption\":\"The AareAlps are home to the ibex, chamois and marmot.\"},{\"@type\":\"BreadcrumbList\",\"@id\":\"https:\/\/tierpark-bern.ch\/en\/animals\/facilities\/projects\/#breadcrumb\",\"itemListElement\":[{\"@type\":\"ListItem\",\"position\":1,\"name\":\"Home\",\"item\":\"https:\/\/tierpark-bern.ch\/en\/\"},{\"@type\":\"ListItem\",\"position\":2,\"name\":\"Nature Conservation &#038; Animals\",\"item\":\"https:\/\/tierpark-bern.ch\/en\/animals\/\"},{\"@type\":\"ListItem\",\"position\":3,\"name\":\"Facilities\",\"item\":\"https:\/\/tierpark-bern.ch\/en\/animals\/facilities\/\"},{\"@type\":\"ListItem\",\"position\":4,\"name\":\"Projects\"}]},{\"@type\":\"WebSite\",\"@id\":\"https:\/\/tierpark-bern.ch\/en\/#website\",\"url\":\"https:\/\/tierpark-bern.ch\/en\/\",\"name\":\"Tierpark Bern\",\"description\":\"\",\"publisher\":{\"@id\":\"https:\/\/tierpark-bern.ch\/en\/#organization\"},\"potentialAction\":[{\"@type\":\"SearchAction\",\"target\":{\"@type\":\"EntryPoint\",\"urlTemplate\":\"https:\/\/tierpark-bern.ch\/en\/?s={search_term_string}\"},\"query-input\":{\"@type\":\"PropertyValueSpecification\",\"valueRequired\":true,\"valueName\":\"search_term_string\"}}],\"inLanguage\":\"en-US\"},{\"@type\":\"Organization\",\"@id\":\"https:\/\/tierpark-bern.ch\/en\/#organization\",\"name\":\"Tierpark Bern | D\u00e4hlh\u00f6lzli + B\u00e4renPark\",\"alternateName\":\"Tierpark Bern\",\"url\":\"https:\/\/tierpark-bern.ch\/en\/\",\"logo\":{\"@type\":\"ImageObject\",\"inLanguage\":\"en-US\",\"@id\":\"https:\/\/tierpark-bern.ch\/en\/#\/schema\/logo\/image\/\",\"url\":\"https:\/\/tierpark-bern.ch\/web\/app\/uploads\/2024\/04\/tierpark-bern-696x696-1.jpg\",\"contentUrl\":\"https:\/\/tierpark-bern.ch\/web\/app\/uploads\/2024\/04\/tierpark-bern-696x696-1.jpg\",\"width\":696,\"height\":696,\"caption\":\"Tierpark Bern | D\u00e4hlh\u00f6lzli + B\u00e4renPark\"},\"image\":{\"@id\":\"https:\/\/tierpark-bern.ch\/en\/#\/schema\/logo\/image\/\"},\"sameAs\":[\"https:\/\/www.facebook.com\/tierparkbern\/\",\"https:\/\/x.com\/tierparkbern\",\"https:\/\/www.instagram.com\/tierparkbern\/\"]}]}<\/script>","yoast_head_json":{"title":"Projects | Tierpark Bern","description":"Der Tierpark dankt allen Unterst\u00fctzerinnen und Unterst\u00fctzern im Namen seiner Tiere und seiner G\u00e4ste f\u00fcr ihre grossen und kleinen Spenden.","robots":{"index":"index","follow":"follow","max-snippet":"max-snippet:-1","max-image-preview":"max-image-preview:large","max-video-preview":"max-video-preview:-1"},"canonical":"https:\/\/tierpark-bern.ch\/en\/animals\/facilities\/projects\/","og_locale":"en_US","og_type":"article","og_title":"Projects | Tierpark Bern","og_description":"Der Tierpark dankt allen Unterst\u00fctzerinnen und Unterst\u00fctzern im Namen seiner Tiere und seiner G\u00e4ste f\u00fcr ihre grossen und kleinen Spenden.","og_url":"https:\/\/tierpark-bern.ch\/en\/animals\/facilities\/projects\/","og_site_name":"Tierpark Bern","article_publisher":"https:\/\/www.facebook.com\/tierparkbern\/","article_modified_time":"2023-10-26T21:25:15+00:00","og_image":[{"width":1500,"height":998,"url":"https:\/\/tierpark-bern.ch\/web\/app\/uploads\/2020\/07\/AareAlpen-3.jpg","type":"image\/jpeg"}],"schema":{"@context":"https:\/\/schema.org","@graph":[{"@type":"WebPage","@id":"https:\/\/tierpark-bern.ch\/en\/animals\/facilities\/projects\/","url":"https:\/\/tierpark-bern.ch\/en\/animals\/facilities\/projects\/","name":"Projects | Tierpark Bern","isPartOf":{"@id":"https:\/\/tierpark-bern.ch\/en\/#website"},"primaryImageOfPage":{"@id":"https:\/\/tierpark-bern.ch\/en\/animals\/facilities\/projects\/#primaryimage"},"image":{"@id":"https:\/\/tierpark-bern.ch\/en\/animals\/facilities\/projects\/#primaryimage"},"thumbnailUrl":"https:\/\/tierpark-bern.ch\/web\/app\/uploads\/2020\/07\/AareAlpen-3.jpg","datePublished":"2021-08-16T06:21:41+00:00","dateModified":"2023-10-26T21:25:15+00:00","description":"Der Tierpark dankt allen Unterst\u00fctzerinnen und Unterst\u00fctzern im Namen seiner Tiere und seiner G\u00e4ste f\u00fcr ihre grossen und kleinen Spenden.","breadcrumb":{"@id":"https:\/\/tierpark-bern.ch\/en\/animals\/facilities\/projects\/#breadcrumb"},"inLanguage":"en-US","potentialAction":[{"@type":"ReadAction","target":["https:\/\/tierpark-bern.ch\/en\/animals\/facilities\/projects\/"]}]},{"@type":"ImageObject","inLanguage":"en-US","@id":"https:\/\/tierpark-bern.ch\/en\/animals\/facilities\/projects\/#primaryimage","url":"https:\/\/tierpark-bern.ch\/web\/app\/uploads\/2020\/07\/AareAlpen-3.jpg","contentUrl":"https:\/\/tierpark-bern.ch\/web\/app\/uploads\/2020\/07\/AareAlpen-3.jpg","width":1500,"height":998,"caption":"The AareAlps are home to the ibex, chamois and marmot."},{"@type":"BreadcrumbList","@id":"https:\/\/tierpark-bern.ch\/en\/animals\/facilities\/projects\/#breadcrumb","itemListElement":[{"@type":"ListItem","position":1,"name":"Home","item":"https:\/\/tierpark-bern.ch\/en\/"},{"@type":"ListItem","position":2,"name":"Nature Conservation &#038; Animals","item":"https:\/\/tierpark-bern.ch\/en\/animals\/"},{"@type":"ListItem","position":3,"name":"Facilities","item":"https:\/\/tierpark-bern.ch\/en\/animals\/facilities\/"},{"@type":"ListItem","position":4,"name":"Projects"}]},{"@type":"WebSite","@id":"https:\/\/tierpark-bern.ch\/en\/#website","url":"https:\/\/tierpark-bern.ch\/en\/","name":"Tierpark Bern","description":"","publisher":{"@id":"https:\/\/tierpark-bern.ch\/en\/#organization"},"potentialAction":[{"@type":"SearchAction","target":{"@type":"EntryPoint","urlTemplate":"https:\/\/tierpark-bern.ch\/en\/?s={search_term_string}"},"query-input":{"@type":"PropertyValueSpecification","valueRequired":true,"valueName":"search_term_string"}}],"inLanguage":"en-US"},{"@type":"Organization","@id":"https:\/\/tierpark-bern.ch\/en\/#organization","name":"Tierpark Bern | D\u00e4hlh\u00f6lzli + B\u00e4renPark","alternateName":"Tierpark Bern","url":"https:\/\/tierpark-bern.ch\/en\/","logo":{"@type":"ImageObject","inLanguage":"en-US","@id":"https:\/\/tierpark-bern.ch\/en\/#\/schema\/logo\/image\/","url":"https:\/\/tierpark-bern.ch\/web\/app\/uploads\/2024\/04\/tierpark-bern-696x696-1.jpg","contentUrl":"https:\/\/tierpark-bern.ch\/web\/app\/uploads\/2024\/04\/tierpark-bern-696x696-1.jpg","width":696,"height":696,"caption":"Tierpark Bern | D\u00e4hlh\u00f6lzli + B\u00e4renPark"},"image":{"@id":"https:\/\/tierpark-bern.ch\/en\/#\/schema\/logo\/image\/"},"sameAs":["https:\/\/www.facebook.com\/tierparkbern\/","https:\/\/x.com\/tierparkbern","https:\/\/www.instagram.com\/tierparkbern\/"]}]}},"_links":{"self":[{"href":"https:\/\/tierpark-bern.ch\/en\/wp-json\/wp\/v2\/pages\/52297","targetHints":{"allow":["GET"]}}],"collection":[{"href":"https:\/\/tierpark-bern.ch\/en\/wp-json\/wp\/v2\/pages"}],"about":[{"href":"https:\/\/tierpark-bern.ch\/en\/wp-json\/wp\/v2\/types\/page"}],"author":[{"embeddable":true,"href":"https:\/\/tierpark-bern.ch\/en\/wp-json\/wp\/v2\/users\/1"}],"replies":[{"embeddable":true,"href":"https:\/\/tierpark-bern.ch\/en\/wp-json\/wp\/v2\/comments?post=52297"}],"version-history":[{"count":0,"href":"https:\/\/tierpark-bern.ch\/en\/wp-json\/wp\/v2\/pages\/52297\/revisions"}],"up":[{"embeddable":true,"href":"https:\/\/tierpark-bern.ch\/en\/wp-json\/wp\/v2\/pages\/52250"}],"wp:featuredmedia":[{"embeddable":true,"href":"https:\/\/tierpark-bern.ch\/en\/wp-json\/wp\/v2\/media\/24747"}],"wp:attachment":[{"href":"https:\/\/tierpark-bern.ch\/en\/wp-json\/wp\/v2\/media?parent=52297"}],"curies":[{"name":"wp","href":"https:\/\/api.w.org\/{rel}","templated":true}]}}