
{"id":52309,"date":"2021-03-01T13:50:54","date_gmt":"2021-03-01T12:50:54","guid":{"rendered":"https:\/\/tierpark-bern.ch\/online-shop\/"},"modified":"2023-03-07T16:55:06","modified_gmt":"2023-03-07T15:55:06","slug":"online-shop","status":"publish","type":"page","link":"https:\/\/tierpark-bern.ch\/en\/online-shop\/","title":{"rendered":"Onlineshop"},"content":{"rendered":"<div class=\"wpb-content-wrapper\"><p>[vc_row][vc_column][vc_column_text]<\/p>\n<h1>Online shop<\/h1>\n<p>Give the gift of animal joy with a voucher, reserve your place on a guided tour or at an event, or purchase an award-winning poster by Claude Kuhn. Make your choice in the online shop.[\/vc_column_text][\/vc_column][\/vc_row][vc_row css=&#8221;.vc_custom_1643955175071{margin-right: 0px !important;margin-left: 0px !important;padding-top: 35px !important;padding-right: 30px !important;padding-bottom: 35px !important;padding-left: 30px !important;background-color: #e5efee !important;}&#8221; el_class=&#8221;online-shop-main-section&#8221;][vc_column css=&#8221;.vc_custom_1633589734666{padding-top: 0px !important;}&#8221; el_class=&#8221;zoo-wrapper&#8221;][vc_row_inner equal_height=&#8221;yes&#8221; gap=&#8221;30&#8243;][vc_column_inner width=&#8221;1\/2&#8243; css=&#8221;.vc_custom_1629372311438{padding-top: 0px !important;padding-right: 0px !important;padding-bottom: 0px !important;padding-left: 0px !important;background-color: #006558 !important;}&#8221;][vc_single_image image=&#8221;52682&#8243; img_size=&#8221;540 x 320&#8243; alignment=&#8221;center&#8221; onclick=&#8221;custom_link&#8221; img_link_target=&#8221;_blank&#8221; link=&#8221;https:\/\/shop.e-guma.ch\/tierpark-bern\/de\/gutscheine&#8221;][vc_column_text css=&#8221;.vc_custom_1676357327606{padding-right: 30px !important;padding-left: 30px !important;}&#8221;]<\/p>\n<div class=\"zoo-news-section\">\n<h2>Vouchers<\/h2>\n<p>Give as a gift what you would most like to enjoy yourself! We hope you have fun and enjoy browsing through our vouchers and giving them as gifts.<\/p>\n<\/div>\n<p>[\/vc_column_text][vc_btn title=&#8221;Order vouchers&#8221; style=&#8221;flat&#8221; shape=&#8221;square&#8221; color=&#8221;white&#8221; size=&#8221;lg&#8221; i_align=&#8221;right&#8221; i_icon_fontawesome=&#8221;fas fa-arrow-right&#8221; add_icon=&#8221;true&#8221; link=&#8221;url:https%3A%2F%2Fshop.e-guma.ch%2Ftierpark-bern%2Fde%2Fgutscheine||target:%20_blank|&#8221; el_class=&#8221;btn-zoo&#8221; css=&#8221;.vc_custom_1676357586050{padding-right: 30px !important;padding-left: 30px !important;}&#8221;][\/vc_column_inner][vc_column_inner width=&#8221;1\/2&#8243; css=&#8221;.vc_custom_1629372434723{padding-top: 0px !important;padding-right: 0px !important;padding-bottom: 0px !important;padding-left: 0px !important;background-color: #006558 !important;}&#8221;][vc_single_image image=&#8221;18995&#8243; img_size=&#8221;540 x 320&#8243; alignment=&#8221;center&#8221; onclick=&#8221;custom_link&#8221; img_link_target=&#8221;_blank&#8221; link=&#8221;https:\/\/shop.e-guma.ch\/tierpark-bern\/de\/events&#8221;][vc_column_text css=&#8221;.vc_custom_1676357367336{padding-right: 30px !important;padding-left: 30px !important;}&#8221;]<\/p>\n<div class=\"zoo-news-section\">\n<h2>Event-Tickets<\/h2>\n<p>Don&#8217;t miss an event! Browse our annual programme for public events at D\u00e4hlh\u00f6lzli and BearPark.<\/p>\n<\/div>\n<p>[\/vc_column_text][vc_btn title=&#8221;Order event tickets&#8221; style=&#8221;flat&#8221; shape=&#8221;square&#8221; color=&#8221;white&#8221; size=&#8221;lg&#8221; i_align=&#8221;right&#8221; i_icon_fontawesome=&#8221;fas fa-arrow-right&#8221; add_icon=&#8221;true&#8221; link=&#8221;url:https%3A%2F%2Fshop.e-guma.ch%2Ftierpark-bern%2Fde%2Fevents||target:%20_blank|&#8221; el_class=&#8221;btn-zoo&#8221; css=&#8221;.vc_custom_1676357505217{padding-right: 30px !important;padding-left: 30px !important;}&#8221;][\/vc_column_inner][\/vc_row_inner][vc_row_inner equal_height=&#8221;yes&#8221; gap=&#8221;30&#8243;][vc_column_inner width=&#8221;1\/2&#8243; css=&#8221;.vc_custom_1629372311438{padding-top: 0px !important;padding-right: 0px !important;padding-bottom: 0px !important;padding-left: 0px !important;background-color: #006558 !important;}&#8221;][vc_single_image image=&#8221;16616&#8243; img_size=&#8221;540 x 320&#8243; alignment=&#8221;center&#8221; onclick=&#8221;custom_link&#8221; link=&#8221;https:\/\/tierpark-bern.ch\/en\/online-shop\/claude-kuhn\/&#8221;][vc_column_text css=&#8221;.vc_custom_1676357397927{padding-right: 30px !important;padding-left: 30px !important;}&#8221;]<\/p>\n<div class=\"zoo-news-section\">\n<h2>Claude Kuhn posters<\/h2>\n<p>Claude Kuhn has designed numerous posters for the zoo. The Bernese graphic artist has even won international prizes for some of them. Would you like to buy one or even several for your home?<\/p>\n<\/div>\n<p>[\/vc_column_text][vc_btn title=&#8221;Order Claude Kuhn posters&#8221; style=&#8221;flat&#8221; shape=&#8221;square&#8221; color=&#8221;white&#8221; size=&#8221;lg&#8221; i_align=&#8221;right&#8221; i_icon_fontawesome=&#8221;fas fa-arrow-right&#8221; add_icon=&#8221;true&#8221; link=&#8221;url:https%3A%2F%2Ftierpark-bern.ch%2Fen%2Fonline-shop%2Fclaude-kuhn%2F&#8221; el_class=&#8221;btn-zoo&#8221; css=&#8221;.vc_custom_1676357530387{padding-right: 30px !important;padding-left: 30px !important;}&#8221;][\/vc_column_inner][\/vc_row_inner][\/vc_column][\/vc_row]<\/p>\n<\/div>","protected":false},"excerpt":{"rendered":"<p>Give the gift of animal joy with a voucher or reserve your place on a guided tour.<\/p>\n","protected":false},"author":1,"featured_media":24476,"parent":0,"menu_order":0,"comment_status":"closed","ping_status":"closed","template":"","meta":{"_acf_changed":false,"footnotes":""},"class_list":["post-52309","page","type-page","status-publish","has-post-thumbnail","hentry"],"acf":[],"yoast_head":"<title>Onlineshop | Tierpark Bern<\/title>\n<meta name=\"description\" content=\"Give the gift of animal joy with a voucher or reserve your place on a guided tour.\" \/>\n<meta name=\"robots\" content=\"index, follow, max-snippet:-1, max-image-preview:large, max-video-preview:-1\" \/>\n<link rel=\"canonical\" href=\"https:\/\/tierpark-bern.ch\/en\/online-shop\/\" \/>\n<meta property=\"og:locale\" content=\"en_US\" \/>\n<meta property=\"og:type\" content=\"article\" \/>\n<meta property=\"og:title\" content=\"Onlineshop | Tierpark Bern\" \/>\n<meta property=\"og:description\" content=\"Give the gift of animal joy with a voucher or reserve your place on a guided tour.\" \/>\n<meta property=\"og:url\" content=\"https:\/\/tierpark-bern.ch\/en\/online-shop\/\" \/>\n<meta property=\"og:site_name\" content=\"Tierpark Bern\" \/>\n<meta property=\"article:publisher\" content=\"https:\/\/www.facebook.com\/tierparkbern\/\" \/>\n<meta property=\"article:modified_time\" content=\"2023-03-07T15:55:06+00:00\" \/>\n<meta property=\"og:image\" content=\"https:\/\/tierpark-bern.ch\/web\/app\/uploads\/2020\/07\/Weisse-Nymphe-4-tierpark-bern.jpg\" \/>\n\t<meta property=\"og:image:width\" content=\"1500\" \/>\n\t<meta property=\"og:image:height\" content=\"998\" \/>\n\t<meta property=\"og:image:type\" content=\"image\/jpeg\" \/>\n<script type=\"application\/ld+json\" class=\"yoast-schema-graph\">{\"@context\":\"https:\/\/schema.org\",\"@graph\":[{\"@type\":\"WebPage\",\"@id\":\"https:\/\/tierpark-bern.ch\/en\/online-shop\/\",\"url\":\"https:\/\/tierpark-bern.ch\/en\/online-shop\/\",\"name\":\"Onlineshop | Tierpark Bern\",\"isPartOf\":{\"@id\":\"https:\/\/tierpark-bern.ch\/en\/#website\"},\"primaryImageOfPage\":{\"@id\":\"https:\/\/tierpark-bern.ch\/en\/online-shop\/#primaryimage\"},\"image\":{\"@id\":\"https:\/\/tierpark-bern.ch\/en\/online-shop\/#primaryimage\"},\"thumbnailUrl\":\"https:\/\/tierpark-bern.ch\/web\/app\/uploads\/2020\/07\/Weisse-Nymphe-4-tierpark-bern.jpg\",\"datePublished\":\"2021-03-01T12:50:54+00:00\",\"dateModified\":\"2023-03-07T15:55:06+00:00\",\"description\":\"Give the gift of animal joy with a voucher or reserve your place on a guided tour.\",\"breadcrumb\":{\"@id\":\"https:\/\/tierpark-bern.ch\/en\/online-shop\/#breadcrumb\"},\"inLanguage\":\"en-US\",\"potentialAction\":[{\"@type\":\"ReadAction\",\"target\":[\"https:\/\/tierpark-bern.ch\/en\/online-shop\/\"]}]},{\"@type\":\"ImageObject\",\"inLanguage\":\"en-US\",\"@id\":\"https:\/\/tierpark-bern.ch\/en\/online-shop\/#primaryimage\",\"url\":\"https:\/\/tierpark-bern.ch\/web\/app\/uploads\/2020\/07\/Weisse-Nymphe-4-tierpark-bern.jpg\",\"contentUrl\":\"https:\/\/tierpark-bern.ch\/web\/app\/uploads\/2020\/07\/Weisse-Nymphe-4-tierpark-bern.jpg\",\"width\":1500,\"height\":998},{\"@type\":\"BreadcrumbList\",\"@id\":\"https:\/\/tierpark-bern.ch\/en\/online-shop\/#breadcrumb\",\"itemListElement\":[{\"@type\":\"ListItem\",\"position\":1,\"name\":\"Home\",\"item\":\"https:\/\/tierpark-bern.ch\/en\/\"},{\"@type\":\"ListItem\",\"position\":2,\"name\":\"Onlineshop\"}]},{\"@type\":\"WebSite\",\"@id\":\"https:\/\/tierpark-bern.ch\/en\/#website\",\"url\":\"https:\/\/tierpark-bern.ch\/en\/\",\"name\":\"Tierpark Bern\",\"description\":\"\",\"publisher\":{\"@id\":\"https:\/\/tierpark-bern.ch\/en\/#organization\"},\"potentialAction\":[{\"@type\":\"SearchAction\",\"target\":{\"@type\":\"EntryPoint\",\"urlTemplate\":\"https:\/\/tierpark-bern.ch\/en\/?s={search_term_string}\"},\"query-input\":{\"@type\":\"PropertyValueSpecification\",\"valueRequired\":true,\"valueName\":\"search_term_string\"}}],\"inLanguage\":\"en-US\"},{\"@type\":\"Organization\",\"@id\":\"https:\/\/tierpark-bern.ch\/en\/#organization\",\"name\":\"Tierpark Bern | D\u00e4hlh\u00f6lzli + B\u00e4renPark\",\"alternateName\":\"Tierpark Bern\",\"url\":\"https:\/\/tierpark-bern.ch\/en\/\",\"logo\":{\"@type\":\"ImageObject\",\"inLanguage\":\"en-US\",\"@id\":\"https:\/\/tierpark-bern.ch\/en\/#\/schema\/logo\/image\/\",\"url\":\"https:\/\/tierpark-bern.ch\/web\/app\/uploads\/2024\/04\/tierpark-bern-696x696-1.jpg\",\"contentUrl\":\"https:\/\/tierpark-bern.ch\/web\/app\/uploads\/2024\/04\/tierpark-bern-696x696-1.jpg\",\"width\":696,\"height\":696,\"caption\":\"Tierpark Bern | D\u00e4hlh\u00f6lzli + B\u00e4renPark\"},\"image\":{\"@id\":\"https:\/\/tierpark-bern.ch\/en\/#\/schema\/logo\/image\/\"},\"sameAs\":[\"https:\/\/www.facebook.com\/tierparkbern\/\",\"https:\/\/x.com\/tierparkbern\",\"https:\/\/www.instagram.com\/tierparkbern\/\"]}]}<\/script>","yoast_head_json":{"title":"Onlineshop | Tierpark Bern","description":"Give the gift of animal joy with a voucher or reserve your place on a guided tour.","robots":{"index":"index","follow":"follow","max-snippet":"max-snippet:-1","max-image-preview":"max-image-preview:large","max-video-preview":"max-video-preview:-1"},"canonical":"https:\/\/tierpark-bern.ch\/en\/online-shop\/","og_locale":"en_US","og_type":"article","og_title":"Onlineshop | Tierpark Bern","og_description":"Give the gift of animal joy with a voucher or reserve your place on a guided tour.","og_url":"https:\/\/tierpark-bern.ch\/en\/online-shop\/","og_site_name":"Tierpark Bern","article_publisher":"https:\/\/www.facebook.com\/tierparkbern\/","article_modified_time":"2023-03-07T15:55:06+00:00","og_image":[{"width":1500,"height":998,"url":"https:\/\/tierpark-bern.ch\/web\/app\/uploads\/2020\/07\/Weisse-Nymphe-4-tierpark-bern.jpg","type":"image\/jpeg"}],"schema":{"@context":"https:\/\/schema.org","@graph":[{"@type":"WebPage","@id":"https:\/\/tierpark-bern.ch\/en\/online-shop\/","url":"https:\/\/tierpark-bern.ch\/en\/online-shop\/","name":"Onlineshop | Tierpark Bern","isPartOf":{"@id":"https:\/\/tierpark-bern.ch\/en\/#website"},"primaryImageOfPage":{"@id":"https:\/\/tierpark-bern.ch\/en\/online-shop\/#primaryimage"},"image":{"@id":"https:\/\/tierpark-bern.ch\/en\/online-shop\/#primaryimage"},"thumbnailUrl":"https:\/\/tierpark-bern.ch\/web\/app\/uploads\/2020\/07\/Weisse-Nymphe-4-tierpark-bern.jpg","datePublished":"2021-03-01T12:50:54+00:00","dateModified":"2023-03-07T15:55:06+00:00","description":"Give the gift of animal joy with a voucher or reserve your place on a guided tour.","breadcrumb":{"@id":"https:\/\/tierpark-bern.ch\/en\/online-shop\/#breadcrumb"},"inLanguage":"en-US","potentialAction":[{"@type":"ReadAction","target":["https:\/\/tierpark-bern.ch\/en\/online-shop\/"]}]},{"@type":"ImageObject","inLanguage":"en-US","@id":"https:\/\/tierpark-bern.ch\/en\/online-shop\/#primaryimage","url":"https:\/\/tierpark-bern.ch\/web\/app\/uploads\/2020\/07\/Weisse-Nymphe-4-tierpark-bern.jpg","contentUrl":"https:\/\/tierpark-bern.ch\/web\/app\/uploads\/2020\/07\/Weisse-Nymphe-4-tierpark-bern.jpg","width":1500,"height":998},{"@type":"BreadcrumbList","@id":"https:\/\/tierpark-bern.ch\/en\/online-shop\/#breadcrumb","itemListElement":[{"@type":"ListItem","position":1,"name":"Home","item":"https:\/\/tierpark-bern.ch\/en\/"},{"@type":"ListItem","position":2,"name":"Onlineshop"}]},{"@type":"WebSite","@id":"https:\/\/tierpark-bern.ch\/en\/#website","url":"https:\/\/tierpark-bern.ch\/en\/","name":"Tierpark Bern","description":"","publisher":{"@id":"https:\/\/tierpark-bern.ch\/en\/#organization"},"potentialAction":[{"@type":"SearchAction","target":{"@type":"EntryPoint","urlTemplate":"https:\/\/tierpark-bern.ch\/en\/?s={search_term_string}"},"query-input":{"@type":"PropertyValueSpecification","valueRequired":true,"valueName":"search_term_string"}}],"inLanguage":"en-US"},{"@type":"Organization","@id":"https:\/\/tierpark-bern.ch\/en\/#organization","name":"Tierpark Bern | D\u00e4hlh\u00f6lzli + B\u00e4renPark","alternateName":"Tierpark Bern","url":"https:\/\/tierpark-bern.ch\/en\/","logo":{"@type":"ImageObject","inLanguage":"en-US","@id":"https:\/\/tierpark-bern.ch\/en\/#\/schema\/logo\/image\/","url":"https:\/\/tierpark-bern.ch\/web\/app\/uploads\/2024\/04\/tierpark-bern-696x696-1.jpg","contentUrl":"https:\/\/tierpark-bern.ch\/web\/app\/uploads\/2024\/04\/tierpark-bern-696x696-1.jpg","width":696,"height":696,"caption":"Tierpark Bern | D\u00e4hlh\u00f6lzli + B\u00e4renPark"},"image":{"@id":"https:\/\/tierpark-bern.ch\/en\/#\/schema\/logo\/image\/"},"sameAs":["https:\/\/www.facebook.com\/tierparkbern\/","https:\/\/x.com\/tierparkbern","https:\/\/www.instagram.com\/tierparkbern\/"]}]}},"_links":{"self":[{"href":"https:\/\/tierpark-bern.ch\/en\/wp-json\/wp\/v2\/pages\/52309","targetHints":{"allow":["GET"]}}],"collection":[{"href":"https:\/\/tierpark-bern.ch\/en\/wp-json\/wp\/v2\/pages"}],"about":[{"href":"https:\/\/tierpark-bern.ch\/en\/wp-json\/wp\/v2\/types\/page"}],"author":[{"embeddable":true,"href":"https:\/\/tierpark-bern.ch\/en\/wp-json\/wp\/v2\/users\/1"}],"replies":[{"embeddable":true,"href":"https:\/\/tierpark-bern.ch\/en\/wp-json\/wp\/v2\/comments?post=52309"}],"version-history":[{"count":0,"href":"https:\/\/tierpark-bern.ch\/en\/wp-json\/wp\/v2\/pages\/52309\/revisions"}],"wp:featuredmedia":[{"embeddable":true,"href":"https:\/\/tierpark-bern.ch\/en\/wp-json\/wp\/v2\/media\/24476"}],"wp:attachment":[{"href":"https:\/\/tierpark-bern.ch\/en\/wp-json\/wp\/v2\/media?parent=52309"}],"curies":[{"name":"wp","href":"https:\/\/api.w.org\/{rel}","templated":true}]}}