
{"id":52339,"date":"2020-08-18T07:31:23","date_gmt":"2020-08-18T05:31:23","guid":{"rendered":"https:\/\/tierpark-bern.ch\/animals\/jungtiere\/"},"modified":"2023-04-18T12:30:25","modified_gmt":"2023-04-18T10:30:25","slug":"young-animals","status":"publish","type":"page","link":"https:\/\/tierpark-bern.ch\/en\/animals\/young-animals\/","title":{"rendered":"Young Animals"},"content":{"rendered":"<div class=\"wpb-content-wrapper\"><p>[vc_row][vc_column][vc_column_text]<\/p>\n<h1>Young Animals<\/h1>\n<p>When and where were the youngest inhabitants of Bern Animal Park born? You can currently discover and observe these young animals in Bern Animal Park (Only in German).[\/vc_column_text][vc_column_text]<section class=\"section no-padding-top no-padding-bottom\">\n                        <div class=\"wild-news jungtiere-news\">\n                            <div class=\"row-list col-container\"> <div class=\"list-item\">\n                         <div class=\"wild-news-section\" data-href=\"https:\/\/tierpark-bern.ch\/en\/news\/rosa-nachwuchs-im-tierpark-bern\/\">\n                             <p><img decoding=\"async\" class=\"wild-news__img\" src=\" https:\/\/tierpark-bern.ch\/web\/app\/uploads\/2024\/06\/flamingo-jungtier-tierpark-bern-2024-2-630x419.jpg\" alt=\"Rosa Nachwuchs im Tierpark Bern\"><\/p>\n                             <div class=\"card card-info \">\n                                  <div class=\"card-body\">\n                                      <div class=\"d-flex flex-column h-100\">\n                                          <p class=\"card-title mb-3\">Rosa Nachwuchs im Tierpark Bern<\/p>\n                                          <p class=\"mb-0\">Das erste K\u00fcken bei den Flamingos ist geschl\u00fcpft! Flamingos bauen ihre kegelf\u00f6rmigen Bruth\u00fcgel aus Schlamm am Gew\u00e4sser-Ufer.<\/p>\n                                      <\/div>\n                                  <\/div>\n                                  <div class=\"card-footer\"><a class=\"button button-wild-news \" aria-label=\"More about Rosa Nachwuchs im Tierpark Bern\" href=\"https:\/\/tierpark-bern.ch\/en\/news\/rosa-nachwuchs-im-tierpark-bern\/\">Read more <i class=\"vc_btn3-icon fa fa-arrow-right\"><\/i> <\/a><\/div>\n                                  <\/div>\n                             <\/div>\n                         <\/div><div class=\"list-item\">\n                         <div class=\"wild-news-section\" data-href=\"https:\/\/tierpark-bern.ch\/en\/news\/nachwuchs-bei-den-wisenten\/\">\n                             <p><img decoding=\"async\" class=\"wild-news__img\" src=\" https:\/\/tierpark-bern.ch\/web\/app\/uploads\/2024\/06\/Wisent_Jungtier_2024_Foto_Slezak-7918-min-630x419.jpg\" alt=\"Ein junges Wisentkalb liegt auf dem Boden und wird liebevoll von einem ausgewachsenen Wisent mit der Zunge geleckt. Das Kalb hat weiches, braunes Fell und ruht im Schatten eines Baumes. Der erwachsene Wisent steht neben dem Kalb und scheint f\u00fcrsorglich zu sein. Die Umgebung ist nat\u00fcrlich mit Gras und Erde.\"><\/p>\n                             <div class=\"card card-info \">\n                                  <div class=\"card-body\">\n                                      <div class=\"d-flex flex-column h-100\">\n                                          <p class=\"card-title mb-3\">Nachwuchs bei den Wisenten!<\/p>\n                                          <p class=\"mb-0\">Am 4. Juni 2024 wurde das erste Wisentkalb im D\u00e4hlh\u00f6lzliwald geboren und die Mutter k\u00fcmmert sich liebevoll um ihr neugeborenes Kalb<\/p>\n                                      <\/div>\n                                  <\/div>\n                                  <div class=\"card-footer\"><a class=\"button button-wild-news \" aria-label=\"More about Nachwuchs bei den Wisenten!\" href=\"https:\/\/tierpark-bern.ch\/en\/news\/nachwuchs-bei-den-wisenten\/\">Read more <i class=\"vc_btn3-icon fa fa-arrow-right\"><\/i> <\/a><\/div>\n                                  <\/div>\n                             <\/div>\n                         <\/div><div class=\"list-item\">\n                         <div class=\"wild-news-section\" data-href=\"https:\/\/tierpark-bern.ch\/en\/news\/neuigkeiten-aus-der-elchwelt\/\">\n                             <p><img decoding=\"async\" class=\"wild-news__img\" src=\" https:\/\/tierpark-bern.ch\/web\/app\/uploads\/2024\/06\/Elch_Jungtiere_2024_Foto_Slezak-7517-min-630x419.jpg\" alt=\"Ein junges Elchkalb steht im Vordergrund und schaut neugierig in die Kamera. Es hat ein braunes, flauschiges Fell und grosse, aufgerichtete Ohren. \"><\/p>\n                             <div class=\"card card-info \">\n                                  <div class=\"card-body\">\n                                      <div class=\"d-flex flex-column h-100\">\n                                          <p class=\"card-title mb-3\">Neuigkeiten aus der Elchwelt!<\/p>\n                                          <p class=\"mb-0\">Nach einer Tragzeit von circa 8 Monaten wurden am 12. Mai 2024 im Tierpark Bern Elchk\u00e4lber geboren<\/p>\n                                      <\/div>\n                                  <\/div>\n                                  <div class=\"card-footer\"><a class=\"button button-wild-news \" aria-label=\"More about Neuigkeiten aus der Elchwelt!\" href=\"https:\/\/tierpark-bern.ch\/en\/news\/neuigkeiten-aus-der-elchwelt\/\">Read more <i class=\"vc_btn3-icon fa fa-arrow-right\"><\/i> <\/a><\/div>\n                                  <\/div>\n                             <\/div>\n                         <\/div><div class=\"list-item\">\n                         <div class=\"wild-news-section\" data-href=\"https:\/\/tierpark-bern.ch\/en\/news\/wolfswelpen-im-tierpark\/\">\n                             <p><img decoding=\"async\" class=\"wild-news__img\" src=\" https:\/\/tierpark-bern.ch\/web\/app\/uploads\/2024\/06\/Wolfswelpe_2024_Foto_Tierpark_Bern_P1090026-min-630x419.jpg\" alt=\"Ein Wolfswelpe liegt im Gras und schaut neugierig in die Kamera. \"><\/p>\n                             <div class=\"card card-info \">\n                                  <div class=\"card-body\">\n                                      <div class=\"d-flex flex-column h-100\">\n                                          <p class=\"card-title mb-3\">Wolfswelpen im Tierpark<\/p>\n                                          <p class=\"mb-0\">Die W\u00f6lfin im Tierpark Bern hat am 26. April 2024 zwei Jungtiere geboren<\/p>\n                                      <\/div>\n                                  <\/div>\n                                  <div class=\"card-footer\"><a class=\"button button-wild-news \" aria-label=\"More about Wolfswelpen im Tierpark\" href=\"https:\/\/tierpark-bern.ch\/en\/news\/wolfswelpen-im-tierpark\/\">Read more <i class=\"vc_btn3-icon fa fa-arrow-right\"><\/i> <\/a><\/div>\n                                  <\/div>\n                             <\/div>\n                         <\/div><div class=\"list-item\">\n                         <div class=\"wild-news-section\" data-href=\"https:\/\/tierpark-bern.ch\/en\/news\/die-ziesel-wieseln\/\">\n                             <p><img decoding=\"async\" class=\"wild-news__img\" src=\" https:\/\/tierpark-bern.ch\/web\/app\/uploads\/2024\/06\/Ziesel_Jungtiere_2024_Foto_Slezak-7866-min-630x419.jpg\" alt=\"Mehrere junge Ziesel sitzen im Gras und schauen neugierig umher. Ein Ziesel im Hintergrund steht aufrecht auf seinen Hinterbeinen und blickt aufmerksam in die Umgebung. Die anderen Ziesel sind teilweise unscharf im Vordergrund zu sehen.\"><\/p>\n                             <div class=\"card card-info \">\n                                  <div class=\"card-body\">\n                                      <div class=\"d-flex flex-column h-100\">\n                                          <p class=\"card-title mb-3\">Die Ziesel wieseln!<\/p>\n                                          <p class=\"mb-0\">Seit Ende Mai k\u00f6nnen Besucher im D\u00e4hlh\u00f6lzli-Zoo die ersten diesj\u00e4hrigen Ziesel-Jungtiere sehen!<\/p>\n                                      <\/div>\n                                  <\/div>\n                                  <div class=\"card-footer\"><a class=\"button button-wild-news \" aria-label=\"More about Die Ziesel wieseln!\" href=\"https:\/\/tierpark-bern.ch\/en\/news\/die-ziesel-wieseln\/\">Read more <i class=\"vc_btn3-icon fa fa-arrow-right\"><\/i> <\/a><\/div>\n                                  <\/div>\n                             <\/div>\n                         <\/div><div class=\"list-item\">\n                         <div class=\"wild-news-section\" data-href=\"https:\/\/tierpark-bern.ch\/en\/news\/nachwuchs-bei-den-auerhuehnern\/\">\n                             <p><img decoding=\"async\" class=\"wild-news__img\" src=\" https:\/\/tierpark-bern.ch\/web\/app\/uploads\/2023\/12\/Auerhuhn-NZ-2022_Foto-Doris-Slezak-3986-630x419.jpg\" alt=\"Nahaufnahme von einem Auerhuhn Jungtier\"><\/p>\n                             <div class=\"card card-info \">\n                                  <div class=\"card-body\">\n                                      <div class=\"d-flex flex-column h-100\">\n                                          <p class=\"card-title mb-3\">Nachwuchs bei den Auerh\u00fchnern<\/p>\n                                          <p class=\"mb-0\">Kaum sind die Auerh\u00fchner-K\u00fcken geschl\u00fcpft, steht bereits der erste Ausflug an!<\/p>\n                                      <\/div>\n                                  <\/div>\n                                  <div class=\"card-footer\"><a class=\"button button-wild-news \" aria-label=\"More about Nachwuchs bei den Auerh\u00fchnern\" href=\"https:\/\/tierpark-bern.ch\/en\/news\/nachwuchs-bei-den-auerhuehnern\/\">Read more <i class=\"vc_btn3-icon fa fa-arrow-right\"><\/i> <\/a><\/div>\n                                  <\/div>\n                             <\/div>\n                         <\/div><div class=\"list-item\">\n                         <div class=\"wild-news-section\" data-href=\"https:\/\/tierpark-bern.ch\/en\/news\/nachwuchs-bei-den-bezoarziegen\/\">\n                             <p><img decoding=\"async\" class=\"wild-news__img\" src=\" https:\/\/tierpark-bern.ch\/web\/app\/uploads\/2023\/05\/kreta_bezoarziegen_jungtiere_T4A3058-min-630x419.jpg\" alt=\"Nahaufnahme von einer Kreta Bezoarziege\"><\/p>\n                             <div class=\"card card-info \">\n                                  <div class=\"card-body\">\n                                      <div class=\"d-flex flex-column h-100\">\n                                          <p class=\"card-title mb-3\">Nachwuchs bei den Bezoarziegen<\/p>\n                                          <p class=\"mb-0\">Am 4. Mai 2024 hat ein erstes Bezoar-\u201dGeissli\u201d das Licht der Welt erblickt.<\/p>\n                                      <\/div>\n                                  <\/div>\n                                  <div class=\"card-footer\"><a class=\"button button-wild-news \" aria-label=\"More about Nachwuchs bei den Bezoarziegen\" href=\"https:\/\/tierpark-bern.ch\/en\/news\/nachwuchs-bei-den-bezoarziegen\/\">Read more <i class=\"vc_btn3-icon fa fa-arrow-right\"><\/i> <\/a><\/div>\n                                  <\/div>\n                             <\/div>\n                         <\/div><\/div>\n                    <\/div><div class=\"col-12 top-50\">\n                                    <div id=\"jungtiereloadMore\" class=\"load-more-news\">\n                                     <p class=\"button button-background--tierpark\">More young animals<\/p>\n                                    <\/div>\n                                  <\/div><\/section>[\/vc_column_text][\/vc_column][\/vc_row][vc_row][vc_column][vc_column_text]<\/p>\n<h2>List of births<\/h2>\n<p>[\/vc_column_text][vc_column_text]<div class=\"row\">\n                    <div class=\"col-12 bottom-50\">\n                       <div class=\"tbl-jungtiere-list-container\">\n                            <table class=\"tbl-all-jungtiere-list\">\n                            <thead>\n                                <tr>\n                                  <th><strong>Month<\/strong><\/th>\n                                  <th><strong>Species<\/strong><\/th>\n                                <\/tr>\n                            <\/thead>\n                            <tbody><tr>\n                               <td><strong>Januar<\/strong><\/td>\n                               <td><strong><\/strong><\/td>\n                              <\/tr><tr>\n                               <td><strong>Februar<\/strong><\/td>\n                               <td><strong>Wildschweine, Zwergziege, Russk\u00f6pfchen<\/strong><\/td>\n                              <\/tr><tr>\n                               <td><strong>M\u00e4rz<\/strong><\/td>\n                               <td><strong><\/strong><\/td>\n                              <\/tr><tr>\n                               <td><strong>April<\/strong><\/td>\n                               <td><strong><\/strong><\/td>\n                              <\/tr><tr>\n                               <td><strong>Mai<\/strong><\/td>\n                               <td><strong><\/strong><\/td>\n                              <\/tr><tr>\n                               <td><strong>Juni<\/strong><\/td>\n                               <td><strong><\/strong><\/td>\n                              <\/tr><tr>\n                               <td><strong>Juli<\/strong><\/td>\n                               <td><strong><\/strong><\/td>\n                              <\/tr><tr>\n                               <td><strong>August<\/strong><\/td>\n                               <td><strong><\/strong><\/td>\n                              <\/tr><tr>\n                               <td><strong>September<\/strong><\/td>\n                               <td><strong><\/strong><\/td>\n                              <\/tr><tr>\n                               <td><strong>Oktober<\/strong><\/td>\n                               <td><strong><\/strong><\/td>\n                              <\/tr><tr>\n                               <td><strong>November<\/strong><\/td>\n                               <td><strong><\/strong><\/td>\n                              <\/tr><tr>\n                               <td><strong>Dezember<\/strong><\/td>\n                               <td><strong><\/strong><\/td>\n                              <\/tr><\/tbody>\n                        <\/table>\n                      <\/div>\n               <\/div>[\/vc_column_text][\/vc_column][\/vc_row]<\/p>\n<\/div>","protected":false},"excerpt":{"rendered":"<p>When and where were the youngest residents of Bern Animal Park born? You can currently discover and observe these young animals.<\/p>\n","protected":false},"author":1,"featured_media":22882,"parent":51820,"menu_order":0,"comment_status":"closed","ping_status":"closed","template":"","meta":{"_acf_changed":false,"footnotes":""},"class_list":["post-52339","page","type-page","status-publish","has-post-thumbnail","hentry"],"acf":[],"yoast_head":"<title>Young Animals | Tierpark Bern<\/title>\n<meta name=\"description\" content=\"When and where were the youngest residents of Bern Animal Park born? You can currently discover and observe these young animals.\" \/>\n<meta name=\"robots\" content=\"index, follow, max-snippet:-1, max-image-preview:large, max-video-preview:-1\" \/>\n<link rel=\"canonical\" href=\"https:\/\/tierpark-bern.ch\/en\/animals\/young-animals\/\" \/>\n<meta property=\"og:locale\" content=\"en_US\" \/>\n<meta property=\"og:type\" content=\"article\" \/>\n<meta property=\"og:title\" content=\"Young Animals | Tierpark Bern\" \/>\n<meta property=\"og:description\" content=\"When and where were the youngest residents of Bern Animal Park born? You can currently discover and observe these young animals.\" \/>\n<meta property=\"og:url\" content=\"https:\/\/tierpark-bern.ch\/en\/animals\/young-animals\/\" \/>\n<meta property=\"og:site_name\" content=\"Tierpark Bern\" \/>\n<meta property=\"article:publisher\" content=\"https:\/\/www.facebook.com\/tierparkbern\/\" \/>\n<meta property=\"article:modified_time\" content=\"2023-04-18T10:30:25+00:00\" \/>\n<meta property=\"og:image\" content=\"https:\/\/tierpark-bern.ch\/web\/app\/uploads\/2022\/02\/moschus-tierpark-bern-70.jpg\" \/>\n\t<meta property=\"og:image:width\" content=\"1500\" \/>\n\t<meta property=\"og:image:height\" content=\"998\" \/>\n\t<meta property=\"og:image:type\" content=\"image\/jpeg\" \/>\n<script type=\"application\/ld+json\" class=\"yoast-schema-graph\">{\"@context\":\"https:\/\/schema.org\",\"@graph\":[{\"@type\":\"WebPage\",\"@id\":\"https:\/\/tierpark-bern.ch\/en\/animals\/young-animals\/\",\"url\":\"https:\/\/tierpark-bern.ch\/en\/animals\/young-animals\/\",\"name\":\"Young Animals | Tierpark Bern\",\"isPartOf\":{\"@id\":\"https:\/\/tierpark-bern.ch\/en\/#website\"},\"primaryImageOfPage\":{\"@id\":\"https:\/\/tierpark-bern.ch\/en\/animals\/young-animals\/#primaryimage\"},\"image\":{\"@id\":\"https:\/\/tierpark-bern.ch\/en\/animals\/young-animals\/#primaryimage\"},\"thumbnailUrl\":\"https:\/\/tierpark-bern.ch\/web\/app\/uploads\/2022\/02\/moschus-tierpark-bern-70.jpg\",\"datePublished\":\"2020-08-18T05:31:23+00:00\",\"dateModified\":\"2023-04-18T10:30:25+00:00\",\"description\":\"When and where were the youngest residents of Bern Animal Park born? You can currently discover and observe these young animals.\",\"breadcrumb\":{\"@id\":\"https:\/\/tierpark-bern.ch\/en\/animals\/young-animals\/#breadcrumb\"},\"inLanguage\":\"en-US\",\"potentialAction\":[{\"@type\":\"ReadAction\",\"target\":[\"https:\/\/tierpark-bern.ch\/en\/animals\/young-animals\/\"]}]},{\"@type\":\"ImageObject\",\"inLanguage\":\"en-US\",\"@id\":\"https:\/\/tierpark-bern.ch\/en\/animals\/young-animals\/#primaryimage\",\"url\":\"https:\/\/tierpark-bern.ch\/web\/app\/uploads\/2022\/02\/moschus-tierpark-bern-70.jpg\",\"contentUrl\":\"https:\/\/tierpark-bern.ch\/web\/app\/uploads\/2022\/02\/moschus-tierpark-bern-70.jpg\",\"width\":1500,\"height\":998,\"caption\":\"Nahaufnahme von einem Moschusochsen\"},{\"@type\":\"BreadcrumbList\",\"@id\":\"https:\/\/tierpark-bern.ch\/en\/animals\/young-animals\/#breadcrumb\",\"itemListElement\":[{\"@type\":\"ListItem\",\"position\":1,\"name\":\"Home\",\"item\":\"https:\/\/tierpark-bern.ch\/en\/\"},{\"@type\":\"ListItem\",\"position\":2,\"name\":\"Nature Conservation &#038; Animals\",\"item\":\"https:\/\/tierpark-bern.ch\/en\/animals\/\"},{\"@type\":\"ListItem\",\"position\":3,\"name\":\"Young Animals\"}]},{\"@type\":\"WebSite\",\"@id\":\"https:\/\/tierpark-bern.ch\/en\/#website\",\"url\":\"https:\/\/tierpark-bern.ch\/en\/\",\"name\":\"Tierpark Bern\",\"description\":\"\",\"publisher\":{\"@id\":\"https:\/\/tierpark-bern.ch\/en\/#organization\"},\"potentialAction\":[{\"@type\":\"SearchAction\",\"target\":{\"@type\":\"EntryPoint\",\"urlTemplate\":\"https:\/\/tierpark-bern.ch\/en\/?s={search_term_string}\"},\"query-input\":{\"@type\":\"PropertyValueSpecification\",\"valueRequired\":true,\"valueName\":\"search_term_string\"}}],\"inLanguage\":\"en-US\"},{\"@type\":\"Organization\",\"@id\":\"https:\/\/tierpark-bern.ch\/en\/#organization\",\"name\":\"Tierpark Bern | D\u00e4hlh\u00f6lzli + B\u00e4renPark\",\"alternateName\":\"Tierpark Bern\",\"url\":\"https:\/\/tierpark-bern.ch\/en\/\",\"logo\":{\"@type\":\"ImageObject\",\"inLanguage\":\"en-US\",\"@id\":\"https:\/\/tierpark-bern.ch\/en\/#\/schema\/logo\/image\/\",\"url\":\"https:\/\/tierpark-bern.ch\/web\/app\/uploads\/2024\/04\/tierpark-bern-696x696-1.jpg\",\"contentUrl\":\"https:\/\/tierpark-bern.ch\/web\/app\/uploads\/2024\/04\/tierpark-bern-696x696-1.jpg\",\"width\":696,\"height\":696,\"caption\":\"Tierpark Bern | D\u00e4hlh\u00f6lzli + B\u00e4renPark\"},\"image\":{\"@id\":\"https:\/\/tierpark-bern.ch\/en\/#\/schema\/logo\/image\/\"},\"sameAs\":[\"https:\/\/www.facebook.com\/tierparkbern\/\",\"https:\/\/x.com\/tierparkbern\",\"https:\/\/www.instagram.com\/tierparkbern\/\"]}]}<\/script>","yoast_head_json":{"title":"Young Animals | Tierpark Bern","description":"When and where were the youngest residents of Bern Animal Park born? You can currently discover and observe these young animals.","robots":{"index":"index","follow":"follow","max-snippet":"max-snippet:-1","max-image-preview":"max-image-preview:large","max-video-preview":"max-video-preview:-1"},"canonical":"https:\/\/tierpark-bern.ch\/en\/animals\/young-animals\/","og_locale":"en_US","og_type":"article","og_title":"Young Animals | Tierpark Bern","og_description":"When and where were the youngest residents of Bern Animal Park born? You can currently discover and observe these young animals.","og_url":"https:\/\/tierpark-bern.ch\/en\/animals\/young-animals\/","og_site_name":"Tierpark Bern","article_publisher":"https:\/\/www.facebook.com\/tierparkbern\/","article_modified_time":"2023-04-18T10:30:25+00:00","og_image":[{"width":1500,"height":998,"url":"https:\/\/tierpark-bern.ch\/web\/app\/uploads\/2022\/02\/moschus-tierpark-bern-70.jpg","type":"image\/jpeg"}],"schema":{"@context":"https:\/\/schema.org","@graph":[{"@type":"WebPage","@id":"https:\/\/tierpark-bern.ch\/en\/animals\/young-animals\/","url":"https:\/\/tierpark-bern.ch\/en\/animals\/young-animals\/","name":"Young Animals | Tierpark Bern","isPartOf":{"@id":"https:\/\/tierpark-bern.ch\/en\/#website"},"primaryImageOfPage":{"@id":"https:\/\/tierpark-bern.ch\/en\/animals\/young-animals\/#primaryimage"},"image":{"@id":"https:\/\/tierpark-bern.ch\/en\/animals\/young-animals\/#primaryimage"},"thumbnailUrl":"https:\/\/tierpark-bern.ch\/web\/app\/uploads\/2022\/02\/moschus-tierpark-bern-70.jpg","datePublished":"2020-08-18T05:31:23+00:00","dateModified":"2023-04-18T10:30:25+00:00","description":"When and where were the youngest residents of Bern Animal Park born? You can currently discover and observe these young animals.","breadcrumb":{"@id":"https:\/\/tierpark-bern.ch\/en\/animals\/young-animals\/#breadcrumb"},"inLanguage":"en-US","potentialAction":[{"@type":"ReadAction","target":["https:\/\/tierpark-bern.ch\/en\/animals\/young-animals\/"]}]},{"@type":"ImageObject","inLanguage":"en-US","@id":"https:\/\/tierpark-bern.ch\/en\/animals\/young-animals\/#primaryimage","url":"https:\/\/tierpark-bern.ch\/web\/app\/uploads\/2022\/02\/moschus-tierpark-bern-70.jpg","contentUrl":"https:\/\/tierpark-bern.ch\/web\/app\/uploads\/2022\/02\/moschus-tierpark-bern-70.jpg","width":1500,"height":998,"caption":"Nahaufnahme von einem Moschusochsen"},{"@type":"BreadcrumbList","@id":"https:\/\/tierpark-bern.ch\/en\/animals\/young-animals\/#breadcrumb","itemListElement":[{"@type":"ListItem","position":1,"name":"Home","item":"https:\/\/tierpark-bern.ch\/en\/"},{"@type":"ListItem","position":2,"name":"Nature Conservation &#038; Animals","item":"https:\/\/tierpark-bern.ch\/en\/animals\/"},{"@type":"ListItem","position":3,"name":"Young Animals"}]},{"@type":"WebSite","@id":"https:\/\/tierpark-bern.ch\/en\/#website","url":"https:\/\/tierpark-bern.ch\/en\/","name":"Tierpark Bern","description":"","publisher":{"@id":"https:\/\/tierpark-bern.ch\/en\/#organization"},"potentialAction":[{"@type":"SearchAction","target":{"@type":"EntryPoint","urlTemplate":"https:\/\/tierpark-bern.ch\/en\/?s={search_term_string}"},"query-input":{"@type":"PropertyValueSpecification","valueRequired":true,"valueName":"search_term_string"}}],"inLanguage":"en-US"},{"@type":"Organization","@id":"https:\/\/tierpark-bern.ch\/en\/#organization","name":"Tierpark Bern | D\u00e4hlh\u00f6lzli + B\u00e4renPark","alternateName":"Tierpark Bern","url":"https:\/\/tierpark-bern.ch\/en\/","logo":{"@type":"ImageObject","inLanguage":"en-US","@id":"https:\/\/tierpark-bern.ch\/en\/#\/schema\/logo\/image\/","url":"https:\/\/tierpark-bern.ch\/web\/app\/uploads\/2024\/04\/tierpark-bern-696x696-1.jpg","contentUrl":"https:\/\/tierpark-bern.ch\/web\/app\/uploads\/2024\/04\/tierpark-bern-696x696-1.jpg","width":696,"height":696,"caption":"Tierpark Bern | D\u00e4hlh\u00f6lzli + B\u00e4renPark"},"image":{"@id":"https:\/\/tierpark-bern.ch\/en\/#\/schema\/logo\/image\/"},"sameAs":["https:\/\/www.facebook.com\/tierparkbern\/","https:\/\/x.com\/tierparkbern","https:\/\/www.instagram.com\/tierparkbern\/"]}]}},"_links":{"self":[{"href":"https:\/\/tierpark-bern.ch\/en\/wp-json\/wp\/v2\/pages\/52339","targetHints":{"allow":["GET"]}}],"collection":[{"href":"https:\/\/tierpark-bern.ch\/en\/wp-json\/wp\/v2\/pages"}],"about":[{"href":"https:\/\/tierpark-bern.ch\/en\/wp-json\/wp\/v2\/types\/page"}],"author":[{"embeddable":true,"href":"https:\/\/tierpark-bern.ch\/en\/wp-json\/wp\/v2\/users\/1"}],"replies":[{"embeddable":true,"href":"https:\/\/tierpark-bern.ch\/en\/wp-json\/wp\/v2\/comments?post=52339"}],"version-history":[{"count":0,"href":"https:\/\/tierpark-bern.ch\/en\/wp-json\/wp\/v2\/pages\/52339\/revisions"}],"up":[{"embeddable":true,"href":"https:\/\/tierpark-bern.ch\/en\/wp-json\/wp\/v2\/pages\/51820"}],"wp:featuredmedia":[{"embeddable":true,"href":"https:\/\/tierpark-bern.ch\/en\/wp-json\/wp\/v2\/media\/22882"}],"wp:attachment":[{"href":"https:\/\/tierpark-bern.ch\/en\/wp-json\/wp\/v2\/media?parent=52339"}],"curies":[{"name":"wp","href":"https:\/\/api.w.org\/{rel}","templated":true}]}}