
{"id":52367,"date":"2022-11-03T11:10:31","date_gmt":"2022-11-03T10:10:31","guid":{"rendered":"https:\/\/tierpark-bern.ch\/support\/partner-im-baerenpark\/"},"modified":"2023-02-09T20:42:49","modified_gmt":"2023-02-09T19:42:49","slug":"partner-im-baerenpark","status":"publish","type":"page","link":"https:\/\/tierpark-bern.ch\/en\/support\/partner-im-baerenpark\/","title":{"rendered":"Partner im B\u00e4renPark"},"content":{"rendered":"<div class=\"wpb-content-wrapper\"><p>[vc_row][vc_column][vc_column_text]<\/p>\n<h1>Partner im B\u00e4renPark<\/h1>\n<p>Wir danken unseren Partnern und Sponsoren f\u00fcr die Unterst\u00fctzung im B\u00e4renPark. Dank ihres Engagement konnte der 150 Jahre alte B\u00e4rengraben als nationales Symbol zu einem attraktiven und tiergerechten Begegnungszentrum f\u00fcr Mensch und Tier weiterentwickelt werden. Die Mobiliar unterst\u00fctzte als Presenting Partner (Hauptsponsor) den B\u00e4renPark mit CHF 2,5 Millionen.[\/vc_column_text][\/vc_column][\/vc_row][vc_row][vc_column width=&#8221;1\/2&#8243;][vc_single_image image=&#8221;22312&#8243;][\/vc_column][vc_column width=&#8221;1\/2&#8243;][vc_single_image image=&#8221;22278&#8243;][\/vc_column][\/vc_row][vc_row][vc_column][vc_column_text]<\/p>\n<h2>Presenting Partner<\/h2>\n<p>[\/vc_column_text][\/vc_column][\/vc_row][vc_row el_class=&#8221;community-section&#8221;][vc_column width=&#8221;1\/4&#8243; el_class=&#8221;partner-container&#8221;][vc_row_inner css=&#8221;.vc_custom_1648789105245{padding-top: 10px !important;padding-bottom: 40px !important;}&#8221; el_class=&#8221;partner-logo-section&#8221;][vc_column_inner][vc_single_image image=&#8221;26175&#8243; img_size=&#8221;medium&#8221; onclick=&#8221;custom_link&#8221; img_link_target=&#8221;_blank&#8221;][\/vc_column_inner][\/vc_row_inner][\/vc_column][vc_column width=&#8221;1\/4&#8243;][\/vc_column][vc_column width=&#8221;1\/4&#8243;][\/vc_column][vc_column width=&#8221;1\/4&#8243;][\/vc_column][\/vc_row][vc_row][vc_column][vc_empty_space][\/vc_column][\/vc_row][vc_row][vc_column][vc_column_text]<\/p>\n<h2>Partner<\/h2>\n<p>[\/vc_column_text][\/vc_column][\/vc_row][vc_row el_class=&#8221;community-section&#8221;][vc_column width=&#8221;1\/4&#8243; el_class=&#8221;partner-container&#8221;][vc_row_inner css=&#8221;.vc_custom_1639642474931{padding-top: 10px !important;padding-bottom: 40px !important;}&#8221; el_class=&#8221;partner-logo-section&#8221;][vc_column_inner][vc_single_image image=&#8221;26191&#8243; img_size=&#8221;medium&#8221; onclick=&#8221;custom_link&#8221; img_link_target=&#8221;_blank&#8221;][\/vc_column_inner][\/vc_row_inner][\/vc_column][vc_column width=&#8221;1\/4&#8243; el_class=&#8221;partner-container&#8221;][vc_row_inner css=&#8221;.vc_custom_1639642482074{padding-top: 10px !important;padding-bottom: 40px !important;}&#8221; el_class=&#8221;partner-logo-section&#8221;][vc_column_inner][vc_single_image image=&#8221;26173&#8243; img_size=&#8221;medium&#8221; onclick=&#8221;custom_link&#8221; img_link_target=&#8221;_blank&#8221;][\/vc_column_inner][\/vc_row_inner][\/vc_column][vc_column width=&#8221;1\/4&#8243; el_class=&#8221;partner-container&#8221;][vc_row_inner css=&#8221;.vc_custom_1639642482074{padding-top: 10px !important;padding-bottom: 40px !important;}&#8221; el_class=&#8221;partner-logo-section&#8221;][vc_column_inner][vc_single_image image=&#8221;26205&#8243; img_size=&#8221;medium&#8221; onclick=&#8221;custom_link&#8221; img_link_target=&#8221;_blank&#8221;][\/vc_column_inner][\/vc_row_inner][\/vc_column][vc_column width=&#8221;1\/4&#8243; el_class=&#8221;partner-container&#8221;][vc_row_inner css=&#8221;.vc_custom_1639642482074{padding-top: 10px !important;padding-bottom: 40px !important;}&#8221; el_class=&#8221;partner-logo-section&#8221;][vc_column_inner][vc_single_image image=&#8221;26207&#8243; img_size=&#8221;medium&#8221; onclick=&#8221;custom_link&#8221; img_link_target=&#8221;_blank&#8221;][\/vc_column_inner][\/vc_row_inner][\/vc_column][\/vc_row][vc_row el_class=&#8221;community-section&#8221;][vc_column width=&#8221;1\/4&#8243; el_class=&#8221;partner-container&#8221;][vc_row_inner css=&#8221;.vc_custom_1639642482074{padding-top: 10px !important;padding-bottom: 40px !important;}&#8221; el_class=&#8221;partner-logo-section&#8221;][vc_column_inner][vc_single_image image=&#8221;26199&#8243; img_size=&#8221;medium&#8221; onclick=&#8221;custom_link&#8221; img_link_target=&#8221;_blank&#8221;][\/vc_column_inner][\/vc_row_inner][\/vc_column][vc_column width=&#8221;1\/4&#8243; el_class=&#8221;partner-container&#8221;][vc_row_inner css=&#8221;.vc_custom_1639642482074{padding-top: 10px !important;padding-bottom: 40px !important;}&#8221; el_class=&#8221;partner-logo-section&#8221;][vc_column_inner][vc_single_image image=&#8221;26185&#8243; img_size=&#8221;medium&#8221; onclick=&#8221;custom_link&#8221; img_link_target=&#8221;_blank&#8221;][\/vc_column_inner][\/vc_row_inner][\/vc_column][vc_column width=&#8221;1\/4&#8243;][\/vc_column][vc_column width=&#8221;1\/4&#8243;][\/vc_column][\/vc_row][vc_row][vc_column][vc_empty_space][\/vc_column][\/vc_row][vc_row][vc_column][vc_column_text]<\/p>\n<h2>Donatoren<\/h2>\n<ul class=\"tiere-list-style\">\n<li>Mandelb\u00e4rli<\/li>\n<li>iba B\u00fcroVersand<\/li>\n<li>Gurten Bier<\/li>\n<li>Emch + Berger<\/li>\n<li>Securitas<\/li>\n<li>Pro Patria<\/li>\n<\/ul>\n<p>[\/vc_column_text][\/vc_column][\/vc_row][vc_row][vc_column][vc_empty_space][\/vc_column][\/vc_row][vc_row][vc_column][vc_column_text]<\/p>\n<h2>Supporter Gold<\/h2>\n<ul class=\"tiere-list-style\">\n<li>Migros Bank<\/li>\n<li>Hotelleriesuisse Bern Mittelland<\/li>\n<li>Gastro Stadt Bern und Umgebung<\/li>\n<li>ms bautec<\/li>\n<\/ul>\n<p>[\/vc_column_text][\/vc_column][\/vc_row][vc_row][vc_column][vc_empty_space][\/vc_column][\/vc_row][vc_row][vc_column][vc_column_text]<\/p>\n<h2>Supporter Silver<\/h2>\n<ul class=\"tiere-list-style\">\n<li>Infanteriebataillon 13<\/li>\n<li>coop<\/li>\n<\/ul>\n<p>[\/vc_column_text][\/vc_column][\/vc_row][vc_row][vc_column][vc_column_text]<section class=\"section no-padding-bottom page-suggestion-container\">\n            <div class=\"container\">\n                <div class=\"row bottom-50\">\n                    <div class=\"col-12\">\n                        <div class=\"heading heading--primary heading--center\">\n                            <h2 class=\"heading__title no-margin-bottom\"><span>More Topics<\/span><\/h2>\n                        <\/div>\n                    <\/div>\n                <\/div>\n                <div class=\"row\"><div class=\"col-md-6 col-xl-4 offset-xl-2\">\n                        <div class=\"service-content\" tabindex=\"0\" role=\"link\" onclick=\"suggestionLinkfunction(this);\" data-href=\"https:\/\/tierpark-bern.ch\/en\/about-us\/organisation\/\">\n                            <img decoding=\"async\" src=\"https:\/\/tierpark-bern.ch\/web\/app\/uploads\/2022\/04\/wolf-tierpark-bern-2-2-386x230.jpg\" alt=\"\"\/>\n                                <div class=\"service-desc\">\n                                    <div class=\"vcenter\">\n                                        <div class=\"titel\">Organisation<\/div>\n                                    <\/div>\n                                <\/div>\n                        <\/div>\n                    <\/div><div class=\"col-md-6 col-xl-4 \">\n                        <div class=\"service-content\" tabindex=\"0\" role=\"link\" onclick=\"suggestionLinkfunction(this);\" data-href=\"https:\/\/tierpark-bern.ch\/en\/about-us\/contact-person\/\">\n                            <img decoding=\"async\" src=\"https:\/\/tierpark-bern.ch\/web\/app\/uploads\/2020\/07\/braun-bear-386x230.jpg\" alt=\"\"\/>\n                                <div class=\"service-desc\">\n                                    <div class=\"vcenter\">\n                                        <div class=\"titel\">Contact Person<\/div>\n                                    <\/div>\n                                <\/div>\n                        <\/div>\n                    <\/div><\/div>\n            <\/div>\n        <\/section>[\/vc_column_text][\/vc_column][\/vc_row]<\/p>\n<\/div>","protected":false},"excerpt":{"rendered":"<p>Dank dem Engagement der Sponsoren konnte der alte B\u00e4rengraben zu einem attraktiven und tiergerechten Begegnungszentrum weiterentwickelt werden<\/p>\n","protected":false},"author":1,"featured_media":22159,"parent":52226,"menu_order":0,"comment_status":"closed","ping_status":"closed","template":"","meta":{"_acf_changed":false,"footnotes":""},"class_list":["post-52367","page","type-page","status-publish","has-post-thumbnail","hentry"],"acf":[],"yoast_head":"<title>Partner im B\u00e4renPark | Tierpark Bern<\/title>\n<meta name=\"description\" content=\"Dank dem Engagement der Sponsoren konnte der alte B\u00e4rengraben zu einem attraktiven und tiergerechten Begegnungszentrum weiterentwickelt werden\" \/>\n<meta name=\"robots\" content=\"index, follow, max-snippet:-1, max-image-preview:large, max-video-preview:-1\" \/>\n<link rel=\"canonical\" href=\"https:\/\/tierpark-bern.ch\/en\/support\/partner-im-baerenpark\/\" \/>\n<meta property=\"og:locale\" content=\"en_US\" \/>\n<meta property=\"og:type\" content=\"article\" \/>\n<meta property=\"og:title\" content=\"Partner im B\u00e4renPark | Tierpark Bern\" \/>\n<meta property=\"og:description\" content=\"Dank dem Engagement der Sponsoren konnte der alte B\u00e4rengraben zu einem attraktiven und tiergerechten Begegnungszentrum weiterentwickelt werden\" \/>\n<meta property=\"og:url\" content=\"https:\/\/tierpark-bern.ch\/en\/support\/partner-im-baerenpark\/\" \/>\n<meta property=\"og:site_name\" content=\"Tierpark Bern\" \/>\n<meta property=\"article:publisher\" content=\"https:\/\/www.facebook.com\/tierparkbern\/\" \/>\n<meta property=\"article:modified_time\" content=\"2023-02-09T19:42:49+00:00\" \/>\n<meta property=\"og:image\" content=\"https:\/\/tierpark-bern.ch\/web\/app\/uploads\/2020\/07\/baeren-park-24-bern-schweiz.jpg\" \/>\n\t<meta property=\"og:image:width\" content=\"1500\" \/>\n\t<meta property=\"og:image:height\" content=\"998\" \/>\n\t<meta property=\"og:image:type\" content=\"image\/jpeg\" \/>\n<script type=\"application\/ld+json\" class=\"yoast-schema-graph\">{\"@context\":\"https:\/\/schema.org\",\"@graph\":[{\"@type\":\"WebPage\",\"@id\":\"https:\/\/tierpark-bern.ch\/en\/support\/partner-im-baerenpark\/\",\"url\":\"https:\/\/tierpark-bern.ch\/en\/support\/partner-im-baerenpark\/\",\"name\":\"Partner im B\u00e4renPark | Tierpark Bern\",\"isPartOf\":{\"@id\":\"https:\/\/tierpark-bern.ch\/en\/#website\"},\"primaryImageOfPage\":{\"@id\":\"https:\/\/tierpark-bern.ch\/en\/support\/partner-im-baerenpark\/#primaryimage\"},\"image\":{\"@id\":\"https:\/\/tierpark-bern.ch\/en\/support\/partner-im-baerenpark\/#primaryimage\"},\"thumbnailUrl\":\"https:\/\/tierpark-bern.ch\/web\/app\/uploads\/2020\/07\/baeren-park-24-bern-schweiz.jpg\",\"datePublished\":\"2022-11-03T10:10:31+00:00\",\"dateModified\":\"2023-02-09T19:42:49+00:00\",\"description\":\"Dank dem Engagement der Sponsoren konnte der alte B\u00e4rengraben zu einem attraktiven und tiergerechten Begegnungszentrum weiterentwickelt werden\",\"breadcrumb\":{\"@id\":\"https:\/\/tierpark-bern.ch\/en\/support\/partner-im-baerenpark\/#breadcrumb\"},\"inLanguage\":\"en-US\",\"potentialAction\":[{\"@type\":\"ReadAction\",\"target\":[\"https:\/\/tierpark-bern.ch\/en\/support\/partner-im-baerenpark\/\"]}]},{\"@type\":\"ImageObject\",\"inLanguage\":\"en-US\",\"@id\":\"https:\/\/tierpark-bern.ch\/en\/support\/partner-im-baerenpark\/#primaryimage\",\"url\":\"https:\/\/tierpark-bern.ch\/web\/app\/uploads\/2020\/07\/baeren-park-24-bern-schweiz.jpg\",\"contentUrl\":\"https:\/\/tierpark-bern.ch\/web\/app\/uploads\/2020\/07\/baeren-park-24-bern-schweiz.jpg\",\"width\":1500,\"height\":998},{\"@type\":\"BreadcrumbList\",\"@id\":\"https:\/\/tierpark-bern.ch\/en\/support\/partner-im-baerenpark\/#breadcrumb\",\"itemListElement\":[{\"@type\":\"ListItem\",\"position\":1,\"name\":\"Home\",\"item\":\"https:\/\/tierpark-bern.ch\/en\/\"},{\"@type\":\"ListItem\",\"position\":2,\"name\":\"Support\",\"item\":\"https:\/\/tierpark-bern.ch\/en\/support\/\"},{\"@type\":\"ListItem\",\"position\":3,\"name\":\"Partner im B\u00e4renPark\"}]},{\"@type\":\"WebSite\",\"@id\":\"https:\/\/tierpark-bern.ch\/en\/#website\",\"url\":\"https:\/\/tierpark-bern.ch\/en\/\",\"name\":\"Tierpark Bern\",\"description\":\"\",\"publisher\":{\"@id\":\"https:\/\/tierpark-bern.ch\/en\/#organization\"},\"potentialAction\":[{\"@type\":\"SearchAction\",\"target\":{\"@type\":\"EntryPoint\",\"urlTemplate\":\"https:\/\/tierpark-bern.ch\/en\/?s={search_term_string}\"},\"query-input\":{\"@type\":\"PropertyValueSpecification\",\"valueRequired\":true,\"valueName\":\"search_term_string\"}}],\"inLanguage\":\"en-US\"},{\"@type\":\"Organization\",\"@id\":\"https:\/\/tierpark-bern.ch\/en\/#organization\",\"name\":\"Tierpark Bern | D\u00e4hlh\u00f6lzli + B\u00e4renPark\",\"alternateName\":\"Tierpark Bern\",\"url\":\"https:\/\/tierpark-bern.ch\/en\/\",\"logo\":{\"@type\":\"ImageObject\",\"inLanguage\":\"en-US\",\"@id\":\"https:\/\/tierpark-bern.ch\/en\/#\/schema\/logo\/image\/\",\"url\":\"https:\/\/tierpark-bern.ch\/web\/app\/uploads\/2024\/04\/tierpark-bern-696x696-1.jpg\",\"contentUrl\":\"https:\/\/tierpark-bern.ch\/web\/app\/uploads\/2024\/04\/tierpark-bern-696x696-1.jpg\",\"width\":696,\"height\":696,\"caption\":\"Tierpark Bern | D\u00e4hlh\u00f6lzli + B\u00e4renPark\"},\"image\":{\"@id\":\"https:\/\/tierpark-bern.ch\/en\/#\/schema\/logo\/image\/\"},\"sameAs\":[\"https:\/\/www.facebook.com\/tierparkbern\/\",\"https:\/\/x.com\/tierparkbern\",\"https:\/\/www.instagram.com\/tierparkbern\/\"]}]}<\/script>","yoast_head_json":{"title":"Partner im B\u00e4renPark | Tierpark Bern","description":"Dank dem Engagement der Sponsoren konnte der alte B\u00e4rengraben zu einem attraktiven und tiergerechten Begegnungszentrum weiterentwickelt werden","robots":{"index":"index","follow":"follow","max-snippet":"max-snippet:-1","max-image-preview":"max-image-preview:large","max-video-preview":"max-video-preview:-1"},"canonical":"https:\/\/tierpark-bern.ch\/en\/support\/partner-im-baerenpark\/","og_locale":"en_US","og_type":"article","og_title":"Partner im B\u00e4renPark | Tierpark Bern","og_description":"Dank dem Engagement der Sponsoren konnte der alte B\u00e4rengraben zu einem attraktiven und tiergerechten Begegnungszentrum weiterentwickelt werden","og_url":"https:\/\/tierpark-bern.ch\/en\/support\/partner-im-baerenpark\/","og_site_name":"Tierpark Bern","article_publisher":"https:\/\/www.facebook.com\/tierparkbern\/","article_modified_time":"2023-02-09T19:42:49+00:00","og_image":[{"width":1500,"height":998,"url":"https:\/\/tierpark-bern.ch\/web\/app\/uploads\/2020\/07\/baeren-park-24-bern-schweiz.jpg","type":"image\/jpeg"}],"schema":{"@context":"https:\/\/schema.org","@graph":[{"@type":"WebPage","@id":"https:\/\/tierpark-bern.ch\/en\/support\/partner-im-baerenpark\/","url":"https:\/\/tierpark-bern.ch\/en\/support\/partner-im-baerenpark\/","name":"Partner im B\u00e4renPark | Tierpark Bern","isPartOf":{"@id":"https:\/\/tierpark-bern.ch\/en\/#website"},"primaryImageOfPage":{"@id":"https:\/\/tierpark-bern.ch\/en\/support\/partner-im-baerenpark\/#primaryimage"},"image":{"@id":"https:\/\/tierpark-bern.ch\/en\/support\/partner-im-baerenpark\/#primaryimage"},"thumbnailUrl":"https:\/\/tierpark-bern.ch\/web\/app\/uploads\/2020\/07\/baeren-park-24-bern-schweiz.jpg","datePublished":"2022-11-03T10:10:31+00:00","dateModified":"2023-02-09T19:42:49+00:00","description":"Dank dem Engagement der Sponsoren konnte der alte B\u00e4rengraben zu einem attraktiven und tiergerechten Begegnungszentrum weiterentwickelt werden","breadcrumb":{"@id":"https:\/\/tierpark-bern.ch\/en\/support\/partner-im-baerenpark\/#breadcrumb"},"inLanguage":"en-US","potentialAction":[{"@type":"ReadAction","target":["https:\/\/tierpark-bern.ch\/en\/support\/partner-im-baerenpark\/"]}]},{"@type":"ImageObject","inLanguage":"en-US","@id":"https:\/\/tierpark-bern.ch\/en\/support\/partner-im-baerenpark\/#primaryimage","url":"https:\/\/tierpark-bern.ch\/web\/app\/uploads\/2020\/07\/baeren-park-24-bern-schweiz.jpg","contentUrl":"https:\/\/tierpark-bern.ch\/web\/app\/uploads\/2020\/07\/baeren-park-24-bern-schweiz.jpg","width":1500,"height":998},{"@type":"BreadcrumbList","@id":"https:\/\/tierpark-bern.ch\/en\/support\/partner-im-baerenpark\/#breadcrumb","itemListElement":[{"@type":"ListItem","position":1,"name":"Home","item":"https:\/\/tierpark-bern.ch\/en\/"},{"@type":"ListItem","position":2,"name":"Support","item":"https:\/\/tierpark-bern.ch\/en\/support\/"},{"@type":"ListItem","position":3,"name":"Partner im B\u00e4renPark"}]},{"@type":"WebSite","@id":"https:\/\/tierpark-bern.ch\/en\/#website","url":"https:\/\/tierpark-bern.ch\/en\/","name":"Tierpark Bern","description":"","publisher":{"@id":"https:\/\/tierpark-bern.ch\/en\/#organization"},"potentialAction":[{"@type":"SearchAction","target":{"@type":"EntryPoint","urlTemplate":"https:\/\/tierpark-bern.ch\/en\/?s={search_term_string}"},"query-input":{"@type":"PropertyValueSpecification","valueRequired":true,"valueName":"search_term_string"}}],"inLanguage":"en-US"},{"@type":"Organization","@id":"https:\/\/tierpark-bern.ch\/en\/#organization","name":"Tierpark Bern | D\u00e4hlh\u00f6lzli + B\u00e4renPark","alternateName":"Tierpark Bern","url":"https:\/\/tierpark-bern.ch\/en\/","logo":{"@type":"ImageObject","inLanguage":"en-US","@id":"https:\/\/tierpark-bern.ch\/en\/#\/schema\/logo\/image\/","url":"https:\/\/tierpark-bern.ch\/web\/app\/uploads\/2024\/04\/tierpark-bern-696x696-1.jpg","contentUrl":"https:\/\/tierpark-bern.ch\/web\/app\/uploads\/2024\/04\/tierpark-bern-696x696-1.jpg","width":696,"height":696,"caption":"Tierpark Bern | D\u00e4hlh\u00f6lzli + B\u00e4renPark"},"image":{"@id":"https:\/\/tierpark-bern.ch\/en\/#\/schema\/logo\/image\/"},"sameAs":["https:\/\/www.facebook.com\/tierparkbern\/","https:\/\/x.com\/tierparkbern","https:\/\/www.instagram.com\/tierparkbern\/"]}]}},"_links":{"self":[{"href":"https:\/\/tierpark-bern.ch\/en\/wp-json\/wp\/v2\/pages\/52367","targetHints":{"allow":["GET"]}}],"collection":[{"href":"https:\/\/tierpark-bern.ch\/en\/wp-json\/wp\/v2\/pages"}],"about":[{"href":"https:\/\/tierpark-bern.ch\/en\/wp-json\/wp\/v2\/types\/page"}],"author":[{"embeddable":true,"href":"https:\/\/tierpark-bern.ch\/en\/wp-json\/wp\/v2\/users\/1"}],"replies":[{"embeddable":true,"href":"https:\/\/tierpark-bern.ch\/en\/wp-json\/wp\/v2\/comments?post=52367"}],"version-history":[{"count":0,"href":"https:\/\/tierpark-bern.ch\/en\/wp-json\/wp\/v2\/pages\/52367\/revisions"}],"up":[{"embeddable":true,"href":"https:\/\/tierpark-bern.ch\/en\/wp-json\/wp\/v2\/pages\/52226"}],"wp:featuredmedia":[{"embeddable":true,"href":"https:\/\/tierpark-bern.ch\/en\/wp-json\/wp\/v2\/media\/22159"}],"wp:attachment":[{"href":"https:\/\/tierpark-bern.ch\/en\/wp-json\/wp\/v2\/media?parent=52367"}],"curies":[{"name":"wp","href":"https:\/\/api.w.org\/{rel}","templated":true}]}}