
{"id":52373,"date":"2022-02-01T13:48:14","date_gmt":"2022-02-01T12:48:14","guid":{"rendered":"https:\/\/tierpark-bern.ch\/seite-in-leichter-sprache\/"},"modified":"2023-02-20T16:39:36","modified_gmt":"2023-02-20T15:39:36","slug":"our-website-in-plain-language","status":"publish","type":"page","link":"https:\/\/tierpark-bern.ch\/en\/our-website-in-plain-language\/","title":{"rendered":"Our website in plain language"},"content":{"rendered":"<div class=\"wpb-content-wrapper\"><p>[vc_row][vc_column][vc_column_text]<\/p>\n<h1>Our website in plain language<\/h1>\n<p>[\/vc_column_text][\/vc_column][\/vc_row][vc_row][vc_column][vc_column_text]<\/p>\n<h2>What is the Bern Animal Park?<\/h2>\n<p>Welcome to the website in plain language!<br \/>\nHere you will find information about the Bern Animal Park.<br \/>\nThe Bern Animal Park consists of two locations.<br \/>\nThe D\u00e4hlh\u00f6lzli Zoo and the BearPark.<br \/>\nAnimals live in both places.<\/p>\n<h2>What is the D\u00e4hlh\u00f6lzli Zoo?<\/h2>\n<p>The D\u00e4hlh\u00f6lzli Zoo is a zoo.<br \/>\nMany large and small animals live in the zoo.<\/p>\n<h2>What can I experience at D\u00e4hlh\u00f6lzli Zoo?<\/h2>\n<p>You can look at animals at D\u00e4hlh\u00f6lzli Zoo.<br \/>\nYou can learn a lot about animals at the zoo.<br \/>\nYou can grill sausages and relax.<br \/>\nYou can watch how animals get food.<\/p>\n<h2>Where did the D\u00e4hlh\u00f6lzli Zoo get its name?<\/h2>\n<p>The D\u00e4hlh\u00f6lzli Zoo is in a forest in Bern.<br \/>\nThis forest is called the D\u00e4hlh\u00f6lzli Forest.<br \/>\nD\u00e4hle is another word for Scots pine.<br \/>\nThe Scots pine is a coniferous tree in the forest.<\/p>\n<h2>How do I get to the D\u00e4hlh\u00f6lzli Zoo?<\/h2>\n<p>Take the bus from Bern main station.<br \/>\nGet on the bus with the number 19.<br \/>\nThe bus must say that it is going to Elfenau.<br \/>\nIf you need help, ask the bus driver, he will help you.<br \/>\nGet off at the bus stop called Tierpark.<br \/>\nFrom the bus stop you have to walk to the D\u00e4hlh\u00f6lzli Zoo.<br \/>\nWhen you reach the forest, look for three eagle owls.<br \/>\nAt the three eagle owls you will see a sign that will help you to find The D\u00e4hlh\u00f6lzli Zoo.<\/p>\n<h2>What is the BearPark?<\/h2>\n<p>Three bears live in the BearPark.<br \/>\nThe three bears are called Finn, Bj\u00f6rk and Ursina.<\/p>\n<h2>What can I experience at the BearPark?<\/h2>\n<p>You can watch the three bears playing, eating, climbing and swimming.<br \/>\nIn winter, the bears sleep.<\/p>\n<h2>How do I get to the BearPark?<\/h2>\n<p>At Bern main station, take the number 12 bus.<br \/>\nWhich must be marked &#8220;Zentrum Paul Klee \/ Schosshalde&#8221;.<br \/>\nTake the bus to the bus stop &#8220;B\u00e4renPark&#8221;.<br \/>\nThe bus stop &#8220;B\u00e4renPark&#8221; is right next to the BearPark.[\/vc_column_text][\/vc_column][\/vc_row]<\/p>\n<\/div>","protected":false},"excerpt":{"rendered":"<p>[vc_row][vc_column][vc_column_text] Our website in plain language [\/vc_column_text][\/vc_column][\/vc_row][vc_row][vc_column][vc_column_text] What is the Bern Animal Park? Welcome to the website in plain language! Here you will find information about the Bern Animal Park. The Bern Animal Park consists of two locations. The D\u00e4hlh\u00f6lzli Zoo and the BearPark. Animals live in both places. What is the D\u00e4hlh\u00f6lzli Zoo? The [&hellip;]<\/p>\n","protected":false},"author":1,"featured_media":24480,"parent":0,"menu_order":0,"comment_status":"closed","ping_status":"closed","template":"","meta":{"_acf_changed":false,"footnotes":""},"class_list":["post-52373","page","type-page","status-publish","has-post-thumbnail","hentry"],"acf":[],"yoast_head":"<title>Our website in plain language | Tierpark Bern<\/title>\n<meta name=\"description\" content=\"Leichte Sprache ist eine speziell geregelte einfache Sprache. Die sprachliche Ausdrucksweise zielt dabei auf die besonders leichte Verst\u00e4ndlichkeit.\" \/>\n<meta name=\"robots\" content=\"index, follow, max-snippet:-1, max-image-preview:large, max-video-preview:-1\" \/>\n<link rel=\"canonical\" href=\"https:\/\/tierpark-bern.ch\/en\/our-website-in-plain-language\/\" \/>\n<meta property=\"og:locale\" content=\"en_US\" \/>\n<meta property=\"og:type\" content=\"article\" \/>\n<meta property=\"og:title\" content=\"Our website in plain language | Tierpark Bern\" \/>\n<meta property=\"og:description\" content=\"Leichte Sprache ist eine speziell geregelte einfache Sprache. Die sprachliche Ausdrucksweise zielt dabei auf die besonders leichte Verst\u00e4ndlichkeit.\" \/>\n<meta property=\"og:url\" content=\"https:\/\/tierpark-bern.ch\/en\/our-website-in-plain-language\/\" \/>\n<meta property=\"og:site_name\" content=\"Tierpark Bern\" \/>\n<meta property=\"article:publisher\" content=\"https:\/\/www.facebook.com\/tierparkbern\/\" \/>\n<meta property=\"article:modified_time\" content=\"2023-02-20T15:39:36+00:00\" \/>\n<meta property=\"og:image\" content=\"https:\/\/tierpark-bern.ch\/web\/app\/uploads\/2020\/07\/Weisse-Nymphe-3-tierpark-bern.jpg\" \/>\n\t<meta property=\"og:image:width\" content=\"1500\" \/>\n\t<meta property=\"og:image:height\" content=\"998\" \/>\n\t<meta property=\"og:image:type\" content=\"image\/jpeg\" \/>\n<script type=\"application\/ld+json\" class=\"yoast-schema-graph\">{\"@context\":\"https:\/\/schema.org\",\"@graph\":[{\"@type\":\"WebPage\",\"@id\":\"https:\/\/tierpark-bern.ch\/en\/our-website-in-plain-language\/\",\"url\":\"https:\/\/tierpark-bern.ch\/en\/our-website-in-plain-language\/\",\"name\":\"Our website in plain language | Tierpark Bern\",\"isPartOf\":{\"@id\":\"https:\/\/tierpark-bern.ch\/en\/#website\"},\"primaryImageOfPage\":{\"@id\":\"https:\/\/tierpark-bern.ch\/en\/our-website-in-plain-language\/#primaryimage\"},\"image\":{\"@id\":\"https:\/\/tierpark-bern.ch\/en\/our-website-in-plain-language\/#primaryimage\"},\"thumbnailUrl\":\"https:\/\/tierpark-bern.ch\/web\/app\/uploads\/2020\/07\/Weisse-Nymphe-3-tierpark-bern.jpg\",\"datePublished\":\"2022-02-01T12:48:14+00:00\",\"dateModified\":\"2023-02-20T15:39:36+00:00\",\"description\":\"Leichte Sprache ist eine speziell geregelte einfache Sprache. Die sprachliche Ausdrucksweise zielt dabei auf die besonders leichte Verst\u00e4ndlichkeit.\",\"breadcrumb\":{\"@id\":\"https:\/\/tierpark-bern.ch\/en\/our-website-in-plain-language\/#breadcrumb\"},\"inLanguage\":\"en-US\",\"potentialAction\":[{\"@type\":\"ReadAction\",\"target\":[\"https:\/\/tierpark-bern.ch\/en\/our-website-in-plain-language\/\"]}]},{\"@type\":\"ImageObject\",\"inLanguage\":\"en-US\",\"@id\":\"https:\/\/tierpark-bern.ch\/en\/our-website-in-plain-language\/#primaryimage\",\"url\":\"https:\/\/tierpark-bern.ch\/web\/app\/uploads\/2020\/07\/Weisse-Nymphe-3-tierpark-bern.jpg\",\"contentUrl\":\"https:\/\/tierpark-bern.ch\/web\/app\/uploads\/2020\/07\/Weisse-Nymphe-3-tierpark-bern.jpg\",\"width\":1500,\"height\":998},{\"@type\":\"BreadcrumbList\",\"@id\":\"https:\/\/tierpark-bern.ch\/en\/our-website-in-plain-language\/#breadcrumb\",\"itemListElement\":[{\"@type\":\"ListItem\",\"position\":1,\"name\":\"Home\",\"item\":\"https:\/\/tierpark-bern.ch\/en\/\"},{\"@type\":\"ListItem\",\"position\":2,\"name\":\"Our website in plain language\"}]},{\"@type\":\"WebSite\",\"@id\":\"https:\/\/tierpark-bern.ch\/en\/#website\",\"url\":\"https:\/\/tierpark-bern.ch\/en\/\",\"name\":\"Tierpark Bern\",\"description\":\"\",\"publisher\":{\"@id\":\"https:\/\/tierpark-bern.ch\/en\/#organization\"},\"potentialAction\":[{\"@type\":\"SearchAction\",\"target\":{\"@type\":\"EntryPoint\",\"urlTemplate\":\"https:\/\/tierpark-bern.ch\/en\/?s={search_term_string}\"},\"query-input\":{\"@type\":\"PropertyValueSpecification\",\"valueRequired\":true,\"valueName\":\"search_term_string\"}}],\"inLanguage\":\"en-US\"},{\"@type\":\"Organization\",\"@id\":\"https:\/\/tierpark-bern.ch\/en\/#organization\",\"name\":\"Tierpark Bern | D\u00e4hlh\u00f6lzli + B\u00e4renPark\",\"alternateName\":\"Tierpark Bern\",\"url\":\"https:\/\/tierpark-bern.ch\/en\/\",\"logo\":{\"@type\":\"ImageObject\",\"inLanguage\":\"en-US\",\"@id\":\"https:\/\/tierpark-bern.ch\/en\/#\/schema\/logo\/image\/\",\"url\":\"https:\/\/tierpark-bern.ch\/web\/app\/uploads\/2024\/04\/tierpark-bern-696x696-1.jpg\",\"contentUrl\":\"https:\/\/tierpark-bern.ch\/web\/app\/uploads\/2024\/04\/tierpark-bern-696x696-1.jpg\",\"width\":696,\"height\":696,\"caption\":\"Tierpark Bern | D\u00e4hlh\u00f6lzli + B\u00e4renPark\"},\"image\":{\"@id\":\"https:\/\/tierpark-bern.ch\/en\/#\/schema\/logo\/image\/\"},\"sameAs\":[\"https:\/\/www.facebook.com\/tierparkbern\/\",\"https:\/\/x.com\/tierparkbern\",\"https:\/\/www.instagram.com\/tierparkbern\/\"]}]}<\/script>","yoast_head_json":{"title":"Our website in plain language | Tierpark Bern","description":"Leichte Sprache ist eine speziell geregelte einfache Sprache. Die sprachliche Ausdrucksweise zielt dabei auf die besonders leichte Verst\u00e4ndlichkeit.","robots":{"index":"index","follow":"follow","max-snippet":"max-snippet:-1","max-image-preview":"max-image-preview:large","max-video-preview":"max-video-preview:-1"},"canonical":"https:\/\/tierpark-bern.ch\/en\/our-website-in-plain-language\/","og_locale":"en_US","og_type":"article","og_title":"Our website in plain language | Tierpark Bern","og_description":"Leichte Sprache ist eine speziell geregelte einfache Sprache. Die sprachliche Ausdrucksweise zielt dabei auf die besonders leichte Verst\u00e4ndlichkeit.","og_url":"https:\/\/tierpark-bern.ch\/en\/our-website-in-plain-language\/","og_site_name":"Tierpark Bern","article_publisher":"https:\/\/www.facebook.com\/tierparkbern\/","article_modified_time":"2023-02-20T15:39:36+00:00","og_image":[{"width":1500,"height":998,"url":"https:\/\/tierpark-bern.ch\/web\/app\/uploads\/2020\/07\/Weisse-Nymphe-3-tierpark-bern.jpg","type":"image\/jpeg"}],"schema":{"@context":"https:\/\/schema.org","@graph":[{"@type":"WebPage","@id":"https:\/\/tierpark-bern.ch\/en\/our-website-in-plain-language\/","url":"https:\/\/tierpark-bern.ch\/en\/our-website-in-plain-language\/","name":"Our website in plain language | Tierpark Bern","isPartOf":{"@id":"https:\/\/tierpark-bern.ch\/en\/#website"},"primaryImageOfPage":{"@id":"https:\/\/tierpark-bern.ch\/en\/our-website-in-plain-language\/#primaryimage"},"image":{"@id":"https:\/\/tierpark-bern.ch\/en\/our-website-in-plain-language\/#primaryimage"},"thumbnailUrl":"https:\/\/tierpark-bern.ch\/web\/app\/uploads\/2020\/07\/Weisse-Nymphe-3-tierpark-bern.jpg","datePublished":"2022-02-01T12:48:14+00:00","dateModified":"2023-02-20T15:39:36+00:00","description":"Leichte Sprache ist eine speziell geregelte einfache Sprache. Die sprachliche Ausdrucksweise zielt dabei auf die besonders leichte Verst\u00e4ndlichkeit.","breadcrumb":{"@id":"https:\/\/tierpark-bern.ch\/en\/our-website-in-plain-language\/#breadcrumb"},"inLanguage":"en-US","potentialAction":[{"@type":"ReadAction","target":["https:\/\/tierpark-bern.ch\/en\/our-website-in-plain-language\/"]}]},{"@type":"ImageObject","inLanguage":"en-US","@id":"https:\/\/tierpark-bern.ch\/en\/our-website-in-plain-language\/#primaryimage","url":"https:\/\/tierpark-bern.ch\/web\/app\/uploads\/2020\/07\/Weisse-Nymphe-3-tierpark-bern.jpg","contentUrl":"https:\/\/tierpark-bern.ch\/web\/app\/uploads\/2020\/07\/Weisse-Nymphe-3-tierpark-bern.jpg","width":1500,"height":998},{"@type":"BreadcrumbList","@id":"https:\/\/tierpark-bern.ch\/en\/our-website-in-plain-language\/#breadcrumb","itemListElement":[{"@type":"ListItem","position":1,"name":"Home","item":"https:\/\/tierpark-bern.ch\/en\/"},{"@type":"ListItem","position":2,"name":"Our website in plain language"}]},{"@type":"WebSite","@id":"https:\/\/tierpark-bern.ch\/en\/#website","url":"https:\/\/tierpark-bern.ch\/en\/","name":"Tierpark Bern","description":"","publisher":{"@id":"https:\/\/tierpark-bern.ch\/en\/#organization"},"potentialAction":[{"@type":"SearchAction","target":{"@type":"EntryPoint","urlTemplate":"https:\/\/tierpark-bern.ch\/en\/?s={search_term_string}"},"query-input":{"@type":"PropertyValueSpecification","valueRequired":true,"valueName":"search_term_string"}}],"inLanguage":"en-US"},{"@type":"Organization","@id":"https:\/\/tierpark-bern.ch\/en\/#organization","name":"Tierpark Bern | D\u00e4hlh\u00f6lzli + B\u00e4renPark","alternateName":"Tierpark Bern","url":"https:\/\/tierpark-bern.ch\/en\/","logo":{"@type":"ImageObject","inLanguage":"en-US","@id":"https:\/\/tierpark-bern.ch\/en\/#\/schema\/logo\/image\/","url":"https:\/\/tierpark-bern.ch\/web\/app\/uploads\/2024\/04\/tierpark-bern-696x696-1.jpg","contentUrl":"https:\/\/tierpark-bern.ch\/web\/app\/uploads\/2024\/04\/tierpark-bern-696x696-1.jpg","width":696,"height":696,"caption":"Tierpark Bern | D\u00e4hlh\u00f6lzli + B\u00e4renPark"},"image":{"@id":"https:\/\/tierpark-bern.ch\/en\/#\/schema\/logo\/image\/"},"sameAs":["https:\/\/www.facebook.com\/tierparkbern\/","https:\/\/x.com\/tierparkbern","https:\/\/www.instagram.com\/tierparkbern\/"]}]}},"_links":{"self":[{"href":"https:\/\/tierpark-bern.ch\/en\/wp-json\/wp\/v2\/pages\/52373","targetHints":{"allow":["GET"]}}],"collection":[{"href":"https:\/\/tierpark-bern.ch\/en\/wp-json\/wp\/v2\/pages"}],"about":[{"href":"https:\/\/tierpark-bern.ch\/en\/wp-json\/wp\/v2\/types\/page"}],"author":[{"embeddable":true,"href":"https:\/\/tierpark-bern.ch\/en\/wp-json\/wp\/v2\/users\/1"}],"replies":[{"embeddable":true,"href":"https:\/\/tierpark-bern.ch\/en\/wp-json\/wp\/v2\/comments?post=52373"}],"version-history":[{"count":0,"href":"https:\/\/tierpark-bern.ch\/en\/wp-json\/wp\/v2\/pages\/52373\/revisions"}],"wp:featuredmedia":[{"embeddable":true,"href":"https:\/\/tierpark-bern.ch\/en\/wp-json\/wp\/v2\/media\/24480"}],"wp:attachment":[{"href":"https:\/\/tierpark-bern.ch\/en\/wp-json\/wp\/v2\/media?parent=52373"}],"curies":[{"name":"wp","href":"https:\/\/api.w.org\/{rel}","templated":true}]}}