
{"id":52374,"date":"2021-12-20T22:49:27","date_gmt":"2021-12-20T21:49:27","guid":{"rendered":"https:\/\/tierpark-bern.ch\/animals\/stadttauben\/"},"modified":"2024-02-20T15:48:28","modified_gmt":"2024-02-20T14:48:28","slug":"city-pigeons","status":"publish","type":"page","link":"https:\/\/tierpark-bern.ch\/en\/animals\/city-pigeons\/","title":{"rendered":"City pigeons in Bern"},"content":{"rendered":"<div class=\"wpb-content-wrapper\"><p>[vc_row][vc_column][vc_column_text]<\/p>\n<h1>City pigeons in Bern<\/h1>\n<p>The city of Bern aims for a small but healthy pigeon population.[\/vc_column_text][vc_column_text]<\/p>\n<h2>History<\/h2>\n<p>In the 1980s and 1990s, the city of Bern experienced a pigeon plague, with over 10,000 pigeons populating the settlement area of the city. As a result, a pigeon management was established that has had a positive effect: the pigeon population today still comprises around 1500 birds. The pigeon father, who had taken care of the city pigeons for more than 20 years with the support of the Bernese district police, gave up his work in spring 2011 due to old age.<\/p>\n<h2>A new pigeon concept<\/h2>\n<p>Pigeon control will be maintained. In December 2010, the Bern City Council decided to transfer responsibility for pigeon control to the Directorate for Safety, Environment and Energy and thus to D\u00e4hlh\u00f6lzli Zoo. A newly elaborated pigeon concept regulates the care, supervision and management of the pigeons, but it also names the contact points for the population in &#8216;pigeon questions&#8217;.[\/vc_column_text][vc_column_text]<a class=\"button button--primary button--tierpark\" href=\"https:\/\/tierpark-bern.ch\/web\/app\/uploads\/2020\/08\/Taubenkonzept_November_2016.pdf\" target=\"_blank\" rel=\"noopener\">Pigeon concept of the city of Bern from November 2016 (PDF, 205 KB, only in German)<\/a>[\/vc_column_text][\/vc_column][\/vc_row][vc_row][vc_column width=&#8221;1\/2&#8243;][vc_single_image image=&#8221;17465&#8243; img_size=&#8221;570&#215;410&#8243; add_caption=&#8221;yes&#8221; el_class=&#8221;article-image&#8221;][\/vc_column][vc_column width=&#8221;1\/2&#8243;][vc_single_image image=&#8221;17468&#8243; img_size=&#8221;570&#215;410&#8243; add_caption=&#8221;yes&#8221; el_class=&#8221;article-image&#8221;][\/vc_column][\/vc_row][vc_row css=&#8221;.vc_custom_1640095637313{padding-top: 15px !important;}&#8221;][vc_column][vc_column_text]<\/p>\n<h2><strong>On the biology of the urban pigeon<\/strong><\/h2>\n<p>[\/vc_column_text][\/vc_column][\/vc_row][vc_row][vc_column][vc_tta_accordion shape=&#8221;square&#8221; gap=&#8221;15&#8243; c_position=&#8221;right&#8221; active_section=&#8221;-1&#8243; collapsible_all=&#8221;true&#8221; el_class=&#8221;tauben-biologie-accordion&#8221;][vc_tta_section title=&#8221;Origin&#8221; tab_id=&#8221;1638892451312-9d8efd25-152d&#8221; el_class=&#8221;tauben-biologie&#8221;][vc_column_text]The urban pigeon is descended from the rock pigeon (Columba livia). The rock pigeon was captured by humans, bred into a domestic pigeon and released into the wild as such. While the rock pigeon is threatened with extinction in declining populations, the urban pigeon has become a problem in many places.<\/p>\n<p>What the rock doves found in the cliffs of the Mediterranean, the city doves find in the buildings of today&#8217;s cities all over the world. Here they find everything they need to live: Food and protected nesting sites.[\/vc_column_text][\/vc_tta_section][vc_tta_section title=&#8221;Nutrition&#8221; tab_id=&#8221;1637624979076-2d623d33-7808&#8243;][vc_column_text]The food spectrum of the rock pigeon ranges from seeds and buds to berries, insects and worms and is thus so broad that urban pigeons are very flexible in dealing with the food supply of cities and can easily feed on human waste or the food often offered.[\/vc_column_text][\/vc_tta_section][vc_tta_section title=&#8221;Reproduction&#8221; tab_id=&#8221;1637624947574-08e4907a-f6aa&#8221;][vc_column_text]Pigeons are capable of reproduction at the age of 6 months. Usually a pair of pigeons lives in lifelong monogamy. The male attracts his female to nest on ledges, crevices and caves (or ledges, crawlspaces and the inside of buildings). The partners build the nest together.<\/p>\n<p>A clutch usually consists of two eggs, which are incubated by both partners for 18 days. Nestlings are hooted and fed crop milk by both parents. At 25 days they leave the nest, at 30 days the young are able to fly and shortly afterwards they are independent. A pair can raise several broods per year.[\/vc_column_text][\/vc_tta_section][vc_tta_section title=&#8221;Life expectancy&#8221; tab_id=&#8221;1637624947567-3de73722-86bd&#8221;][vc_column_text]Rock pigeons live 10 &#8211; 15 years, urban pigeons 2 &#8211; 3 years.[\/vc_column_text][\/vc_tta_section][vc_tta_section title=&#8221;Problems with urban pigeons&#8221; tab_id=&#8221;1638892587397-a2eef0bb-3edf&#8221;][vc_column_text]Large accumulations of pigeons in places where they are fed undesirably. This can lead to noise pollution, soiling by pigeon droppings or uncontrolled breeding.[\/vc_column_text][\/vc_tta_section][vc_tta_section title=&#8221;Control of urban pigeon populations&#8221; tab_id=&#8221;1638892674659-58136314-3e1d&#8221;][vc_column_text]In many cities, the measures range from feeding bans, mechanical repellents such as nets, needles or wires as landing obstacles, to shooting, to active hunting by falconers. In Bern, the male pigeons are sterilised and the fertilised eggs are exchanged for artificial eggs in the pigeon lofts.[\/vc_column_text][\/vc_tta_section][\/vc_tta_accordion][vc_empty_space][\/vc_column][\/vc_row][vc_row][vc_column width=&#8221;1\/2&#8243;][vc_single_image image=&#8221;17472&#8243; img_size=&#8221;570&#215;410&#8243; add_caption=&#8221;yes&#8221; el_class=&#8221;article-image&#8221;][\/vc_column][vc_column width=&#8221;1\/2&#8243;][vc_single_image image=&#8221;17475&#8243; img_size=&#8221;570&#215;410&#8243; add_caption=&#8221;yes&#8221; el_class=&#8221;article-image&#8221;][\/vc_column][\/vc_row][vc_row][vc_column][vc_empty_space][vc_column_text]<div class=\"faq-section top-20\">\n                <div class=\"row\">\n                    <div class=\"col-12\"><\/div>\n                <\/div>\n            <\/div>[\/vc_column_text][\/vc_column][\/vc_row][vc_row][vc_column][vc_column_text]<section class=\"section no-padding-bottom page-suggestion-container\">\n            <div class=\"container\">\n                <div class=\"row bottom-50\">\n                    <div class=\"col-12\">\n                        <div class=\"heading heading--primary heading--center\">\n                            <h2 class=\"heading__title no-margin-bottom\"><span>More Topics<\/span><\/h2>\n                        <\/div>\n                    <\/div>\n                <\/div>\n                <div class=\"row\"><div class=\"col-md-6 col-xl-4 \">\n                        <div class=\"service-content\" tabindex=\"0\" role=\"link\" onclick=\"suggestionLinkfunction(this);\" data-href=\"https:\/\/tierpark-bern.ch\/en\/animals\/zoo-encyclopedia\/\">\n                            <img decoding=\"async\" src=\"https:\/\/tierpark-bern.ch\/web\/app\/uploads\/2020\/07\/sumpfschildkroete-auswilderung-tierpark-bern-2-386x230.jpg\" alt=\"\"\/>\n                                <div class=\"service-desc\">\n                                    <div class=\"vcenter\">\n                                        <div class=\"titel\">Zoo Encyclopedia<\/div>\n                                    <\/div>\n                                <\/div>\n                        <\/div>\n                    <\/div><div class=\"col-md-6 col-xl-4 \">\n                        <div class=\"service-content\" tabindex=\"0\" role=\"link\" onclick=\"suggestionLinkfunction(this);\" data-href=\"https:\/\/tierpark-bern.ch\/en\/animals\/protection-of-species\/\">\n                            <img decoding=\"async\" src=\"https:\/\/tierpark-bern.ch\/web\/app\/uploads\/2022\/02\/steinkauz-386x230.jpg\" alt=\"\"\/>\n                                <div class=\"service-desc\">\n                                    <div class=\"vcenter\">\n                                        <div class=\"titel\">Protection of species<\/div>\n                                    <\/div>\n                                <\/div>\n                        <\/div>\n                    <\/div><div class=\"col-md-6 col-xl-4 \">\n                        <div class=\"service-content\" tabindex=\"0\" role=\"link\" onclick=\"suggestionLinkfunction(this);\" data-href=\"https:\/\/tierpark-bern.ch\/en\/animals\/nature-conservation\/\">\n                            <img decoding=\"async\" src=\"https:\/\/tierpark-bern.ch\/web\/app\/uploads\/2021\/08\/frosche_kroten_molche_bergmolche_peter_schlup_004_website-386x230.jpg\" alt=\"\"\/>\n                                <div class=\"service-desc\">\n                                    <div class=\"vcenter\">\n                                        <div class=\"titel\">Nature conservation<\/div>\n                                    <\/div>\n                                <\/div>\n                        <\/div>\n                    <\/div><\/div>\n            <\/div>\n        <\/section>[\/vc_column_text][\/vc_column][\/vc_row]<\/p>\n<\/div>","protected":false},"excerpt":{"rendered":"<p>The city of Bern aims for a small but healthy pigeon population.<\/p>\n","protected":false},"author":1,"featured_media":24732,"parent":51820,"menu_order":0,"comment_status":"closed","ping_status":"closed","template":"","meta":{"_acf_changed":false,"footnotes":""},"class_list":["post-52374","page","type-page","status-publish","has-post-thumbnail","hentry"],"acf":[],"yoast_head":"<title>City pigeons in Bern | Tierpark Bern<\/title>\n<meta name=\"description\" content=\"The city of Bern aims for a small but healthy pigeon population. If you have any questions about the city pigeons, you can contact Tauben Bern.\" \/>\n<meta name=\"robots\" content=\"index, follow, max-snippet:-1, max-image-preview:large, max-video-preview:-1\" \/>\n<link rel=\"canonical\" href=\"https:\/\/tierpark-bern.ch\/en\/animals\/city-pigeons\/\" \/>\n<meta property=\"og:locale\" content=\"en_US\" \/>\n<meta property=\"og:type\" content=\"article\" \/>\n<meta property=\"og:title\" content=\"City pigeons in Bern | Tierpark Bern\" \/>\n<meta property=\"og:description\" content=\"The city of Bern aims for a small but healthy pigeon population. If you have any questions about the city pigeons, you can contact Tauben Bern.\" \/>\n<meta property=\"og:url\" content=\"https:\/\/tierpark-bern.ch\/en\/animals\/city-pigeons\/\" \/>\n<meta property=\"og:site_name\" content=\"Tierpark Bern\" \/>\n<meta property=\"article:publisher\" content=\"https:\/\/www.facebook.com\/tierparkbern\/\" \/>\n<meta property=\"article:modified_time\" content=\"2024-02-20T14:48:28+00:00\" \/>\n<meta property=\"og:image\" content=\"https:\/\/tierpark-bern.ch\/web\/app\/uploads\/2022\/03\/Columba-livia-2.jpg\" \/>\n\t<meta property=\"og:image:width\" content=\"1500\" \/>\n\t<meta property=\"og:image:height\" content=\"998\" \/>\n\t<meta property=\"og:image:type\" content=\"image\/jpeg\" \/>\n<script type=\"application\/ld+json\" class=\"yoast-schema-graph\">{\"@context\":\"https:\/\/schema.org\",\"@graph\":[{\"@type\":\"WebPage\",\"@id\":\"https:\/\/tierpark-bern.ch\/en\/animals\/city-pigeons\/\",\"url\":\"https:\/\/tierpark-bern.ch\/en\/animals\/city-pigeons\/\",\"name\":\"City pigeons in Bern | Tierpark Bern\",\"isPartOf\":{\"@id\":\"https:\/\/tierpark-bern.ch\/en\/#website\"},\"primaryImageOfPage\":{\"@id\":\"https:\/\/tierpark-bern.ch\/en\/animals\/city-pigeons\/#primaryimage\"},\"image\":{\"@id\":\"https:\/\/tierpark-bern.ch\/en\/animals\/city-pigeons\/#primaryimage\"},\"thumbnailUrl\":\"https:\/\/tierpark-bern.ch\/web\/app\/uploads\/2022\/03\/Columba-livia-2.jpg\",\"datePublished\":\"2021-12-20T21:49:27+00:00\",\"dateModified\":\"2024-02-20T14:48:28+00:00\",\"description\":\"The city of Bern aims for a small but healthy pigeon population. If you have any questions about the city pigeons, you can contact Tauben Bern.\",\"breadcrumb\":{\"@id\":\"https:\/\/tierpark-bern.ch\/en\/animals\/city-pigeons\/#breadcrumb\"},\"inLanguage\":\"en-US\",\"potentialAction\":[{\"@type\":\"ReadAction\",\"target\":[\"https:\/\/tierpark-bern.ch\/en\/animals\/city-pigeons\/\"]}]},{\"@type\":\"ImageObject\",\"inLanguage\":\"en-US\",\"@id\":\"https:\/\/tierpark-bern.ch\/en\/animals\/city-pigeons\/#primaryimage\",\"url\":\"https:\/\/tierpark-bern.ch\/web\/app\/uploads\/2022\/03\/Columba-livia-2.jpg\",\"contentUrl\":\"https:\/\/tierpark-bern.ch\/web\/app\/uploads\/2022\/03\/Columba-livia-2.jpg\",\"width\":1500,\"height\":998},{\"@type\":\"BreadcrumbList\",\"@id\":\"https:\/\/tierpark-bern.ch\/en\/animals\/city-pigeons\/#breadcrumb\",\"itemListElement\":[{\"@type\":\"ListItem\",\"position\":1,\"name\":\"Home\",\"item\":\"https:\/\/tierpark-bern.ch\/en\/\"},{\"@type\":\"ListItem\",\"position\":2,\"name\":\"Nature Conservation &#038; Animals\",\"item\":\"https:\/\/tierpark-bern.ch\/en\/animals\/\"},{\"@type\":\"ListItem\",\"position\":3,\"name\":\"City pigeons in Bern\"}]},{\"@type\":\"WebSite\",\"@id\":\"https:\/\/tierpark-bern.ch\/en\/#website\",\"url\":\"https:\/\/tierpark-bern.ch\/en\/\",\"name\":\"Tierpark Bern\",\"description\":\"\",\"publisher\":{\"@id\":\"https:\/\/tierpark-bern.ch\/en\/#organization\"},\"potentialAction\":[{\"@type\":\"SearchAction\",\"target\":{\"@type\":\"EntryPoint\",\"urlTemplate\":\"https:\/\/tierpark-bern.ch\/en\/?s={search_term_string}\"},\"query-input\":{\"@type\":\"PropertyValueSpecification\",\"valueRequired\":true,\"valueName\":\"search_term_string\"}}],\"inLanguage\":\"en-US\"},{\"@type\":\"Organization\",\"@id\":\"https:\/\/tierpark-bern.ch\/en\/#organization\",\"name\":\"Tierpark Bern | D\u00e4hlh\u00f6lzli + B\u00e4renPark\",\"alternateName\":\"Tierpark Bern\",\"url\":\"https:\/\/tierpark-bern.ch\/en\/\",\"logo\":{\"@type\":\"ImageObject\",\"inLanguage\":\"en-US\",\"@id\":\"https:\/\/tierpark-bern.ch\/en\/#\/schema\/logo\/image\/\",\"url\":\"https:\/\/tierpark-bern.ch\/web\/app\/uploads\/2024\/04\/tierpark-bern-696x696-1.jpg\",\"contentUrl\":\"https:\/\/tierpark-bern.ch\/web\/app\/uploads\/2024\/04\/tierpark-bern-696x696-1.jpg\",\"width\":696,\"height\":696,\"caption\":\"Tierpark Bern | D\u00e4hlh\u00f6lzli + B\u00e4renPark\"},\"image\":{\"@id\":\"https:\/\/tierpark-bern.ch\/en\/#\/schema\/logo\/image\/\"},\"sameAs\":[\"https:\/\/www.facebook.com\/tierparkbern\/\",\"https:\/\/x.com\/tierparkbern\",\"https:\/\/www.instagram.com\/tierparkbern\/\"]}]}<\/script>","yoast_head_json":{"title":"City pigeons in Bern | Tierpark Bern","description":"The city of Bern aims for a small but healthy pigeon population. If you have any questions about the city pigeons, you can contact Tauben Bern.","robots":{"index":"index","follow":"follow","max-snippet":"max-snippet:-1","max-image-preview":"max-image-preview:large","max-video-preview":"max-video-preview:-1"},"canonical":"https:\/\/tierpark-bern.ch\/en\/animals\/city-pigeons\/","og_locale":"en_US","og_type":"article","og_title":"City pigeons in Bern | Tierpark Bern","og_description":"The city of Bern aims for a small but healthy pigeon population. If you have any questions about the city pigeons, you can contact Tauben Bern.","og_url":"https:\/\/tierpark-bern.ch\/en\/animals\/city-pigeons\/","og_site_name":"Tierpark Bern","article_publisher":"https:\/\/www.facebook.com\/tierparkbern\/","article_modified_time":"2024-02-20T14:48:28+00:00","og_image":[{"width":1500,"height":998,"url":"https:\/\/tierpark-bern.ch\/web\/app\/uploads\/2022\/03\/Columba-livia-2.jpg","type":"image\/jpeg"}],"schema":{"@context":"https:\/\/schema.org","@graph":[{"@type":"WebPage","@id":"https:\/\/tierpark-bern.ch\/en\/animals\/city-pigeons\/","url":"https:\/\/tierpark-bern.ch\/en\/animals\/city-pigeons\/","name":"City pigeons in Bern | Tierpark Bern","isPartOf":{"@id":"https:\/\/tierpark-bern.ch\/en\/#website"},"primaryImageOfPage":{"@id":"https:\/\/tierpark-bern.ch\/en\/animals\/city-pigeons\/#primaryimage"},"image":{"@id":"https:\/\/tierpark-bern.ch\/en\/animals\/city-pigeons\/#primaryimage"},"thumbnailUrl":"https:\/\/tierpark-bern.ch\/web\/app\/uploads\/2022\/03\/Columba-livia-2.jpg","datePublished":"2021-12-20T21:49:27+00:00","dateModified":"2024-02-20T14:48:28+00:00","description":"The city of Bern aims for a small but healthy pigeon population. If you have any questions about the city pigeons, you can contact Tauben Bern.","breadcrumb":{"@id":"https:\/\/tierpark-bern.ch\/en\/animals\/city-pigeons\/#breadcrumb"},"inLanguage":"en-US","potentialAction":[{"@type":"ReadAction","target":["https:\/\/tierpark-bern.ch\/en\/animals\/city-pigeons\/"]}]},{"@type":"ImageObject","inLanguage":"en-US","@id":"https:\/\/tierpark-bern.ch\/en\/animals\/city-pigeons\/#primaryimage","url":"https:\/\/tierpark-bern.ch\/web\/app\/uploads\/2022\/03\/Columba-livia-2.jpg","contentUrl":"https:\/\/tierpark-bern.ch\/web\/app\/uploads\/2022\/03\/Columba-livia-2.jpg","width":1500,"height":998},{"@type":"BreadcrumbList","@id":"https:\/\/tierpark-bern.ch\/en\/animals\/city-pigeons\/#breadcrumb","itemListElement":[{"@type":"ListItem","position":1,"name":"Home","item":"https:\/\/tierpark-bern.ch\/en\/"},{"@type":"ListItem","position":2,"name":"Nature Conservation &#038; Animals","item":"https:\/\/tierpark-bern.ch\/en\/animals\/"},{"@type":"ListItem","position":3,"name":"City pigeons in Bern"}]},{"@type":"WebSite","@id":"https:\/\/tierpark-bern.ch\/en\/#website","url":"https:\/\/tierpark-bern.ch\/en\/","name":"Tierpark Bern","description":"","publisher":{"@id":"https:\/\/tierpark-bern.ch\/en\/#organization"},"potentialAction":[{"@type":"SearchAction","target":{"@type":"EntryPoint","urlTemplate":"https:\/\/tierpark-bern.ch\/en\/?s={search_term_string}"},"query-input":{"@type":"PropertyValueSpecification","valueRequired":true,"valueName":"search_term_string"}}],"inLanguage":"en-US"},{"@type":"Organization","@id":"https:\/\/tierpark-bern.ch\/en\/#organization","name":"Tierpark Bern | D\u00e4hlh\u00f6lzli + B\u00e4renPark","alternateName":"Tierpark Bern","url":"https:\/\/tierpark-bern.ch\/en\/","logo":{"@type":"ImageObject","inLanguage":"en-US","@id":"https:\/\/tierpark-bern.ch\/en\/#\/schema\/logo\/image\/","url":"https:\/\/tierpark-bern.ch\/web\/app\/uploads\/2024\/04\/tierpark-bern-696x696-1.jpg","contentUrl":"https:\/\/tierpark-bern.ch\/web\/app\/uploads\/2024\/04\/tierpark-bern-696x696-1.jpg","width":696,"height":696,"caption":"Tierpark Bern | D\u00e4hlh\u00f6lzli + B\u00e4renPark"},"image":{"@id":"https:\/\/tierpark-bern.ch\/en\/#\/schema\/logo\/image\/"},"sameAs":["https:\/\/www.facebook.com\/tierparkbern\/","https:\/\/x.com\/tierparkbern","https:\/\/www.instagram.com\/tierparkbern\/"]}]}},"_links":{"self":[{"href":"https:\/\/tierpark-bern.ch\/en\/wp-json\/wp\/v2\/pages\/52374","targetHints":{"allow":["GET"]}}],"collection":[{"href":"https:\/\/tierpark-bern.ch\/en\/wp-json\/wp\/v2\/pages"}],"about":[{"href":"https:\/\/tierpark-bern.ch\/en\/wp-json\/wp\/v2\/types\/page"}],"author":[{"embeddable":true,"href":"https:\/\/tierpark-bern.ch\/en\/wp-json\/wp\/v2\/users\/1"}],"replies":[{"embeddable":true,"href":"https:\/\/tierpark-bern.ch\/en\/wp-json\/wp\/v2\/comments?post=52374"}],"version-history":[{"count":0,"href":"https:\/\/tierpark-bern.ch\/en\/wp-json\/wp\/v2\/pages\/52374\/revisions"}],"up":[{"embeddable":true,"href":"https:\/\/tierpark-bern.ch\/en\/wp-json\/wp\/v2\/pages\/51820"}],"wp:featuredmedia":[{"embeddable":true,"href":"https:\/\/tierpark-bern.ch\/en\/wp-json\/wp\/v2\/media\/24732"}],"wp:attachment":[{"href":"https:\/\/tierpark-bern.ch\/en\/wp-json\/wp\/v2\/media?parent=52374"}],"curies":[{"name":"wp","href":"https:\/\/api.w.org\/{rel}","templated":true}]}}