
{"id":52376,"date":"2022-06-21T15:57:08","date_gmt":"2022-06-21T13:57:08","guid":{"rendered":"https:\/\/tierpark-bern.ch\/animals\/forschung\/"},"modified":"2023-04-18T12:30:55","modified_gmt":"2023-04-18T10:30:55","slug":"research","status":"publish","type":"page","link":"https:\/\/tierpark-bern.ch\/en\/animals\/research\/","title":{"rendered":"Research"},"content":{"rendered":"<div class=\"wpb-content-wrapper\"><p>[vc_row][vc_column][vc_column_text]<\/p>\n<h1>Research at the Bern Animal Park<\/h1>\n<p>The Bern Animal Park has &#8211; from the crystal coral to the capercaillie to the musk ox &#8211; a unique animal population worthy of protection. The zoo regulations state prominently that the zoo creates knowledge about the animal world and the appropriate keeping of wild animals. And this is precisely one of the main reasons why working in an animal park is so exciting and challenging at the same time: we never know enough to understand our precious fellow creatures, but research can help us to question and advance our inner and also animal husbandry. Only in this way is the operation of a modern zoo meaningful, and for this we are also dependent on a network of researchers who are also thirsty for knowledge and enthusiastic &#8211; at this point many thanks to all those who work with us and support our research, and at the same time a call for further collaboration! Content only available in German.[\/vc_column_text][\/vc_column][\/vc_row][vc_row][vc_column][vc_column_text]<section class=\"section no-padding-top no-padding-bottom\">\n                        <div class=\"wild-news \">\n                            <div class=\"row-list col-container\"> <div class=\"list-item\">\n                         <div class=\"wild-news-section\" data-href=\"https:\/\/tierpark-bern.ch\/en\/news\/aviaere-influenza-vogelgrippe\/\">\n                             <p><img decoding=\"async\" class=\"wild-news__img\" src=\" https:\/\/tierpark-bern.ch\/web\/app\/uploads\/2023\/05\/rosa_flamingo_T4A2692-min-630x419.jpg\" alt=\"Viele Flamingos stehen im Wasser\"><\/p>\n                             <div class=\"card card-info \">\n                                  <div class=\"card-body\">\n                                      <div class=\"d-flex flex-column h-100\">\n                                          <p class=\"card-title mb-3\">Avi\u00e4re Influenza (Vogelgrippe)<\/p>\n                                          <p class=\"mb-0\">Forschungsprojekt im Tierpark Bern: Impfung von Zoov\u00f6geln gegen hochpathogene avi\u00e4re Influenzaviren (H5N1)<\/p>\n                                      <\/div>\n                                  <\/div>\n                                  <div class=\"card-footer\"><a class=\"button button-wild-news \" aria-label=\"More about Avi\u00e4re Influenza (Vogelgrippe)\" href=\"https:\/\/tierpark-bern.ch\/en\/news\/aviaere-influenza-vogelgrippe\/\">Read more <i class=\"vc_btn3-icon fa fa-arrow-right\"><\/i> <\/a><\/div>\n                                  <\/div>\n                             <\/div>\n                         <\/div><div class=\"list-item\">\n                         <div class=\"wild-news-section\" data-href=\"https:\/\/tierpark-bern.ch\/en\/news\/biber-ertrinken-immer-wieder-in-abwasserschaechten\/\">\n                             <p><img decoding=\"async\" class=\"wild-news__img\" src=\" https:\/\/tierpark-bern.ch\/web\/app\/uploads\/2020\/07\/tierpark-bern-daehlhoelzli-zoo-167.jpg\" alt=\"\"><\/p>\n                             <div class=\"card card-info \">\n                                  <div class=\"card-body\">\n                                      <div class=\"d-flex flex-column h-100\">\n                                          <p class=\"card-title mb-3\">Biber<\/p>\n                                          <p class=\"mb-0\">Biber ertrinken immer wieder in Abwassersch\u00e4chten. Um die Tiere davor zu sch\u00fctzen, wird im Tierpark Bern eine rostartige Struktur getestet.<\/p>\n                                      <\/div>\n                                  <\/div>\n                                  <div class=\"card-footer\"><a class=\"button button-wild-news \" aria-label=\"More about Biber\" href=\"https:\/\/tierpark-bern.ch\/en\/news\/biber-ertrinken-immer-wieder-in-abwasserschaechten\/\">Read more <i class=\"vc_btn3-icon fa fa-arrow-right\"><\/i> <\/a><\/div>\n                                  <\/div>\n                             <\/div>\n                         <\/div><div class=\"list-item\">\n                         <div class=\"wild-news-section\" data-href=\"https:\/\/tierpark-bern.ch\/en\/news\/wisent-fusserkrankung\/\">\n                             <p><img decoding=\"async\" class=\"wild-news__img\" src=\" https:\/\/tierpark-bern.ch\/web\/app\/uploads\/2022\/06\/Wisent-Klauenuntersuchung-Okt_2021_Foto-Slezak-9146-630x419.jpg\" alt=\"\"><\/p>\n                             <div class=\"card card-info \">\n                                  <div class=\"card-body\">\n                                      <div class=\"d-flex flex-column h-100\">\n                                          <p class=\"card-title mb-3\">Wisent<\/p>\n                                          <p class=\"mb-0\">Im Tierpark Bern wurde k\u00fcrzlich eine neuartige Fusserkrankung der Wisente erstbeschrieben.<\/p>\n                                      <\/div>\n                                  <\/div>\n                                  <div class=\"card-footer\"><a class=\"button button-wild-news \" aria-label=\"More about Wisent\" href=\"https:\/\/tierpark-bern.ch\/en\/news\/wisent-fusserkrankung\/\">Read more <i class=\"vc_btn3-icon fa fa-arrow-right\"><\/i> <\/a><\/div>\n                                  <\/div>\n                             <\/div>\n                         <\/div><div class=\"list-item\">\n                         <div class=\"wild-news-section\" data-href=\"https:\/\/tierpark-bern.ch\/en\/news\/der-tierpark-bern-ist-zuechter-von-papageitauchern\/\">\n                             <p><img decoding=\"async\" class=\"wild-news__img\" src=\" https:\/\/tierpark-bern.ch\/web\/app\/uploads\/2021\/08\/papageitaucher-tierpark-bern.jpg\" alt=\"Nahaufnahme von Papageitauchern\"><\/p>\n                             <div class=\"card card-info \">\n                                  <div class=\"card-body\">\n                                      <div class=\"d-flex flex-column h-100\">\n                                          <p class=\"card-title mb-3\">Papageitaucher<\/p>\n                                          <p class=\"mb-0\">Der Tierpark Bern ist weltweit einer der ganz wenigen und zudem erfolgreichen Z\u00fcchter von Papageitauchern.<\/p>\n                                      <\/div>\n                                  <\/div>\n                                  <div class=\"card-footer\"><a class=\"button button-wild-news \" aria-label=\"More about Papageitaucher\" href=\"https:\/\/tierpark-bern.ch\/en\/news\/der-tierpark-bern-ist-zuechter-von-papageitauchern\/\">Read more <i class=\"vc_btn3-icon fa fa-arrow-right\"><\/i> <\/a><\/div>\n                                  <\/div>\n                             <\/div>\n                         <\/div><div class=\"list-item\">\n                         <div class=\"wild-news-section\" data-href=\"https:\/\/tierpark-bern.ch\/en\/news\/moschusochse-astrovirus\/\">\n                             <p><img decoding=\"async\" class=\"wild-news__img\" src=\" https:\/\/tierpark-bern.ch\/web\/app\/uploads\/2020\/07\/tierpark-bern-moschusochse_T4B09261.jpg\" alt=\"Nahaufnahme von einem Moschusochsen\"><\/p>\n                             <div class=\"card card-info \">\n                                  <div class=\"card-body\">\n                                      <div class=\"d-flex flex-column h-100\">\n                                          <p class=\"card-title mb-3\">Moschusochse<\/p>\n                                          <p class=\"mb-0\">Aufl\u00f6sung eines mysteri\u00f6sen Falls nach 37 Jahren\u2026<\/p>\n                                      <\/div>\n                                  <\/div>\n                                  <div class=\"card-footer\"><a class=\"button button-wild-news \" aria-label=\"More about Moschusochse\" href=\"https:\/\/tierpark-bern.ch\/en\/news\/moschusochse-astrovirus\/\">Read more <i class=\"vc_btn3-icon fa fa-arrow-right\"><\/i> <\/a><\/div>\n                                  <\/div>\n                             <\/div>\n                         <\/div><div class=\"list-item\">\n                         <div class=\"wild-news-section\" data-href=\"https:\/\/tierpark-bern.ch\/en\/news\/emys\/\">\n                             <p><img decoding=\"async\" class=\"wild-news__img\" src=\" https:\/\/tierpark-bern.ch\/web\/app\/uploads\/2020\/07\/Emys-Auswilderungsprojekt-August-2019-8.jpg\" alt=\"\"><\/p>\n                             <div class=\"card card-info \">\n                                  <div class=\"card-body\">\n                                      <div class=\"d-flex flex-column h-100\">\n                                          <p class=\"card-title mb-3\">Europ\u00e4ische Sumpfschildkr\u00f6te<\/p>\n                                          <p class=\"mb-0\">Eine gute Gesundheit der Zuchttiere und ihrer Schl\u00fcpflinge ist bei der Auswilderung von Schildkr\u00f6ten besonders wichtig.<\/p>\n                                      <\/div>\n                                  <\/div>\n                                  <div class=\"card-footer\"><a class=\"button button-wild-news \" aria-label=\"More about Europ\u00e4ische Sumpfschildkr\u00f6te\" href=\"https:\/\/tierpark-bern.ch\/en\/news\/emys\/\">Read more <i class=\"vc_btn3-icon fa fa-arrow-right\"><\/i> <\/a><\/div>\n                                  <\/div>\n                             <\/div>\n                         <\/div><div class=\"list-item\">\n                         <div class=\"wild-news-section\" data-href=\"https:\/\/tierpark-bern.ch\/en\/news\/persischer-leopard-erkenntnisse-zur-anaesthesie\/\">\n                             <p><img decoding=\"async\" class=\"wild-news__img\" src=\" https:\/\/tierpark-bern.ch\/web\/app\/uploads\/2022\/02\/Leopard-im-Tierpark-Bern-Daehlhoelzli-2.jpg\" alt=\"\"><\/p>\n                             <div class=\"card card-info \">\n                                  <div class=\"card-body\">\n                                      <div class=\"d-flex flex-column h-100\">\n                                          <p class=\"card-title mb-3\">Persischer Leopard<\/p>\n                                          <p class=\"mb-0\">Erkenntnisse zur An\u00e4sthesie. Zur klinischen Untersuchung eines Leoparden ist zur Sicherheit von Mensch und Tier eine Vollnarkose unumg\u00e4nglich.<\/p>\n                                      <\/div>\n                                  <\/div>\n                                  <div class=\"card-footer\"><a class=\"button button-wild-news \" aria-label=\"More about Persischer Leopard\" href=\"https:\/\/tierpark-bern.ch\/en\/news\/persischer-leopard-erkenntnisse-zur-anaesthesie\/\">Read more <i class=\"vc_btn3-icon fa fa-arrow-right\"><\/i> <\/a><\/div>\n                                  <\/div>\n                             <\/div>\n                         <\/div><\/div>\n                    <\/div><\/section>[\/vc_column_text][\/vc_column][\/vc_row][vc_row][vc_column][vc_column_text]<section class=\"section no-padding-bottom page-suggestion-container\">\n            <div class=\"container\">\n                <div class=\"row bottom-50\">\n                    <div class=\"col-12\">\n                        <div class=\"heading heading--primary heading--center\">\n                            <h2 class=\"heading__title no-margin-bottom\"><span>More Topics<\/span><\/h2>\n                        <\/div>\n                    <\/div>\n                <\/div>\n                <div class=\"row\"><div class=\"col-md-6 col-xl-4 \">\n                        <div class=\"service-content\" tabindex=\"0\" role=\"link\" onclick=\"suggestionLinkfunction(this);\" data-href=\"https:\/\/tierpark-bern.ch\/en\/animals\/protection-of-species\/\">\n                            <img decoding=\"async\" src=\"https:\/\/tierpark-bern.ch\/web\/app\/uploads\/2022\/02\/steinkauz-386x230.jpg\" alt=\"\"\/>\n                                <div class=\"service-desc\">\n                                    <div class=\"vcenter\">\n                                        <div class=\"titel\">Protection of species<\/div>\n                                    <\/div>\n                                <\/div>\n                        <\/div>\n                    <\/div><div class=\"col-md-6 col-xl-4 \">\n                        <div class=\"service-content\" tabindex=\"0\" role=\"link\" onclick=\"suggestionLinkfunction(this);\" data-href=\"https:\/\/tierpark-bern.ch\/en\/animals\/facilities\/\">\n                            <img decoding=\"async\" src=\"https:\/\/tierpark-bern.ch\/web\/app\/uploads\/2020\/07\/fisch-tierpark-bern-3-386x230.jpg\" alt=\"\"\/>\n                                <div class=\"service-desc\">\n                                    <div class=\"vcenter\">\n                                        <div class=\"titel\">Facilities<\/div>\n                                    <\/div>\n                                <\/div>\n                        <\/div>\n                    <\/div><div class=\"col-md-6 col-xl-4 \">\n                        <div class=\"service-content\" tabindex=\"0\" role=\"link\" onclick=\"suggestionLinkfunction(this);\" data-href=\"https:\/\/tierpark-bern.ch\/en\/animals\/nature-conservation\/\">\n                            <img decoding=\"async\" src=\"https:\/\/tierpark-bern.ch\/web\/app\/uploads\/2021\/08\/frosche_kroten_molche_bergmolche_peter_schlup_004_website-386x230.jpg\" alt=\"\"\/>\n                                <div class=\"service-desc\">\n                                    <div class=\"vcenter\">\n                                        <div class=\"titel\">Nature conservation<\/div>\n                                    <\/div>\n                                <\/div>\n                        <\/div>\n                    <\/div><\/div>\n            <\/div>\n        <\/section>[\/vc_column_text][\/vc_column][\/vc_row]<\/p>\n<\/div>","protected":false},"excerpt":{"rendered":"<p>The zoo regulations prominently state that the zoo creates knowledge about the animal world and the appropriate keeping of wild animals. <\/p>\n","protected":false},"author":1,"featured_media":0,"parent":51820,"menu_order":0,"comment_status":"closed","ping_status":"closed","template":"","meta":{"_acf_changed":false,"footnotes":""},"class_list":["post-52376","page","type-page","status-publish","hentry"],"acf":[],"yoast_head":"<title>Research | Tierpark Bern<\/title>\n<meta name=\"description\" content=\"The zoo regulations prominently state that the zoo creates knowledge about the animal world and the appropriate keeping of wild animals.\" \/>\n<meta name=\"robots\" content=\"index, follow, max-snippet:-1, max-image-preview:large, max-video-preview:-1\" \/>\n<link rel=\"canonical\" href=\"https:\/\/tierpark-bern.ch\/en\/animals\/research\/\" \/>\n<meta property=\"og:locale\" content=\"en_US\" \/>\n<meta property=\"og:type\" content=\"article\" \/>\n<meta property=\"og:title\" content=\"Research | Tierpark Bern\" \/>\n<meta property=\"og:description\" content=\"The zoo regulations prominently state that the zoo creates knowledge about the animal world and the appropriate keeping of wild animals.\" \/>\n<meta property=\"og:url\" content=\"https:\/\/tierpark-bern.ch\/en\/animals\/research\/\" \/>\n<meta property=\"og:site_name\" content=\"Tierpark Bern\" \/>\n<meta property=\"article:publisher\" content=\"https:\/\/www.facebook.com\/tierparkbern\/\" \/>\n<meta property=\"article:modified_time\" content=\"2023-04-18T10:30:55+00:00\" \/>\n<script type=\"application\/ld+json\" class=\"yoast-schema-graph\">{\"@context\":\"https:\/\/schema.org\",\"@graph\":[{\"@type\":\"WebPage\",\"@id\":\"https:\/\/tierpark-bern.ch\/en\/animals\/research\/\",\"url\":\"https:\/\/tierpark-bern.ch\/en\/animals\/research\/\",\"name\":\"Research | Tierpark Bern\",\"isPartOf\":{\"@id\":\"https:\/\/tierpark-bern.ch\/en\/#website\"},\"datePublished\":\"2022-06-21T13:57:08+00:00\",\"dateModified\":\"2023-04-18T10:30:55+00:00\",\"description\":\"The zoo regulations prominently state that the zoo creates knowledge about the animal world and the appropriate keeping of wild animals.\",\"breadcrumb\":{\"@id\":\"https:\/\/tierpark-bern.ch\/en\/animals\/research\/#breadcrumb\"},\"inLanguage\":\"en-US\",\"potentialAction\":[{\"@type\":\"ReadAction\",\"target\":[\"https:\/\/tierpark-bern.ch\/en\/animals\/research\/\"]}]},{\"@type\":\"BreadcrumbList\",\"@id\":\"https:\/\/tierpark-bern.ch\/en\/animals\/research\/#breadcrumb\",\"itemListElement\":[{\"@type\":\"ListItem\",\"position\":1,\"name\":\"Home\",\"item\":\"https:\/\/tierpark-bern.ch\/en\/\"},{\"@type\":\"ListItem\",\"position\":2,\"name\":\"Nature Conservation &#038; Animals\",\"item\":\"https:\/\/tierpark-bern.ch\/en\/animals\/\"},{\"@type\":\"ListItem\",\"position\":3,\"name\":\"Research\"}]},{\"@type\":\"WebSite\",\"@id\":\"https:\/\/tierpark-bern.ch\/en\/#website\",\"url\":\"https:\/\/tierpark-bern.ch\/en\/\",\"name\":\"Tierpark Bern\",\"description\":\"\",\"publisher\":{\"@id\":\"https:\/\/tierpark-bern.ch\/en\/#organization\"},\"potentialAction\":[{\"@type\":\"SearchAction\",\"target\":{\"@type\":\"EntryPoint\",\"urlTemplate\":\"https:\/\/tierpark-bern.ch\/en\/?s={search_term_string}\"},\"query-input\":{\"@type\":\"PropertyValueSpecification\",\"valueRequired\":true,\"valueName\":\"search_term_string\"}}],\"inLanguage\":\"en-US\"},{\"@type\":\"Organization\",\"@id\":\"https:\/\/tierpark-bern.ch\/en\/#organization\",\"name\":\"Tierpark Bern | D\u00e4hlh\u00f6lzli + B\u00e4renPark\",\"alternateName\":\"Tierpark Bern\",\"url\":\"https:\/\/tierpark-bern.ch\/en\/\",\"logo\":{\"@type\":\"ImageObject\",\"inLanguage\":\"en-US\",\"@id\":\"https:\/\/tierpark-bern.ch\/en\/#\/schema\/logo\/image\/\",\"url\":\"https:\/\/tierpark-bern.ch\/web\/app\/uploads\/2024\/04\/tierpark-bern-696x696-1.jpg\",\"contentUrl\":\"https:\/\/tierpark-bern.ch\/web\/app\/uploads\/2024\/04\/tierpark-bern-696x696-1.jpg\",\"width\":696,\"height\":696,\"caption\":\"Tierpark Bern | D\u00e4hlh\u00f6lzli + B\u00e4renPark\"},\"image\":{\"@id\":\"https:\/\/tierpark-bern.ch\/en\/#\/schema\/logo\/image\/\"},\"sameAs\":[\"https:\/\/www.facebook.com\/tierparkbern\/\",\"https:\/\/x.com\/tierparkbern\",\"https:\/\/www.instagram.com\/tierparkbern\/\"]}]}<\/script>","yoast_head_json":{"title":"Research | Tierpark Bern","description":"The zoo regulations prominently state that the zoo creates knowledge about the animal world and the appropriate keeping of wild animals.","robots":{"index":"index","follow":"follow","max-snippet":"max-snippet:-1","max-image-preview":"max-image-preview:large","max-video-preview":"max-video-preview:-1"},"canonical":"https:\/\/tierpark-bern.ch\/en\/animals\/research\/","og_locale":"en_US","og_type":"article","og_title":"Research | Tierpark Bern","og_description":"The zoo regulations prominently state that the zoo creates knowledge about the animal world and the appropriate keeping of wild animals.","og_url":"https:\/\/tierpark-bern.ch\/en\/animals\/research\/","og_site_name":"Tierpark Bern","article_publisher":"https:\/\/www.facebook.com\/tierparkbern\/","article_modified_time":"2023-04-18T10:30:55+00:00","schema":{"@context":"https:\/\/schema.org","@graph":[{"@type":"WebPage","@id":"https:\/\/tierpark-bern.ch\/en\/animals\/research\/","url":"https:\/\/tierpark-bern.ch\/en\/animals\/research\/","name":"Research | Tierpark Bern","isPartOf":{"@id":"https:\/\/tierpark-bern.ch\/en\/#website"},"datePublished":"2022-06-21T13:57:08+00:00","dateModified":"2023-04-18T10:30:55+00:00","description":"The zoo regulations prominently state that the zoo creates knowledge about the animal world and the appropriate keeping of wild animals.","breadcrumb":{"@id":"https:\/\/tierpark-bern.ch\/en\/animals\/research\/#breadcrumb"},"inLanguage":"en-US","potentialAction":[{"@type":"ReadAction","target":["https:\/\/tierpark-bern.ch\/en\/animals\/research\/"]}]},{"@type":"BreadcrumbList","@id":"https:\/\/tierpark-bern.ch\/en\/animals\/research\/#breadcrumb","itemListElement":[{"@type":"ListItem","position":1,"name":"Home","item":"https:\/\/tierpark-bern.ch\/en\/"},{"@type":"ListItem","position":2,"name":"Nature Conservation &#038; Animals","item":"https:\/\/tierpark-bern.ch\/en\/animals\/"},{"@type":"ListItem","position":3,"name":"Research"}]},{"@type":"WebSite","@id":"https:\/\/tierpark-bern.ch\/en\/#website","url":"https:\/\/tierpark-bern.ch\/en\/","name":"Tierpark Bern","description":"","publisher":{"@id":"https:\/\/tierpark-bern.ch\/en\/#organization"},"potentialAction":[{"@type":"SearchAction","target":{"@type":"EntryPoint","urlTemplate":"https:\/\/tierpark-bern.ch\/en\/?s={search_term_string}"},"query-input":{"@type":"PropertyValueSpecification","valueRequired":true,"valueName":"search_term_string"}}],"inLanguage":"en-US"},{"@type":"Organization","@id":"https:\/\/tierpark-bern.ch\/en\/#organization","name":"Tierpark Bern | D\u00e4hlh\u00f6lzli + B\u00e4renPark","alternateName":"Tierpark Bern","url":"https:\/\/tierpark-bern.ch\/en\/","logo":{"@type":"ImageObject","inLanguage":"en-US","@id":"https:\/\/tierpark-bern.ch\/en\/#\/schema\/logo\/image\/","url":"https:\/\/tierpark-bern.ch\/web\/app\/uploads\/2024\/04\/tierpark-bern-696x696-1.jpg","contentUrl":"https:\/\/tierpark-bern.ch\/web\/app\/uploads\/2024\/04\/tierpark-bern-696x696-1.jpg","width":696,"height":696,"caption":"Tierpark Bern | D\u00e4hlh\u00f6lzli + B\u00e4renPark"},"image":{"@id":"https:\/\/tierpark-bern.ch\/en\/#\/schema\/logo\/image\/"},"sameAs":["https:\/\/www.facebook.com\/tierparkbern\/","https:\/\/x.com\/tierparkbern","https:\/\/www.instagram.com\/tierparkbern\/"]}]}},"_links":{"self":[{"href":"https:\/\/tierpark-bern.ch\/en\/wp-json\/wp\/v2\/pages\/52376","targetHints":{"allow":["GET"]}}],"collection":[{"href":"https:\/\/tierpark-bern.ch\/en\/wp-json\/wp\/v2\/pages"}],"about":[{"href":"https:\/\/tierpark-bern.ch\/en\/wp-json\/wp\/v2\/types\/page"}],"author":[{"embeddable":true,"href":"https:\/\/tierpark-bern.ch\/en\/wp-json\/wp\/v2\/users\/1"}],"replies":[{"embeddable":true,"href":"https:\/\/tierpark-bern.ch\/en\/wp-json\/wp\/v2\/comments?post=52376"}],"version-history":[{"count":0,"href":"https:\/\/tierpark-bern.ch\/en\/wp-json\/wp\/v2\/pages\/52376\/revisions"}],"up":[{"embeddable":true,"href":"https:\/\/tierpark-bern.ch\/en\/wp-json\/wp\/v2\/pages\/51820"}],"wp:attachment":[{"href":"https:\/\/tierpark-bern.ch\/en\/wp-json\/wp\/v2\/media?parent=52376"}],"curies":[{"name":"wp","href":"https:\/\/api.w.org\/{rel}","templated":true}]}}