
{"id":52377,"date":"2020-08-10T13:52:04","date_gmt":"2020-08-10T11:52:04","guid":{"rendered":"https:\/\/tierpark-bern.ch\/animals\/artenschutz\/"},"modified":"2023-09-20T14:53:54","modified_gmt":"2023-09-20T12:53:54","slug":"protection-of-species","status":"publish","type":"page","link":"https:\/\/tierpark-bern.ch\/en\/animals\/protection-of-species\/","title":{"rendered":"Protection of species"},"content":{"rendered":"<div class=\"wpb-content-wrapper\"><p>[vc_row][vc_column][vc_column_text]<\/p>\n<h1>Protection of species<\/h1>\n<h2>EAZA<\/h2>\n<p>Bern Animal Park is a member of the European Association of Zoos and Aquaria (EAZA). The leading association of zoos and aquaria in Europe and West Asia. It was founded in 1992 and promotes cooperation within European zoos and aquariums. Member zoos shall pursue the common goals of education, research and conservation and play an important role in the protection of nature and wildlife &#8211; both in their facility and in the wild.<\/p>\n<h2>Breeding programmes<\/h2>\n<p>Unfortunately, many animal species are endangered or even threatened with extinction today. Zoos and zoological parks worldwide pursue the goal of preserving biodiversity so that it will still be possible to enjoy furry, scaly or feathered animals in the future. Endangered species are specifically bred in so-called species conservation programmes. This enables the breeding of healthy populations. In Europe, these programmes are coordinated within the framework of EAZA (European Association of Zoos and Aquaria).<\/p>\n<h2>EAZA Ex-Situ-Programme (EEP)<\/h2>\n<p>EAZA&#8217;s conservation programmes are called EEPs, which means EAZA Ex-situ Programmes. The aim of the EEPs is to produce and maintain healthy animal populations. Targeted matings are necessary for healthy animals &#8211; animal data must be analysed, breeding and transfer recommendations between different zoos must be developed to avoid inbreeding and to maintain genetic diversity. This is done with studbooks, which are kept and coordinated by zoo staff. Currently, EAZA manages conservation breeding programmes for over 400 different species. Bern Animal Park is involved in EEPs with the following endangered species:[\/vc_column_text][vc_column_text][sponsorship-animal-shortcode][\/vc_column_text][vc_column_text]<\/p>\n<h2>Europ\u00e4isches Zuchtbuch (ESB)<\/h2>\n<p>[\/vc_column_text][vc_column_text][\/vc_column_text][vc_column_text]<\/p>\n<h2>ProSpecieRara<\/h2>\n<p>ProSpecieRara is a Swiss foundation and ensures the &#8220;conservation and promotion of genetic diversity in fauna and flora. The Bern Animal Park participates in ProSpecieRara programmes with the following species:[\/vc_column_text][vc_column_text]<section class=\"section no-padding-top no-padding-bottom\">\n            <div class=\"breeding-animal-container\">\n                <div class=\"row-list col-container\"><div class=\"list-item\">\n                                    <div class=\"wild-news-section\" data-href=\"\">\n                                        <p><img loading=\"lazy\" decoding=\"async\" class=\"breeding-animal__img\" src=\"https:\/\/tierpark-bern.ch\/web\/app\/uploads\/2021\/12\/appenzeller-spitzhaubenhuhn-tierpark-bern-3.jpg\" alt=\"\" width=\"540\" height=\"207\" ><\/p>\n                                        <div class=\"card card-info background--tiere\">\n                                            <div class=\"card-body\">\n                                                <div class=\"d-flex flex-column h-100\">\n                                                    <h2>Appenzeller Spitzhaubenhuhn<\/h2>\n                                                    <p class=\"latin-animal\">Gallus gallus domesticus<\/p>\n                                                <\/div>\n                                            <\/div><\/div>\n                                    <\/div>\n                                <\/div><div class=\"list-item\">\n                                    <div class=\"wild-news-section\" data-href=\"\">\n                                        <p><img loading=\"lazy\" decoding=\"async\" class=\"breeding-animal__img\" src=\"https:\/\/tierpark-bern.ch\/web\/app\/uploads\/2020\/07\/diepholzer-gans-tierpark-bern-9.jpg\" alt=\"\" width=\"540\" height=\"207\" ><\/p>\n                                        <div class=\"card card-info background--tiere\">\n                                            <div class=\"card-body\">\n                                                <div class=\"d-flex flex-column h-100\">\n                                                    <h2>Diepholzer Gans<\/h2>\n                                                    <p class=\"latin-animal\">Anser anser domesticus<\/p>\n                                                <\/div>\n                                            <\/div><\/div>\n                                    <\/div>\n                                <\/div><div class=\"list-item\">\n                                    <div class=\"wild-news-section\" data-href=\"\">\n                                        <p><img loading=\"lazy\" decoding=\"async\" class=\"breeding-animal__img\" src=\"https:\/\/tierpark-bern.ch\/web\/app\/uploads\/2022\/06\/Fuchskaninchen_Foto-Slezak-4883-2.jpg\" alt=\"Fuchskaninchen sitzt auf der Wiese\" width=\"540\" height=\"207\" ><\/p>\n                                        <div class=\"card card-info background--tiere\">\n                                            <div class=\"card-body\">\n                                                <div class=\"d-flex flex-column h-100\">\n                                                    <h2>Schweizer Fuchskaninchen<\/h2>\n                                                    <p class=\"latin-animal\">Oryctolagus cuniculus domestic<\/p>\n                                                <\/div>\n                                            <\/div><\/div>\n                                    <\/div>\n                                <\/div><\/div>\n                 <\/div>\n                <\/section>[\/vc_column_text][\/vc_column][\/vc_row][vc_row][vc_column][vc_empty_space][\/vc_column][\/vc_row][vc_row][vc_column][vc_column_text]<\/p>\n<h2>Release to the wild<\/h2>\n<p>The Earth&#8217;s biodiversity is dwindling faster than ever. There are now over 40,000 species on the Red List of threatened animal and plant species. Bern Animal Park is committed to the task of species conservation. Here you will find news about our ongoing reintroduction projects. We speak of reintroduction when animals are released from human care into the wild, and of reintroduction when animals are released into their original habitat after the species had previously become extinct there. Content only available in German.[\/vc_column_text][vc_column_text]<section class=\"section no-padding-top no-padding-bottom\">\n                        <div class=\"wild-news naturschutz-news\">\n                            <div class=\"row-list col-container\"> <div class=\"list-item\">\n                         <div class=\"wild-news-section\" data-href=\"https:\/\/tierpark-bern.ch\/en\/news\/die-schweizer-schildkroete-kehrt-zurueck\/\">\n                             <p><img decoding=\"async\" class=\"wild-news__img\" src=\" https:\/\/tierpark-bern.ch\/web\/app\/uploads\/2025\/06\/Emys-Auswilderung_13.6.2025_Foto-Slezak-3643-630x419.jpg\" alt=\"\"><\/p>\n                             <div class=\"card card-info background--tiere\">\n                                  <div class=\"card-body\">\n                                      <div class=\"d-flex flex-column h-100\">\n                                          <p class=\"card-title mb-3\">Die Schweizer Schildkr\u00f6te kehrt zur\u00fcck<\/p>\n                                          <p class=\"mb-0\">Am 8. September 2022 sind 15 Jungtiere der Europ\u00e4ischen Sumpfschildkr\u00f6te aus dem Tierpark Bern ausgewildert worden.<\/p>\n                                      <\/div>\n                                  <\/div>\n                                  <div class=\"card-footer\"><a class=\"button button-wild-news tiere-item__link\" aria-label=\"More about Die Schweizer Schildkr\u00f6te kehrt zur\u00fcck\" href=\"https:\/\/tierpark-bern.ch\/en\/news\/die-schweizer-schildkroete-kehrt-zurueck\/\">Read more <i class=\"vc_btn3-icon fa fa-arrow-right\"><\/i> <\/a><\/div>\n                                  <\/div>\n                             <\/div>\n                         <\/div><div class=\"list-item\">\n                         <div class=\"wild-news-section\" data-href=\"https:\/\/tierpark-bern.ch\/en\/news\/berner-wisente-ziehen-in-die-rumaenischen-suedkarpaten\/\">\n                             <p><img decoding=\"async\" class=\"wild-news__img\" src=\" https:\/\/tierpark-bern.ch\/web\/app\/uploads\/2023\/11\/Wisent-Jungtier-2021-und-Muttertier_Foto-Tierpark-Bern-min-630x419.jpg\" alt=\"Nahaufnahme von einem Wisentbullen\"><\/p>\n                             <div class=\"card card-info background--tiere\">\n                                  <div class=\"card-body\">\n                                      <div class=\"d-flex flex-column h-100\">\n                                          <p class=\"card-title mb-3\">Berner Wisente ziehen in die rum\u00e4nischen S\u00fcdkarpaten<\/p>\n                                          <p class=\"mb-0\">Zwei Berner Wisente verliessen am 1. November 2023 am fr\u00fchen Morgen den Tierpark Bern und reisten per LKW nach Nuc\u0219oara, Rum\u00e4nien.<\/p>\n                                      <\/div>\n                                  <\/div>\n                                  <div class=\"card-footer\"><a class=\"button button-wild-news tiere-item__link\" aria-label=\"More about Berner Wisente ziehen in die rum\u00e4nischen S\u00fcdkarpaten\" href=\"https:\/\/tierpark-bern.ch\/en\/news\/berner-wisente-ziehen-in-die-rumaenischen-suedkarpaten\/\">Read more <i class=\"vc_btn3-icon fa fa-arrow-right\"><\/i> <\/a><\/div>\n                                  <\/div>\n                             <\/div>\n                         <\/div><div class=\"list-item\">\n                         <div class=\"wild-news-section\" data-href=\"https:\/\/tierpark-bern.ch\/en\/news\/zwei-wisente-aus-dem-berner-tierpark-erkunden-seit-24-11-2021-die-weiten-der-abgelegenen-bergwaelder-im-nordoestlichen-aserbaidschan\/\">\n                             <p><img decoding=\"async\" class=\"wild-news__img\" src=\" https:\/\/tierpark-bern.ch\/web\/app\/uploads\/2020\/07\/wisent-auswilderung-november-2021-wwf-tierpark-bern-2.jpg\" alt=\"3\"><\/p>\n                             <div class=\"card card-info background--tiere\">\n                                  <div class=\"card-body\">\n                                      <div class=\"d-flex flex-column h-100\">\n                                          <p class=\"card-title mb-3\">Zwei Wisente aus dem Tierpark erkunden die Bergwelt von Aserbaidschan<\/p>\n                                          <p class=\"mb-0\">Zwei Wisente aus dem Berner Tierpark erkunden seit 24.11.2021 die Weiten der abgelegenen Bergw\u00e4lder im nord\u00f6stlichen Aserbaidschan.<\/p>\n                                      <\/div>\n                                  <\/div>\n                                  <div class=\"card-footer\"><a class=\"button button-wild-news tiere-item__link\" aria-label=\"More about Zwei Wisente aus dem Tierpark erkunden die Bergwelt von Aserbaidschan\" href=\"https:\/\/tierpark-bern.ch\/en\/news\/zwei-wisente-aus-dem-berner-tierpark-erkunden-seit-24-11-2021-die-weiten-der-abgelegenen-bergwaelder-im-nordoestlichen-aserbaidschan\/\">Read more <i class=\"vc_btn3-icon fa fa-arrow-right\"><\/i> <\/a><\/div>\n                                  <\/div>\n                             <\/div>\n                         <\/div><div class=\"list-item\">\n                         <div class=\"wild-news-section\" data-href=\"https:\/\/tierpark-bern.ch\/en\/news\/wiederansiedelung-steinkauz\/\">\n                             <p><img decoding=\"async\" class=\"wild-news__img\" src=\" https:\/\/tierpark-bern.ch\/web\/app\/uploads\/2022\/04\/steinkauz-im-tierpark-bern-2-2.jpg\" alt=\"Ein Steinkauz sitzt auf einem Ast\"><\/p>\n                             <div class=\"card card-info background--tiere\">\n                                  <div class=\"card-body\">\n                                      <div class=\"d-flex flex-column h-100\">\n                                          <p class=\"card-title mb-3\">Wiederansiedelung Steinkauz<\/p>\n                                          <p class=\"mb-0\">Bereits zum 2. Mal ist unser Steinkauz-Nachwuchs im Rahmen eines Wiederansiedelungsprojekts nach Norddeutschland gereist und im Naturpark Nuthe-Nieplitz ausgewildert worden.<\/p>\n                                      <\/div>\n                                  <\/div>\n                                  <div class=\"card-footer\"><a class=\"button button-wild-news tiere-item__link\" aria-label=\"More about Wiederansiedelung Steinkauz\" href=\"https:\/\/tierpark-bern.ch\/en\/news\/wiederansiedelung-steinkauz\/\">Read more <i class=\"vc_btn3-icon fa fa-arrow-right\"><\/i> <\/a><\/div>\n                                  <\/div>\n                             <\/div>\n                         <\/div><div class=\"list-item\">\n                         <div class=\"wild-news-section\" data-href=\"https:\/\/tierpark-bern.ch\/en\/news\/wiederansiedelung-wisent\/\">\n                             <p><img decoding=\"async\" class=\"wild-news__img\" src=\" https:\/\/tierpark-bern.ch\/web\/app\/uploads\/2020\/07\/wisent-auswilderung-november-2021-wwf-tierpark-bern-3.jpg\" alt=\"1\"><\/p>\n                             <div class=\"card card-info background--tiere\">\n                                  <div class=\"card-body\">\n                                      <div class=\"d-flex flex-column h-100\">\n                                          <p class=\"card-title mb-3\">Wiederansiedelung Wisent &#8211; Umzug in ein neues Leben<\/p>\n                                          <p class=\"mb-0\">Aufgegessen vom Mensch....gerettet vom Mensch.\u00a0Die Wisente sind die gr\u00f6ssten Lands\u00e4ugetiere Europas.<\/p>\n                                      <\/div>\n                                  <\/div>\n                                  <div class=\"card-footer\"><a class=\"button button-wild-news tiere-item__link\" aria-label=\"More about Wiederansiedelung Wisent &#8211; Umzug in ein neues Leben\" href=\"https:\/\/tierpark-bern.ch\/en\/news\/wiederansiedelung-wisent\/\">Read more <i class=\"vc_btn3-icon fa fa-arrow-right\"><\/i> <\/a><\/div>\n                                  <\/div>\n                             <\/div>\n                         <\/div><\/div>\n                    <\/div><\/section>[\/vc_column_text][\/vc_column][\/vc_row]<\/p>\n<\/div>","protected":false},"excerpt":{"rendered":"<p>Zoos and zoological parks worldwide pursue the goal of preserving biodiversity.<\/p>\n","protected":false},"author":1,"featured_media":24121,"parent":51820,"menu_order":0,"comment_status":"closed","ping_status":"closed","template":"","meta":{"_acf_changed":false,"footnotes":""},"class_list":["post-52377","page","type-page","status-publish","has-post-thumbnail","hentry"],"acf":[],"yoast_head":"<title>Protection of species | Tierpark Bern<\/title>\n<meta name=\"description\" content=\"Zoos and zoological parks worldwide pursue the goal of preserving biodiversity.\" \/>\n<meta name=\"robots\" content=\"index, follow, max-snippet:-1, max-image-preview:large, max-video-preview:-1\" \/>\n<link rel=\"canonical\" href=\"https:\/\/tierpark-bern.ch\/en\/animals\/protection-of-species\/\" \/>\n<meta property=\"og:locale\" content=\"en_US\" \/>\n<meta property=\"og:type\" content=\"article\" \/>\n<meta property=\"og:title\" content=\"Protection of species | Tierpark Bern\" \/>\n<meta property=\"og:description\" content=\"Zoos and zoological parks worldwide pursue the goal of preserving biodiversity.\" \/>\n<meta property=\"og:url\" content=\"https:\/\/tierpark-bern.ch\/en\/animals\/protection-of-species\/\" \/>\n<meta property=\"og:site_name\" content=\"Tierpark Bern\" \/>\n<meta property=\"article:publisher\" content=\"https:\/\/www.facebook.com\/tierparkbern\/\" \/>\n<meta property=\"article:modified_time\" content=\"2023-09-20T12:53:54+00:00\" \/>\n<meta property=\"og:image\" content=\"https:\/\/tierpark-bern.ch\/web\/app\/uploads\/2022\/02\/steinkauz.jpg\" \/>\n\t<meta property=\"og:image:width\" content=\"1500\" \/>\n\t<meta property=\"og:image:height\" content=\"998\" \/>\n\t<meta property=\"og:image:type\" content=\"image\/jpeg\" \/>\n<script type=\"application\/ld+json\" class=\"yoast-schema-graph\">{\"@context\":\"https:\/\/schema.org\",\"@graph\":[{\"@type\":\"WebPage\",\"@id\":\"https:\/\/tierpark-bern.ch\/en\/animals\/protection-of-species\/\",\"url\":\"https:\/\/tierpark-bern.ch\/en\/animals\/protection-of-species\/\",\"name\":\"Protection of species | Tierpark Bern\",\"isPartOf\":{\"@id\":\"https:\/\/tierpark-bern.ch\/en\/#website\"},\"primaryImageOfPage\":{\"@id\":\"https:\/\/tierpark-bern.ch\/en\/animals\/protection-of-species\/#primaryimage\"},\"image\":{\"@id\":\"https:\/\/tierpark-bern.ch\/en\/animals\/protection-of-species\/#primaryimage\"},\"thumbnailUrl\":\"https:\/\/tierpark-bern.ch\/web\/app\/uploads\/2022\/02\/steinkauz.jpg\",\"datePublished\":\"2020-08-10T11:52:04+00:00\",\"dateModified\":\"2023-09-20T12:53:54+00:00\",\"description\":\"Zoos and zoological parks worldwide pursue the goal of preserving biodiversity.\",\"breadcrumb\":{\"@id\":\"https:\/\/tierpark-bern.ch\/en\/animals\/protection-of-species\/#breadcrumb\"},\"inLanguage\":\"en-US\",\"potentialAction\":[{\"@type\":\"ReadAction\",\"target\":[\"https:\/\/tierpark-bern.ch\/en\/animals\/protection-of-species\/\"]}]},{\"@type\":\"ImageObject\",\"inLanguage\":\"en-US\",\"@id\":\"https:\/\/tierpark-bern.ch\/en\/animals\/protection-of-species\/#primaryimage\",\"url\":\"https:\/\/tierpark-bern.ch\/web\/app\/uploads\/2022\/02\/steinkauz.jpg\",\"contentUrl\":\"https:\/\/tierpark-bern.ch\/web\/app\/uploads\/2022\/02\/steinkauz.jpg\",\"width\":1500,\"height\":998,\"caption\":\"11\"},{\"@type\":\"BreadcrumbList\",\"@id\":\"https:\/\/tierpark-bern.ch\/en\/animals\/protection-of-species\/#breadcrumb\",\"itemListElement\":[{\"@type\":\"ListItem\",\"position\":1,\"name\":\"Home\",\"item\":\"https:\/\/tierpark-bern.ch\/en\/\"},{\"@type\":\"ListItem\",\"position\":2,\"name\":\"Nature Conservation &#038; Animals\",\"item\":\"https:\/\/tierpark-bern.ch\/en\/animals\/\"},{\"@type\":\"ListItem\",\"position\":3,\"name\":\"Protection of species\"}]},{\"@type\":\"WebSite\",\"@id\":\"https:\/\/tierpark-bern.ch\/en\/#website\",\"url\":\"https:\/\/tierpark-bern.ch\/en\/\",\"name\":\"Tierpark Bern\",\"description\":\"\",\"publisher\":{\"@id\":\"https:\/\/tierpark-bern.ch\/en\/#organization\"},\"potentialAction\":[{\"@type\":\"SearchAction\",\"target\":{\"@type\":\"EntryPoint\",\"urlTemplate\":\"https:\/\/tierpark-bern.ch\/en\/?s={search_term_string}\"},\"query-input\":{\"@type\":\"PropertyValueSpecification\",\"valueRequired\":true,\"valueName\":\"search_term_string\"}}],\"inLanguage\":\"en-US\"},{\"@type\":\"Organization\",\"@id\":\"https:\/\/tierpark-bern.ch\/en\/#organization\",\"name\":\"Tierpark Bern | D\u00e4hlh\u00f6lzli + B\u00e4renPark\",\"alternateName\":\"Tierpark Bern\",\"url\":\"https:\/\/tierpark-bern.ch\/en\/\",\"logo\":{\"@type\":\"ImageObject\",\"inLanguage\":\"en-US\",\"@id\":\"https:\/\/tierpark-bern.ch\/en\/#\/schema\/logo\/image\/\",\"url\":\"https:\/\/tierpark-bern.ch\/web\/app\/uploads\/2024\/04\/tierpark-bern-696x696-1.jpg\",\"contentUrl\":\"https:\/\/tierpark-bern.ch\/web\/app\/uploads\/2024\/04\/tierpark-bern-696x696-1.jpg\",\"width\":696,\"height\":696,\"caption\":\"Tierpark Bern | D\u00e4hlh\u00f6lzli + B\u00e4renPark\"},\"image\":{\"@id\":\"https:\/\/tierpark-bern.ch\/en\/#\/schema\/logo\/image\/\"},\"sameAs\":[\"https:\/\/www.facebook.com\/tierparkbern\/\",\"https:\/\/x.com\/tierparkbern\",\"https:\/\/www.instagram.com\/tierparkbern\/\"]}]}<\/script>","yoast_head_json":{"title":"Protection of species | Tierpark Bern","description":"Zoos and zoological parks worldwide pursue the goal of preserving biodiversity.","robots":{"index":"index","follow":"follow","max-snippet":"max-snippet:-1","max-image-preview":"max-image-preview:large","max-video-preview":"max-video-preview:-1"},"canonical":"https:\/\/tierpark-bern.ch\/en\/animals\/protection-of-species\/","og_locale":"en_US","og_type":"article","og_title":"Protection of species | Tierpark Bern","og_description":"Zoos and zoological parks worldwide pursue the goal of preserving biodiversity.","og_url":"https:\/\/tierpark-bern.ch\/en\/animals\/protection-of-species\/","og_site_name":"Tierpark Bern","article_publisher":"https:\/\/www.facebook.com\/tierparkbern\/","article_modified_time":"2023-09-20T12:53:54+00:00","og_image":[{"width":1500,"height":998,"url":"https:\/\/tierpark-bern.ch\/web\/app\/uploads\/2022\/02\/steinkauz.jpg","type":"image\/jpeg"}],"schema":{"@context":"https:\/\/schema.org","@graph":[{"@type":"WebPage","@id":"https:\/\/tierpark-bern.ch\/en\/animals\/protection-of-species\/","url":"https:\/\/tierpark-bern.ch\/en\/animals\/protection-of-species\/","name":"Protection of species | Tierpark Bern","isPartOf":{"@id":"https:\/\/tierpark-bern.ch\/en\/#website"},"primaryImageOfPage":{"@id":"https:\/\/tierpark-bern.ch\/en\/animals\/protection-of-species\/#primaryimage"},"image":{"@id":"https:\/\/tierpark-bern.ch\/en\/animals\/protection-of-species\/#primaryimage"},"thumbnailUrl":"https:\/\/tierpark-bern.ch\/web\/app\/uploads\/2022\/02\/steinkauz.jpg","datePublished":"2020-08-10T11:52:04+00:00","dateModified":"2023-09-20T12:53:54+00:00","description":"Zoos and zoological parks worldwide pursue the goal of preserving biodiversity.","breadcrumb":{"@id":"https:\/\/tierpark-bern.ch\/en\/animals\/protection-of-species\/#breadcrumb"},"inLanguage":"en-US","potentialAction":[{"@type":"ReadAction","target":["https:\/\/tierpark-bern.ch\/en\/animals\/protection-of-species\/"]}]},{"@type":"ImageObject","inLanguage":"en-US","@id":"https:\/\/tierpark-bern.ch\/en\/animals\/protection-of-species\/#primaryimage","url":"https:\/\/tierpark-bern.ch\/web\/app\/uploads\/2022\/02\/steinkauz.jpg","contentUrl":"https:\/\/tierpark-bern.ch\/web\/app\/uploads\/2022\/02\/steinkauz.jpg","width":1500,"height":998,"caption":"11"},{"@type":"BreadcrumbList","@id":"https:\/\/tierpark-bern.ch\/en\/animals\/protection-of-species\/#breadcrumb","itemListElement":[{"@type":"ListItem","position":1,"name":"Home","item":"https:\/\/tierpark-bern.ch\/en\/"},{"@type":"ListItem","position":2,"name":"Nature Conservation &#038; Animals","item":"https:\/\/tierpark-bern.ch\/en\/animals\/"},{"@type":"ListItem","position":3,"name":"Protection of species"}]},{"@type":"WebSite","@id":"https:\/\/tierpark-bern.ch\/en\/#website","url":"https:\/\/tierpark-bern.ch\/en\/","name":"Tierpark Bern","description":"","publisher":{"@id":"https:\/\/tierpark-bern.ch\/en\/#organization"},"potentialAction":[{"@type":"SearchAction","target":{"@type":"EntryPoint","urlTemplate":"https:\/\/tierpark-bern.ch\/en\/?s={search_term_string}"},"query-input":{"@type":"PropertyValueSpecification","valueRequired":true,"valueName":"search_term_string"}}],"inLanguage":"en-US"},{"@type":"Organization","@id":"https:\/\/tierpark-bern.ch\/en\/#organization","name":"Tierpark Bern | D\u00e4hlh\u00f6lzli + B\u00e4renPark","alternateName":"Tierpark Bern","url":"https:\/\/tierpark-bern.ch\/en\/","logo":{"@type":"ImageObject","inLanguage":"en-US","@id":"https:\/\/tierpark-bern.ch\/en\/#\/schema\/logo\/image\/","url":"https:\/\/tierpark-bern.ch\/web\/app\/uploads\/2024\/04\/tierpark-bern-696x696-1.jpg","contentUrl":"https:\/\/tierpark-bern.ch\/web\/app\/uploads\/2024\/04\/tierpark-bern-696x696-1.jpg","width":696,"height":696,"caption":"Tierpark Bern | D\u00e4hlh\u00f6lzli + B\u00e4renPark"},"image":{"@id":"https:\/\/tierpark-bern.ch\/en\/#\/schema\/logo\/image\/"},"sameAs":["https:\/\/www.facebook.com\/tierparkbern\/","https:\/\/x.com\/tierparkbern","https:\/\/www.instagram.com\/tierparkbern\/"]}]}},"_links":{"self":[{"href":"https:\/\/tierpark-bern.ch\/en\/wp-json\/wp\/v2\/pages\/52377","targetHints":{"allow":["GET"]}}],"collection":[{"href":"https:\/\/tierpark-bern.ch\/en\/wp-json\/wp\/v2\/pages"}],"about":[{"href":"https:\/\/tierpark-bern.ch\/en\/wp-json\/wp\/v2\/types\/page"}],"author":[{"embeddable":true,"href":"https:\/\/tierpark-bern.ch\/en\/wp-json\/wp\/v2\/users\/1"}],"replies":[{"embeddable":true,"href":"https:\/\/tierpark-bern.ch\/en\/wp-json\/wp\/v2\/comments?post=52377"}],"version-history":[{"count":0,"href":"https:\/\/tierpark-bern.ch\/en\/wp-json\/wp\/v2\/pages\/52377\/revisions"}],"up":[{"embeddable":true,"href":"https:\/\/tierpark-bern.ch\/en\/wp-json\/wp\/v2\/pages\/51820"}],"wp:featuredmedia":[{"embeddable":true,"href":"https:\/\/tierpark-bern.ch\/en\/wp-json\/wp\/v2\/media\/24121"}],"wp:attachment":[{"href":"https:\/\/tierpark-bern.ch\/en\/wp-json\/wp\/v2\/media?parent=52377"}],"curies":[{"name":"wp","href":"https:\/\/api.w.org\/{rel}","templated":true}]}}