
{"id":52383,"date":"2020-07-16T13:07:30","date_gmt":"2020-07-16T11:07:30","guid":{"rendered":"https:\/\/tierpark-bern.ch\/animals\/tierlexikon\/"},"modified":"2023-02-09T20:51:11","modified_gmt":"2023-02-09T19:51:11","slug":"zoo-encyclopedia","status":"publish","type":"page","link":"https:\/\/tierpark-bern.ch\/en\/animals\/zoo-encyclopedia\/","title":{"rendered":"Zoo Encyclopedia"},"content":{"rendered":"<div class=\"wpb-content-wrapper\"><p>[vc_row][vc_column][vc_column_text]<\/p>\n<h1 style=\"text-align: center;\">Zoo Encyclopedia<\/h1>\n<p style=\"text-align: center;\">Browse through our animal encyclopaedia and read interesting facts about the different zoo animals.<\/p>\n<p>[\/vc_column_text][\/vc_column][\/vc_row][vc_row][vc_column][vc_column_text]<div class=\"container\">\n                <div class=\"row bottom-30 animal-filter-search\">\n                    <div class=\"offset-md-4 col-md-4 offset-md-4\">\n                        <form class=\"search-form-animal-filter\" action=\"javascript:void(0);\">\n                            <input id=\"quicksearch-tiere\" class=\"search-form__input\" type=\"search\" name=\"search\" placeholder=\"Search animal\" aria-label=\"Search animal\">\n                            <span class=\"search-form_filter\">\n\t\t\t\t\t\t<i class=\"fas fa-search\" aria-hidden=\"true\"><\/i>\n\t\t\t\t\t\t<\/span>\n                        <\/form>\n                    <\/div>\n                <\/div>\n                <div class=\"row bottom-40 align-items-end\">\n                    <div class=\"col-12\">\n                        <!-- filter panel start-->\n                        <nav class=\"gel-filter\" aria-label=\"Animal Filter\" role=\"navigation\">\n                        <ul class=\"filter-panel animal-filter-panel\">\n                            <li class=\"filter-panel__item all__item tiere-type filter-panel__item--active\" data-tiertype=\"\" tabindex=\"0\"><span>All<\/span><\/li><li class=\"filter-panel__item tiere-type\" data-tiertype=\"saugetiere\" tabindex=\"0\"><span>Mammals<\/span><\/li><li class=\"filter-panel__item tiere-type\" data-tiertype=\"vogel\" tabindex=\"0\"><span>Birds<\/span><\/li><li class=\"filter-panel__item tiere-type\" data-tiertype=\"reptilien\" tabindex=\"0\"><span>Reptiles<\/span><\/li><li class=\"filter-panel__item tiere-type\" data-tiertype=\"amphibien\" tabindex=\"0\"><span>Amphibians<\/span><\/li><li class=\"filter-panel__item tiere-type\" data-tiertype=\"fische\" tabindex=\"0\"><span>Fish<\/span><\/li><li class=\"filter-panel__item tiere-type\" data-tiertype=\"wirbellose\" tabindex=\"0\"><span>Invertebrates<\/span><\/li><li class=\"filter-panel__item tiere-type\" data-tiertype=\"patentiere\" tabindex=\"0\"><span>Patent<\/span><\/li><\/ul>\n<\/nav>\n                        <!-- filter panel end-->\n                    <\/div>\n                <\/div>\n            <\/div>\n\n            <input type=\"hidden\" id=\"hidden-tiere-type\" name=\"hidden-tiere-type\" value=\"\">\n            <input type=\"hidden\" id=\"tiere-search-val\" name=\"tiere-search\" value=\"\"><div class=\"tierlexikon-html\"><div class=\"tierlexikon-gallery-container new-tier-load\">\n\t\t\t    <div class=\"row gallery-masonry no-gutters\"><div class=\"col-sm-6 col-lg-3 col-xl-3 gallery-masonry__item gallery-masonry__item--tierpark\">\n                            <div class=\"tier-container\" tabindex=\"0\" role=\"link\" onclick=\"tierlinkfunction(this);\" data-href=\"https:\/\/tierpark-bern.ch\/en\/tierlexikon\/mirakelbarsche\/\">\n                                <div class=\"gallery-masonry__img gallery-masonry__item--height-1\"><img decoding=\"async\" class=\"img--bg\" src=\"https:\/\/tierpark-bern.ch\/web\/app\/uploads\/2023\/01\/Mirakelbarsch__T4A9065-2-tierpark-bern-520x400.jpg\" alt=\"Mirakelbarsch schaut in die Kamera\"\/><div class=\"population-content\"><div class=\"global-polulation-icon\"><img decoding=\"async\" src=\"https:\/\/tierpark-bern.ch\/web\/app\/themes\/tierpark-bern\/assets\/images\/leastconcern.svg\" alt=\"Least Concern (nicht gef\u00e4hrdet)\" \/><\/div><\/div><\/div>\n\t\t\t\t\t\t\t<div class=\"gallery-masonry__description\">\n\t\t\t\t\t\t\t    <div class=\"gallery-masonry_sub_desc\"><span>Fish<\/span><span>Mirakelbarsch<\/span>\n\t\t\t\t\t\t\t    <\/div>\n\t\t\t\t\t\t\t<\/div>\n\t\t\t\t\t\t<\/div>\n\t\t\t\t\t<\/div><div class=\"col-sm-6 col-lg-3 col-xl-3 gallery-masonry__item gallery-masonry__item--tierpark\">\n                            <div class=\"tier-container\" tabindex=\"0\" role=\"link\" onclick=\"tierlinkfunction(this);\" data-href=\"https:\/\/tierpark-bern.ch\/en\/tierlexikon\/australische-schlangenhals-schildkroete\/\">\n                                <div class=\"gallery-masonry__img gallery-masonry__item--height-1\"><img decoding=\"async\" class=\"img--bg\" src=\"https:\/\/tierpark-bern.ch\/web\/app\/uploads\/2023\/12\/australische_schlangenhalsschildkroete_TA49673-520x400.jpg\" alt=\"Nahaufnahme einer Australische Schlangenhals-Schildkr\u00f6te\"\/><div class=\"population-content\"><div class=\"global-polulation-icon\"><img decoding=\"async\" src=\"https:\/\/tierpark-bern.ch\/web\/app\/themes\/tierpark-bern\/assets\/images\/datadeficient.svg\" alt=\"Data Deficient (ungen\u00fcgende Datenlage)\" \/><\/div><\/div><\/div>\n\t\t\t\t\t\t\t<div class=\"gallery-masonry__description\">\n\t\t\t\t\t\t\t    <div class=\"gallery-masonry_sub_desc\"><span>Reptiles<\/span><span>Australische Schlangenhalsschildkr\u00f6te<\/span>\n\t\t\t\t\t\t\t    <\/div>\n\t\t\t\t\t\t\t<\/div>\n\t\t\t\t\t\t<\/div>\n\t\t\t\t\t<\/div><div class=\"col-sm-6 col-lg-3 col-xl-3 gallery-masonry__item gallery-masonry__item--tierpark\">\n                            <div class=\"tier-container\" tabindex=\"0\" role=\"link\" onclick=\"tierlinkfunction(this);\" data-href=\"https:\/\/tierpark-bern.ch\/en\/tierlexikon\/gruener-baumpython\/\">\n                                <div class=\"gallery-masonry__img gallery-masonry__item--height-1\"><img decoding=\"async\" class=\"img--bg\" src=\"https:\/\/tierpark-bern.ch\/web\/app\/uploads\/2020\/07\/tierpark-bern-daehlhoelzli-zoo-97.jpg\" alt=\"\"\/><div class=\"population-content\"><div class=\"global-polulation-icon\"><img decoding=\"async\" src=\"https:\/\/tierpark-bern.ch\/web\/app\/themes\/tierpark-bern\/assets\/images\/leastconcern.svg\" alt=\"Least Concern (nicht gef\u00e4hrdet)\" \/><\/div><\/div><\/div>\n\t\t\t\t\t\t\t<div class=\"gallery-masonry__description\">\n\t\t\t\t\t\t\t    <div class=\"gallery-masonry_sub_desc\"><span>Reptiles<\/span><span>Gr\u00fcner Baumpython<\/span>\n\t\t\t\t\t\t\t    <\/div>\n\t\t\t\t\t\t\t<\/div>\n\t\t\t\t\t\t<\/div>\n\t\t\t\t\t<\/div><div class=\"col-sm-6 col-lg-3 col-xl-3 gallery-masonry__item gallery-masonry__item--tierpark\">\n                            <div class=\"tier-container\" tabindex=\"0\" role=\"link\" onclick=\"tierlinkfunction(this);\" data-href=\"https:\/\/tierpark-bern.ch\/en\/tierlexikon\/fuchsgesicht\/\">\n                                <div class=\"gallery-masonry__img gallery-masonry__item--height-1\"><img decoding=\"async\" class=\"img--bg\" src=\"https:\/\/tierpark-bern.ch\/web\/app\/uploads\/2022\/03\/Siganus-vulpinus.jpg\" alt=\"\"\/><div class=\"population-content\"><div class=\"global-polulation-icon\"><img decoding=\"async\" src=\"https:\/\/tierpark-bern.ch\/web\/app\/themes\/tierpark-bern\/assets\/images\/leastconcern.svg\" alt=\"Least Concern (nicht gef\u00e4hrdet)\" \/><\/div><\/div><\/div>\n\t\t\t\t\t\t\t<div class=\"gallery-masonry__description\">\n\t\t\t\t\t\t\t    <div class=\"gallery-masonry_sub_desc\"><span>Fish<\/span><span>Fuchsgesicht<\/span>\n\t\t\t\t\t\t\t    <\/div>\n\t\t\t\t\t\t\t<\/div>\n\t\t\t\t\t\t<\/div>\n\t\t\t\t\t<\/div><div class=\"col-sm-6 col-lg-3 col-xl-3 gallery-masonry__item gallery-masonry__item--tierpark\">\n                            <div class=\"tier-container\" tabindex=\"0\" role=\"link\" onclick=\"tierlinkfunction(this);\" data-href=\"https:\/\/tierpark-bern.ch\/en\/tierlexikon\/eiderente\/\">\n                                <div class=\"gallery-masonry__img gallery-masonry__item--height-1\"><img decoding=\"async\" class=\"img--bg\" src=\"https:\/\/tierpark-bern.ch\/web\/app\/uploads\/2022\/02\/eiderenten-tierpark-bern-44.jpg\" alt=\"\"\/><div class=\"population-content\"><div class=\"local-polulation-icon\"><img decoding=\"async\" src=\"https:\/\/tierpark-bern.ch\/web\/app\/themes\/tierpark-bern\/assets\/images\/EN.png\" alt=\"EN - Endangered (stark gef\u00e4hrdet)\" \/><\/div><div class=\"global-polulation-icon\"><img decoding=\"async\" src=\"https:\/\/tierpark-bern.ch\/web\/app\/themes\/tierpark-bern\/assets\/images\/nearthreatened.svg\" alt=\"Near Threatened (gering gef\u00e4hrdet)\" \/><\/div><\/div><\/div>\n\t\t\t\t\t\t\t<div class=\"gallery-masonry__description\">\n\t\t\t\t\t\t\t    <div class=\"gallery-masonry_sub_desc\"><span>Birds<\/span><span>Eiderente<\/span>\n\t\t\t\t\t\t\t    <\/div>\n\t\t\t\t\t\t\t<\/div>\n\t\t\t\t\t\t<\/div>\n\t\t\t\t\t<\/div><div class=\"col-sm-6 col-lg-3 col-xl-3 gallery-masonry__item gallery-masonry__item--tierpark\">\n                            <div class=\"tier-container\" tabindex=\"0\" role=\"link\" onclick=\"tierlinkfunction(this);\" data-href=\"https:\/\/tierpark-bern.ch\/en\/tierlexikon\/diepholzer-gans\/\">\n                                <div class=\"gallery-masonry__img gallery-masonry__item--height-1\"><img decoding=\"async\" class=\"img--bg\" src=\"https:\/\/tierpark-bern.ch\/web\/app\/uploads\/2020\/07\/diepholzer-gans-tierpark-bern-9.jpg\" alt=\"\"\/><div class=\"population-content\"><\/div><\/div>\n\t\t\t\t\t\t\t<div class=\"gallery-masonry__description\">\n\t\t\t\t\t\t\t    <div class=\"gallery-masonry_sub_desc\"><span>Birds<\/span><span>Diepholzer Gans<\/span>\n\t\t\t\t\t\t\t    <\/div>\n\t\t\t\t\t\t\t<\/div>\n\t\t\t\t\t\t<\/div>\n\t\t\t\t\t<\/div><div class=\"col-sm-6 col-lg-3 col-xl-3 gallery-masonry__item gallery-masonry__item--tierpark\">\n                            <div class=\"tier-container\" tabindex=\"0\" role=\"link\" onclick=\"tierlinkfunction(this);\" data-href=\"https:\/\/tierpark-bern.ch\/en\/tierlexikon\/baumhoehlen-kroetenlaubfrosch\/\">\n                                <div class=\"gallery-masonry__img gallery-masonry__item--height-1\"><img decoding=\"async\" class=\"img--bg\" src=\"https:\/\/tierpark-bern.ch\/web\/app\/uploads\/2022\/03\/Trachycephalus-resinifictrix.jpg\" alt=\"\"\/><div class=\"population-content\"><div class=\"global-polulation-icon\"><img decoding=\"async\" src=\"https:\/\/tierpark-bern.ch\/web\/app\/themes\/tierpark-bern\/assets\/images\/leastconcern.svg\" alt=\"Least Concern (nicht gef\u00e4hrdet)\" \/><\/div><\/div><\/div>\n\t\t\t\t\t\t\t<div class=\"gallery-masonry__description\">\n\t\t\t\t\t\t\t    <div class=\"gallery-masonry_sub_desc\"><span>Amphibians<\/span><span>Baumh\u00f6hlen-Kr\u00f6tenlaubfrosch<\/span>\n\t\t\t\t\t\t\t    <\/div>\n\t\t\t\t\t\t\t<\/div>\n\t\t\t\t\t\t<\/div>\n\t\t\t\t\t<\/div><div class=\"col-sm-6 col-lg-3 col-xl-3 gallery-masonry__item gallery-masonry__item--tierpark\">\n                            <div class=\"tier-container\" tabindex=\"0\" role=\"link\" onclick=\"tierlinkfunction(this);\" data-href=\"https:\/\/tierpark-bern.ch\/en\/tierlexikon\/lewitzer-pony\/\">\n                                <div class=\"gallery-masonry__img gallery-masonry__item--height-1\"><img decoding=\"async\" class=\"img--bg\" src=\"https:\/\/tierpark-bern.ch\/web\/app\/uploads\/2020\/07\/pony-kinderzoo-im-Tierpark-Bern-25.jpg\" alt=\"\"\/><div class=\"population-content\"><\/div><\/div>\n\t\t\t\t\t\t\t<div class=\"gallery-masonry__description\">\n\t\t\t\t\t\t\t    <div class=\"gallery-masonry_sub_desc\"><span>Mammals<\/span><span>Lewitzer Pony<\/span>\n\t\t\t\t\t\t\t    <\/div>\n\t\t\t\t\t\t\t<\/div>\n\t\t\t\t\t\t<\/div>\n\t\t\t\t\t<\/div><\/div>\n          <\/div><\/div><div id=\"loader\" class=\"loader hidden\"><\/div><div class=\"col-12 text-center\"><div class=\"load-more-btn button button--primary button--tierpark\" data-page=\"1\" id=\"load-more-animals\" role=\"button\" tabindex=\"0\">Load more animals<\/div><\/div>[\/vc_column_text][\/vc_column][\/vc_row]<\/p>\n<\/div>","protected":false},"excerpt":{"rendered":"<p>Browse through our animal encyclopaedia and read interesting facts about the various zoo animals at the Bern Zoo.<\/p>\n","protected":false},"author":1,"featured_media":52280,"parent":51820,"menu_order":0,"comment_status":"closed","ping_status":"closed","template":"","meta":{"_acf_changed":false,"footnotes":""},"class_list":["post-52383","page","type-page","status-publish","has-post-thumbnail","hentry"],"acf":[],"yoast_head":"<title>Zoo Encyclopedia | Tierpark Bern<\/title>\n<meta name=\"description\" content=\"Browse through our animal encyclopaedia and read interesting facts about the various zoo animals at the Bern Zoo.\" \/>\n<meta name=\"robots\" content=\"index, follow, max-snippet:-1, max-image-preview:large, max-video-preview:-1\" \/>\n<link rel=\"canonical\" href=\"https:\/\/tierpark-bern.ch\/en\/animals\/zoo-encyclopedia\/\" \/>\n<meta property=\"og:locale\" content=\"en_US\" \/>\n<meta property=\"og:type\" content=\"article\" \/>\n<meta property=\"og:title\" content=\"Zoo Encyclopedia | Tierpark Bern\" \/>\n<meta property=\"og:description\" content=\"Browse through our animal encyclopaedia and read interesting facts about the various zoo animals at the Bern Zoo.\" \/>\n<meta property=\"og:url\" content=\"https:\/\/tierpark-bern.ch\/en\/animals\/zoo-encyclopedia\/\" \/>\n<meta property=\"og:site_name\" content=\"Tierpark Bern\" \/>\n<meta property=\"article:publisher\" content=\"https:\/\/www.facebook.com\/tierparkbern\/\" \/>\n<meta property=\"article:modified_time\" content=\"2023-02-09T19:51:11+00:00\" \/>\n<meta property=\"og:image\" content=\"https:\/\/tierpark-bern.ch\/web\/app\/uploads\/2020\/07\/sumpfschildkroete-auswilderung-tierpark-bern-2.jpg\" \/>\n\t<meta property=\"og:image:width\" content=\"2258\" \/>\n\t<meta property=\"og:image:height\" content=\"1494\" \/>\n\t<meta property=\"og:image:type\" content=\"image\/jpeg\" \/>\n<script type=\"application\/ld+json\" class=\"yoast-schema-graph\">{\"@context\":\"https:\/\/schema.org\",\"@graph\":[{\"@type\":\"WebPage\",\"@id\":\"https:\/\/tierpark-bern.ch\/en\/animals\/zoo-encyclopedia\/\",\"url\":\"https:\/\/tierpark-bern.ch\/en\/animals\/zoo-encyclopedia\/\",\"name\":\"Zoo Encyclopedia | Tierpark Bern\",\"isPartOf\":{\"@id\":\"https:\/\/tierpark-bern.ch\/en\/#website\"},\"primaryImageOfPage\":{\"@id\":\"https:\/\/tierpark-bern.ch\/en\/animals\/zoo-encyclopedia\/#primaryimage\"},\"image\":{\"@id\":\"https:\/\/tierpark-bern.ch\/en\/animals\/zoo-encyclopedia\/#primaryimage\"},\"thumbnailUrl\":\"https:\/\/tierpark-bern.ch\/web\/app\/uploads\/2020\/07\/sumpfschildkroete-auswilderung-tierpark-bern-2.jpg\",\"datePublished\":\"2020-07-16T11:07:30+00:00\",\"dateModified\":\"2023-02-09T19:51:11+00:00\",\"description\":\"Browse through our animal encyclopaedia and read interesting facts about the various zoo animals at the Bern Zoo.\",\"breadcrumb\":{\"@id\":\"https:\/\/tierpark-bern.ch\/en\/animals\/zoo-encyclopedia\/#breadcrumb\"},\"inLanguage\":\"en-US\",\"potentialAction\":[{\"@type\":\"ReadAction\",\"target\":[\"https:\/\/tierpark-bern.ch\/en\/animals\/zoo-encyclopedia\/\"]}]},{\"@type\":\"ImageObject\",\"inLanguage\":\"en-US\",\"@id\":\"https:\/\/tierpark-bern.ch\/en\/animals\/zoo-encyclopedia\/#primaryimage\",\"url\":\"https:\/\/tierpark-bern.ch\/web\/app\/uploads\/2020\/07\/sumpfschildkroete-auswilderung-tierpark-bern-2.jpg\",\"contentUrl\":\"https:\/\/tierpark-bern.ch\/web\/app\/uploads\/2020\/07\/sumpfschildkroete-auswilderung-tierpark-bern-2.jpg\",\"width\":2258,\"height\":1494},{\"@type\":\"BreadcrumbList\",\"@id\":\"https:\/\/tierpark-bern.ch\/en\/animals\/zoo-encyclopedia\/#breadcrumb\",\"itemListElement\":[{\"@type\":\"ListItem\",\"position\":1,\"name\":\"Home\",\"item\":\"https:\/\/tierpark-bern.ch\/en\/\"},{\"@type\":\"ListItem\",\"position\":2,\"name\":\"Nature Conservation &#038; Animals\",\"item\":\"https:\/\/tierpark-bern.ch\/en\/animals\/\"},{\"@type\":\"ListItem\",\"position\":3,\"name\":\"Zoo Encyclopedia\"}]},{\"@type\":\"WebSite\",\"@id\":\"https:\/\/tierpark-bern.ch\/en\/#website\",\"url\":\"https:\/\/tierpark-bern.ch\/en\/\",\"name\":\"Tierpark Bern\",\"description\":\"\",\"publisher\":{\"@id\":\"https:\/\/tierpark-bern.ch\/en\/#organization\"},\"potentialAction\":[{\"@type\":\"SearchAction\",\"target\":{\"@type\":\"EntryPoint\",\"urlTemplate\":\"https:\/\/tierpark-bern.ch\/en\/?s={search_term_string}\"},\"query-input\":{\"@type\":\"PropertyValueSpecification\",\"valueRequired\":true,\"valueName\":\"search_term_string\"}}],\"inLanguage\":\"en-US\"},{\"@type\":\"Organization\",\"@id\":\"https:\/\/tierpark-bern.ch\/en\/#organization\",\"name\":\"Tierpark Bern | D\u00e4hlh\u00f6lzli + B\u00e4renPark\",\"alternateName\":\"Tierpark Bern\",\"url\":\"https:\/\/tierpark-bern.ch\/en\/\",\"logo\":{\"@type\":\"ImageObject\",\"inLanguage\":\"en-US\",\"@id\":\"https:\/\/tierpark-bern.ch\/en\/#\/schema\/logo\/image\/\",\"url\":\"https:\/\/tierpark-bern.ch\/web\/app\/uploads\/2024\/04\/tierpark-bern-696x696-1.jpg\",\"contentUrl\":\"https:\/\/tierpark-bern.ch\/web\/app\/uploads\/2024\/04\/tierpark-bern-696x696-1.jpg\",\"width\":696,\"height\":696,\"caption\":\"Tierpark Bern | D\u00e4hlh\u00f6lzli + B\u00e4renPark\"},\"image\":{\"@id\":\"https:\/\/tierpark-bern.ch\/en\/#\/schema\/logo\/image\/\"},\"sameAs\":[\"https:\/\/www.facebook.com\/tierparkbern\/\",\"https:\/\/x.com\/tierparkbern\",\"https:\/\/www.instagram.com\/tierparkbern\/\"]}]}<\/script>","yoast_head_json":{"title":"Zoo Encyclopedia | Tierpark Bern","description":"Browse through our animal encyclopaedia and read interesting facts about the various zoo animals at the Bern Zoo.","robots":{"index":"index","follow":"follow","max-snippet":"max-snippet:-1","max-image-preview":"max-image-preview:large","max-video-preview":"max-video-preview:-1"},"canonical":"https:\/\/tierpark-bern.ch\/en\/animals\/zoo-encyclopedia\/","og_locale":"en_US","og_type":"article","og_title":"Zoo Encyclopedia | Tierpark Bern","og_description":"Browse through our animal encyclopaedia and read interesting facts about the various zoo animals at the Bern Zoo.","og_url":"https:\/\/tierpark-bern.ch\/en\/animals\/zoo-encyclopedia\/","og_site_name":"Tierpark Bern","article_publisher":"https:\/\/www.facebook.com\/tierparkbern\/","article_modified_time":"2023-02-09T19:51:11+00:00","og_image":[{"width":2258,"height":1494,"url":"https:\/\/tierpark-bern.ch\/web\/app\/uploads\/2020\/07\/sumpfschildkroete-auswilderung-tierpark-bern-2.jpg","type":"image\/jpeg"}],"schema":{"@context":"https:\/\/schema.org","@graph":[{"@type":"WebPage","@id":"https:\/\/tierpark-bern.ch\/en\/animals\/zoo-encyclopedia\/","url":"https:\/\/tierpark-bern.ch\/en\/animals\/zoo-encyclopedia\/","name":"Zoo Encyclopedia | Tierpark Bern","isPartOf":{"@id":"https:\/\/tierpark-bern.ch\/en\/#website"},"primaryImageOfPage":{"@id":"https:\/\/tierpark-bern.ch\/en\/animals\/zoo-encyclopedia\/#primaryimage"},"image":{"@id":"https:\/\/tierpark-bern.ch\/en\/animals\/zoo-encyclopedia\/#primaryimage"},"thumbnailUrl":"https:\/\/tierpark-bern.ch\/web\/app\/uploads\/2020\/07\/sumpfschildkroete-auswilderung-tierpark-bern-2.jpg","datePublished":"2020-07-16T11:07:30+00:00","dateModified":"2023-02-09T19:51:11+00:00","description":"Browse through our animal encyclopaedia and read interesting facts about the various zoo animals at the Bern Zoo.","breadcrumb":{"@id":"https:\/\/tierpark-bern.ch\/en\/animals\/zoo-encyclopedia\/#breadcrumb"},"inLanguage":"en-US","potentialAction":[{"@type":"ReadAction","target":["https:\/\/tierpark-bern.ch\/en\/animals\/zoo-encyclopedia\/"]}]},{"@type":"ImageObject","inLanguage":"en-US","@id":"https:\/\/tierpark-bern.ch\/en\/animals\/zoo-encyclopedia\/#primaryimage","url":"https:\/\/tierpark-bern.ch\/web\/app\/uploads\/2020\/07\/sumpfschildkroete-auswilderung-tierpark-bern-2.jpg","contentUrl":"https:\/\/tierpark-bern.ch\/web\/app\/uploads\/2020\/07\/sumpfschildkroete-auswilderung-tierpark-bern-2.jpg","width":2258,"height":1494},{"@type":"BreadcrumbList","@id":"https:\/\/tierpark-bern.ch\/en\/animals\/zoo-encyclopedia\/#breadcrumb","itemListElement":[{"@type":"ListItem","position":1,"name":"Home","item":"https:\/\/tierpark-bern.ch\/en\/"},{"@type":"ListItem","position":2,"name":"Nature Conservation &#038; Animals","item":"https:\/\/tierpark-bern.ch\/en\/animals\/"},{"@type":"ListItem","position":3,"name":"Zoo Encyclopedia"}]},{"@type":"WebSite","@id":"https:\/\/tierpark-bern.ch\/en\/#website","url":"https:\/\/tierpark-bern.ch\/en\/","name":"Tierpark Bern","description":"","publisher":{"@id":"https:\/\/tierpark-bern.ch\/en\/#organization"},"potentialAction":[{"@type":"SearchAction","target":{"@type":"EntryPoint","urlTemplate":"https:\/\/tierpark-bern.ch\/en\/?s={search_term_string}"},"query-input":{"@type":"PropertyValueSpecification","valueRequired":true,"valueName":"search_term_string"}}],"inLanguage":"en-US"},{"@type":"Organization","@id":"https:\/\/tierpark-bern.ch\/en\/#organization","name":"Tierpark Bern | D\u00e4hlh\u00f6lzli + B\u00e4renPark","alternateName":"Tierpark Bern","url":"https:\/\/tierpark-bern.ch\/en\/","logo":{"@type":"ImageObject","inLanguage":"en-US","@id":"https:\/\/tierpark-bern.ch\/en\/#\/schema\/logo\/image\/","url":"https:\/\/tierpark-bern.ch\/web\/app\/uploads\/2024\/04\/tierpark-bern-696x696-1.jpg","contentUrl":"https:\/\/tierpark-bern.ch\/web\/app\/uploads\/2024\/04\/tierpark-bern-696x696-1.jpg","width":696,"height":696,"caption":"Tierpark Bern | D\u00e4hlh\u00f6lzli + B\u00e4renPark"},"image":{"@id":"https:\/\/tierpark-bern.ch\/en\/#\/schema\/logo\/image\/"},"sameAs":["https:\/\/www.facebook.com\/tierparkbern\/","https:\/\/x.com\/tierparkbern","https:\/\/www.instagram.com\/tierparkbern\/"]}]}},"_links":{"self":[{"href":"https:\/\/tierpark-bern.ch\/en\/wp-json\/wp\/v2\/pages\/52383","targetHints":{"allow":["GET"]}}],"collection":[{"href":"https:\/\/tierpark-bern.ch\/en\/wp-json\/wp\/v2\/pages"}],"about":[{"href":"https:\/\/tierpark-bern.ch\/en\/wp-json\/wp\/v2\/types\/page"}],"author":[{"embeddable":true,"href":"https:\/\/tierpark-bern.ch\/en\/wp-json\/wp\/v2\/users\/1"}],"replies":[{"embeddable":true,"href":"https:\/\/tierpark-bern.ch\/en\/wp-json\/wp\/v2\/comments?post=52383"}],"version-history":[{"count":0,"href":"https:\/\/tierpark-bern.ch\/en\/wp-json\/wp\/v2\/pages\/52383\/revisions"}],"up":[{"embeddable":true,"href":"https:\/\/tierpark-bern.ch\/en\/wp-json\/wp\/v2\/pages\/51820"}],"wp:featuredmedia":[{"embeddable":true,"href":"https:\/\/tierpark-bern.ch\/en\/wp-json\/wp\/v2\/media\/52280"}],"wp:attachment":[{"href":"https:\/\/tierpark-bern.ch\/en\/wp-json\/wp\/v2\/media?parent=52383"}],"curies":[{"name":"wp","href":"https:\/\/api.w.org\/{rel}","templated":true}]}}