
{"id":52522,"date":"2021-09-03T00:10:17","date_gmt":"2021-09-02T22:10:17","guid":{"rendered":"https:\/\/tierpark-bern.ch\/animals\/facilities\/vivarium\/riff\/"},"modified":"2023-11-28T13:43:11","modified_gmt":"2023-11-28T12:43:11","slug":"riff","status":"publish","type":"page","link":"https:\/\/tierpark-bern.ch\/en\/animals\/facilities\/vivarium\/riff\/","title":{"rendered":"Bern reef"},"content":{"rendered":"<div class=\"wpb-content-wrapper\"><p>[vc_row][vc_column][vc_column_text]<\/p>\n<h1>Bern reefn<\/h1>\n<p>At Bern Animal Park you can dive into the colourful world of coral reefs. The Bern reef in the Vivarium consists of an artificial ceramic reef that forms the skeleton and replaces imported live reef rock taken from nature. The diverse corals thrive so magnificently on the artificial reef structure that the animal keepers regularly have to carefully climb into the reef and &#8220;garden&#8221;.<\/p>\n<p>The reef tank contains 40 000 litres of water and was built in 2013 in the course of the Vivarium roof renovation. The various corals belong to the groups of stony corals, leather corals and gorgonians. In between, there are numerous invertebrate species such as snails, mussels, sea stars, brittle stars and anemones.[\/vc_column_text][\/vc_column][\/vc_row][vc_row][vc_column width=&#8221;1\/2&#8243;][vc_single_image image=&#8221;21744&#8243; add_custom_caption_class=&#8221;yes&#8221;][vc_column_text]The colourful coral reef in Bern.[\/vc_column_text][\/vc_column][vc_column width=&#8221;1\/2&#8243;][vc_single_image image=&#8221;25819&#8243; add_custom_caption_class=&#8221;yes&#8221;][\/vc_column][\/vc_row][vc_row][vc_column][vc_column_text]Coral reefs are among the most colourful ecosystems on earth. For a long time, experts disagreed on whether the colours of the fish living among the corals serve as camouflage in the colourful habitat or as advertising or warning. But as is so often the case in nature, there is no either &#8211; or, both probably apply &#8211; and often simultaneously.[\/vc_column_text][\/vc_column][\/vc_row][vc_row][vc_column width=&#8221;1\/2&#8243;][vc_single_image image=&#8221;22962&#8243; add_custom_caption_class=&#8221;yes&#8221;][vc_column_text]Numerous colourful surgeonfish such as the sailfin and orange spotted surgeonfish cavort in the reef.[\/vc_column_text][\/vc_column][vc_column width=&#8221;1\/2&#8243;][vc_single_image image=&#8221;21814&#8243; add_caption=&#8221;yes&#8221;][\/vc_column][\/vc_row][vc_row][vc_column][vc_column_text]<\/p>\n<div class=\"zoo-link-info\">\n<div class=\"container\">\n<div class=\"row\">\n<div class=\"col-md-8 col-sm-12\">\n<div class=\"zoo-link-text-container\"><span class=\"zoo-link-text\">Have you ever stood in front of the coral reef aquarium at D\u00e4hlh\u00f6lzli and wondered why the coral fish are actually so colourful?<\/span><\/div>\n<\/div>\n<div class=\"col-md-4 col-sm-12 zoo-link-btn-container\"><span class=\"zoo-link-btn\"><a class=\"button button-zoo-info\" href=\"https:\/\/tierpark-bern.ch\/en\/news\/so-bunt-und-vielfaeltig-ist-das-leben-im-riff\/\" rel=\"noopener\">More about the colourful reef habitat <\/a><\/span><\/div>\n<\/div>\n<\/div>\n<\/div>\n<p>[\/vc_column_text][\/vc_column][\/vc_row][vc_row][vc_column width=&#8221;1\/2&#8243;][vc_column_text]<\/p>\n<div class=\"tbl-species-list-container\">\n<h2>Animals in the facility<\/h2>\n<table class=\"tbl-all-species-list\">\n<tbody>\n<tr>\n<td style=\"width: 100%;\"><a href=\"https:\/\/tierpark-bern.ch\/en\/tierlexikon\/pazifischer-segelflossen-doktorfisch\/\"><strong>Pazifischer Segelflossen-Doktorfisch<\/strong><\/a><\/td>\n<\/tr>\n<tr>\n<td style=\"width: 100%;\"><a href=\"https:\/\/tierpark-bern.ch\/en\/tierlexikon\/orangefleck-doktorfisch\/\"><strong>Orangefleck-Doktorfisch<\/strong><\/a><\/td>\n<\/tr>\n<tr>\n<td style=\"width: 100%;\"><a href=\"https:\/\/tierpark-bern.ch\/en\/tierlexikon\/rotmeer-doktorfisch\/\"><strong>Rotmeer-Doktorfisch<\/strong><\/a><\/td>\n<\/tr>\n<tr>\n<td style=\"width: 100%;\"><a href=\"https:\/\/tierpark-bern.ch\/en\/tierlexikon\/paletten-doktorfisch\/\"><strong>Paletten-Doktorfisch<\/strong><\/a><\/td>\n<\/tr>\n<tr>\n<td style=\"width: 100%;\"><a href=\"https:\/\/tierpark-bern.ch\/en\/tierlexikon\/zitronen-segelflossen-doktorfisch\/\"><strong>Zitronensegelflossen-Doktorfisch<\/strong><\/a><\/td>\n<\/tr>\n<tr>\n<td style=\"width: 100%;\"><a href=\"https:\/\/tierpark-bern.ch\/en\/tierlexikon\/goldringborstenzahn-doktorfisch\/\"><strong>Goldringborstenzahn-Doktorfisch<\/strong><\/a><\/td>\n<\/tr>\n<tr>\n<td style=\"width: 100%;\"><a href=\"https:\/\/tierpark-bern.ch\/en\/tierlexikon\/gitter-doktorfisch\/\"><strong>Gitter-Doktorfisch<\/strong><\/a><\/td>\n<\/tr>\n<tr>\n<td style=\"width: 100%;\"><a href=\"https:\/\/tierpark-bern.ch\/en\/tierlexikon\/fuchsgesicht\/\"><strong>Fuchsgesicht<\/strong><\/a><\/td>\n<\/tr>\n<tr>\n<td style=\"width: 100%;\"><a href=\"https:\/\/tierpark-bern.ch\/en\/tierlexikon\/gelbbrauner-kofferfisch\/\"><strong>Gelbbrauner Kofferfisch<\/strong><\/a><\/td>\n<\/tr>\n<tr>\n<td style=\"width: 100%;\"><a href=\"https:\/\/tierpark-bern.ch\/en\/tierlexikon\/gelbe-korallengrundel\/\"><strong>Gelbe Korallengrundel<\/strong><\/a><\/td>\n<\/tr>\n<tr>\n<td style=\"width: 100%;\"><a href=\"https:\/\/tierpark-bern.ch\/en\/tierlexikon\/kopfband-kaninchenfisch\/\"><strong>Kopfband Kaninchenfisch<\/strong><\/a><\/td>\n<\/tr>\n<tr>\n<td style=\"width: 100%;\"><a href=\"https:\/\/tierpark-bern.ch\/en\/tierlexikon\/leoparden-junker\/\"><strong>Leoparden-Junker<\/strong><\/a><\/td>\n<\/tr>\n<tr>\n<td style=\"width: 100%;\"><a href=\"https:\/\/tierpark-bern.ch\/en\/tierlexikon\/gemeiner-putzerfisch\/\"><strong>Gemeiner Putzerfisch<\/strong><\/a><\/td>\n<\/tr>\n<tr>\n<td style=\"width: 100%;\"><a href=\"https:\/\/tierpark-bern.ch\/en\/tierlexikon\/indischer-kanarien-lippfisch\/\"><strong>Indischer Kanarien Lippfisch<\/strong><\/a><\/td>\n<\/tr>\n<tr>\n<td style=\"width: 100%;\"><a href=\"https:\/\/tierpark-bern.ch\/en\/tierlexikon\/clown-anemonenfisch\/\"><strong>Clown-Anemonenfisch<\/strong><\/a><\/td>\n<\/tr>\n<tr>\n<td style=\"width: 100%;\"><a href=\"https:\/\/tierpark-bern.ch\/en\/tierlexikon\/gruener-schwalbenschwanz\/\"><strong>Gr\u00fcner Schwalbenschwanz<\/strong><\/a><\/td>\n<\/tr>\n<tr>\n<td style=\"width: 100%;\"><a href=\"https:\/\/tierpark-bern.ch\/en\/tierlexikon\/flammen-zwergkaiserfisch\/\"><strong>Flammen-Zwergkaiserfisch<\/strong><\/a><\/td>\n<\/tr>\n<tr>\n<td style=\"width: 100%;\"><a href=\"https:\/\/tierpark-bern.ch\/en\/tierlexikon\/streifen-zwergkaiserfisch\/\"><strong>Streifen-Zwergkaiserfisch<\/strong><\/a><\/td>\n<\/tr>\n<tr>\n<td style=\"width: 100%;\"><a href=\"https:\/\/tierpark-bern.ch\/en\/tierlexikon\/gelber-pyramidenfalterfisch\/\"><strong>Gelber Pyramiden-Falterfisch<\/strong><\/a><\/td>\n<\/tr>\n<tr>\n<td style=\"width: 100%;\"><a href=\"https:\/\/tierpark-bern.ch\/en\/tierlexikon\/orangebinden-pinzettfisch\/\"><strong>Orangenbinden-Pinzettfisch<\/strong><\/a><\/td>\n<\/tr>\n<tr>\n<td style=\"width: 100%;\"><a href=\"https:\/\/tierpark-bern.ch\/en\/tierlexikon\/banggai-kardinalbarsch\/\"><strong>Banggai Kardinalbarsch<\/strong><\/a><\/td>\n<\/tr>\n<tr>\n<td style=\"width: 100%;\"><a href=\"https:\/\/tierpark-bern.ch\/en\/tierlexikon\/pyjama-kardinalbarsch\/\"><strong>Pyjama-Kardinalbarsch<\/strong><\/a><\/td>\n<\/tr>\n<tr>\n<td style=\"width: 100%;\"><a href=\"https:\/\/tierpark-bern.ch\/en\/tierlexikon\/mirakelbarsche\/\"><strong>Mirakelbarsch<\/strong><\/a><\/td>\n<\/tr>\n<tr>\n<td style=\"width: 100%;\"><a href=\"https:\/\/tierpark-bern.ch\/en\/tierlexikon\/juwelen-fahnenbarsch\/\"><strong>Juwelen Fahnenbarsch<\/strong><\/a><\/td>\n<\/tr>\n<tr>\n<td style=\"width: 100%;\"><a href=\"https:\/\/tierpark-bern.ch\/en\/tierlexikon\/ohrfleck-roehrenaal\/\"><strong>Ohrfleck-R\u00f6hrenaal<\/strong><\/a><\/td>\n<\/tr>\n<tr>\n<td style=\"width: 100%;\"><a href=\"https:\/\/tierpark-bern.ch\/en\/tierlexikon\/sanddollar\/\"><strong>Sanddollar<\/strong><\/a><\/td>\n<\/tr>\n<tr>\n<td style=\"width: 100%;\"><strong>Diverse Schlangenstern<\/strong><\/td>\n<\/tr>\n<tr>\n<td style=\"width: 100%;\"><strong>Diverse Riesenmuschel<\/strong><\/td>\n<\/tr>\n<tr>\n<td style=\"width: 100%;\"><strong>Diverse Schnecken<\/strong><\/td>\n<\/tr>\n<tr>\n<td style=\"width: 100%;\"><strong>Krustenanemonen<\/strong><\/td>\n<\/tr>\n<tr>\n<td style=\"width: 100%;\"><a href=\"https:\/\/tierpark-bern.ch\/en\/tierlexikon\/korallen\/\"><strong>Diverse Korallen<\/strong><\/a><\/td>\n<\/tr>\n<\/tbody>\n<\/table>\n<\/div>\n<p>[\/vc_column_text][\/vc_column][vc_column width=&#8221;1\/2&#8243;][\/vc_column][\/vc_row]<\/p>\n<\/div>","protected":false},"excerpt":{"rendered":"<p>In the Bern Zoo you can immerse yourself in the colorful world of coral reefs.<\/p>\n","protected":false},"author":1,"featured_media":22965,"parent":52299,"menu_order":0,"comment_status":"closed","ping_status":"closed","template":"","meta":{"_acf_changed":false,"footnotes":""},"class_list":["post-52522","page","type-page","status-publish","has-post-thumbnail","hentry"],"acf":[],"yoast_head":"<title>Bern reef | Tierpark Bern<\/title>\n<meta name=\"description\" content=\"In the Bern Zoo you can immerse yourself in the colorful world of coral reefs.\" \/>\n<meta name=\"robots\" content=\"index, follow, max-snippet:-1, max-image-preview:large, max-video-preview:-1\" \/>\n<link rel=\"canonical\" href=\"https:\/\/tierpark-bern.ch\/en\/animals\/facilities\/vivarium\/riff\/\" \/>\n<meta property=\"og:locale\" content=\"en_US\" \/>\n<meta property=\"og:type\" content=\"article\" \/>\n<meta property=\"og:title\" content=\"Bern reef | Tierpark Bern\" \/>\n<meta property=\"og:description\" content=\"In the Bern Zoo you can immerse yourself in the colorful world of coral reefs.\" \/>\n<meta property=\"og:url\" content=\"https:\/\/tierpark-bern.ch\/en\/animals\/facilities\/vivarium\/riff\/\" \/>\n<meta property=\"og:site_name\" content=\"Tierpark Bern\" \/>\n<meta property=\"article:publisher\" content=\"https:\/\/www.facebook.com\/tierparkbern\/\" \/>\n<meta property=\"article:modified_time\" content=\"2023-11-28T12:43:11+00:00\" \/>\n<meta property=\"og:image\" content=\"https:\/\/tierpark-bern.ch\/web\/app\/uploads\/2022\/02\/riff-bern-tierpark-bern-2.jpg\" \/>\n\t<meta property=\"og:image:width\" content=\"1500\" \/>\n\t<meta property=\"og:image:height\" content=\"998\" \/>\n\t<meta property=\"og:image:type\" content=\"image\/jpeg\" \/>\n<script type=\"application\/ld+json\" class=\"yoast-schema-graph\">{\"@context\":\"https:\/\/schema.org\",\"@graph\":[{\"@type\":\"WebPage\",\"@id\":\"https:\/\/tierpark-bern.ch\/en\/animals\/facilities\/vivarium\/riff\/\",\"url\":\"https:\/\/tierpark-bern.ch\/en\/animals\/facilities\/vivarium\/riff\/\",\"name\":\"Bern reef | Tierpark Bern\",\"isPartOf\":{\"@id\":\"https:\/\/tierpark-bern.ch\/en\/#website\"},\"primaryImageOfPage\":{\"@id\":\"https:\/\/tierpark-bern.ch\/en\/animals\/facilities\/vivarium\/riff\/#primaryimage\"},\"image\":{\"@id\":\"https:\/\/tierpark-bern.ch\/en\/animals\/facilities\/vivarium\/riff\/#primaryimage\"},\"thumbnailUrl\":\"https:\/\/tierpark-bern.ch\/web\/app\/uploads\/2022\/02\/riff-bern-tierpark-bern-2.jpg\",\"datePublished\":\"2021-09-02T22:10:17+00:00\",\"dateModified\":\"2023-11-28T12:43:11+00:00\",\"description\":\"In the Bern Zoo you can immerse yourself in the colorful world of coral reefs.\",\"breadcrumb\":{\"@id\":\"https:\/\/tierpark-bern.ch\/en\/animals\/facilities\/vivarium\/riff\/#breadcrumb\"},\"inLanguage\":\"en-US\",\"potentialAction\":[{\"@type\":\"ReadAction\",\"target\":[\"https:\/\/tierpark-bern.ch\/en\/animals\/facilities\/vivarium\/riff\/\"]}]},{\"@type\":\"ImageObject\",\"inLanguage\":\"en-US\",\"@id\":\"https:\/\/tierpark-bern.ch\/en\/animals\/facilities\/vivarium\/riff\/#primaryimage\",\"url\":\"https:\/\/tierpark-bern.ch\/web\/app\/uploads\/2022\/02\/riff-bern-tierpark-bern-2.jpg\",\"contentUrl\":\"https:\/\/tierpark-bern.ch\/web\/app\/uploads\/2022\/02\/riff-bern-tierpark-bern-2.jpg\",\"width\":1500,\"height\":998},{\"@type\":\"BreadcrumbList\",\"@id\":\"https:\/\/tierpark-bern.ch\/en\/animals\/facilities\/vivarium\/riff\/#breadcrumb\",\"itemListElement\":[{\"@type\":\"ListItem\",\"position\":1,\"name\":\"Home\",\"item\":\"https:\/\/tierpark-bern.ch\/en\/\"},{\"@type\":\"ListItem\",\"position\":2,\"name\":\"Nature Conservation &#038; Animals\",\"item\":\"https:\/\/tierpark-bern.ch\/en\/animals\/\"},{\"@type\":\"ListItem\",\"position\":3,\"name\":\"Facilities\",\"item\":\"https:\/\/tierpark-bern.ch\/en\/animals\/facilities\/\"},{\"@type\":\"ListItem\",\"position\":4,\"name\":\"Vivarium\",\"item\":\"https:\/\/tierpark-bern.ch\/en\/animals\/facilities\/vivarium\/\"},{\"@type\":\"ListItem\",\"position\":5,\"name\":\"Bern reef\"}]},{\"@type\":\"WebSite\",\"@id\":\"https:\/\/tierpark-bern.ch\/en\/#website\",\"url\":\"https:\/\/tierpark-bern.ch\/en\/\",\"name\":\"Tierpark Bern\",\"description\":\"\",\"publisher\":{\"@id\":\"https:\/\/tierpark-bern.ch\/en\/#organization\"},\"potentialAction\":[{\"@type\":\"SearchAction\",\"target\":{\"@type\":\"EntryPoint\",\"urlTemplate\":\"https:\/\/tierpark-bern.ch\/en\/?s={search_term_string}\"},\"query-input\":{\"@type\":\"PropertyValueSpecification\",\"valueRequired\":true,\"valueName\":\"search_term_string\"}}],\"inLanguage\":\"en-US\"},{\"@type\":\"Organization\",\"@id\":\"https:\/\/tierpark-bern.ch\/en\/#organization\",\"name\":\"Tierpark Bern | D\u00e4hlh\u00f6lzli + B\u00e4renPark\",\"alternateName\":\"Tierpark Bern\",\"url\":\"https:\/\/tierpark-bern.ch\/en\/\",\"logo\":{\"@type\":\"ImageObject\",\"inLanguage\":\"en-US\",\"@id\":\"https:\/\/tierpark-bern.ch\/en\/#\/schema\/logo\/image\/\",\"url\":\"https:\/\/tierpark-bern.ch\/web\/app\/uploads\/2024\/04\/tierpark-bern-696x696-1.jpg\",\"contentUrl\":\"https:\/\/tierpark-bern.ch\/web\/app\/uploads\/2024\/04\/tierpark-bern-696x696-1.jpg\",\"width\":696,\"height\":696,\"caption\":\"Tierpark Bern | D\u00e4hlh\u00f6lzli + B\u00e4renPark\"},\"image\":{\"@id\":\"https:\/\/tierpark-bern.ch\/en\/#\/schema\/logo\/image\/\"},\"sameAs\":[\"https:\/\/www.facebook.com\/tierparkbern\/\",\"https:\/\/x.com\/tierparkbern\",\"https:\/\/www.instagram.com\/tierparkbern\/\"]}]}<\/script>","yoast_head_json":{"title":"Bern reef | Tierpark Bern","description":"In the Bern Zoo you can immerse yourself in the colorful world of coral reefs.","robots":{"index":"index","follow":"follow","max-snippet":"max-snippet:-1","max-image-preview":"max-image-preview:large","max-video-preview":"max-video-preview:-1"},"canonical":"https:\/\/tierpark-bern.ch\/en\/animals\/facilities\/vivarium\/riff\/","og_locale":"en_US","og_type":"article","og_title":"Bern reef | Tierpark Bern","og_description":"In the Bern Zoo you can immerse yourself in the colorful world of coral reefs.","og_url":"https:\/\/tierpark-bern.ch\/en\/animals\/facilities\/vivarium\/riff\/","og_site_name":"Tierpark Bern","article_publisher":"https:\/\/www.facebook.com\/tierparkbern\/","article_modified_time":"2023-11-28T12:43:11+00:00","og_image":[{"width":1500,"height":998,"url":"https:\/\/tierpark-bern.ch\/web\/app\/uploads\/2022\/02\/riff-bern-tierpark-bern-2.jpg","type":"image\/jpeg"}],"schema":{"@context":"https:\/\/schema.org","@graph":[{"@type":"WebPage","@id":"https:\/\/tierpark-bern.ch\/en\/animals\/facilities\/vivarium\/riff\/","url":"https:\/\/tierpark-bern.ch\/en\/animals\/facilities\/vivarium\/riff\/","name":"Bern reef | Tierpark Bern","isPartOf":{"@id":"https:\/\/tierpark-bern.ch\/en\/#website"},"primaryImageOfPage":{"@id":"https:\/\/tierpark-bern.ch\/en\/animals\/facilities\/vivarium\/riff\/#primaryimage"},"image":{"@id":"https:\/\/tierpark-bern.ch\/en\/animals\/facilities\/vivarium\/riff\/#primaryimage"},"thumbnailUrl":"https:\/\/tierpark-bern.ch\/web\/app\/uploads\/2022\/02\/riff-bern-tierpark-bern-2.jpg","datePublished":"2021-09-02T22:10:17+00:00","dateModified":"2023-11-28T12:43:11+00:00","description":"In the Bern Zoo you can immerse yourself in the colorful world of coral reefs.","breadcrumb":{"@id":"https:\/\/tierpark-bern.ch\/en\/animals\/facilities\/vivarium\/riff\/#breadcrumb"},"inLanguage":"en-US","potentialAction":[{"@type":"ReadAction","target":["https:\/\/tierpark-bern.ch\/en\/animals\/facilities\/vivarium\/riff\/"]}]},{"@type":"ImageObject","inLanguage":"en-US","@id":"https:\/\/tierpark-bern.ch\/en\/animals\/facilities\/vivarium\/riff\/#primaryimage","url":"https:\/\/tierpark-bern.ch\/web\/app\/uploads\/2022\/02\/riff-bern-tierpark-bern-2.jpg","contentUrl":"https:\/\/tierpark-bern.ch\/web\/app\/uploads\/2022\/02\/riff-bern-tierpark-bern-2.jpg","width":1500,"height":998},{"@type":"BreadcrumbList","@id":"https:\/\/tierpark-bern.ch\/en\/animals\/facilities\/vivarium\/riff\/#breadcrumb","itemListElement":[{"@type":"ListItem","position":1,"name":"Home","item":"https:\/\/tierpark-bern.ch\/en\/"},{"@type":"ListItem","position":2,"name":"Nature Conservation &#038; Animals","item":"https:\/\/tierpark-bern.ch\/en\/animals\/"},{"@type":"ListItem","position":3,"name":"Facilities","item":"https:\/\/tierpark-bern.ch\/en\/animals\/facilities\/"},{"@type":"ListItem","position":4,"name":"Vivarium","item":"https:\/\/tierpark-bern.ch\/en\/animals\/facilities\/vivarium\/"},{"@type":"ListItem","position":5,"name":"Bern reef"}]},{"@type":"WebSite","@id":"https:\/\/tierpark-bern.ch\/en\/#website","url":"https:\/\/tierpark-bern.ch\/en\/","name":"Tierpark Bern","description":"","publisher":{"@id":"https:\/\/tierpark-bern.ch\/en\/#organization"},"potentialAction":[{"@type":"SearchAction","target":{"@type":"EntryPoint","urlTemplate":"https:\/\/tierpark-bern.ch\/en\/?s={search_term_string}"},"query-input":{"@type":"PropertyValueSpecification","valueRequired":true,"valueName":"search_term_string"}}],"inLanguage":"en-US"},{"@type":"Organization","@id":"https:\/\/tierpark-bern.ch\/en\/#organization","name":"Tierpark Bern | D\u00e4hlh\u00f6lzli + B\u00e4renPark","alternateName":"Tierpark Bern","url":"https:\/\/tierpark-bern.ch\/en\/","logo":{"@type":"ImageObject","inLanguage":"en-US","@id":"https:\/\/tierpark-bern.ch\/en\/#\/schema\/logo\/image\/","url":"https:\/\/tierpark-bern.ch\/web\/app\/uploads\/2024\/04\/tierpark-bern-696x696-1.jpg","contentUrl":"https:\/\/tierpark-bern.ch\/web\/app\/uploads\/2024\/04\/tierpark-bern-696x696-1.jpg","width":696,"height":696,"caption":"Tierpark Bern | D\u00e4hlh\u00f6lzli + B\u00e4renPark"},"image":{"@id":"https:\/\/tierpark-bern.ch\/en\/#\/schema\/logo\/image\/"},"sameAs":["https:\/\/www.facebook.com\/tierparkbern\/","https:\/\/x.com\/tierparkbern","https:\/\/www.instagram.com\/tierparkbern\/"]}]}},"_links":{"self":[{"href":"https:\/\/tierpark-bern.ch\/en\/wp-json\/wp\/v2\/pages\/52522","targetHints":{"allow":["GET"]}}],"collection":[{"href":"https:\/\/tierpark-bern.ch\/en\/wp-json\/wp\/v2\/pages"}],"about":[{"href":"https:\/\/tierpark-bern.ch\/en\/wp-json\/wp\/v2\/types\/page"}],"author":[{"embeddable":true,"href":"https:\/\/tierpark-bern.ch\/en\/wp-json\/wp\/v2\/users\/1"}],"replies":[{"embeddable":true,"href":"https:\/\/tierpark-bern.ch\/en\/wp-json\/wp\/v2\/comments?post=52522"}],"version-history":[{"count":0,"href":"https:\/\/tierpark-bern.ch\/en\/wp-json\/wp\/v2\/pages\/52522\/revisions"}],"up":[{"embeddable":true,"href":"https:\/\/tierpark-bern.ch\/en\/wp-json\/wp\/v2\/pages\/52299"}],"wp:featuredmedia":[{"embeddable":true,"href":"https:\/\/tierpark-bern.ch\/en\/wp-json\/wp\/v2\/media\/22965"}],"wp:attachment":[{"href":"https:\/\/tierpark-bern.ch\/en\/wp-json\/wp\/v2\/media?parent=52522"}],"curies":[{"name":"wp","href":"https:\/\/api.w.org\/{rel}","templated":true}]}}