
{"id":52531,"date":"2021-09-03T22:26:04","date_gmt":"2021-09-03T20:26:04","guid":{"rendered":"https:\/\/tierpark-bern.ch\/animals\/facilities\/vivarium\/soziale-tiere\/"},"modified":"2023-02-10T14:08:55","modified_gmt":"2023-02-10T13:08:55","slug":"social-insects","status":"publish","type":"page","link":"https:\/\/tierpark-bern.ch\/en\/animals\/facilities\/vivarium\/social-insects\/","title":{"rendered":"Social insects"},"content":{"rendered":"<div class=\"wpb-content-wrapper\"><p>[vc_row][vc_column][vc_column_text]<\/p>\n<h1>Social insects<\/h1>\n<p>Social insects are insect species that, as state-forming insects, each have one or, more rarely, several egg-laying females (queens), while the other colony members have reduced or non-functional gonads. These insects also cooperate closely and are among the most successful creatures.<\/p>\n<p>In the zoo we keep the leafcutter ants and the harvest termites as eusocial insect states.[\/vc_column_text][\/vc_column][\/vc_row][vc_row][vc_column width=&#8221;1\/2&#8243;][vc_single_image image=&#8221;21704&#8243; add_caption=&#8221;yes&#8221;][\/vc_column][vc_column width=&#8221;1\/2&#8243;][vc_single_image image=&#8221;24610&#8243; add_caption=&#8221;yes&#8221;][\/vc_column][\/vc_row][vc_row][vc_column width=&#8221;1\/2&#8243;][vc_column_text]<\/p>\n<div class=\"tbl-species-list-container\">\n<h2>Social insects<\/h2>\n<table class=\"tbl-all-species-list\">\n<tbody>\n<tr>\n<td><a href=\"https:\/\/tierpark-bern.ch\/en\/tierlexikon\/erntetermite\/\"><strong> Erntetermin <\/strong><\/a><\/td>\n<\/tr>\n<tr>\n<td><a href=\"https:\/\/tierpark-bern.ch\/en\/tierlexikon\/blattschneiderameisen\/\"><strong> Blattschneiderameisen <\/strong><\/a><\/td>\n<\/tr>\n<\/tbody>\n<\/table>\n<\/div>\n<p>[\/vc_column_text][\/vc_column][\/vc_row]<\/p>\n<\/div>","protected":false},"excerpt":{"rendered":"<p>[vc_row][vc_column][vc_column_text] Social insects Social insects are insect species that, as state-forming insects, each have one or, more rarely, several egg-laying females (queens), while the other colony members have reduced or non-functional gonads. These insects also cooperate closely and are among the most successful creatures. In the zoo we keep the leafcutter ants and the harvest [&hellip;]<\/p>\n","protected":false},"author":1,"featured_media":24566,"parent":52299,"menu_order":0,"comment_status":"closed","ping_status":"closed","template":"","meta":{"_acf_changed":false,"footnotes":""},"class_list":["post-52531","page","type-page","status-publish","has-post-thumbnail","hentry"],"acf":[],"yoast_head":"<title>Social insects | Tierpark Bern<\/title>\n<meta name=\"description\" content=\"Im Tierpark halten wir die Blattschneiderameisen und die Erntetermiten als eusoziale Insektenstaaten.\" \/>\n<meta name=\"robots\" content=\"index, follow, max-snippet:-1, max-image-preview:large, max-video-preview:-1\" \/>\n<link rel=\"canonical\" href=\"https:\/\/tierpark-bern.ch\/en\/animals\/facilities\/vivarium\/social-insects\/\" \/>\n<meta property=\"og:locale\" content=\"en_US\" \/>\n<meta property=\"og:type\" content=\"article\" \/>\n<meta property=\"og:title\" content=\"Social insects | Tierpark Bern\" \/>\n<meta property=\"og:description\" content=\"Im Tierpark halten wir die Blattschneiderameisen und die Erntetermiten als eusoziale Insektenstaaten.\" \/>\n<meta property=\"og:url\" content=\"https:\/\/tierpark-bern.ch\/en\/animals\/facilities\/vivarium\/social-insects\/\" \/>\n<meta property=\"og:site_name\" content=\"Tierpark Bern\" \/>\n<meta property=\"article:publisher\" content=\"https:\/\/www.facebook.com\/tierparkbern\/\" \/>\n<meta property=\"article:modified_time\" content=\"2023-02-10T13:08:55+00:00\" \/>\n<meta property=\"og:image\" content=\"https:\/\/tierpark-bern.ch\/web\/app\/uploads\/2020\/07\/termiten-11.jpg\" \/>\n\t<meta property=\"og:image:width\" content=\"2254\" \/>\n\t<meta property=\"og:image:height\" content=\"1500\" \/>\n\t<meta property=\"og:image:type\" content=\"image\/jpeg\" \/>\n<script type=\"application\/ld+json\" class=\"yoast-schema-graph\">{\"@context\":\"https:\/\/schema.org\",\"@graph\":[{\"@type\":\"WebPage\",\"@id\":\"https:\/\/tierpark-bern.ch\/en\/animals\/facilities\/vivarium\/social-insects\/\",\"url\":\"https:\/\/tierpark-bern.ch\/en\/animals\/facilities\/vivarium\/social-insects\/\",\"name\":\"Social insects | Tierpark Bern\",\"isPartOf\":{\"@id\":\"https:\/\/tierpark-bern.ch\/en\/#website\"},\"primaryImageOfPage\":{\"@id\":\"https:\/\/tierpark-bern.ch\/en\/animals\/facilities\/vivarium\/social-insects\/#primaryimage\"},\"image\":{\"@id\":\"https:\/\/tierpark-bern.ch\/en\/animals\/facilities\/vivarium\/social-insects\/#primaryimage\"},\"thumbnailUrl\":\"https:\/\/tierpark-bern.ch\/web\/app\/uploads\/2020\/07\/termiten-11.jpg\",\"datePublished\":\"2021-09-03T20:26:04+00:00\",\"dateModified\":\"2023-02-10T13:08:55+00:00\",\"description\":\"Im Tierpark halten wir die Blattschneiderameisen und die Erntetermiten als eusoziale Insektenstaaten.\",\"breadcrumb\":{\"@id\":\"https:\/\/tierpark-bern.ch\/en\/animals\/facilities\/vivarium\/social-insects\/#breadcrumb\"},\"inLanguage\":\"en-US\",\"potentialAction\":[{\"@type\":\"ReadAction\",\"target\":[\"https:\/\/tierpark-bern.ch\/en\/animals\/facilities\/vivarium\/social-insects\/\"]}]},{\"@type\":\"ImageObject\",\"inLanguage\":\"en-US\",\"@id\":\"https:\/\/tierpark-bern.ch\/en\/animals\/facilities\/vivarium\/social-insects\/#primaryimage\",\"url\":\"https:\/\/tierpark-bern.ch\/web\/app\/uploads\/2020\/07\/termiten-11.jpg\",\"contentUrl\":\"https:\/\/tierpark-bern.ch\/web\/app\/uploads\/2020\/07\/termiten-11.jpg\",\"width\":2254,\"height\":1500},{\"@type\":\"BreadcrumbList\",\"@id\":\"https:\/\/tierpark-bern.ch\/en\/animals\/facilities\/vivarium\/social-insects\/#breadcrumb\",\"itemListElement\":[{\"@type\":\"ListItem\",\"position\":1,\"name\":\"Home\",\"item\":\"https:\/\/tierpark-bern.ch\/en\/\"},{\"@type\":\"ListItem\",\"position\":2,\"name\":\"Nature Conservation &#038; Animals\",\"item\":\"https:\/\/tierpark-bern.ch\/en\/animals\/\"},{\"@type\":\"ListItem\",\"position\":3,\"name\":\"Facilities\",\"item\":\"https:\/\/tierpark-bern.ch\/en\/animals\/facilities\/\"},{\"@type\":\"ListItem\",\"position\":4,\"name\":\"Vivarium\",\"item\":\"https:\/\/tierpark-bern.ch\/en\/animals\/facilities\/vivarium\/\"},{\"@type\":\"ListItem\",\"position\":5,\"name\":\"Social insects\"}]},{\"@type\":\"WebSite\",\"@id\":\"https:\/\/tierpark-bern.ch\/en\/#website\",\"url\":\"https:\/\/tierpark-bern.ch\/en\/\",\"name\":\"Tierpark Bern\",\"description\":\"\",\"publisher\":{\"@id\":\"https:\/\/tierpark-bern.ch\/en\/#organization\"},\"potentialAction\":[{\"@type\":\"SearchAction\",\"target\":{\"@type\":\"EntryPoint\",\"urlTemplate\":\"https:\/\/tierpark-bern.ch\/en\/?s={search_term_string}\"},\"query-input\":{\"@type\":\"PropertyValueSpecification\",\"valueRequired\":true,\"valueName\":\"search_term_string\"}}],\"inLanguage\":\"en-US\"},{\"@type\":\"Organization\",\"@id\":\"https:\/\/tierpark-bern.ch\/en\/#organization\",\"name\":\"Tierpark Bern | D\u00e4hlh\u00f6lzli + B\u00e4renPark\",\"alternateName\":\"Tierpark Bern\",\"url\":\"https:\/\/tierpark-bern.ch\/en\/\",\"logo\":{\"@type\":\"ImageObject\",\"inLanguage\":\"en-US\",\"@id\":\"https:\/\/tierpark-bern.ch\/en\/#\/schema\/logo\/image\/\",\"url\":\"https:\/\/tierpark-bern.ch\/web\/app\/uploads\/2024\/04\/tierpark-bern-696x696-1.jpg\",\"contentUrl\":\"https:\/\/tierpark-bern.ch\/web\/app\/uploads\/2024\/04\/tierpark-bern-696x696-1.jpg\",\"width\":696,\"height\":696,\"caption\":\"Tierpark Bern | D\u00e4hlh\u00f6lzli + B\u00e4renPark\"},\"image\":{\"@id\":\"https:\/\/tierpark-bern.ch\/en\/#\/schema\/logo\/image\/\"},\"sameAs\":[\"https:\/\/www.facebook.com\/tierparkbern\/\",\"https:\/\/x.com\/tierparkbern\",\"https:\/\/www.instagram.com\/tierparkbern\/\"]}]}<\/script>","yoast_head_json":{"title":"Social insects | Tierpark Bern","description":"Im Tierpark halten wir die Blattschneiderameisen und die Erntetermiten als eusoziale Insektenstaaten.","robots":{"index":"index","follow":"follow","max-snippet":"max-snippet:-1","max-image-preview":"max-image-preview:large","max-video-preview":"max-video-preview:-1"},"canonical":"https:\/\/tierpark-bern.ch\/en\/animals\/facilities\/vivarium\/social-insects\/","og_locale":"en_US","og_type":"article","og_title":"Social insects | Tierpark Bern","og_description":"Im Tierpark halten wir die Blattschneiderameisen und die Erntetermiten als eusoziale Insektenstaaten.","og_url":"https:\/\/tierpark-bern.ch\/en\/animals\/facilities\/vivarium\/social-insects\/","og_site_name":"Tierpark Bern","article_publisher":"https:\/\/www.facebook.com\/tierparkbern\/","article_modified_time":"2023-02-10T13:08:55+00:00","og_image":[{"width":2254,"height":1500,"url":"https:\/\/tierpark-bern.ch\/web\/app\/uploads\/2020\/07\/termiten-11.jpg","type":"image\/jpeg"}],"schema":{"@context":"https:\/\/schema.org","@graph":[{"@type":"WebPage","@id":"https:\/\/tierpark-bern.ch\/en\/animals\/facilities\/vivarium\/social-insects\/","url":"https:\/\/tierpark-bern.ch\/en\/animals\/facilities\/vivarium\/social-insects\/","name":"Social insects | Tierpark Bern","isPartOf":{"@id":"https:\/\/tierpark-bern.ch\/en\/#website"},"primaryImageOfPage":{"@id":"https:\/\/tierpark-bern.ch\/en\/animals\/facilities\/vivarium\/social-insects\/#primaryimage"},"image":{"@id":"https:\/\/tierpark-bern.ch\/en\/animals\/facilities\/vivarium\/social-insects\/#primaryimage"},"thumbnailUrl":"https:\/\/tierpark-bern.ch\/web\/app\/uploads\/2020\/07\/termiten-11.jpg","datePublished":"2021-09-03T20:26:04+00:00","dateModified":"2023-02-10T13:08:55+00:00","description":"Im Tierpark halten wir die Blattschneiderameisen und die Erntetermiten als eusoziale Insektenstaaten.","breadcrumb":{"@id":"https:\/\/tierpark-bern.ch\/en\/animals\/facilities\/vivarium\/social-insects\/#breadcrumb"},"inLanguage":"en-US","potentialAction":[{"@type":"ReadAction","target":["https:\/\/tierpark-bern.ch\/en\/animals\/facilities\/vivarium\/social-insects\/"]}]},{"@type":"ImageObject","inLanguage":"en-US","@id":"https:\/\/tierpark-bern.ch\/en\/animals\/facilities\/vivarium\/social-insects\/#primaryimage","url":"https:\/\/tierpark-bern.ch\/web\/app\/uploads\/2020\/07\/termiten-11.jpg","contentUrl":"https:\/\/tierpark-bern.ch\/web\/app\/uploads\/2020\/07\/termiten-11.jpg","width":2254,"height":1500},{"@type":"BreadcrumbList","@id":"https:\/\/tierpark-bern.ch\/en\/animals\/facilities\/vivarium\/social-insects\/#breadcrumb","itemListElement":[{"@type":"ListItem","position":1,"name":"Home","item":"https:\/\/tierpark-bern.ch\/en\/"},{"@type":"ListItem","position":2,"name":"Nature Conservation &#038; Animals","item":"https:\/\/tierpark-bern.ch\/en\/animals\/"},{"@type":"ListItem","position":3,"name":"Facilities","item":"https:\/\/tierpark-bern.ch\/en\/animals\/facilities\/"},{"@type":"ListItem","position":4,"name":"Vivarium","item":"https:\/\/tierpark-bern.ch\/en\/animals\/facilities\/vivarium\/"},{"@type":"ListItem","position":5,"name":"Social insects"}]},{"@type":"WebSite","@id":"https:\/\/tierpark-bern.ch\/en\/#website","url":"https:\/\/tierpark-bern.ch\/en\/","name":"Tierpark Bern","description":"","publisher":{"@id":"https:\/\/tierpark-bern.ch\/en\/#organization"},"potentialAction":[{"@type":"SearchAction","target":{"@type":"EntryPoint","urlTemplate":"https:\/\/tierpark-bern.ch\/en\/?s={search_term_string}"},"query-input":{"@type":"PropertyValueSpecification","valueRequired":true,"valueName":"search_term_string"}}],"inLanguage":"en-US"},{"@type":"Organization","@id":"https:\/\/tierpark-bern.ch\/en\/#organization","name":"Tierpark Bern | D\u00e4hlh\u00f6lzli + B\u00e4renPark","alternateName":"Tierpark Bern","url":"https:\/\/tierpark-bern.ch\/en\/","logo":{"@type":"ImageObject","inLanguage":"en-US","@id":"https:\/\/tierpark-bern.ch\/en\/#\/schema\/logo\/image\/","url":"https:\/\/tierpark-bern.ch\/web\/app\/uploads\/2024\/04\/tierpark-bern-696x696-1.jpg","contentUrl":"https:\/\/tierpark-bern.ch\/web\/app\/uploads\/2024\/04\/tierpark-bern-696x696-1.jpg","width":696,"height":696,"caption":"Tierpark Bern | D\u00e4hlh\u00f6lzli + B\u00e4renPark"},"image":{"@id":"https:\/\/tierpark-bern.ch\/en\/#\/schema\/logo\/image\/"},"sameAs":["https:\/\/www.facebook.com\/tierparkbern\/","https:\/\/x.com\/tierparkbern","https:\/\/www.instagram.com\/tierparkbern\/"]}]}},"_links":{"self":[{"href":"https:\/\/tierpark-bern.ch\/en\/wp-json\/wp\/v2\/pages\/52531","targetHints":{"allow":["GET"]}}],"collection":[{"href":"https:\/\/tierpark-bern.ch\/en\/wp-json\/wp\/v2\/pages"}],"about":[{"href":"https:\/\/tierpark-bern.ch\/en\/wp-json\/wp\/v2\/types\/page"}],"author":[{"embeddable":true,"href":"https:\/\/tierpark-bern.ch\/en\/wp-json\/wp\/v2\/users\/1"}],"replies":[{"embeddable":true,"href":"https:\/\/tierpark-bern.ch\/en\/wp-json\/wp\/v2\/comments?post=52531"}],"version-history":[{"count":0,"href":"https:\/\/tierpark-bern.ch\/en\/wp-json\/wp\/v2\/pages\/52531\/revisions"}],"up":[{"embeddable":true,"href":"https:\/\/tierpark-bern.ch\/en\/wp-json\/wp\/v2\/pages\/52299"}],"wp:featuredmedia":[{"embeddable":true,"href":"https:\/\/tierpark-bern.ch\/en\/wp-json\/wp\/v2\/media\/24566"}],"wp:attachment":[{"href":"https:\/\/tierpark-bern.ch\/en\/wp-json\/wp\/v2\/media?parent=52531"}],"curies":[{"name":"wp","href":"https:\/\/api.w.org\/{rel}","templated":true}]}}