
{"id":52534,"date":"2021-09-03T00:17:09","date_gmt":"2021-09-02T22:17:09","guid":{"rendered":"https:\/\/tierpark-bern.ch\/animals\/facilities\/vivarium\/weitere-anlage-im-vivarium\/"},"modified":"2023-05-02T18:10:30","modified_gmt":"2023-05-02T16:10:30","slug":"other-facilities-in-the-vivarium","status":"publish","type":"page","link":"https:\/\/tierpark-bern.ch\/en\/animals\/facilities\/vivarium\/other-facilities-in-the-vivarium\/","title":{"rendered":"Other facilities in the Vivarium"},"content":{"rendered":"<div class=\"wpb-content-wrapper\"><p>[vc_row][vc_column][vc_column_text]<\/p>\n<h1>Other facilities in the Vivarium<\/h1>\n<p>In the vivarium there are numerous larger and smaller terrariums and enclosures such as those of the panther chameleon, the two monitor lizard species, rattlesnakes, pythons and adders, as well as the poison dart frog terrarium with a large board root.[\/vc_column_text][\/vc_column][\/vc_row][vc_row][vc_column width=&#8221;1\/2&#8243;][vc_single_image image=&#8221;21859&#8243; img_size=&#8221;570&#215;379&#8243; add_custom_caption_class=&#8221;yes&#8221;][vc_column_text]Rice monitor[\/vc_column_text][\/vc_column][vc_column width=&#8221;1\/2&#8243;][vc_single_image image=&#8221;22497&#8243; img_size=&#8221;570&#215;379&#8243; add_custom_caption_class=&#8221;yes&#8221;][vc_column_text]Young Green Treephyton[\/vc_column_text][\/vc_column][\/vc_row][vc_row][vc_column width=&#8221;1\/2&#8243;][vc_single_image image=&#8221;33612&#8243; img_size=&#8221;570&#215;379&#8243; add_custom_caption_class=&#8221;yes&#8221;][vc_column_text]Female Harlequin Quail[\/vc_column_text][\/vc_column][vc_column width=&#8221;1\/2&#8243;][vc_single_image image=&#8221;21959&#8243; img_size=&#8221;570&#215;379&#8243; add_custom_caption_class=&#8221;yes&#8221;][vc_column_text]Squirrel Monkey[\/vc_column_text][\/vc_column][\/vc_row][vc_row][vc_column width=&#8221;1\/2&#8243;][vc_single_image image=&#8221;36131&#8243; img_size=&#8221;570&#215;379&#8243; add_custom_caption_class=&#8221;yes&#8221;][vc_column_text]Cape Dove[\/vc_column_text][\/vc_column][vc_column width=&#8221;1\/2&#8243;][vc_single_image image=&#8221;33586&#8243; img_size=&#8221;570&#215;379&#8243; add_custom_caption_class=&#8221;yes&#8221;][vc_column_text]Young G\u00f6ldi Jumping Tamarin[\/vc_column_text][\/vc_column][\/vc_row][vc_row][vc_column width=&#8221;1\/2&#8243;][vc_column_text]<\/p>\n<div class=\"tbl-species-list-container\">\n<h2>Animals in vivarium facilities<\/h2>\n<table class=\"tbl-all-species-list\">\n<tbody>\n<tr>\n<td><a href=\"https:\/\/tierpark-bern.ch\/en\/tierlexikon\/pantherchamaeleon\/\"><strong>Panthercham\u00e4leon<\/strong><\/a><\/td>\n<\/tr>\n<tr>\n<td><a href=\"https:\/\/tierpark-bern.ch\/en\/tierlexikon\/flachrueckenschildkroete\/\"><strong>Flachr\u00fcckenschildkr\u00f6te<\/strong><\/a><\/td>\n<\/tr>\n<tr>\n<td><a href=\"https:\/\/tierpark-bern.ch\/en\/tierlexikon\/bolivianischer-totenkopfaffe\/\"><strong>Bolivianischer Totenkopfaffe<\/strong><\/a><\/td>\n<\/tr>\n<tr>\n<td><a href=\"https:\/\/tierpark-bern.ch\/en\/tierlexikon\/springtamarin\/\"><strong>G\u00f6ldi Springtamarine<\/strong><\/a><\/td>\n<\/tr>\n<tr>\n<td><a href=\"https:\/\/tierpark-bern.ch\/en\/tierlexikon\/russkoepfchen\/\"><strong>Russk\u00f6pfchen<\/strong><\/a><\/td>\n<\/tr>\n<tr>\n<td><a href=\"https:\/\/tierpark-bern.ch\/en\/tierlexikon\/zwergguertelschweif\/\"><strong>Zwergg\u00fcrtelschweif<\/strong><\/a><\/td>\n<\/tr>\n<tr>\n<td><a href=\"https:\/\/tierpark-bern.ch\/en\/tierlexikon\/kaptaeubchen\/\"><strong>Kapt\u00e4ubchen<\/strong><\/a><\/td>\n<\/tr>\n<tr>\n<td><a href=\"https:\/\/tierpark-bern.ch\/en\/tierlexikon\/harlekinwachtel\/\"><strong>Harlekinwachtel<\/strong><\/a><\/td>\n<\/tr>\n<tr>\n<td><a href=\"https:\/\/tierpark-bern.ch\/en\/tierlexikon\/dorfweber\/\"><strong>Dorfweber<\/strong><\/a><\/td>\n<\/tr>\n<tr>\n<td><a href=\"https:\/\/tierpark-bern.ch\/en\/tierlexikon\/reisingers-baumwaran\/\"><strong>Reisingers Baumwaran<\/strong><\/a><\/td>\n<\/tr>\n<tr>\n<td><a href=\"https:\/\/tierpark-bern.ch\/en\/tierlexikon\/gepunkteter-baumsteiger\/\"><strong>Gepunkteter Baumsteiger<\/strong><\/a><\/td>\n<\/tr>\n<tr>\n<td><a href=\"https:\/\/tierpark-bern.ch\/en\/tierlexikon\/basslers-baumsteiger\/\"><strong>Basslers Baumsteiger<\/strong><\/a><\/td>\n<\/tr>\n<tr>\n<td><a href=\"https:\/\/tierpark-bern.ch\/en\/tierlexikon\/pantheranolis\/\"><strong>Pantheranolis<\/strong><\/a><\/td>\n<\/tr>\n<tr>\n<td><a href=\"https:\/\/tierpark-bern.ch\/en\/tierlexikon\/rote-diamant-klapperschlange\/\"><strong>Rote Diamant-Klapperschlange<\/strong><\/a><\/td>\n<\/tr>\n<tr>\n<td><a href=\"https:\/\/tierpark-bern.ch\/en\/tierlexikon\/glauerts-felsenwaran\/\"><strong>Glauerts Felswaran<\/strong><\/a><\/td>\n<\/tr>\n<tr>\n<td><a href=\"https:\/\/tierpark-bern.ch\/en\/tierlexikon\/greifschwanz-lanzenotter\/\"><strong>Greifschwanz-Lanzenotter<\/strong><\/a><\/td>\n<\/tr>\n<tr>\n<td><a href=\"https:\/\/tierpark-bern.ch\/en\/tierlexikon\/gruener-baumpython\/\"><strong>Gr\u00fcner Baumpython<\/strong><\/a><\/td>\n<\/tr>\n<tr>\n<td><a href=\"https:\/\/tierpark-bern.ch\/en\/tierlexikon\/smaragd-langschwanzeidechse\/\"><strong>Smaragd-Langschwanzeidechse<\/strong><\/a><\/td>\n<\/tr>\n<\/tbody>\n<\/table>\n<\/div>\n<p>[\/vc_column_text][\/vc_column][\/vc_row]<\/p>\n<\/div>","protected":false},"excerpt":{"rendered":"<p>In the vivarium there are numerous larger and smaller terrariums and enclosures, such as those for the panther chameleon.<\/p>\n","protected":false},"author":1,"featured_media":21870,"parent":52299,"menu_order":0,"comment_status":"closed","ping_status":"closed","template":"","meta":{"_acf_changed":false,"footnotes":""},"class_list":["post-52534","page","type-page","status-publish","has-post-thumbnail","hentry"],"acf":[],"yoast_head":"<title>Other facilities in the Vivarium | Tierpark Bern<\/title>\n<meta name=\"description\" content=\"Im Vivarium finden sich noch zahlreiche gr\u00f6ssere sowie kleinere Terrarien und Anlagen wie diejenigen des Panthercham\u00e4leons\" \/>\n<meta name=\"robots\" content=\"index, follow, max-snippet:-1, max-image-preview:large, max-video-preview:-1\" \/>\n<link rel=\"canonical\" href=\"https:\/\/tierpark-bern.ch\/en\/animals\/facilities\/vivarium\/other-facilities-in-the-vivarium\/\" \/>\n<meta property=\"og:locale\" content=\"en_US\" \/>\n<meta property=\"og:type\" content=\"article\" \/>\n<meta property=\"og:title\" content=\"Other facilities in the Vivarium | Tierpark Bern\" \/>\n<meta property=\"og:description\" content=\"Im Vivarium finden sich noch zahlreiche gr\u00f6ssere sowie kleinere Terrarien und Anlagen wie diejenigen des Panthercham\u00e4leons\" \/>\n<meta property=\"og:url\" content=\"https:\/\/tierpark-bern.ch\/en\/animals\/facilities\/vivarium\/other-facilities-in-the-vivarium\/\" \/>\n<meta property=\"og:site_name\" content=\"Tierpark Bern\" \/>\n<meta property=\"article:publisher\" content=\"https:\/\/www.facebook.com\/tierparkbern\/\" \/>\n<meta property=\"article:modified_time\" content=\"2023-05-02T16:10:30+00:00\" \/>\n<meta property=\"og:image\" content=\"https:\/\/tierpark-bern.ch\/web\/app\/uploads\/2020\/07\/Varnaus-reisingeri-Tierpark-Bern-4.jpg\" \/>\n\t<meta property=\"og:image:width\" content=\"1500\" \/>\n\t<meta property=\"og:image:height\" content=\"998\" \/>\n\t<meta property=\"og:image:type\" content=\"image\/jpeg\" \/>\n<script type=\"application\/ld+json\" class=\"yoast-schema-graph\">{\"@context\":\"https:\/\/schema.org\",\"@graph\":[{\"@type\":\"WebPage\",\"@id\":\"https:\/\/tierpark-bern.ch\/en\/animals\/facilities\/vivarium\/other-facilities-in-the-vivarium\/\",\"url\":\"https:\/\/tierpark-bern.ch\/en\/animals\/facilities\/vivarium\/other-facilities-in-the-vivarium\/\",\"name\":\"Other facilities in the Vivarium | Tierpark Bern\",\"isPartOf\":{\"@id\":\"https:\/\/tierpark-bern.ch\/en\/#website\"},\"primaryImageOfPage\":{\"@id\":\"https:\/\/tierpark-bern.ch\/en\/animals\/facilities\/vivarium\/other-facilities-in-the-vivarium\/#primaryimage\"},\"image\":{\"@id\":\"https:\/\/tierpark-bern.ch\/en\/animals\/facilities\/vivarium\/other-facilities-in-the-vivarium\/#primaryimage\"},\"thumbnailUrl\":\"https:\/\/tierpark-bern.ch\/web\/app\/uploads\/2020\/07\/Varnaus-reisingeri-Tierpark-Bern-4.jpg\",\"datePublished\":\"2021-09-02T22:17:09+00:00\",\"dateModified\":\"2023-05-02T16:10:30+00:00\",\"description\":\"Im Vivarium finden sich noch zahlreiche gr\u00f6ssere sowie kleinere Terrarien und Anlagen wie diejenigen des Panthercham\u00e4leons\",\"breadcrumb\":{\"@id\":\"https:\/\/tierpark-bern.ch\/en\/animals\/facilities\/vivarium\/other-facilities-in-the-vivarium\/#breadcrumb\"},\"inLanguage\":\"en-US\",\"potentialAction\":[{\"@type\":\"ReadAction\",\"target\":[\"https:\/\/tierpark-bern.ch\/en\/animals\/facilities\/vivarium\/other-facilities-in-the-vivarium\/\"]}]},{\"@type\":\"ImageObject\",\"inLanguage\":\"en-US\",\"@id\":\"https:\/\/tierpark-bern.ch\/en\/animals\/facilities\/vivarium\/other-facilities-in-the-vivarium\/#primaryimage\",\"url\":\"https:\/\/tierpark-bern.ch\/web\/app\/uploads\/2020\/07\/Varnaus-reisingeri-Tierpark-Bern-4.jpg\",\"contentUrl\":\"https:\/\/tierpark-bern.ch\/web\/app\/uploads\/2020\/07\/Varnaus-reisingeri-Tierpark-Bern-4.jpg\",\"width\":1500,\"height\":998},{\"@type\":\"BreadcrumbList\",\"@id\":\"https:\/\/tierpark-bern.ch\/en\/animals\/facilities\/vivarium\/other-facilities-in-the-vivarium\/#breadcrumb\",\"itemListElement\":[{\"@type\":\"ListItem\",\"position\":1,\"name\":\"Home\",\"item\":\"https:\/\/tierpark-bern.ch\/en\/\"},{\"@type\":\"ListItem\",\"position\":2,\"name\":\"Nature Conservation &#038; Animals\",\"item\":\"https:\/\/tierpark-bern.ch\/en\/animals\/\"},{\"@type\":\"ListItem\",\"position\":3,\"name\":\"Facilities\",\"item\":\"https:\/\/tierpark-bern.ch\/en\/animals\/facilities\/\"},{\"@type\":\"ListItem\",\"position\":4,\"name\":\"Vivarium\",\"item\":\"https:\/\/tierpark-bern.ch\/en\/animals\/facilities\/vivarium\/\"},{\"@type\":\"ListItem\",\"position\":5,\"name\":\"Other facilities in the Vivarium\"}]},{\"@type\":\"WebSite\",\"@id\":\"https:\/\/tierpark-bern.ch\/en\/#website\",\"url\":\"https:\/\/tierpark-bern.ch\/en\/\",\"name\":\"Tierpark Bern\",\"description\":\"\",\"publisher\":{\"@id\":\"https:\/\/tierpark-bern.ch\/en\/#organization\"},\"potentialAction\":[{\"@type\":\"SearchAction\",\"target\":{\"@type\":\"EntryPoint\",\"urlTemplate\":\"https:\/\/tierpark-bern.ch\/en\/?s={search_term_string}\"},\"query-input\":{\"@type\":\"PropertyValueSpecification\",\"valueRequired\":true,\"valueName\":\"search_term_string\"}}],\"inLanguage\":\"en-US\"},{\"@type\":\"Organization\",\"@id\":\"https:\/\/tierpark-bern.ch\/en\/#organization\",\"name\":\"Tierpark Bern | D\u00e4hlh\u00f6lzli + B\u00e4renPark\",\"alternateName\":\"Tierpark Bern\",\"url\":\"https:\/\/tierpark-bern.ch\/en\/\",\"logo\":{\"@type\":\"ImageObject\",\"inLanguage\":\"en-US\",\"@id\":\"https:\/\/tierpark-bern.ch\/en\/#\/schema\/logo\/image\/\",\"url\":\"https:\/\/tierpark-bern.ch\/web\/app\/uploads\/2024\/04\/tierpark-bern-696x696-1.jpg\",\"contentUrl\":\"https:\/\/tierpark-bern.ch\/web\/app\/uploads\/2024\/04\/tierpark-bern-696x696-1.jpg\",\"width\":696,\"height\":696,\"caption\":\"Tierpark Bern | D\u00e4hlh\u00f6lzli + B\u00e4renPark\"},\"image\":{\"@id\":\"https:\/\/tierpark-bern.ch\/en\/#\/schema\/logo\/image\/\"},\"sameAs\":[\"https:\/\/www.facebook.com\/tierparkbern\/\",\"https:\/\/x.com\/tierparkbern\",\"https:\/\/www.instagram.com\/tierparkbern\/\"]}]}<\/script>","yoast_head_json":{"title":"Other facilities in the Vivarium | Tierpark Bern","description":"Im Vivarium finden sich noch zahlreiche gr\u00f6ssere sowie kleinere Terrarien und Anlagen wie diejenigen des Panthercham\u00e4leons","robots":{"index":"index","follow":"follow","max-snippet":"max-snippet:-1","max-image-preview":"max-image-preview:large","max-video-preview":"max-video-preview:-1"},"canonical":"https:\/\/tierpark-bern.ch\/en\/animals\/facilities\/vivarium\/other-facilities-in-the-vivarium\/","og_locale":"en_US","og_type":"article","og_title":"Other facilities in the Vivarium | Tierpark Bern","og_description":"Im Vivarium finden sich noch zahlreiche gr\u00f6ssere sowie kleinere Terrarien und Anlagen wie diejenigen des Panthercham\u00e4leons","og_url":"https:\/\/tierpark-bern.ch\/en\/animals\/facilities\/vivarium\/other-facilities-in-the-vivarium\/","og_site_name":"Tierpark Bern","article_publisher":"https:\/\/www.facebook.com\/tierparkbern\/","article_modified_time":"2023-05-02T16:10:30+00:00","og_image":[{"width":1500,"height":998,"url":"https:\/\/tierpark-bern.ch\/web\/app\/uploads\/2020\/07\/Varnaus-reisingeri-Tierpark-Bern-4.jpg","type":"image\/jpeg"}],"schema":{"@context":"https:\/\/schema.org","@graph":[{"@type":"WebPage","@id":"https:\/\/tierpark-bern.ch\/en\/animals\/facilities\/vivarium\/other-facilities-in-the-vivarium\/","url":"https:\/\/tierpark-bern.ch\/en\/animals\/facilities\/vivarium\/other-facilities-in-the-vivarium\/","name":"Other facilities in the Vivarium | Tierpark Bern","isPartOf":{"@id":"https:\/\/tierpark-bern.ch\/en\/#website"},"primaryImageOfPage":{"@id":"https:\/\/tierpark-bern.ch\/en\/animals\/facilities\/vivarium\/other-facilities-in-the-vivarium\/#primaryimage"},"image":{"@id":"https:\/\/tierpark-bern.ch\/en\/animals\/facilities\/vivarium\/other-facilities-in-the-vivarium\/#primaryimage"},"thumbnailUrl":"https:\/\/tierpark-bern.ch\/web\/app\/uploads\/2020\/07\/Varnaus-reisingeri-Tierpark-Bern-4.jpg","datePublished":"2021-09-02T22:17:09+00:00","dateModified":"2023-05-02T16:10:30+00:00","description":"Im Vivarium finden sich noch zahlreiche gr\u00f6ssere sowie kleinere Terrarien und Anlagen wie diejenigen des Panthercham\u00e4leons","breadcrumb":{"@id":"https:\/\/tierpark-bern.ch\/en\/animals\/facilities\/vivarium\/other-facilities-in-the-vivarium\/#breadcrumb"},"inLanguage":"en-US","potentialAction":[{"@type":"ReadAction","target":["https:\/\/tierpark-bern.ch\/en\/animals\/facilities\/vivarium\/other-facilities-in-the-vivarium\/"]}]},{"@type":"ImageObject","inLanguage":"en-US","@id":"https:\/\/tierpark-bern.ch\/en\/animals\/facilities\/vivarium\/other-facilities-in-the-vivarium\/#primaryimage","url":"https:\/\/tierpark-bern.ch\/web\/app\/uploads\/2020\/07\/Varnaus-reisingeri-Tierpark-Bern-4.jpg","contentUrl":"https:\/\/tierpark-bern.ch\/web\/app\/uploads\/2020\/07\/Varnaus-reisingeri-Tierpark-Bern-4.jpg","width":1500,"height":998},{"@type":"BreadcrumbList","@id":"https:\/\/tierpark-bern.ch\/en\/animals\/facilities\/vivarium\/other-facilities-in-the-vivarium\/#breadcrumb","itemListElement":[{"@type":"ListItem","position":1,"name":"Home","item":"https:\/\/tierpark-bern.ch\/en\/"},{"@type":"ListItem","position":2,"name":"Nature Conservation &#038; Animals","item":"https:\/\/tierpark-bern.ch\/en\/animals\/"},{"@type":"ListItem","position":3,"name":"Facilities","item":"https:\/\/tierpark-bern.ch\/en\/animals\/facilities\/"},{"@type":"ListItem","position":4,"name":"Vivarium","item":"https:\/\/tierpark-bern.ch\/en\/animals\/facilities\/vivarium\/"},{"@type":"ListItem","position":5,"name":"Other facilities in the Vivarium"}]},{"@type":"WebSite","@id":"https:\/\/tierpark-bern.ch\/en\/#website","url":"https:\/\/tierpark-bern.ch\/en\/","name":"Tierpark Bern","description":"","publisher":{"@id":"https:\/\/tierpark-bern.ch\/en\/#organization"},"potentialAction":[{"@type":"SearchAction","target":{"@type":"EntryPoint","urlTemplate":"https:\/\/tierpark-bern.ch\/en\/?s={search_term_string}"},"query-input":{"@type":"PropertyValueSpecification","valueRequired":true,"valueName":"search_term_string"}}],"inLanguage":"en-US"},{"@type":"Organization","@id":"https:\/\/tierpark-bern.ch\/en\/#organization","name":"Tierpark Bern | D\u00e4hlh\u00f6lzli + B\u00e4renPark","alternateName":"Tierpark Bern","url":"https:\/\/tierpark-bern.ch\/en\/","logo":{"@type":"ImageObject","inLanguage":"en-US","@id":"https:\/\/tierpark-bern.ch\/en\/#\/schema\/logo\/image\/","url":"https:\/\/tierpark-bern.ch\/web\/app\/uploads\/2024\/04\/tierpark-bern-696x696-1.jpg","contentUrl":"https:\/\/tierpark-bern.ch\/web\/app\/uploads\/2024\/04\/tierpark-bern-696x696-1.jpg","width":696,"height":696,"caption":"Tierpark Bern | D\u00e4hlh\u00f6lzli + B\u00e4renPark"},"image":{"@id":"https:\/\/tierpark-bern.ch\/en\/#\/schema\/logo\/image\/"},"sameAs":["https:\/\/www.facebook.com\/tierparkbern\/","https:\/\/x.com\/tierparkbern","https:\/\/www.instagram.com\/tierparkbern\/"]}]}},"_links":{"self":[{"href":"https:\/\/tierpark-bern.ch\/en\/wp-json\/wp\/v2\/pages\/52534","targetHints":{"allow":["GET"]}}],"collection":[{"href":"https:\/\/tierpark-bern.ch\/en\/wp-json\/wp\/v2\/pages"}],"about":[{"href":"https:\/\/tierpark-bern.ch\/en\/wp-json\/wp\/v2\/types\/page"}],"author":[{"embeddable":true,"href":"https:\/\/tierpark-bern.ch\/en\/wp-json\/wp\/v2\/users\/1"}],"replies":[{"embeddable":true,"href":"https:\/\/tierpark-bern.ch\/en\/wp-json\/wp\/v2\/comments?post=52534"}],"version-history":[{"count":0,"href":"https:\/\/tierpark-bern.ch\/en\/wp-json\/wp\/v2\/pages\/52534\/revisions"}],"up":[{"embeddable":true,"href":"https:\/\/tierpark-bern.ch\/en\/wp-json\/wp\/v2\/pages\/52299"}],"wp:featuredmedia":[{"embeddable":true,"href":"https:\/\/tierpark-bern.ch\/en\/wp-json\/wp\/v2\/media\/21870"}],"wp:attachment":[{"href":"https:\/\/tierpark-bern.ch\/en\/wp-json\/wp\/v2\/media?parent=52534"}],"curies":[{"name":"wp","href":"https:\/\/api.w.org\/{rel}","templated":true}]}}