
{"id":53699,"date":"2023-03-14T14:09:57","date_gmt":"2023-03-14T13:09:57","guid":{"rendered":"https:\/\/tierpark-bern.ch\/plan-zur-museumsnacht-im-tierpark-2023\/"},"modified":"2025-01-29T13:56:46","modified_gmt":"2025-01-29T12:56:46","slug":"plan-zur-museumsnacht-im-tierpark-2024","status":"publish","type":"page","link":"https:\/\/tierpark-bern.ch\/en\/plan-zur-museumsnacht-im-tierpark-2024\/","title":{"rendered":"Plan zur Museumsnacht im Tierpark"},"content":{"rendered":"<div class=\"wpb-content-wrapper\"><p>[vc_row][vc_column][vc_column_text]<\/p>\n<h1>Plan zur Museumsnacht im Tierpark<\/h1>\n<p>[\/vc_column_text][\/vc_column][\/vc_row][vc_row][vc_column][vc_single_image image=&#8221;69031&#8243;][\/vc_column][\/vc_row][vc_row][vc_column][vc_column_text]<a class=\"button button--tierpark\" href=\"https:\/\/tierpark-bern.ch\/event\/museumsnacht-im-tierpark\/\">Mehr zur Museumsnacht im Tierpark<\/a>[\/vc_column_text][\/vc_column][\/vc_row]<\/p>\n<\/div>","protected":false},"excerpt":{"rendered":"<p>Der Tierpark macht mit einem spannenden Programm und ungewohnten Einblicken in die Tierwelt bei der Museumsnacht mit. Hier geht es zum Plan<\/p>\n","protected":false},"author":1,"featured_media":67330,"parent":0,"menu_order":0,"comment_status":"closed","ping_status":"closed","template":"","meta":{"_acf_changed":false,"footnotes":""},"class_list":["post-53699","page","type-page","status-publish","has-post-thumbnail","hentry"],"acf":[],"yoast_head":"<title>Plan zur Museumsnacht im Tierpark | Tierpark Bern<\/title>\n<meta name=\"description\" content=\"Der Tierpark macht mit einem spannenden Programm und ungewohnten Einblicken in die Tierwelt bei der Museumsnacht mit. Hier geht es zum Plan\" \/>\n<meta name=\"robots\" content=\"index, follow, max-snippet:-1, max-image-preview:large, max-video-preview:-1\" \/>\n<link rel=\"canonical\" href=\"https:\/\/tierpark-bern.ch\/en\/plan-zur-museumsnacht-im-tierpark-2024\/\" \/>\n<meta property=\"og:locale\" content=\"en_US\" \/>\n<meta property=\"og:type\" content=\"article\" \/>\n<meta property=\"og:title\" content=\"Plan zur Museumsnacht im Tierpark | Tierpark Bern\" \/>\n<meta property=\"og:description\" content=\"Der Tierpark macht mit einem spannenden Programm und ungewohnten Einblicken in die Tierwelt bei der Museumsnacht mit. Hier geht es zum Plan\" \/>\n<meta property=\"og:url\" content=\"https:\/\/tierpark-bern.ch\/en\/plan-zur-museumsnacht-im-tierpark-2024\/\" \/>\n<meta property=\"og:site_name\" content=\"Tierpark Bern\" \/>\n<meta property=\"article:publisher\" content=\"https:\/\/www.facebook.com\/tierparkbern\/\" \/>\n<meta property=\"article:modified_time\" content=\"2025-01-29T12:56:46+00:00\" \/>\n<meta property=\"og:image\" content=\"https:\/\/tierpark-bern.ch\/web\/app\/uploads\/2024\/02\/museumsnacht-2023-tierpark-bern-3.jpg\" \/>\n\t<meta property=\"og:image:width\" content=\"2048\" \/>\n\t<meta property=\"og:image:height\" content=\"1536\" \/>\n\t<meta property=\"og:image:type\" content=\"image\/jpeg\" \/>\n<script type=\"application\/ld+json\" class=\"yoast-schema-graph\">{\"@context\":\"https:\/\/schema.org\",\"@graph\":[{\"@type\":\"WebPage\",\"@id\":\"https:\/\/tierpark-bern.ch\/en\/plan-zur-museumsnacht-im-tierpark-2024\/\",\"url\":\"https:\/\/tierpark-bern.ch\/en\/plan-zur-museumsnacht-im-tierpark-2024\/\",\"name\":\"Plan zur Museumsnacht im Tierpark | Tierpark Bern\",\"isPartOf\":{\"@id\":\"https:\/\/tierpark-bern.ch\/en\/#website\"},\"primaryImageOfPage\":{\"@id\":\"https:\/\/tierpark-bern.ch\/en\/plan-zur-museumsnacht-im-tierpark-2024\/#primaryimage\"},\"image\":{\"@id\":\"https:\/\/tierpark-bern.ch\/en\/plan-zur-museumsnacht-im-tierpark-2024\/#primaryimage\"},\"thumbnailUrl\":\"https:\/\/tierpark-bern.ch\/web\/app\/uploads\/2024\/02\/museumsnacht-2023-tierpark-bern-3.jpg\",\"datePublished\":\"2023-03-14T13:09:57+00:00\",\"dateModified\":\"2025-01-29T12:56:46+00:00\",\"description\":\"Der Tierpark macht mit einem spannenden Programm und ungewohnten Einblicken in die Tierwelt bei der Museumsnacht mit. Hier geht es zum Plan\",\"breadcrumb\":{\"@id\":\"https:\/\/tierpark-bern.ch\/en\/plan-zur-museumsnacht-im-tierpark-2024\/#breadcrumb\"},\"inLanguage\":\"en-US\",\"potentialAction\":[{\"@type\":\"ReadAction\",\"target\":[\"https:\/\/tierpark-bern.ch\/en\/plan-zur-museumsnacht-im-tierpark-2024\/\"]}]},{\"@type\":\"ImageObject\",\"inLanguage\":\"en-US\",\"@id\":\"https:\/\/tierpark-bern.ch\/en\/plan-zur-museumsnacht-im-tierpark-2024\/#primaryimage\",\"url\":\"https:\/\/tierpark-bern.ch\/web\/app\/uploads\/2024\/02\/museumsnacht-2023-tierpark-bern-3.jpg\",\"contentUrl\":\"https:\/\/tierpark-bern.ch\/web\/app\/uploads\/2024\/02\/museumsnacht-2023-tierpark-bern-3.jpg\",\"width\":2048,\"height\":1536,\"caption\":\"Mehre Personen stehen an einer Bar\"},{\"@type\":\"BreadcrumbList\",\"@id\":\"https:\/\/tierpark-bern.ch\/en\/plan-zur-museumsnacht-im-tierpark-2024\/#breadcrumb\",\"itemListElement\":[{\"@type\":\"ListItem\",\"position\":1,\"name\":\"Home\",\"item\":\"https:\/\/tierpark-bern.ch\/en\/\"},{\"@type\":\"ListItem\",\"position\":2,\"name\":\"Plan zur Museumsnacht im Tierpark\"}]},{\"@type\":\"WebSite\",\"@id\":\"https:\/\/tierpark-bern.ch\/en\/#website\",\"url\":\"https:\/\/tierpark-bern.ch\/en\/\",\"name\":\"Tierpark Bern\",\"description\":\"\",\"publisher\":{\"@id\":\"https:\/\/tierpark-bern.ch\/en\/#organization\"},\"potentialAction\":[{\"@type\":\"SearchAction\",\"target\":{\"@type\":\"EntryPoint\",\"urlTemplate\":\"https:\/\/tierpark-bern.ch\/en\/?s={search_term_string}\"},\"query-input\":{\"@type\":\"PropertyValueSpecification\",\"valueRequired\":true,\"valueName\":\"search_term_string\"}}],\"inLanguage\":\"en-US\"},{\"@type\":\"Organization\",\"@id\":\"https:\/\/tierpark-bern.ch\/en\/#organization\",\"name\":\"Tierpark Bern | D\u00e4hlh\u00f6lzli + B\u00e4renPark\",\"alternateName\":\"Tierpark Bern\",\"url\":\"https:\/\/tierpark-bern.ch\/en\/\",\"logo\":{\"@type\":\"ImageObject\",\"inLanguage\":\"en-US\",\"@id\":\"https:\/\/tierpark-bern.ch\/en\/#\/schema\/logo\/image\/\",\"url\":\"https:\/\/tierpark-bern.ch\/web\/app\/uploads\/2024\/04\/tierpark-bern-696x696-1.jpg\",\"contentUrl\":\"https:\/\/tierpark-bern.ch\/web\/app\/uploads\/2024\/04\/tierpark-bern-696x696-1.jpg\",\"width\":696,\"height\":696,\"caption\":\"Tierpark Bern | D\u00e4hlh\u00f6lzli + B\u00e4renPark\"},\"image\":{\"@id\":\"https:\/\/tierpark-bern.ch\/en\/#\/schema\/logo\/image\/\"},\"sameAs\":[\"https:\/\/www.facebook.com\/tierparkbern\/\",\"https:\/\/x.com\/tierparkbern\",\"https:\/\/www.instagram.com\/tierparkbern\/\"]}]}<\/script>","yoast_head_json":{"title":"Plan zur Museumsnacht im Tierpark | Tierpark Bern","description":"Der Tierpark macht mit einem spannenden Programm und ungewohnten Einblicken in die Tierwelt bei der Museumsnacht mit. Hier geht es zum Plan","robots":{"index":"index","follow":"follow","max-snippet":"max-snippet:-1","max-image-preview":"max-image-preview:large","max-video-preview":"max-video-preview:-1"},"canonical":"https:\/\/tierpark-bern.ch\/en\/plan-zur-museumsnacht-im-tierpark-2024\/","og_locale":"en_US","og_type":"article","og_title":"Plan zur Museumsnacht im Tierpark | Tierpark Bern","og_description":"Der Tierpark macht mit einem spannenden Programm und ungewohnten Einblicken in die Tierwelt bei der Museumsnacht mit. Hier geht es zum Plan","og_url":"https:\/\/tierpark-bern.ch\/en\/plan-zur-museumsnacht-im-tierpark-2024\/","og_site_name":"Tierpark Bern","article_publisher":"https:\/\/www.facebook.com\/tierparkbern\/","article_modified_time":"2025-01-29T12:56:46+00:00","og_image":[{"width":2048,"height":1536,"url":"https:\/\/tierpark-bern.ch\/web\/app\/uploads\/2024\/02\/museumsnacht-2023-tierpark-bern-3.jpg","type":"image\/jpeg"}],"schema":{"@context":"https:\/\/schema.org","@graph":[{"@type":"WebPage","@id":"https:\/\/tierpark-bern.ch\/en\/plan-zur-museumsnacht-im-tierpark-2024\/","url":"https:\/\/tierpark-bern.ch\/en\/plan-zur-museumsnacht-im-tierpark-2024\/","name":"Plan zur Museumsnacht im Tierpark | Tierpark Bern","isPartOf":{"@id":"https:\/\/tierpark-bern.ch\/en\/#website"},"primaryImageOfPage":{"@id":"https:\/\/tierpark-bern.ch\/en\/plan-zur-museumsnacht-im-tierpark-2024\/#primaryimage"},"image":{"@id":"https:\/\/tierpark-bern.ch\/en\/plan-zur-museumsnacht-im-tierpark-2024\/#primaryimage"},"thumbnailUrl":"https:\/\/tierpark-bern.ch\/web\/app\/uploads\/2024\/02\/museumsnacht-2023-tierpark-bern-3.jpg","datePublished":"2023-03-14T13:09:57+00:00","dateModified":"2025-01-29T12:56:46+00:00","description":"Der Tierpark macht mit einem spannenden Programm und ungewohnten Einblicken in die Tierwelt bei der Museumsnacht mit. Hier geht es zum Plan","breadcrumb":{"@id":"https:\/\/tierpark-bern.ch\/en\/plan-zur-museumsnacht-im-tierpark-2024\/#breadcrumb"},"inLanguage":"en-US","potentialAction":[{"@type":"ReadAction","target":["https:\/\/tierpark-bern.ch\/en\/plan-zur-museumsnacht-im-tierpark-2024\/"]}]},{"@type":"ImageObject","inLanguage":"en-US","@id":"https:\/\/tierpark-bern.ch\/en\/plan-zur-museumsnacht-im-tierpark-2024\/#primaryimage","url":"https:\/\/tierpark-bern.ch\/web\/app\/uploads\/2024\/02\/museumsnacht-2023-tierpark-bern-3.jpg","contentUrl":"https:\/\/tierpark-bern.ch\/web\/app\/uploads\/2024\/02\/museumsnacht-2023-tierpark-bern-3.jpg","width":2048,"height":1536,"caption":"Mehre Personen stehen an einer Bar"},{"@type":"BreadcrumbList","@id":"https:\/\/tierpark-bern.ch\/en\/plan-zur-museumsnacht-im-tierpark-2024\/#breadcrumb","itemListElement":[{"@type":"ListItem","position":1,"name":"Home","item":"https:\/\/tierpark-bern.ch\/en\/"},{"@type":"ListItem","position":2,"name":"Plan zur Museumsnacht im Tierpark"}]},{"@type":"WebSite","@id":"https:\/\/tierpark-bern.ch\/en\/#website","url":"https:\/\/tierpark-bern.ch\/en\/","name":"Tierpark Bern","description":"","publisher":{"@id":"https:\/\/tierpark-bern.ch\/en\/#organization"},"potentialAction":[{"@type":"SearchAction","target":{"@type":"EntryPoint","urlTemplate":"https:\/\/tierpark-bern.ch\/en\/?s={search_term_string}"},"query-input":{"@type":"PropertyValueSpecification","valueRequired":true,"valueName":"search_term_string"}}],"inLanguage":"en-US"},{"@type":"Organization","@id":"https:\/\/tierpark-bern.ch\/en\/#organization","name":"Tierpark Bern | D\u00e4hlh\u00f6lzli + B\u00e4renPark","alternateName":"Tierpark Bern","url":"https:\/\/tierpark-bern.ch\/en\/","logo":{"@type":"ImageObject","inLanguage":"en-US","@id":"https:\/\/tierpark-bern.ch\/en\/#\/schema\/logo\/image\/","url":"https:\/\/tierpark-bern.ch\/web\/app\/uploads\/2024\/04\/tierpark-bern-696x696-1.jpg","contentUrl":"https:\/\/tierpark-bern.ch\/web\/app\/uploads\/2024\/04\/tierpark-bern-696x696-1.jpg","width":696,"height":696,"caption":"Tierpark Bern | D\u00e4hlh\u00f6lzli + B\u00e4renPark"},"image":{"@id":"https:\/\/tierpark-bern.ch\/en\/#\/schema\/logo\/image\/"},"sameAs":["https:\/\/www.facebook.com\/tierparkbern\/","https:\/\/x.com\/tierparkbern","https:\/\/www.instagram.com\/tierparkbern\/"]}]}},"_links":{"self":[{"href":"https:\/\/tierpark-bern.ch\/en\/wp-json\/wp\/v2\/pages\/53699","targetHints":{"allow":["GET"]}}],"collection":[{"href":"https:\/\/tierpark-bern.ch\/en\/wp-json\/wp\/v2\/pages"}],"about":[{"href":"https:\/\/tierpark-bern.ch\/en\/wp-json\/wp\/v2\/types\/page"}],"author":[{"embeddable":true,"href":"https:\/\/tierpark-bern.ch\/en\/wp-json\/wp\/v2\/users\/1"}],"replies":[{"embeddable":true,"href":"https:\/\/tierpark-bern.ch\/en\/wp-json\/wp\/v2\/comments?post=53699"}],"version-history":[{"count":0,"href":"https:\/\/tierpark-bern.ch\/en\/wp-json\/wp\/v2\/pages\/53699\/revisions"}],"wp:featuredmedia":[{"embeddable":true,"href":"https:\/\/tierpark-bern.ch\/en\/wp-json\/wp\/v2\/media\/67330"}],"wp:attachment":[{"href":"https:\/\/tierpark-bern.ch\/en\/wp-json\/wp\/v2\/media?parent=53699"}],"curies":[{"name":"wp","href":"https:\/\/api.w.org\/{rel}","templated":true}]}}