
{"id":54220,"date":"2023-02-27T17:55:11","date_gmt":"2023-02-27T16:55:11","guid":{"rendered":"https:\/\/tierpark-bern.ch\/support\/spenden\/"},"modified":"2023-10-30T09:12:56","modified_gmt":"2023-10-30T08:12:56","slug":"spenden","status":"publish","type":"page","link":"https:\/\/tierpark-bern.ch\/en\/support\/spenden\/","title":{"rendered":"Gabusfonds"},"content":{"rendered":"<div class=\"wpb-content-wrapper\"><p>[vc_row][vc_column offset=&#8221;vc_col-lg-9 vc_col-md-9 vc_col-xs-12&#8243;][vc_column_text]<\/p>\n<h1>Donations to the Gabusfonds<\/h1>\n<p>The Gabusfonds is managed by the financial administration and 100% of the money is at the disposal of the Bern Animal Park. It is tax-exempt and you will receive a donation receipt from us.<\/p>\n<p>Do you want to support the Bern Animal Park and its animals directly? Donate to the Gabusfonds!<br \/>\n100% of the money in this fund is available for the animals and facilities of the Bern Animal Park.[\/vc_column_text][vc_column_text]<\/p>\n<h2>Donate online &#8211; easily with credit card<\/h2>\n<p>Select the Gabus Fund in the form.[\/vc_column_text][vc_column_text]<a class=\"button button--tierpark\" href=\"https:\/\/formular.bern.ch\/forms\/findform?shortname=spende&amp;formtecid=3&amp;areashortname=tierpark_bern\" target=\"_blank\" rel=\"noopener\">Donate online now to the Gabusfonds<\/a>[\/vc_column_text][vc_column_text]<\/p>\n<h2>Donate securely and quickly with TWINT<\/h2>\n<p>[\/vc_column_text][vc_single_image image=&#8221;42645&#8243; img_size=&#8221;500&#215;221&#8243; el_class=&#8221;spenden-qrcode mobile-hide&#8221;][vc_column_text]<a class=\"button button--tierpark\" href=\"https:\/\/donate.raisenow.io\/bszfs\" target=\"_blank\" rel=\"noopener\">Donate now via Twint Paylink<\/a>[\/vc_column_text][vc_column_text]<\/p>\n<h2>Online banking<\/h2>\n<p>Scan the QR code on the payment slip or enter manually:<\/p>\n<p>IBAN: CH60 0079 0020 9723 0610 9<\/p>\n<p>Account: Berner Kantonalbank AG, 3011 Bern<\/p>\n<p>Beneficiary (Please specify mandatory!): Einwohnergemeinde Stadt Bern, Tierpark Bern, D\u00e4hlh\u00f6lzli + B\u00e4renPark, Bundesgasse 33, 3011 Bern<\/p>\n<p>Enter under &#8220;additional information&#8221;: Gabusfonds<br \/>\n[\/vc_column_text][vc_column_text]<\/p>\n<h2>Pay-in slip<\/h2>\n<p>Call us on +41 31 321 15 13 and we will be happy to send you a payment slip by post.[\/vc_column_text][vc_column_text]<a class=\"button button--tierpark\" href=\"https:\/\/tierpark-bern.ch\/web\/app\/uploads\/2023\/03\/QR-Einzahlungsschein-Gabusfonds.pdf\" target=\"_blank\" rel=\"noopener\">Payment slip for download<\/a>[\/vc_column_text][vc_column_text]<\/p>\n<h2>Are you interested in the legal basis for the Gabus Fund?<\/h2>\n<p>[\/vc_column_text][vc_column_text]<a class=\"button button--tierpark\" href=\"https:\/\/stadtrecht.bern.ch\/lexoverview-home\/lex-631_51?effective-from=20141201\" target=\"_blank\" rel=\"noopener\">Read more at stadtrecht.bern.ch<\/a>[\/vc_column_text][\/vc_column][vc_column offset=&#8221;vc_col-lg-3 vc_col-md-3 vc_col-xs-12&#8243; css=&#8221;.vc_custom_1679981947116{margin-top: 13px !important;}&#8221;][vc_widget_sidebar sidebar_id=&#8221;gabusfonds-widget&#8221;][\/vc_column][\/vc_row][vc_row][vc_column][vc_column_text]<\/p>\n<h2>Frequently asked questions about donations<\/h2>\n<div class=\"faq-section top-20\">\n                <div class=\"row\">\n                    <div class=\"col-12\"><div class=\"accordion accordion--bordered\">\n                                  <div class=\"accordion__title-block\" role=\"button\">\n                                      <span class=\"accordion__title\">Can I donate to the Bern Animal Park online?<\/span>\n                                      <span class=\"accordion__close\"><\/span>\n                                  <\/div>\n                                  <div class=\"accordion__text-block\">\n                                       <p><p>With our donation form you can donate by credit card (Visa, MasterCard), PostFinance (Card, eFinance) or TWINT. <a href=\"https:\/\/formular.bern.ch\/forms\/findform?shortname=spende&amp;formtecid=3&amp;areashortname=tierpark_bern\" target=\"_blank\" rel=\"noopener\">You can donate directly online via the City of Bern donation form. <\/a><\/p>\n<\/p>\n                                  <\/div>\n                              <\/div><div class=\"accordion accordion--bordered\">\n                                  <div class=\"accordion__title-block\" role=\"button\">\n                                      <span class=\"accordion__title\">Do I receive a donation receipt?<\/span>\n                                      <span class=\"accordion__close\"><\/span>\n                                  <\/div>\n                                  <div class=\"accordion__text-block\">\n                                       <p><p>Each donation is optionally confirmed with a written donation receipt.<\/p>\n<\/p>\n                                  <\/div>\n                              <\/div><div class=\"accordion accordion--bordered\">\n                                  <div class=\"accordion__title-block\" role=\"button\">\n                                      <span class=\"accordion__title\">Can I deduct my donation from my taxes?<\/span>\n                                      <span class=\"accordion__close\"><\/span>\n                                  <\/div>\n                                  <div class=\"accordion__text-block\">\n                                       <p><p>Both donations to the Bern Animal Park and sponsorships are tax-deductible.<\/p>\n<\/p>\n                                  <\/div>\n                              <\/div><div class=\"accordion accordion--bordered\">\n                                  <div class=\"accordion__title-block\" role=\"button\">\n                                      <span class=\"accordion__title\">What will my donation be used for?<\/span>\n                                      <span class=\"accordion__close\"><\/span>\n                                  <\/div>\n                                  <div class=\"accordion__text-block\">\n                                       <p><p>Payments into the Gabus Fund are 100% available exclusively for animals and facilities at the Bern Animal Park.<\/p>\n<\/p>\n                                  <\/div>\n                              <\/div><div class=\"accordion accordion--bordered\">\n                                  <div class=\"accordion__title-block\" role=\"button\">\n                                      <span class=\"accordion__title\">How can I support the Bern Animal Park financially?<\/span>\n                                      <span class=\"accordion__close\"><\/span>\n                                  <\/div>\n                                  <div class=\"accordion__text-block\">\n                                       <div class=\"wpb-content-wrapper\"><p>[vc_row][vc_column][vc_column_text]1. You take over <a href=\"https:\/\/tierpark-bern.ch\/en\/support\/sponsorship\/\">an animal sponsorship<\/a><\/p>\n<p>2. You support <a href=\"https:\/\/tierpark-bern.ch\/en\/support\/animal-park-association\/\" target=\"_blank\" rel=\"noopener noreferrer\">The Animal Park Association Bern<\/a><\/p>\n<p>3. You pay directly into an account from where it will benefit the Gabus Fund. Payments for the Gabus Fund should be sent to:<\/p>\n<p>IBAN: CH60 0079 0020 9723 0610 9<\/p>\n<p>Account with: Berner Kantonalbank AG, 3011 Bern<\/p>\n<p>Beneficiary (PLEASE REQUIRE!):\u00a0Einwohnergemeinde Stadt Bern, Tierpark Bern, D\u00e4hlh\u00f6lzli + B\u00e4renPark, Bundesgasse 33, 3011 Bern<\/p>\n<p>Enter under &#8220;additional information&#8221;: Gabus Fund<\/p>\n<p>Or<\/p>\n<p><a href=\"https:\/\/formular.bern.ch\/forms\/findform?shortname=spende&amp;formtecid=3&amp;areashortname=tierpark_bern\" target=\"_blank\" rel=\"noopener noreferrer\">You donate directly online via the City of Bern donation form.<\/a><\/p>\n<p>4. you pay directly into an account from where it will benefit the Nature and Species Conservation Fund. Payments for the Nature and Species Conservation Fund should be sent to:<\/p>\n<p>IBAN: CH60 0079 0020 9723 0610 9<\/p>\n<p>Account with: Berner Kantonalbank AG, 3011 Bern<\/p>\n<p>Beneficiary (Please specify!): Einwohnergemeinde Stadt Bern, Tierpark Bern, D\u00e4hlh\u00f6lzli + B\u00e4renPark, Bundesgasse 33, 3011 Bern<\/p>\n<p>Enter under &#8220;additional information&#8221;: Nature and species conservation<\/p>\n<p>Or<\/p>\n<p><a href=\"https:\/\/formular.bern.ch\/forms\/findform?shortname=spende&amp;formtecid=3&amp;areashortname=tierpark_bern\" target=\"_blank\" rel=\"noopener\">Donate directly online using the City of Bern&#8217;s donation form.<\/a><\/p>\n<p>The nature conservation franc flows into the pot of the Nature and Species Conservation Fund. The fund is administered by the Finance Administration and 100% of the money is at the disposal of the Bern Zoo. It is tax-exempt and you will receive a donation receipt from us.<\/p>\n<p>Thank you very much for your support!<\/p>\n<p>[\/vc_column_text][\/vc_column][\/vc_row]<\/p>\n<\/div>\n                                  <\/div>\n                              <\/div><\/div>\n                <\/div>\n            <\/div>[\/vc_column_text][\/vc_column][\/vc_row][vc_row][vc_column][vc_column_text]<section class=\"section no-padding-bottom page-suggestion-container\">\n            <div class=\"container\">\n                <div class=\"row bottom-50\">\n                    <div class=\"col-12\">\n                        <div class=\"heading heading--primary heading--center\">\n                            <h2 class=\"heading__title no-margin-bottom\"><span>More Topics<\/span><\/h2>\n                        <\/div>\n                    <\/div>\n                <\/div>\n                <div class=\"row\"><div class=\"col-md-6 col-xl-4 \">\n                        <div class=\"service-content\" tabindex=\"0\" role=\"link\" onclick=\"suggestionLinkfunction(this);\" data-href=\"https:\/\/tierpark-bern.ch\/en\/support\/sponsorship\/\">\n                            <img decoding=\"async\" src=\"https:\/\/tierpark-bern.ch\/web\/app\/uploads\/2022\/02\/Sterna-paradisaea-2-386x230.jpg\" alt=\"\"\/>\n                                <div class=\"service-desc\">\n                                    <div class=\"vcenter\">\n                                        <div class=\"titel\">Sponsorship<\/div>\n                                    <\/div>\n                                <\/div>\n                        <\/div>\n                    <\/div><div class=\"col-md-6 col-xl-4 \">\n                        <div class=\"service-content\" tabindex=\"0\" role=\"link\" onclick=\"suggestionLinkfunction(this);\" data-href=\"https:\/\/tierpark-bern.ch\/en\/support\/animal-park-association\/\">\n                            <img decoding=\"async\" src=\"https:\/\/tierpark-bern.ch\/web\/app\/uploads\/2022\/02\/uhu-jungtier-tierpark-bern-14-386x230.jpg\" alt=\"\"\/>\n                                <div class=\"service-desc\">\n                                    <div class=\"vcenter\">\n                                        <div class=\"titel\">Animal Park Association<\/div>\n                                    <\/div>\n                                <\/div>\n                        <\/div>\n                    <\/div><div class=\"col-md-6 col-xl-4 \">\n                        <div class=\"service-content\" tabindex=\"0\" role=\"link\" onclick=\"suggestionLinkfunction(this);\" data-href=\"https:\/\/tierpark-bern.ch\/en\/support\/inheritances\/\">\n                            <img decoding=\"async\" src=\"https:\/\/tierpark-bern.ch\/web\/app\/uploads\/2020\/07\/kinderzoo-im-Tierpark-Bern-19-386x230.jpg\" alt=\"\"\/>\n                                <div class=\"service-desc\">\n                                    <div class=\"vcenter\">\n                                        <div class=\"titel\">Inheritances<\/div>\n                                    <\/div>\n                                <\/div>\n                        <\/div>\n                    <\/div><\/div>\n            <\/div>\n        <\/section>[\/vc_column_text][\/vc_column][\/vc_row]<\/p>\n<\/div>","protected":false},"excerpt":{"rendered":"<p>The GabusFunds is managed by the Finance Administration and 100 % of the money is at the disposal of the Bern Animal Park.<\/p>\n","protected":false},"author":1,"featured_media":24512,"parent":52226,"menu_order":0,"comment_status":"closed","ping_status":"closed","template":"","meta":{"_acf_changed":false,"footnotes":""},"class_list":["post-54220","page","type-page","status-publish","has-post-thumbnail","hentry"],"acf":[],"yoast_head":"<title>Gabusfonds | Tierpark Bern<\/title>\n<meta name=\"description\" content=\"The GabusFunds is managed by the Finance Administration and 100 % of the money is at the disposal of the Bern Animal Park.\" \/>\n<meta name=\"robots\" content=\"index, follow, max-snippet:-1, max-image-preview:large, max-video-preview:-1\" \/>\n<link rel=\"canonical\" href=\"https:\/\/tierpark-bern.ch\/en\/support\/spenden\/\" \/>\n<meta property=\"og:locale\" content=\"en_US\" \/>\n<meta property=\"og:type\" content=\"article\" \/>\n<meta property=\"og:title\" content=\"Gabusfonds | Tierpark Bern\" \/>\n<meta property=\"og:description\" content=\"The GabusFunds is managed by the Finance Administration and 100 % of the money is at the disposal of the Bern Animal Park.\" \/>\n<meta property=\"og:url\" content=\"https:\/\/tierpark-bern.ch\/en\/support\/spenden\/\" \/>\n<meta property=\"og:site_name\" content=\"Tierpark Bern\" \/>\n<meta property=\"article:publisher\" content=\"https:\/\/www.facebook.com\/tierparkbern\/\" \/>\n<meta property=\"article:modified_time\" content=\"2023-10-30T08:12:56+00:00\" \/>\n<meta property=\"og:image\" content=\"https:\/\/tierpark-bern.ch\/web\/app\/uploads\/2020\/07\/leopard-2-tierpark-bern.jpg\" \/>\n\t<meta property=\"og:image:width\" content=\"1500\" \/>\n\t<meta property=\"og:image:height\" content=\"998\" \/>\n\t<meta property=\"og:image:type\" content=\"image\/jpeg\" \/>\n<script type=\"application\/ld+json\" class=\"yoast-schema-graph\">{\"@context\":\"https:\/\/schema.org\",\"@graph\":[{\"@type\":\"WebPage\",\"@id\":\"https:\/\/tierpark-bern.ch\/en\/support\/spenden\/\",\"url\":\"https:\/\/tierpark-bern.ch\/en\/support\/spenden\/\",\"name\":\"Gabusfonds | Tierpark Bern\",\"isPartOf\":{\"@id\":\"https:\/\/tierpark-bern.ch\/en\/#website\"},\"primaryImageOfPage\":{\"@id\":\"https:\/\/tierpark-bern.ch\/en\/support\/spenden\/#primaryimage\"},\"image\":{\"@id\":\"https:\/\/tierpark-bern.ch\/en\/support\/spenden\/#primaryimage\"},\"thumbnailUrl\":\"https:\/\/tierpark-bern.ch\/web\/app\/uploads\/2020\/07\/leopard-2-tierpark-bern.jpg\",\"datePublished\":\"2023-02-27T16:55:11+00:00\",\"dateModified\":\"2023-10-30T08:12:56+00:00\",\"description\":\"The GabusFunds is managed by the Finance Administration and 100 % of the money is at the disposal of the Bern Animal Park.\",\"breadcrumb\":{\"@id\":\"https:\/\/tierpark-bern.ch\/en\/support\/spenden\/#breadcrumb\"},\"inLanguage\":\"en-US\",\"potentialAction\":[{\"@type\":\"ReadAction\",\"target\":[\"https:\/\/tierpark-bern.ch\/en\/support\/spenden\/\"]}]},{\"@type\":\"ImageObject\",\"inLanguage\":\"en-US\",\"@id\":\"https:\/\/tierpark-bern.ch\/en\/support\/spenden\/#primaryimage\",\"url\":\"https:\/\/tierpark-bern.ch\/web\/app\/uploads\/2020\/07\/leopard-2-tierpark-bern.jpg\",\"contentUrl\":\"https:\/\/tierpark-bern.ch\/web\/app\/uploads\/2020\/07\/leopard-2-tierpark-bern.jpg\",\"width\":1500,\"height\":998,\"caption\":\"Nahaufnahme von einem Persischen Leoparden\"},{\"@type\":\"BreadcrumbList\",\"@id\":\"https:\/\/tierpark-bern.ch\/en\/support\/spenden\/#breadcrumb\",\"itemListElement\":[{\"@type\":\"ListItem\",\"position\":1,\"name\":\"Home\",\"item\":\"https:\/\/tierpark-bern.ch\/en\/\"},{\"@type\":\"ListItem\",\"position\":2,\"name\":\"Support\",\"item\":\"https:\/\/tierpark-bern.ch\/en\/support\/\"},{\"@type\":\"ListItem\",\"position\":3,\"name\":\"Gabusfonds\"}]},{\"@type\":\"WebSite\",\"@id\":\"https:\/\/tierpark-bern.ch\/en\/#website\",\"url\":\"https:\/\/tierpark-bern.ch\/en\/\",\"name\":\"Tierpark Bern\",\"description\":\"\",\"publisher\":{\"@id\":\"https:\/\/tierpark-bern.ch\/en\/#organization\"},\"potentialAction\":[{\"@type\":\"SearchAction\",\"target\":{\"@type\":\"EntryPoint\",\"urlTemplate\":\"https:\/\/tierpark-bern.ch\/en\/?s={search_term_string}\"},\"query-input\":{\"@type\":\"PropertyValueSpecification\",\"valueRequired\":true,\"valueName\":\"search_term_string\"}}],\"inLanguage\":\"en-US\"},{\"@type\":\"Organization\",\"@id\":\"https:\/\/tierpark-bern.ch\/en\/#organization\",\"name\":\"Tierpark Bern | D\u00e4hlh\u00f6lzli + B\u00e4renPark\",\"alternateName\":\"Tierpark Bern\",\"url\":\"https:\/\/tierpark-bern.ch\/en\/\",\"logo\":{\"@type\":\"ImageObject\",\"inLanguage\":\"en-US\",\"@id\":\"https:\/\/tierpark-bern.ch\/en\/#\/schema\/logo\/image\/\",\"url\":\"https:\/\/tierpark-bern.ch\/web\/app\/uploads\/2024\/04\/tierpark-bern-696x696-1.jpg\",\"contentUrl\":\"https:\/\/tierpark-bern.ch\/web\/app\/uploads\/2024\/04\/tierpark-bern-696x696-1.jpg\",\"width\":696,\"height\":696,\"caption\":\"Tierpark Bern | D\u00e4hlh\u00f6lzli + B\u00e4renPark\"},\"image\":{\"@id\":\"https:\/\/tierpark-bern.ch\/en\/#\/schema\/logo\/image\/\"},\"sameAs\":[\"https:\/\/www.facebook.com\/tierparkbern\/\",\"https:\/\/x.com\/tierparkbern\",\"https:\/\/www.instagram.com\/tierparkbern\/\"]}]}<\/script>","yoast_head_json":{"title":"Gabusfonds | Tierpark Bern","description":"The GabusFunds is managed by the Finance Administration and 100 % of the money is at the disposal of the Bern Animal Park.","robots":{"index":"index","follow":"follow","max-snippet":"max-snippet:-1","max-image-preview":"max-image-preview:large","max-video-preview":"max-video-preview:-1"},"canonical":"https:\/\/tierpark-bern.ch\/en\/support\/spenden\/","og_locale":"en_US","og_type":"article","og_title":"Gabusfonds | Tierpark Bern","og_description":"The GabusFunds is managed by the Finance Administration and 100 % of the money is at the disposal of the Bern Animal Park.","og_url":"https:\/\/tierpark-bern.ch\/en\/support\/spenden\/","og_site_name":"Tierpark Bern","article_publisher":"https:\/\/www.facebook.com\/tierparkbern\/","article_modified_time":"2023-10-30T08:12:56+00:00","og_image":[{"width":1500,"height":998,"url":"https:\/\/tierpark-bern.ch\/web\/app\/uploads\/2020\/07\/leopard-2-tierpark-bern.jpg","type":"image\/jpeg"}],"schema":{"@context":"https:\/\/schema.org","@graph":[{"@type":"WebPage","@id":"https:\/\/tierpark-bern.ch\/en\/support\/spenden\/","url":"https:\/\/tierpark-bern.ch\/en\/support\/spenden\/","name":"Gabusfonds | Tierpark Bern","isPartOf":{"@id":"https:\/\/tierpark-bern.ch\/en\/#website"},"primaryImageOfPage":{"@id":"https:\/\/tierpark-bern.ch\/en\/support\/spenden\/#primaryimage"},"image":{"@id":"https:\/\/tierpark-bern.ch\/en\/support\/spenden\/#primaryimage"},"thumbnailUrl":"https:\/\/tierpark-bern.ch\/web\/app\/uploads\/2020\/07\/leopard-2-tierpark-bern.jpg","datePublished":"2023-02-27T16:55:11+00:00","dateModified":"2023-10-30T08:12:56+00:00","description":"The GabusFunds is managed by the Finance Administration and 100 % of the money is at the disposal of the Bern Animal Park.","breadcrumb":{"@id":"https:\/\/tierpark-bern.ch\/en\/support\/spenden\/#breadcrumb"},"inLanguage":"en-US","potentialAction":[{"@type":"ReadAction","target":["https:\/\/tierpark-bern.ch\/en\/support\/spenden\/"]}]},{"@type":"ImageObject","inLanguage":"en-US","@id":"https:\/\/tierpark-bern.ch\/en\/support\/spenden\/#primaryimage","url":"https:\/\/tierpark-bern.ch\/web\/app\/uploads\/2020\/07\/leopard-2-tierpark-bern.jpg","contentUrl":"https:\/\/tierpark-bern.ch\/web\/app\/uploads\/2020\/07\/leopard-2-tierpark-bern.jpg","width":1500,"height":998,"caption":"Nahaufnahme von einem Persischen Leoparden"},{"@type":"BreadcrumbList","@id":"https:\/\/tierpark-bern.ch\/en\/support\/spenden\/#breadcrumb","itemListElement":[{"@type":"ListItem","position":1,"name":"Home","item":"https:\/\/tierpark-bern.ch\/en\/"},{"@type":"ListItem","position":2,"name":"Support","item":"https:\/\/tierpark-bern.ch\/en\/support\/"},{"@type":"ListItem","position":3,"name":"Gabusfonds"}]},{"@type":"WebSite","@id":"https:\/\/tierpark-bern.ch\/en\/#website","url":"https:\/\/tierpark-bern.ch\/en\/","name":"Tierpark Bern","description":"","publisher":{"@id":"https:\/\/tierpark-bern.ch\/en\/#organization"},"potentialAction":[{"@type":"SearchAction","target":{"@type":"EntryPoint","urlTemplate":"https:\/\/tierpark-bern.ch\/en\/?s={search_term_string}"},"query-input":{"@type":"PropertyValueSpecification","valueRequired":true,"valueName":"search_term_string"}}],"inLanguage":"en-US"},{"@type":"Organization","@id":"https:\/\/tierpark-bern.ch\/en\/#organization","name":"Tierpark Bern | D\u00e4hlh\u00f6lzli + B\u00e4renPark","alternateName":"Tierpark Bern","url":"https:\/\/tierpark-bern.ch\/en\/","logo":{"@type":"ImageObject","inLanguage":"en-US","@id":"https:\/\/tierpark-bern.ch\/en\/#\/schema\/logo\/image\/","url":"https:\/\/tierpark-bern.ch\/web\/app\/uploads\/2024\/04\/tierpark-bern-696x696-1.jpg","contentUrl":"https:\/\/tierpark-bern.ch\/web\/app\/uploads\/2024\/04\/tierpark-bern-696x696-1.jpg","width":696,"height":696,"caption":"Tierpark Bern | D\u00e4hlh\u00f6lzli + B\u00e4renPark"},"image":{"@id":"https:\/\/tierpark-bern.ch\/en\/#\/schema\/logo\/image\/"},"sameAs":["https:\/\/www.facebook.com\/tierparkbern\/","https:\/\/x.com\/tierparkbern","https:\/\/www.instagram.com\/tierparkbern\/"]}]}},"_links":{"self":[{"href":"https:\/\/tierpark-bern.ch\/en\/wp-json\/wp\/v2\/pages\/54220","targetHints":{"allow":["GET"]}}],"collection":[{"href":"https:\/\/tierpark-bern.ch\/en\/wp-json\/wp\/v2\/pages"}],"about":[{"href":"https:\/\/tierpark-bern.ch\/en\/wp-json\/wp\/v2\/types\/page"}],"author":[{"embeddable":true,"href":"https:\/\/tierpark-bern.ch\/en\/wp-json\/wp\/v2\/users\/1"}],"replies":[{"embeddable":true,"href":"https:\/\/tierpark-bern.ch\/en\/wp-json\/wp\/v2\/comments?post=54220"}],"version-history":[{"count":0,"href":"https:\/\/tierpark-bern.ch\/en\/wp-json\/wp\/v2\/pages\/54220\/revisions"}],"up":[{"embeddable":true,"href":"https:\/\/tierpark-bern.ch\/en\/wp-json\/wp\/v2\/pages\/52226"}],"wp:featuredmedia":[{"embeddable":true,"href":"https:\/\/tierpark-bern.ch\/en\/wp-json\/wp\/v2\/media\/24512"}],"wp:attachment":[{"href":"https:\/\/tierpark-bern.ch\/en\/wp-json\/wp\/v2\/media?parent=54220"}],"curies":[{"name":"wp","href":"https:\/\/api.w.org\/{rel}","templated":true}]}}