
{"id":57565,"date":"2023-06-17T23:11:18","date_gmt":"2023-06-17T21:11:18","guid":{"rendered":"https:\/\/tierpark-bern.ch\/exuma-wirtelschwanzleguan\/"},"modified":"2025-03-18T09:25:19","modified_gmt":"2025-03-18T08:25:19","slug":"exuma-wirtelschwanzleguan","status":"publish","type":"page","link":"https:\/\/tierpark-bern.ch\/en\/animals\/facilities\/vivarium\/exuma-wirtelschwanzleguan\/","title":{"rendered":"Exuma-Wirtelschwanzleguan Anlage"},"content":{"rendered":"<div class=\"wpb-content-wrapper\"><p>[vc_row][vc_column][vc_column_text]<\/p>\n<h1>Einen karibischen Strand ins Vivarium zaubern<\/h1>\n<p>Im Vivarium ist eine spannende, neue Tierart eingezogen: Exuma-Wirtelschwanzleguane (<em>Cyclura cychlura figginsi<\/em>) leben neu in der ehemaligen Nashornleguananlage. Doch diese wurde zur G\u00e4nze modernisiert, umgebaut und in einen wundersch\u00f6nen karibischen Strand verwandelt. Als erst dritter wissenschaftlich gef\u00fchrter Zoo fokussiert sich der Tierpark neu auf diese stattlichen Reptilien.<\/p>\n<p>Ihr Verbreitungsgebiet in der Natur beschr\u00e4nkt sich auf acht Inseln der Exuma-Inselkette auf den Bahamas. Als wechselwarme Tiere verbringen sie die sonnigen Tage meist auf den heissen Sandstr\u00e4nden liegend, nachts und bei schlechtem Wetter ziehen sie sich in Sandh\u00f6hlen und in Spalten des Kalkgesteins zur\u00fcck.[\/vc_column_text][\/vc_column][\/vc_row][vc_row][vc_column width=&#8221;1\/2&#8243;][vc_single_image image=&#8221;57795&#8243; green_bar=&#8221;yes&#8221;][\/vc_column][vc_column width=&#8221;1\/2&#8243;][vc_single_image image=&#8221;57762&#8243; green_bar=&#8221;yes&#8221;][\/vc_column][\/vc_row][vc_row][vc_column][vc_column_text css=&#8221;&#8221;]Wie errichtet man einen karibischen Strand mit Materialien, die nicht aus der Ferne von den Bahamas hergeschifft wurden, sondern m\u00f6glichst helvetischer Abstammung sind? Spezielle Kalksteine aus der Schweiz, sogenannte Karren-Steine, bilden den felsigen Untergrund der neuen Anlage. Eine Karre oder Schratte ist eine Rinne oder Spalte, welche durch L\u00f6sungsverwitterung im Karst entsteht. Indem das Niederschlagswasser die feste Oberfl\u00e4che von Kalkschichten \u00fcber lange Zeit zernagt, entstehen die typischen Spalten und Rinnen von Karren-Gestein. Karren-Steine sind heute gut gesch\u00fctzt. Dem Tierpark ist es gelungen, diese besonderen Steine aus alten Best\u00e4nden aufzutreiben, um die neue Heimat f\u00fcr die seltenen Echsen zu imitieren. Urner Alpenkalk gepaart mit Quarzsand und einigen Palmen ergeben einen karibischen Strand!<\/p>\n<p>Nach dem R\u00fcckbau der alten Strukturen wurde unter dem Strandabschnitt eine moderne, wassergef\u00fchrten Bodenheizung f\u00fcr den tropisch warmen Strand installiert, die gesamte Technik wurde erneuert und modernisiert. Die Anlage wurde auch abgedichtet, denn die neuen Bewohner k\u00f6nnen sehr gut klettern. F\u00fcr die Inneneinrichtung wurden eben die edlen Steine versetzt und mit Quarzsand zu einem weissen Meeresstrand zusammengef\u00fcgt.<\/p>\n<p>Um den Exuma-Wirtelschwanzleguanen mehr Platz zu geben, wurde f\u00fcr den Umbau der Anlage auch der Termitenh\u00fcgel abgetragen, nachdem er bereits seit Jahren unbewohnt war. Doch an einem neuen Ort im Viviarum wird ein junger Termitenstaat in naher Zukunft seinen H\u00fcgel bauen.<\/p>\n<p>Die gesamte Anlage wurde fast ausschliesslich durch das Team des Tierparks gebaut. Die Anlage wurde ausschliesslich mit Geldern aus dem Gabus-Fonds finanziert, an dieser Stelle ein grosses und herzliches Dankesch\u00f6n an all unsere Spenderinnen und Spender f\u00fcr die Unterst\u00fctzung unserer Tiere.<\/p>\n<p><strong>Fakten<\/strong>:<\/p>\n<ul>\n<li>Gr\u00f6sse der Anlage: 56 m2<\/li>\n<li>Karrensteine: 23 t<\/li>\n<li>Quarzsand: 12 m3<\/li>\n<\/ul>\n<p>[\/vc_column_text][\/vc_column][\/vc_row][vc_row][vc_column][vc_column_text]<\/p>\n<div class=\"tbl-species-list-container\">\n<h2>Tiere in der Anlage<\/h2>\n<table class=\"tbl-all-species-list\">\n<tbody>\n<tr>\n<td><a href=\"https:\/\/tierpark-bern.ch\/tierlexikon\/exuma-wirtelschwanzleguan\/\"><strong>Exuma-Wirtelschwanzleguan<\/strong><\/a><\/td>\n<\/tr>\n<tr>\n<td><a href=\"https:\/\/tierpark-bern.ch\/tierlexikon\/rollschwanzleguan\/\"><strong> Rollschwanzleguan <\/strong><\/a><\/td>\n<\/tr>\n<\/tbody>\n<\/table>\n<\/div>\n<p>[\/vc_column_text][\/vc_column][\/vc_row]<\/p>\n<\/div>","protected":false},"excerpt":{"rendered":"<p>Die Exuma-Wirtelschanzleguane leben auf weissen Sandstr\u00e4nden auf den Bahamas und erf\u00fcllen dort eine wichtige \u00f6kologische Aufgabe.<\/p>\n","protected":false},"author":1,"featured_media":55264,"parent":52299,"menu_order":0,"comment_status":"closed","ping_status":"closed","template":"","meta":{"_acf_changed":false,"footnotes":""},"class_list":["post-57565","page","type-page","status-publish","has-post-thumbnail","hentry"],"acf":[],"yoast_head":"<title>Exuma-Wirtelschwanzleguan Anlage | Tierpark Bern<\/title>\n<meta name=\"description\" content=\"Die Exuma-Wirtelschanzleguane erf\u00fcllen eine wichtige Aufgabe auf den Exuma-Inseln in den Bahamas\" \/>\n<meta name=\"robots\" content=\"index, follow, max-snippet:-1, max-image-preview:large, max-video-preview:-1\" \/>\n<link rel=\"canonical\" href=\"https:\/\/tierpark-bern.ch\/en\/animals\/facilities\/vivarium\/exuma-wirtelschwanzleguan\/\" \/>\n<meta property=\"og:locale\" content=\"en_US\" \/>\n<meta property=\"og:type\" content=\"article\" \/>\n<meta property=\"og:title\" content=\"Exuma-Wirtelschwanzleguan Anlage | Tierpark Bern\" \/>\n<meta property=\"og:description\" content=\"Die Exuma-Wirtelschanzleguane erf\u00fcllen eine wichtige Aufgabe auf den Exuma-Inseln in den Bahamas\" \/>\n<meta property=\"og:url\" content=\"https:\/\/tierpark-bern.ch\/en\/animals\/facilities\/vivarium\/exuma-wirtelschwanzleguan\/\" \/>\n<meta property=\"og:site_name\" content=\"Tierpark Bern\" \/>\n<meta property=\"article:publisher\" content=\"https:\/\/www.facebook.com\/tierparkbern\/\" \/>\n<meta property=\"article:modified_time\" content=\"2025-03-18T08:25:19+00:00\" \/>\n<meta property=\"og:image\" content=\"https:\/\/tierpark-bern.ch\/web\/app\/uploads\/2023\/05\/Exuma-Wirtelschwanzleguan-7657-min.jpg\" \/>\n\t<meta property=\"og:image:width\" content=\"1371\" \/>\n\t<meta property=\"og:image:height\" content=\"914\" \/>\n\t<meta property=\"og:image:type\" content=\"image\/jpeg\" \/>\n<script type=\"application\/ld+json\" class=\"yoast-schema-graph\">{\"@context\":\"https:\/\/schema.org\",\"@graph\":[{\"@type\":\"WebPage\",\"@id\":\"https:\/\/tierpark-bern.ch\/en\/animals\/facilities\/vivarium\/exuma-wirtelschwanzleguan\/\",\"url\":\"https:\/\/tierpark-bern.ch\/en\/animals\/facilities\/vivarium\/exuma-wirtelschwanzleguan\/\",\"name\":\"Exuma-Wirtelschwanzleguan Anlage | Tierpark Bern\",\"isPartOf\":{\"@id\":\"https:\/\/tierpark-bern.ch\/en\/#website\"},\"primaryImageOfPage\":{\"@id\":\"https:\/\/tierpark-bern.ch\/en\/animals\/facilities\/vivarium\/exuma-wirtelschwanzleguan\/#primaryimage\"},\"image\":{\"@id\":\"https:\/\/tierpark-bern.ch\/en\/animals\/facilities\/vivarium\/exuma-wirtelschwanzleguan\/#primaryimage\"},\"thumbnailUrl\":\"https:\/\/tierpark-bern.ch\/web\/app\/uploads\/2023\/05\/Exuma-Wirtelschwanzleguan-7657-min.jpg\",\"datePublished\":\"2023-06-17T21:11:18+00:00\",\"dateModified\":\"2025-03-18T08:25:19+00:00\",\"description\":\"Die Exuma-Wirtelschanzleguane erf\u00fcllen eine wichtige Aufgabe auf den Exuma-Inseln in den Bahamas\",\"breadcrumb\":{\"@id\":\"https:\/\/tierpark-bern.ch\/en\/animals\/facilities\/vivarium\/exuma-wirtelschwanzleguan\/#breadcrumb\"},\"inLanguage\":\"en-US\",\"potentialAction\":[{\"@type\":\"ReadAction\",\"target\":[\"https:\/\/tierpark-bern.ch\/en\/animals\/facilities\/vivarium\/exuma-wirtelschwanzleguan\/\"]}]},{\"@type\":\"ImageObject\",\"inLanguage\":\"en-US\",\"@id\":\"https:\/\/tierpark-bern.ch\/en\/animals\/facilities\/vivarium\/exuma-wirtelschwanzleguan\/#primaryimage\",\"url\":\"https:\/\/tierpark-bern.ch\/web\/app\/uploads\/2023\/05\/Exuma-Wirtelschwanzleguan-7657-min.jpg\",\"contentUrl\":\"https:\/\/tierpark-bern.ch\/web\/app\/uploads\/2023\/05\/Exuma-Wirtelschwanzleguan-7657-min.jpg\",\"width\":1371,\"height\":914,\"caption\":\"Ein Exuma-Wirtelschwanzleguan schaut in die Kamera\"},{\"@type\":\"BreadcrumbList\",\"@id\":\"https:\/\/tierpark-bern.ch\/en\/animals\/facilities\/vivarium\/exuma-wirtelschwanzleguan\/#breadcrumb\",\"itemListElement\":[{\"@type\":\"ListItem\",\"position\":1,\"name\":\"Home\",\"item\":\"https:\/\/tierpark-bern.ch\/en\/\"},{\"@type\":\"ListItem\",\"position\":2,\"name\":\"Nature Conservation &#038; Animals\",\"item\":\"https:\/\/tierpark-bern.ch\/en\/animals\/\"},{\"@type\":\"ListItem\",\"position\":3,\"name\":\"Facilities\",\"item\":\"https:\/\/tierpark-bern.ch\/en\/animals\/facilities\/\"},{\"@type\":\"ListItem\",\"position\":4,\"name\":\"Vivarium\",\"item\":\"https:\/\/tierpark-bern.ch\/en\/animals\/facilities\/vivarium\/\"},{\"@type\":\"ListItem\",\"position\":5,\"name\":\"Exuma-Wirtelschwanzleguan Anlage\"}]},{\"@type\":\"WebSite\",\"@id\":\"https:\/\/tierpark-bern.ch\/en\/#website\",\"url\":\"https:\/\/tierpark-bern.ch\/en\/\",\"name\":\"Tierpark Bern\",\"description\":\"\",\"publisher\":{\"@id\":\"https:\/\/tierpark-bern.ch\/en\/#organization\"},\"potentialAction\":[{\"@type\":\"SearchAction\",\"target\":{\"@type\":\"EntryPoint\",\"urlTemplate\":\"https:\/\/tierpark-bern.ch\/en\/?s={search_term_string}\"},\"query-input\":{\"@type\":\"PropertyValueSpecification\",\"valueRequired\":true,\"valueName\":\"search_term_string\"}}],\"inLanguage\":\"en-US\"},{\"@type\":\"Organization\",\"@id\":\"https:\/\/tierpark-bern.ch\/en\/#organization\",\"name\":\"Tierpark Bern | D\u00e4hlh\u00f6lzli + B\u00e4renPark\",\"alternateName\":\"Tierpark Bern\",\"url\":\"https:\/\/tierpark-bern.ch\/en\/\",\"logo\":{\"@type\":\"ImageObject\",\"inLanguage\":\"en-US\",\"@id\":\"https:\/\/tierpark-bern.ch\/en\/#\/schema\/logo\/image\/\",\"url\":\"https:\/\/tierpark-bern.ch\/web\/app\/uploads\/2024\/04\/tierpark-bern-696x696-1.jpg\",\"contentUrl\":\"https:\/\/tierpark-bern.ch\/web\/app\/uploads\/2024\/04\/tierpark-bern-696x696-1.jpg\",\"width\":696,\"height\":696,\"caption\":\"Tierpark Bern | D\u00e4hlh\u00f6lzli + B\u00e4renPark\"},\"image\":{\"@id\":\"https:\/\/tierpark-bern.ch\/en\/#\/schema\/logo\/image\/\"},\"sameAs\":[\"https:\/\/www.facebook.com\/tierparkbern\/\",\"https:\/\/x.com\/tierparkbern\",\"https:\/\/www.instagram.com\/tierparkbern\/\"]}]}<\/script>","yoast_head_json":{"title":"Exuma-Wirtelschwanzleguan Anlage | Tierpark Bern","description":"Die Exuma-Wirtelschanzleguane erf\u00fcllen eine wichtige Aufgabe auf den Exuma-Inseln in den Bahamas","robots":{"index":"index","follow":"follow","max-snippet":"max-snippet:-1","max-image-preview":"max-image-preview:large","max-video-preview":"max-video-preview:-1"},"canonical":"https:\/\/tierpark-bern.ch\/en\/animals\/facilities\/vivarium\/exuma-wirtelschwanzleguan\/","og_locale":"en_US","og_type":"article","og_title":"Exuma-Wirtelschwanzleguan Anlage | Tierpark Bern","og_description":"Die Exuma-Wirtelschanzleguane erf\u00fcllen eine wichtige Aufgabe auf den Exuma-Inseln in den Bahamas","og_url":"https:\/\/tierpark-bern.ch\/en\/animals\/facilities\/vivarium\/exuma-wirtelschwanzleguan\/","og_site_name":"Tierpark Bern","article_publisher":"https:\/\/www.facebook.com\/tierparkbern\/","article_modified_time":"2025-03-18T08:25:19+00:00","og_image":[{"width":1371,"height":914,"url":"https:\/\/tierpark-bern.ch\/web\/app\/uploads\/2023\/05\/Exuma-Wirtelschwanzleguan-7657-min.jpg","type":"image\/jpeg"}],"schema":{"@context":"https:\/\/schema.org","@graph":[{"@type":"WebPage","@id":"https:\/\/tierpark-bern.ch\/en\/animals\/facilities\/vivarium\/exuma-wirtelschwanzleguan\/","url":"https:\/\/tierpark-bern.ch\/en\/animals\/facilities\/vivarium\/exuma-wirtelschwanzleguan\/","name":"Exuma-Wirtelschwanzleguan Anlage | Tierpark Bern","isPartOf":{"@id":"https:\/\/tierpark-bern.ch\/en\/#website"},"primaryImageOfPage":{"@id":"https:\/\/tierpark-bern.ch\/en\/animals\/facilities\/vivarium\/exuma-wirtelschwanzleguan\/#primaryimage"},"image":{"@id":"https:\/\/tierpark-bern.ch\/en\/animals\/facilities\/vivarium\/exuma-wirtelschwanzleguan\/#primaryimage"},"thumbnailUrl":"https:\/\/tierpark-bern.ch\/web\/app\/uploads\/2023\/05\/Exuma-Wirtelschwanzleguan-7657-min.jpg","datePublished":"2023-06-17T21:11:18+00:00","dateModified":"2025-03-18T08:25:19+00:00","description":"Die Exuma-Wirtelschanzleguane erf\u00fcllen eine wichtige Aufgabe auf den Exuma-Inseln in den Bahamas","breadcrumb":{"@id":"https:\/\/tierpark-bern.ch\/en\/animals\/facilities\/vivarium\/exuma-wirtelschwanzleguan\/#breadcrumb"},"inLanguage":"en-US","potentialAction":[{"@type":"ReadAction","target":["https:\/\/tierpark-bern.ch\/en\/animals\/facilities\/vivarium\/exuma-wirtelschwanzleguan\/"]}]},{"@type":"ImageObject","inLanguage":"en-US","@id":"https:\/\/tierpark-bern.ch\/en\/animals\/facilities\/vivarium\/exuma-wirtelschwanzleguan\/#primaryimage","url":"https:\/\/tierpark-bern.ch\/web\/app\/uploads\/2023\/05\/Exuma-Wirtelschwanzleguan-7657-min.jpg","contentUrl":"https:\/\/tierpark-bern.ch\/web\/app\/uploads\/2023\/05\/Exuma-Wirtelschwanzleguan-7657-min.jpg","width":1371,"height":914,"caption":"Ein Exuma-Wirtelschwanzleguan schaut in die Kamera"},{"@type":"BreadcrumbList","@id":"https:\/\/tierpark-bern.ch\/en\/animals\/facilities\/vivarium\/exuma-wirtelschwanzleguan\/#breadcrumb","itemListElement":[{"@type":"ListItem","position":1,"name":"Home","item":"https:\/\/tierpark-bern.ch\/en\/"},{"@type":"ListItem","position":2,"name":"Nature Conservation &#038; Animals","item":"https:\/\/tierpark-bern.ch\/en\/animals\/"},{"@type":"ListItem","position":3,"name":"Facilities","item":"https:\/\/tierpark-bern.ch\/en\/animals\/facilities\/"},{"@type":"ListItem","position":4,"name":"Vivarium","item":"https:\/\/tierpark-bern.ch\/en\/animals\/facilities\/vivarium\/"},{"@type":"ListItem","position":5,"name":"Exuma-Wirtelschwanzleguan Anlage"}]},{"@type":"WebSite","@id":"https:\/\/tierpark-bern.ch\/en\/#website","url":"https:\/\/tierpark-bern.ch\/en\/","name":"Tierpark Bern","description":"","publisher":{"@id":"https:\/\/tierpark-bern.ch\/en\/#organization"},"potentialAction":[{"@type":"SearchAction","target":{"@type":"EntryPoint","urlTemplate":"https:\/\/tierpark-bern.ch\/en\/?s={search_term_string}"},"query-input":{"@type":"PropertyValueSpecification","valueRequired":true,"valueName":"search_term_string"}}],"inLanguage":"en-US"},{"@type":"Organization","@id":"https:\/\/tierpark-bern.ch\/en\/#organization","name":"Tierpark Bern | D\u00e4hlh\u00f6lzli + B\u00e4renPark","alternateName":"Tierpark Bern","url":"https:\/\/tierpark-bern.ch\/en\/","logo":{"@type":"ImageObject","inLanguage":"en-US","@id":"https:\/\/tierpark-bern.ch\/en\/#\/schema\/logo\/image\/","url":"https:\/\/tierpark-bern.ch\/web\/app\/uploads\/2024\/04\/tierpark-bern-696x696-1.jpg","contentUrl":"https:\/\/tierpark-bern.ch\/web\/app\/uploads\/2024\/04\/tierpark-bern-696x696-1.jpg","width":696,"height":696,"caption":"Tierpark Bern | D\u00e4hlh\u00f6lzli + B\u00e4renPark"},"image":{"@id":"https:\/\/tierpark-bern.ch\/en\/#\/schema\/logo\/image\/"},"sameAs":["https:\/\/www.facebook.com\/tierparkbern\/","https:\/\/x.com\/tierparkbern","https:\/\/www.instagram.com\/tierparkbern\/"]}]}},"_links":{"self":[{"href":"https:\/\/tierpark-bern.ch\/en\/wp-json\/wp\/v2\/pages\/57565","targetHints":{"allow":["GET"]}}],"collection":[{"href":"https:\/\/tierpark-bern.ch\/en\/wp-json\/wp\/v2\/pages"}],"about":[{"href":"https:\/\/tierpark-bern.ch\/en\/wp-json\/wp\/v2\/types\/page"}],"author":[{"embeddable":true,"href":"https:\/\/tierpark-bern.ch\/en\/wp-json\/wp\/v2\/users\/1"}],"replies":[{"embeddable":true,"href":"https:\/\/tierpark-bern.ch\/en\/wp-json\/wp\/v2\/comments?post=57565"}],"version-history":[{"count":0,"href":"https:\/\/tierpark-bern.ch\/en\/wp-json\/wp\/v2\/pages\/57565\/revisions"}],"up":[{"embeddable":true,"href":"https:\/\/tierpark-bern.ch\/en\/wp-json\/wp\/v2\/pages\/52299"}],"wp:featuredmedia":[{"embeddable":true,"href":"https:\/\/tierpark-bern.ch\/en\/wp-json\/wp\/v2\/media\/55264"}],"wp:attachment":[{"href":"https:\/\/tierpark-bern.ch\/en\/wp-json\/wp\/v2\/media?parent=57565"}],"curies":[{"name":"wp","href":"https:\/\/api.w.org\/{rel}","templated":true}]}}