
{"id":72999,"date":"2024-05-20T08:29:32","date_gmt":"2024-05-20T06:29:32","guid":{"rendered":"https:\/\/tierpark-bern.ch\/visiting-the-zoo\/fuetterungszeiten-3\/"},"modified":"2024-06-06T17:58:44","modified_gmt":"2024-06-06T15:58:44","slug":"feeding-times","status":"publish","type":"page","link":"https:\/\/tierpark-bern.ch\/en\/visiting-the-zoo\/feeding-times\/","title":{"rendered":"Feeding Times"},"content":{"rendered":"<div class=\"wpb-content-wrapper\"><p>[vc_row][vc_column][vc_column_text css=&#8221;&#8221;]<\/p>\n<h1>Feeding times<\/h1>\n<p>Our harbour seals are currently in Sweden. The seals&#8217; enclosure is getting on in years. It is now being modernised and will offer the seals a new, attractive underwater experience in the future. The outdoor areas as well as the underwater facilities will be designed in such a way that the marine mammals can live out their natural behaviour, especially under water, and have sufficient comfort zones on land.<\/p>\n<p>We will replace the seal feedings with other feedings for the predators, fish and monkeys. You will soon find the new feeding times here.<\/p>\n<p>In the meantime, you are pursuing <a href=\"https:\/\/tierpark-bern.ch\/en\/saluk-blog\/\">here<\/a>, what Saluk blogs from his holidays.[\/vc_column_text][\/vc_column][\/vc_row][vc_row][vc_column][vc_row_inner content_placement=&#8221;middle&#8221; css=&#8221;.vc_custom_1634821664925{margin-top: 0px !important;margin-right: 0px !important;margin-bottom: 20px !important;margin-left: 0px !important;background-color: #006558 !important;}&#8221; el_class=&#8221;fuetterungszeiten-container&#8221;][vc_column_inner width=&#8221;1\/3&#8243; css=&#8221;.vc_custom_1634734884326{padding-top: 0px !important;padding-right: 0px !important;padding-bottom: 0px !important;padding-left: 0px !important;}&#8221;][vc_single_image image=&#8221;54746&#8243; img_size=&#8221;full&#8221; css=&#8221;.vc_custom_1716221685254{margin-bottom: 0px !important;padding-bottom: 0px !important;}&#8221;][\/vc_column_inner][vc_column_inner width=&#8221;5\/12&#8243;][vc_column_text css=&#8221;.vc_custom_1716298851769{padding-left: 15px !important;}&#8221; el_class=&#8221;fuetterungszeiten-middle&#8221;]Fish<\/p>\n<p>Meeting point: in front of the reef[\/vc_column_text][\/vc_column_inner][vc_column_inner width=&#8221;1\/4&#8243;][vc_column_text css=&#8221;.vc_custom_1716298863461{padding-left: 15px !important;}&#8221;]09:15 H[\/vc_column_text][\/vc_column_inner][\/vc_row_inner][vc_row_inner content_placement=&#8221;middle&#8221; css=&#8221;.vc_custom_1634821673530{margin-top: 0px !important;margin-right: 0px !important;margin-bottom: 20px !important;margin-left: 0px !important;background-color: #006558 !important;}&#8221; el_class=&#8221;fuetterungszeiten-container&#8221;][vc_column_inner width=&#8221;1\/3&#8243; css=&#8221;.vc_custom_1634734884326{padding-top: 0px !important;padding-right: 0px !important;padding-bottom: 0px !important;padding-left: 0px !important;}&#8221;][vc_single_image image=&#8221;26059&#8243; img_size=&#8221;full&#8221; css=&#8221;.vc_custom_1648194967409{margin-bottom: 0px !important;padding-bottom: 0px !important;}&#8221;][\/vc_column_inner][vc_column_inner width=&#8221;5\/12&#8243;][vc_column_text css=&#8221;.vc_custom_1716298902110{padding-left: 15px !important;}&#8221; el_class=&#8221;fuetterungszeiten-middle&#8221;]Puffin<\/p>\n<p>Meeting point: Puffin house[\/vc_column_text][\/vc_column_inner][vc_column_inner width=&#8221;1\/4&#8243;][vc_column_text css=&#8221;.vc_custom_1716298872351{padding-left: 15px !important;}&#8221;]14:30 H[\/vc_column_text][\/vc_column_inner][\/vc_row_inner][vc_row_inner content_placement=&#8221;middle&#8221; css=&#8221;.vc_custom_1634821683705{margin-top: 0px !important;margin-right: 0px !important;margin-bottom: 20px !important;margin-left: 0px !important;background-color: #006558 !important;}&#8221; el_class=&#8221;fuetterungszeiten-container&#8221;][vc_column_inner width=&#8221;1\/3&#8243; css=&#8221;.vc_custom_1634734884326{padding-top: 0px !important;padding-right: 0px !important;padding-bottom: 0px !important;padding-left: 0px !important;}&#8221;][vc_column_text css=&#8221;.vc_custom_1715683134931{margin-bottom: 0px !important;}&#8221;]<img decoding=\"async\" class=\"vc_single_image-img \" src=\"https:\/\/tierpark-bern.ch\/web\/app\/uploads\/2023\/07\/eisfuchs_T4A4798-min.jpg\" width=\"545\" height=\"335\" alt=\"Nahaufnahme von einem Eisfuchs\" title=\"eisfuchs_T4A4798-min\" loading=\"lazy\">[\/vc_column_text][\/vc_column_inner][vc_column_inner width=&#8221;5\/12&#8243;][vc_column_text css=&#8221;.vc_custom_1715682915958{padding-left: 15px !important;}&#8221; el_class=&#8221;fuetterungszeiten-middle&#8221;]<p><strong>Ice fox<\/strong><\/p><p>Meeting place: in front of the Eisfuchs plant<\/p>[\/vc_column_text][\/vc_column_inner][vc_column_inner width=&#8221;1\/4&#8243;][vc_column_text css=&#8221;.vc_custom_1715682446750{padding-left: 15px !important;}&#8221;]<p>16:30 H<\/p>[\/vc_column_text][\/vc_column_inner][\/vc_row_inner][\/vc_column][\/vc_row][vc_row][vc_column][vc_column_text css=&#8221;&#8221;]<strong>All other animals are fed at different times each day.<\/strong>[\/vc_column_text][\/vc_column][\/vc_row][vc_row][vc_column][vc_column_text css=&#8221;&#8221;]<a class=\"button button--tierpark\" href=\"https:\/\/tierpark-bern.ch\/en\/visiting-the-zoo\/gastronomy\/\" target=\"_self\" rel=\"noopener\">Are you hungry? Click here for our catering offer<\/a>[\/vc_column_text][\/vc_column][\/vc_row]<\/p>\n<\/div>","protected":false},"excerpt":{"rendered":"<p>Spannende kommentierte F\u00fctterungen w\u00e4hrend Ihres Zoobesuchs. Erleben Sie die Tiere im Tierpark Bern hautnah.<\/p>\n","protected":false},"author":1,"featured_media":48307,"parent":38557,"menu_order":0,"comment_status":"closed","ping_status":"closed","template":"","meta":{"_acf_changed":false,"footnotes":""},"class_list":["post-72999","page","type-page","status-publish","has-post-thumbnail","hentry"],"acf":[],"yoast_head":"<title>Feeding Times | Tierpark Bern<\/title>\n<meta name=\"description\" content=\"Spannende kommentierte F\u00fctterungen w\u00e4hrend Ihres Zoobesuchs. Erleben Sie die Tiere im Tierpark Bern hautnah.\" \/>\n<meta name=\"robots\" content=\"index, follow, max-snippet:-1, max-image-preview:large, max-video-preview:-1\" \/>\n<link rel=\"canonical\" href=\"https:\/\/tierpark-bern.ch\/en\/visiting-the-zoo\/feeding-times\/\" \/>\n<meta property=\"og:locale\" content=\"en_US\" \/>\n<meta property=\"og:type\" content=\"article\" \/>\n<meta property=\"og:title\" content=\"Feeding Times | Tierpark Bern\" \/>\n<meta property=\"og:description\" content=\"Spannende kommentierte F\u00fctterungen w\u00e4hrend Ihres Zoobesuchs. Erleben Sie die Tiere im Tierpark Bern hautnah.\" \/>\n<meta property=\"og:url\" content=\"https:\/\/tierpark-bern.ch\/en\/visiting-the-zoo\/feeding-times\/\" \/>\n<meta property=\"og:site_name\" content=\"Tierpark Bern\" \/>\n<meta property=\"article:publisher\" content=\"https:\/\/www.facebook.com\/tierparkbern\/\" \/>\n<meta property=\"article:modified_time\" content=\"2024-06-06T15:58:44+00:00\" \/>\n<meta property=\"og:image\" content=\"https:\/\/tierpark-bern.ch\/web\/app\/uploads\/2022\/10\/Zwei-Papageitaucher-im-Tierpark-Bern-zoo-der-schweiz-BST33167-2.jpg\" \/>\n\t<meta property=\"og:image:width\" content=\"1500\" \/>\n\t<meta property=\"og:image:height\" content=\"998\" \/>\n\t<meta property=\"og:image:type\" content=\"image\/jpeg\" \/>\n<script type=\"application\/ld+json\" class=\"yoast-schema-graph\">{\"@context\":\"https:\/\/schema.org\",\"@graph\":[{\"@type\":\"WebPage\",\"@id\":\"https:\/\/tierpark-bern.ch\/en\/visiting-the-zoo\/feeding-times\/\",\"url\":\"https:\/\/tierpark-bern.ch\/en\/visiting-the-zoo\/feeding-times\/\",\"name\":\"Feeding Times | Tierpark Bern\",\"isPartOf\":{\"@id\":\"https:\/\/tierpark-bern.ch\/en\/#website\"},\"primaryImageOfPage\":{\"@id\":\"https:\/\/tierpark-bern.ch\/en\/visiting-the-zoo\/feeding-times\/#primaryimage\"},\"image\":{\"@id\":\"https:\/\/tierpark-bern.ch\/en\/visiting-the-zoo\/feeding-times\/#primaryimage\"},\"thumbnailUrl\":\"https:\/\/tierpark-bern.ch\/web\/app\/uploads\/2022\/10\/Zwei-Papageitaucher-im-Tierpark-Bern-zoo-der-schweiz-BST33167-2.jpg\",\"datePublished\":\"2024-05-20T06:29:32+00:00\",\"dateModified\":\"2024-06-06T15:58:44+00:00\",\"description\":\"Spannende kommentierte F\u00fctterungen w\u00e4hrend Ihres Zoobesuchs. Erleben Sie die Tiere im Tierpark Bern hautnah.\",\"breadcrumb\":{\"@id\":\"https:\/\/tierpark-bern.ch\/en\/visiting-the-zoo\/feeding-times\/#breadcrumb\"},\"inLanguage\":\"en-US\",\"potentialAction\":[{\"@type\":\"ReadAction\",\"target\":[\"https:\/\/tierpark-bern.ch\/en\/visiting-the-zoo\/feeding-times\/\"]}]},{\"@type\":\"ImageObject\",\"inLanguage\":\"en-US\",\"@id\":\"https:\/\/tierpark-bern.ch\/en\/visiting-the-zoo\/feeding-times\/#primaryimage\",\"url\":\"https:\/\/tierpark-bern.ch\/web\/app\/uploads\/2022\/10\/Zwei-Papageitaucher-im-Tierpark-Bern-zoo-der-schweiz-BST33167-2.jpg\",\"contentUrl\":\"https:\/\/tierpark-bern.ch\/web\/app\/uploads\/2022\/10\/Zwei-Papageitaucher-im-Tierpark-Bern-zoo-der-schweiz-BST33167-2.jpg\",\"width\":1500,\"height\":998,\"caption\":\"Zwei Papageitaucher im Tierpark Bern\"},{\"@type\":\"BreadcrumbList\",\"@id\":\"https:\/\/tierpark-bern.ch\/en\/visiting-the-zoo\/feeding-times\/#breadcrumb\",\"itemListElement\":[{\"@type\":\"ListItem\",\"position\":1,\"name\":\"Home\",\"item\":\"https:\/\/tierpark-bern.ch\/en\/\"},{\"@type\":\"ListItem\",\"position\":2,\"name\":\"Visiting the zoo\",\"item\":\"https:\/\/tierpark-bern.ch\/en\/visiting-the-zoo\/\"},{\"@type\":\"ListItem\",\"position\":3,\"name\":\"Feeding Times\"}]},{\"@type\":\"WebSite\",\"@id\":\"https:\/\/tierpark-bern.ch\/en\/#website\",\"url\":\"https:\/\/tierpark-bern.ch\/en\/\",\"name\":\"Tierpark Bern\",\"description\":\"\",\"publisher\":{\"@id\":\"https:\/\/tierpark-bern.ch\/en\/#organization\"},\"potentialAction\":[{\"@type\":\"SearchAction\",\"target\":{\"@type\":\"EntryPoint\",\"urlTemplate\":\"https:\/\/tierpark-bern.ch\/en\/?s={search_term_string}\"},\"query-input\":{\"@type\":\"PropertyValueSpecification\",\"valueRequired\":true,\"valueName\":\"search_term_string\"}}],\"inLanguage\":\"en-US\"},{\"@type\":\"Organization\",\"@id\":\"https:\/\/tierpark-bern.ch\/en\/#organization\",\"name\":\"Tierpark Bern | D\u00e4hlh\u00f6lzli + B\u00e4renPark\",\"alternateName\":\"Tierpark Bern\",\"url\":\"https:\/\/tierpark-bern.ch\/en\/\",\"logo\":{\"@type\":\"ImageObject\",\"inLanguage\":\"en-US\",\"@id\":\"https:\/\/tierpark-bern.ch\/en\/#\/schema\/logo\/image\/\",\"url\":\"https:\/\/tierpark-bern.ch\/web\/app\/uploads\/2024\/04\/tierpark-bern-696x696-1.jpg\",\"contentUrl\":\"https:\/\/tierpark-bern.ch\/web\/app\/uploads\/2024\/04\/tierpark-bern-696x696-1.jpg\",\"width\":696,\"height\":696,\"caption\":\"Tierpark Bern | D\u00e4hlh\u00f6lzli + B\u00e4renPark\"},\"image\":{\"@id\":\"https:\/\/tierpark-bern.ch\/en\/#\/schema\/logo\/image\/\"},\"sameAs\":[\"https:\/\/www.facebook.com\/tierparkbern\/\",\"https:\/\/x.com\/tierparkbern\",\"https:\/\/www.instagram.com\/tierparkbern\/\"]}]}<\/script>","yoast_head_json":{"title":"Feeding Times | Tierpark Bern","description":"Spannende kommentierte F\u00fctterungen w\u00e4hrend Ihres Zoobesuchs. Erleben Sie die Tiere im Tierpark Bern hautnah.","robots":{"index":"index","follow":"follow","max-snippet":"max-snippet:-1","max-image-preview":"max-image-preview:large","max-video-preview":"max-video-preview:-1"},"canonical":"https:\/\/tierpark-bern.ch\/en\/visiting-the-zoo\/feeding-times\/","og_locale":"en_US","og_type":"article","og_title":"Feeding Times | Tierpark Bern","og_description":"Spannende kommentierte F\u00fctterungen w\u00e4hrend Ihres Zoobesuchs. Erleben Sie die Tiere im Tierpark Bern hautnah.","og_url":"https:\/\/tierpark-bern.ch\/en\/visiting-the-zoo\/feeding-times\/","og_site_name":"Tierpark Bern","article_publisher":"https:\/\/www.facebook.com\/tierparkbern\/","article_modified_time":"2024-06-06T15:58:44+00:00","og_image":[{"width":1500,"height":998,"url":"https:\/\/tierpark-bern.ch\/web\/app\/uploads\/2022\/10\/Zwei-Papageitaucher-im-Tierpark-Bern-zoo-der-schweiz-BST33167-2.jpg","type":"image\/jpeg"}],"schema":{"@context":"https:\/\/schema.org","@graph":[{"@type":"WebPage","@id":"https:\/\/tierpark-bern.ch\/en\/visiting-the-zoo\/feeding-times\/","url":"https:\/\/tierpark-bern.ch\/en\/visiting-the-zoo\/feeding-times\/","name":"Feeding Times | Tierpark Bern","isPartOf":{"@id":"https:\/\/tierpark-bern.ch\/en\/#website"},"primaryImageOfPage":{"@id":"https:\/\/tierpark-bern.ch\/en\/visiting-the-zoo\/feeding-times\/#primaryimage"},"image":{"@id":"https:\/\/tierpark-bern.ch\/en\/visiting-the-zoo\/feeding-times\/#primaryimage"},"thumbnailUrl":"https:\/\/tierpark-bern.ch\/web\/app\/uploads\/2022\/10\/Zwei-Papageitaucher-im-Tierpark-Bern-zoo-der-schweiz-BST33167-2.jpg","datePublished":"2024-05-20T06:29:32+00:00","dateModified":"2024-06-06T15:58:44+00:00","description":"Spannende kommentierte F\u00fctterungen w\u00e4hrend Ihres Zoobesuchs. Erleben Sie die Tiere im Tierpark Bern hautnah.","breadcrumb":{"@id":"https:\/\/tierpark-bern.ch\/en\/visiting-the-zoo\/feeding-times\/#breadcrumb"},"inLanguage":"en-US","potentialAction":[{"@type":"ReadAction","target":["https:\/\/tierpark-bern.ch\/en\/visiting-the-zoo\/feeding-times\/"]}]},{"@type":"ImageObject","inLanguage":"en-US","@id":"https:\/\/tierpark-bern.ch\/en\/visiting-the-zoo\/feeding-times\/#primaryimage","url":"https:\/\/tierpark-bern.ch\/web\/app\/uploads\/2022\/10\/Zwei-Papageitaucher-im-Tierpark-Bern-zoo-der-schweiz-BST33167-2.jpg","contentUrl":"https:\/\/tierpark-bern.ch\/web\/app\/uploads\/2022\/10\/Zwei-Papageitaucher-im-Tierpark-Bern-zoo-der-schweiz-BST33167-2.jpg","width":1500,"height":998,"caption":"Zwei Papageitaucher im Tierpark Bern"},{"@type":"BreadcrumbList","@id":"https:\/\/tierpark-bern.ch\/en\/visiting-the-zoo\/feeding-times\/#breadcrumb","itemListElement":[{"@type":"ListItem","position":1,"name":"Home","item":"https:\/\/tierpark-bern.ch\/en\/"},{"@type":"ListItem","position":2,"name":"Visiting the zoo","item":"https:\/\/tierpark-bern.ch\/en\/visiting-the-zoo\/"},{"@type":"ListItem","position":3,"name":"Feeding Times"}]},{"@type":"WebSite","@id":"https:\/\/tierpark-bern.ch\/en\/#website","url":"https:\/\/tierpark-bern.ch\/en\/","name":"Tierpark Bern","description":"","publisher":{"@id":"https:\/\/tierpark-bern.ch\/en\/#organization"},"potentialAction":[{"@type":"SearchAction","target":{"@type":"EntryPoint","urlTemplate":"https:\/\/tierpark-bern.ch\/en\/?s={search_term_string}"},"query-input":{"@type":"PropertyValueSpecification","valueRequired":true,"valueName":"search_term_string"}}],"inLanguage":"en-US"},{"@type":"Organization","@id":"https:\/\/tierpark-bern.ch\/en\/#organization","name":"Tierpark Bern | D\u00e4hlh\u00f6lzli + B\u00e4renPark","alternateName":"Tierpark Bern","url":"https:\/\/tierpark-bern.ch\/en\/","logo":{"@type":"ImageObject","inLanguage":"en-US","@id":"https:\/\/tierpark-bern.ch\/en\/#\/schema\/logo\/image\/","url":"https:\/\/tierpark-bern.ch\/web\/app\/uploads\/2024\/04\/tierpark-bern-696x696-1.jpg","contentUrl":"https:\/\/tierpark-bern.ch\/web\/app\/uploads\/2024\/04\/tierpark-bern-696x696-1.jpg","width":696,"height":696,"caption":"Tierpark Bern | D\u00e4hlh\u00f6lzli + B\u00e4renPark"},"image":{"@id":"https:\/\/tierpark-bern.ch\/en\/#\/schema\/logo\/image\/"},"sameAs":["https:\/\/www.facebook.com\/tierparkbern\/","https:\/\/x.com\/tierparkbern","https:\/\/www.instagram.com\/tierparkbern\/"]}]}},"_links":{"self":[{"href":"https:\/\/tierpark-bern.ch\/en\/wp-json\/wp\/v2\/pages\/72999","targetHints":{"allow":["GET"]}}],"collection":[{"href":"https:\/\/tierpark-bern.ch\/en\/wp-json\/wp\/v2\/pages"}],"about":[{"href":"https:\/\/tierpark-bern.ch\/en\/wp-json\/wp\/v2\/types\/page"}],"author":[{"embeddable":true,"href":"https:\/\/tierpark-bern.ch\/en\/wp-json\/wp\/v2\/users\/1"}],"replies":[{"embeddable":true,"href":"https:\/\/tierpark-bern.ch\/en\/wp-json\/wp\/v2\/comments?post=72999"}],"version-history":[{"count":0,"href":"https:\/\/tierpark-bern.ch\/en\/wp-json\/wp\/v2\/pages\/72999\/revisions"}],"up":[{"embeddable":true,"href":"https:\/\/tierpark-bern.ch\/en\/wp-json\/wp\/v2\/pages\/38557"}],"wp:featuredmedia":[{"embeddable":true,"href":"https:\/\/tierpark-bern.ch\/en\/wp-json\/wp\/v2\/media\/48307"}],"wp:attachment":[{"href":"https:\/\/tierpark-bern.ch\/en\/wp-json\/wp\/v2\/media?parent=72999"}],"curies":[{"name":"wp","href":"https:\/\/api.w.org\/{rel}","templated":true}]}}