{"id":38979,"date":"2020-08-05T12:56:13","date_gmt":"2020-08-05T10:56:13","guid":{"rendered":"https:\/\/tierpark-bern.ch\/zoobesuch\/anreise\/"},"modified":"2023-11-21T12:30:12","modified_gmt":"2023-11-21T11:30:12","slug":"acces-au-daehlhoelzli","status":"publish","type":"page","link":"https:\/\/tierpark-bern.ch\/fr\/visite-au-zoo\/acces-au-daehlhoelzli\/","title":{"rendered":"Acc\u00e8s au D\u00e4hlh\u00f6lzli"},"content":{"rendered":"<div class=\"wpb-content-wrapper\"><p>[vc_row][vc_column][vc_column_text]<\/p>\n<h1>Se rendre au zoo du D\u00e4hlh\u00f6lzli<\/h1>\n<p>Comme un nombre limit\u00e9 de places de stationnement (payantes) sont propos\u00e9es \u00e0 proximit\u00e9 du Parc zoologique, nous encourageons nos h\u00f4tes \u00e0 utiliser les transports publics.[\/vc_column_text][\/vc_column][\/vc_row][vc_row][vc_column][vc_column_text]<\/p>\n<h2>Adresse<\/h2>\n<p>Parc zoologique de Berne<br \/>\nTierparkweg 1<br \/>\n3005 Berne<\/p>\n<p>Entr\u00e9e du zoo du D\u00e4hlh\u00f6lzli:<br \/>\nTierparkweg 3[\/vc_column_text][vc_column_text]<\/p>\n<h2>T\u00e9l\u00e9phone<\/h2>\n<p>+41 31 321 15 15[\/vc_column_text][vc_column_text]<iframe class=\"arrival_google_map\" title=\"D\u00e4hlh\u00f6lzli-Zoo Map\" src=\"https:\/\/www.google.com\/maps\/embed?pb=!1m14!1m8!1m3!1d174360.35943553897!2d7.449519!3d46.934558!3m2!1i1024!2i768!4f13.1!3m3!1m2!1s0x0%3A0x69b60fd6f40343e8!2zQmVybiwgRMOkaGxow7ZsemxpICsgQsOkcmVuUGFyayBab28!5e0!3m2!1sfr!2sch!4v1651563791398!5m2!1sfr!2sch\" frameborder=\"0\" allowfullscreen=\"allowfullscreen\"><\/iframe>[\/vc_column_text][\/vc_column][\/vc_row][vc_row][vc_column][vc_column_text]<div class=\"faq-section top-20 bottom-50\"><div class=\"accordion accordion--bordered\">\n                                        <div class=\"accordion__title-block\" role=\"button\">\n                                            <span class=\"accordion__title\">Acc\u00e8s en transports publics<\/span>\n                                            <span class=\"accordion__close\"><\/span>\n                                        <\/div>\n                                        <div class=\"accordion__text-block\">\n                                            <p><p>Prendre la ligne de bus 19 depuis la gare de Berne (direction \u00abElfenau\u00bb) jusqu\u2019\u00e0 l\u2019arr\u00eat \u00abTierpark\u00bb, puis tourner \u00e0 droite dans la Thormannstrasse et marcher dans la for\u00eat jusqu\u2019\u00e0 l\u2019entr\u00e9e principale.<\/p>\n<p>Voyagez en transports publics et faites des \u00e9conomies. Profitez de r\u00e9ductions int\u00e9ressantes gr\u00e2ce \u00e0 l\u2019offre combin\u00e9e RailAway. <a href=\"https:\/\/www.sbb.ch\/fr\/loisirs-et-vacances\/idees\/offre.html\/tagesausflug\/parc-animalier-berne-daehlhoelzli\" target=\"_blank\" rel=\"noopener\">Pour en savoir plus sur l\u2019offre combin\u00e9e RailAway.<\/a><\/p>\n<\/p>\n                                        <\/div>\n                                      <\/div><div class=\"accordion accordion--bordered\">\n                                        <div class=\"accordion__title-block\" role=\"button\">\n                                            <span class=\"accordion__title\">Acc\u00e8s \u00e0 pied<\/span>\n                                            <span class=\"accordion__close\"><\/span>\n                                        <\/div>\n                                        <div class=\"accordion__text-block\">\n                                            <p><p>De la gare de Berne, vous atteindrez le parc zoologique en 30 minutes par les berges de l\u2019Aar. Depuis le parc \u00abKleine Schanze\u00bb, empruntez le funiculaire \u00abMarzili B\u00e4hnli\u00bb ou descendez \u00e0 pied jusqu\u2019\u00e0 l\u2019Aar. Apr\u00e8s 15 minutes de marche en remontant l\u2019Aar, empruntez la passerelle Sch\u00f6nausteg et vous \u00eates d\u00e9j\u00e0 dans notre zoo pour enfants. L\u2019entr\u00e9e du zoo du D\u00e4hlh\u00f6lzli se situe juste derri\u00e8re, le long du chemin grimpant dans la for\u00eat.<\/p>\n<\/p>\n                                        <\/div>\n                                      <\/div><div class=\"accordion accordion--bordered\">\n                                        <div class=\"accordion__title-block\" role=\"button\">\n                                            <span class=\"accordion__title\">Acc\u00e8s en v\u00e9lo<\/span>\n                                            <span class=\"accordion__close\"><\/span>\n                                        <\/div>\n                                        <div class=\"accordion__text-block\">\n                                            <p><p>Le parc zoologique est accessible par diff\u00e9rentes pistes cyclables ou sentiers de promenade.<\/p>\n<\/p>\n                                        <\/div>\n                                      <\/div><div class=\"accordion accordion--bordered\">\n                                        <div class=\"accordion__title-block\" role=\"button\">\n                                            <span class=\"accordion__title\">Trajet en voiture<\/span>\n                                            <span class=\"accordion__close\"><\/span>\n                                        <\/div>\n                                        <div class=\"accordion__text-block\">\n                                            <p><p>Quitter l\u2019A6 \u00e0 la sortie \u00abBern-Ostring\u00bb: suivre les panneaux \u00abZOO\u00bb.<\/p>\n<\/p>\n                                        <\/div>\n                                      <\/div><div class=\"accordion accordion--bordered\">\n                                        <div class=\"accordion__title-block\" role=\"button\">\n                                            <span class=\"accordion__title\">Places de stationnement<\/span>\n                                            <span class=\"accordion__close\"><\/span>\n                                        <\/div>\n                                        <div class=\"accordion__text-block\">\n                                            <p><p>Seul un nombre limit\u00e9 de places de stationnement sont \u00e0 disposition \u00e0 proximit\u00e9 imm\u00e9diate du Parc zoologique.<\/p>\n<p>Des cartes de stationnement pour la zone bleue sont propos\u00e9es aux automates \u00e0 billets de Bernmobil. Un parcm\u00e8tre central est \u00e0 disposition pour les places de stationnement normales.<\/p>\n<p><a href=\"https:\/\/www.bern.ch\/themen\/mobilitat-und-verkehr\/motorrad-und-auto\/parkieren\" target=\"_blank\" rel=\"noopener\">Vous pouvez commander en ligne ici des cartes de stationnement (en allemand seulement)<\/a><\/p>\n<\/p>\n                                        <\/div>\n                                      <\/div><div class=\"accordion accordion--bordered\">\n                                        <div class=\"accordion__title-block\" role=\"button\">\n                                            <span class=\"accordion__title\">Acc\u00e8s pour personnes \u00e0 mobilit\u00e9 r\u00e9duite<\/span>\n                                            <span class=\"accordion__close\"><\/span>\n                                        <\/div>\n                                        <div class=\"accordion__text-block\">\n                                            <p><p>Deux places de stationnement pour handicap\u00e9s se trouvent \u00e0 proximit\u00e9 du restaurant D\u00e4hlh\u00f6lzli, et la zone de l\u2019arr\u00eat de bus \u00abTierpark\u00bb est adapt\u00e9e aux fauteuils roulants. Les personnes \u00e0 mobilit\u00e9 r\u00e9duite obtiendront en pr\u00eat \u00e0 la caisse, moyennant un d\u00e9p\u00f4t de 50 francs, un fauteuil roulant gratuit. Il est possible de le r\u00e9server \u00e0 l\u2019avance au n\u00b0 031 357 15 15 pour votre visite. Il y a aussi au parc zoologique des WC accessibles en fauteuil roulant. Les accompagnants de personnes \u00e0 mobilit\u00e9 r\u00e9duite ne pouvant visiter le zoo sans l\u2019aide de tiers ont droit \u00e0 une entr\u00e9e gratuite. Le parc zoologique est en bonne partie accessible en fauteuil roulant.<\/p>\n<\/p>\n                                        <\/div>\n                                      <\/div><div class=\"accordion accordion--bordered\">\n                                        <div class=\"accordion__title-block\" role=\"button\">\n                                            <span class=\"accordion__title\">Acc\u00e8s pour personnes aveugles ou malvoyantes<\/span>\n                                            <span class=\"accordion__close\"><\/span>\n                                        <\/div>\n                                        <div class=\"accordion__text-block\">\n                                            <p><p>Depuis la gare, vous atteindrez le parc zoologique en 20 minutes, trajet \u00e0 pied compris. Le trajet en bus de l\u2019arr\u00eat \u00abHauptbahnhof\u00bb jusqu\u2019\u00e0 l\u2019arr\u00eat \u00abTierpark\u00bb prend env. 8 minutes. Il ne n\u00e9cessite aucun changement. Le parc zoologique se situe \u00e0 700 m\u00e8tres de cet arr\u00eat. Il faut emprunter la Thormannstrasse, puis le Tierparkweg dont un tron\u00e7on se situe en for\u00eat. Quittez sur la droite le Tierparkweg apr\u00e8s env. 500 m\u00e8tres. Il vous faut ouvrir manuellement un portail m\u00e9tallique. Apr\u00e8s 200 m\u00e8tres, vous arriverez \u00e0 l\u2019entr\u00e9e et aux caisses. Les obstacles sont g\u00e9n\u00e9ralement bien signal\u00e9s.<\/p>\n<p>Vous aimeriez planifier votre visite au Parc aux ours? <a href=\"https:\/\/tierpark-bern.ch\/fr\/parc-aux-ours\/acces\/\" rel=\"noopener\">Parc aux ours<\/a><\/p>\n<\/p>\n                                        <\/div>\n                                      <\/div><\/div>[\/vc_column_text][\/vc_column][\/vc_row][vc_row][vc_column][vc_empty_space height=&#8221;12px&#8221;][vc_column_text]<\/p>\n<div class=\"zoo-link-info\">\n<div class=\"container\">\n<div class=\"row\">\n<div class=\"col-md-8 col-sm-12\">\n<div class=\"zoo-link-text-container\"><span class=\"zoo-link-text\">Acc\u00e8s au B\u00e4renPark<\/span><\/div>\n<\/div>\n<div class=\"col-md-4 col-sm-12 zoo-link-btn-container\"><span class=\"zoo-link-btn\"><a class=\"button button-zoo-info\" href=\"https:\/\/tierpark-bern.ch\/fr\/parc-aux-ours\/acces\/\">En savoir plus <i class=\"fa fa-long-arrow-right\"><\/i><\/a>\u00a0<\/span><\/div>\n<\/div>\n<\/div>\n<\/div>\n<p>[\/vc_column_text][\/vc_column][\/vc_row][vc_row][vc_column][vc_column_text]<section class=\"section no-padding-bottom page-suggestion-container\">\n            <div class=\"container\">\n                <div class=\"row bottom-50\">\n                    <div class=\"col-12\">\n                        <div class=\"heading heading--primary heading--center\">\n                            <h2 class=\"heading__title no-margin-bottom\"><span>Autres Th\u00e8mes<\/span><\/h2>\n                        <\/div>\n                    <\/div>\n                <\/div>\n                <div class=\"row\"><div class=\"col-md-6 col-xl-4 \">\n                        <div class=\"service-content\" tabindex=\"0\" role=\"link\" onclick=\"suggestionLinkfunction(this);\" data-href=\"https:\/\/tierpark-bern.ch\/fr\/visite-au-zoo\/billets-prix\/billet-journalier\/\">\n                            <img decoding=\"async\" src=\"https:\/\/tierpark-bern.ch\/web\/app\/uploads\/2020\/07\/tierpark-bern-daehlhoelzli-105-386x230.jpg\" alt=\"\"\/>\n                                <div class=\"service-desc\">\n                                    <div class=\"vcenter\">\n                                        <div class=\"titel\">Billet journalier<\/div>\n                                    <\/div>\n                                <\/div>\n                        <\/div>\n                    <\/div><div class=\"col-md-6 col-xl-4 \">\n                        <div class=\"service-content\" tabindex=\"0\" role=\"link\" onclick=\"suggestionLinkfunction(this);\" data-href=\"https:\/\/tierpark-bern.ch\/fr\/visite-au-zoo\/accessibilite-du-parc-zoologique\/\">\n                            <img decoding=\"async\" src=\"https:\/\/tierpark-bern.ch\/web\/app\/uploads\/2020\/07\/reptilien-tierpark-bern-20-386x230.jpg\" alt=\"\"\/>\n                                <div class=\"service-desc\">\n                                    <div class=\"vcenter\">\n                                        <div class=\"titel\">Accessibilit\u00e9 du parc zoologique<\/div>\n                                    <\/div>\n                                <\/div>\n                        <\/div>\n                    <\/div><div class=\"col-md-6 col-xl-4 \">\n                        <div class=\"service-content\" tabindex=\"0\" role=\"link\" onclick=\"suggestionLinkfunction(this);\" data-href=\"https:\/\/tierpark-bern.ch\/fr\/visite-au-zoo\/plan-du-zoo\/\">\n                            <img decoding=\"async\" src=\"https:\/\/tierpark-bern.ch\/web\/app\/uploads\/2025\/10\/ZooPlan_Kreditkarte_03072025_fr-1-1-386x230.jpg\" alt=\"\"\/>\n                                <div class=\"service-desc\">\n                                    <div class=\"vcenter\">\n                                        <div class=\"titel\">Plan du zoo<\/div>\n                                    <\/div>\n                                <\/div>\n                        <\/div>\n                    <\/div><\/div>\n            <\/div>\n        <\/section>[\/vc_column_text][\/vc_column][\/vc_row]<\/p>\n<\/div>","protected":false},"excerpt":{"rendered":"<p>Comme un nombre limit\u00e9 de places de stationnement (payantes) sont propos\u00e9es \u00e0 proximit\u00e9 du Parc zoologique, nous encourageons nos h\u00f4tes \u00e0 utiliser les trans<\/p>\n","protected":false},"author":1,"featured_media":20955,"parent":38558,"menu_order":0,"comment_status":"closed","ping_status":"closed","template":"","meta":{"_acf_changed":false,"footnotes":""},"class_list":["post-38979","page","type-page","status-publish","has-post-thumbnail","hentry"],"acf":[],"yoast_head":"<title>Acc\u00e8s au D\u00e4hlh\u00f6lzli | Tierpark Bern<\/title>\n<meta name=\"description\" content=\"Comme un nombre limit\u00e9 de places de stationnement (payantes) sont propos\u00e9es \u00e0 proximit\u00e9 du Parc zoologique, nous encourageons nos h\u00f4tes \u00e0 utiliser les transports publics.\" \/>\n<meta name=\"robots\" content=\"index, follow, max-snippet:-1, max-image-preview:large, max-video-preview:-1\" \/>\n<link rel=\"canonical\" href=\"https:\/\/tierpark-bern.ch\/fr\/visite-au-zoo\/acces-au-daehlhoelzli\/\" \/>\n<meta property=\"og:locale\" content=\"fr_FR\" \/>\n<meta property=\"og:type\" content=\"article\" \/>\n<meta property=\"og:title\" content=\"Acc\u00e8s au D\u00e4hlh\u00f6lzli | Tierpark Bern\" \/>\n<meta property=\"og:description\" content=\"Comme un nombre limit\u00e9 de places de stationnement (payantes) sont propos\u00e9es \u00e0 proximit\u00e9 du Parc zoologique, nous encourageons nos h\u00f4tes \u00e0 utiliser les transports publics.\" \/>\n<meta property=\"og:url\" content=\"https:\/\/tierpark-bern.ch\/fr\/visite-au-zoo\/acces-au-daehlhoelzli\/\" \/>\n<meta property=\"og:site_name\" content=\"Tierpark Bern\" \/>\n<meta property=\"article:publisher\" content=\"https:\/\/www.facebook.com\/tierparkbern\/\" \/>\n<meta property=\"article:modified_time\" content=\"2023-11-21T11:30:12+00:00\" \/>\n<meta property=\"og:image\" content=\"https:\/\/tierpark-bern.ch\/web\/app\/uploads\/2020\/07\/tierpark-bern-daehlhoelzli-zoo-85.jpg\" \/>\n\t<meta property=\"og:image:width\" content=\"2248\" \/>\n\t<meta property=\"og:image:height\" content=\"1500\" \/>\n\t<meta property=\"og:image:type\" content=\"image\/jpeg\" \/>\n<script type=\"application\/ld+json\" class=\"yoast-schema-graph\">{\"@context\":\"https:\/\/schema.org\",\"@graph\":[{\"@type\":\"WebPage\",\"@id\":\"https:\/\/tierpark-bern.ch\/fr\/visite-au-zoo\/acces-au-daehlhoelzli\/\",\"url\":\"https:\/\/tierpark-bern.ch\/fr\/visite-au-zoo\/acces-au-daehlhoelzli\/\",\"name\":\"Acc\u00e8s au D\u00e4hlh\u00f6lzli | Tierpark Bern\",\"isPartOf\":{\"@id\":\"https:\/\/tierpark-bern.ch\/fr\/#website\"},\"primaryImageOfPage\":{\"@id\":\"https:\/\/tierpark-bern.ch\/fr\/visite-au-zoo\/acces-au-daehlhoelzli\/#primaryimage\"},\"image\":{\"@id\":\"https:\/\/tierpark-bern.ch\/fr\/visite-au-zoo\/acces-au-daehlhoelzli\/#primaryimage\"},\"thumbnailUrl\":\"https:\/\/tierpark-bern.ch\/web\/app\/uploads\/2020\/07\/tierpark-bern-daehlhoelzli-zoo-85.jpg\",\"datePublished\":\"2020-08-05T10:56:13+00:00\",\"dateModified\":\"2023-11-21T11:30:12+00:00\",\"description\":\"Comme un nombre limit\u00e9 de places de stationnement (payantes) sont propos\u00e9es \u00e0 proximit\u00e9 du Parc zoologique, nous encourageons nos h\u00f4tes \u00e0 utiliser les transports publics.\",\"breadcrumb\":{\"@id\":\"https:\/\/tierpark-bern.ch\/fr\/visite-au-zoo\/acces-au-daehlhoelzli\/#breadcrumb\"},\"inLanguage\":\"fr-FR\",\"potentialAction\":[{\"@type\":\"ReadAction\",\"target\":[\"https:\/\/tierpark-bern.ch\/fr\/visite-au-zoo\/acces-au-daehlhoelzli\/\"]}]},{\"@type\":\"ImageObject\",\"inLanguage\":\"fr-FR\",\"@id\":\"https:\/\/tierpark-bern.ch\/fr\/visite-au-zoo\/acces-au-daehlhoelzli\/#primaryimage\",\"url\":\"https:\/\/tierpark-bern.ch\/web\/app\/uploads\/2020\/07\/tierpark-bern-daehlhoelzli-zoo-85.jpg\",\"contentUrl\":\"https:\/\/tierpark-bern.ch\/web\/app\/uploads\/2020\/07\/tierpark-bern-daehlhoelzli-zoo-85.jpg\",\"width\":2248,\"height\":1500},{\"@type\":\"BreadcrumbList\",\"@id\":\"https:\/\/tierpark-bern.ch\/fr\/visite-au-zoo\/acces-au-daehlhoelzli\/#breadcrumb\",\"itemListElement\":[{\"@type\":\"ListItem\",\"position\":1,\"name\":\"Home\",\"item\":\"https:\/\/tierpark-bern.ch\/fr\/home\/\"},{\"@type\":\"ListItem\",\"position\":2,\"name\":\"Visite au zoo\",\"item\":\"https:\/\/tierpark-bern.ch\/fr\/visite-au-zoo\/\"},{\"@type\":\"ListItem\",\"position\":3,\"name\":\"Acc\u00e8s au D\u00e4hlh\u00f6lzli\"}]},{\"@type\":\"WebSite\",\"@id\":\"https:\/\/tierpark-bern.ch\/fr\/#website\",\"url\":\"https:\/\/tierpark-bern.ch\/fr\/\",\"name\":\"Tierpark Bern\",\"description\":\"\",\"publisher\":{\"@id\":\"https:\/\/tierpark-bern.ch\/fr\/#organization\"},\"potentialAction\":[{\"@type\":\"SearchAction\",\"target\":{\"@type\":\"EntryPoint\",\"urlTemplate\":\"https:\/\/tierpark-bern.ch\/fr\/?s={search_term_string}\"},\"query-input\":{\"@type\":\"PropertyValueSpecification\",\"valueRequired\":true,\"valueName\":\"search_term_string\"}}],\"inLanguage\":\"fr-FR\"},{\"@type\":\"Organization\",\"@id\":\"https:\/\/tierpark-bern.ch\/fr\/#organization\",\"name\":\"Tierpark Bern | D\u00e4hlh\u00f6lzli + B\u00e4renPark\",\"alternateName\":\"Tierpark Bern\",\"url\":\"https:\/\/tierpark-bern.ch\/fr\/\",\"logo\":{\"@type\":\"ImageObject\",\"inLanguage\":\"fr-FR\",\"@id\":\"https:\/\/tierpark-bern.ch\/fr\/#\/schema\/logo\/image\/\",\"url\":\"https:\/\/tierpark-bern.ch\/web\/app\/uploads\/2024\/04\/tierpark-bern-696x696-1.jpg\",\"contentUrl\":\"https:\/\/tierpark-bern.ch\/web\/app\/uploads\/2024\/04\/tierpark-bern-696x696-1.jpg\",\"width\":696,\"height\":696,\"caption\":\"Tierpark Bern | D\u00e4hlh\u00f6lzli + B\u00e4renPark\"},\"image\":{\"@id\":\"https:\/\/tierpark-bern.ch\/fr\/#\/schema\/logo\/image\/\"},\"sameAs\":[\"https:\/\/www.facebook.com\/tierparkbern\/\",\"https:\/\/x.com\/tierparkbern\",\"https:\/\/www.instagram.com\/tierparkbern\/\"]}]}<\/script>","yoast_head_json":{"title":"Acc\u00e8s au D\u00e4hlh\u00f6lzli | Tierpark Bern","description":"Comme un nombre limit\u00e9 de places de stationnement (payantes) sont propos\u00e9es \u00e0 proximit\u00e9 du Parc zoologique, nous encourageons nos h\u00f4tes \u00e0 utiliser les transports publics.","robots":{"index":"index","follow":"follow","max-snippet":"max-snippet:-1","max-image-preview":"max-image-preview:large","max-video-preview":"max-video-preview:-1"},"canonical":"https:\/\/tierpark-bern.ch\/fr\/visite-au-zoo\/acces-au-daehlhoelzli\/","og_locale":"fr_FR","og_type":"article","og_title":"Acc\u00e8s au D\u00e4hlh\u00f6lzli | Tierpark Bern","og_description":"Comme un nombre limit\u00e9 de places de stationnement (payantes) sont propos\u00e9es \u00e0 proximit\u00e9 du Parc zoologique, nous encourageons nos h\u00f4tes \u00e0 utiliser les transports publics.","og_url":"https:\/\/tierpark-bern.ch\/fr\/visite-au-zoo\/acces-au-daehlhoelzli\/","og_site_name":"Tierpark Bern","article_publisher":"https:\/\/www.facebook.com\/tierparkbern\/","article_modified_time":"2023-11-21T11:30:12+00:00","og_image":[{"width":2248,"height":1500,"url":"https:\/\/tierpark-bern.ch\/web\/app\/uploads\/2020\/07\/tierpark-bern-daehlhoelzli-zoo-85.jpg","type":"image\/jpeg"}],"schema":{"@context":"https:\/\/schema.org","@graph":[{"@type":"WebPage","@id":"https:\/\/tierpark-bern.ch\/fr\/visite-au-zoo\/acces-au-daehlhoelzli\/","url":"https:\/\/tierpark-bern.ch\/fr\/visite-au-zoo\/acces-au-daehlhoelzli\/","name":"Acc\u00e8s au D\u00e4hlh\u00f6lzli | Tierpark Bern","isPartOf":{"@id":"https:\/\/tierpark-bern.ch\/fr\/#website"},"primaryImageOfPage":{"@id":"https:\/\/tierpark-bern.ch\/fr\/visite-au-zoo\/acces-au-daehlhoelzli\/#primaryimage"},"image":{"@id":"https:\/\/tierpark-bern.ch\/fr\/visite-au-zoo\/acces-au-daehlhoelzli\/#primaryimage"},"thumbnailUrl":"https:\/\/tierpark-bern.ch\/web\/app\/uploads\/2020\/07\/tierpark-bern-daehlhoelzli-zoo-85.jpg","datePublished":"2020-08-05T10:56:13+00:00","dateModified":"2023-11-21T11:30:12+00:00","description":"Comme un nombre limit\u00e9 de places de stationnement (payantes) sont propos\u00e9es \u00e0 proximit\u00e9 du Parc zoologique, nous encourageons nos h\u00f4tes \u00e0 utiliser les transports publics.","breadcrumb":{"@id":"https:\/\/tierpark-bern.ch\/fr\/visite-au-zoo\/acces-au-daehlhoelzli\/#breadcrumb"},"inLanguage":"fr-FR","potentialAction":[{"@type":"ReadAction","target":["https:\/\/tierpark-bern.ch\/fr\/visite-au-zoo\/acces-au-daehlhoelzli\/"]}]},{"@type":"ImageObject","inLanguage":"fr-FR","@id":"https:\/\/tierpark-bern.ch\/fr\/visite-au-zoo\/acces-au-daehlhoelzli\/#primaryimage","url":"https:\/\/tierpark-bern.ch\/web\/app\/uploads\/2020\/07\/tierpark-bern-daehlhoelzli-zoo-85.jpg","contentUrl":"https:\/\/tierpark-bern.ch\/web\/app\/uploads\/2020\/07\/tierpark-bern-daehlhoelzli-zoo-85.jpg","width":2248,"height":1500},{"@type":"BreadcrumbList","@id":"https:\/\/tierpark-bern.ch\/fr\/visite-au-zoo\/acces-au-daehlhoelzli\/#breadcrumb","itemListElement":[{"@type":"ListItem","position":1,"name":"Home","item":"https:\/\/tierpark-bern.ch\/fr\/home\/"},{"@type":"ListItem","position":2,"name":"Visite au zoo","item":"https:\/\/tierpark-bern.ch\/fr\/visite-au-zoo\/"},{"@type":"ListItem","position":3,"name":"Acc\u00e8s au D\u00e4hlh\u00f6lzli"}]},{"@type":"WebSite","@id":"https:\/\/tierpark-bern.ch\/fr\/#website","url":"https:\/\/tierpark-bern.ch\/fr\/","name":"Tierpark Bern","description":"","publisher":{"@id":"https:\/\/tierpark-bern.ch\/fr\/#organization"},"potentialAction":[{"@type":"SearchAction","target":{"@type":"EntryPoint","urlTemplate":"https:\/\/tierpark-bern.ch\/fr\/?s={search_term_string}"},"query-input":{"@type":"PropertyValueSpecification","valueRequired":true,"valueName":"search_term_string"}}],"inLanguage":"fr-FR"},{"@type":"Organization","@id":"https:\/\/tierpark-bern.ch\/fr\/#organization","name":"Tierpark Bern | D\u00e4hlh\u00f6lzli + B\u00e4renPark","alternateName":"Tierpark Bern","url":"https:\/\/tierpark-bern.ch\/fr\/","logo":{"@type":"ImageObject","inLanguage":"fr-FR","@id":"https:\/\/tierpark-bern.ch\/fr\/#\/schema\/logo\/image\/","url":"https:\/\/tierpark-bern.ch\/web\/app\/uploads\/2024\/04\/tierpark-bern-696x696-1.jpg","contentUrl":"https:\/\/tierpark-bern.ch\/web\/app\/uploads\/2024\/04\/tierpark-bern-696x696-1.jpg","width":696,"height":696,"caption":"Tierpark Bern | D\u00e4hlh\u00f6lzli + B\u00e4renPark"},"image":{"@id":"https:\/\/tierpark-bern.ch\/fr\/#\/schema\/logo\/image\/"},"sameAs":["https:\/\/www.facebook.com\/tierparkbern\/","https:\/\/x.com\/tierparkbern","https:\/\/www.instagram.com\/tierparkbern\/"]}]}},"_links":{"self":[{"href":"https:\/\/tierpark-bern.ch\/fr\/wp-json\/wp\/v2\/pages\/38979","targetHints":{"allow":["GET"]}}],"collection":[{"href":"https:\/\/tierpark-bern.ch\/fr\/wp-json\/wp\/v2\/pages"}],"about":[{"href":"https:\/\/tierpark-bern.ch\/fr\/wp-json\/wp\/v2\/types\/page"}],"author":[{"embeddable":true,"href":"https:\/\/tierpark-bern.ch\/fr\/wp-json\/wp\/v2\/users\/1"}],"replies":[{"embeddable":true,"href":"https:\/\/tierpark-bern.ch\/fr\/wp-json\/wp\/v2\/comments?post=38979"}],"version-history":[{"count":0,"href":"https:\/\/tierpark-bern.ch\/fr\/wp-json\/wp\/v2\/pages\/38979\/revisions"}],"up":[{"embeddable":true,"href":"https:\/\/tierpark-bern.ch\/fr\/wp-json\/wp\/v2\/pages\/38558"}],"wp:featuredmedia":[{"embeddable":true,"href":"https:\/\/tierpark-bern.ch\/fr\/wp-json\/wp\/v2\/media\/20955"}],"wp:attachment":[{"href":"https:\/\/tierpark-bern.ch\/fr\/wp-json\/wp\/v2\/media?parent=38979"}],"curies":[{"name":"wp","href":"https:\/\/api.w.org\/{rel}","templated":true}]}}