{"id":39064,"date":"2020-08-10T10:23:24","date_gmt":"2020-08-10T08:23:24","guid":{"rendered":"https:\/\/tierpark-bern.ch\/zoobesuch\/tierparkordnung\/"},"modified":"2024-04-29T12:33:56","modified_gmt":"2024-04-29T10:33:56","slug":"reglement-du-par","status":"publish","type":"page","link":"https:\/\/tierpark-bern.ch\/fr\/visite-au-zoo\/reglement-du-par\/","title":{"rendered":"R\u00e8glement int\u00e9rieur du zoo"},"content":{"rendered":"<div class=\"wpb-content-wrapper\"><p>[vc_row][vc_column][vc_column_text css=&#8221;&#8221;]<\/p>\n<h1>R\u00e8glement int\u00e9rieur du zoo<\/h1>\n<p>Afin qu\u2019au parc zoologique de Berne non seulement les visiteuses et visiteurs, mais nos animaux aussi se sentent bien, tout le monde doit se conformer aux r\u00e8gles en vigueur. En les respectant, vous contribuerez \u00e0 la satisfaction g\u00e9n\u00e9rale et aurez droit \u00e0 une visite r\u00e9ussie du parc zoologique. Le Parc zoologique de Berne prie les visiteuses et visiteurs de se conformer aux prescriptions suivantes.[\/vc_column_text][\/vc_column][\/vc_row][vc_row][vc_column][vc_column_text css=&#8221;&#8221;]<\/p>\n<h3>Accompagnement des enfants<\/h3>\n<p>Les enfants de moins de 12 ans ne sont autoris\u00e9s \u00e0 visiter le zoo du D\u00e4hlh\u00f6lzli qu&#8217;en compagnie d&#8217;adultes. Les parents sont responsables de leurs enfants, les enseignants de leurs \u00e9l\u00e8ves et les moniteurs de leurs enfants ou adolescents.<\/p>\n<h3>Respect<\/h3>\n<p>Les animaux doivent \u00eatre respect\u00e9s. Il n\u2019est pas permis de nourrir les animaux, de les taquiner ou de les effrayer. Ne quittez pas les sentiers. Il est strictement interdit de franchir les barri\u00e8res et de p\u00e9n\u00e9trer dans les installations pour animaux. Ne montez pas apr\u00e8s nos animaux en libert\u00e9 lorsqu&#8217;ils se retirent pour \u00eatre tranquilles. Les ballons, balles, disques de frisbee, pistolets \u00e0 eau, drones, etc. ne sont pas autoris\u00e9s dans le parc animalier de Berne. Veuillez ne pas d\u00e9ranger les autres visiteurs du parc animalier par votre comportement. Les casseurs ainsi que les visiteurs visiblement sous l&#8217;influence de l&#8217;alcool ou de drogues seront expuls\u00e9s du parc animalier.<\/p>\n<h3>Chiens<\/h3>\n<p>Les chiens sont interdits dans la partie payante et au zoo pour enfants, et doivent \u00eatre tenus en laisse dans la partie non payante. Les chiens d\u2019assistance qui accompagnent une personne handicap\u00e9e peuvent acc\u00e9der \u00e0 la partie payante et au zoo pour enfants.<\/p>\n<h3>Photographie<\/h3>\n<p>Il est permis de prendre des photos et de filmer au Parc zoologique de Berne, \u00e0 des fins priv\u00e9es et non commerciales. Les prises de vue commerciales ou les cours de photographie commerciaux dans toute l&#8217;enceinte du parc animalier (D\u00e4hlh\u00f6lzli et B\u00e4renPark), n\u00e9cessitent l\u2019accord du Parc zoologique. Veuillez noter que l&#8217;utilisation de flashs est interdite avec les animaux. Les prises de vue par drone ne sont pas autoris\u00e9es.<\/p>\n<h3>S\u00e9curit\u00e9<\/h3>\n<p>Il convient de suivre les instructions donn\u00e9es par le personnel du zoo. Veuillez respecter les heures d&#8217;ouverture du D\u00e4hlh\u00f6lzli-Zoo. En dehors des heures d&#8217;ouverture, le s\u00e9jour au D\u00e4hlh\u00f6lzli-Zoo n&#8217;est autoris\u00e9 que dans le cadre de visites guid\u00e9es et de manifestations ferm\u00e9es. L&#8217;utilisation des places de jeux se fait aux risques et p\u00e9rils de l&#8217;utilisateur ; les enfants doivent \u00eatre surveill\u00e9s.<\/p>\n<h3>Cons\u00e9quences<\/h3>\n<p>Les personnes ne se conformant pas durant leur visite au r\u00e8glement int\u00e9rieur du zoo s\u2019exposent \u00e0 en \u00eatre expuls\u00e9es.<\/p>\n<h3>Compr\u00e9hension<\/h3>\n<p>Nous faisons appel \u00e0 votre compr\u00e9hension et vous souhaitons beaucoup de plaisir durant la visite de votre parc zoologique.[\/vc_column_text][\/vc_column][\/vc_row]<\/p>\n<\/div>","protected":false},"excerpt":{"rendered":"<p>La Ville de Berne prie les visiteuses et visiteurs de se conformer aux prescriptions suivantes.<\/p>\n","protected":false},"author":1,"featured_media":22509,"parent":38558,"menu_order":0,"comment_status":"closed","ping_status":"closed","template":"","meta":{"_acf_changed":false,"footnotes":""},"class_list":["post-39064","page","type-page","status-publish","has-post-thumbnail","hentry"],"acf":[],"yoast_head":"<title>R\u00e8glement int\u00e9rieur du zoo | Tierpark Bern<\/title>\n<meta name=\"description\" content=\"La Ville de Berne prie les visiteuses et visiteurs de se conformer aux prescriptions suivantes.\" \/>\n<meta name=\"robots\" content=\"index, follow, max-snippet:-1, max-image-preview:large, max-video-preview:-1\" \/>\n<link rel=\"canonical\" href=\"https:\/\/tierpark-bern.ch\/fr\/visite-au-zoo\/reglement-du-par\/\" \/>\n<meta property=\"og:locale\" content=\"fr_FR\" \/>\n<meta property=\"og:type\" content=\"article\" \/>\n<meta property=\"og:title\" content=\"R\u00e8glement int\u00e9rieur du zoo | Tierpark Bern\" \/>\n<meta property=\"og:description\" content=\"La Ville de Berne prie les visiteuses et visiteurs de se conformer aux prescriptions suivantes.\" \/>\n<meta property=\"og:url\" content=\"https:\/\/tierpark-bern.ch\/fr\/visite-au-zoo\/reglement-du-par\/\" \/>\n<meta property=\"og:site_name\" content=\"Tierpark Bern\" \/>\n<meta property=\"article:publisher\" content=\"https:\/\/www.facebook.com\/tierparkbern\/\" \/>\n<meta property=\"article:modified_time\" content=\"2024-04-29T10:33:56+00:00\" \/>\n<meta property=\"og:image\" content=\"https:\/\/tierpark-bern.ch\/web\/app\/uploads\/2022\/02\/beluga-tierpark-bern-30.jpg\" \/>\n\t<meta property=\"og:image:width\" content=\"1500\" \/>\n\t<meta property=\"og:image:height\" content=\"998\" \/>\n\t<meta property=\"og:image:type\" content=\"image\/jpeg\" \/>\n<script type=\"application\/ld+json\" class=\"yoast-schema-graph\">{\"@context\":\"https:\/\/schema.org\",\"@graph\":[{\"@type\":\"WebPage\",\"@id\":\"https:\/\/tierpark-bern.ch\/fr\/visite-au-zoo\/reglement-du-par\/\",\"url\":\"https:\/\/tierpark-bern.ch\/fr\/visite-au-zoo\/reglement-du-par\/\",\"name\":\"R\u00e8glement int\u00e9rieur du zoo | Tierpark Bern\",\"isPartOf\":{\"@id\":\"https:\/\/tierpark-bern.ch\/fr\/#website\"},\"primaryImageOfPage\":{\"@id\":\"https:\/\/tierpark-bern.ch\/fr\/visite-au-zoo\/reglement-du-par\/#primaryimage\"},\"image\":{\"@id\":\"https:\/\/tierpark-bern.ch\/fr\/visite-au-zoo\/reglement-du-par\/#primaryimage\"},\"thumbnailUrl\":\"https:\/\/tierpark-bern.ch\/web\/app\/uploads\/2022\/02\/beluga-tierpark-bern-30.jpg\",\"datePublished\":\"2020-08-10T08:23:24+00:00\",\"dateModified\":\"2024-04-29T10:33:56+00:00\",\"description\":\"La Ville de Berne prie les visiteuses et visiteurs de se conformer aux prescriptions suivantes.\",\"breadcrumb\":{\"@id\":\"https:\/\/tierpark-bern.ch\/fr\/visite-au-zoo\/reglement-du-par\/#breadcrumb\"},\"inLanguage\":\"fr-FR\",\"potentialAction\":[{\"@type\":\"ReadAction\",\"target\":[\"https:\/\/tierpark-bern.ch\/fr\/visite-au-zoo\/reglement-du-par\/\"]}]},{\"@type\":\"ImageObject\",\"inLanguage\":\"fr-FR\",\"@id\":\"https:\/\/tierpark-bern.ch\/fr\/visite-au-zoo\/reglement-du-par\/#primaryimage\",\"url\":\"https:\/\/tierpark-bern.ch\/web\/app\/uploads\/2022\/02\/beluga-tierpark-bern-30.jpg\",\"contentUrl\":\"https:\/\/tierpark-bern.ch\/web\/app\/uploads\/2022\/02\/beluga-tierpark-bern-30.jpg\",\"width\":1500,\"height\":998},{\"@type\":\"BreadcrumbList\",\"@id\":\"https:\/\/tierpark-bern.ch\/fr\/visite-au-zoo\/reglement-du-par\/#breadcrumb\",\"itemListElement\":[{\"@type\":\"ListItem\",\"position\":1,\"name\":\"Home\",\"item\":\"https:\/\/tierpark-bern.ch\/fr\/home\/\"},{\"@type\":\"ListItem\",\"position\":2,\"name\":\"Visite au zoo\",\"item\":\"https:\/\/tierpark-bern.ch\/fr\/visite-au-zoo\/\"},{\"@type\":\"ListItem\",\"position\":3,\"name\":\"R\u00e8glement int\u00e9rieur du zoo\"}]},{\"@type\":\"WebSite\",\"@id\":\"https:\/\/tierpark-bern.ch\/fr\/#website\",\"url\":\"https:\/\/tierpark-bern.ch\/fr\/\",\"name\":\"Tierpark Bern\",\"description\":\"\",\"publisher\":{\"@id\":\"https:\/\/tierpark-bern.ch\/fr\/#organization\"},\"potentialAction\":[{\"@type\":\"SearchAction\",\"target\":{\"@type\":\"EntryPoint\",\"urlTemplate\":\"https:\/\/tierpark-bern.ch\/fr\/?s={search_term_string}\"},\"query-input\":{\"@type\":\"PropertyValueSpecification\",\"valueRequired\":true,\"valueName\":\"search_term_string\"}}],\"inLanguage\":\"fr-FR\"},{\"@type\":\"Organization\",\"@id\":\"https:\/\/tierpark-bern.ch\/fr\/#organization\",\"name\":\"Tierpark Bern | D\u00e4hlh\u00f6lzli + B\u00e4renPark\",\"alternateName\":\"Tierpark Bern\",\"url\":\"https:\/\/tierpark-bern.ch\/fr\/\",\"logo\":{\"@type\":\"ImageObject\",\"inLanguage\":\"fr-FR\",\"@id\":\"https:\/\/tierpark-bern.ch\/fr\/#\/schema\/logo\/image\/\",\"url\":\"https:\/\/tierpark-bern.ch\/web\/app\/uploads\/2024\/04\/tierpark-bern-696x696-1.jpg\",\"contentUrl\":\"https:\/\/tierpark-bern.ch\/web\/app\/uploads\/2024\/04\/tierpark-bern-696x696-1.jpg\",\"width\":696,\"height\":696,\"caption\":\"Tierpark Bern | D\u00e4hlh\u00f6lzli + B\u00e4renPark\"},\"image\":{\"@id\":\"https:\/\/tierpark-bern.ch\/fr\/#\/schema\/logo\/image\/\"},\"sameAs\":[\"https:\/\/www.facebook.com\/tierparkbern\/\",\"https:\/\/x.com\/tierparkbern\",\"https:\/\/www.instagram.com\/tierparkbern\/\"]}]}<\/script>","yoast_head_json":{"title":"R\u00e8glement int\u00e9rieur du zoo | Tierpark Bern","description":"La Ville de Berne prie les visiteuses et visiteurs de se conformer aux prescriptions suivantes.","robots":{"index":"index","follow":"follow","max-snippet":"max-snippet:-1","max-image-preview":"max-image-preview:large","max-video-preview":"max-video-preview:-1"},"canonical":"https:\/\/tierpark-bern.ch\/fr\/visite-au-zoo\/reglement-du-par\/","og_locale":"fr_FR","og_type":"article","og_title":"R\u00e8glement int\u00e9rieur du zoo | Tierpark Bern","og_description":"La Ville de Berne prie les visiteuses et visiteurs de se conformer aux prescriptions suivantes.","og_url":"https:\/\/tierpark-bern.ch\/fr\/visite-au-zoo\/reglement-du-par\/","og_site_name":"Tierpark Bern","article_publisher":"https:\/\/www.facebook.com\/tierparkbern\/","article_modified_time":"2024-04-29T10:33:56+00:00","og_image":[{"width":1500,"height":998,"url":"https:\/\/tierpark-bern.ch\/web\/app\/uploads\/2022\/02\/beluga-tierpark-bern-30.jpg","type":"image\/jpeg"}],"schema":{"@context":"https:\/\/schema.org","@graph":[{"@type":"WebPage","@id":"https:\/\/tierpark-bern.ch\/fr\/visite-au-zoo\/reglement-du-par\/","url":"https:\/\/tierpark-bern.ch\/fr\/visite-au-zoo\/reglement-du-par\/","name":"R\u00e8glement int\u00e9rieur du zoo | Tierpark Bern","isPartOf":{"@id":"https:\/\/tierpark-bern.ch\/fr\/#website"},"primaryImageOfPage":{"@id":"https:\/\/tierpark-bern.ch\/fr\/visite-au-zoo\/reglement-du-par\/#primaryimage"},"image":{"@id":"https:\/\/tierpark-bern.ch\/fr\/visite-au-zoo\/reglement-du-par\/#primaryimage"},"thumbnailUrl":"https:\/\/tierpark-bern.ch\/web\/app\/uploads\/2022\/02\/beluga-tierpark-bern-30.jpg","datePublished":"2020-08-10T08:23:24+00:00","dateModified":"2024-04-29T10:33:56+00:00","description":"La Ville de Berne prie les visiteuses et visiteurs de se conformer aux prescriptions suivantes.","breadcrumb":{"@id":"https:\/\/tierpark-bern.ch\/fr\/visite-au-zoo\/reglement-du-par\/#breadcrumb"},"inLanguage":"fr-FR","potentialAction":[{"@type":"ReadAction","target":["https:\/\/tierpark-bern.ch\/fr\/visite-au-zoo\/reglement-du-par\/"]}]},{"@type":"ImageObject","inLanguage":"fr-FR","@id":"https:\/\/tierpark-bern.ch\/fr\/visite-au-zoo\/reglement-du-par\/#primaryimage","url":"https:\/\/tierpark-bern.ch\/web\/app\/uploads\/2022\/02\/beluga-tierpark-bern-30.jpg","contentUrl":"https:\/\/tierpark-bern.ch\/web\/app\/uploads\/2022\/02\/beluga-tierpark-bern-30.jpg","width":1500,"height":998},{"@type":"BreadcrumbList","@id":"https:\/\/tierpark-bern.ch\/fr\/visite-au-zoo\/reglement-du-par\/#breadcrumb","itemListElement":[{"@type":"ListItem","position":1,"name":"Home","item":"https:\/\/tierpark-bern.ch\/fr\/home\/"},{"@type":"ListItem","position":2,"name":"Visite au zoo","item":"https:\/\/tierpark-bern.ch\/fr\/visite-au-zoo\/"},{"@type":"ListItem","position":3,"name":"R\u00e8glement int\u00e9rieur du zoo"}]},{"@type":"WebSite","@id":"https:\/\/tierpark-bern.ch\/fr\/#website","url":"https:\/\/tierpark-bern.ch\/fr\/","name":"Tierpark Bern","description":"","publisher":{"@id":"https:\/\/tierpark-bern.ch\/fr\/#organization"},"potentialAction":[{"@type":"SearchAction","target":{"@type":"EntryPoint","urlTemplate":"https:\/\/tierpark-bern.ch\/fr\/?s={search_term_string}"},"query-input":{"@type":"PropertyValueSpecification","valueRequired":true,"valueName":"search_term_string"}}],"inLanguage":"fr-FR"},{"@type":"Organization","@id":"https:\/\/tierpark-bern.ch\/fr\/#organization","name":"Tierpark Bern | D\u00e4hlh\u00f6lzli + B\u00e4renPark","alternateName":"Tierpark Bern","url":"https:\/\/tierpark-bern.ch\/fr\/","logo":{"@type":"ImageObject","inLanguage":"fr-FR","@id":"https:\/\/tierpark-bern.ch\/fr\/#\/schema\/logo\/image\/","url":"https:\/\/tierpark-bern.ch\/web\/app\/uploads\/2024\/04\/tierpark-bern-696x696-1.jpg","contentUrl":"https:\/\/tierpark-bern.ch\/web\/app\/uploads\/2024\/04\/tierpark-bern-696x696-1.jpg","width":696,"height":696,"caption":"Tierpark Bern | D\u00e4hlh\u00f6lzli + B\u00e4renPark"},"image":{"@id":"https:\/\/tierpark-bern.ch\/fr\/#\/schema\/logo\/image\/"},"sameAs":["https:\/\/www.facebook.com\/tierparkbern\/","https:\/\/x.com\/tierparkbern","https:\/\/www.instagram.com\/tierparkbern\/"]}]}},"_links":{"self":[{"href":"https:\/\/tierpark-bern.ch\/fr\/wp-json\/wp\/v2\/pages\/39064","targetHints":{"allow":["GET"]}}],"collection":[{"href":"https:\/\/tierpark-bern.ch\/fr\/wp-json\/wp\/v2\/pages"}],"about":[{"href":"https:\/\/tierpark-bern.ch\/fr\/wp-json\/wp\/v2\/types\/page"}],"author":[{"embeddable":true,"href":"https:\/\/tierpark-bern.ch\/fr\/wp-json\/wp\/v2\/users\/1"}],"replies":[{"embeddable":true,"href":"https:\/\/tierpark-bern.ch\/fr\/wp-json\/wp\/v2\/comments?post=39064"}],"version-history":[{"count":0,"href":"https:\/\/tierpark-bern.ch\/fr\/wp-json\/wp\/v2\/pages\/39064\/revisions"}],"up":[{"embeddable":true,"href":"https:\/\/tierpark-bern.ch\/fr\/wp-json\/wp\/v2\/pages\/38558"}],"wp:featuredmedia":[{"embeddable":true,"href":"https:\/\/tierpark-bern.ch\/fr\/wp-json\/wp\/v2\/media\/22509"}],"wp:attachment":[{"href":"https:\/\/tierpark-bern.ch\/fr\/wp-json\/wp\/v2\/media?parent=39064"}],"curies":[{"name":"wp","href":"https:\/\/api.w.org\/{rel}","templated":true}]}}