{"id":39080,"date":"2020-08-08T12:33:08","date_gmt":"2020-08-08T10:33:08","guid":{"rendered":"https:\/\/tierpark-bern.ch\/baerenpark\/anreise\/"},"modified":"2023-11-21T12:20:58","modified_gmt":"2023-11-21T11:20:58","slug":"acces","status":"publish","type":"page","link":"https:\/\/tierpark-bern.ch\/fr\/parc-aux-ours\/acces\/","title":{"rendered":"Acc\u00e8s au Parc aux ours"},"content":{"rendered":"<div class=\"wpb-content-wrapper\"><p>[vc_row][vc_column][vc_column_text]<\/p>\n<h1>Comment se rendre au Parc aux ours?<\/h1>\n<p>Comme il n\u2019y a que peu de places de stationnement disponibles aux alentours du Parc aux ours, il est recommand\u00e9 d\u2019utiliser les transports publics.[\/vc_column_text][vc_column_text]<\/p>\n<h2>Adresse<\/h2>\n<p>Parc aux ours<br \/>\nGrosser Muristalden 4<br \/>\n3006 Berne[\/vc_column_text][vc_column_text]<\/p>\n<h2>T\u00e9l\u00e9phone<\/h2>\n<p>+41 31 321 15 25[\/vc_column_text][vc_column_text]<iframe loading=\"lazy\" style=\"border: 0;\" title=\"Google Karte B\u00e4renPark\" src=\"https:\/\/www.google.com\/maps\/embed?pb=!1m18!1m12!1m3!1d1474.9927799527393!2d7.457643035263457!3d46.94782761427886!2m3!1f0!2f0!3f0!3m2!1i1024!2i768!4f13.1!3m3!1m2!1s0x478e39853d3801c3%3A0x60a92b1de0d32ab7!2sB%C3%A4renpark!5e0!3m2!1sfr!2sfr!4v1634591257169!5m2!1sfr!2sfr\" width=\"100%\" height=\"450\" allowfullscreen=\"allowfullscreen\"><\/iframe>[\/vc_column_text][\/vc_column][\/vc_row][vc_row][vc_column][vc_column_text]<div class=\"faq-section top-20 bottom-50\"><div class=\"accordion accordion--bordered\">\n                                        <div class=\"accordion__title-block\" role=\"button\">\n                                            <span class=\"accordion__title\">Acc\u00e8s \u00e0 pied<\/span>\n                                            <span class=\"accordion__close\"><\/span>\n                                        <\/div>\n                                        <div class=\"accordion__text-block\">\n                                            <p><p>Le Parc aux ours est facilement accessible \u00e0 pied en traversant la vieille ville ou en longeant les berges de l\u2019Aar.<\/p>\n<p><a class=\"button button--tierpark\" href=\"https:\/\/www.google.com\/maps\/place\/B%C3%A4renpark\/@46.9412728,7.4455823,15z\/data=!4m5!3m4!1s0x478e39853d3801c3:0x60a92b1de0d32ab7!8m2!3d46.9479881!4d7.4591549?hl=fr\" target=\"_blank\" rel=\"noopener\" aria-label=\"Planifier l\u2019acc\u00e8s \u00e0 pied (Google Maps)\">Planifier l\u2019acc\u00e8s \u00e0 pied (Google Maps)<\/a><\/p>\n<\/p>\n                                        <\/div>\n                                      <\/div><div class=\"accordion accordion--bordered\">\n                                        <div class=\"accordion__title-block\" role=\"button\">\n                                            <span class=\"accordion__title\">Acc\u00e8s par les transports publics<\/span>\n                                            <span class=\"accordion__close\"><\/span>\n                                        <\/div>\n                                        <div class=\"accordion__text-block\">\n                                            <p><p>Depuis la gare centrale de Berne, prendre le bus n\u00b0 12 de BERNMOBIL, direction \u00abZentrum Paul Klee \/ Schosshalde\u00bb. L\u2019arr\u00eat de bus \u00abB\u00e4renpark\u00bb se trouve juste \u00e0 c\u00f4t\u00e9 du parc.<\/p>\n<p>La possibilit\u00e9, pour les personnes en fauteuil roulant, d\u2019utiliser la ligne de bus n\u00b0 12 jusqu\u2019\u00e0 l\u2019arr\u00eat \u00abB\u00e4renpark\u00bb a \u00e9t\u00e9 test\u00e9e sur la base des crit\u00e8res suivants:<\/p>\n<p>\u2022 Inclinaison de la rampe<br \/>\n\u2022 Largeur du quai<br \/>\n\u2022 Accessibilit\u00e9<\/p>\n<p>Elle r\u00e9pond aux conditions requises et les panneaux d\u2019informations sont dot\u00e9s de pictogrammes appropri\u00e9s.<\/p>\n<p><a class=\"button button--tierpark\" href=\"https:\/\/www.bernmobil.ch\/fr\" target=\"_blank\" rel=\"noopener\" aria-label=\"Planifier son trajet avec BERNMOBIL\">Planifier son trajet avec BERNMOBIL (en allemand seulement) <\/a><\/p>\n<\/p>\n                                        <\/div>\n                                      <\/div><div class=\"accordion accordion--bordered\">\n                                        <div class=\"accordion__title-block\" role=\"button\">\n                                            <span class=\"accordion__title\">Acc\u00e8s en voiture<\/span>\n                                            <span class=\"accordion__close\"><\/span>\n                                        <\/div>\n                                        <div class=\"accordion__text-block\">\n                                            <p><p>Les sorties d\u2019autoroute \u00abWankdorf\u00bb et \u00abOstring\u00bb sont les plus proches. D\u00e8s que vous quittez l\u2019autoroute, suivez toujours la direction \u00abStadt\/B\u00e4rengraben\u00bb.<\/p>\n<p><a class=\"button button--tierpark\" href=\"https:\/\/www.google.com\/maps\/place\/B%C3%A4renpark\/@46.9412728,7.4455823,15z\/data=!4m5!3m4!1s0x478e39853d3801c3:0x60a92b1de0d32ab7!8m2!3d46.9479881!4d7.4591549\" target=\"_blank\" rel=\"noopener\" aria-label=\"Planifier le trajet en voiture (consulter Google Maps)\">Planifier le trajet en voiture (consulter Google Maps)<\/a><\/p>\n<\/p>\n                                        <\/div>\n                                      <\/div><div class=\"accordion accordion--bordered\">\n                                        <div class=\"accordion__title-block\" role=\"button\">\n                                            <span class=\"accordion__title\">Places de stationnement \u00e0 proximit\u00e9<\/span>\n                                            <span class=\"accordion__close\"><\/span>\n                                        <\/div>\n                                        <div class=\"accordion__text-block\">\n                                            <p><p>\u00abGrosse Muristalden\u00bb (zone bleue), \u00abAargauerstalden\u00bb (zone bleue), \u00abNydeggbr\u00fccke\u00bb et \u00abKl\u00f6sterlistutz\u00bb (places de stationnement payantes)<\/p>\n<p>Les cartes de stationnement journali\u00e8res pour la zone bleue peuvent \u00eatre obtenues aux distributeurs de tickets BERNMOBIL. Dur\u00e9e de stationnement de quatre heures pour 9 francs, dur\u00e9e de stationnement de vingt-quatre heures pour 16 francs.<\/p>\n<p>Un parcm\u00e8tre central est disponible pour les places de stationnement payantes. Co\u00fbt pour une heure: 2 francs 20 (maximum 6 heures).<\/p>\n<p><a class=\"link target_blank button button--tierpark\" title=\"Vous pouvez \u00e9galement commander ici des cartes de stationnement en ligne.\" href=\"http:\/\/www.parking-bern.ch\/f\/\" target=\"_blank\" rel=\"noopener\">Vous pouvez \u00e9galement commander ici des cartes de stationnement en ligne.<\/a><\/p>\n<\/p>\n                                        <\/div>\n                                      <\/div><\/div>[\/vc_column_text][\/vc_column][\/vc_row][vc_row][vc_column][vc_column_text]<\/p>\n<div class=\"zoo-link-info\">\n<div class=\"container\">\n<div class=\"row\">\n<div class=\"col-md-8 col-sm-12\">\n<div class=\"zoo-link-text-container\"><span class=\"zoo-link-text\">Souhaitez-vous planifier votre voyage pour vous rendre au zoo du D\u00e4hlh\u00f6lzli?<\/span><\/div>\n<\/div>\n<div class=\"col-md-4 col-sm-12 zoo-link-btn-container\"><span class=\"zoo-link-btn\"><a class=\"button button-zoo-info\" href=\"https:\/\/tierpark-bern.ch\/fr\/visite-au-zoo\/acces-au-daehlhoelzli\/\">Acc\u00e8s au D\u00e4hlh\u00f6lzli\u00a0<i class=\"fa fa-long-arrow-right\"><\/i><\/a><\/span><\/div>\n<\/div>\n<\/div>\n<\/div>\n<p>[\/vc_column_text][\/vc_column][\/vc_row][vc_row][vc_column][vc_column_text]<section class=\"section no-padding-bottom page-suggestion-container\">\n            <div class=\"container\">\n                <div class=\"row bottom-50\">\n                    <div class=\"col-12\">\n                        <div class=\"heading heading--primary heading--center\">\n                            <h2 class=\"heading__title no-margin-bottom\"><span>Autres Th\u00e8mes<\/span><\/h2>\n                        <\/div>\n                    <\/div>\n                <\/div>\n                <div class=\"row\"><div class=\"col-md-6 col-xl-4 \">\n                        <div class=\"service-content\" tabindex=\"0\" role=\"link\" onclick=\"suggestionLinkfunction(this);\" data-href=\"https:\/\/tierpark-bern.ch\/fr\/parc-aux-ours\/accessibilite-du-parc-aux-ours\/\">\n                            <img decoding=\"async\" src=\"https:\/\/tierpark-bern.ch\/web\/app\/uploads\/2020\/07\/ursina-baerenpark-51-bern-schweiz-386x230.jpg\" alt=\"\"\/>\n                                <div class=\"service-desc\">\n                                    <div class=\"vcenter\">\n                                        <div class=\"titel\">Accessibilit\u00e9 du parc aux ours<\/div>\n                                    <\/div>\n                                <\/div>\n                        <\/div>\n                    <\/div><div class=\"col-md-6 col-xl-4 \">\n                        <div class=\"service-content\" tabindex=\"0\" role=\"link\" onclick=\"suggestionLinkfunction(this);\" data-href=\"https:\/\/tierpark-bern.ch\/fr\/parc-aux-ours\/les-habitants-du-parc-aux-ours\/\">\n                            <img decoding=\"async\" src=\"https:\/\/tierpark-bern.ch\/web\/app\/uploads\/2020\/07\/ursina-baerenpark-50-bern-schweiz-386x230.jpg\" alt=\"\"\/>\n                                <div class=\"service-desc\">\n                                    <div class=\"vcenter\">\n                                        <div class=\"titel\">Les habitants du Parc aux ours<\/div>\n                                    <\/div>\n                                <\/div>\n                        <\/div>\n                    <\/div><div class=\"col-md-6 col-xl-4 \">\n                        <div class=\"service-content\" tabindex=\"0\" role=\"link\" onclick=\"suggestionLinkfunction(this);\" data-href=\"https:\/\/tierpark-bern.ch\/fr\/experiences-du-zoo\/\">\n                            <img decoding=\"async\" src=\"https:\/\/tierpark-bern.ch\/web\/app\/uploads\/2020\/07\/chamaeleon-tierpark-bern-386x230.jpg\" alt=\"\"\/>\n                                <div class=\"service-desc\">\n                                    <div class=\"vcenter\">\n                                        <div class=\"titel\">Exp\u00e9riences du zoo<\/div>\n                                    <\/div>\n                                <\/div>\n                        <\/div>\n                    <\/div><\/div>\n            <\/div>\n        <\/section>[\/vc_column_text][\/vc_column][\/vc_row]<\/p>\n<\/div>","protected":false},"excerpt":{"rendered":"<p>Depuis la gare centrale de Berne, prendre le bus n\u00b0 12 de BERNMOBIL, direction \u00abZentrum Paul Klee \/ Schosshalde\u00bb. L\u2019arr\u00eat de bus \u00abB\u00e4renpark\u00bb<\/p>\n","protected":false},"author":10,"featured_media":22315,"parent":46577,"menu_order":0,"comment_status":"closed","ping_status":"closed","template":"","meta":{"_acf_changed":false,"footnotes":""},"class_list":["post-39080","page","type-page","status-publish","has-post-thumbnail","hentry"],"acf":[],"yoast_head":"<title>Acc\u00e8s au Parc aux ours | Tierpark Bern<\/title>\n<meta name=\"description\" content=\"Depuis la gare centrale de Berne, prendre le bus n\u00b0 12 de BERNMOBIL, direction \u00abZentrum Paul Klee \/ Schosshalde\u00bb. L\u2019arr\u00eat de bus \u00abB\u00e4renpark\u00bb\" \/>\n<meta name=\"robots\" content=\"index, follow, max-snippet:-1, max-image-preview:large, max-video-preview:-1\" \/>\n<link rel=\"canonical\" href=\"https:\/\/tierpark-bern.ch\/fr\/parc-aux-ours\/acces\/\" \/>\n<meta property=\"og:locale\" content=\"fr_FR\" \/>\n<meta property=\"og:type\" content=\"article\" \/>\n<meta property=\"og:title\" content=\"Acc\u00e8s au Parc aux ours | Tierpark Bern\" \/>\n<meta property=\"og:description\" content=\"Depuis la gare centrale de Berne, prendre le bus n\u00b0 12 de BERNMOBIL, direction \u00abZentrum Paul Klee \/ Schosshalde\u00bb. L\u2019arr\u00eat de bus \u00abB\u00e4renpark\u00bb\" \/>\n<meta property=\"og:url\" content=\"https:\/\/tierpark-bern.ch\/fr\/parc-aux-ours\/acces\/\" \/>\n<meta property=\"og:site_name\" content=\"Tierpark Bern\" \/>\n<meta property=\"article:publisher\" content=\"https:\/\/www.facebook.com\/tierparkbern\/\" \/>\n<meta property=\"article:modified_time\" content=\"2023-11-21T11:20:58+00:00\" \/>\n<meta property=\"og:image\" content=\"https:\/\/tierpark-bern.ch\/web\/app\/uploads\/2020\/07\/finn-baerenpark-53-bern-schweiz.jpg\" \/>\n\t<meta property=\"og:image:width\" content=\"1500\" \/>\n\t<meta property=\"og:image:height\" content=\"998\" \/>\n\t<meta property=\"og:image:type\" content=\"image\/jpeg\" \/>\n<script type=\"application\/ld+json\" class=\"yoast-schema-graph\">{\"@context\":\"https:\/\/schema.org\",\"@graph\":[{\"@type\":\"WebPage\",\"@id\":\"https:\/\/tierpark-bern.ch\/fr\/parc-aux-ours\/acces\/\",\"url\":\"https:\/\/tierpark-bern.ch\/fr\/parc-aux-ours\/acces\/\",\"name\":\"Acc\u00e8s au Parc aux ours | Tierpark Bern\",\"isPartOf\":{\"@id\":\"https:\/\/tierpark-bern.ch\/fr\/#website\"},\"primaryImageOfPage\":{\"@id\":\"https:\/\/tierpark-bern.ch\/fr\/parc-aux-ours\/acces\/#primaryimage\"},\"image\":{\"@id\":\"https:\/\/tierpark-bern.ch\/fr\/parc-aux-ours\/acces\/#primaryimage\"},\"thumbnailUrl\":\"https:\/\/tierpark-bern.ch\/web\/app\/uploads\/2020\/07\/finn-baerenpark-53-bern-schweiz.jpg\",\"datePublished\":\"2020-08-08T10:33:08+00:00\",\"dateModified\":\"2023-11-21T11:20:58+00:00\",\"description\":\"Depuis la gare centrale de Berne, prendre le bus n\u00b0 12 de BERNMOBIL, direction \u00abZentrum Paul Klee \/ Schosshalde\u00bb. L\u2019arr\u00eat de bus \u00abB\u00e4renpark\u00bb\",\"breadcrumb\":{\"@id\":\"https:\/\/tierpark-bern.ch\/fr\/parc-aux-ours\/acces\/#breadcrumb\"},\"inLanguage\":\"fr-FR\",\"potentialAction\":[{\"@type\":\"ReadAction\",\"target\":[\"https:\/\/tierpark-bern.ch\/fr\/parc-aux-ours\/acces\/\"]}]},{\"@type\":\"ImageObject\",\"inLanguage\":\"fr-FR\",\"@id\":\"https:\/\/tierpark-bern.ch\/fr\/parc-aux-ours\/acces\/#primaryimage\",\"url\":\"https:\/\/tierpark-bern.ch\/web\/app\/uploads\/2020\/07\/finn-baerenpark-53-bern-schweiz.jpg\",\"contentUrl\":\"https:\/\/tierpark-bern.ch\/web\/app\/uploads\/2020\/07\/finn-baerenpark-53-bern-schweiz.jpg\",\"width\":1500,\"height\":998,\"caption\":\"Finn liebt das Wasser im B\u00e4renPark (September 2015)\"},{\"@type\":\"BreadcrumbList\",\"@id\":\"https:\/\/tierpark-bern.ch\/fr\/parc-aux-ours\/acces\/#breadcrumb\",\"itemListElement\":[{\"@type\":\"ListItem\",\"position\":1,\"name\":\"Home\",\"item\":\"https:\/\/tierpark-bern.ch\/fr\/home\/\"},{\"@type\":\"ListItem\",\"position\":2,\"name\":\"Parc aux ours\",\"item\":\"https:\/\/tierpark-bern.ch\/fr\/parc-aux-ours\/\"},{\"@type\":\"ListItem\",\"position\":3,\"name\":\"Acc\u00e8s au Parc aux ours\"}]},{\"@type\":\"WebSite\",\"@id\":\"https:\/\/tierpark-bern.ch\/fr\/#website\",\"url\":\"https:\/\/tierpark-bern.ch\/fr\/\",\"name\":\"Tierpark Bern\",\"description\":\"\",\"publisher\":{\"@id\":\"https:\/\/tierpark-bern.ch\/fr\/#organization\"},\"potentialAction\":[{\"@type\":\"SearchAction\",\"target\":{\"@type\":\"EntryPoint\",\"urlTemplate\":\"https:\/\/tierpark-bern.ch\/fr\/?s={search_term_string}\"},\"query-input\":{\"@type\":\"PropertyValueSpecification\",\"valueRequired\":true,\"valueName\":\"search_term_string\"}}],\"inLanguage\":\"fr-FR\"},{\"@type\":\"Organization\",\"@id\":\"https:\/\/tierpark-bern.ch\/fr\/#organization\",\"name\":\"Tierpark Bern | D\u00e4hlh\u00f6lzli + B\u00e4renPark\",\"alternateName\":\"Tierpark Bern\",\"url\":\"https:\/\/tierpark-bern.ch\/fr\/\",\"logo\":{\"@type\":\"ImageObject\",\"inLanguage\":\"fr-FR\",\"@id\":\"https:\/\/tierpark-bern.ch\/fr\/#\/schema\/logo\/image\/\",\"url\":\"https:\/\/tierpark-bern.ch\/web\/app\/uploads\/2024\/04\/tierpark-bern-696x696-1.jpg\",\"contentUrl\":\"https:\/\/tierpark-bern.ch\/web\/app\/uploads\/2024\/04\/tierpark-bern-696x696-1.jpg\",\"width\":696,\"height\":696,\"caption\":\"Tierpark Bern | D\u00e4hlh\u00f6lzli + B\u00e4renPark\"},\"image\":{\"@id\":\"https:\/\/tierpark-bern.ch\/fr\/#\/schema\/logo\/image\/\"},\"sameAs\":[\"https:\/\/www.facebook.com\/tierparkbern\/\",\"https:\/\/x.com\/tierparkbern\",\"https:\/\/www.instagram.com\/tierparkbern\/\"]}]}<\/script>","yoast_head_json":{"title":"Acc\u00e8s au Parc aux ours | Tierpark Bern","description":"Depuis la gare centrale de Berne, prendre le bus n\u00b0 12 de BERNMOBIL, direction \u00abZentrum Paul Klee \/ Schosshalde\u00bb. L\u2019arr\u00eat de bus \u00abB\u00e4renpark\u00bb","robots":{"index":"index","follow":"follow","max-snippet":"max-snippet:-1","max-image-preview":"max-image-preview:large","max-video-preview":"max-video-preview:-1"},"canonical":"https:\/\/tierpark-bern.ch\/fr\/parc-aux-ours\/acces\/","og_locale":"fr_FR","og_type":"article","og_title":"Acc\u00e8s au Parc aux ours | Tierpark Bern","og_description":"Depuis la gare centrale de Berne, prendre le bus n\u00b0 12 de BERNMOBIL, direction \u00abZentrum Paul Klee \/ Schosshalde\u00bb. L\u2019arr\u00eat de bus \u00abB\u00e4renpark\u00bb","og_url":"https:\/\/tierpark-bern.ch\/fr\/parc-aux-ours\/acces\/","og_site_name":"Tierpark Bern","article_publisher":"https:\/\/www.facebook.com\/tierparkbern\/","article_modified_time":"2023-11-21T11:20:58+00:00","og_image":[{"width":1500,"height":998,"url":"https:\/\/tierpark-bern.ch\/web\/app\/uploads\/2020\/07\/finn-baerenpark-53-bern-schweiz.jpg","type":"image\/jpeg"}],"schema":{"@context":"https:\/\/schema.org","@graph":[{"@type":"WebPage","@id":"https:\/\/tierpark-bern.ch\/fr\/parc-aux-ours\/acces\/","url":"https:\/\/tierpark-bern.ch\/fr\/parc-aux-ours\/acces\/","name":"Acc\u00e8s au Parc aux ours | Tierpark Bern","isPartOf":{"@id":"https:\/\/tierpark-bern.ch\/fr\/#website"},"primaryImageOfPage":{"@id":"https:\/\/tierpark-bern.ch\/fr\/parc-aux-ours\/acces\/#primaryimage"},"image":{"@id":"https:\/\/tierpark-bern.ch\/fr\/parc-aux-ours\/acces\/#primaryimage"},"thumbnailUrl":"https:\/\/tierpark-bern.ch\/web\/app\/uploads\/2020\/07\/finn-baerenpark-53-bern-schweiz.jpg","datePublished":"2020-08-08T10:33:08+00:00","dateModified":"2023-11-21T11:20:58+00:00","description":"Depuis la gare centrale de Berne, prendre le bus n\u00b0 12 de BERNMOBIL, direction \u00abZentrum Paul Klee \/ Schosshalde\u00bb. L\u2019arr\u00eat de bus \u00abB\u00e4renpark\u00bb","breadcrumb":{"@id":"https:\/\/tierpark-bern.ch\/fr\/parc-aux-ours\/acces\/#breadcrumb"},"inLanguage":"fr-FR","potentialAction":[{"@type":"ReadAction","target":["https:\/\/tierpark-bern.ch\/fr\/parc-aux-ours\/acces\/"]}]},{"@type":"ImageObject","inLanguage":"fr-FR","@id":"https:\/\/tierpark-bern.ch\/fr\/parc-aux-ours\/acces\/#primaryimage","url":"https:\/\/tierpark-bern.ch\/web\/app\/uploads\/2020\/07\/finn-baerenpark-53-bern-schweiz.jpg","contentUrl":"https:\/\/tierpark-bern.ch\/web\/app\/uploads\/2020\/07\/finn-baerenpark-53-bern-schweiz.jpg","width":1500,"height":998,"caption":"Finn liebt das Wasser im B\u00e4renPark (September 2015)"},{"@type":"BreadcrumbList","@id":"https:\/\/tierpark-bern.ch\/fr\/parc-aux-ours\/acces\/#breadcrumb","itemListElement":[{"@type":"ListItem","position":1,"name":"Home","item":"https:\/\/tierpark-bern.ch\/fr\/home\/"},{"@type":"ListItem","position":2,"name":"Parc aux ours","item":"https:\/\/tierpark-bern.ch\/fr\/parc-aux-ours\/"},{"@type":"ListItem","position":3,"name":"Acc\u00e8s au Parc aux ours"}]},{"@type":"WebSite","@id":"https:\/\/tierpark-bern.ch\/fr\/#website","url":"https:\/\/tierpark-bern.ch\/fr\/","name":"Tierpark Bern","description":"","publisher":{"@id":"https:\/\/tierpark-bern.ch\/fr\/#organization"},"potentialAction":[{"@type":"SearchAction","target":{"@type":"EntryPoint","urlTemplate":"https:\/\/tierpark-bern.ch\/fr\/?s={search_term_string}"},"query-input":{"@type":"PropertyValueSpecification","valueRequired":true,"valueName":"search_term_string"}}],"inLanguage":"fr-FR"},{"@type":"Organization","@id":"https:\/\/tierpark-bern.ch\/fr\/#organization","name":"Tierpark Bern | D\u00e4hlh\u00f6lzli + B\u00e4renPark","alternateName":"Tierpark Bern","url":"https:\/\/tierpark-bern.ch\/fr\/","logo":{"@type":"ImageObject","inLanguage":"fr-FR","@id":"https:\/\/tierpark-bern.ch\/fr\/#\/schema\/logo\/image\/","url":"https:\/\/tierpark-bern.ch\/web\/app\/uploads\/2024\/04\/tierpark-bern-696x696-1.jpg","contentUrl":"https:\/\/tierpark-bern.ch\/web\/app\/uploads\/2024\/04\/tierpark-bern-696x696-1.jpg","width":696,"height":696,"caption":"Tierpark Bern | D\u00e4hlh\u00f6lzli + B\u00e4renPark"},"image":{"@id":"https:\/\/tierpark-bern.ch\/fr\/#\/schema\/logo\/image\/"},"sameAs":["https:\/\/www.facebook.com\/tierparkbern\/","https:\/\/x.com\/tierparkbern","https:\/\/www.instagram.com\/tierparkbern\/"]}]}},"_links":{"self":[{"href":"https:\/\/tierpark-bern.ch\/fr\/wp-json\/wp\/v2\/pages\/39080","targetHints":{"allow":["GET"]}}],"collection":[{"href":"https:\/\/tierpark-bern.ch\/fr\/wp-json\/wp\/v2\/pages"}],"about":[{"href":"https:\/\/tierpark-bern.ch\/fr\/wp-json\/wp\/v2\/types\/page"}],"author":[{"embeddable":true,"href":"https:\/\/tierpark-bern.ch\/fr\/wp-json\/wp\/v2\/users\/10"}],"replies":[{"embeddable":true,"href":"https:\/\/tierpark-bern.ch\/fr\/wp-json\/wp\/v2\/comments?post=39080"}],"version-history":[{"count":0,"href":"https:\/\/tierpark-bern.ch\/fr\/wp-json\/wp\/v2\/pages\/39080\/revisions"}],"up":[{"embeddable":true,"href":"https:\/\/tierpark-bern.ch\/fr\/wp-json\/wp\/v2\/pages\/46577"}],"wp:featuredmedia":[{"embeddable":true,"href":"https:\/\/tierpark-bern.ch\/fr\/wp-json\/wp\/v2\/media\/22315"}],"wp:attachment":[{"href":"https:\/\/tierpark-bern.ch\/fr\/wp-json\/wp\/v2\/media?parent=39080"}],"curies":[{"name":"wp","href":"https:\/\/api.w.org\/{rel}","templated":true}]}}