{"id":39117,"date":"2020-08-08T12:33:38","date_gmt":"2020-08-08T10:33:38","guid":{"rendered":"https:\/\/tierpark-bern.ch\/baerenpark\/sicherheitsvorschriften\/"},"modified":"2022-08-18T20:42:55","modified_gmt":"2022-08-18T18:42:55","slug":"consigne-de-securite","status":"publish","type":"page","link":"https:\/\/tierpark-bern.ch\/fr\/parc-aux-ours\/consigne-de-securite\/","title":{"rendered":"Consignes de s\u00e9curit\u00e9 du Parc aux ours"},"content":{"rendered":"<div class=\"wpb-content-wrapper\"><p>[vc_row][vc_column][vc_column_text]<\/p>\n<h1>Consignes de s\u00e9curit\u00e9 du Parc aux ours<\/h1>\n<p>Les visiteurs du Parc aux ours de Berne connaissent les pr\u00e9sentes consignes de s\u00e9curit\u00e9 ainsi que toutes les autres r\u00e8gles relatives \u00e0 la s\u00e9curit\u00e9 du Parc aux ours, en particulier la B\u00e4renPark-Verordnung du 19 d\u00e9cembre 2012. Les consignes de s\u00e9curit\u00e9 sont obligatoires pour tous les visiteurs.<\/p>\n<p id=\"p2\" class=\"text\">Le public pr\u00eatera une attention particuli\u00e8re aux points suivants:<\/p>\n<ol id=\"p3\" class=\"text\">\n<li>Les instructions du personnel doivent \u00eatre strictement respect\u00e9es. Pour le reste, les dispositions de la <em>B\u00e4renPark-Verordnung <\/em>du 19 d\u00e9cembre 2012 (\u00e9tat au 1<sup>er<\/sup> avril 2017) s\u2019appliquent.<\/li>\n<li>Le Parc aux ours est un parc animalier public situ\u00e9 en plein c\u0153ur de la ville de Berne. La visite du Parc aux ours se fait sous la responsabilit\u00e9 du visiteur.<\/li>\n<li>Il est strictement interdit de grimper par-dessus les barri\u00e8res de s\u00e9curit\u00e9.<\/li>\n<li>Les enfants ne peuvent se promener dans le Parc aux ours qu\u2019accompagn\u00e9s d\u2019un adulte. Ils doivent toujours \u00eatre surveill\u00e9s par l\u2019adulte qui les accompagne.<\/li>\n<li>Les enfants ne doivent pas \u00eatre assis sur les balustrades ni port\u00e9s sur les \u00e9paules.<\/li>\n<li>La baignade est strictement interdite dans la zone riveraine du Parc aux ours.<\/li>\n<li>L\u2019Aar est une rivi\u00e8re dangereuse. Il est express\u00e9ment rappel\u00e9 aux visiteurs que le courant est particuli\u00e8rement fort et redoutable dans la zone riveraine du Parc aux ours. Le niveau de l\u2019eau peut monter rapidement \u00e0 la suite d\u2019orages ou de fortes pluies dans l\u2019Oberland.<\/li>\n<li>Les berges du Parc aux ours peuvent \u00eatre rendues glissantes par l\u2019humidit\u00e9 ou le gel.<\/li>\n<li>Les visiteurs sont tenus d\u2019informer imm\u00e9diatement le personnel ou les autorit\u00e9s en cas d\u2019accident.<\/li>\n<\/ol>\n<p id=\"p4\" class=\"text\">Nous vous remercions de votre compr\u00e9hension et vous souhaitons une bonne visite!<\/p>\n<p id=\"p5\" class=\"text\">Parc aux ours, Berne, janvier 2016.<\/p>\n<p>[\/vc_column_text][\/vc_column][\/vc_row]<\/p>\n<\/div>","protected":false},"excerpt":{"rendered":"<p>Nous vous remercions de votre compr\u00e9hension et vous souhaitons une bonne visite!<\/p>\n","protected":false},"author":10,"featured_media":22152,"parent":46577,"menu_order":0,"comment_status":"closed","ping_status":"closed","template":"","meta":{"_acf_changed":false,"footnotes":""},"class_list":["post-39117","page","type-page","status-publish","has-post-thumbnail","hentry"],"acf":[],"yoast_head":"<title>Consignes de s\u00e9curit\u00e9 du Parc aux ours | Tierpark Bern<\/title>\n<meta name=\"description\" content=\"Nous vous remercions de votre compr\u00e9hension et vous souhaitons une bonne visite!\" \/>\n<meta name=\"robots\" content=\"index, follow, max-snippet:-1, max-image-preview:large, max-video-preview:-1\" \/>\n<link rel=\"canonical\" href=\"https:\/\/tierpark-bern.ch\/fr\/parc-aux-ours\/consigne-de-securite\/\" \/>\n<meta property=\"og:locale\" content=\"fr_FR\" \/>\n<meta property=\"og:type\" content=\"article\" \/>\n<meta property=\"og:title\" content=\"Consignes de s\u00e9curit\u00e9 du Parc aux ours | Tierpark Bern\" \/>\n<meta property=\"og:description\" content=\"Nous vous remercions de votre compr\u00e9hension et vous souhaitons une bonne visite!\" \/>\n<meta property=\"og:url\" content=\"https:\/\/tierpark-bern.ch\/fr\/parc-aux-ours\/consigne-de-securite\/\" \/>\n<meta property=\"og:site_name\" content=\"Tierpark Bern\" \/>\n<meta property=\"article:publisher\" content=\"https:\/\/www.facebook.com\/tierparkbern\/\" \/>\n<meta property=\"article:modified_time\" content=\"2022-08-18T18:42:55+00:00\" \/>\n<meta property=\"og:image\" content=\"https:\/\/tierpark-bern.ch\/web\/app\/uploads\/2020\/07\/baeren-park-22-bern-schweiz.jpg\" \/>\n\t<meta property=\"og:image:width\" content=\"1500\" \/>\n\t<meta property=\"og:image:height\" content=\"998\" \/>\n\t<meta property=\"og:image:type\" content=\"image\/jpeg\" \/>\n<script type=\"application\/ld+json\" class=\"yoast-schema-graph\">{\"@context\":\"https:\/\/schema.org\",\"@graph\":[{\"@type\":\"WebPage\",\"@id\":\"https:\/\/tierpark-bern.ch\/fr\/parc-aux-ours\/consigne-de-securite\/\",\"url\":\"https:\/\/tierpark-bern.ch\/fr\/parc-aux-ours\/consigne-de-securite\/\",\"name\":\"Consignes de s\u00e9curit\u00e9 du Parc aux ours | Tierpark Bern\",\"isPartOf\":{\"@id\":\"https:\/\/tierpark-bern.ch\/fr\/#website\"},\"primaryImageOfPage\":{\"@id\":\"https:\/\/tierpark-bern.ch\/fr\/parc-aux-ours\/consigne-de-securite\/#primaryimage\"},\"image\":{\"@id\":\"https:\/\/tierpark-bern.ch\/fr\/parc-aux-ours\/consigne-de-securite\/#primaryimage\"},\"thumbnailUrl\":\"https:\/\/tierpark-bern.ch\/web\/app\/uploads\/2020\/07\/baeren-park-22-bern-schweiz.jpg\",\"datePublished\":\"2020-08-08T10:33:38+00:00\",\"dateModified\":\"2022-08-18T18:42:55+00:00\",\"description\":\"Nous vous remercions de votre compr\u00e9hension et vous souhaitons une bonne visite!\",\"breadcrumb\":{\"@id\":\"https:\/\/tierpark-bern.ch\/fr\/parc-aux-ours\/consigne-de-securite\/#breadcrumb\"},\"inLanguage\":\"fr-FR\",\"potentialAction\":[{\"@type\":\"ReadAction\",\"target\":[\"https:\/\/tierpark-bern.ch\/fr\/parc-aux-ours\/consigne-de-securite\/\"]}]},{\"@type\":\"ImageObject\",\"inLanguage\":\"fr-FR\",\"@id\":\"https:\/\/tierpark-bern.ch\/fr\/parc-aux-ours\/consigne-de-securite\/#primaryimage\",\"url\":\"https:\/\/tierpark-bern.ch\/web\/app\/uploads\/2020\/07\/baeren-park-22-bern-schweiz.jpg\",\"contentUrl\":\"https:\/\/tierpark-bern.ch\/web\/app\/uploads\/2020\/07\/baeren-park-22-bern-schweiz.jpg\",\"width\":1500,\"height\":998,\"caption\":\"Braunb\u00e4r schaut in die Kamera\"},{\"@type\":\"BreadcrumbList\",\"@id\":\"https:\/\/tierpark-bern.ch\/fr\/parc-aux-ours\/consigne-de-securite\/#breadcrumb\",\"itemListElement\":[{\"@type\":\"ListItem\",\"position\":1,\"name\":\"Home\",\"item\":\"https:\/\/tierpark-bern.ch\/fr\/home\/\"},{\"@type\":\"ListItem\",\"position\":2,\"name\":\"Parc aux ours\",\"item\":\"https:\/\/tierpark-bern.ch\/fr\/parc-aux-ours\/\"},{\"@type\":\"ListItem\",\"position\":3,\"name\":\"Consignes de s\u00e9curit\u00e9 du Parc aux ours\"}]},{\"@type\":\"WebSite\",\"@id\":\"https:\/\/tierpark-bern.ch\/fr\/#website\",\"url\":\"https:\/\/tierpark-bern.ch\/fr\/\",\"name\":\"Tierpark Bern\",\"description\":\"\",\"publisher\":{\"@id\":\"https:\/\/tierpark-bern.ch\/fr\/#organization\"},\"potentialAction\":[{\"@type\":\"SearchAction\",\"target\":{\"@type\":\"EntryPoint\",\"urlTemplate\":\"https:\/\/tierpark-bern.ch\/fr\/?s={search_term_string}\"},\"query-input\":{\"@type\":\"PropertyValueSpecification\",\"valueRequired\":true,\"valueName\":\"search_term_string\"}}],\"inLanguage\":\"fr-FR\"},{\"@type\":\"Organization\",\"@id\":\"https:\/\/tierpark-bern.ch\/fr\/#organization\",\"name\":\"Tierpark Bern | D\u00e4hlh\u00f6lzli + B\u00e4renPark\",\"alternateName\":\"Tierpark Bern\",\"url\":\"https:\/\/tierpark-bern.ch\/fr\/\",\"logo\":{\"@type\":\"ImageObject\",\"inLanguage\":\"fr-FR\",\"@id\":\"https:\/\/tierpark-bern.ch\/fr\/#\/schema\/logo\/image\/\",\"url\":\"https:\/\/tierpark-bern.ch\/web\/app\/uploads\/2024\/04\/tierpark-bern-696x696-1.jpg\",\"contentUrl\":\"https:\/\/tierpark-bern.ch\/web\/app\/uploads\/2024\/04\/tierpark-bern-696x696-1.jpg\",\"width\":696,\"height\":696,\"caption\":\"Tierpark Bern | D\u00e4hlh\u00f6lzli + B\u00e4renPark\"},\"image\":{\"@id\":\"https:\/\/tierpark-bern.ch\/fr\/#\/schema\/logo\/image\/\"},\"sameAs\":[\"https:\/\/www.facebook.com\/tierparkbern\/\",\"https:\/\/x.com\/tierparkbern\",\"https:\/\/www.instagram.com\/tierparkbern\/\"]}]}<\/script>","yoast_head_json":{"title":"Consignes de s\u00e9curit\u00e9 du Parc aux ours | Tierpark Bern","description":"Nous vous remercions de votre compr\u00e9hension et vous souhaitons une bonne visite!","robots":{"index":"index","follow":"follow","max-snippet":"max-snippet:-1","max-image-preview":"max-image-preview:large","max-video-preview":"max-video-preview:-1"},"canonical":"https:\/\/tierpark-bern.ch\/fr\/parc-aux-ours\/consigne-de-securite\/","og_locale":"fr_FR","og_type":"article","og_title":"Consignes de s\u00e9curit\u00e9 du Parc aux ours | Tierpark Bern","og_description":"Nous vous remercions de votre compr\u00e9hension et vous souhaitons une bonne visite!","og_url":"https:\/\/tierpark-bern.ch\/fr\/parc-aux-ours\/consigne-de-securite\/","og_site_name":"Tierpark Bern","article_publisher":"https:\/\/www.facebook.com\/tierparkbern\/","article_modified_time":"2022-08-18T18:42:55+00:00","og_image":[{"width":1500,"height":998,"url":"https:\/\/tierpark-bern.ch\/web\/app\/uploads\/2020\/07\/baeren-park-22-bern-schweiz.jpg","type":"image\/jpeg"}],"schema":{"@context":"https:\/\/schema.org","@graph":[{"@type":"WebPage","@id":"https:\/\/tierpark-bern.ch\/fr\/parc-aux-ours\/consigne-de-securite\/","url":"https:\/\/tierpark-bern.ch\/fr\/parc-aux-ours\/consigne-de-securite\/","name":"Consignes de s\u00e9curit\u00e9 du Parc aux ours | Tierpark Bern","isPartOf":{"@id":"https:\/\/tierpark-bern.ch\/fr\/#website"},"primaryImageOfPage":{"@id":"https:\/\/tierpark-bern.ch\/fr\/parc-aux-ours\/consigne-de-securite\/#primaryimage"},"image":{"@id":"https:\/\/tierpark-bern.ch\/fr\/parc-aux-ours\/consigne-de-securite\/#primaryimage"},"thumbnailUrl":"https:\/\/tierpark-bern.ch\/web\/app\/uploads\/2020\/07\/baeren-park-22-bern-schweiz.jpg","datePublished":"2020-08-08T10:33:38+00:00","dateModified":"2022-08-18T18:42:55+00:00","description":"Nous vous remercions de votre compr\u00e9hension et vous souhaitons une bonne visite!","breadcrumb":{"@id":"https:\/\/tierpark-bern.ch\/fr\/parc-aux-ours\/consigne-de-securite\/#breadcrumb"},"inLanguage":"fr-FR","potentialAction":[{"@type":"ReadAction","target":["https:\/\/tierpark-bern.ch\/fr\/parc-aux-ours\/consigne-de-securite\/"]}]},{"@type":"ImageObject","inLanguage":"fr-FR","@id":"https:\/\/tierpark-bern.ch\/fr\/parc-aux-ours\/consigne-de-securite\/#primaryimage","url":"https:\/\/tierpark-bern.ch\/web\/app\/uploads\/2020\/07\/baeren-park-22-bern-schweiz.jpg","contentUrl":"https:\/\/tierpark-bern.ch\/web\/app\/uploads\/2020\/07\/baeren-park-22-bern-schweiz.jpg","width":1500,"height":998,"caption":"Braunb\u00e4r schaut in die Kamera"},{"@type":"BreadcrumbList","@id":"https:\/\/tierpark-bern.ch\/fr\/parc-aux-ours\/consigne-de-securite\/#breadcrumb","itemListElement":[{"@type":"ListItem","position":1,"name":"Home","item":"https:\/\/tierpark-bern.ch\/fr\/home\/"},{"@type":"ListItem","position":2,"name":"Parc aux ours","item":"https:\/\/tierpark-bern.ch\/fr\/parc-aux-ours\/"},{"@type":"ListItem","position":3,"name":"Consignes de s\u00e9curit\u00e9 du Parc aux ours"}]},{"@type":"WebSite","@id":"https:\/\/tierpark-bern.ch\/fr\/#website","url":"https:\/\/tierpark-bern.ch\/fr\/","name":"Tierpark Bern","description":"","publisher":{"@id":"https:\/\/tierpark-bern.ch\/fr\/#organization"},"potentialAction":[{"@type":"SearchAction","target":{"@type":"EntryPoint","urlTemplate":"https:\/\/tierpark-bern.ch\/fr\/?s={search_term_string}"},"query-input":{"@type":"PropertyValueSpecification","valueRequired":true,"valueName":"search_term_string"}}],"inLanguage":"fr-FR"},{"@type":"Organization","@id":"https:\/\/tierpark-bern.ch\/fr\/#organization","name":"Tierpark Bern | D\u00e4hlh\u00f6lzli + B\u00e4renPark","alternateName":"Tierpark Bern","url":"https:\/\/tierpark-bern.ch\/fr\/","logo":{"@type":"ImageObject","inLanguage":"fr-FR","@id":"https:\/\/tierpark-bern.ch\/fr\/#\/schema\/logo\/image\/","url":"https:\/\/tierpark-bern.ch\/web\/app\/uploads\/2024\/04\/tierpark-bern-696x696-1.jpg","contentUrl":"https:\/\/tierpark-bern.ch\/web\/app\/uploads\/2024\/04\/tierpark-bern-696x696-1.jpg","width":696,"height":696,"caption":"Tierpark Bern | D\u00e4hlh\u00f6lzli + B\u00e4renPark"},"image":{"@id":"https:\/\/tierpark-bern.ch\/fr\/#\/schema\/logo\/image\/"},"sameAs":["https:\/\/www.facebook.com\/tierparkbern\/","https:\/\/x.com\/tierparkbern","https:\/\/www.instagram.com\/tierparkbern\/"]}]}},"_links":{"self":[{"href":"https:\/\/tierpark-bern.ch\/fr\/wp-json\/wp\/v2\/pages\/39117","targetHints":{"allow":["GET"]}}],"collection":[{"href":"https:\/\/tierpark-bern.ch\/fr\/wp-json\/wp\/v2\/pages"}],"about":[{"href":"https:\/\/tierpark-bern.ch\/fr\/wp-json\/wp\/v2\/types\/page"}],"author":[{"embeddable":true,"href":"https:\/\/tierpark-bern.ch\/fr\/wp-json\/wp\/v2\/users\/10"}],"replies":[{"embeddable":true,"href":"https:\/\/tierpark-bern.ch\/fr\/wp-json\/wp\/v2\/comments?post=39117"}],"version-history":[{"count":0,"href":"https:\/\/tierpark-bern.ch\/fr\/wp-json\/wp\/v2\/pages\/39117\/revisions"}],"up":[{"embeddable":true,"href":"https:\/\/tierpark-bern.ch\/fr\/wp-json\/wp\/v2\/pages\/46577"}],"wp:featuredmedia":[{"embeddable":true,"href":"https:\/\/tierpark-bern.ch\/fr\/wp-json\/wp\/v2\/media\/22152"}],"wp:attachment":[{"href":"https:\/\/tierpark-bern.ch\/fr\/wp-json\/wp\/v2\/media?parent=39117"}],"curies":[{"name":"wp","href":"https:\/\/api.w.org\/{rel}","templated":true}]}}